{"id":19679,"date":"2025-07-25T15:17:25","date_gmt":"2025-07-25T13:17:25","guid":{"rendered":"https:\/\/kechbureau.ma\/?post_type=product&#038;p=19679"},"modified":"2025-07-25T17:25:56","modified_gmt":"2025-07-25T15:25:56","slug":"serrure-intelligente-wd20p","status":"publish","type":"product","link":"https:\/\/kechbureau.ma\/?product=serrure-intelligente-wd20p","title":{"rendered":"SERRURE INTELLIGENTE WD20P \u2013 RECONNAISSANCE FACIALE 3D, \u00c9CRAN TACTILE &#038; CONNECTION Wi-Fi"},"content":{"rendered":"<p data-start=\"194\" data-end=\"570\">La <strong data-start=\"197\" data-end=\"206\">WD20P<\/strong> est une <strong data-start=\"215\" data-end=\"253\">serrure intelligente haut de gamme<\/strong> con\u00e7ue pour offrir une s\u00e9curit\u00e9 avanc\u00e9e et une gestion d\u2019acc\u00e8s ultra-moderne. \u00c9quip\u00e9e de <strong data-start=\"343\" data-end=\"372\">reconnaissance faciale 3D<\/strong>, d\u2019un <strong data-start=\"379\" data-end=\"411\">lecteur d\u2019empreinte digitale<\/strong>, d\u2019un <strong data-start=\"418\" data-end=\"437\">clavier tactile<\/strong>, et d\u2019une <strong data-start=\"448\" data-end=\"477\">connectivit\u00e9 Wi\u2011Fi (Tuya)<\/strong>, elle vous permet de contr\u00f4ler vos acc\u00e8s \u00e0 distance ou localement avec pr\u00e9cision et confort.<\/p>\n<p data-start=\"572\" data-end=\"702\">Parfaite pour les villas, appartements, Airbnb ou bureaux, elle allie design \u00e9l\u00e9gant, performance biom\u00e9trique et grande autonomie.<\/p>\n<hr data-start=\"704\" data-end=\"707\" \/>\n<h3 data-start=\"709\" data-end=\"732\">\u2705 Modes d\u2019ouverture<\/h3>\n<ul data-start=\"734\" data-end=\"984\">\n<li data-start=\"734\" data-end=\"785\">\n<p data-start=\"736\" data-end=\"785\">\ud83d\udc41\ufe0f <strong data-start=\"740\" data-end=\"769\">Reconnaissance faciale 3D<\/strong> (selon version)<\/p>\n<\/li>\n<li data-start=\"786\" data-end=\"826\">\n<p data-start=\"788\" data-end=\"826\">\ud83d\udd11 <strong data-start=\"791\" data-end=\"826\">Empreinte digitale ultra rapide<\/strong><\/p>\n<\/li>\n<li data-start=\"827\" data-end=\"872\">\n<p data-start=\"829\" data-end=\"872\">\ud83d\udd22 <strong data-start=\"832\" data-end=\"872\">Code PIN s\u00e9curis\u00e9 + mode anti-espion<\/strong><\/p>\n<\/li>\n<li data-start=\"873\" data-end=\"892\">\n<p data-start=\"875\" data-end=\"892\">\ud83e\udeaa <strong data-start=\"878\" data-end=\"892\">Carte RFID<\/strong><\/p>\n<\/li>\n<li data-start=\"893\" data-end=\"927\">\n<p data-start=\"895\" data-end=\"927\">\ud83d\udcf1 <strong data-start=\"898\" data-end=\"927\">Application mobile (Tuya)<\/strong><\/p>\n<\/li>\n<li data-start=\"928\" data-end=\"950\">\n<p data-start=\"930\" data-end=\"950\">\ud83e\uddf0 <strong data-start=\"933\" data-end=\"950\">Cl\u00e9 m\u00e9canique<\/strong><\/p>\n<\/li>\n<li data-start=\"951\" data-end=\"984\">\n<p data-start=\"953\" data-end=\"984\">\u26a1 <strong data-start=\"955\" data-end=\"984\">Port USB de secours (5\u202fV)<\/strong><\/p>\n<\/li>\n<\/ul>\n<hr data-start=\"986\" data-end=\"989\" \/>\n<h3 data-start=\"991\" data-end=\"1025\">\u2699\ufe0f Caract\u00e9ristiques techniques<\/h3>\n<ul data-start=\"1027\" data-end=\"1430\">\n<li data-start=\"1027\" data-end=\"1064\">\n<p data-start=\"1029\" data-end=\"1064\"><strong data-start=\"1029\" data-end=\"1043\">Dimensions<\/strong> : 430 \u00d7 70 \u00d7 50 mm<\/p>\n<\/li>\n<li data-start=\"1065\" data-end=\"1119\">\n<p data-start=\"1067\" data-end=\"1119\"><strong data-start=\"1067\" data-end=\"1079\">Mat\u00e9riau<\/strong> : Alliage d\u2019aluminium &amp; finition inox<\/p>\n<\/li>\n<li data-start=\"1120\" data-end=\"1166\">\n<p data-start=\"1122\" data-end=\"1166\"><strong data-start=\"1122\" data-end=\"1135\">Connexion<\/strong> : Wi-Fi 2.4 GHz (Tuya Smart)<\/p>\n<\/li>\n<li data-start=\"1167\" data-end=\"1222\">\n<p data-start=\"1169\" data-end=\"1222\"><strong data-start=\"1169\" data-end=\"1185\">Alimentation<\/strong> : 4 piles AA (\u2248 10\u202f000 ouvertures)<\/p>\n<\/li>\n<li data-start=\"1223\" data-end=\"1277\">\n<p data-start=\"1225\" data-end=\"1277\"><strong data-start=\"1225\" data-end=\"1242\">\u00c9cran tactile<\/strong> : clavier num\u00e9rique r\u00e9tro\u00e9clair\u00e9<\/p>\n<\/li>\n<li data-start=\"1278\" data-end=\"1315\">\n<p data-start=\"1280\" data-end=\"1315\"><strong data-start=\"1280\" data-end=\"1295\">Temp\u00e9rature<\/strong> : -25 \u00b0C \u00e0 +60 \u00b0C<\/p>\n<\/li>\n<li data-start=\"1316\" data-end=\"1372\">\n<p data-start=\"1318\" data-end=\"1372\"><strong data-start=\"1318\" data-end=\"1338\">Voix synth\u00e9tique<\/strong> int\u00e9gr\u00e9e pour navigation vocale<\/p>\n<\/li>\n<li data-start=\"1373\" data-end=\"1430\">\n<p data-start=\"1375\" data-end=\"1430\"><strong data-start=\"1375\" data-end=\"1428\">Compatible avec portes de 40 \u00e0 100 mm d\u2019\u00e9paisseur<\/strong><\/p>\n<\/li>\n<\/ul>\n<hr data-start=\"1432\" data-end=\"1435\" \/>\n<h3 data-start=\"1437\" data-end=\"1463\">\ud83d\udce6 Contenu de la bo\u00eete<\/h3>\n<ul data-start=\"1465\" data-end=\"1590\">\n<li data-start=\"1465\" data-end=\"1485\">\n<p data-start=\"1467\" data-end=\"1485\">1x Serrure WD20P<\/p>\n<\/li>\n<li data-start=\"1486\" data-end=\"1508\">\n<p data-start=\"1488\" data-end=\"1508\">2x Cl\u00e9s m\u00e9caniques<\/p>\n<\/li>\n<li data-start=\"1509\" data-end=\"1527\">\n<p data-start=\"1511\" data-end=\"1527\">2x Cartes RFID<\/p>\n<\/li>\n<li data-start=\"1528\" data-end=\"1554\">\n<p data-start=\"1530\" data-end=\"1554\">Gabarit d\u2019installation<\/p>\n<\/li>\n<li data-start=\"1555\" data-end=\"1590\">\n<p data-start=\"1557\" data-end=\"1590\">Manuel utilisateur (FR \/ EN \/ AR)<\/p>\n<\/li>\n<\/ul>\n<hr data-start=\"1592\" data-end=\"1595\" \/>\n<h3 data-start=\"1597\" data-end=\"1628\">\ud83d\ude9a Livraison &amp; installation<\/h3>\n<p data-start=\"1630\" data-end=\"1758\">Livraison rapide dans tout le Maroc \ud83c\uddf2\ud83c\udde6<br data-start=\"1670\" data-end=\"1673\" \/>\u2705 Installation professionnelle incluse \u00e0 Marrakech, Rabat, Casablanca, Tanger, Agadir<\/p>\n<hr data-start=\"1760\" data-end=\"1763\" \/>\n<h3 data-start=\"1765\" data-end=\"1799\">\ud83d\udcac Pourquoi choisir la WD20P\u202f?<\/h3>\n<ul data-start=\"1801\" data-end=\"2040\">\n<li data-start=\"1801\" data-end=\"1848\">\n<p data-start=\"1803\" data-end=\"1848\">S\u00e9curit\u00e9 biom\u00e9trique de derni\u00e8re g\u00e9n\u00e9ration<\/p>\n<\/li>\n<li data-start=\"1849\" data-end=\"1897\">\n<p data-start=\"1851\" data-end=\"1897\">Design haut de gamme avec finitions soign\u00e9es<\/p>\n<\/li>\n<li data-start=\"1898\" data-end=\"1931\">\n<p data-start=\"1900\" data-end=\"1931\">Contr\u00f4le total via smartphone<\/p>\n<\/li>\n<li data-start=\"1932\" data-end=\"1982\">\n<p data-start=\"1934\" data-end=\"1982\">Journal des acc\u00e8s &amp; gestion multi-utilisateurs<\/p>\n<\/li>\n<li data-start=\"1983\" data-end=\"2040\">\n<p data-start=\"1985\" data-end=\"2040\">Id\u00e9al pour locations Airbnb, villas, r\u00e9sidences de luxe<\/p>\n<\/li>\n<\/ul>\n<h3 data-start=\"2302\" data-end=\"2328\">\ud83d\udcde\u00a0<strong data-start=\"2309\" data-end=\"2328\">Besoin d\u2019aide ?<\/strong><\/h3>\n<p data-start=\"2330\" data-end=\"2472\">Notre \u00e9quipe vous accompagne dans le choix et l\u2019installation de votre serrure.<br data-start=\"2408\" data-end=\"2411\" \/>\ud83d\udcf2 Appelez-nous au\u00a0<strong data-start=\"2430\" data-end=\"2450\">+212 664 445 998<\/strong>\u00a0ou passez en magasin.<\/p>\n","protected":false},"excerpt":{"rendered":"<p><strong data-start=\"123\" data-end=\"153\">Serrure Intelligente WD20P<\/strong><br data-start=\"153\" data-end=\"156\" \/>Acc\u00e9dez \u00e0 votre porte avec la <strong data-start=\"186\" data-end=\"215\">reconnaissance faciale 3D<\/strong>, <strong data-start=\"217\" data-end=\"239\">empreinte digitale<\/strong>, <strong data-start=\"241\" data-end=\"253\">code PIN<\/strong>, <strong data-start=\"255\" data-end=\"269\">carte RFID<\/strong>, <strong data-start=\"271\" data-end=\"306\">application mobile (Tuya Wi-Fi)<\/strong> ou <strong data-start=\"310\" data-end=\"327\">cl\u00e9 m\u00e9canique<\/strong>.<br data-start=\"328\" data-end=\"331\" \/>Design moderne, clavier tactile, s\u00e9curit\u00e9 renforc\u00e9e.<br data-start=\"383\" data-end=\"386\" \/>\ud83d\udca1 Id\u00e9ale pour maisons, appartements Airbnb, bureaux.<br data-start=\"439\" data-end=\"442\" \/>\ud83d\ude9a Livraison &amp; installation disponibles partout au Maroc.<\/p>\n","protected":false},"featured_media":19686,"comment_status":"open","ping_status":"closed","template":"","meta":{"kk_blocks_editor_width":"","_kiokenblocks_attr":"","_kiokenblocks_dimensions":""},"product_brand":[],"product_cat":[773,777],"product_tag":[],"class_list":{"0":"post-19679","1":"product","2":"type-product","3":"status-publish","4":"has-post-thumbnail","6":"product_cat-acces-presence","7":"product_cat-serrure-intelligente","9":"first","10":"instock","11":"sale","12":"taxable","13":"shipping-taxable","14":"purchasable","15":"product-type-simple"},"yoast_head":"<!-- This site is optimized with the Yoast SEO plugin v27.5 - https:\/\/yoast.com\/product\/yoast-seo-wordpress\/ -->\n<title>SERRURE INTELLIGENTE WD20P \u2013 RECONNAISSANCE FACIALE 3D, \u00c9CRAN TACTILE &amp; CONNECTION Wi-Fi - KECH BUREAU<\/title>\n<meta name=\"description\" content=\"Serrure intelligente WD20P avec reconnaissance faciale, empreinte digitale, code PIN, carte RFID et Wi-Fi (Tuya). Livraison et installation disponibles au Maroc.\" \/>\n<meta name=\"robots\" content=\"index, follow, max-snippet:-1, max-image-preview:large, max-video-preview:-1\" \/>\n<link rel=\"canonical\" href=\"https:\/\/kechbureau.ma\/?product=serrure-intelligente-wd20p\" \/>\n<meta property=\"og:locale\" content=\"fr_FR\" \/>\n<meta property=\"og:type\" content=\"article\" \/>\n<meta property=\"og:title\" content=\"SERRURE INTELLIGENTE WD20P \u2013 RECONNAISSANCE FACIALE 3D, \u00c9CRAN TACTILE &amp; CONNECTION Wi-Fi - KECH BUREAU\" \/>\n<meta property=\"og:description\" content=\"Serrure intelligente WD20P avec reconnaissance faciale, empreinte digitale, code PIN, carte RFID et Wi-Fi (Tuya). Livraison et installation disponibles au Maroc.\" \/>\n<meta property=\"og:url\" content=\"https:\/\/kechbureau.ma\/?product=serrure-intelligente-wd20p\" \/>\n<meta property=\"og:site_name\" content=\"KECH BUREAU\" \/>\n<meta property=\"article:modified_time\" content=\"2025-07-25T15:25:56+00:00\" \/>\n<meta property=\"og:image\" content=\"http:\/\/kechbureau.ma\/wp-content\/uploads\/2025\/07\/WhatsApp-Image-2025-07-25-at-15.26.06.jpeg\" \/>\n\t<meta property=\"og:image:width\" content=\"1000\" \/>\n\t<meta property=\"og:image:height\" content=\"1200\" \/>\n\t<meta property=\"og:image:type\" content=\"image\/jpeg\" \/>\n<meta name=\"twitter:card\" content=\"summary_large_image\" \/>\n<meta name=\"twitter:label1\" content=\"Dur\u00e9e de lecture estim\u00e9e\" \/>\n\t<meta name=\"twitter:data1\" content=\"2 minutes\" \/>\n<script type=\"application\/ld+json\" class=\"yoast-schema-graph\">{\"@context\":\"https:\\\/\\\/schema.org\",\"@graph\":[{\"@type\":\"WebPage\",\"@id\":\"https:\\\/\\\/kechbureau.ma\\\/?product=serrure-intelligente-wd20p\",\"url\":\"https:\\\/\\\/kechbureau.ma\\\/?product=serrure-intelligente-wd20p\",\"name\":\"SERRURE INTELLIGENTE WD20P \u2013 RECONNAISSANCE FACIALE 3D, \u00c9CRAN TACTILE & CONNECTION Wi-Fi - KECH BUREAU\",\"isPartOf\":{\"@id\":\"https:\\\/\\\/kechbureau.ma\\\/#website\"},\"primaryImageOfPage\":{\"@id\":\"https:\\\/\\\/kechbureau.ma\\\/?product=serrure-intelligente-wd20p#primaryimage\"},\"image\":{\"@id\":\"https:\\\/\\\/kechbureau.ma\\\/?product=serrure-intelligente-wd20p#primaryimage\"},\"thumbnailUrl\":\"https:\\\/\\\/kechbureau.ma\\\/wp-content\\\/uploads\\\/2025\\\/07\\\/WhatsApp-Image-2025-07-25-at-15.26.06.jpeg\",\"datePublished\":\"2025-07-25T13:17:25+00:00\",\"dateModified\":\"2025-07-25T15:25:56+00:00\",\"description\":\"Serrure intelligente WD20P avec reconnaissance faciale, empreinte digitale, code PIN, carte RFID et Wi-Fi (Tuya). Livraison et installation disponibles au Maroc.\",\"breadcrumb\":{\"@id\":\"https:\\\/\\\/kechbureau.ma\\\/?product=serrure-intelligente-wd20p#breadcrumb\"},\"inLanguage\":\"fr-FR\",\"potentialAction\":[{\"@type\":\"ReadAction\",\"target\":[\"https:\\\/\\\/kechbureau.ma\\\/?product=serrure-intelligente-wd20p\"]}]},{\"@type\":\"ImageObject\",\"inLanguage\":\"fr-FR\",\"@id\":\"https:\\\/\\\/kechbureau.ma\\\/?product=serrure-intelligente-wd20p#primaryimage\",\"url\":\"https:\\\/\\\/kechbureau.ma\\\/wp-content\\\/uploads\\\/2025\\\/07\\\/WhatsApp-Image-2025-07-25-at-15.26.06.jpeg\",\"contentUrl\":\"https:\\\/\\\/kechbureau.ma\\\/wp-content\\\/uploads\\\/2025\\\/07\\\/WhatsApp-Image-2025-07-25-at-15.26.06.jpeg\",\"width\":1000,\"height\":1200,\"caption\":\"Serrure intelligente WD20P avec reconnaissance faciale, empreinte digitale et clavier tactile \u2013 Smart lock Wi-Fi disponible au Maroc\"},{\"@type\":\"BreadcrumbList\",\"@id\":\"https:\\\/\\\/kechbureau.ma\\\/?product=serrure-intelligente-wd20p#breadcrumb\",\"itemListElement\":[{\"@type\":\"ListItem\",\"position\":1,\"name\":\"Accueil\",\"item\":\"https:\\\/\\\/kechbureau.ma\\\/\"},{\"@type\":\"ListItem\",\"position\":2,\"name\":\"Shop\",\"item\":\"https:\\\/\\\/kechbureau.ma\\\/?page_id=3853\"},{\"@type\":\"ListItem\",\"position\":3,\"name\":\"SERRURE INTELLIGENTE WD20P \u2013 RECONNAISSANCE FACIALE 3D, \u00c9CRAN TACTILE &#038; CONNECTION Wi-Fi\"}]},{\"@type\":\"WebSite\",\"@id\":\"https:\\\/\\\/kechbureau.ma\\\/#website\",\"url\":\"https:\\\/\\\/kechbureau.ma\\\/\",\"name\":\"KECH BUREAU\",\"description\":\"MARRAKECH BUREAU\",\"potentialAction\":[{\"@type\":\"SearchAction\",\"target\":{\"@type\":\"EntryPoint\",\"urlTemplate\":\"https:\\\/\\\/kechbureau.ma\\\/?s={search_term_string}\"},\"query-input\":{\"@type\":\"PropertyValueSpecification\",\"valueRequired\":true,\"valueName\":\"search_term_string\"}}],\"inLanguage\":\"fr-FR\"}]}<\/script>\n<!-- \/ Yoast SEO plugin. -->","yoast_head_json":{"title":"SERRURE INTELLIGENTE WD20P \u2013 RECONNAISSANCE FACIALE 3D, \u00c9CRAN TACTILE & CONNECTION Wi-Fi - KECH BUREAU","description":"Serrure intelligente WD20P avec reconnaissance faciale, empreinte digitale, code PIN, carte RFID et Wi-Fi (Tuya). Livraison et installation disponibles au Maroc.","robots":{"index":"index","follow":"follow","max-snippet":"max-snippet:-1","max-image-preview":"max-image-preview:large","max-video-preview":"max-video-preview:-1"},"canonical":"https:\/\/kechbureau.ma\/?product=serrure-intelligente-wd20p","og_locale":"fr_FR","og_type":"article","og_title":"SERRURE INTELLIGENTE WD20P \u2013 RECONNAISSANCE FACIALE 3D, \u00c9CRAN TACTILE & CONNECTION Wi-Fi - KECH BUREAU","og_description":"Serrure intelligente WD20P avec reconnaissance faciale, empreinte digitale, code PIN, carte RFID et Wi-Fi (Tuya). Livraison et installation disponibles au Maroc.","og_url":"https:\/\/kechbureau.ma\/?product=serrure-intelligente-wd20p","og_site_name":"KECH BUREAU","article_modified_time":"2025-07-25T15:25:56+00:00","og_image":[{"width":1000,"height":1200,"url":"http:\/\/kechbureau.ma\/wp-content\/uploads\/2025\/07\/WhatsApp-Image-2025-07-25-at-15.26.06.jpeg","type":"image\/jpeg"}],"twitter_card":"summary_large_image","twitter_misc":{"Dur\u00e9e de lecture estim\u00e9e":"2 minutes"},"schema":{"@context":"https:\/\/schema.org","@graph":[{"@type":"WebPage","@id":"https:\/\/kechbureau.ma\/?product=serrure-intelligente-wd20p","url":"https:\/\/kechbureau.ma\/?product=serrure-intelligente-wd20p","name":"SERRURE INTELLIGENTE WD20P \u2013 RECONNAISSANCE FACIALE 3D, \u00c9CRAN TACTILE & CONNECTION Wi-Fi - KECH BUREAU","isPartOf":{"@id":"https:\/\/kechbureau.ma\/#website"},"primaryImageOfPage":{"@id":"https:\/\/kechbureau.ma\/?product=serrure-intelligente-wd20p#primaryimage"},"image":{"@id":"https:\/\/kechbureau.ma\/?product=serrure-intelligente-wd20p#primaryimage"},"thumbnailUrl":"https:\/\/kechbureau.ma\/wp-content\/uploads\/2025\/07\/WhatsApp-Image-2025-07-25-at-15.26.06.jpeg","datePublished":"2025-07-25T13:17:25+00:00","dateModified":"2025-07-25T15:25:56+00:00","description":"Serrure intelligente WD20P avec reconnaissance faciale, empreinte digitale, code PIN, carte RFID et Wi-Fi (Tuya). Livraison et installation disponibles au Maroc.","breadcrumb":{"@id":"https:\/\/kechbureau.ma\/?product=serrure-intelligente-wd20p#breadcrumb"},"inLanguage":"fr-FR","potentialAction":[{"@type":"ReadAction","target":["https:\/\/kechbureau.ma\/?product=serrure-intelligente-wd20p"]}]},{"@type":"ImageObject","inLanguage":"fr-FR","@id":"https:\/\/kechbureau.ma\/?product=serrure-intelligente-wd20p#primaryimage","url":"https:\/\/kechbureau.ma\/wp-content\/uploads\/2025\/07\/WhatsApp-Image-2025-07-25-at-15.26.06.jpeg","contentUrl":"https:\/\/kechbureau.ma\/wp-content\/uploads\/2025\/07\/WhatsApp-Image-2025-07-25-at-15.26.06.jpeg","width":1000,"height":1200,"caption":"Serrure intelligente WD20P avec reconnaissance faciale, empreinte digitale et clavier tactile \u2013 Smart lock Wi-Fi disponible au Maroc"},{"@type":"BreadcrumbList","@id":"https:\/\/kechbureau.ma\/?product=serrure-intelligente-wd20p#breadcrumb","itemListElement":[{"@type":"ListItem","position":1,"name":"Accueil","item":"https:\/\/kechbureau.ma\/"},{"@type":"ListItem","position":2,"name":"Shop","item":"https:\/\/kechbureau.ma\/?page_id=3853"},{"@type":"ListItem","position":3,"name":"SERRURE INTELLIGENTE WD20P \u2013 RECONNAISSANCE FACIALE 3D, \u00c9CRAN TACTILE &#038; CONNECTION Wi-Fi"}]},{"@type":"WebSite","@id":"https:\/\/kechbureau.ma\/#website","url":"https:\/\/kechbureau.ma\/","name":"KECH BUREAU","description":"MARRAKECH BUREAU","potentialAction":[{"@type":"SearchAction","target":{"@type":"EntryPoint","urlTemplate":"https:\/\/kechbureau.ma\/?s={search_term_string}"},"query-input":{"@type":"PropertyValueSpecification","valueRequired":true,"valueName":"search_term_string"}}],"inLanguage":"fr-FR"}]}},"_links":{"self":[{"href":"https:\/\/kechbureau.ma\/index.php?rest_route=\/wp\/v2\/product\/19679","targetHints":{"allow":["GET"]}}],"collection":[{"href":"https:\/\/kechbureau.ma\/index.php?rest_route=\/wp\/v2\/product"}],"about":[{"href":"https:\/\/kechbureau.ma\/index.php?rest_route=\/wp\/v2\/types\/product"}],"replies":[{"embeddable":true,"href":"https:\/\/kechbureau.ma\/index.php?rest_route=%2Fwp%2Fv2%2Fcomments&post=19679"}],"wp:featuredmedia":[{"embeddable":true,"href":"https:\/\/kechbureau.ma\/index.php?rest_route=\/wp\/v2\/media\/19686"}],"wp:attachment":[{"href":"https:\/\/kechbureau.ma\/index.php?rest_route=%2Fwp%2Fv2%2Fmedia&parent=19679"}],"wp:term":[{"taxonomy":"product_brand","embeddable":true,"href":"https:\/\/kechbureau.ma\/index.php?rest_route=%2Fwp%2Fv2%2Fproduct_brand&post=19679"},{"taxonomy":"product_cat","embeddable":true,"href":"https:\/\/kechbureau.ma\/index.php?rest_route=%2Fwp%2Fv2%2Fproduct_cat&post=19679"},{"taxonomy":"product_tag","embeddable":true,"href":"https:\/\/kechbureau.ma\/index.php?rest_route=%2Fwp%2Fv2%2Fproduct_tag&post=19679"}],"curies":[{"name":"wp","href":"https:\/\/api.w.org\/{rel}","templated":true}]}}