{"id":14207,"date":"2024-03-18T16:25:44","date_gmt":"2024-03-18T15:25:44","guid":{"rendered":"https:\/\/kechbureau.ma\/?post_type=product&#038;p=14207"},"modified":"2025-07-24T18:24:15","modified_gmt":"2025-07-24T16:24:15","slug":"controle-dacces-zkteco-x8-btcartecodeemprient","status":"publish","type":"product","link":"https:\/\/kechbureau.ma\/?product=controle-dacces-zkteco-x8-btcartecodeemprient","title":{"rendered":"CONTROLE D&#8217;ACCES ZKTECO X8-BT(CARTE+CODE+EMPRIENT)"},"content":{"rendered":"<p style=\"font-weight: 400;\"><b><strong>X8-BT<\/strong><\/b>\u00a0est le lecteur biom\u00e9trique d&#8217;empreintes digitales le plus innovant pour les applications de\u00a0<b><strong>Contr\u00f4le d&#8217;acc\u00e8s<\/strong><\/b>. Il offre des performances in\u00e9gal\u00e9es en utilisant un algorithme avanc\u00e9 offrant une fiabilit\u00e9, une pr\u00e9cision et une vitesse excellentes. Il peut fonctionner en mode autonome avec l&#8217;interface pour la serrure \u00e9lectrique tierce, l&#8217;alarme, le capteur de porte, le bouton de sortie et la sonnette. Son clavier tactile est facile et pratique \u00e0 utiliser, offrant \u00e0 l&#8217;utilisateur une exp\u00e9rience d&#8217;utilisation confortable.<\/p>\n<p style=\"font-weight: 400;\">\n<p style=\"font-weight: 400;\"><b><strong>X8-BT<\/strong><\/b>\u00a0<b><strong>ZKTeco<\/strong><\/b>\u00a0prend en charge la communication Bluetooth, la gestion des applications pour t\u00e9l\u00e9phones mobiles, et r\u00e9alise le\u00a0<b><strong>contr\u00f4le d&#8217;acc\u00e8s<\/strong><\/b>, la r\u00e9gulation des informations utilisateur, la configuration des appareils.<\/p>\n<table style=\"font-weight: 400;\" width=\"574\">\n<tbody>\n<tr>\n<td width=\"199\">\n<p style=\"font-weight: 400;\">Capacit\u00e9 d&#8217;\u00a0empreinte digitale<\/p>\n<\/td>\n<td width=\"375\">\n<p style=\"font-weight: 400;\">500\u00a0mod\u00e8les<\/p>\n<\/td>\n<\/tr>\n<tr>\n<td width=\"199\">\n<p style=\"font-weight: 400;\">Capacit\u00e9 de la\u00a0carte<\/p>\n<\/td>\n<td width=\"375\">\n<p style=\"font-weight: 400;\">500<\/p>\n<\/td>\n<\/tr>\n<tr>\n<td width=\"199\">\n<p style=\"font-weight: 400;\">Capacit\u00e9 de\u00a0transaction<\/p>\n<\/td>\n<td width=\"375\">\n<p style=\"font-weight: 400;\">N \/ A<\/p>\n<\/td>\n<\/tr>\n<tr>\n<td width=\"199\">\n<p style=\"font-weight: 400;\">Capteur<\/p>\n<\/td>\n<td width=\"375\">\n<p style=\"font-weight: 400;\">Capteur\u00a0SilkID<\/p>\n<\/td>\n<\/tr>\n<tr>\n<td width=\"199\">\n<p style=\"font-weight: 400;\">Version de l&#8217;\u00a0algorithme<\/p>\n<\/td>\n<td width=\"375\">\n<p style=\"font-weight: 400;\">ZKFinger\u00a0VX10.0<\/p>\n<\/td>\n<\/tr>\n<tr>\n<td width=\"199\">\n<p style=\"font-weight: 400;\">la communication<\/p>\n<\/td>\n<td width=\"375\">\n<p style=\"font-weight: 400;\">Bluetooth<\/p>\n<\/td>\n<\/tr>\n<tr>\n<td width=\"199\">\n<p style=\"font-weight: 400;\">Interface de\u00a0contr\u00f4le d&#8217;\u00a0acc\u00e8s<\/p>\n<\/td>\n<td width=\"375\">\n<p style=\"font-weight: 400;\">3e\u00a0Party\u00a0\u00e9lectrique\u00a0Lock,\u00a0porte\u00a0capteur,\u00a0sortie\u00a0Bouton,\u00a0Alarme,\u00a0Sonnette<\/p>\n<\/td>\n<\/tr>\n<tr>\n<td width=\"199\">\n<p style=\"font-weight: 400;\">Fonction\u00a0standard<\/p>\n<\/td>\n<td width=\"375\">\n<p style=\"font-weight: 400;\">Fonction de\u00a0contr\u00f4le d&#8217;\u00a0acc\u00e8s\u00a0simple\u00a0,\u00a0carte d&#8217;\u00a0identit\u00e9<\/p>\n<\/td>\n<\/tr>\n<tr>\n<td width=\"199\">\n<p style=\"font-weight: 400;\">Fonction\u00a0optionnelle<\/p>\n<\/td>\n<td width=\"375\">\n<p style=\"font-weight: 400;\">Carte\u00a0Mifare<\/p>\n<\/td>\n<\/tr>\n<tr>\n<td width=\"199\">\n<p style=\"font-weight: 400;\">puissance d&#8217;\u00a0alimentation<\/p>\n<\/td>\n<td width=\"375\">\n<p style=\"font-weight: 400;\">12V\u00a0DC, 3A<\/p>\n<\/td>\n<\/tr>\n<tr>\n<td width=\"199\">\n<p style=\"font-weight: 400;\">Temp\u00e9rature de\u00a0fonctionnement<\/p>\n<\/td>\n<td width=\"375\">\n<p style=\"font-weight: 400;\">0\u00a0\u00b0 C \u00e0\u00a045\u00a0\u00b0 C<\/p>\n<\/td>\n<\/tr>\n<tr>\n<td width=\"199\">\n<p style=\"font-weight: 400;\">Humidit\u00e9 de\u00a0fonctionnement<\/p>\n<\/td>\n<td width=\"375\">\n<p style=\"font-weight: 400;\">20% \u00e0 80%<\/p>\n<\/td>\n<\/tr>\n<tr>\n<td width=\"199\">\n<p style=\"font-weight: 400;\">Dimensions\u00a0(LxWxH)<\/p>\n<\/td>\n<td width=\"375\">\n<p style=\"font-weight: 400;\">101,5 \u00d7 101,5 \u00d7 37mm<\/p>\n<\/td>\n<\/tr>\n<tr>\n<td width=\"199\">\n<p style=\"font-weight: 400;\">SDK<\/p>\n<\/td>\n<td width=\"375\">\n<p style=\"font-weight: 400;\">N \/ A<\/p>\n<\/td>\n<\/tr>\n<tr>\n<td width=\"199\">\n<p style=\"font-weight: 400;\">Logiciel<\/p>\n<\/td>\n<td width=\"375\">\n<p style=\"font-weight: 400;\">APP\u00a0ZKBioBT<\/p>\n<\/td>\n<\/tr>\n<\/tbody>\n<\/table>\n","protected":false},"excerpt":{"rendered":"<p>X8-BT\u00a0est le lecteur biom\u00e9trique d&#8217;empreintes digitales le plus innovant pour les applications de\u00a0Contr\u00f4le d&#8217;acc\u00e8s. Il offre des performances in\u00e9gal\u00e9es en utilisant un algorithme avanc\u00e9 offrant une fiabilit\u00e9, une pr\u00e9cision et<\/p>\n","protected":false},"featured_media":14209,"comment_status":"open","ping_status":"closed","template":"","meta":{"kk_blocks_editor_width":"","_kiokenblocks_attr":"","_kiokenblocks_dimensions":""},"product_brand":[],"product_cat":[774],"product_tag":[],"class_list":{"0":"post-14207","1":"product","2":"type-product","3":"status-publish","4":"has-post-thumbnail","6":"product_cat-controle-dacces","8":"first","9":"instock","10":"taxable","11":"shipping-taxable","12":"purchasable","13":"product-type-simple"},"yoast_head":"<!-- This site is optimized with the Yoast SEO plugin v27.6 - https:\/\/yoast.com\/product\/yoast-seo-wordpress\/ -->\n<title>CONTROLE D&#039;ACCES ZKTECO X8-BT(CARTE+CODE+EMPRIENT) - KECH BUREAU<\/title>\n<meta name=\"robots\" content=\"index, follow, max-snippet:-1, max-image-preview:large, max-video-preview:-1\" \/>\n<link rel=\"canonical\" href=\"https:\/\/kechbureau.ma\/?product=controle-dacces-zkteco-x8-btcartecodeemprient\" \/>\n<meta property=\"og:locale\" content=\"fr_FR\" \/>\n<meta property=\"og:type\" content=\"article\" \/>\n<meta property=\"og:title\" content=\"CONTROLE D&#039;ACCES ZKTECO X8-BT(CARTE+CODE+EMPRIENT) - KECH BUREAU\" \/>\n<meta property=\"og:description\" content=\"X8-BT\u00a0est le lecteur biom\u00e9trique d&#8217;empreintes digitales le plus innovant pour les applications de\u00a0Contr\u00f4le d&#8217;acc\u00e8s. Il offre des performances in\u00e9gal\u00e9es en utilisant un algorithme avanc\u00e9 offrant une fiabilit\u00e9, une pr\u00e9cision et\" \/>\n<meta property=\"og:url\" content=\"https:\/\/kechbureau.ma\/?product=controle-dacces-zkteco-x8-btcartecodeemprient\" \/>\n<meta property=\"og:site_name\" content=\"KECH BUREAU\" \/>\n<meta property=\"article:modified_time\" content=\"2025-07-24T16:24:15+00:00\" \/>\n<meta property=\"og:image\" content=\"http:\/\/kechbureau.ma\/wp-content\/uploads\/2024\/03\/x8-bt-zkteco.jpg\" \/>\n\t<meta property=\"og:image:width\" content=\"728\" \/>\n\t<meta property=\"og:image:height\" content=\"800\" \/>\n\t<meta property=\"og:image:type\" content=\"image\/jpeg\" \/>\n<meta name=\"twitter:card\" content=\"summary_large_image\" \/>\n<meta name=\"twitter:label1\" content=\"Dur\u00e9e de lecture estim\u00e9e\" \/>\n\t<meta name=\"twitter:data1\" content=\"1 minute\" \/>\n<script type=\"application\/ld+json\" class=\"yoast-schema-graph\">{\"@context\":\"https:\\\/\\\/schema.org\",\"@graph\":[{\"@type\":\"WebPage\",\"@id\":\"https:\\\/\\\/kechbureau.ma\\\/?product=controle-dacces-zkteco-x8-btcartecodeemprient\",\"url\":\"https:\\\/\\\/kechbureau.ma\\\/?product=controle-dacces-zkteco-x8-btcartecodeemprient\",\"name\":\"CONTROLE D'ACCES ZKTECO X8-BT(CARTE+CODE+EMPRIENT) - KECH BUREAU\",\"isPartOf\":{\"@id\":\"https:\\\/\\\/kechbureau.ma\\\/#website\"},\"primaryImageOfPage\":{\"@id\":\"https:\\\/\\\/kechbureau.ma\\\/?product=controle-dacces-zkteco-x8-btcartecodeemprient#primaryimage\"},\"image\":{\"@id\":\"https:\\\/\\\/kechbureau.ma\\\/?product=controle-dacces-zkteco-x8-btcartecodeemprient#primaryimage\"},\"thumbnailUrl\":\"https:\\\/\\\/kechbureau.ma\\\/wp-content\\\/uploads\\\/2024\\\/03\\\/x8-bt-zkteco.jpg\",\"datePublished\":\"2024-03-18T15:25:44+00:00\",\"dateModified\":\"2025-07-24T16:24:15+00:00\",\"breadcrumb\":{\"@id\":\"https:\\\/\\\/kechbureau.ma\\\/?product=controle-dacces-zkteco-x8-btcartecodeemprient#breadcrumb\"},\"inLanguage\":\"fr-FR\",\"potentialAction\":[{\"@type\":\"ReadAction\",\"target\":[\"https:\\\/\\\/kechbureau.ma\\\/?product=controle-dacces-zkteco-x8-btcartecodeemprient\"]}]},{\"@type\":\"ImageObject\",\"inLanguage\":\"fr-FR\",\"@id\":\"https:\\\/\\\/kechbureau.ma\\\/?product=controle-dacces-zkteco-x8-btcartecodeemprient#primaryimage\",\"url\":\"https:\\\/\\\/kechbureau.ma\\\/wp-content\\\/uploads\\\/2024\\\/03\\\/x8-bt-zkteco.jpg\",\"contentUrl\":\"https:\\\/\\\/kechbureau.ma\\\/wp-content\\\/uploads\\\/2024\\\/03\\\/x8-bt-zkteco.jpg\",\"width\":728,\"height\":800},{\"@type\":\"BreadcrumbList\",\"@id\":\"https:\\\/\\\/kechbureau.ma\\\/?product=controle-dacces-zkteco-x8-btcartecodeemprient#breadcrumb\",\"itemListElement\":[{\"@type\":\"ListItem\",\"position\":1,\"name\":\"Accueil\",\"item\":\"https:\\\/\\\/kechbureau.ma\\\/\"},{\"@type\":\"ListItem\",\"position\":2,\"name\":\"Shop\",\"item\":\"https:\\\/\\\/kechbureau.ma\\\/?page_id=3853\"},{\"@type\":\"ListItem\",\"position\":3,\"name\":\"CONTROLE D&#8217;ACCES ZKTECO X8-BT(CARTE+CODE+EMPRIENT)\"}]},{\"@type\":\"WebSite\",\"@id\":\"https:\\\/\\\/kechbureau.ma\\\/#website\",\"url\":\"https:\\\/\\\/kechbureau.ma\\\/\",\"name\":\"KECH BUREAU\",\"description\":\"MARRAKECH BUREAU\",\"potentialAction\":[{\"@type\":\"SearchAction\",\"target\":{\"@type\":\"EntryPoint\",\"urlTemplate\":\"https:\\\/\\\/kechbureau.ma\\\/?s={search_term_string}\"},\"query-input\":{\"@type\":\"PropertyValueSpecification\",\"valueRequired\":true,\"valueName\":\"search_term_string\"}}],\"inLanguage\":\"fr-FR\"}]}<\/script>\n<!-- \/ Yoast SEO plugin. -->","yoast_head_json":{"title":"CONTROLE D'ACCES ZKTECO X8-BT(CARTE+CODE+EMPRIENT) - KECH BUREAU","robots":{"index":"index","follow":"follow","max-snippet":"max-snippet:-1","max-image-preview":"max-image-preview:large","max-video-preview":"max-video-preview:-1"},"canonical":"https:\/\/kechbureau.ma\/?product=controle-dacces-zkteco-x8-btcartecodeemprient","og_locale":"fr_FR","og_type":"article","og_title":"CONTROLE D'ACCES ZKTECO X8-BT(CARTE+CODE+EMPRIENT) - KECH BUREAU","og_description":"X8-BT\u00a0est le lecteur biom\u00e9trique d&#8217;empreintes digitales le plus innovant pour les applications de\u00a0Contr\u00f4le d&#8217;acc\u00e8s. Il offre des performances in\u00e9gal\u00e9es en utilisant un algorithme avanc\u00e9 offrant une fiabilit\u00e9, une pr\u00e9cision et","og_url":"https:\/\/kechbureau.ma\/?product=controle-dacces-zkteco-x8-btcartecodeemprient","og_site_name":"KECH BUREAU","article_modified_time":"2025-07-24T16:24:15+00:00","og_image":[{"width":728,"height":800,"url":"http:\/\/kechbureau.ma\/wp-content\/uploads\/2024\/03\/x8-bt-zkteco.jpg","type":"image\/jpeg"}],"twitter_card":"summary_large_image","twitter_misc":{"Dur\u00e9e de lecture estim\u00e9e":"1 minute"},"schema":{"@context":"https:\/\/schema.org","@graph":[{"@type":"WebPage","@id":"https:\/\/kechbureau.ma\/?product=controle-dacces-zkteco-x8-btcartecodeemprient","url":"https:\/\/kechbureau.ma\/?product=controle-dacces-zkteco-x8-btcartecodeemprient","name":"CONTROLE D'ACCES ZKTECO X8-BT(CARTE+CODE+EMPRIENT) - KECH BUREAU","isPartOf":{"@id":"https:\/\/kechbureau.ma\/#website"},"primaryImageOfPage":{"@id":"https:\/\/kechbureau.ma\/?product=controle-dacces-zkteco-x8-btcartecodeemprient#primaryimage"},"image":{"@id":"https:\/\/kechbureau.ma\/?product=controle-dacces-zkteco-x8-btcartecodeemprient#primaryimage"},"thumbnailUrl":"https:\/\/kechbureau.ma\/wp-content\/uploads\/2024\/03\/x8-bt-zkteco.jpg","datePublished":"2024-03-18T15:25:44+00:00","dateModified":"2025-07-24T16:24:15+00:00","breadcrumb":{"@id":"https:\/\/kechbureau.ma\/?product=controle-dacces-zkteco-x8-btcartecodeemprient#breadcrumb"},"inLanguage":"fr-FR","potentialAction":[{"@type":"ReadAction","target":["https:\/\/kechbureau.ma\/?product=controle-dacces-zkteco-x8-btcartecodeemprient"]}]},{"@type":"ImageObject","inLanguage":"fr-FR","@id":"https:\/\/kechbureau.ma\/?product=controle-dacces-zkteco-x8-btcartecodeemprient#primaryimage","url":"https:\/\/kechbureau.ma\/wp-content\/uploads\/2024\/03\/x8-bt-zkteco.jpg","contentUrl":"https:\/\/kechbureau.ma\/wp-content\/uploads\/2024\/03\/x8-bt-zkteco.jpg","width":728,"height":800},{"@type":"BreadcrumbList","@id":"https:\/\/kechbureau.ma\/?product=controle-dacces-zkteco-x8-btcartecodeemprient#breadcrumb","itemListElement":[{"@type":"ListItem","position":1,"name":"Accueil","item":"https:\/\/kechbureau.ma\/"},{"@type":"ListItem","position":2,"name":"Shop","item":"https:\/\/kechbureau.ma\/?page_id=3853"},{"@type":"ListItem","position":3,"name":"CONTROLE D&#8217;ACCES ZKTECO X8-BT(CARTE+CODE+EMPRIENT)"}]},{"@type":"WebSite","@id":"https:\/\/kechbureau.ma\/#website","url":"https:\/\/kechbureau.ma\/","name":"KECH BUREAU","description":"MARRAKECH BUREAU","potentialAction":[{"@type":"SearchAction","target":{"@type":"EntryPoint","urlTemplate":"https:\/\/kechbureau.ma\/?s={search_term_string}"},"query-input":{"@type":"PropertyValueSpecification","valueRequired":true,"valueName":"search_term_string"}}],"inLanguage":"fr-FR"}]}},"_links":{"self":[{"href":"https:\/\/kechbureau.ma\/index.php?rest_route=\/wp\/v2\/product\/14207","targetHints":{"allow":["GET"]}}],"collection":[{"href":"https:\/\/kechbureau.ma\/index.php?rest_route=\/wp\/v2\/product"}],"about":[{"href":"https:\/\/kechbureau.ma\/index.php?rest_route=\/wp\/v2\/types\/product"}],"replies":[{"embeddable":true,"href":"https:\/\/kechbureau.ma\/index.php?rest_route=%2Fwp%2Fv2%2Fcomments&post=14207"}],"wp:featuredmedia":[{"embeddable":true,"href":"https:\/\/kechbureau.ma\/index.php?rest_route=\/wp\/v2\/media\/14209"}],"wp:attachment":[{"href":"https:\/\/kechbureau.ma\/index.php?rest_route=%2Fwp%2Fv2%2Fmedia&parent=14207"}],"wp:term":[{"taxonomy":"product_brand","embeddable":true,"href":"https:\/\/kechbureau.ma\/index.php?rest_route=%2Fwp%2Fv2%2Fproduct_brand&post=14207"},{"taxonomy":"product_cat","embeddable":true,"href":"https:\/\/kechbureau.ma\/index.php?rest_route=%2Fwp%2Fv2%2Fproduct_cat&post=14207"},{"taxonomy":"product_tag","embeddable":true,"href":"https:\/\/kechbureau.ma\/index.php?rest_route=%2Fwp%2Fv2%2Fproduct_tag&post=14207"}],"curies":[{"name":"wp","href":"https:\/\/api.w.org\/{rel}","templated":true}]}}