{"id":14194,"date":"2024-03-18T16:15:39","date_gmt":"2024-03-18T15:15:39","guid":{"rendered":"https:\/\/kechbureau.ma\/?post_type=product&#038;p=14194"},"modified":"2024-06-30T13:43:42","modified_gmt":"2024-06-30T11:43:42","slug":"mb20-zkteco","status":"publish","type":"product","link":"https:\/\/kechbureau.ma\/?product=mb20-zkteco","title":{"rendered":"MB20 &#8211; ZKTeco"},"content":{"rendered":"<p style=\"font-weight: 400;\"><b><strong>MB20<\/strong><\/b>\u00a0est un terminal d&#8217;assistance du\u00a0<b><strong>temps<\/strong><\/b>\u00a0et de\u00a0<b><strong>contr\u00f4le d&#8217;acc\u00e8s<\/strong><\/b>\u00a0\u00e0 associer aux fonctions de lecteur d&#8217;empreintes digitales ZK, de reconnaissance faciale et de carte RFID, et prend en charge la reconnaissance hybride multiple.<\/p>\n<p style=\"font-weight: 400;\">\n<p style=\"font-weight: 400;\">Communication TCP \/ IP pour divers environnements de r\u00e9seau<\/p>\n<p style=\"font-weight: 400;\">Utilisation USB pour la transmission de donn\u00e9es<\/p>\n<p style=\"font-weight: 400;\">Fonctions de contr\u00f4le d&#8217;acc\u00e8s standard<\/p>\n<p style=\"font-weight: 400;\"><b><strong>CARACT\u00c9RISTIQUES\u00a0MB20\u00a0ZKTECO :<\/strong><\/b><\/p>\n<p style=\"font-weight: 400;\">\n<p style=\"font-weight: 400;\"><b><strong>Mode de v\u00e9rification des empreintes digitales, du visage, de la RFID et du mot de passe 4<\/strong><\/b><\/p>\n<p style=\"font-weight: 400;\"><b><strong>\u00a0<\/strong><\/b><\/p>\n<p style=\"font-weight: 400;\">Identification \u00e0 grande vitesse inf\u00e9rieure \u00e0 1 seconde<\/p>\n<p style=\"font-weight: 400;\"><b><strong>Port TCP \/ IP<\/strong><\/b>\u00a0pour la connexion Internet<\/p>\n<p style=\"font-weight: 400;\"><b><strong>Port d&#8217;acc\u00e8s<\/strong><\/b>\u00a0disponible pour contr\u00f4ler un bouton de verrouillage et de sortie<\/p>\n<p style=\"font-weight: 400;\"><b><strong>UPS<\/strong><\/b>\u00a05V 1900mAH en option, veille jusqu&#8217;\u00e0 3 heures<\/p>\n<p style=\"font-weight: 400;\">\n<p style=\"font-weight: 400;\"><b><strong>Utilisateur maximum<\/strong><\/b>\u00a0(1: N): 1000<\/p>\n<p style=\"font-weight: 400;\"><b><strong>Empreinte digitale maximale<\/strong><\/b>\u00a0(1: N): 500<\/p>\n<p style=\"font-weight: 400;\"><b><strong>Visage maximum<\/strong><\/b>\u00a0(1: N): 200<\/p>\n<p style=\"font-weight: 400;\"><b><strong>Enregistrement max<\/strong><\/b>: 50000<\/p>\n<p style=\"font-weight: 400;\"><b><strong>Humidit\u00e9 de fonctionnement<\/strong><\/b>\u00a020% &#8211; 80%<\/p>\n","protected":false},"excerpt":{"rendered":"<p>MB20\u00a0est un terminal d&#8217;assistance du\u00a0temps\u00a0et de\u00a0contr\u00f4le d&#8217;acc\u00e8s\u00a0\u00e0 associer aux fonctions de lecteur d&#8217;empreintes digitales ZK, de reconnaissance faciale et de carte RFID, et prend en charge la reconnaissance hybride multiple.<\/p>\n","protected":false},"featured_media":14198,"comment_status":"open","ping_status":"closed","template":"","meta":{"kk_blocks_editor_width":"","_kiokenblocks_attr":"","_kiokenblocks_dimensions":""},"product_brand":[],"product_cat":[774,775],"product_tag":[],"class_list":{"0":"post-14194","1":"product","2":"type-product","3":"status-publish","4":"has-post-thumbnail","6":"product_cat-controle-dacces","7":"product_cat-gestion-de-temps","9":"first","10":"instock","11":"taxable","12":"shipping-taxable","13":"purchasable","14":"product-type-simple"},"yoast_head":"<!-- This site is optimized with the Yoast SEO plugin v27.5 - https:\/\/yoast.com\/product\/yoast-seo-wordpress\/ -->\n<title>MB20 - ZKTeco - KECH BUREAU<\/title>\n<meta name=\"robots\" content=\"index, follow, max-snippet:-1, max-image-preview:large, max-video-preview:-1\" \/>\n<link rel=\"canonical\" href=\"https:\/\/kechbureau.ma\/?product=mb20-zkteco\" \/>\n<meta property=\"og:locale\" content=\"fr_FR\" \/>\n<meta property=\"og:type\" content=\"article\" \/>\n<meta property=\"og:title\" content=\"MB20 - ZKTeco - KECH BUREAU\" \/>\n<meta property=\"og:description\" content=\"MB20\u00a0est un terminal d&#8217;assistance du\u00a0temps\u00a0et de\u00a0contr\u00f4le d&#8217;acc\u00e8s\u00a0\u00e0 associer aux fonctions de lecteur d&#8217;empreintes digitales ZK, de reconnaissance faciale et de carte RFID, et prend en charge la reconnaissance hybride multiple.\" \/>\n<meta property=\"og:url\" content=\"https:\/\/kechbureau.ma\/?product=mb20-zkteco\" \/>\n<meta property=\"og:site_name\" content=\"KECH BUREAU\" \/>\n<meta property=\"article:modified_time\" content=\"2024-06-30T11:43:42+00:00\" \/>\n<meta property=\"og:image\" content=\"http:\/\/kechbureau.ma\/wp-content\/uploads\/2024\/03\/mb20-zkteco-3.jpg\" \/>\n\t<meta property=\"og:image:width\" content=\"728\" \/>\n\t<meta property=\"og:image:height\" content=\"800\" \/>\n\t<meta property=\"og:image:type\" content=\"image\/jpeg\" \/>\n<meta name=\"twitter:card\" content=\"summary_large_image\" \/>\n<meta name=\"twitter:label1\" content=\"Dur\u00e9e de lecture estim\u00e9e\" \/>\n\t<meta name=\"twitter:data1\" content=\"1 minute\" \/>\n<script type=\"application\/ld+json\" class=\"yoast-schema-graph\">{\"@context\":\"https:\\\/\\\/schema.org\",\"@graph\":[{\"@type\":\"WebPage\",\"@id\":\"https:\\\/\\\/kechbureau.ma\\\/?product=mb20-zkteco\",\"url\":\"https:\\\/\\\/kechbureau.ma\\\/?product=mb20-zkteco\",\"name\":\"MB20 - ZKTeco - KECH BUREAU\",\"isPartOf\":{\"@id\":\"https:\\\/\\\/kechbureau.ma\\\/#website\"},\"primaryImageOfPage\":{\"@id\":\"https:\\\/\\\/kechbureau.ma\\\/?product=mb20-zkteco#primaryimage\"},\"image\":{\"@id\":\"https:\\\/\\\/kechbureau.ma\\\/?product=mb20-zkteco#primaryimage\"},\"thumbnailUrl\":\"https:\\\/\\\/kechbureau.ma\\\/wp-content\\\/uploads\\\/2024\\\/03\\\/mb20-zkteco-3.jpg\",\"datePublished\":\"2024-03-18T15:15:39+00:00\",\"dateModified\":\"2024-06-30T11:43:42+00:00\",\"breadcrumb\":{\"@id\":\"https:\\\/\\\/kechbureau.ma\\\/?product=mb20-zkteco#breadcrumb\"},\"inLanguage\":\"fr-FR\",\"potentialAction\":[{\"@type\":\"ReadAction\",\"target\":[\"https:\\\/\\\/kechbureau.ma\\\/?product=mb20-zkteco\"]}]},{\"@type\":\"ImageObject\",\"inLanguage\":\"fr-FR\",\"@id\":\"https:\\\/\\\/kechbureau.ma\\\/?product=mb20-zkteco#primaryimage\",\"url\":\"https:\\\/\\\/kechbureau.ma\\\/wp-content\\\/uploads\\\/2024\\\/03\\\/mb20-zkteco-3.jpg\",\"contentUrl\":\"https:\\\/\\\/kechbureau.ma\\\/wp-content\\\/uploads\\\/2024\\\/03\\\/mb20-zkteco-3.jpg\",\"width\":728,\"height\":800},{\"@type\":\"BreadcrumbList\",\"@id\":\"https:\\\/\\\/kechbureau.ma\\\/?product=mb20-zkteco#breadcrumb\",\"itemListElement\":[{\"@type\":\"ListItem\",\"position\":1,\"name\":\"Accueil\",\"item\":\"https:\\\/\\\/kechbureau.ma\\\/\"},{\"@type\":\"ListItem\",\"position\":2,\"name\":\"Shop\",\"item\":\"https:\\\/\\\/kechbureau.ma\\\/?page_id=3853\"},{\"@type\":\"ListItem\",\"position\":3,\"name\":\"MB20 &#8211; ZKTeco\"}]},{\"@type\":\"WebSite\",\"@id\":\"https:\\\/\\\/kechbureau.ma\\\/#website\",\"url\":\"https:\\\/\\\/kechbureau.ma\\\/\",\"name\":\"KECH BUREAU\",\"description\":\"MARRAKECH BUREAU\",\"potentialAction\":[{\"@type\":\"SearchAction\",\"target\":{\"@type\":\"EntryPoint\",\"urlTemplate\":\"https:\\\/\\\/kechbureau.ma\\\/?s={search_term_string}\"},\"query-input\":{\"@type\":\"PropertyValueSpecification\",\"valueRequired\":true,\"valueName\":\"search_term_string\"}}],\"inLanguage\":\"fr-FR\"}]}<\/script>\n<!-- \/ Yoast SEO plugin. -->","yoast_head_json":{"title":"MB20 - ZKTeco - KECH BUREAU","robots":{"index":"index","follow":"follow","max-snippet":"max-snippet:-1","max-image-preview":"max-image-preview:large","max-video-preview":"max-video-preview:-1"},"canonical":"https:\/\/kechbureau.ma\/?product=mb20-zkteco","og_locale":"fr_FR","og_type":"article","og_title":"MB20 - ZKTeco - KECH BUREAU","og_description":"MB20\u00a0est un terminal d&#8217;assistance du\u00a0temps\u00a0et de\u00a0contr\u00f4le d&#8217;acc\u00e8s\u00a0\u00e0 associer aux fonctions de lecteur d&#8217;empreintes digitales ZK, de reconnaissance faciale et de carte RFID, et prend en charge la reconnaissance hybride multiple.","og_url":"https:\/\/kechbureau.ma\/?product=mb20-zkteco","og_site_name":"KECH BUREAU","article_modified_time":"2024-06-30T11:43:42+00:00","og_image":[{"width":728,"height":800,"url":"http:\/\/kechbureau.ma\/wp-content\/uploads\/2024\/03\/mb20-zkteco-3.jpg","type":"image\/jpeg"}],"twitter_card":"summary_large_image","twitter_misc":{"Dur\u00e9e de lecture estim\u00e9e":"1 minute"},"schema":{"@context":"https:\/\/schema.org","@graph":[{"@type":"WebPage","@id":"https:\/\/kechbureau.ma\/?product=mb20-zkteco","url":"https:\/\/kechbureau.ma\/?product=mb20-zkteco","name":"MB20 - ZKTeco - KECH BUREAU","isPartOf":{"@id":"https:\/\/kechbureau.ma\/#website"},"primaryImageOfPage":{"@id":"https:\/\/kechbureau.ma\/?product=mb20-zkteco#primaryimage"},"image":{"@id":"https:\/\/kechbureau.ma\/?product=mb20-zkteco#primaryimage"},"thumbnailUrl":"https:\/\/kechbureau.ma\/wp-content\/uploads\/2024\/03\/mb20-zkteco-3.jpg","datePublished":"2024-03-18T15:15:39+00:00","dateModified":"2024-06-30T11:43:42+00:00","breadcrumb":{"@id":"https:\/\/kechbureau.ma\/?product=mb20-zkteco#breadcrumb"},"inLanguage":"fr-FR","potentialAction":[{"@type":"ReadAction","target":["https:\/\/kechbureau.ma\/?product=mb20-zkteco"]}]},{"@type":"ImageObject","inLanguage":"fr-FR","@id":"https:\/\/kechbureau.ma\/?product=mb20-zkteco#primaryimage","url":"https:\/\/kechbureau.ma\/wp-content\/uploads\/2024\/03\/mb20-zkteco-3.jpg","contentUrl":"https:\/\/kechbureau.ma\/wp-content\/uploads\/2024\/03\/mb20-zkteco-3.jpg","width":728,"height":800},{"@type":"BreadcrumbList","@id":"https:\/\/kechbureau.ma\/?product=mb20-zkteco#breadcrumb","itemListElement":[{"@type":"ListItem","position":1,"name":"Accueil","item":"https:\/\/kechbureau.ma\/"},{"@type":"ListItem","position":2,"name":"Shop","item":"https:\/\/kechbureau.ma\/?page_id=3853"},{"@type":"ListItem","position":3,"name":"MB20 &#8211; ZKTeco"}]},{"@type":"WebSite","@id":"https:\/\/kechbureau.ma\/#website","url":"https:\/\/kechbureau.ma\/","name":"KECH BUREAU","description":"MARRAKECH BUREAU","potentialAction":[{"@type":"SearchAction","target":{"@type":"EntryPoint","urlTemplate":"https:\/\/kechbureau.ma\/?s={search_term_string}"},"query-input":{"@type":"PropertyValueSpecification","valueRequired":true,"valueName":"search_term_string"}}],"inLanguage":"fr-FR"}]}},"_links":{"self":[{"href":"https:\/\/kechbureau.ma\/index.php?rest_route=\/wp\/v2\/product\/14194","targetHints":{"allow":["GET"]}}],"collection":[{"href":"https:\/\/kechbureau.ma\/index.php?rest_route=\/wp\/v2\/product"}],"about":[{"href":"https:\/\/kechbureau.ma\/index.php?rest_route=\/wp\/v2\/types\/product"}],"replies":[{"embeddable":true,"href":"https:\/\/kechbureau.ma\/index.php?rest_route=%2Fwp%2Fv2%2Fcomments&post=14194"}],"wp:featuredmedia":[{"embeddable":true,"href":"https:\/\/kechbureau.ma\/index.php?rest_route=\/wp\/v2\/media\/14198"}],"wp:attachment":[{"href":"https:\/\/kechbureau.ma\/index.php?rest_route=%2Fwp%2Fv2%2Fmedia&parent=14194"}],"wp:term":[{"taxonomy":"product_brand","embeddable":true,"href":"https:\/\/kechbureau.ma\/index.php?rest_route=%2Fwp%2Fv2%2Fproduct_brand&post=14194"},{"taxonomy":"product_cat","embeddable":true,"href":"https:\/\/kechbureau.ma\/index.php?rest_route=%2Fwp%2Fv2%2Fproduct_cat&post=14194"},{"taxonomy":"product_tag","embeddable":true,"href":"https:\/\/kechbureau.ma\/index.php?rest_route=%2Fwp%2Fv2%2Fproduct_tag&post=14194"}],"curies":[{"name":"wp","href":"https:\/\/api.w.org\/{rel}","templated":true}]}}