{"id":14190,"date":"2024-03-18T16:11:45","date_gmt":"2024-03-18T15:11:45","guid":{"rendered":"https:\/\/kechbureau.ma\/?post_type=product&#038;p=14190"},"modified":"2025-07-12T20:54:07","modified_gmt":"2025-07-12T18:54:07","slug":"ezviz-smartlock-avec-empreinte-l2s","status":"publish","type":"product","link":"https:\/\/kechbureau.ma\/?product=ezviz-smartlock-avec-empreinte-l2s","title":{"rendered":"EZVIZ SmartLock avec Empreinte L2S"},"content":{"rendered":"<h2><strong>Entr\u00e9e sans cl\u00e9 avec empreinte digitale et pav\u00e9 tactile.<\/strong><\/h2>\n<h2><strong>Il prend en charge quatre m\u00e9thodes de d\u00e9verrouillage ultra-s\u00e9curis\u00e9es ( Empreinte-Code-Carte-Cl\u00e9 )<\/strong><\/h2>\n<h2><strong>Alarme d&#8217;effraction et d&#8217;entr\u00e9e forc\u00e9e<\/strong><\/h2>\n<h2><strong>Alarme &#8211; Sonnette\u00a0<\/strong><\/h2>\n<h2><strong>Signal d&#8217;avertissement Batterie faible<\/strong><\/h2>\n<h2><strong>Poign\u00e9e de porte avec M\u00e9canisme d&#8217;embrayage<\/strong><\/h2>\n<h2><strong>Source de courant<\/strong><\/h2>\n<h2><strong>Version\u00a0 Wi-Fi<\/strong><\/h2>\n","protected":false},"excerpt":{"rendered":"<p>Entr\u00e9e sans cl\u00e9 avec empreinte digitale et pav\u00e9 tactile. Il prend en charge quatre m\u00e9thodes de d\u00e9verrouillage ultra-s\u00e9curis\u00e9es ( Empreinte-Code-Carte-Cl\u00e9 ) Alarme d&#8217;effraction et d&#8217;entr\u00e9e forc\u00e9e Alarme &#8211; Sonnette\u00a0 Signal<\/p>\n","protected":false},"featured_media":14191,"comment_status":"open","ping_status":"closed","template":"","meta":{"kk_blocks_editor_width":"","_kiokenblocks_attr":"","_kiokenblocks_dimensions":""},"product_brand":[],"product_cat":[777],"product_tag":[],"class_list":{"0":"post-14190","1":"product","2":"type-product","3":"status-publish","4":"has-post-thumbnail","6":"product_cat-serrure-intelligente","8":"first","9":"outofstock","10":"taxable","11":"shipping-taxable","12":"purchasable","13":"product-type-simple"},"yoast_head":"<!-- This site is optimized with the Yoast SEO plugin v27.5 - https:\/\/yoast.com\/product\/yoast-seo-wordpress\/ -->\n<title>EZVIZ SmartLock avec Empreinte L2S - KECH BUREAU<\/title>\n<meta name=\"robots\" content=\"index, follow, max-snippet:-1, max-image-preview:large, max-video-preview:-1\" \/>\n<link rel=\"canonical\" href=\"https:\/\/kechbureau.ma\/?product=ezviz-smartlock-avec-empreinte-l2s\" \/>\n<meta property=\"og:locale\" content=\"fr_FR\" \/>\n<meta property=\"og:type\" content=\"article\" \/>\n<meta property=\"og:title\" content=\"EZVIZ SmartLock avec Empreinte L2S - KECH BUREAU\" \/>\n<meta property=\"og:description\" content=\"Entr\u00e9e sans cl\u00e9 avec empreinte digitale et pav\u00e9 tactile. Il prend en charge quatre m\u00e9thodes de d\u00e9verrouillage ultra-s\u00e9curis\u00e9es ( Empreinte-Code-Carte-Cl\u00e9 ) Alarme d&#8217;effraction et d&#8217;entr\u00e9e forc\u00e9e Alarme &#8211; Sonnette\u00a0 Signal\" \/>\n<meta property=\"og:url\" content=\"https:\/\/kechbureau.ma\/?product=ezviz-smartlock-avec-empreinte-l2s\" \/>\n<meta property=\"og:site_name\" content=\"KECH BUREAU\" \/>\n<meta property=\"article:modified_time\" content=\"2025-07-12T18:54:07+00:00\" \/>\n<meta property=\"og:image\" content=\"http:\/\/kechbureau.ma\/wp-content\/uploads\/2024\/03\/ezviz-smartlock-avec-empreinte-l2.jpg\" \/>\n\t<meta property=\"og:image:width\" content=\"600\" \/>\n\t<meta property=\"og:image:height\" content=\"600\" \/>\n\t<meta property=\"og:image:type\" content=\"image\/jpeg\" \/>\n<meta name=\"twitter:card\" content=\"summary_large_image\" \/>\n<script type=\"application\/ld+json\" class=\"yoast-schema-graph\">{\"@context\":\"https:\\\/\\\/schema.org\",\"@graph\":[{\"@type\":\"WebPage\",\"@id\":\"https:\\\/\\\/kechbureau.ma\\\/?product=ezviz-smartlock-avec-empreinte-l2s\",\"url\":\"https:\\\/\\\/kechbureau.ma\\\/?product=ezviz-smartlock-avec-empreinte-l2s\",\"name\":\"EZVIZ SmartLock avec Empreinte L2S - KECH BUREAU\",\"isPartOf\":{\"@id\":\"https:\\\/\\\/kechbureau.ma\\\/#website\"},\"primaryImageOfPage\":{\"@id\":\"https:\\\/\\\/kechbureau.ma\\\/?product=ezviz-smartlock-avec-empreinte-l2s#primaryimage\"},\"image\":{\"@id\":\"https:\\\/\\\/kechbureau.ma\\\/?product=ezviz-smartlock-avec-empreinte-l2s#primaryimage\"},\"thumbnailUrl\":\"https:\\\/\\\/kechbureau.ma\\\/wp-content\\\/uploads\\\/2024\\\/03\\\/ezviz-smartlock-avec-empreinte-l2.jpg\",\"datePublished\":\"2024-03-18T15:11:45+00:00\",\"dateModified\":\"2025-07-12T18:54:07+00:00\",\"breadcrumb\":{\"@id\":\"https:\\\/\\\/kechbureau.ma\\\/?product=ezviz-smartlock-avec-empreinte-l2s#breadcrumb\"},\"inLanguage\":\"fr-FR\",\"potentialAction\":[{\"@type\":\"ReadAction\",\"target\":[\"https:\\\/\\\/kechbureau.ma\\\/?product=ezviz-smartlock-avec-empreinte-l2s\"]}]},{\"@type\":\"ImageObject\",\"inLanguage\":\"fr-FR\",\"@id\":\"https:\\\/\\\/kechbureau.ma\\\/?product=ezviz-smartlock-avec-empreinte-l2s#primaryimage\",\"url\":\"https:\\\/\\\/kechbureau.ma\\\/wp-content\\\/uploads\\\/2024\\\/03\\\/ezviz-smartlock-avec-empreinte-l2.jpg\",\"contentUrl\":\"https:\\\/\\\/kechbureau.ma\\\/wp-content\\\/uploads\\\/2024\\\/03\\\/ezviz-smartlock-avec-empreinte-l2.jpg\",\"width\":600,\"height\":600},{\"@type\":\"BreadcrumbList\",\"@id\":\"https:\\\/\\\/kechbureau.ma\\\/?product=ezviz-smartlock-avec-empreinte-l2s#breadcrumb\",\"itemListElement\":[{\"@type\":\"ListItem\",\"position\":1,\"name\":\"Accueil\",\"item\":\"https:\\\/\\\/kechbureau.ma\\\/\"},{\"@type\":\"ListItem\",\"position\":2,\"name\":\"Shop\",\"item\":\"https:\\\/\\\/kechbureau.ma\\\/?page_id=3853\"},{\"@type\":\"ListItem\",\"position\":3,\"name\":\"EZVIZ SmartLock avec Empreinte L2S\"}]},{\"@type\":\"WebSite\",\"@id\":\"https:\\\/\\\/kechbureau.ma\\\/#website\",\"url\":\"https:\\\/\\\/kechbureau.ma\\\/\",\"name\":\"KECH BUREAU\",\"description\":\"MARRAKECH BUREAU\",\"potentialAction\":[{\"@type\":\"SearchAction\",\"target\":{\"@type\":\"EntryPoint\",\"urlTemplate\":\"https:\\\/\\\/kechbureau.ma\\\/?s={search_term_string}\"},\"query-input\":{\"@type\":\"PropertyValueSpecification\",\"valueRequired\":true,\"valueName\":\"search_term_string\"}}],\"inLanguage\":\"fr-FR\"}]}<\/script>\n<!-- \/ Yoast SEO plugin. -->","yoast_head_json":{"title":"EZVIZ SmartLock avec Empreinte L2S - KECH BUREAU","robots":{"index":"index","follow":"follow","max-snippet":"max-snippet:-1","max-image-preview":"max-image-preview:large","max-video-preview":"max-video-preview:-1"},"canonical":"https:\/\/kechbureau.ma\/?product=ezviz-smartlock-avec-empreinte-l2s","og_locale":"fr_FR","og_type":"article","og_title":"EZVIZ SmartLock avec Empreinte L2S - KECH BUREAU","og_description":"Entr\u00e9e sans cl\u00e9 avec empreinte digitale et pav\u00e9 tactile. Il prend en charge quatre m\u00e9thodes de d\u00e9verrouillage ultra-s\u00e9curis\u00e9es ( Empreinte-Code-Carte-Cl\u00e9 ) Alarme d&#8217;effraction et d&#8217;entr\u00e9e forc\u00e9e Alarme &#8211; Sonnette\u00a0 Signal","og_url":"https:\/\/kechbureau.ma\/?product=ezviz-smartlock-avec-empreinte-l2s","og_site_name":"KECH BUREAU","article_modified_time":"2025-07-12T18:54:07+00:00","og_image":[{"width":600,"height":600,"url":"http:\/\/kechbureau.ma\/wp-content\/uploads\/2024\/03\/ezviz-smartlock-avec-empreinte-l2.jpg","type":"image\/jpeg"}],"twitter_card":"summary_large_image","schema":{"@context":"https:\/\/schema.org","@graph":[{"@type":"WebPage","@id":"https:\/\/kechbureau.ma\/?product=ezviz-smartlock-avec-empreinte-l2s","url":"https:\/\/kechbureau.ma\/?product=ezviz-smartlock-avec-empreinte-l2s","name":"EZVIZ SmartLock avec Empreinte L2S - KECH BUREAU","isPartOf":{"@id":"https:\/\/kechbureau.ma\/#website"},"primaryImageOfPage":{"@id":"https:\/\/kechbureau.ma\/?product=ezviz-smartlock-avec-empreinte-l2s#primaryimage"},"image":{"@id":"https:\/\/kechbureau.ma\/?product=ezviz-smartlock-avec-empreinte-l2s#primaryimage"},"thumbnailUrl":"https:\/\/kechbureau.ma\/wp-content\/uploads\/2024\/03\/ezviz-smartlock-avec-empreinte-l2.jpg","datePublished":"2024-03-18T15:11:45+00:00","dateModified":"2025-07-12T18:54:07+00:00","breadcrumb":{"@id":"https:\/\/kechbureau.ma\/?product=ezviz-smartlock-avec-empreinte-l2s#breadcrumb"},"inLanguage":"fr-FR","potentialAction":[{"@type":"ReadAction","target":["https:\/\/kechbureau.ma\/?product=ezviz-smartlock-avec-empreinte-l2s"]}]},{"@type":"ImageObject","inLanguage":"fr-FR","@id":"https:\/\/kechbureau.ma\/?product=ezviz-smartlock-avec-empreinte-l2s#primaryimage","url":"https:\/\/kechbureau.ma\/wp-content\/uploads\/2024\/03\/ezviz-smartlock-avec-empreinte-l2.jpg","contentUrl":"https:\/\/kechbureau.ma\/wp-content\/uploads\/2024\/03\/ezviz-smartlock-avec-empreinte-l2.jpg","width":600,"height":600},{"@type":"BreadcrumbList","@id":"https:\/\/kechbureau.ma\/?product=ezviz-smartlock-avec-empreinte-l2s#breadcrumb","itemListElement":[{"@type":"ListItem","position":1,"name":"Accueil","item":"https:\/\/kechbureau.ma\/"},{"@type":"ListItem","position":2,"name":"Shop","item":"https:\/\/kechbureau.ma\/?page_id=3853"},{"@type":"ListItem","position":3,"name":"EZVIZ SmartLock avec Empreinte L2S"}]},{"@type":"WebSite","@id":"https:\/\/kechbureau.ma\/#website","url":"https:\/\/kechbureau.ma\/","name":"KECH BUREAU","description":"MARRAKECH BUREAU","potentialAction":[{"@type":"SearchAction","target":{"@type":"EntryPoint","urlTemplate":"https:\/\/kechbureau.ma\/?s={search_term_string}"},"query-input":{"@type":"PropertyValueSpecification","valueRequired":true,"valueName":"search_term_string"}}],"inLanguage":"fr-FR"}]}},"_links":{"self":[{"href":"https:\/\/kechbureau.ma\/index.php?rest_route=\/wp\/v2\/product\/14190","targetHints":{"allow":["GET"]}}],"collection":[{"href":"https:\/\/kechbureau.ma\/index.php?rest_route=\/wp\/v2\/product"}],"about":[{"href":"https:\/\/kechbureau.ma\/index.php?rest_route=\/wp\/v2\/types\/product"}],"replies":[{"embeddable":true,"href":"https:\/\/kechbureau.ma\/index.php?rest_route=%2Fwp%2Fv2%2Fcomments&post=14190"}],"wp:featuredmedia":[{"embeddable":true,"href":"https:\/\/kechbureau.ma\/index.php?rest_route=\/wp\/v2\/media\/14191"}],"wp:attachment":[{"href":"https:\/\/kechbureau.ma\/index.php?rest_route=%2Fwp%2Fv2%2Fmedia&parent=14190"}],"wp:term":[{"taxonomy":"product_brand","embeddable":true,"href":"https:\/\/kechbureau.ma\/index.php?rest_route=%2Fwp%2Fv2%2Fproduct_brand&post=14190"},{"taxonomy":"product_cat","embeddable":true,"href":"https:\/\/kechbureau.ma\/index.php?rest_route=%2Fwp%2Fv2%2Fproduct_cat&post=14190"},{"taxonomy":"product_tag","embeddable":true,"href":"https:\/\/kechbureau.ma\/index.php?rest_route=%2Fwp%2Fv2%2Fproduct_tag&post=14190"}],"curies":[{"name":"wp","href":"https:\/\/api.w.org\/{rel}","templated":true}]}}