{"id":14104,"date":"2023-12-14T09:55:10","date_gmt":"2023-12-14T08:55:10","guid":{"rendered":"https:\/\/kechbureau.ma\/?post_type=product&#038;p=14104"},"modified":"2023-12-14T09:55:10","modified_gmt":"2023-12-14T08:55:10","slug":"msi-b450m-a-pro-max","status":"publish","type":"product","link":"https:\/\/kechbureau.ma\/?product=msi-b450m-a-pro-max","title":{"rendered":"MSI B450M-A PRO MAX"},"content":{"rendered":"<p>La carte m\u00e8re\u00a0MSI B450M-A PRO MAX\u00a0qui embarque un chipset\u00a0AMD B450\u00a0est con\u00e7ue pour accueillir les processeurs\u00a0AMD Ryzen 1000\/2000\/3000 et Athlon GE\u00a0sur socket AMD AM4. Elle permettra l&#8217;assemblage d&#8217;une configuration multim\u00e9dia, gaming ou bureautique \u00e0 co\u00fbt raisonnable. Elle int\u00e8gre des composants de qualti\u00e9 et dispose des derni\u00e8res innovations AMD en mati\u00e8re de puces.\u00a0Elle b\u00e9n\u00e9ficie en outre de la qualit\u00e9 de fabrication\u00a0MSI\u00a0ainsi que des derni\u00e8res innovations technologiques de la marque en mati\u00e8re de logiciels et d&#8217;utilitaires.\u00a0Gr\u00e2ce au support des\u00a0cartes graphiques PCI-Express 3.0 16x, des\u00a0disques SATA et M.2\u00a0et\u00a0de la\u00a0m\u00e9moire vive DDR4,\u00a0cette carte m\u00e8re sera id\u00e9ale pour les utilisateurs en qu\u00eate d&#8217;une machine bureautique \/ multim\u00e9dia performante et peu on\u00e9reuse<\/p>\n<p><strong>Socket\u00a0: <\/strong>AMD AM4<\/p>\n<p><strong>Chipset\u00a0: <\/strong>AMD B450<\/p>\n<p><strong>Nombre de slots RAM\u00a0: <\/strong>2<\/p>\n<p><strong>Format\u00a0: <\/strong>Micro ATX<\/p>\n<p><strong>Type de m\u00e9moire\u00a0: <\/strong>DDR4<\/p>\n<p><strong>Garantie\u00a0: <\/strong>12 Mois<\/p>\n","protected":false},"excerpt":{"rendered":"<p>Carte m\u00e8re micro-ATX Socket AM4 AMD B450 &#8211; 2x DDR4 &#8211; SATA 6Gb\/s + M.2 &#8211; USB 3.0 &#8211; 1x PCI-Express 3.0 16x<\/p>\n","protected":false},"featured_media":14105,"comment_status":"open","ping_status":"closed","template":"","meta":{"kk_blocks_editor_width":"","_kiokenblocks_attr":"","_kiokenblocks_dimensions":""},"product_brand":[],"product_cat":[747],"product_tag":[],"class_list":{"0":"post-14104","1":"product","2":"type-product","3":"status-publish","4":"has-post-thumbnail","6":"product_cat-cartes-meres","8":"first","9":"instock","10":"taxable","11":"shipping-taxable","12":"purchasable","13":"product-type-simple"},"yoast_head":"<!-- This site is optimized with the Yoast SEO plugin v27.4 - https:\/\/yoast.com\/product\/yoast-seo-wordpress\/ -->\n<title>MSI B450M-A PRO MAX - KECH BUREAU<\/title>\n<meta name=\"robots\" content=\"index, follow, max-snippet:-1, max-image-preview:large, max-video-preview:-1\" \/>\n<link rel=\"canonical\" href=\"https:\/\/kechbureau.ma\/?product=msi-b450m-a-pro-max\" \/>\n<meta property=\"og:locale\" content=\"fr_FR\" \/>\n<meta property=\"og:type\" content=\"article\" \/>\n<meta property=\"og:title\" content=\"MSI B450M-A PRO MAX - KECH BUREAU\" \/>\n<meta property=\"og:description\" content=\"Carte m\u00e8re micro-ATX Socket AM4 AMD B450 - 2x DDR4 - SATA 6Gb\/s + M.2 - USB 3.0 - 1x PCI-Express 3.0 16x\" \/>\n<meta property=\"og:url\" content=\"https:\/\/kechbureau.ma\/?product=msi-b450m-a-pro-max\" \/>\n<meta property=\"og:site_name\" content=\"KECH BUREAU\" \/>\n<meta property=\"og:image\" content=\"http:\/\/kechbureau.ma\/wp-content\/uploads\/2023\/12\/msi-b450m-a-pro-max-cartes-meres.jpg\" \/>\n\t<meta property=\"og:image:width\" content=\"600\" \/>\n\t<meta property=\"og:image:height\" content=\"600\" \/>\n\t<meta property=\"og:image:type\" content=\"image\/jpeg\" \/>\n<meta name=\"twitter:card\" content=\"summary_large_image\" \/>\n<meta name=\"twitter:label1\" content=\"Dur\u00e9e de lecture estim\u00e9e\" \/>\n\t<meta name=\"twitter:data1\" content=\"1 minute\" \/>\n<script type=\"application\/ld+json\" class=\"yoast-schema-graph\">{\"@context\":\"https:\\\/\\\/schema.org\",\"@graph\":[{\"@type\":\"WebPage\",\"@id\":\"https:\\\/\\\/kechbureau.ma\\\/?product=msi-b450m-a-pro-max\",\"url\":\"https:\\\/\\\/kechbureau.ma\\\/?product=msi-b450m-a-pro-max\",\"name\":\"MSI B450M-A PRO MAX - KECH BUREAU\",\"isPartOf\":{\"@id\":\"https:\\\/\\\/kechbureau.ma\\\/#website\"},\"primaryImageOfPage\":{\"@id\":\"https:\\\/\\\/kechbureau.ma\\\/?product=msi-b450m-a-pro-max#primaryimage\"},\"image\":{\"@id\":\"https:\\\/\\\/kechbureau.ma\\\/?product=msi-b450m-a-pro-max#primaryimage\"},\"thumbnailUrl\":\"https:\\\/\\\/kechbureau.ma\\\/wp-content\\\/uploads\\\/2023\\\/12\\\/msi-b450m-a-pro-max-cartes-meres.jpg\",\"datePublished\":\"2023-12-14T08:55:10+00:00\",\"breadcrumb\":{\"@id\":\"https:\\\/\\\/kechbureau.ma\\\/?product=msi-b450m-a-pro-max#breadcrumb\"},\"inLanguage\":\"fr-FR\",\"potentialAction\":[{\"@type\":\"ReadAction\",\"target\":[\"https:\\\/\\\/kechbureau.ma\\\/?product=msi-b450m-a-pro-max\"]}]},{\"@type\":\"ImageObject\",\"inLanguage\":\"fr-FR\",\"@id\":\"https:\\\/\\\/kechbureau.ma\\\/?product=msi-b450m-a-pro-max#primaryimage\",\"url\":\"https:\\\/\\\/kechbureau.ma\\\/wp-content\\\/uploads\\\/2023\\\/12\\\/msi-b450m-a-pro-max-cartes-meres.jpg\",\"contentUrl\":\"https:\\\/\\\/kechbureau.ma\\\/wp-content\\\/uploads\\\/2023\\\/12\\\/msi-b450m-a-pro-max-cartes-meres.jpg\",\"width\":600,\"height\":600},{\"@type\":\"BreadcrumbList\",\"@id\":\"https:\\\/\\\/kechbureau.ma\\\/?product=msi-b450m-a-pro-max#breadcrumb\",\"itemListElement\":[{\"@type\":\"ListItem\",\"position\":1,\"name\":\"Accueil\",\"item\":\"https:\\\/\\\/kechbureau.ma\\\/\"},{\"@type\":\"ListItem\",\"position\":2,\"name\":\"Shop\",\"item\":\"https:\\\/\\\/kechbureau.ma\\\/?page_id=3853\"},{\"@type\":\"ListItem\",\"position\":3,\"name\":\"MSI B450M-A PRO MAX\"}]},{\"@type\":\"WebSite\",\"@id\":\"https:\\\/\\\/kechbureau.ma\\\/#website\",\"url\":\"https:\\\/\\\/kechbureau.ma\\\/\",\"name\":\"KECH BUREAU\",\"description\":\"MARRAKECH BUREAU\",\"potentialAction\":[{\"@type\":\"SearchAction\",\"target\":{\"@type\":\"EntryPoint\",\"urlTemplate\":\"https:\\\/\\\/kechbureau.ma\\\/?s={search_term_string}\"},\"query-input\":{\"@type\":\"PropertyValueSpecification\",\"valueRequired\":true,\"valueName\":\"search_term_string\"}}],\"inLanguage\":\"fr-FR\"}]}<\/script>\n<!-- \/ Yoast SEO plugin. -->","yoast_head_json":{"title":"MSI B450M-A PRO MAX - KECH BUREAU","robots":{"index":"index","follow":"follow","max-snippet":"max-snippet:-1","max-image-preview":"max-image-preview:large","max-video-preview":"max-video-preview:-1"},"canonical":"https:\/\/kechbureau.ma\/?product=msi-b450m-a-pro-max","og_locale":"fr_FR","og_type":"article","og_title":"MSI B450M-A PRO MAX - KECH BUREAU","og_description":"Carte m\u00e8re micro-ATX Socket AM4 AMD B450 - 2x DDR4 - SATA 6Gb\/s + M.2 - USB 3.0 - 1x PCI-Express 3.0 16x","og_url":"https:\/\/kechbureau.ma\/?product=msi-b450m-a-pro-max","og_site_name":"KECH BUREAU","og_image":[{"width":600,"height":600,"url":"http:\/\/kechbureau.ma\/wp-content\/uploads\/2023\/12\/msi-b450m-a-pro-max-cartes-meres.jpg","type":"image\/jpeg"}],"twitter_card":"summary_large_image","twitter_misc":{"Dur\u00e9e de lecture estim\u00e9e":"1 minute"},"schema":{"@context":"https:\/\/schema.org","@graph":[{"@type":"WebPage","@id":"https:\/\/kechbureau.ma\/?product=msi-b450m-a-pro-max","url":"https:\/\/kechbureau.ma\/?product=msi-b450m-a-pro-max","name":"MSI B450M-A PRO MAX - KECH BUREAU","isPartOf":{"@id":"https:\/\/kechbureau.ma\/#website"},"primaryImageOfPage":{"@id":"https:\/\/kechbureau.ma\/?product=msi-b450m-a-pro-max#primaryimage"},"image":{"@id":"https:\/\/kechbureau.ma\/?product=msi-b450m-a-pro-max#primaryimage"},"thumbnailUrl":"https:\/\/kechbureau.ma\/wp-content\/uploads\/2023\/12\/msi-b450m-a-pro-max-cartes-meres.jpg","datePublished":"2023-12-14T08:55:10+00:00","breadcrumb":{"@id":"https:\/\/kechbureau.ma\/?product=msi-b450m-a-pro-max#breadcrumb"},"inLanguage":"fr-FR","potentialAction":[{"@type":"ReadAction","target":["https:\/\/kechbureau.ma\/?product=msi-b450m-a-pro-max"]}]},{"@type":"ImageObject","inLanguage":"fr-FR","@id":"https:\/\/kechbureau.ma\/?product=msi-b450m-a-pro-max#primaryimage","url":"https:\/\/kechbureau.ma\/wp-content\/uploads\/2023\/12\/msi-b450m-a-pro-max-cartes-meres.jpg","contentUrl":"https:\/\/kechbureau.ma\/wp-content\/uploads\/2023\/12\/msi-b450m-a-pro-max-cartes-meres.jpg","width":600,"height":600},{"@type":"BreadcrumbList","@id":"https:\/\/kechbureau.ma\/?product=msi-b450m-a-pro-max#breadcrumb","itemListElement":[{"@type":"ListItem","position":1,"name":"Accueil","item":"https:\/\/kechbureau.ma\/"},{"@type":"ListItem","position":2,"name":"Shop","item":"https:\/\/kechbureau.ma\/?page_id=3853"},{"@type":"ListItem","position":3,"name":"MSI B450M-A PRO MAX"}]},{"@type":"WebSite","@id":"https:\/\/kechbureau.ma\/#website","url":"https:\/\/kechbureau.ma\/","name":"KECH BUREAU","description":"MARRAKECH BUREAU","potentialAction":[{"@type":"SearchAction","target":{"@type":"EntryPoint","urlTemplate":"https:\/\/kechbureau.ma\/?s={search_term_string}"},"query-input":{"@type":"PropertyValueSpecification","valueRequired":true,"valueName":"search_term_string"}}],"inLanguage":"fr-FR"}]}},"_links":{"self":[{"href":"https:\/\/kechbureau.ma\/index.php?rest_route=\/wp\/v2\/product\/14104","targetHints":{"allow":["GET"]}}],"collection":[{"href":"https:\/\/kechbureau.ma\/index.php?rest_route=\/wp\/v2\/product"}],"about":[{"href":"https:\/\/kechbureau.ma\/index.php?rest_route=\/wp\/v2\/types\/product"}],"replies":[{"embeddable":true,"href":"https:\/\/kechbureau.ma\/index.php?rest_route=%2Fwp%2Fv2%2Fcomments&post=14104"}],"wp:featuredmedia":[{"embeddable":true,"href":"https:\/\/kechbureau.ma\/index.php?rest_route=\/wp\/v2\/media\/14105"}],"wp:attachment":[{"href":"https:\/\/kechbureau.ma\/index.php?rest_route=%2Fwp%2Fv2%2Fmedia&parent=14104"}],"wp:term":[{"taxonomy":"product_brand","embeddable":true,"href":"https:\/\/kechbureau.ma\/index.php?rest_route=%2Fwp%2Fv2%2Fproduct_brand&post=14104"},{"taxonomy":"product_cat","embeddable":true,"href":"https:\/\/kechbureau.ma\/index.php?rest_route=%2Fwp%2Fv2%2Fproduct_cat&post=14104"},{"taxonomy":"product_tag","embeddable":true,"href":"https:\/\/kechbureau.ma\/index.php?rest_route=%2Fwp%2Fv2%2Fproduct_tag&post=14104"}],"curies":[{"name":"wp","href":"https:\/\/api.w.org\/{rel}","templated":true}]}}