{"id":14073,"date":"2023-12-12T11:12:03","date_gmt":"2023-12-12T10:12:03","guid":{"rendered":"https:\/\/kechbureau.ma\/?post_type=product&#038;p=14073"},"modified":"2024-09-09T20:07:58","modified_gmt":"2024-09-09T18:07:58","slug":"skillchairs-gv1-bh-12","status":"publish","type":"product","link":"https:\/\/kechbureau.ma\/?product=skillchairs-gv1-bh-12","title":{"rendered":"SKILLCHAIRS GV1-BH-12"},"content":{"rendered":"<p>Rev\u00eatement :Tissu<\/p>\n<p>Accoudoirs r\u00e9glables : Oui<\/p>\n<p>Garantie : 12 Mois<\/p>\n<ul>\n<li>Chaise haute avec dossier et repose-t\u00eate ajustables.<\/li>\n<li>Disponible \u00e9galement en version dossier mi-hauteur.<\/li>\n<li>Si\u00e8ge en mousse moul\u00e9e rev\u00eatu de tissu pour un confort durable.<\/li>\n<li>Accoudoirs r\u00e9glables en hauteur pour une personnalisation maximale.<\/li>\n<li>M\u00e9canisme de verrouillage unique garantissant une stabilit\u00e9 optimale.<\/li>\n<li>Support lombaire fixe pour un soutien ergonomique.<\/li>\n<li>V\u00e9rin \u00e0 gaz de classe 4 pour des ajustements de hauteur faciles.<\/li>\n<li>Base en nylon mont\u00e9e sur des roulettes pour une mobilit\u00e9 fluide.<\/li>\n<li>Utilisation de tissu en mesh en polyester pour le dossier et le si\u00e8ge, favorisant la circulation de l&#8217;air.<\/li>\n<\/ul>\n","protected":false},"excerpt":{"rendered":"<p>Rev\u00eatement :Tissu Accoudoirs r\u00e9glables : Oui Garantie : 12 Mois Chaise haute avec dossier et repose-t\u00eate ajustables. Disponible \u00e9galement en version dossier mi-hauteur. Si\u00e8ge en mousse moul\u00e9e rev\u00eatu de tissu<\/p>\n","protected":false},"featured_media":14074,"comment_status":"open","ping_status":"closed","template":"","meta":{"kk_blocks_editor_width":"","_kiokenblocks_attr":"","_kiokenblocks_dimensions":""},"product_brand":[],"product_cat":[743],"product_tag":[],"class_list":{"0":"post-14073","1":"product","2":"type-product","3":"status-publish","4":"has-post-thumbnail","6":"product_cat-chaisebureau","8":"first","9":"outofstock","10":"taxable","11":"shipping-taxable","12":"purchasable","13":"product-type-simple"},"yoast_head":"<!-- This site is optimized with the Yoast SEO plugin v27.5 - https:\/\/yoast.com\/product\/yoast-seo-wordpress\/ -->\n<title>SKILLCHAIRS GV1-BH-12 - KECH BUREAU<\/title>\n<meta name=\"robots\" content=\"index, follow, max-snippet:-1, max-image-preview:large, max-video-preview:-1\" \/>\n<link rel=\"canonical\" href=\"https:\/\/kechbureau.ma\/?product=skillchairs-gv1-bh-12\" \/>\n<meta property=\"og:locale\" content=\"fr_FR\" \/>\n<meta property=\"og:type\" content=\"article\" \/>\n<meta property=\"og:title\" content=\"SKILLCHAIRS GV1-BH-12 - KECH BUREAU\" \/>\n<meta property=\"og:description\" content=\"Rev\u00eatement :Tissu Accoudoirs r\u00e9glables : Oui Garantie : 12 Mois Chaise haute avec dossier et repose-t\u00eate ajustables. Disponible \u00e9galement en version dossier mi-hauteur. Si\u00e8ge en mousse moul\u00e9e rev\u00eatu de tissu\" \/>\n<meta property=\"og:url\" content=\"https:\/\/kechbureau.ma\/?product=skillchairs-gv1-bh-12\" \/>\n<meta property=\"og:site_name\" content=\"KECH BUREAU\" \/>\n<meta property=\"article:modified_time\" content=\"2024-09-09T18:07:58+00:00\" \/>\n<meta property=\"og:image\" content=\"http:\/\/kechbureau.ma\/wp-content\/uploads\/2023\/12\/skillchairs-gv1-bh-12-chaisebureau.jpg\" \/>\n\t<meta property=\"og:image:width\" content=\"600\" \/>\n\t<meta property=\"og:image:height\" content=\"600\" \/>\n\t<meta property=\"og:image:type\" content=\"image\/jpeg\" \/>\n<meta name=\"twitter:card\" content=\"summary_large_image\" \/>\n<meta name=\"twitter:label1\" content=\"Dur\u00e9e de lecture estim\u00e9e\" \/>\n\t<meta name=\"twitter:data1\" content=\"1 minute\" \/>\n<script type=\"application\/ld+json\" class=\"yoast-schema-graph\">{\"@context\":\"https:\\\/\\\/schema.org\",\"@graph\":[{\"@type\":\"WebPage\",\"@id\":\"https:\\\/\\\/kechbureau.ma\\\/?product=skillchairs-gv1-bh-12\",\"url\":\"https:\\\/\\\/kechbureau.ma\\\/?product=skillchairs-gv1-bh-12\",\"name\":\"SKILLCHAIRS GV1-BH-12 - KECH BUREAU\",\"isPartOf\":{\"@id\":\"https:\\\/\\\/kechbureau.ma\\\/#website\"},\"primaryImageOfPage\":{\"@id\":\"https:\\\/\\\/kechbureau.ma\\\/?product=skillchairs-gv1-bh-12#primaryimage\"},\"image\":{\"@id\":\"https:\\\/\\\/kechbureau.ma\\\/?product=skillchairs-gv1-bh-12#primaryimage\"},\"thumbnailUrl\":\"https:\\\/\\\/kechbureau.ma\\\/wp-content\\\/uploads\\\/2023\\\/12\\\/skillchairs-gv1-bh-12-chaisebureau.jpg\",\"datePublished\":\"2023-12-12T10:12:03+00:00\",\"dateModified\":\"2024-09-09T18:07:58+00:00\",\"breadcrumb\":{\"@id\":\"https:\\\/\\\/kechbureau.ma\\\/?product=skillchairs-gv1-bh-12#breadcrumb\"},\"inLanguage\":\"fr-FR\",\"potentialAction\":[{\"@type\":\"ReadAction\",\"target\":[\"https:\\\/\\\/kechbureau.ma\\\/?product=skillchairs-gv1-bh-12\"]}]},{\"@type\":\"ImageObject\",\"inLanguage\":\"fr-FR\",\"@id\":\"https:\\\/\\\/kechbureau.ma\\\/?product=skillchairs-gv1-bh-12#primaryimage\",\"url\":\"https:\\\/\\\/kechbureau.ma\\\/wp-content\\\/uploads\\\/2023\\\/12\\\/skillchairs-gv1-bh-12-chaisebureau.jpg\",\"contentUrl\":\"https:\\\/\\\/kechbureau.ma\\\/wp-content\\\/uploads\\\/2023\\\/12\\\/skillchairs-gv1-bh-12-chaisebureau.jpg\",\"width\":600,\"height\":600},{\"@type\":\"BreadcrumbList\",\"@id\":\"https:\\\/\\\/kechbureau.ma\\\/?product=skillchairs-gv1-bh-12#breadcrumb\",\"itemListElement\":[{\"@type\":\"ListItem\",\"position\":1,\"name\":\"Accueil\",\"item\":\"https:\\\/\\\/kechbureau.ma\\\/\"},{\"@type\":\"ListItem\",\"position\":2,\"name\":\"Shop\",\"item\":\"https:\\\/\\\/kechbureau.ma\\\/?page_id=3853\"},{\"@type\":\"ListItem\",\"position\":3,\"name\":\"SKILLCHAIRS GV1-BH-12\"}]},{\"@type\":\"WebSite\",\"@id\":\"https:\\\/\\\/kechbureau.ma\\\/#website\",\"url\":\"https:\\\/\\\/kechbureau.ma\\\/\",\"name\":\"KECH BUREAU\",\"description\":\"MARRAKECH BUREAU\",\"potentialAction\":[{\"@type\":\"SearchAction\",\"target\":{\"@type\":\"EntryPoint\",\"urlTemplate\":\"https:\\\/\\\/kechbureau.ma\\\/?s={search_term_string}\"},\"query-input\":{\"@type\":\"PropertyValueSpecification\",\"valueRequired\":true,\"valueName\":\"search_term_string\"}}],\"inLanguage\":\"fr-FR\"}]}<\/script>\n<!-- \/ Yoast SEO plugin. -->","yoast_head_json":{"title":"SKILLCHAIRS GV1-BH-12 - KECH BUREAU","robots":{"index":"index","follow":"follow","max-snippet":"max-snippet:-1","max-image-preview":"max-image-preview:large","max-video-preview":"max-video-preview:-1"},"canonical":"https:\/\/kechbureau.ma\/?product=skillchairs-gv1-bh-12","og_locale":"fr_FR","og_type":"article","og_title":"SKILLCHAIRS GV1-BH-12 - KECH BUREAU","og_description":"Rev\u00eatement :Tissu Accoudoirs r\u00e9glables : Oui Garantie : 12 Mois Chaise haute avec dossier et repose-t\u00eate ajustables. Disponible \u00e9galement en version dossier mi-hauteur. Si\u00e8ge en mousse moul\u00e9e rev\u00eatu de tissu","og_url":"https:\/\/kechbureau.ma\/?product=skillchairs-gv1-bh-12","og_site_name":"KECH BUREAU","article_modified_time":"2024-09-09T18:07:58+00:00","og_image":[{"width":600,"height":600,"url":"http:\/\/kechbureau.ma\/wp-content\/uploads\/2023\/12\/skillchairs-gv1-bh-12-chaisebureau.jpg","type":"image\/jpeg"}],"twitter_card":"summary_large_image","twitter_misc":{"Dur\u00e9e de lecture estim\u00e9e":"1 minute"},"schema":{"@context":"https:\/\/schema.org","@graph":[{"@type":"WebPage","@id":"https:\/\/kechbureau.ma\/?product=skillchairs-gv1-bh-12","url":"https:\/\/kechbureau.ma\/?product=skillchairs-gv1-bh-12","name":"SKILLCHAIRS GV1-BH-12 - KECH BUREAU","isPartOf":{"@id":"https:\/\/kechbureau.ma\/#website"},"primaryImageOfPage":{"@id":"https:\/\/kechbureau.ma\/?product=skillchairs-gv1-bh-12#primaryimage"},"image":{"@id":"https:\/\/kechbureau.ma\/?product=skillchairs-gv1-bh-12#primaryimage"},"thumbnailUrl":"https:\/\/kechbureau.ma\/wp-content\/uploads\/2023\/12\/skillchairs-gv1-bh-12-chaisebureau.jpg","datePublished":"2023-12-12T10:12:03+00:00","dateModified":"2024-09-09T18:07:58+00:00","breadcrumb":{"@id":"https:\/\/kechbureau.ma\/?product=skillchairs-gv1-bh-12#breadcrumb"},"inLanguage":"fr-FR","potentialAction":[{"@type":"ReadAction","target":["https:\/\/kechbureau.ma\/?product=skillchairs-gv1-bh-12"]}]},{"@type":"ImageObject","inLanguage":"fr-FR","@id":"https:\/\/kechbureau.ma\/?product=skillchairs-gv1-bh-12#primaryimage","url":"https:\/\/kechbureau.ma\/wp-content\/uploads\/2023\/12\/skillchairs-gv1-bh-12-chaisebureau.jpg","contentUrl":"https:\/\/kechbureau.ma\/wp-content\/uploads\/2023\/12\/skillchairs-gv1-bh-12-chaisebureau.jpg","width":600,"height":600},{"@type":"BreadcrumbList","@id":"https:\/\/kechbureau.ma\/?product=skillchairs-gv1-bh-12#breadcrumb","itemListElement":[{"@type":"ListItem","position":1,"name":"Accueil","item":"https:\/\/kechbureau.ma\/"},{"@type":"ListItem","position":2,"name":"Shop","item":"https:\/\/kechbureau.ma\/?page_id=3853"},{"@type":"ListItem","position":3,"name":"SKILLCHAIRS GV1-BH-12"}]},{"@type":"WebSite","@id":"https:\/\/kechbureau.ma\/#website","url":"https:\/\/kechbureau.ma\/","name":"KECH BUREAU","description":"MARRAKECH BUREAU","potentialAction":[{"@type":"SearchAction","target":{"@type":"EntryPoint","urlTemplate":"https:\/\/kechbureau.ma\/?s={search_term_string}"},"query-input":{"@type":"PropertyValueSpecification","valueRequired":true,"valueName":"search_term_string"}}],"inLanguage":"fr-FR"}]}},"_links":{"self":[{"href":"https:\/\/kechbureau.ma\/index.php?rest_route=\/wp\/v2\/product\/14073","targetHints":{"allow":["GET"]}}],"collection":[{"href":"https:\/\/kechbureau.ma\/index.php?rest_route=\/wp\/v2\/product"}],"about":[{"href":"https:\/\/kechbureau.ma\/index.php?rest_route=\/wp\/v2\/types\/product"}],"replies":[{"embeddable":true,"href":"https:\/\/kechbureau.ma\/index.php?rest_route=%2Fwp%2Fv2%2Fcomments&post=14073"}],"wp:featuredmedia":[{"embeddable":true,"href":"https:\/\/kechbureau.ma\/index.php?rest_route=\/wp\/v2\/media\/14074"}],"wp:attachment":[{"href":"https:\/\/kechbureau.ma\/index.php?rest_route=%2Fwp%2Fv2%2Fmedia&parent=14073"}],"wp:term":[{"taxonomy":"product_brand","embeddable":true,"href":"https:\/\/kechbureau.ma\/index.php?rest_route=%2Fwp%2Fv2%2Fproduct_brand&post=14073"},{"taxonomy":"product_cat","embeddable":true,"href":"https:\/\/kechbureau.ma\/index.php?rest_route=%2Fwp%2Fv2%2Fproduct_cat&post=14073"},{"taxonomy":"product_tag","embeddable":true,"href":"https:\/\/kechbureau.ma\/index.php?rest_route=%2Fwp%2Fv2%2Fproduct_tag&post=14073"}],"curies":[{"name":"wp","href":"https:\/\/api.w.org\/{rel}","templated":true}]}}