{"id":14064,"date":"2023-12-12T11:06:11","date_gmt":"2023-12-12T10:06:11","guid":{"rendered":"https:\/\/kechbureau.ma\/?post_type=product&#038;p=14064"},"modified":"2025-01-16T17:56:28","modified_gmt":"2025-01-16T16:56:28","slug":"skillchairs-sc3-noble","status":"publish","type":"product","link":"https:\/\/kechbureau.ma\/?product=skillchairs-sc3-noble","title":{"rendered":"SKILLCHAIRS SC3 NOBLE"},"content":{"rendered":"<p>Rev\u00eatement : PU (Cuir \u00c9lastique polym\u00e9re antid\u00e9chirure)<\/p>\n<p>Accoudoirs r\u00e9glables : Oui<\/p>\n<p>Type d&#8217;accoudoirs : 4D<\/p>\n<p>Coussins fournis : 2<\/p>\n<p>Poids maximum support\u00e9 : 136 kg<\/p>\n","protected":false},"excerpt":{"rendered":"<p>Rev\u00eatement : PU (Cuir \u00c9lastique polym\u00e9re antid\u00e9chirure) Accoudoirs r\u00e9glables : Oui Type d&#8217;accoudoirs : 4D Coussins fournis : 2 Poids maximum support\u00e9 : 136 kg<\/p>\n","protected":false},"featured_media":14065,"comment_status":"open","ping_status":"closed","template":"","meta":{"kk_blocks_editor_width":"","_kiokenblocks_attr":"","_kiokenblocks_dimensions":""},"product_brand":[],"product_cat":[743],"product_tag":[],"class_list":{"0":"post-14064","1":"product","2":"type-product","3":"status-publish","4":"has-post-thumbnail","6":"product_cat-chaisebureau","8":"first","9":"instock","10":"sale","11":"taxable","12":"shipping-taxable","13":"purchasable","14":"product-type-simple"},"yoast_head":"<!-- This site is optimized with the Yoast SEO plugin v27.5 - https:\/\/yoast.com\/product\/yoast-seo-wordpress\/ -->\n<title>SKILLCHAIRS SC3 NOBLE - KECH BUREAU<\/title>\n<meta name=\"robots\" content=\"index, follow, max-snippet:-1, max-image-preview:large, max-video-preview:-1\" \/>\n<link rel=\"canonical\" href=\"https:\/\/kechbureau.ma\/?product=skillchairs-sc3-noble\" \/>\n<meta property=\"og:locale\" content=\"fr_FR\" \/>\n<meta property=\"og:type\" content=\"article\" \/>\n<meta property=\"og:title\" content=\"SKILLCHAIRS SC3 NOBLE - KECH BUREAU\" \/>\n<meta property=\"og:description\" content=\"Rev\u00eatement : PU (Cuir \u00c9lastique polym\u00e9re antid\u00e9chirure) Accoudoirs r\u00e9glables : Oui Type d&#8217;accoudoirs : 4D Coussins fournis : 2 Poids maximum support\u00e9 : 136 kg\" \/>\n<meta property=\"og:url\" content=\"https:\/\/kechbureau.ma\/?product=skillchairs-sc3-noble\" \/>\n<meta property=\"og:site_name\" content=\"KECH BUREAU\" \/>\n<meta property=\"article:modified_time\" content=\"2025-01-16T16:56:28+00:00\" \/>\n<meta property=\"og:image\" content=\"http:\/\/kechbureau.ma\/wp-content\/uploads\/2023\/12\/skillchairs-sc3-noble-chaisebureau.png\" \/>\n\t<meta property=\"og:image:width\" content=\"600\" \/>\n\t<meta property=\"og:image:height\" content=\"600\" \/>\n\t<meta property=\"og:image:type\" content=\"image\/png\" \/>\n<meta name=\"twitter:card\" content=\"summary_large_image\" \/>\n<script type=\"application\/ld+json\" class=\"yoast-schema-graph\">{\"@context\":\"https:\\\/\\\/schema.org\",\"@graph\":[{\"@type\":\"WebPage\",\"@id\":\"https:\\\/\\\/kechbureau.ma\\\/?product=skillchairs-sc3-noble\",\"url\":\"https:\\\/\\\/kechbureau.ma\\\/?product=skillchairs-sc3-noble\",\"name\":\"SKILLCHAIRS SC3 NOBLE - KECH BUREAU\",\"isPartOf\":{\"@id\":\"https:\\\/\\\/kechbureau.ma\\\/#website\"},\"primaryImageOfPage\":{\"@id\":\"https:\\\/\\\/kechbureau.ma\\\/?product=skillchairs-sc3-noble#primaryimage\"},\"image\":{\"@id\":\"https:\\\/\\\/kechbureau.ma\\\/?product=skillchairs-sc3-noble#primaryimage\"},\"thumbnailUrl\":\"https:\\\/\\\/kechbureau.ma\\\/wp-content\\\/uploads\\\/2023\\\/12\\\/skillchairs-sc3-noble-chaisebureau.png\",\"datePublished\":\"2023-12-12T10:06:11+00:00\",\"dateModified\":\"2025-01-16T16:56:28+00:00\",\"breadcrumb\":{\"@id\":\"https:\\\/\\\/kechbureau.ma\\\/?product=skillchairs-sc3-noble#breadcrumb\"},\"inLanguage\":\"fr-FR\",\"potentialAction\":[{\"@type\":\"ReadAction\",\"target\":[\"https:\\\/\\\/kechbureau.ma\\\/?product=skillchairs-sc3-noble\"]}]},{\"@type\":\"ImageObject\",\"inLanguage\":\"fr-FR\",\"@id\":\"https:\\\/\\\/kechbureau.ma\\\/?product=skillchairs-sc3-noble#primaryimage\",\"url\":\"https:\\\/\\\/kechbureau.ma\\\/wp-content\\\/uploads\\\/2023\\\/12\\\/skillchairs-sc3-noble-chaisebureau.png\",\"contentUrl\":\"https:\\\/\\\/kechbureau.ma\\\/wp-content\\\/uploads\\\/2023\\\/12\\\/skillchairs-sc3-noble-chaisebureau.png\",\"width\":600,\"height\":600},{\"@type\":\"BreadcrumbList\",\"@id\":\"https:\\\/\\\/kechbureau.ma\\\/?product=skillchairs-sc3-noble#breadcrumb\",\"itemListElement\":[{\"@type\":\"ListItem\",\"position\":1,\"name\":\"Accueil\",\"item\":\"https:\\\/\\\/kechbureau.ma\\\/\"},{\"@type\":\"ListItem\",\"position\":2,\"name\":\"Shop\",\"item\":\"https:\\\/\\\/kechbureau.ma\\\/?page_id=3853\"},{\"@type\":\"ListItem\",\"position\":3,\"name\":\"SKILLCHAIRS SC3 NOBLE\"}]},{\"@type\":\"WebSite\",\"@id\":\"https:\\\/\\\/kechbureau.ma\\\/#website\",\"url\":\"https:\\\/\\\/kechbureau.ma\\\/\",\"name\":\"KECH BUREAU\",\"description\":\"MARRAKECH BUREAU\",\"potentialAction\":[{\"@type\":\"SearchAction\",\"target\":{\"@type\":\"EntryPoint\",\"urlTemplate\":\"https:\\\/\\\/kechbureau.ma\\\/?s={search_term_string}\"},\"query-input\":{\"@type\":\"PropertyValueSpecification\",\"valueRequired\":true,\"valueName\":\"search_term_string\"}}],\"inLanguage\":\"fr-FR\"}]}<\/script>\n<!-- \/ Yoast SEO plugin. -->","yoast_head_json":{"title":"SKILLCHAIRS SC3 NOBLE - KECH BUREAU","robots":{"index":"index","follow":"follow","max-snippet":"max-snippet:-1","max-image-preview":"max-image-preview:large","max-video-preview":"max-video-preview:-1"},"canonical":"https:\/\/kechbureau.ma\/?product=skillchairs-sc3-noble","og_locale":"fr_FR","og_type":"article","og_title":"SKILLCHAIRS SC3 NOBLE - KECH BUREAU","og_description":"Rev\u00eatement : PU (Cuir \u00c9lastique polym\u00e9re antid\u00e9chirure) Accoudoirs r\u00e9glables : Oui Type d&#8217;accoudoirs : 4D Coussins fournis : 2 Poids maximum support\u00e9 : 136 kg","og_url":"https:\/\/kechbureau.ma\/?product=skillchairs-sc3-noble","og_site_name":"KECH BUREAU","article_modified_time":"2025-01-16T16:56:28+00:00","og_image":[{"width":600,"height":600,"url":"http:\/\/kechbureau.ma\/wp-content\/uploads\/2023\/12\/skillchairs-sc3-noble-chaisebureau.png","type":"image\/png"}],"twitter_card":"summary_large_image","schema":{"@context":"https:\/\/schema.org","@graph":[{"@type":"WebPage","@id":"https:\/\/kechbureau.ma\/?product=skillchairs-sc3-noble","url":"https:\/\/kechbureau.ma\/?product=skillchairs-sc3-noble","name":"SKILLCHAIRS SC3 NOBLE - KECH BUREAU","isPartOf":{"@id":"https:\/\/kechbureau.ma\/#website"},"primaryImageOfPage":{"@id":"https:\/\/kechbureau.ma\/?product=skillchairs-sc3-noble#primaryimage"},"image":{"@id":"https:\/\/kechbureau.ma\/?product=skillchairs-sc3-noble#primaryimage"},"thumbnailUrl":"https:\/\/kechbureau.ma\/wp-content\/uploads\/2023\/12\/skillchairs-sc3-noble-chaisebureau.png","datePublished":"2023-12-12T10:06:11+00:00","dateModified":"2025-01-16T16:56:28+00:00","breadcrumb":{"@id":"https:\/\/kechbureau.ma\/?product=skillchairs-sc3-noble#breadcrumb"},"inLanguage":"fr-FR","potentialAction":[{"@type":"ReadAction","target":["https:\/\/kechbureau.ma\/?product=skillchairs-sc3-noble"]}]},{"@type":"ImageObject","inLanguage":"fr-FR","@id":"https:\/\/kechbureau.ma\/?product=skillchairs-sc3-noble#primaryimage","url":"https:\/\/kechbureau.ma\/wp-content\/uploads\/2023\/12\/skillchairs-sc3-noble-chaisebureau.png","contentUrl":"https:\/\/kechbureau.ma\/wp-content\/uploads\/2023\/12\/skillchairs-sc3-noble-chaisebureau.png","width":600,"height":600},{"@type":"BreadcrumbList","@id":"https:\/\/kechbureau.ma\/?product=skillchairs-sc3-noble#breadcrumb","itemListElement":[{"@type":"ListItem","position":1,"name":"Accueil","item":"https:\/\/kechbureau.ma\/"},{"@type":"ListItem","position":2,"name":"Shop","item":"https:\/\/kechbureau.ma\/?page_id=3853"},{"@type":"ListItem","position":3,"name":"SKILLCHAIRS SC3 NOBLE"}]},{"@type":"WebSite","@id":"https:\/\/kechbureau.ma\/#website","url":"https:\/\/kechbureau.ma\/","name":"KECH BUREAU","description":"MARRAKECH BUREAU","potentialAction":[{"@type":"SearchAction","target":{"@type":"EntryPoint","urlTemplate":"https:\/\/kechbureau.ma\/?s={search_term_string}"},"query-input":{"@type":"PropertyValueSpecification","valueRequired":true,"valueName":"search_term_string"}}],"inLanguage":"fr-FR"}]}},"_links":{"self":[{"href":"https:\/\/kechbureau.ma\/index.php?rest_route=\/wp\/v2\/product\/14064","targetHints":{"allow":["GET"]}}],"collection":[{"href":"https:\/\/kechbureau.ma\/index.php?rest_route=\/wp\/v2\/product"}],"about":[{"href":"https:\/\/kechbureau.ma\/index.php?rest_route=\/wp\/v2\/types\/product"}],"replies":[{"embeddable":true,"href":"https:\/\/kechbureau.ma\/index.php?rest_route=%2Fwp%2Fv2%2Fcomments&post=14064"}],"wp:featuredmedia":[{"embeddable":true,"href":"https:\/\/kechbureau.ma\/index.php?rest_route=\/wp\/v2\/media\/14065"}],"wp:attachment":[{"href":"https:\/\/kechbureau.ma\/index.php?rest_route=%2Fwp%2Fv2%2Fmedia&parent=14064"}],"wp:term":[{"taxonomy":"product_brand","embeddable":true,"href":"https:\/\/kechbureau.ma\/index.php?rest_route=%2Fwp%2Fv2%2Fproduct_brand&post=14064"},{"taxonomy":"product_cat","embeddable":true,"href":"https:\/\/kechbureau.ma\/index.php?rest_route=%2Fwp%2Fv2%2Fproduct_cat&post=14064"},{"taxonomy":"product_tag","embeddable":true,"href":"https:\/\/kechbureau.ma\/index.php?rest_route=%2Fwp%2Fv2%2Fproduct_tag&post=14064"}],"curies":[{"name":"wp","href":"https:\/\/api.w.org\/{rel}","templated":true}]}}