{"id":13730,"date":"2023-11-27T14:10:06","date_gmt":"2023-11-27T13:10:06","guid":{"rendered":"https:\/\/kechbureau.ma\/?post_type=product&#038;p=13730"},"modified":"2023-12-11T16:59:50","modified_gmt":"2023-12-11T15:59:50","slug":"point-dacces-indoor-ruijie-ac1300-dual-band-gigabit-wi-fi-6-1775mbps-rg-rap2260g","status":"publish","type":"product","link":"https:\/\/kechbureau.ma\/?product=point-dacces-indoor-ruijie-ac1300-dual-band-gigabit-wi-fi-6-1775mbps-rg-rap2260g","title":{"rendered":"POINT D&#8217;ACCES INDOOR RUIJIE AC1300 DUAL BAND GIGABIT Wi-Fi 6 1775Mbps RG-RAP2260(G)"},"content":{"rendered":"<ul>\n<li>Construisez des r\u00e9seaux ultra-rapides avec la technologie Wi-Fi 6.<\/li>\n<li>Plus de 500 clients pouvant \u00eatre connect\u00e9s, mais aussi des performances plus \u00e9lev\u00e9es pour les utilisateurs.<\/li>\n<li>Fournit aussi une haute performance pratique pour les utilisateurs.<\/li>\n<li>Installez facilement le point d&#8217;acc\u00e8s extra avec la technologie Reyee Mesh.<\/li>\n<li>Configurer votre r\u00e9seau Wi-Fi 6 en 3 minutes gr\u00e2ce \u00e0 l&#8217;application Ruijie Cloud.<\/li>\n<li>Fiche Technique :\u00a0<a href=\"https:\/\/fr.ruijienetworks.com\/resources\/preview\/77094\">https:\/\/fr.ruijienetworks.com\/resources\/preview\/77094<\/a><\/li>\n<\/ul>\n","protected":false},"excerpt":{"rendered":"<p>Construisez des r\u00e9seaux ultra-rapides avec la technologie Wi-Fi 6. Plus de 500 clients pouvant \u00eatre connect\u00e9s, mais aussi des performances plus \u00e9lev\u00e9es pour les utilisateurs. Fournit aussi une haute performance<\/p>\n","protected":false},"featured_media":13732,"comment_status":"open","ping_status":"closed","template":"","meta":{"kk_blocks_editor_width":"","_kiokenblocks_attr":"","_kiokenblocks_dimensions":""},"product_brand":[],"product_cat":[627,432],"product_tag":[],"class_list":{"0":"post-13730","1":"product","2":"type-product","3":"status-publish","4":"has-post-thumbnail","6":"product_cat-point-acces","7":"product_cat-ruseaux","9":"first","10":"instock","11":"sale","12":"taxable","13":"shipping-taxable","14":"purchasable","15":"product-type-simple"},"yoast_head":"<!-- This site is optimized with the Yoast SEO plugin v27.3 - https:\/\/yoast.com\/product\/yoast-seo-wordpress\/ -->\n<title>POINT D&#039;ACCES INDOOR RUIJIE AC1300 DUAL BAND GIGABIT Wi-Fi 6 1775Mbps RG-RAP2260(G) - KECH BUREAU<\/title>\n<meta name=\"robots\" content=\"index, follow, max-snippet:-1, max-image-preview:large, max-video-preview:-1\" \/>\n<link rel=\"canonical\" href=\"https:\/\/kechbureau.ma\/?product=point-dacces-indoor-ruijie-ac1300-dual-band-gigabit-wi-fi-6-1775mbps-rg-rap2260g\" \/>\n<meta property=\"og:locale\" content=\"fr_FR\" \/>\n<meta property=\"og:type\" content=\"article\" \/>\n<meta property=\"og:title\" content=\"POINT D&#039;ACCES INDOOR RUIJIE AC1300 DUAL BAND GIGABIT Wi-Fi 6 1775Mbps RG-RAP2260(G) - KECH BUREAU\" \/>\n<meta property=\"og:description\" content=\"Construisez des r\u00e9seaux ultra-rapides avec la technologie Wi-Fi 6. Plus de 500 clients pouvant \u00eatre connect\u00e9s, mais aussi des performances plus \u00e9lev\u00e9es pour les utilisateurs. Fournit aussi une haute performance\" \/>\n<meta property=\"og:url\" content=\"https:\/\/kechbureau.ma\/?product=point-dacces-indoor-ruijie-ac1300-dual-band-gigabit-wi-fi-6-1775mbps-rg-rap2260g\" \/>\n<meta property=\"og:site_name\" content=\"KECH BUREAU\" \/>\n<meta property=\"article:modified_time\" content=\"2023-12-11T15:59:50+00:00\" \/>\n<meta property=\"og:image\" content=\"http:\/\/kechbureau.ma\/wp-content\/uploads\/2023\/11\/202251826473299.jpg\" \/>\n\t<meta property=\"og:image:width\" content=\"1440\" \/>\n\t<meta property=\"og:image:height\" content=\"1440\" \/>\n\t<meta property=\"og:image:type\" content=\"image\/jpeg\" \/>\n<meta name=\"twitter:card\" content=\"summary_large_image\" \/>\n<script type=\"application\/ld+json\" class=\"yoast-schema-graph\">{\"@context\":\"https:\\\/\\\/schema.org\",\"@graph\":[{\"@type\":\"WebPage\",\"@id\":\"https:\\\/\\\/kechbureau.ma\\\/?product=point-dacces-indoor-ruijie-ac1300-dual-band-gigabit-wi-fi-6-1775mbps-rg-rap2260g\",\"url\":\"https:\\\/\\\/kechbureau.ma\\\/?product=point-dacces-indoor-ruijie-ac1300-dual-band-gigabit-wi-fi-6-1775mbps-rg-rap2260g\",\"name\":\"POINT D'ACCES INDOOR RUIJIE AC1300 DUAL BAND GIGABIT Wi-Fi 6 1775Mbps RG-RAP2260(G) - KECH BUREAU\",\"isPartOf\":{\"@id\":\"https:\\\/\\\/kechbureau.ma\\\/#website\"},\"primaryImageOfPage\":{\"@id\":\"https:\\\/\\\/kechbureau.ma\\\/?product=point-dacces-indoor-ruijie-ac1300-dual-band-gigabit-wi-fi-6-1775mbps-rg-rap2260g#primaryimage\"},\"image\":{\"@id\":\"https:\\\/\\\/kechbureau.ma\\\/?product=point-dacces-indoor-ruijie-ac1300-dual-band-gigabit-wi-fi-6-1775mbps-rg-rap2260g#primaryimage\"},\"thumbnailUrl\":\"https:\\\/\\\/kechbureau.ma\\\/wp-content\\\/uploads\\\/2023\\\/11\\\/202251826473299.jpg\",\"datePublished\":\"2023-11-27T13:10:06+00:00\",\"dateModified\":\"2023-12-11T15:59:50+00:00\",\"breadcrumb\":{\"@id\":\"https:\\\/\\\/kechbureau.ma\\\/?product=point-dacces-indoor-ruijie-ac1300-dual-band-gigabit-wi-fi-6-1775mbps-rg-rap2260g#breadcrumb\"},\"inLanguage\":\"fr-FR\",\"potentialAction\":[{\"@type\":\"ReadAction\",\"target\":[\"https:\\\/\\\/kechbureau.ma\\\/?product=point-dacces-indoor-ruijie-ac1300-dual-band-gigabit-wi-fi-6-1775mbps-rg-rap2260g\"]}]},{\"@type\":\"ImageObject\",\"inLanguage\":\"fr-FR\",\"@id\":\"https:\\\/\\\/kechbureau.ma\\\/?product=point-dacces-indoor-ruijie-ac1300-dual-band-gigabit-wi-fi-6-1775mbps-rg-rap2260g#primaryimage\",\"url\":\"https:\\\/\\\/kechbureau.ma\\\/wp-content\\\/uploads\\\/2023\\\/11\\\/202251826473299.jpg\",\"contentUrl\":\"https:\\\/\\\/kechbureau.ma\\\/wp-content\\\/uploads\\\/2023\\\/11\\\/202251826473299.jpg\",\"width\":1440,\"height\":1440},{\"@type\":\"BreadcrumbList\",\"@id\":\"https:\\\/\\\/kechbureau.ma\\\/?product=point-dacces-indoor-ruijie-ac1300-dual-band-gigabit-wi-fi-6-1775mbps-rg-rap2260g#breadcrumb\",\"itemListElement\":[{\"@type\":\"ListItem\",\"position\":1,\"name\":\"Accueil\",\"item\":\"https:\\\/\\\/kechbureau.ma\\\/\"},{\"@type\":\"ListItem\",\"position\":2,\"name\":\"Shop\",\"item\":\"https:\\\/\\\/kechbureau.ma\\\/?page_id=3853\"},{\"@type\":\"ListItem\",\"position\":3,\"name\":\"POINT D&#8217;ACCES INDOOR RUIJIE AC1300 DUAL BAND GIGABIT Wi-Fi 6 1775Mbps RG-RAP2260(G)\"}]},{\"@type\":\"WebSite\",\"@id\":\"https:\\\/\\\/kechbureau.ma\\\/#website\",\"url\":\"https:\\\/\\\/kechbureau.ma\\\/\",\"name\":\"KECH BUREAU\",\"description\":\"MARRAKECH BUREAU\",\"potentialAction\":[{\"@type\":\"SearchAction\",\"target\":{\"@type\":\"EntryPoint\",\"urlTemplate\":\"https:\\\/\\\/kechbureau.ma\\\/?s={search_term_string}\"},\"query-input\":{\"@type\":\"PropertyValueSpecification\",\"valueRequired\":true,\"valueName\":\"search_term_string\"}}],\"inLanguage\":\"fr-FR\"}]}<\/script>\n<!-- \/ Yoast SEO plugin. -->","yoast_head_json":{"title":"POINT D'ACCES INDOOR RUIJIE AC1300 DUAL BAND GIGABIT Wi-Fi 6 1775Mbps RG-RAP2260(G) - KECH BUREAU","robots":{"index":"index","follow":"follow","max-snippet":"max-snippet:-1","max-image-preview":"max-image-preview:large","max-video-preview":"max-video-preview:-1"},"canonical":"https:\/\/kechbureau.ma\/?product=point-dacces-indoor-ruijie-ac1300-dual-band-gigabit-wi-fi-6-1775mbps-rg-rap2260g","og_locale":"fr_FR","og_type":"article","og_title":"POINT D'ACCES INDOOR RUIJIE AC1300 DUAL BAND GIGABIT Wi-Fi 6 1775Mbps RG-RAP2260(G) - KECH BUREAU","og_description":"Construisez des r\u00e9seaux ultra-rapides avec la technologie Wi-Fi 6. Plus de 500 clients pouvant \u00eatre connect\u00e9s, mais aussi des performances plus \u00e9lev\u00e9es pour les utilisateurs. Fournit aussi une haute performance","og_url":"https:\/\/kechbureau.ma\/?product=point-dacces-indoor-ruijie-ac1300-dual-band-gigabit-wi-fi-6-1775mbps-rg-rap2260g","og_site_name":"KECH BUREAU","article_modified_time":"2023-12-11T15:59:50+00:00","og_image":[{"width":1440,"height":1440,"url":"http:\/\/kechbureau.ma\/wp-content\/uploads\/2023\/11\/202251826473299.jpg","type":"image\/jpeg"}],"twitter_card":"summary_large_image","schema":{"@context":"https:\/\/schema.org","@graph":[{"@type":"WebPage","@id":"https:\/\/kechbureau.ma\/?product=point-dacces-indoor-ruijie-ac1300-dual-band-gigabit-wi-fi-6-1775mbps-rg-rap2260g","url":"https:\/\/kechbureau.ma\/?product=point-dacces-indoor-ruijie-ac1300-dual-band-gigabit-wi-fi-6-1775mbps-rg-rap2260g","name":"POINT D'ACCES INDOOR RUIJIE AC1300 DUAL BAND GIGABIT Wi-Fi 6 1775Mbps RG-RAP2260(G) - KECH BUREAU","isPartOf":{"@id":"https:\/\/kechbureau.ma\/#website"},"primaryImageOfPage":{"@id":"https:\/\/kechbureau.ma\/?product=point-dacces-indoor-ruijie-ac1300-dual-band-gigabit-wi-fi-6-1775mbps-rg-rap2260g#primaryimage"},"image":{"@id":"https:\/\/kechbureau.ma\/?product=point-dacces-indoor-ruijie-ac1300-dual-band-gigabit-wi-fi-6-1775mbps-rg-rap2260g#primaryimage"},"thumbnailUrl":"https:\/\/kechbureau.ma\/wp-content\/uploads\/2023\/11\/202251826473299.jpg","datePublished":"2023-11-27T13:10:06+00:00","dateModified":"2023-12-11T15:59:50+00:00","breadcrumb":{"@id":"https:\/\/kechbureau.ma\/?product=point-dacces-indoor-ruijie-ac1300-dual-band-gigabit-wi-fi-6-1775mbps-rg-rap2260g#breadcrumb"},"inLanguage":"fr-FR","potentialAction":[{"@type":"ReadAction","target":["https:\/\/kechbureau.ma\/?product=point-dacces-indoor-ruijie-ac1300-dual-band-gigabit-wi-fi-6-1775mbps-rg-rap2260g"]}]},{"@type":"ImageObject","inLanguage":"fr-FR","@id":"https:\/\/kechbureau.ma\/?product=point-dacces-indoor-ruijie-ac1300-dual-band-gigabit-wi-fi-6-1775mbps-rg-rap2260g#primaryimage","url":"https:\/\/kechbureau.ma\/wp-content\/uploads\/2023\/11\/202251826473299.jpg","contentUrl":"https:\/\/kechbureau.ma\/wp-content\/uploads\/2023\/11\/202251826473299.jpg","width":1440,"height":1440},{"@type":"BreadcrumbList","@id":"https:\/\/kechbureau.ma\/?product=point-dacces-indoor-ruijie-ac1300-dual-band-gigabit-wi-fi-6-1775mbps-rg-rap2260g#breadcrumb","itemListElement":[{"@type":"ListItem","position":1,"name":"Accueil","item":"https:\/\/kechbureau.ma\/"},{"@type":"ListItem","position":2,"name":"Shop","item":"https:\/\/kechbureau.ma\/?page_id=3853"},{"@type":"ListItem","position":3,"name":"POINT D&#8217;ACCES INDOOR RUIJIE AC1300 DUAL BAND GIGABIT Wi-Fi 6 1775Mbps RG-RAP2260(G)"}]},{"@type":"WebSite","@id":"https:\/\/kechbureau.ma\/#website","url":"https:\/\/kechbureau.ma\/","name":"KECH BUREAU","description":"MARRAKECH BUREAU","potentialAction":[{"@type":"SearchAction","target":{"@type":"EntryPoint","urlTemplate":"https:\/\/kechbureau.ma\/?s={search_term_string}"},"query-input":{"@type":"PropertyValueSpecification","valueRequired":true,"valueName":"search_term_string"}}],"inLanguage":"fr-FR"}]}},"_links":{"self":[{"href":"https:\/\/kechbureau.ma\/index.php?rest_route=\/wp\/v2\/product\/13730","targetHints":{"allow":["GET"]}}],"collection":[{"href":"https:\/\/kechbureau.ma\/index.php?rest_route=\/wp\/v2\/product"}],"about":[{"href":"https:\/\/kechbureau.ma\/index.php?rest_route=\/wp\/v2\/types\/product"}],"replies":[{"embeddable":true,"href":"https:\/\/kechbureau.ma\/index.php?rest_route=%2Fwp%2Fv2%2Fcomments&post=13730"}],"wp:featuredmedia":[{"embeddable":true,"href":"https:\/\/kechbureau.ma\/index.php?rest_route=\/wp\/v2\/media\/13732"}],"wp:attachment":[{"href":"https:\/\/kechbureau.ma\/index.php?rest_route=%2Fwp%2Fv2%2Fmedia&parent=13730"}],"wp:term":[{"taxonomy":"product_brand","embeddable":true,"href":"https:\/\/kechbureau.ma\/index.php?rest_route=%2Fwp%2Fv2%2Fproduct_brand&post=13730"},{"taxonomy":"product_cat","embeddable":true,"href":"https:\/\/kechbureau.ma\/index.php?rest_route=%2Fwp%2Fv2%2Fproduct_cat&post=13730"},{"taxonomy":"product_tag","embeddable":true,"href":"https:\/\/kechbureau.ma\/index.php?rest_route=%2Fwp%2Fv2%2Fproduct_tag&post=13730"}],"curies":[{"name":"wp","href":"https:\/\/api.w.org\/{rel}","templated":true}]}}