{"id":13631,"date":"2022-06-16T11:57:59","date_gmt":"2022-06-16T09:57:59","guid":{"rendered":"https:\/\/kechbureau.ma\/?post_type=product&#038;p=13631"},"modified":"2022-06-16T11:58:00","modified_gmt":"2022-06-16T09:58:00","slug":"lenovo-monitor-c24-20-23-8-hdmi-vga","status":"publish","type":"product","link":"https:\/\/kechbureau.ma\/?product=lenovo-monitor-c24-20-23-8-hdmi-vga","title":{"rendered":"LENOVO MONITOR C24-20 23.8 HDMI VGA"},"content":{"rendered":"<h2 class=\"page-product-heading\">FICHE TECHNIQUE<\/h2>\n<table class=\"table-data-sheet\">\n<tbody>\n<tr class=\"odd\">\n<td>Taille de l&#8217;\u00e9cran (diagonale)<\/td>\n<td>23.8&#8243;<\/td>\n<\/tr>\n<tr class=\"even\">\n<td>Type de dalle<\/td>\n<td>VA (Vertical Alignment)<\/td>\n<\/tr>\n<tr class=\"odd\">\n<td>Technologie de r\u00e9tro\u00e9clairage<\/td>\n<td>WLED<\/td>\n<\/tr>\n<tr class=\"even\">\n<td>R\u00e9solution optimale<\/td>\n<td>1920&#215;1080<\/td>\n<\/tr>\n<tr class=\"odd\">\n<td>Format de l&#8217;image<\/td>\n<td>16:9<\/td>\n<\/tr>\n<tr class=\"even\">\n<td>Temps de r\u00e9ponse<\/td>\n<td>4 ms (Extreme mode) \/ 6 ms (Normal Mode)<\/td>\n<\/tr>\n<tr class=\"odd\">\n<td>Connectivit\u00e9<\/td>\n<td>HDMI, VGA<\/td>\n<\/tr>\n<tr class=\"even\">\n<td>Connecteurs d&#8217;entr\u00e9e<\/td>\n<td>HDMI, VGA<\/td>\n<\/tr>\n<tr class=\"odd\">\n<td>R\u00e9glages de la position de l&#8217;\u00e9cran<\/td>\n<td>(front\/back) -5\u00b0 \/ 22\u00b0<\/td>\n<\/tr>\n<tr class=\"even\">\n<td>Taux de rafra\u00eechissement<\/td>\n<td>75 Hz<\/td>\n<\/tr>\n<\/tbody>\n<\/table>\n","protected":false},"excerpt":{"rendered":"<p>FICHE TECHNIQUE Taille de l&#8217;\u00e9cran (diagonale) 23.8&#8243; Type de dalle VA (Vertical Alignment) Technologie de r\u00e9tro\u00e9clairage WLED R\u00e9solution optimale 1920&#215;1080 Format de l&#8217;image 16:9 Temps de r\u00e9ponse 4 ms (Extreme<\/p>\n","protected":false},"featured_media":13632,"comment_status":"open","ping_status":"closed","template":"","meta":{"kk_blocks_editor_width":"","_kiokenblocks_attr":"","_kiokenblocks_dimensions":""},"product_brand":[],"product_cat":[633],"product_tag":[],"class_list":{"0":"post-13631","1":"product","2":"type-product","3":"status-publish","4":"has-post-thumbnail","6":"product_cat-moniteurs","8":"first","9":"instock","10":"taxable","11":"shipping-taxable","12":"purchasable","13":"product-type-simple"},"yoast_head":"<!-- This site is optimized with the Yoast SEO plugin v27.3 - https:\/\/yoast.com\/product\/yoast-seo-wordpress\/ -->\n<title>LENOVO MONITOR C24-20 23.8 HDMI VGA - KECH BUREAU<\/title>\n<meta name=\"robots\" content=\"index, follow, max-snippet:-1, max-image-preview:large, max-video-preview:-1\" \/>\n<link rel=\"canonical\" href=\"https:\/\/kechbureau.ma\/?product=lenovo-monitor-c24-20-23-8-hdmi-vga\" \/>\n<meta property=\"og:locale\" content=\"fr_FR\" \/>\n<meta property=\"og:type\" content=\"article\" \/>\n<meta property=\"og:title\" content=\"LENOVO MONITOR C24-20 23.8 HDMI VGA - KECH BUREAU\" \/>\n<meta property=\"og:description\" content=\"FICHE TECHNIQUE Taille de l&#8217;\u00e9cran (diagonale) 23.8&#8243; Type de dalle VA (Vertical Alignment) Technologie de r\u00e9tro\u00e9clairage WLED R\u00e9solution optimale 1920&#215;1080 Format de l&#8217;image 16:9 Temps de r\u00e9ponse 4 ms (Extreme\" \/>\n<meta property=\"og:url\" content=\"https:\/\/kechbureau.ma\/?product=lenovo-monitor-c24-20-23-8-hdmi-vga\" \/>\n<meta property=\"og:site_name\" content=\"KECH BUREAU\" \/>\n<meta property=\"article:modified_time\" content=\"2022-06-16T09:58:00+00:00\" \/>\n<meta property=\"og:image\" content=\"https:\/\/kechbureau.ma\/wp-content\/uploads\/2022\/06\/c24-20-a20238fd0-238inch-monitor-hdmi.jpg\" \/>\n\t<meta property=\"og:image:width\" content=\"458\" \/>\n\t<meta property=\"og:image:height\" content=\"458\" \/>\n\t<meta property=\"og:image:type\" content=\"image\/jpeg\" \/>\n<meta name=\"twitter:card\" content=\"summary_large_image\" \/>\n<script type=\"application\/ld+json\" class=\"yoast-schema-graph\">{\"@context\":\"https:\\\/\\\/schema.org\",\"@graph\":[{\"@type\":\"WebPage\",\"@id\":\"https:\\\/\\\/kechbureau.ma\\\/?product=lenovo-monitor-c24-20-23-8-hdmi-vga\",\"url\":\"https:\\\/\\\/kechbureau.ma\\\/?product=lenovo-monitor-c24-20-23-8-hdmi-vga\",\"name\":\"LENOVO MONITOR C24-20 23.8 HDMI VGA - KECH BUREAU\",\"isPartOf\":{\"@id\":\"https:\\\/\\\/kechbureau.ma\\\/#website\"},\"primaryImageOfPage\":{\"@id\":\"https:\\\/\\\/kechbureau.ma\\\/?product=lenovo-monitor-c24-20-23-8-hdmi-vga#primaryimage\"},\"image\":{\"@id\":\"https:\\\/\\\/kechbureau.ma\\\/?product=lenovo-monitor-c24-20-23-8-hdmi-vga#primaryimage\"},\"thumbnailUrl\":\"https:\\\/\\\/kechbureau.ma\\\/wp-content\\\/uploads\\\/2022\\\/06\\\/c24-20-a20238fd0-238inch-monitor-hdmi.jpg\",\"datePublished\":\"2022-06-16T09:57:59+00:00\",\"dateModified\":\"2022-06-16T09:58:00+00:00\",\"breadcrumb\":{\"@id\":\"https:\\\/\\\/kechbureau.ma\\\/?product=lenovo-monitor-c24-20-23-8-hdmi-vga#breadcrumb\"},\"inLanguage\":\"fr-FR\",\"potentialAction\":[{\"@type\":\"ReadAction\",\"target\":[\"https:\\\/\\\/kechbureau.ma\\\/?product=lenovo-monitor-c24-20-23-8-hdmi-vga\"]}]},{\"@type\":\"ImageObject\",\"inLanguage\":\"fr-FR\",\"@id\":\"https:\\\/\\\/kechbureau.ma\\\/?product=lenovo-monitor-c24-20-23-8-hdmi-vga#primaryimage\",\"url\":\"https:\\\/\\\/kechbureau.ma\\\/wp-content\\\/uploads\\\/2022\\\/06\\\/c24-20-a20238fd0-238inch-monitor-hdmi.jpg\",\"contentUrl\":\"https:\\\/\\\/kechbureau.ma\\\/wp-content\\\/uploads\\\/2022\\\/06\\\/c24-20-a20238fd0-238inch-monitor-hdmi.jpg\",\"width\":458,\"height\":458},{\"@type\":\"BreadcrumbList\",\"@id\":\"https:\\\/\\\/kechbureau.ma\\\/?product=lenovo-monitor-c24-20-23-8-hdmi-vga#breadcrumb\",\"itemListElement\":[{\"@type\":\"ListItem\",\"position\":1,\"name\":\"Accueil\",\"item\":\"https:\\\/\\\/kechbureau.ma\\\/\"},{\"@type\":\"ListItem\",\"position\":2,\"name\":\"Shop\",\"item\":\"https:\\\/\\\/kechbureau.ma\\\/?page_id=3853\"},{\"@type\":\"ListItem\",\"position\":3,\"name\":\"LENOVO MONITOR C24-20 23.8 HDMI VGA\"}]},{\"@type\":\"WebSite\",\"@id\":\"https:\\\/\\\/kechbureau.ma\\\/#website\",\"url\":\"https:\\\/\\\/kechbureau.ma\\\/\",\"name\":\"KECH BUREAU\",\"description\":\"MARRAKECH BUREAU\",\"potentialAction\":[{\"@type\":\"SearchAction\",\"target\":{\"@type\":\"EntryPoint\",\"urlTemplate\":\"https:\\\/\\\/kechbureau.ma\\\/?s={search_term_string}\"},\"query-input\":{\"@type\":\"PropertyValueSpecification\",\"valueRequired\":true,\"valueName\":\"search_term_string\"}}],\"inLanguage\":\"fr-FR\"}]}<\/script>\n<!-- \/ Yoast SEO plugin. -->","yoast_head_json":{"title":"LENOVO MONITOR C24-20 23.8 HDMI VGA - KECH BUREAU","robots":{"index":"index","follow":"follow","max-snippet":"max-snippet:-1","max-image-preview":"max-image-preview:large","max-video-preview":"max-video-preview:-1"},"canonical":"https:\/\/kechbureau.ma\/?product=lenovo-monitor-c24-20-23-8-hdmi-vga","og_locale":"fr_FR","og_type":"article","og_title":"LENOVO MONITOR C24-20 23.8 HDMI VGA - KECH BUREAU","og_description":"FICHE TECHNIQUE Taille de l&#8217;\u00e9cran (diagonale) 23.8&#8243; Type de dalle VA (Vertical Alignment) Technologie de r\u00e9tro\u00e9clairage WLED R\u00e9solution optimale 1920&#215;1080 Format de l&#8217;image 16:9 Temps de r\u00e9ponse 4 ms (Extreme","og_url":"https:\/\/kechbureau.ma\/?product=lenovo-monitor-c24-20-23-8-hdmi-vga","og_site_name":"KECH BUREAU","article_modified_time":"2022-06-16T09:58:00+00:00","og_image":[{"width":458,"height":458,"url":"https:\/\/kechbureau.ma\/wp-content\/uploads\/2022\/06\/c24-20-a20238fd0-238inch-monitor-hdmi.jpg","type":"image\/jpeg"}],"twitter_card":"summary_large_image","schema":{"@context":"https:\/\/schema.org","@graph":[{"@type":"WebPage","@id":"https:\/\/kechbureau.ma\/?product=lenovo-monitor-c24-20-23-8-hdmi-vga","url":"https:\/\/kechbureau.ma\/?product=lenovo-monitor-c24-20-23-8-hdmi-vga","name":"LENOVO MONITOR C24-20 23.8 HDMI VGA - KECH BUREAU","isPartOf":{"@id":"https:\/\/kechbureau.ma\/#website"},"primaryImageOfPage":{"@id":"https:\/\/kechbureau.ma\/?product=lenovo-monitor-c24-20-23-8-hdmi-vga#primaryimage"},"image":{"@id":"https:\/\/kechbureau.ma\/?product=lenovo-monitor-c24-20-23-8-hdmi-vga#primaryimage"},"thumbnailUrl":"https:\/\/kechbureau.ma\/wp-content\/uploads\/2022\/06\/c24-20-a20238fd0-238inch-monitor-hdmi.jpg","datePublished":"2022-06-16T09:57:59+00:00","dateModified":"2022-06-16T09:58:00+00:00","breadcrumb":{"@id":"https:\/\/kechbureau.ma\/?product=lenovo-monitor-c24-20-23-8-hdmi-vga#breadcrumb"},"inLanguage":"fr-FR","potentialAction":[{"@type":"ReadAction","target":["https:\/\/kechbureau.ma\/?product=lenovo-monitor-c24-20-23-8-hdmi-vga"]}]},{"@type":"ImageObject","inLanguage":"fr-FR","@id":"https:\/\/kechbureau.ma\/?product=lenovo-monitor-c24-20-23-8-hdmi-vga#primaryimage","url":"https:\/\/kechbureau.ma\/wp-content\/uploads\/2022\/06\/c24-20-a20238fd0-238inch-monitor-hdmi.jpg","contentUrl":"https:\/\/kechbureau.ma\/wp-content\/uploads\/2022\/06\/c24-20-a20238fd0-238inch-monitor-hdmi.jpg","width":458,"height":458},{"@type":"BreadcrumbList","@id":"https:\/\/kechbureau.ma\/?product=lenovo-monitor-c24-20-23-8-hdmi-vga#breadcrumb","itemListElement":[{"@type":"ListItem","position":1,"name":"Accueil","item":"https:\/\/kechbureau.ma\/"},{"@type":"ListItem","position":2,"name":"Shop","item":"https:\/\/kechbureau.ma\/?page_id=3853"},{"@type":"ListItem","position":3,"name":"LENOVO MONITOR C24-20 23.8 HDMI VGA"}]},{"@type":"WebSite","@id":"https:\/\/kechbureau.ma\/#website","url":"https:\/\/kechbureau.ma\/","name":"KECH BUREAU","description":"MARRAKECH BUREAU","potentialAction":[{"@type":"SearchAction","target":{"@type":"EntryPoint","urlTemplate":"https:\/\/kechbureau.ma\/?s={search_term_string}"},"query-input":{"@type":"PropertyValueSpecification","valueRequired":true,"valueName":"search_term_string"}}],"inLanguage":"fr-FR"}]}},"_links":{"self":[{"href":"https:\/\/kechbureau.ma\/index.php?rest_route=\/wp\/v2\/product\/13631","targetHints":{"allow":["GET"]}}],"collection":[{"href":"https:\/\/kechbureau.ma\/index.php?rest_route=\/wp\/v2\/product"}],"about":[{"href":"https:\/\/kechbureau.ma\/index.php?rest_route=\/wp\/v2\/types\/product"}],"replies":[{"embeddable":true,"href":"https:\/\/kechbureau.ma\/index.php?rest_route=%2Fwp%2Fv2%2Fcomments&post=13631"}],"wp:featuredmedia":[{"embeddable":true,"href":"https:\/\/kechbureau.ma\/index.php?rest_route=\/wp\/v2\/media\/13632"}],"wp:attachment":[{"href":"https:\/\/kechbureau.ma\/index.php?rest_route=%2Fwp%2Fv2%2Fmedia&parent=13631"}],"wp:term":[{"taxonomy":"product_brand","embeddable":true,"href":"https:\/\/kechbureau.ma\/index.php?rest_route=%2Fwp%2Fv2%2Fproduct_brand&post=13631"},{"taxonomy":"product_cat","embeddable":true,"href":"https:\/\/kechbureau.ma\/index.php?rest_route=%2Fwp%2Fv2%2Fproduct_cat&post=13631"},{"taxonomy":"product_tag","embeddable":true,"href":"https:\/\/kechbureau.ma\/index.php?rest_route=%2Fwp%2Fv2%2Fproduct_tag&post=13631"}],"curies":[{"name":"wp","href":"https:\/\/api.w.org\/{rel}","templated":true}]}}