{"id":13454,"date":"2022-04-04T19:53:26","date_gmt":"2022-04-04T17:53:26","guid":{"rendered":"https:\/\/kechbureau.ma\/?post_type=product&#038;p=13454"},"modified":"2025-07-21T00:40:59","modified_gmt":"2025-07-20T22:40:59","slug":"hp-laserjet-mfp-141a-3en1","status":"publish","type":"product","link":"https:\/\/kechbureau.ma\/?product=hp-laserjet-mfp-141a-3en1","title":{"rendered":"HP LASERJET MFP 141A 3en1"},"content":{"rendered":"<h1 class=\"h1\">HP Laser M141a MFP 3en1 Non Mono A4 20 B&amp;WPPM 20 12M.<\/h1>\n<p><strong>Fonctions:<\/strong>\u00a0Impression, num\u00e9risation, copie<\/p>\n<p>&#8211;\u00a0<strong>Format Papier:\u00a0<\/strong>A4<strong>\u00a0<\/strong><\/p>\n<p><strong>&#8211;\u00a0Technologie d&#8217;impression:<\/strong>\u00a0Laser \u00a0&#8211; Vitesse d&#8217;impression: Jusqu&#8217;\u00e0 20 ppm<\/p>\n<p>&#8211;\u00a0<strong>R\u00e9solution d&#8217;impression:\u00a0<\/strong>Jusqu&#8217;\u00e0 600 x 600 ppp<\/p>\n<p>&#8211;<strong>\u00a0R\u00e9solution de num\u00e9risation:<\/strong>\u00a0Jusqu&#8217;\u00e0 600 ppp &#8211; R\u00e9solution de la copie: 600 x 400 ppp &#8211; M\u00e9moire:\u00a064 Mo &#8211; Bac d&#8217;entr\u00e9e papier standard: de 150 feuilles<\/p>\n<p>&#8211;\u00a0<strong>Connectivit\u00e9:<\/strong>\u00a01 USB haut d\u00e9bit (compatible avec les sp\u00e9cifications USB 2.0) Radio Wi-Fi 802.11b\/g\/n (2,4 GHz) + BLE &#8211; Dimensions: 360 x 264 x 197 mm &#8211; Poids: 5,39 kg<\/p>\n<p>&#8211;\u00a0<strong>Garantie:<\/strong>\u00a01 an<\/p>\n","protected":false},"excerpt":{"rendered":"<p>HP Laser M141a MFP 3en1 Non Mono A4 20 B&amp;WPPM 20 12M. Fonctions:\u00a0Impression, num\u00e9risation, copie &#8211;\u00a0Format Papier:\u00a0A4\u00a0 &#8211;\u00a0Technologie d&#8217;impression:\u00a0Laser \u00a0&#8211; Vitesse d&#8217;impression: Jusqu&#8217;\u00e0 20 ppm &#8211;\u00a0R\u00e9solution d&#8217;impression:\u00a0Jusqu&#8217;\u00e0 600 x 600<\/p>\n","protected":false},"featured_media":13456,"comment_status":"open","ping_status":"closed","template":"","meta":{"kk_blocks_editor_width":"","_kiokenblocks_attr":"","_kiokenblocks_dimensions":""},"product_brand":[],"product_cat":[420,500],"product_tag":[],"class_list":{"0":"post-13454","1":"product","2":"type-product","3":"status-publish","4":"has-post-thumbnail","6":"product_cat-printers-ink","7":"product_cat-printers-laser","9":"first","10":"instock","11":"sale","12":"taxable","13":"shipping-taxable","14":"purchasable","15":"product-type-simple"},"yoast_head":"<!-- This site is optimized with the Yoast SEO plugin v27.5 - https:\/\/yoast.com\/product\/yoast-seo-wordpress\/ -->\n<title>HP LASERJET MFP 141A 3en1 - KECH BUREAU<\/title>\n<meta name=\"robots\" content=\"index, follow, max-snippet:-1, max-image-preview:large, max-video-preview:-1\" \/>\n<link rel=\"canonical\" href=\"https:\/\/kechbureau.ma\/?product=hp-laserjet-mfp-141a-3en1\" \/>\n<meta property=\"og:locale\" content=\"fr_FR\" \/>\n<meta property=\"og:type\" content=\"article\" \/>\n<meta property=\"og:title\" content=\"HP LASERJET MFP 141A 3en1 - KECH BUREAU\" \/>\n<meta property=\"og:description\" content=\"HP Laser M141a MFP 3en1 Non Mono A4 20 B&amp;WPPM 20 12M. Fonctions:\u00a0Impression, num\u00e9risation, copie &#8211;\u00a0Format Papier:\u00a0A4\u00a0 &#8211;\u00a0Technologie d&#8217;impression:\u00a0Laser \u00a0&#8211; Vitesse d&#8217;impression: Jusqu&#8217;\u00e0 20 ppm &#8211;\u00a0R\u00e9solution d&#8217;impression:\u00a0Jusqu&#8217;\u00e0 600 x 600\" \/>\n<meta property=\"og:url\" content=\"https:\/\/kechbureau.ma\/?product=hp-laserjet-mfp-141a-3en1\" \/>\n<meta property=\"og:site_name\" content=\"KECH BUREAU\" \/>\n<meta property=\"article:modified_time\" content=\"2025-07-20T22:40:59+00:00\" \/>\n<meta property=\"og:image\" content=\"https:\/\/kechbureau.ma\/wp-content\/uploads\/2022\/04\/imprimante-hp-laserjet-3en1-mfp-141a-blanc.png\" \/>\n\t<meta property=\"og:image:width\" content=\"1000\" \/>\n\t<meta property=\"og:image:height\" content=\"1000\" \/>\n\t<meta property=\"og:image:type\" content=\"image\/png\" \/>\n<meta name=\"twitter:card\" content=\"summary_large_image\" \/>\n<script type=\"application\/ld+json\" class=\"yoast-schema-graph\">{\"@context\":\"https:\\\/\\\/schema.org\",\"@graph\":[{\"@type\":\"WebPage\",\"@id\":\"https:\\\/\\\/kechbureau.ma\\\/?product=hp-laserjet-mfp-141a-3en1\",\"url\":\"https:\\\/\\\/kechbureau.ma\\\/?product=hp-laserjet-mfp-141a-3en1\",\"name\":\"HP LASERJET MFP 141A 3en1 - KECH BUREAU\",\"isPartOf\":{\"@id\":\"https:\\\/\\\/kechbureau.ma\\\/#website\"},\"primaryImageOfPage\":{\"@id\":\"https:\\\/\\\/kechbureau.ma\\\/?product=hp-laserjet-mfp-141a-3en1#primaryimage\"},\"image\":{\"@id\":\"https:\\\/\\\/kechbureau.ma\\\/?product=hp-laserjet-mfp-141a-3en1#primaryimage\"},\"thumbnailUrl\":\"https:\\\/\\\/kechbureau.ma\\\/wp-content\\\/uploads\\\/2022\\\/04\\\/imprimante-hp-laserjet-3en1-mfp-141a-blanc.png\",\"datePublished\":\"2022-04-04T17:53:26+00:00\",\"dateModified\":\"2025-07-20T22:40:59+00:00\",\"breadcrumb\":{\"@id\":\"https:\\\/\\\/kechbureau.ma\\\/?product=hp-laserjet-mfp-141a-3en1#breadcrumb\"},\"inLanguage\":\"fr-FR\",\"potentialAction\":[{\"@type\":\"ReadAction\",\"target\":[\"https:\\\/\\\/kechbureau.ma\\\/?product=hp-laserjet-mfp-141a-3en1\"]}]},{\"@type\":\"ImageObject\",\"inLanguage\":\"fr-FR\",\"@id\":\"https:\\\/\\\/kechbureau.ma\\\/?product=hp-laserjet-mfp-141a-3en1#primaryimage\",\"url\":\"https:\\\/\\\/kechbureau.ma\\\/wp-content\\\/uploads\\\/2022\\\/04\\\/imprimante-hp-laserjet-3en1-mfp-141a-blanc.png\",\"contentUrl\":\"https:\\\/\\\/kechbureau.ma\\\/wp-content\\\/uploads\\\/2022\\\/04\\\/imprimante-hp-laserjet-3en1-mfp-141a-blanc.png\",\"width\":1000,\"height\":1000},{\"@type\":\"BreadcrumbList\",\"@id\":\"https:\\\/\\\/kechbureau.ma\\\/?product=hp-laserjet-mfp-141a-3en1#breadcrumb\",\"itemListElement\":[{\"@type\":\"ListItem\",\"position\":1,\"name\":\"Accueil\",\"item\":\"https:\\\/\\\/kechbureau.ma\\\/\"},{\"@type\":\"ListItem\",\"position\":2,\"name\":\"Shop\",\"item\":\"https:\\\/\\\/kechbureau.ma\\\/?page_id=3853\"},{\"@type\":\"ListItem\",\"position\":3,\"name\":\"HP LASERJET MFP 141A 3en1\"}]},{\"@type\":\"WebSite\",\"@id\":\"https:\\\/\\\/kechbureau.ma\\\/#website\",\"url\":\"https:\\\/\\\/kechbureau.ma\\\/\",\"name\":\"KECH BUREAU\",\"description\":\"MARRAKECH BUREAU\",\"potentialAction\":[{\"@type\":\"SearchAction\",\"target\":{\"@type\":\"EntryPoint\",\"urlTemplate\":\"https:\\\/\\\/kechbureau.ma\\\/?s={search_term_string}\"},\"query-input\":{\"@type\":\"PropertyValueSpecification\",\"valueRequired\":true,\"valueName\":\"search_term_string\"}}],\"inLanguage\":\"fr-FR\"}]}<\/script>\n<!-- \/ Yoast SEO plugin. -->","yoast_head_json":{"title":"HP LASERJET MFP 141A 3en1 - KECH BUREAU","robots":{"index":"index","follow":"follow","max-snippet":"max-snippet:-1","max-image-preview":"max-image-preview:large","max-video-preview":"max-video-preview:-1"},"canonical":"https:\/\/kechbureau.ma\/?product=hp-laserjet-mfp-141a-3en1","og_locale":"fr_FR","og_type":"article","og_title":"HP LASERJET MFP 141A 3en1 - KECH BUREAU","og_description":"HP Laser M141a MFP 3en1 Non Mono A4 20 B&amp;WPPM 20 12M. Fonctions:\u00a0Impression, num\u00e9risation, copie &#8211;\u00a0Format Papier:\u00a0A4\u00a0 &#8211;\u00a0Technologie d&#8217;impression:\u00a0Laser \u00a0&#8211; Vitesse d&#8217;impression: Jusqu&#8217;\u00e0 20 ppm &#8211;\u00a0R\u00e9solution d&#8217;impression:\u00a0Jusqu&#8217;\u00e0 600 x 600","og_url":"https:\/\/kechbureau.ma\/?product=hp-laserjet-mfp-141a-3en1","og_site_name":"KECH BUREAU","article_modified_time":"2025-07-20T22:40:59+00:00","og_image":[{"width":1000,"height":1000,"url":"https:\/\/kechbureau.ma\/wp-content\/uploads\/2022\/04\/imprimante-hp-laserjet-3en1-mfp-141a-blanc.png","type":"image\/png"}],"twitter_card":"summary_large_image","schema":{"@context":"https:\/\/schema.org","@graph":[{"@type":"WebPage","@id":"https:\/\/kechbureau.ma\/?product=hp-laserjet-mfp-141a-3en1","url":"https:\/\/kechbureau.ma\/?product=hp-laserjet-mfp-141a-3en1","name":"HP LASERJET MFP 141A 3en1 - KECH BUREAU","isPartOf":{"@id":"https:\/\/kechbureau.ma\/#website"},"primaryImageOfPage":{"@id":"https:\/\/kechbureau.ma\/?product=hp-laserjet-mfp-141a-3en1#primaryimage"},"image":{"@id":"https:\/\/kechbureau.ma\/?product=hp-laserjet-mfp-141a-3en1#primaryimage"},"thumbnailUrl":"https:\/\/kechbureau.ma\/wp-content\/uploads\/2022\/04\/imprimante-hp-laserjet-3en1-mfp-141a-blanc.png","datePublished":"2022-04-04T17:53:26+00:00","dateModified":"2025-07-20T22:40:59+00:00","breadcrumb":{"@id":"https:\/\/kechbureau.ma\/?product=hp-laserjet-mfp-141a-3en1#breadcrumb"},"inLanguage":"fr-FR","potentialAction":[{"@type":"ReadAction","target":["https:\/\/kechbureau.ma\/?product=hp-laserjet-mfp-141a-3en1"]}]},{"@type":"ImageObject","inLanguage":"fr-FR","@id":"https:\/\/kechbureau.ma\/?product=hp-laserjet-mfp-141a-3en1#primaryimage","url":"https:\/\/kechbureau.ma\/wp-content\/uploads\/2022\/04\/imprimante-hp-laserjet-3en1-mfp-141a-blanc.png","contentUrl":"https:\/\/kechbureau.ma\/wp-content\/uploads\/2022\/04\/imprimante-hp-laserjet-3en1-mfp-141a-blanc.png","width":1000,"height":1000},{"@type":"BreadcrumbList","@id":"https:\/\/kechbureau.ma\/?product=hp-laserjet-mfp-141a-3en1#breadcrumb","itemListElement":[{"@type":"ListItem","position":1,"name":"Accueil","item":"https:\/\/kechbureau.ma\/"},{"@type":"ListItem","position":2,"name":"Shop","item":"https:\/\/kechbureau.ma\/?page_id=3853"},{"@type":"ListItem","position":3,"name":"HP LASERJET MFP 141A 3en1"}]},{"@type":"WebSite","@id":"https:\/\/kechbureau.ma\/#website","url":"https:\/\/kechbureau.ma\/","name":"KECH BUREAU","description":"MARRAKECH BUREAU","potentialAction":[{"@type":"SearchAction","target":{"@type":"EntryPoint","urlTemplate":"https:\/\/kechbureau.ma\/?s={search_term_string}"},"query-input":{"@type":"PropertyValueSpecification","valueRequired":true,"valueName":"search_term_string"}}],"inLanguage":"fr-FR"}]}},"_links":{"self":[{"href":"https:\/\/kechbureau.ma\/index.php?rest_route=\/wp\/v2\/product\/13454","targetHints":{"allow":["GET"]}}],"collection":[{"href":"https:\/\/kechbureau.ma\/index.php?rest_route=\/wp\/v2\/product"}],"about":[{"href":"https:\/\/kechbureau.ma\/index.php?rest_route=\/wp\/v2\/types\/product"}],"replies":[{"embeddable":true,"href":"https:\/\/kechbureau.ma\/index.php?rest_route=%2Fwp%2Fv2%2Fcomments&post=13454"}],"wp:featuredmedia":[{"embeddable":true,"href":"https:\/\/kechbureau.ma\/index.php?rest_route=\/wp\/v2\/media\/13456"}],"wp:attachment":[{"href":"https:\/\/kechbureau.ma\/index.php?rest_route=%2Fwp%2Fv2%2Fmedia&parent=13454"}],"wp:term":[{"taxonomy":"product_brand","embeddable":true,"href":"https:\/\/kechbureau.ma\/index.php?rest_route=%2Fwp%2Fv2%2Fproduct_brand&post=13454"},{"taxonomy":"product_cat","embeddable":true,"href":"https:\/\/kechbureau.ma\/index.php?rest_route=%2Fwp%2Fv2%2Fproduct_cat&post=13454"},{"taxonomy":"product_tag","embeddable":true,"href":"https:\/\/kechbureau.ma\/index.php?rest_route=%2Fwp%2Fv2%2Fproduct_tag&post=13454"}],"curies":[{"name":"wp","href":"https:\/\/api.w.org\/{rel}","templated":true}]}}