{"id":13449,"date":"2022-04-04T19:40:12","date_gmt":"2022-04-04T17:40:12","guid":{"rendered":"https:\/\/kechbureau.ma\/?post_type=product&#038;p=13449"},"modified":"2023-11-26T21:40:48","modified_gmt":"2023-11-26T20:40:48","slug":"imprimante-laser-monochrome-hp-laser-107w","status":"publish","type":"product","link":"https:\/\/kechbureau.ma\/?product=imprimante-laser-monochrome-hp-laser-107w","title":{"rendered":"Imprimante Laser Monochrome HP Laser 107w"},"content":{"rendered":"<p>Vitesse d&#8217;impression noir: 20 pages par minute (norme ISO)<br \/>\nQualit\u00e9 d&#8217;impression noire: Jusqu\u2019\u00e0 1 200 x 1 200 ppp<br \/>\nVolume de pages mensuel recommand\u00e9: 100 \u00e0 1 500<br \/>\nImpression recto\/verso: Manuel (avec prise en charge des pilotes)<br \/>\nFonctionne avec: 1 (noir)<br \/>\nConnectivit\u00e9: Port USB 2.0 haut d\u00e9bit, sans fil 802.11 b\/g\/n<\/p>\n","protected":false},"excerpt":{"rendered":"<p>Vitesse d&#8217;impression noir: 20 pages par minute (norme ISO) Qualit\u00e9 d&#8217;impression noire: Jusqu\u2019\u00e0 1 200 x 1 200 ppp Volume de pages mensuel recommand\u00e9: 100 \u00e0 1 500 Impression recto\/verso:<\/p>\n","protected":false},"featured_media":13453,"comment_status":"open","ping_status":"closed","template":"","meta":{"kk_blocks_editor_width":"","_kiokenblocks_attr":"","_kiokenblocks_dimensions":""},"product_brand":[],"product_cat":[642,420,500],"product_tag":[],"class_list":{"0":"post-13449","1":"product","2":"type-product","3":"status-publish","4":"has-post-thumbnail","6":"product_cat-hp","7":"product_cat-printers-ink","8":"product_cat-printers-laser","10":"first","11":"instock","12":"sale","13":"taxable","14":"shipping-taxable","15":"purchasable","16":"product-type-simple"},"yoast_head":"<!-- This site is optimized with the Yoast SEO plugin v27.5 - https:\/\/yoast.com\/product\/yoast-seo-wordpress\/ -->\n<title>Imprimante Laser Monochrome HP Laser 107w - KECH BUREAU<\/title>\n<meta name=\"robots\" content=\"index, follow, max-snippet:-1, max-image-preview:large, max-video-preview:-1\" \/>\n<link rel=\"canonical\" href=\"https:\/\/kechbureau.ma\/?product=imprimante-laser-monochrome-hp-laser-107w\" \/>\n<meta property=\"og:locale\" content=\"fr_FR\" \/>\n<meta property=\"og:type\" content=\"article\" \/>\n<meta property=\"og:title\" content=\"Imprimante Laser Monochrome HP Laser 107w - KECH BUREAU\" \/>\n<meta property=\"og:description\" content=\"Vitesse d&#8217;impression noir: 20 pages par minute (norme ISO) Qualit\u00e9 d&#8217;impression noire: Jusqu\u2019\u00e0 1 200 x 1 200 ppp Volume de pages mensuel recommand\u00e9: 100 \u00e0 1 500 Impression recto\/verso:\" \/>\n<meta property=\"og:url\" content=\"https:\/\/kechbureau.ma\/?product=imprimante-laser-monochrome-hp-laser-107w\" \/>\n<meta property=\"og:site_name\" content=\"KECH BUREAU\" \/>\n<meta property=\"article:modified_time\" content=\"2023-11-26T20:40:48+00:00\" \/>\n<meta property=\"og:image\" content=\"https:\/\/kechbureau.ma\/wp-content\/uploads\/2022\/04\/image_4147642.jpg\" \/>\n\t<meta property=\"og:image:width\" content=\"550\" \/>\n\t<meta property=\"og:image:height\" content=\"550\" \/>\n\t<meta property=\"og:image:type\" content=\"image\/jpeg\" \/>\n<meta name=\"twitter:card\" content=\"summary_large_image\" \/>\n<script type=\"application\/ld+json\" class=\"yoast-schema-graph\">{\"@context\":\"https:\\\/\\\/schema.org\",\"@graph\":[{\"@type\":\"WebPage\",\"@id\":\"https:\\\/\\\/kechbureau.ma\\\/?product=imprimante-laser-monochrome-hp-laser-107w\",\"url\":\"https:\\\/\\\/kechbureau.ma\\\/?product=imprimante-laser-monochrome-hp-laser-107w\",\"name\":\"Imprimante Laser Monochrome HP Laser 107w - KECH BUREAU\",\"isPartOf\":{\"@id\":\"https:\\\/\\\/kechbureau.ma\\\/#website\"},\"primaryImageOfPage\":{\"@id\":\"https:\\\/\\\/kechbureau.ma\\\/?product=imprimante-laser-monochrome-hp-laser-107w#primaryimage\"},\"image\":{\"@id\":\"https:\\\/\\\/kechbureau.ma\\\/?product=imprimante-laser-monochrome-hp-laser-107w#primaryimage\"},\"thumbnailUrl\":\"https:\\\/\\\/kechbureau.ma\\\/wp-content\\\/uploads\\\/2022\\\/04\\\/image_4147642.jpg\",\"datePublished\":\"2022-04-04T17:40:12+00:00\",\"dateModified\":\"2023-11-26T20:40:48+00:00\",\"breadcrumb\":{\"@id\":\"https:\\\/\\\/kechbureau.ma\\\/?product=imprimante-laser-monochrome-hp-laser-107w#breadcrumb\"},\"inLanguage\":\"fr-FR\",\"potentialAction\":[{\"@type\":\"ReadAction\",\"target\":[\"https:\\\/\\\/kechbureau.ma\\\/?product=imprimante-laser-monochrome-hp-laser-107w\"]}]},{\"@type\":\"ImageObject\",\"inLanguage\":\"fr-FR\",\"@id\":\"https:\\\/\\\/kechbureau.ma\\\/?product=imprimante-laser-monochrome-hp-laser-107w#primaryimage\",\"url\":\"https:\\\/\\\/kechbureau.ma\\\/wp-content\\\/uploads\\\/2022\\\/04\\\/image_4147642.jpg\",\"contentUrl\":\"https:\\\/\\\/kechbureau.ma\\\/wp-content\\\/uploads\\\/2022\\\/04\\\/image_4147642.jpg\",\"width\":550,\"height\":550},{\"@type\":\"BreadcrumbList\",\"@id\":\"https:\\\/\\\/kechbureau.ma\\\/?product=imprimante-laser-monochrome-hp-laser-107w#breadcrumb\",\"itemListElement\":[{\"@type\":\"ListItem\",\"position\":1,\"name\":\"Accueil\",\"item\":\"https:\\\/\\\/kechbureau.ma\\\/\"},{\"@type\":\"ListItem\",\"position\":2,\"name\":\"Shop\",\"item\":\"https:\\\/\\\/kechbureau.ma\\\/?page_id=3853\"},{\"@type\":\"ListItem\",\"position\":3,\"name\":\"Imprimante Laser Monochrome HP Laser 107w\"}]},{\"@type\":\"WebSite\",\"@id\":\"https:\\\/\\\/kechbureau.ma\\\/#website\",\"url\":\"https:\\\/\\\/kechbureau.ma\\\/\",\"name\":\"KECH BUREAU\",\"description\":\"MARRAKECH BUREAU\",\"potentialAction\":[{\"@type\":\"SearchAction\",\"target\":{\"@type\":\"EntryPoint\",\"urlTemplate\":\"https:\\\/\\\/kechbureau.ma\\\/?s={search_term_string}\"},\"query-input\":{\"@type\":\"PropertyValueSpecification\",\"valueRequired\":true,\"valueName\":\"search_term_string\"}}],\"inLanguage\":\"fr-FR\"}]}<\/script>\n<!-- \/ Yoast SEO plugin. -->","yoast_head_json":{"title":"Imprimante Laser Monochrome HP Laser 107w - KECH BUREAU","robots":{"index":"index","follow":"follow","max-snippet":"max-snippet:-1","max-image-preview":"max-image-preview:large","max-video-preview":"max-video-preview:-1"},"canonical":"https:\/\/kechbureau.ma\/?product=imprimante-laser-monochrome-hp-laser-107w","og_locale":"fr_FR","og_type":"article","og_title":"Imprimante Laser Monochrome HP Laser 107w - KECH BUREAU","og_description":"Vitesse d&#8217;impression noir: 20 pages par minute (norme ISO) Qualit\u00e9 d&#8217;impression noire: Jusqu\u2019\u00e0 1 200 x 1 200 ppp Volume de pages mensuel recommand\u00e9: 100 \u00e0 1 500 Impression recto\/verso:","og_url":"https:\/\/kechbureau.ma\/?product=imprimante-laser-monochrome-hp-laser-107w","og_site_name":"KECH BUREAU","article_modified_time":"2023-11-26T20:40:48+00:00","og_image":[{"width":550,"height":550,"url":"https:\/\/kechbureau.ma\/wp-content\/uploads\/2022\/04\/image_4147642.jpg","type":"image\/jpeg"}],"twitter_card":"summary_large_image","schema":{"@context":"https:\/\/schema.org","@graph":[{"@type":"WebPage","@id":"https:\/\/kechbureau.ma\/?product=imprimante-laser-monochrome-hp-laser-107w","url":"https:\/\/kechbureau.ma\/?product=imprimante-laser-monochrome-hp-laser-107w","name":"Imprimante Laser Monochrome HP Laser 107w - KECH BUREAU","isPartOf":{"@id":"https:\/\/kechbureau.ma\/#website"},"primaryImageOfPage":{"@id":"https:\/\/kechbureau.ma\/?product=imprimante-laser-monochrome-hp-laser-107w#primaryimage"},"image":{"@id":"https:\/\/kechbureau.ma\/?product=imprimante-laser-monochrome-hp-laser-107w#primaryimage"},"thumbnailUrl":"https:\/\/kechbureau.ma\/wp-content\/uploads\/2022\/04\/image_4147642.jpg","datePublished":"2022-04-04T17:40:12+00:00","dateModified":"2023-11-26T20:40:48+00:00","breadcrumb":{"@id":"https:\/\/kechbureau.ma\/?product=imprimante-laser-monochrome-hp-laser-107w#breadcrumb"},"inLanguage":"fr-FR","potentialAction":[{"@type":"ReadAction","target":["https:\/\/kechbureau.ma\/?product=imprimante-laser-monochrome-hp-laser-107w"]}]},{"@type":"ImageObject","inLanguage":"fr-FR","@id":"https:\/\/kechbureau.ma\/?product=imprimante-laser-monochrome-hp-laser-107w#primaryimage","url":"https:\/\/kechbureau.ma\/wp-content\/uploads\/2022\/04\/image_4147642.jpg","contentUrl":"https:\/\/kechbureau.ma\/wp-content\/uploads\/2022\/04\/image_4147642.jpg","width":550,"height":550},{"@type":"BreadcrumbList","@id":"https:\/\/kechbureau.ma\/?product=imprimante-laser-monochrome-hp-laser-107w#breadcrumb","itemListElement":[{"@type":"ListItem","position":1,"name":"Accueil","item":"https:\/\/kechbureau.ma\/"},{"@type":"ListItem","position":2,"name":"Shop","item":"https:\/\/kechbureau.ma\/?page_id=3853"},{"@type":"ListItem","position":3,"name":"Imprimante Laser Monochrome HP Laser 107w"}]},{"@type":"WebSite","@id":"https:\/\/kechbureau.ma\/#website","url":"https:\/\/kechbureau.ma\/","name":"KECH BUREAU","description":"MARRAKECH BUREAU","potentialAction":[{"@type":"SearchAction","target":{"@type":"EntryPoint","urlTemplate":"https:\/\/kechbureau.ma\/?s={search_term_string}"},"query-input":{"@type":"PropertyValueSpecification","valueRequired":true,"valueName":"search_term_string"}}],"inLanguage":"fr-FR"}]}},"_links":{"self":[{"href":"https:\/\/kechbureau.ma\/index.php?rest_route=\/wp\/v2\/product\/13449","targetHints":{"allow":["GET"]}}],"collection":[{"href":"https:\/\/kechbureau.ma\/index.php?rest_route=\/wp\/v2\/product"}],"about":[{"href":"https:\/\/kechbureau.ma\/index.php?rest_route=\/wp\/v2\/types\/product"}],"replies":[{"embeddable":true,"href":"https:\/\/kechbureau.ma\/index.php?rest_route=%2Fwp%2Fv2%2Fcomments&post=13449"}],"wp:featuredmedia":[{"embeddable":true,"href":"https:\/\/kechbureau.ma\/index.php?rest_route=\/wp\/v2\/media\/13453"}],"wp:attachment":[{"href":"https:\/\/kechbureau.ma\/index.php?rest_route=%2Fwp%2Fv2%2Fmedia&parent=13449"}],"wp:term":[{"taxonomy":"product_brand","embeddable":true,"href":"https:\/\/kechbureau.ma\/index.php?rest_route=%2Fwp%2Fv2%2Fproduct_brand&post=13449"},{"taxonomy":"product_cat","embeddable":true,"href":"https:\/\/kechbureau.ma\/index.php?rest_route=%2Fwp%2Fv2%2Fproduct_cat&post=13449"},{"taxonomy":"product_tag","embeddable":true,"href":"https:\/\/kechbureau.ma\/index.php?rest_route=%2Fwp%2Fv2%2Fproduct_tag&post=13449"}],"curies":[{"name":"wp","href":"https:\/\/api.w.org\/{rel}","templated":true}]}}