{"id":13424,"date":"2022-02-20T16:28:32","date_gmt":"2022-02-20T15:28:32","guid":{"rendered":"https:\/\/kechbureau.ma\/?post_type=product&#038;p=13424"},"modified":"2022-02-20T16:28:32","modified_gmt":"2022-02-20T15:28:32","slug":"casque-logitech-pc-960-business","status":"publish","type":"product","link":"https:\/\/kechbureau.ma\/?product=casque-logitech-pc-960-business","title":{"rendered":"CASQUE Logitech PC 960-Business"},"content":{"rendered":"<table class=\"table table-striped table-striped--dark technical-data__table mb-0\">\n<tbody>\n<tr>\n<th class=\"u-text-black\">Connexion micro-casque&nbsp;<\/p>\n<div class=\"explanation-text inline\" style=\"box-sizing: border-box; display: inline; margin-bottom: 0px;\" data-title=\"Connexion micro-casque\" data-explanation=\"Technologie DECT&lt;br&gt;DECT (t\u00e9l\u00e9communications sans fil num\u00e9riques am\u00e9lior\u00e9es) d\u00e9signe une technologie sans fil pour les t\u00e9l\u00e9phones sans fil et les communication et transmission sans fil. La technologie DECT a \u00e9t\u00e9 sp\u00e9cifiquement con\u00e7ue pour optimiser les communications vocales et offre une port\u00e9e allant jusqu\u2019\u00e0 plusieurs centaines de m\u00e8tres.&lt;br&gt;&lt;br&gt;Technologie Bluetooth&lt;br&gt;Le Bluetooth est une technologie sans fil pour la transmission de donn\u00e9es via de courtes distances, pouvant remplacer tous les c\u00e2bles auxquels la plupart des ordinateurs et dispositifs de communication sont aujourd\u2019hui reli\u00e9s.&lt;br&gt;&lt;br&gt;Quick Disconnect (QD)&lt;br&gt;Les casque sont dot\u00e9s d\u2019un port Quick Disconnect \u00e0 l\u2019extr\u00e9mit\u00e9 du c\u00e2ble du casque. Celui-ci permet d\u2019isoler le casque d\u2019un appel en cours, par ex. pour aller chercher un fax ou un dossier et de restaurer ensuite la connexion sans aucun probl\u00e8me. Avec QD, plus besoin de mettre les appels en attente ni de retirer le casque. &lt;br&gt;\">\n<div class=\"popover__wrapper inline\">\n<div class=\"product__specifications__info-icon\"><\/div>\n<\/div>\n<\/div>\n<\/th>\n<td>USB<\/td>\n<\/tr>\n<tr>\n<th class=\"u-text-black\">Mod\u00e8le<\/th>\n<td>st\u00e9r\u00e9o<\/td>\n<\/tr>\n<tr>\n<th class=\"u-text-black\">Sp\u00e9cificit\u00e9s<\/th>\n<td>r\u00e9glage du volume , fonction sourdine du microphone , att\u00e9nuation du bruit du microphone<\/td>\n<\/tr>\n<tr>\n<th class=\"u-text-black\">Adapt\u00e9 \u00e0<\/th>\n<td>PC<\/td>\n<\/tr>\n<tr>\n<th class=\"u-text-black\">Longueur du c\u00e2ble<\/th>\n<td>2.4 m<\/td>\n<\/tr>\n<tr>\n<th class=\"u-text-black\">Mode de portage (arceau)<\/th>\n<td>au dessus de la t\u00eate<\/td>\n<\/tr>\n<tr>\n<th class=\"u-text-black\">Type de port (casque)<\/th>\n<td>supra-aural<\/td>\n<\/tr>\n<tr>\n<th class=\"u-text-black\">Couleur<\/th>\n<td>noir<\/td>\n<\/tr>\n<tr>\n<th class=\"u-text-black\">R\u00e9glage du volume<\/th>\n<td>oui<\/td>\n<\/tr>\n<tr>\n<th class=\"u-text-black\">Squelch du microphone<\/th>\n<td>oui<\/td>\n<\/tr>\n<\/tbody>\n<\/table>\n<p>logitech maroc,marrakech,casablanca,rabat\u2026<\/p>\n","protected":false},"excerpt":{"rendered":"<p>Connexion micro-casque&nbsp; USB Mod\u00e8le st\u00e9r\u00e9o Sp\u00e9cificit\u00e9s r\u00e9glage du volume , fonction sourdine du microphone , att\u00e9nuation du bruit du microphone Adapt\u00e9 \u00e0 PC Longueur du c\u00e2ble 2.4 m Mode de<\/p>\n","protected":false},"featured_media":13426,"comment_status":"open","ping_status":"closed","template":"","meta":{"kk_blocks_editor_width":"","_kiokenblocks_attr":"","_kiokenblocks_dimensions":""},"product_brand":[],"product_cat":[632,630],"product_tag":[],"class_list":{"0":"post-13424","1":"product","2":"type-product","3":"status-publish","4":"has-post-thumbnail","6":"product_cat-claviers-souris","7":"product_cat-peripheriques","9":"first","10":"instock","11":"sale","12":"taxable","13":"shipping-taxable","14":"purchasable","15":"product-type-simple"},"yoast_head":"<!-- This site is optimized with the Yoast SEO plugin v27.4 - https:\/\/yoast.com\/product\/yoast-seo-wordpress\/ -->\n<title>CASQUE Logitech PC 960-Business - KECH BUREAU<\/title>\n<meta name=\"robots\" content=\"index, follow, max-snippet:-1, max-image-preview:large, max-video-preview:-1\" \/>\n<link rel=\"canonical\" href=\"https:\/\/kechbureau.ma\/?product=casque-logitech-pc-960-business\" \/>\n<meta property=\"og:locale\" content=\"fr_FR\" \/>\n<meta property=\"og:type\" content=\"article\" \/>\n<meta property=\"og:title\" content=\"CASQUE Logitech PC 960-Business - KECH BUREAU\" \/>\n<meta property=\"og:description\" content=\"Connexion micro-casque&nbsp; USB Mod\u00e8le st\u00e9r\u00e9o Sp\u00e9cificit\u00e9s r\u00e9glage du volume , fonction sourdine du microphone , att\u00e9nuation du bruit du microphone Adapt\u00e9 \u00e0 PC Longueur du c\u00e2ble 2.4 m Mode de\" \/>\n<meta property=\"og:url\" content=\"https:\/\/kechbureau.ma\/?product=casque-logitech-pc-960-business\" \/>\n<meta property=\"og:site_name\" content=\"KECH BUREAU\" \/>\n<meta property=\"og:image\" content=\"https:\/\/kechbureau.ma\/wp-content\/uploads\/2022\/02\/LOGITECH-Corded-USB-stereo-Headset-PC-960-3.jpg\" \/>\n\t<meta property=\"og:image:width\" content=\"600\" \/>\n\t<meta property=\"og:image:height\" content=\"600\" \/>\n\t<meta property=\"og:image:type\" content=\"image\/jpeg\" \/>\n<meta name=\"twitter:card\" content=\"summary_large_image\" \/>\n<script type=\"application\/ld+json\" class=\"yoast-schema-graph\">{\"@context\":\"https:\\\/\\\/schema.org\",\"@graph\":[{\"@type\":\"WebPage\",\"@id\":\"https:\\\/\\\/kechbureau.ma\\\/?product=casque-logitech-pc-960-business\",\"url\":\"https:\\\/\\\/kechbureau.ma\\\/?product=casque-logitech-pc-960-business\",\"name\":\"CASQUE Logitech PC 960-Business - KECH BUREAU\",\"isPartOf\":{\"@id\":\"https:\\\/\\\/kechbureau.ma\\\/#website\"},\"primaryImageOfPage\":{\"@id\":\"https:\\\/\\\/kechbureau.ma\\\/?product=casque-logitech-pc-960-business#primaryimage\"},\"image\":{\"@id\":\"https:\\\/\\\/kechbureau.ma\\\/?product=casque-logitech-pc-960-business#primaryimage\"},\"thumbnailUrl\":\"https:\\\/\\\/kechbureau.ma\\\/wp-content\\\/uploads\\\/2022\\\/02\\\/LOGITECH-Corded-USB-stereo-Headset-PC-960-3.jpg\",\"datePublished\":\"2022-02-20T15:28:32+00:00\",\"breadcrumb\":{\"@id\":\"https:\\\/\\\/kechbureau.ma\\\/?product=casque-logitech-pc-960-business#breadcrumb\"},\"inLanguage\":\"fr-FR\",\"potentialAction\":[{\"@type\":\"ReadAction\",\"target\":[\"https:\\\/\\\/kechbureau.ma\\\/?product=casque-logitech-pc-960-business\"]}]},{\"@type\":\"ImageObject\",\"inLanguage\":\"fr-FR\",\"@id\":\"https:\\\/\\\/kechbureau.ma\\\/?product=casque-logitech-pc-960-business#primaryimage\",\"url\":\"https:\\\/\\\/kechbureau.ma\\\/wp-content\\\/uploads\\\/2022\\\/02\\\/LOGITECH-Corded-USB-stereo-Headset-PC-960-3.jpg\",\"contentUrl\":\"https:\\\/\\\/kechbureau.ma\\\/wp-content\\\/uploads\\\/2022\\\/02\\\/LOGITECH-Corded-USB-stereo-Headset-PC-960-3.jpg\",\"width\":600,\"height\":600},{\"@type\":\"BreadcrumbList\",\"@id\":\"https:\\\/\\\/kechbureau.ma\\\/?product=casque-logitech-pc-960-business#breadcrumb\",\"itemListElement\":[{\"@type\":\"ListItem\",\"position\":1,\"name\":\"Accueil\",\"item\":\"https:\\\/\\\/kechbureau.ma\\\/\"},{\"@type\":\"ListItem\",\"position\":2,\"name\":\"Shop\",\"item\":\"https:\\\/\\\/kechbureau.ma\\\/?page_id=3853\"},{\"@type\":\"ListItem\",\"position\":3,\"name\":\"CASQUE Logitech PC 960-Business\"}]},{\"@type\":\"WebSite\",\"@id\":\"https:\\\/\\\/kechbureau.ma\\\/#website\",\"url\":\"https:\\\/\\\/kechbureau.ma\\\/\",\"name\":\"KECH BUREAU\",\"description\":\"MARRAKECH BUREAU\",\"potentialAction\":[{\"@type\":\"SearchAction\",\"target\":{\"@type\":\"EntryPoint\",\"urlTemplate\":\"https:\\\/\\\/kechbureau.ma\\\/?s={search_term_string}\"},\"query-input\":{\"@type\":\"PropertyValueSpecification\",\"valueRequired\":true,\"valueName\":\"search_term_string\"}}],\"inLanguage\":\"fr-FR\"}]}<\/script>\n<!-- \/ Yoast SEO plugin. -->","yoast_head_json":{"title":"CASQUE Logitech PC 960-Business - KECH BUREAU","robots":{"index":"index","follow":"follow","max-snippet":"max-snippet:-1","max-image-preview":"max-image-preview:large","max-video-preview":"max-video-preview:-1"},"canonical":"https:\/\/kechbureau.ma\/?product=casque-logitech-pc-960-business","og_locale":"fr_FR","og_type":"article","og_title":"CASQUE Logitech PC 960-Business - KECH BUREAU","og_description":"Connexion micro-casque&nbsp; USB Mod\u00e8le st\u00e9r\u00e9o Sp\u00e9cificit\u00e9s r\u00e9glage du volume , fonction sourdine du microphone , att\u00e9nuation du bruit du microphone Adapt\u00e9 \u00e0 PC Longueur du c\u00e2ble 2.4 m Mode de","og_url":"https:\/\/kechbureau.ma\/?product=casque-logitech-pc-960-business","og_site_name":"KECH BUREAU","og_image":[{"width":600,"height":600,"url":"https:\/\/kechbureau.ma\/wp-content\/uploads\/2022\/02\/LOGITECH-Corded-USB-stereo-Headset-PC-960-3.jpg","type":"image\/jpeg"}],"twitter_card":"summary_large_image","schema":{"@context":"https:\/\/schema.org","@graph":[{"@type":"WebPage","@id":"https:\/\/kechbureau.ma\/?product=casque-logitech-pc-960-business","url":"https:\/\/kechbureau.ma\/?product=casque-logitech-pc-960-business","name":"CASQUE Logitech PC 960-Business - KECH BUREAU","isPartOf":{"@id":"https:\/\/kechbureau.ma\/#website"},"primaryImageOfPage":{"@id":"https:\/\/kechbureau.ma\/?product=casque-logitech-pc-960-business#primaryimage"},"image":{"@id":"https:\/\/kechbureau.ma\/?product=casque-logitech-pc-960-business#primaryimage"},"thumbnailUrl":"https:\/\/kechbureau.ma\/wp-content\/uploads\/2022\/02\/LOGITECH-Corded-USB-stereo-Headset-PC-960-3.jpg","datePublished":"2022-02-20T15:28:32+00:00","breadcrumb":{"@id":"https:\/\/kechbureau.ma\/?product=casque-logitech-pc-960-business#breadcrumb"},"inLanguage":"fr-FR","potentialAction":[{"@type":"ReadAction","target":["https:\/\/kechbureau.ma\/?product=casque-logitech-pc-960-business"]}]},{"@type":"ImageObject","inLanguage":"fr-FR","@id":"https:\/\/kechbureau.ma\/?product=casque-logitech-pc-960-business#primaryimage","url":"https:\/\/kechbureau.ma\/wp-content\/uploads\/2022\/02\/LOGITECH-Corded-USB-stereo-Headset-PC-960-3.jpg","contentUrl":"https:\/\/kechbureau.ma\/wp-content\/uploads\/2022\/02\/LOGITECH-Corded-USB-stereo-Headset-PC-960-3.jpg","width":600,"height":600},{"@type":"BreadcrumbList","@id":"https:\/\/kechbureau.ma\/?product=casque-logitech-pc-960-business#breadcrumb","itemListElement":[{"@type":"ListItem","position":1,"name":"Accueil","item":"https:\/\/kechbureau.ma\/"},{"@type":"ListItem","position":2,"name":"Shop","item":"https:\/\/kechbureau.ma\/?page_id=3853"},{"@type":"ListItem","position":3,"name":"CASQUE Logitech PC 960-Business"}]},{"@type":"WebSite","@id":"https:\/\/kechbureau.ma\/#website","url":"https:\/\/kechbureau.ma\/","name":"KECH BUREAU","description":"MARRAKECH BUREAU","potentialAction":[{"@type":"SearchAction","target":{"@type":"EntryPoint","urlTemplate":"https:\/\/kechbureau.ma\/?s={search_term_string}"},"query-input":{"@type":"PropertyValueSpecification","valueRequired":true,"valueName":"search_term_string"}}],"inLanguage":"fr-FR"}]}},"_links":{"self":[{"href":"https:\/\/kechbureau.ma\/index.php?rest_route=\/wp\/v2\/product\/13424","targetHints":{"allow":["GET"]}}],"collection":[{"href":"https:\/\/kechbureau.ma\/index.php?rest_route=\/wp\/v2\/product"}],"about":[{"href":"https:\/\/kechbureau.ma\/index.php?rest_route=\/wp\/v2\/types\/product"}],"replies":[{"embeddable":true,"href":"https:\/\/kechbureau.ma\/index.php?rest_route=%2Fwp%2Fv2%2Fcomments&post=13424"}],"wp:featuredmedia":[{"embeddable":true,"href":"https:\/\/kechbureau.ma\/index.php?rest_route=\/wp\/v2\/media\/13426"}],"wp:attachment":[{"href":"https:\/\/kechbureau.ma\/index.php?rest_route=%2Fwp%2Fv2%2Fmedia&parent=13424"}],"wp:term":[{"taxonomy":"product_brand","embeddable":true,"href":"https:\/\/kechbureau.ma\/index.php?rest_route=%2Fwp%2Fv2%2Fproduct_brand&post=13424"},{"taxonomy":"product_cat","embeddable":true,"href":"https:\/\/kechbureau.ma\/index.php?rest_route=%2Fwp%2Fv2%2Fproduct_cat&post=13424"},{"taxonomy":"product_tag","embeddable":true,"href":"https:\/\/kechbureau.ma\/index.php?rest_route=%2Fwp%2Fv2%2Fproduct_tag&post=13424"}],"curies":[{"name":"wp","href":"https:\/\/api.w.org\/{rel}","templated":true}]}}