{"id":13417,"date":"2022-02-20T16:18:28","date_gmt":"2022-02-20T15:18:28","guid":{"rendered":"https:\/\/kechbureau.ma\/?post_type=product&#038;p=13417"},"modified":"2022-02-20T16:18:28","modified_gmt":"2022-02-20T15:18:28","slug":"casque-logitech-h151","status":"publish","type":"product","link":"https:\/\/kechbureau.ma\/?product=casque-logitech-h151","title":{"rendered":"CASQUE LOGITECH H151"},"content":{"rendered":"<div class=\"best-points bottom\">\n<p class=\"best-points-title\"><strong>Les points cl\u00e9s<\/strong><\/p>\n<ul class=\"bestpoints-list\">\n<li class=\"bestpoints-item\">Son St\u00e9r\u00e9o 2.0<\/li>\n<li class=\"bestpoints-item\">Compatible PC \u2013 Micro rotatif<\/li>\n<li class=\"bestpoints-item\">Forme Sur les oreilles \u2013 Jack 3,5mm<\/li>\n<\/ul>\n<\/div>\n<div class=\"features-table enable-slidedown\">\n<table class=\"characteristic\" border=\"0\" width=\"899\" cellspacing=\"0\" cellpadding=\"0\">\n<thead class=\"feature-line\">\n<tr>\n<th colspan=\"2\">Les + de ce mod\u00e8le<\/th>\n<\/tr>\n<\/thead>\n<tbody>\n<tr class=\"feature-line\">\n<td class=\"characteristics-table\"><span class=\"bold-title\">Avantages :<\/span>\u00a0Vous pouvez porter le micro des deux c\u00f4t\u00e9s<\/td>\n<\/tr>\n<\/tbody>\n<\/table>\n<p>logitech maroc,marrakech,casablanca,rabat\u2026<\/p>\n<\/div>\n","protected":false},"excerpt":{"rendered":"<p>Les points cl\u00e9s Son St\u00e9r\u00e9o 2.0 Compatible PC \u2013 Micro rotatif Forme Sur les oreilles \u2013 Jack 3,5mm Les + de ce mod\u00e8le Avantages :\u00a0Vous pouvez porter le micro des<\/p>\n","protected":false},"featured_media":13421,"comment_status":"open","ping_status":"closed","template":"","meta":{"kk_blocks_editor_width":"","_kiokenblocks_attr":"","_kiokenblocks_dimensions":""},"product_brand":[],"product_cat":[632,630],"product_tag":[],"class_list":{"0":"post-13417","1":"product","2":"type-product","3":"status-publish","4":"has-post-thumbnail","6":"product_cat-claviers-souris","7":"product_cat-peripheriques","9":"first","10":"instock","11":"sale","12":"taxable","13":"shipping-taxable","14":"purchasable","15":"product-type-simple"},"yoast_head":"<!-- This site is optimized with the Yoast SEO plugin v27.4 - https:\/\/yoast.com\/product\/yoast-seo-wordpress\/ -->\n<title>CASQUE LOGITECH H151 - KECH BUREAU<\/title>\n<meta name=\"robots\" content=\"index, follow, max-snippet:-1, max-image-preview:large, max-video-preview:-1\" \/>\n<link rel=\"canonical\" href=\"https:\/\/kechbureau.ma\/?product=casque-logitech-h151\" \/>\n<meta property=\"og:locale\" content=\"fr_FR\" \/>\n<meta property=\"og:type\" content=\"article\" \/>\n<meta property=\"og:title\" content=\"CASQUE LOGITECH H151 - KECH BUREAU\" \/>\n<meta property=\"og:description\" content=\"Les points cl\u00e9s Son St\u00e9r\u00e9o 2.0 Compatible PC \u2013 Micro rotatif Forme Sur les oreilles \u2013 Jack 3,5mm Les + de ce mod\u00e8le Avantages :\u00a0Vous pouvez porter le micro des\" \/>\n<meta property=\"og:url\" content=\"https:\/\/kechbureau.ma\/?product=casque-logitech-h151\" \/>\n<meta property=\"og:site_name\" content=\"KECH BUREAU\" \/>\n<meta property=\"og:image\" content=\"https:\/\/kechbureau.ma\/wp-content\/uploads\/2022\/02\/7.jpg\" \/>\n\t<meta property=\"og:image:width\" content=\"680\" \/>\n\t<meta property=\"og:image:height\" content=\"680\" \/>\n\t<meta property=\"og:image:type\" content=\"image\/jpeg\" \/>\n<meta name=\"twitter:card\" content=\"summary_large_image\" \/>\n<script type=\"application\/ld+json\" class=\"yoast-schema-graph\">{\"@context\":\"https:\\\/\\\/schema.org\",\"@graph\":[{\"@type\":\"WebPage\",\"@id\":\"https:\\\/\\\/kechbureau.ma\\\/?product=casque-logitech-h151\",\"url\":\"https:\\\/\\\/kechbureau.ma\\\/?product=casque-logitech-h151\",\"name\":\"CASQUE LOGITECH H151 - KECH BUREAU\",\"isPartOf\":{\"@id\":\"https:\\\/\\\/kechbureau.ma\\\/#website\"},\"primaryImageOfPage\":{\"@id\":\"https:\\\/\\\/kechbureau.ma\\\/?product=casque-logitech-h151#primaryimage\"},\"image\":{\"@id\":\"https:\\\/\\\/kechbureau.ma\\\/?product=casque-logitech-h151#primaryimage\"},\"thumbnailUrl\":\"https:\\\/\\\/kechbureau.ma\\\/wp-content\\\/uploads\\\/2022\\\/02\\\/7.jpg\",\"datePublished\":\"2022-02-20T15:18:28+00:00\",\"breadcrumb\":{\"@id\":\"https:\\\/\\\/kechbureau.ma\\\/?product=casque-logitech-h151#breadcrumb\"},\"inLanguage\":\"fr-FR\",\"potentialAction\":[{\"@type\":\"ReadAction\",\"target\":[\"https:\\\/\\\/kechbureau.ma\\\/?product=casque-logitech-h151\"]}]},{\"@type\":\"ImageObject\",\"inLanguage\":\"fr-FR\",\"@id\":\"https:\\\/\\\/kechbureau.ma\\\/?product=casque-logitech-h151#primaryimage\",\"url\":\"https:\\\/\\\/kechbureau.ma\\\/wp-content\\\/uploads\\\/2022\\\/02\\\/7.jpg\",\"contentUrl\":\"https:\\\/\\\/kechbureau.ma\\\/wp-content\\\/uploads\\\/2022\\\/02\\\/7.jpg\",\"width\":680,\"height\":680},{\"@type\":\"BreadcrumbList\",\"@id\":\"https:\\\/\\\/kechbureau.ma\\\/?product=casque-logitech-h151#breadcrumb\",\"itemListElement\":[{\"@type\":\"ListItem\",\"position\":1,\"name\":\"Accueil\",\"item\":\"https:\\\/\\\/kechbureau.ma\\\/\"},{\"@type\":\"ListItem\",\"position\":2,\"name\":\"Shop\",\"item\":\"https:\\\/\\\/kechbureau.ma\\\/?page_id=3853\"},{\"@type\":\"ListItem\",\"position\":3,\"name\":\"CASQUE LOGITECH H151\"}]},{\"@type\":\"WebSite\",\"@id\":\"https:\\\/\\\/kechbureau.ma\\\/#website\",\"url\":\"https:\\\/\\\/kechbureau.ma\\\/\",\"name\":\"KECH BUREAU\",\"description\":\"MARRAKECH BUREAU\",\"potentialAction\":[{\"@type\":\"SearchAction\",\"target\":{\"@type\":\"EntryPoint\",\"urlTemplate\":\"https:\\\/\\\/kechbureau.ma\\\/?s={search_term_string}\"},\"query-input\":{\"@type\":\"PropertyValueSpecification\",\"valueRequired\":true,\"valueName\":\"search_term_string\"}}],\"inLanguage\":\"fr-FR\"}]}<\/script>\n<!-- \/ Yoast SEO plugin. -->","yoast_head_json":{"title":"CASQUE LOGITECH H151 - KECH BUREAU","robots":{"index":"index","follow":"follow","max-snippet":"max-snippet:-1","max-image-preview":"max-image-preview:large","max-video-preview":"max-video-preview:-1"},"canonical":"https:\/\/kechbureau.ma\/?product=casque-logitech-h151","og_locale":"fr_FR","og_type":"article","og_title":"CASQUE LOGITECH H151 - KECH BUREAU","og_description":"Les points cl\u00e9s Son St\u00e9r\u00e9o 2.0 Compatible PC \u2013 Micro rotatif Forme Sur les oreilles \u2013 Jack 3,5mm Les + de ce mod\u00e8le Avantages :\u00a0Vous pouvez porter le micro des","og_url":"https:\/\/kechbureau.ma\/?product=casque-logitech-h151","og_site_name":"KECH BUREAU","og_image":[{"width":680,"height":680,"url":"https:\/\/kechbureau.ma\/wp-content\/uploads\/2022\/02\/7.jpg","type":"image\/jpeg"}],"twitter_card":"summary_large_image","schema":{"@context":"https:\/\/schema.org","@graph":[{"@type":"WebPage","@id":"https:\/\/kechbureau.ma\/?product=casque-logitech-h151","url":"https:\/\/kechbureau.ma\/?product=casque-logitech-h151","name":"CASQUE LOGITECH H151 - KECH BUREAU","isPartOf":{"@id":"https:\/\/kechbureau.ma\/#website"},"primaryImageOfPage":{"@id":"https:\/\/kechbureau.ma\/?product=casque-logitech-h151#primaryimage"},"image":{"@id":"https:\/\/kechbureau.ma\/?product=casque-logitech-h151#primaryimage"},"thumbnailUrl":"https:\/\/kechbureau.ma\/wp-content\/uploads\/2022\/02\/7.jpg","datePublished":"2022-02-20T15:18:28+00:00","breadcrumb":{"@id":"https:\/\/kechbureau.ma\/?product=casque-logitech-h151#breadcrumb"},"inLanguage":"fr-FR","potentialAction":[{"@type":"ReadAction","target":["https:\/\/kechbureau.ma\/?product=casque-logitech-h151"]}]},{"@type":"ImageObject","inLanguage":"fr-FR","@id":"https:\/\/kechbureau.ma\/?product=casque-logitech-h151#primaryimage","url":"https:\/\/kechbureau.ma\/wp-content\/uploads\/2022\/02\/7.jpg","contentUrl":"https:\/\/kechbureau.ma\/wp-content\/uploads\/2022\/02\/7.jpg","width":680,"height":680},{"@type":"BreadcrumbList","@id":"https:\/\/kechbureau.ma\/?product=casque-logitech-h151#breadcrumb","itemListElement":[{"@type":"ListItem","position":1,"name":"Accueil","item":"https:\/\/kechbureau.ma\/"},{"@type":"ListItem","position":2,"name":"Shop","item":"https:\/\/kechbureau.ma\/?page_id=3853"},{"@type":"ListItem","position":3,"name":"CASQUE LOGITECH H151"}]},{"@type":"WebSite","@id":"https:\/\/kechbureau.ma\/#website","url":"https:\/\/kechbureau.ma\/","name":"KECH BUREAU","description":"MARRAKECH BUREAU","potentialAction":[{"@type":"SearchAction","target":{"@type":"EntryPoint","urlTemplate":"https:\/\/kechbureau.ma\/?s={search_term_string}"},"query-input":{"@type":"PropertyValueSpecification","valueRequired":true,"valueName":"search_term_string"}}],"inLanguage":"fr-FR"}]}},"_links":{"self":[{"href":"https:\/\/kechbureau.ma\/index.php?rest_route=\/wp\/v2\/product\/13417","targetHints":{"allow":["GET"]}}],"collection":[{"href":"https:\/\/kechbureau.ma\/index.php?rest_route=\/wp\/v2\/product"}],"about":[{"href":"https:\/\/kechbureau.ma\/index.php?rest_route=\/wp\/v2\/types\/product"}],"replies":[{"embeddable":true,"href":"https:\/\/kechbureau.ma\/index.php?rest_route=%2Fwp%2Fv2%2Fcomments&post=13417"}],"wp:featuredmedia":[{"embeddable":true,"href":"https:\/\/kechbureau.ma\/index.php?rest_route=\/wp\/v2\/media\/13421"}],"wp:attachment":[{"href":"https:\/\/kechbureau.ma\/index.php?rest_route=%2Fwp%2Fv2%2Fmedia&parent=13417"}],"wp:term":[{"taxonomy":"product_brand","embeddable":true,"href":"https:\/\/kechbureau.ma\/index.php?rest_route=%2Fwp%2Fv2%2Fproduct_brand&post=13417"},{"taxonomy":"product_cat","embeddable":true,"href":"https:\/\/kechbureau.ma\/index.php?rest_route=%2Fwp%2Fv2%2Fproduct_cat&post=13417"},{"taxonomy":"product_tag","embeddable":true,"href":"https:\/\/kechbureau.ma\/index.php?rest_route=%2Fwp%2Fv2%2Fproduct_tag&post=13417"}],"curies":[{"name":"wp","href":"https:\/\/api.w.org\/{rel}","templated":true}]}}