{"id":13356,"date":"2022-02-15T15:29:13","date_gmt":"2022-02-15T14:29:13","guid":{"rendered":"https:\/\/kechbureau.ma\/?post_type=product&#038;p=13356"},"modified":"2022-02-15T15:29:13","modified_gmt":"2022-02-15T14:29:13","slug":"ipc-hdbw4231e-as","status":"publish","type":"product","link":"https:\/\/kechbureau.ma\/?product=ipc-hdbw4231e-as","title":{"rendered":"IPC-HDBW4231E-AS"},"content":{"rendered":"<div class=\"desc font28\">\n<h1 class=\"text\" data-gtm-vis-has-fired-10552706_181=\"1\" data-gtm-vis-has-fired-10552706_195=\"1\" data-gtm-vis-recent-on-screen-10552706_193=\"149805\" data-gtm-vis-first-on-screen-10552706_193=\"149805\" data-gtm-vis-total-visible-time-10552706_193=\"100\" data-gtm-vis-has-fired-10552706_193=\"1\" data-gtm-vis-recent-on-screen-10552706_184=\"149822\" data-gtm-vis-first-on-screen-10552706_184=\"149822\" data-gtm-vis-total-visible-time-10552706_184=\"100\" data-gtm-vis-has-fired-10552706_184=\"1\" data-gtm-vis-recent-on-screen-10552706_196=\"149823\" data-gtm-vis-first-on-screen-10552706_196=\"149823\" data-gtm-vis-total-visible-time-10552706_196=\"100\" data-gtm-vis-has-fired-10552706_196=\"1\" data-gtm-vis-recent-on-screen-10552706_192=\"149824\" data-gtm-vis-first-on-screen-10552706_192=\"149824\" data-gtm-vis-total-visible-time-10552706_192=\"100\" data-gtm-vis-has-fired-10552706_192=\"1\" data-gtm-vis-recent-on-screen-10552706_217=\"149825\" data-gtm-vis-first-on-screen-10552706_217=\"149825\" data-gtm-vis-total-visible-time-10552706_217=\"100\" data-gtm-vis-has-fired-10552706_217=\"1\" data-gtm-vis-recent-on-screen-10552706_194=\"149829\" data-gtm-vis-first-on-screen-10552706_194=\"149829\" data-gtm-vis-total-visible-time-10552706_194=\"100\" data-gtm-vis-has-fired-10552706_194=\"1\"><strong>Cam\u00e9ra r\u00e9seau mini d\u00f4me infrarouge 2MP<\/strong><\/h1>\n<\/div>\n<ul>\n<li class=\"desc font28\">Encodage triple flux H.265 &amp; H.264<\/li>\n<li class=\"desc font28\">50 \/ 60fps @ 1080p (1920 \u00d7 1080)<\/li>\n<li class=\"desc font28\">D\u00e9tection intelligente prise en charge<\/li>\n<li class=\"desc font28\">WDR (120dB), jour \/ nuit (ICR), 3DNR , AWB, AGC, BLC<\/li>\n<li class=\"desc font28\">Surveillance de r\u00e9seaux multiples: visionneuse Web, CMS (DSS \/ PSS) et DMSS<\/li>\n<li class=\"desc font28\">Objectif\u00a0fixe de\u00a02,8\u00a0mm (3,6 mm, 6 mm en option)<\/li>\n<li class=\"desc font28\">1\/1 entr\u00e9e \/ sortie d\u2019alarme, 1\/1 entr\u00e9e \/ sortie audio<\/li>\n<li class=\"desc font28\">Max.\u00a0LED IR longueur 30m<\/li>\n<li class=\"desc font28\">M\u00e9moire Micro SD, IP67, IK10, PoE<\/li>\n<li>dahua maroc<\/li>\n<\/ul>\n","protected":false},"excerpt":{"rendered":"<p>Cam\u00e9ra r\u00e9seau mini d\u00f4me infrarouge 2MP Encodage triple flux H.265 &amp; H.264 50 \/ 60fps @ 1080p (1920 \u00d7 1080) D\u00e9tection intelligente prise en charge WDR (120dB), jour \/ nuit<\/p>\n","protected":false},"featured_media":13357,"comment_status":"open","ping_status":"closed","template":"","meta":{"kk_blocks_editor_width":"","_kiokenblocks_attr":"","_kiokenblocks_dimensions":""},"product_brand":[],"product_cat":[721],"product_tag":[],"class_list":{"0":"post-13356","1":"product","2":"type-product","3":"status-publish","4":"has-post-thumbnail","6":"product_cat-solutions-ip-dahua","8":"first","9":"instock","10":"taxable","11":"shipping-taxable","12":"product-type-simple"},"yoast_head":"<!-- This site is optimized with the Yoast SEO plugin v27.5 - https:\/\/yoast.com\/product\/yoast-seo-wordpress\/ -->\n<title>IPC-HDBW4231E-AS - KECH BUREAU<\/title>\n<meta name=\"robots\" content=\"index, follow, max-snippet:-1, max-image-preview:large, max-video-preview:-1\" \/>\n<link rel=\"canonical\" href=\"https:\/\/kechbureau.ma\/?product=ipc-hdbw4231e-as\" \/>\n<meta property=\"og:locale\" content=\"fr_FR\" \/>\n<meta property=\"og:type\" content=\"article\" \/>\n<meta property=\"og:title\" content=\"IPC-HDBW4231E-AS - KECH BUREAU\" \/>\n<meta property=\"og:description\" content=\"Cam\u00e9ra r\u00e9seau mini d\u00f4me infrarouge 2MP Encodage triple flux H.265 &amp; H.264 50 \/ 60fps @ 1080p (1920 \u00d7 1080) D\u00e9tection intelligente prise en charge WDR (120dB), jour \/ nuit\" \/>\n<meta property=\"og:url\" content=\"https:\/\/kechbureau.ma\/?product=ipc-hdbw4231e-as\" \/>\n<meta property=\"og:site_name\" content=\"KECH BUREAU\" \/>\n<meta property=\"og:image\" content=\"https:\/\/kechbureau.ma\/wp-content\/uploads\/2022\/02\/20161028030742_46455.png\" \/>\n\t<meta property=\"og:image:width\" content=\"400\" \/>\n\t<meta property=\"og:image:height\" content=\"400\" \/>\n\t<meta property=\"og:image:type\" content=\"image\/png\" \/>\n<meta name=\"twitter:card\" content=\"summary_large_image\" \/>\n<script type=\"application\/ld+json\" class=\"yoast-schema-graph\">{\"@context\":\"https:\\\/\\\/schema.org\",\"@graph\":[{\"@type\":\"WebPage\",\"@id\":\"https:\\\/\\\/kechbureau.ma\\\/?product=ipc-hdbw4231e-as\",\"url\":\"https:\\\/\\\/kechbureau.ma\\\/?product=ipc-hdbw4231e-as\",\"name\":\"IPC-HDBW4231E-AS - KECH BUREAU\",\"isPartOf\":{\"@id\":\"https:\\\/\\\/kechbureau.ma\\\/#website\"},\"primaryImageOfPage\":{\"@id\":\"https:\\\/\\\/kechbureau.ma\\\/?product=ipc-hdbw4231e-as#primaryimage\"},\"image\":{\"@id\":\"https:\\\/\\\/kechbureau.ma\\\/?product=ipc-hdbw4231e-as#primaryimage\"},\"thumbnailUrl\":\"https:\\\/\\\/kechbureau.ma\\\/wp-content\\\/uploads\\\/2022\\\/02\\\/20161028030742_46455.png\",\"datePublished\":\"2022-02-15T14:29:13+00:00\",\"breadcrumb\":{\"@id\":\"https:\\\/\\\/kechbureau.ma\\\/?product=ipc-hdbw4231e-as#breadcrumb\"},\"inLanguage\":\"fr-FR\",\"potentialAction\":[{\"@type\":\"ReadAction\",\"target\":[\"https:\\\/\\\/kechbureau.ma\\\/?product=ipc-hdbw4231e-as\"]}]},{\"@type\":\"ImageObject\",\"inLanguage\":\"fr-FR\",\"@id\":\"https:\\\/\\\/kechbureau.ma\\\/?product=ipc-hdbw4231e-as#primaryimage\",\"url\":\"https:\\\/\\\/kechbureau.ma\\\/wp-content\\\/uploads\\\/2022\\\/02\\\/20161028030742_46455.png\",\"contentUrl\":\"https:\\\/\\\/kechbureau.ma\\\/wp-content\\\/uploads\\\/2022\\\/02\\\/20161028030742_46455.png\",\"width\":400,\"height\":400},{\"@type\":\"BreadcrumbList\",\"@id\":\"https:\\\/\\\/kechbureau.ma\\\/?product=ipc-hdbw4231e-as#breadcrumb\",\"itemListElement\":[{\"@type\":\"ListItem\",\"position\":1,\"name\":\"Accueil\",\"item\":\"https:\\\/\\\/kechbureau.ma\\\/\"},{\"@type\":\"ListItem\",\"position\":2,\"name\":\"Shop\",\"item\":\"https:\\\/\\\/kechbureau.ma\\\/?page_id=3853\"},{\"@type\":\"ListItem\",\"position\":3,\"name\":\"IPC-HDBW4231E-AS\"}]},{\"@type\":\"WebSite\",\"@id\":\"https:\\\/\\\/kechbureau.ma\\\/#website\",\"url\":\"https:\\\/\\\/kechbureau.ma\\\/\",\"name\":\"KECH BUREAU\",\"description\":\"MARRAKECH BUREAU\",\"potentialAction\":[{\"@type\":\"SearchAction\",\"target\":{\"@type\":\"EntryPoint\",\"urlTemplate\":\"https:\\\/\\\/kechbureau.ma\\\/?s={search_term_string}\"},\"query-input\":{\"@type\":\"PropertyValueSpecification\",\"valueRequired\":true,\"valueName\":\"search_term_string\"}}],\"inLanguage\":\"fr-FR\"}]}<\/script>\n<!-- \/ Yoast SEO plugin. -->","yoast_head_json":{"title":"IPC-HDBW4231E-AS - KECH BUREAU","robots":{"index":"index","follow":"follow","max-snippet":"max-snippet:-1","max-image-preview":"max-image-preview:large","max-video-preview":"max-video-preview:-1"},"canonical":"https:\/\/kechbureau.ma\/?product=ipc-hdbw4231e-as","og_locale":"fr_FR","og_type":"article","og_title":"IPC-HDBW4231E-AS - KECH BUREAU","og_description":"Cam\u00e9ra r\u00e9seau mini d\u00f4me infrarouge 2MP Encodage triple flux H.265 &amp; H.264 50 \/ 60fps @ 1080p (1920 \u00d7 1080) D\u00e9tection intelligente prise en charge WDR (120dB), jour \/ nuit","og_url":"https:\/\/kechbureau.ma\/?product=ipc-hdbw4231e-as","og_site_name":"KECH BUREAU","og_image":[{"width":400,"height":400,"url":"https:\/\/kechbureau.ma\/wp-content\/uploads\/2022\/02\/20161028030742_46455.png","type":"image\/png"}],"twitter_card":"summary_large_image","schema":{"@context":"https:\/\/schema.org","@graph":[{"@type":"WebPage","@id":"https:\/\/kechbureau.ma\/?product=ipc-hdbw4231e-as","url":"https:\/\/kechbureau.ma\/?product=ipc-hdbw4231e-as","name":"IPC-HDBW4231E-AS - KECH BUREAU","isPartOf":{"@id":"https:\/\/kechbureau.ma\/#website"},"primaryImageOfPage":{"@id":"https:\/\/kechbureau.ma\/?product=ipc-hdbw4231e-as#primaryimage"},"image":{"@id":"https:\/\/kechbureau.ma\/?product=ipc-hdbw4231e-as#primaryimage"},"thumbnailUrl":"https:\/\/kechbureau.ma\/wp-content\/uploads\/2022\/02\/20161028030742_46455.png","datePublished":"2022-02-15T14:29:13+00:00","breadcrumb":{"@id":"https:\/\/kechbureau.ma\/?product=ipc-hdbw4231e-as#breadcrumb"},"inLanguage":"fr-FR","potentialAction":[{"@type":"ReadAction","target":["https:\/\/kechbureau.ma\/?product=ipc-hdbw4231e-as"]}]},{"@type":"ImageObject","inLanguage":"fr-FR","@id":"https:\/\/kechbureau.ma\/?product=ipc-hdbw4231e-as#primaryimage","url":"https:\/\/kechbureau.ma\/wp-content\/uploads\/2022\/02\/20161028030742_46455.png","contentUrl":"https:\/\/kechbureau.ma\/wp-content\/uploads\/2022\/02\/20161028030742_46455.png","width":400,"height":400},{"@type":"BreadcrumbList","@id":"https:\/\/kechbureau.ma\/?product=ipc-hdbw4231e-as#breadcrumb","itemListElement":[{"@type":"ListItem","position":1,"name":"Accueil","item":"https:\/\/kechbureau.ma\/"},{"@type":"ListItem","position":2,"name":"Shop","item":"https:\/\/kechbureau.ma\/?page_id=3853"},{"@type":"ListItem","position":3,"name":"IPC-HDBW4231E-AS"}]},{"@type":"WebSite","@id":"https:\/\/kechbureau.ma\/#website","url":"https:\/\/kechbureau.ma\/","name":"KECH BUREAU","description":"MARRAKECH BUREAU","potentialAction":[{"@type":"SearchAction","target":{"@type":"EntryPoint","urlTemplate":"https:\/\/kechbureau.ma\/?s={search_term_string}"},"query-input":{"@type":"PropertyValueSpecification","valueRequired":true,"valueName":"search_term_string"}}],"inLanguage":"fr-FR"}]}},"_links":{"self":[{"href":"https:\/\/kechbureau.ma\/index.php?rest_route=\/wp\/v2\/product\/13356","targetHints":{"allow":["GET"]}}],"collection":[{"href":"https:\/\/kechbureau.ma\/index.php?rest_route=\/wp\/v2\/product"}],"about":[{"href":"https:\/\/kechbureau.ma\/index.php?rest_route=\/wp\/v2\/types\/product"}],"replies":[{"embeddable":true,"href":"https:\/\/kechbureau.ma\/index.php?rest_route=%2Fwp%2Fv2%2Fcomments&post=13356"}],"wp:featuredmedia":[{"embeddable":true,"href":"https:\/\/kechbureau.ma\/index.php?rest_route=\/wp\/v2\/media\/13357"}],"wp:attachment":[{"href":"https:\/\/kechbureau.ma\/index.php?rest_route=%2Fwp%2Fv2%2Fmedia&parent=13356"}],"wp:term":[{"taxonomy":"product_brand","embeddable":true,"href":"https:\/\/kechbureau.ma\/index.php?rest_route=%2Fwp%2Fv2%2Fproduct_brand&post=13356"},{"taxonomy":"product_cat","embeddable":true,"href":"https:\/\/kechbureau.ma\/index.php?rest_route=%2Fwp%2Fv2%2Fproduct_cat&post=13356"},{"taxonomy":"product_tag","embeddable":true,"href":"https:\/\/kechbureau.ma\/index.php?rest_route=%2Fwp%2Fv2%2Fproduct_tag&post=13356"}],"curies":[{"name":"wp","href":"https:\/\/api.w.org\/{rel}","templated":true}]}}