{"id":13346,"date":"2022-02-15T15:22:43","date_gmt":"2022-02-15T14:22:43","guid":{"rendered":"https:\/\/kechbureau.ma\/?post_type=product&#038;p=13346"},"modified":"2022-02-15T15:22:43","modified_gmt":"2022-02-15T14:22:43","slug":"ipc-hdbw2531rp-zs-s2","status":"publish","type":"product","link":"https:\/\/kechbureau.ma\/?product=ipc-hdbw2531rp-zs-s2","title":{"rendered":"IPC-HDBW2531RP-ZS-S2"},"content":{"rendered":"<p class=\"text\" data-v-2aedf454=\"\" data-gtm-vis-has-fired-10552706_181=\"1\" data-gtm-vis-has-fired-10552706_195=\"1\" data-gtm-vis-first-on-screen-10552706_192=\"21290\" data-gtm-vis-first-on-screen-10552706_196=\"21291\" data-gtm-vis-first-on-screen-10552706_194=\"21292\" data-gtm-vis-first-on-screen-10552706_217=\"21306\" data-gtm-vis-first-on-screen-10552706_184=\"21307\" data-gtm-vis-first-on-screen-10552706_193=\"21323\" data-gtm-vis-recent-on-screen-10552706_196=\"22184\" data-gtm-vis-total-visible-time-10552706_196=\"100\" data-gtm-vis-has-fired-10552706_196=\"1\" data-gtm-vis-recent-on-screen-10552706_194=\"22185\" data-gtm-vis-total-visible-time-10552706_194=\"100\" data-gtm-vis-has-fired-10552706_194=\"1\" data-gtm-vis-recent-on-screen-10552706_184=\"22185\" data-gtm-vis-total-visible-time-10552706_184=\"100\" data-gtm-vis-has-fired-10552706_184=\"1\" data-gtm-vis-recent-on-screen-10552706_192=\"22186\" data-gtm-vis-total-visible-time-10552706_192=\"100\" data-gtm-vis-has-fired-10552706_192=\"1\" data-gtm-vis-recent-on-screen-10552706_193=\"22187\" data-gtm-vis-total-visible-time-10552706_193=\"100\" data-gtm-vis-has-fired-10552706_193=\"1\" data-gtm-vis-recent-on-screen-10552706_217=\"22187\" data-gtm-vis-total-visible-time-10552706_217=\"100\" data-gtm-vis-has-fired-10552706_217=\"1\"><strong>Cam\u00e9ra r\u00e9seau \u00e0 d\u00f4me variable IR Lite 5 Mpx<\/strong><\/p>\n<div data-v-2aedf454=\"\">\n<ul>\n<li>5 MP, capteur d\u2019image CMOS 1 \/ 2,7 \u201c, faible \u00e9clairement, haute d\u00e9finition d\u2019image<\/li>\n<li>Sorties 2688 \u00d7 1520 (2688 \u00d7 1520) \u00e0 25\/30 ips, et prend en charge max. 5MP (2592 \u00d7 1944) \u00e0 20 ips<\/li>\n<li>Codec H.265, taux de compression \u00e9lev\u00e9, d\u00e9bit binaire ultra-bas<\/li>\n<li>LED IR int\u00e9gr\u00e9e, distance IR maximale: 40 m<\/li>\n<li>ROI, SMART H.264 \/ H.265, codage flexible, applicable \u00e0 divers environnements de bande passante et de stockage<\/li>\n<li>Mode de rotation, WDR, 3D DNR, HLC, BLC, filigrane num\u00e9rique, applicable \u00e0 diverses sc\u00e8nes de surveillance<\/li>\n<li>D\u00e9tection intelligente: intrusion, tripwire<\/li>\n<li>D\u00e9tection d\u2019anomalies: d\u00e9tection de mouvement, sabotage vid\u00e9o, pas de carte SD, carte SD pleine, erreur de carte SD, r\u00e9seau d\u00e9connect\u00e9, conflit IP, acc\u00e8s ill\u00e9gal, d\u00e9tection de tension<\/li>\n<li>Prend en charge max. Carte Micro SD de 256 Go<\/li>\n<li>Prise en charge de l\u2019alimentation 12V DC \/ PoE<\/li>\n<li>IP67, degr\u00e9 de protection IK10<\/li>\n<\/ul>\n<\/div>\n","protected":false},"excerpt":{"rendered":"<p>Cam\u00e9ra r\u00e9seau \u00e0 d\u00f4me variable IR Lite 5 Mpx 5 MP, capteur d\u2019image CMOS 1 \/ 2,7 \u201c, faible \u00e9clairement, haute d\u00e9finition d\u2019image Sorties 2688 \u00d7 1520 (2688 \u00d7 1520)<\/p>\n","protected":false},"featured_media":13347,"comment_status":"open","ping_status":"closed","template":"","meta":{"kk_blocks_editor_width":"","_kiokenblocks_attr":"","_kiokenblocks_dimensions":""},"product_brand":[],"product_cat":[721],"product_tag":[],"class_list":{"0":"post-13346","1":"product","2":"type-product","3":"status-publish","4":"has-post-thumbnail","6":"product_cat-solutions-ip-dahua","8":"first","9":"instock","10":"taxable","11":"shipping-taxable","12":"product-type-simple"},"yoast_head":"<!-- This site is optimized with the Yoast SEO plugin v27.5 - https:\/\/yoast.com\/product\/yoast-seo-wordpress\/ -->\n<title>IPC-HDBW2531RP-ZS-S2 - KECH BUREAU<\/title>\n<meta name=\"robots\" content=\"index, follow, max-snippet:-1, max-image-preview:large, max-video-preview:-1\" \/>\n<link rel=\"canonical\" href=\"https:\/\/kechbureau.ma\/?product=ipc-hdbw2531rp-zs-s2\" \/>\n<meta property=\"og:locale\" content=\"fr_FR\" \/>\n<meta property=\"og:type\" content=\"article\" \/>\n<meta property=\"og:title\" content=\"IPC-HDBW2531RP-ZS-S2 - KECH BUREAU\" \/>\n<meta property=\"og:description\" content=\"Cam\u00e9ra r\u00e9seau \u00e0 d\u00f4me variable IR Lite 5 Mpx 5 MP, capteur d\u2019image CMOS 1 \/ 2,7 \u201c, faible \u00e9clairement, haute d\u00e9finition d\u2019image Sorties 2688 \u00d7 1520 (2688 \u00d7 1520)\" \/>\n<meta property=\"og:url\" content=\"https:\/\/kechbureau.ma\/?product=ipc-hdbw2531rp-zs-s2\" \/>\n<meta property=\"og:site_name\" content=\"KECH BUREAU\" \/>\n<meta property=\"og:image\" content=\"https:\/\/kechbureau.ma\/wp-content\/uploads\/2022\/02\/IPC-HDBW2431RP-ZS-1.png\" \/>\n\t<meta property=\"og:image:width\" content=\"500\" \/>\n\t<meta property=\"og:image:height\" content=\"500\" \/>\n\t<meta property=\"og:image:type\" content=\"image\/png\" \/>\n<meta name=\"twitter:card\" content=\"summary_large_image\" \/>\n<meta name=\"twitter:label1\" content=\"Dur\u00e9e de lecture estim\u00e9e\" \/>\n\t<meta name=\"twitter:data1\" content=\"1 minute\" \/>\n<script type=\"application\/ld+json\" class=\"yoast-schema-graph\">{\"@context\":\"https:\\\/\\\/schema.org\",\"@graph\":[{\"@type\":\"WebPage\",\"@id\":\"https:\\\/\\\/kechbureau.ma\\\/?product=ipc-hdbw2531rp-zs-s2\",\"url\":\"https:\\\/\\\/kechbureau.ma\\\/?product=ipc-hdbw2531rp-zs-s2\",\"name\":\"IPC-HDBW2531RP-ZS-S2 - KECH BUREAU\",\"isPartOf\":{\"@id\":\"https:\\\/\\\/kechbureau.ma\\\/#website\"},\"primaryImageOfPage\":{\"@id\":\"https:\\\/\\\/kechbureau.ma\\\/?product=ipc-hdbw2531rp-zs-s2#primaryimage\"},\"image\":{\"@id\":\"https:\\\/\\\/kechbureau.ma\\\/?product=ipc-hdbw2531rp-zs-s2#primaryimage\"},\"thumbnailUrl\":\"https:\\\/\\\/kechbureau.ma\\\/wp-content\\\/uploads\\\/2022\\\/02\\\/IPC-HDBW2431RP-ZS-1.png\",\"datePublished\":\"2022-02-15T14:22:43+00:00\",\"breadcrumb\":{\"@id\":\"https:\\\/\\\/kechbureau.ma\\\/?product=ipc-hdbw2531rp-zs-s2#breadcrumb\"},\"inLanguage\":\"fr-FR\",\"potentialAction\":[{\"@type\":\"ReadAction\",\"target\":[\"https:\\\/\\\/kechbureau.ma\\\/?product=ipc-hdbw2531rp-zs-s2\"]}]},{\"@type\":\"ImageObject\",\"inLanguage\":\"fr-FR\",\"@id\":\"https:\\\/\\\/kechbureau.ma\\\/?product=ipc-hdbw2531rp-zs-s2#primaryimage\",\"url\":\"https:\\\/\\\/kechbureau.ma\\\/wp-content\\\/uploads\\\/2022\\\/02\\\/IPC-HDBW2431RP-ZS-1.png\",\"contentUrl\":\"https:\\\/\\\/kechbureau.ma\\\/wp-content\\\/uploads\\\/2022\\\/02\\\/IPC-HDBW2431RP-ZS-1.png\",\"width\":500,\"height\":500},{\"@type\":\"BreadcrumbList\",\"@id\":\"https:\\\/\\\/kechbureau.ma\\\/?product=ipc-hdbw2531rp-zs-s2#breadcrumb\",\"itemListElement\":[{\"@type\":\"ListItem\",\"position\":1,\"name\":\"Accueil\",\"item\":\"https:\\\/\\\/kechbureau.ma\\\/\"},{\"@type\":\"ListItem\",\"position\":2,\"name\":\"Shop\",\"item\":\"https:\\\/\\\/kechbureau.ma\\\/?page_id=3853\"},{\"@type\":\"ListItem\",\"position\":3,\"name\":\"IPC-HDBW2531RP-ZS-S2\"}]},{\"@type\":\"WebSite\",\"@id\":\"https:\\\/\\\/kechbureau.ma\\\/#website\",\"url\":\"https:\\\/\\\/kechbureau.ma\\\/\",\"name\":\"KECH BUREAU\",\"description\":\"MARRAKECH BUREAU\",\"potentialAction\":[{\"@type\":\"SearchAction\",\"target\":{\"@type\":\"EntryPoint\",\"urlTemplate\":\"https:\\\/\\\/kechbureau.ma\\\/?s={search_term_string}\"},\"query-input\":{\"@type\":\"PropertyValueSpecification\",\"valueRequired\":true,\"valueName\":\"search_term_string\"}}],\"inLanguage\":\"fr-FR\"}]}<\/script>\n<!-- \/ Yoast SEO plugin. -->","yoast_head_json":{"title":"IPC-HDBW2531RP-ZS-S2 - KECH BUREAU","robots":{"index":"index","follow":"follow","max-snippet":"max-snippet:-1","max-image-preview":"max-image-preview:large","max-video-preview":"max-video-preview:-1"},"canonical":"https:\/\/kechbureau.ma\/?product=ipc-hdbw2531rp-zs-s2","og_locale":"fr_FR","og_type":"article","og_title":"IPC-HDBW2531RP-ZS-S2 - KECH BUREAU","og_description":"Cam\u00e9ra r\u00e9seau \u00e0 d\u00f4me variable IR Lite 5 Mpx 5 MP, capteur d\u2019image CMOS 1 \/ 2,7 \u201c, faible \u00e9clairement, haute d\u00e9finition d\u2019image Sorties 2688 \u00d7 1520 (2688 \u00d7 1520)","og_url":"https:\/\/kechbureau.ma\/?product=ipc-hdbw2531rp-zs-s2","og_site_name":"KECH BUREAU","og_image":[{"width":500,"height":500,"url":"https:\/\/kechbureau.ma\/wp-content\/uploads\/2022\/02\/IPC-HDBW2431RP-ZS-1.png","type":"image\/png"}],"twitter_card":"summary_large_image","twitter_misc":{"Dur\u00e9e de lecture estim\u00e9e":"1 minute"},"schema":{"@context":"https:\/\/schema.org","@graph":[{"@type":"WebPage","@id":"https:\/\/kechbureau.ma\/?product=ipc-hdbw2531rp-zs-s2","url":"https:\/\/kechbureau.ma\/?product=ipc-hdbw2531rp-zs-s2","name":"IPC-HDBW2531RP-ZS-S2 - KECH BUREAU","isPartOf":{"@id":"https:\/\/kechbureau.ma\/#website"},"primaryImageOfPage":{"@id":"https:\/\/kechbureau.ma\/?product=ipc-hdbw2531rp-zs-s2#primaryimage"},"image":{"@id":"https:\/\/kechbureau.ma\/?product=ipc-hdbw2531rp-zs-s2#primaryimage"},"thumbnailUrl":"https:\/\/kechbureau.ma\/wp-content\/uploads\/2022\/02\/IPC-HDBW2431RP-ZS-1.png","datePublished":"2022-02-15T14:22:43+00:00","breadcrumb":{"@id":"https:\/\/kechbureau.ma\/?product=ipc-hdbw2531rp-zs-s2#breadcrumb"},"inLanguage":"fr-FR","potentialAction":[{"@type":"ReadAction","target":["https:\/\/kechbureau.ma\/?product=ipc-hdbw2531rp-zs-s2"]}]},{"@type":"ImageObject","inLanguage":"fr-FR","@id":"https:\/\/kechbureau.ma\/?product=ipc-hdbw2531rp-zs-s2#primaryimage","url":"https:\/\/kechbureau.ma\/wp-content\/uploads\/2022\/02\/IPC-HDBW2431RP-ZS-1.png","contentUrl":"https:\/\/kechbureau.ma\/wp-content\/uploads\/2022\/02\/IPC-HDBW2431RP-ZS-1.png","width":500,"height":500},{"@type":"BreadcrumbList","@id":"https:\/\/kechbureau.ma\/?product=ipc-hdbw2531rp-zs-s2#breadcrumb","itemListElement":[{"@type":"ListItem","position":1,"name":"Accueil","item":"https:\/\/kechbureau.ma\/"},{"@type":"ListItem","position":2,"name":"Shop","item":"https:\/\/kechbureau.ma\/?page_id=3853"},{"@type":"ListItem","position":3,"name":"IPC-HDBW2531RP-ZS-S2"}]},{"@type":"WebSite","@id":"https:\/\/kechbureau.ma\/#website","url":"https:\/\/kechbureau.ma\/","name":"KECH BUREAU","description":"MARRAKECH BUREAU","potentialAction":[{"@type":"SearchAction","target":{"@type":"EntryPoint","urlTemplate":"https:\/\/kechbureau.ma\/?s={search_term_string}"},"query-input":{"@type":"PropertyValueSpecification","valueRequired":true,"valueName":"search_term_string"}}],"inLanguage":"fr-FR"}]}},"_links":{"self":[{"href":"https:\/\/kechbureau.ma\/index.php?rest_route=\/wp\/v2\/product\/13346","targetHints":{"allow":["GET"]}}],"collection":[{"href":"https:\/\/kechbureau.ma\/index.php?rest_route=\/wp\/v2\/product"}],"about":[{"href":"https:\/\/kechbureau.ma\/index.php?rest_route=\/wp\/v2\/types\/product"}],"replies":[{"embeddable":true,"href":"https:\/\/kechbureau.ma\/index.php?rest_route=%2Fwp%2Fv2%2Fcomments&post=13346"}],"wp:featuredmedia":[{"embeddable":true,"href":"https:\/\/kechbureau.ma\/index.php?rest_route=\/wp\/v2\/media\/13347"}],"wp:attachment":[{"href":"https:\/\/kechbureau.ma\/index.php?rest_route=%2Fwp%2Fv2%2Fmedia&parent=13346"}],"wp:term":[{"taxonomy":"product_brand","embeddable":true,"href":"https:\/\/kechbureau.ma\/index.php?rest_route=%2Fwp%2Fv2%2Fproduct_brand&post=13346"},{"taxonomy":"product_cat","embeddable":true,"href":"https:\/\/kechbureau.ma\/index.php?rest_route=%2Fwp%2Fv2%2Fproduct_cat&post=13346"},{"taxonomy":"product_tag","embeddable":true,"href":"https:\/\/kechbureau.ma\/index.php?rest_route=%2Fwp%2Fv2%2Fproduct_tag&post=13346"}],"curies":[{"name":"wp","href":"https:\/\/api.w.org\/{rel}","templated":true}]}}