{"id":13307,"date":"2022-02-04T21:13:25","date_gmt":"2022-02-04T20:13:25","guid":{"rendered":"https:\/\/kechbureau.ma\/?post_type=product&#038;p=13307"},"modified":"2022-02-04T21:27:11","modified_gmt":"2022-02-04T20:27:11","slug":"kit-alarme-anti-intrusion-sans-fil-hikvision","status":"publish","type":"product","link":"https:\/\/kechbureau.ma\/?product=kit-alarme-anti-intrusion-sans-fil-hikvision","title":{"rendered":"Kit alarme anti-intrusion sans fil HIKVISION  32 Zones (DS-PWA32-K)"},"content":{"rendered":"<div class=\"product-details__product-attributes\">\n<div class=\"details-product-attribute\"><span class=\"details-product-attribute__title\">Marque:\u00a0<\/span><span class=\"details-product-attribute__value\">HIKVISION<\/span><\/div>\n<\/div>\n<div id=\"productDescription\" class=\"product-details__product-description\">\n<div>\n<p>Le kit contient ce qui suit :<\/p>\n<ul>\n<li>Le panneau de contr\u00f4le WIFI DS-PWA32-H.<\/li>\n<li>Le d\u00e9tecteur WIFI DS-PD2-P10P-W.<\/li>\n<li>Le contact magn\u00e9tique WIFI DS-PD1-MC-WWS.<\/li>\n<li>La t\u00e9l\u00e9commande DS-19K00-Y.<\/li>\n<\/ul>\n<\/div>\n<\/div>\n","protected":false},"excerpt":{"rendered":"<p>Marque:\u00a0HIKVISION Le kit contient ce qui suit : Le panneau de contr\u00f4le WIFI DS-PWA32-H. Le d\u00e9tecteur WIFI DS-PD2-P10P-W. Le contact magn\u00e9tique WIFI DS-PD1-MC-WWS. La t\u00e9l\u00e9commande DS-19K00-Y.<\/p>\n","protected":false},"featured_media":13311,"comment_status":"open","ping_status":"closed","template":"","meta":{"kk_blocks_editor_width":"","_kiokenblocks_attr":"","_kiokenblocks_dimensions":""},"product_brand":[],"product_cat":[540,532],"product_tag":[],"class_list":{"0":"post-13307","1":"product","2":"type-product","3":"status-publish","4":"has-post-thumbnail","6":"product_cat-alarme-incendie","7":"product_cat-video-surveillance","9":"first","10":"instock","11":"sale","12":"taxable","13":"shipping-taxable","14":"purchasable","15":"product-type-simple"},"yoast_head":"<!-- This site is optimized with the Yoast SEO plugin v27.3 - https:\/\/yoast.com\/product\/yoast-seo-wordpress\/ -->\n<title>Kit alarme anti-intrusion sans fil HIKVISION 32 Zones (DS-PWA32-K) - KECH BUREAU<\/title>\n<meta name=\"robots\" content=\"index, follow, max-snippet:-1, max-image-preview:large, max-video-preview:-1\" \/>\n<link rel=\"canonical\" href=\"https:\/\/kechbureau.ma\/?product=kit-alarme-anti-intrusion-sans-fil-hikvision\" \/>\n<meta property=\"og:locale\" content=\"fr_FR\" \/>\n<meta property=\"og:type\" content=\"article\" \/>\n<meta property=\"og:title\" content=\"Kit alarme anti-intrusion sans fil HIKVISION 32 Zones (DS-PWA32-K) - KECH BUREAU\" \/>\n<meta property=\"og:description\" content=\"Marque:\u00a0HIKVISION Le kit contient ce qui suit : Le panneau de contr\u00f4le WIFI DS-PWA32-H. Le d\u00e9tecteur WIFI DS-PD2-P10P-W. Le contact magn\u00e9tique WIFI DS-PD1-MC-WWS. La t\u00e9l\u00e9commande DS-19K00-Y.\" \/>\n<meta property=\"og:url\" content=\"https:\/\/kechbureau.ma\/?product=kit-alarme-anti-intrusion-sans-fil-hikvision\" \/>\n<meta property=\"og:site_name\" content=\"KECH BUREAU\" \/>\n<meta property=\"article:modified_time\" content=\"2022-02-04T20:27:11+00:00\" \/>\n<meta property=\"og:image\" content=\"https:\/\/kechbureau.ma\/wp-content\/uploads\/2022\/02\/340-scaled.jpg\" \/>\n\t<meta property=\"og:image:width\" content=\"2560\" \/>\n\t<meta property=\"og:image:height\" content=\"2560\" \/>\n\t<meta property=\"og:image:type\" content=\"image\/jpeg\" \/>\n<meta name=\"twitter:card\" content=\"summary_large_image\" \/>\n<script type=\"application\/ld+json\" class=\"yoast-schema-graph\">{\"@context\":\"https:\\\/\\\/schema.org\",\"@graph\":[{\"@type\":\"WebPage\",\"@id\":\"https:\\\/\\\/kechbureau.ma\\\/?product=kit-alarme-anti-intrusion-sans-fil-hikvision\",\"url\":\"https:\\\/\\\/kechbureau.ma\\\/?product=kit-alarme-anti-intrusion-sans-fil-hikvision\",\"name\":\"Kit alarme anti-intrusion sans fil HIKVISION 32 Zones (DS-PWA32-K) - KECH BUREAU\",\"isPartOf\":{\"@id\":\"https:\\\/\\\/kechbureau.ma\\\/#website\"},\"primaryImageOfPage\":{\"@id\":\"https:\\\/\\\/kechbureau.ma\\\/?product=kit-alarme-anti-intrusion-sans-fil-hikvision#primaryimage\"},\"image\":{\"@id\":\"https:\\\/\\\/kechbureau.ma\\\/?product=kit-alarme-anti-intrusion-sans-fil-hikvision#primaryimage\"},\"thumbnailUrl\":\"https:\\\/\\\/kechbureau.ma\\\/wp-content\\\/uploads\\\/2022\\\/02\\\/340-scaled.jpg\",\"datePublished\":\"2022-02-04T20:13:25+00:00\",\"dateModified\":\"2022-02-04T20:27:11+00:00\",\"breadcrumb\":{\"@id\":\"https:\\\/\\\/kechbureau.ma\\\/?product=kit-alarme-anti-intrusion-sans-fil-hikvision#breadcrumb\"},\"inLanguage\":\"fr-FR\",\"potentialAction\":[{\"@type\":\"ReadAction\",\"target\":[\"https:\\\/\\\/kechbureau.ma\\\/?product=kit-alarme-anti-intrusion-sans-fil-hikvision\"]}]},{\"@type\":\"ImageObject\",\"inLanguage\":\"fr-FR\",\"@id\":\"https:\\\/\\\/kechbureau.ma\\\/?product=kit-alarme-anti-intrusion-sans-fil-hikvision#primaryimage\",\"url\":\"https:\\\/\\\/kechbureau.ma\\\/wp-content\\\/uploads\\\/2022\\\/02\\\/340-scaled.jpg\",\"contentUrl\":\"https:\\\/\\\/kechbureau.ma\\\/wp-content\\\/uploads\\\/2022\\\/02\\\/340-scaled.jpg\",\"width\":2560,\"height\":2560},{\"@type\":\"BreadcrumbList\",\"@id\":\"https:\\\/\\\/kechbureau.ma\\\/?product=kit-alarme-anti-intrusion-sans-fil-hikvision#breadcrumb\",\"itemListElement\":[{\"@type\":\"ListItem\",\"position\":1,\"name\":\"Accueil\",\"item\":\"https:\\\/\\\/kechbureau.ma\\\/\"},{\"@type\":\"ListItem\",\"position\":2,\"name\":\"Shop\",\"item\":\"https:\\\/\\\/kechbureau.ma\\\/?page_id=3853\"},{\"@type\":\"ListItem\",\"position\":3,\"name\":\"Kit alarme anti-intrusion sans fil HIKVISION 32 Zones (DS-PWA32-K)\"}]},{\"@type\":\"WebSite\",\"@id\":\"https:\\\/\\\/kechbureau.ma\\\/#website\",\"url\":\"https:\\\/\\\/kechbureau.ma\\\/\",\"name\":\"KECH BUREAU\",\"description\":\"MARRAKECH BUREAU\",\"potentialAction\":[{\"@type\":\"SearchAction\",\"target\":{\"@type\":\"EntryPoint\",\"urlTemplate\":\"https:\\\/\\\/kechbureau.ma\\\/?s={search_term_string}\"},\"query-input\":{\"@type\":\"PropertyValueSpecification\",\"valueRequired\":true,\"valueName\":\"search_term_string\"}}],\"inLanguage\":\"fr-FR\"}]}<\/script>\n<!-- \/ Yoast SEO plugin. -->","yoast_head_json":{"title":"Kit alarme anti-intrusion sans fil HIKVISION 32 Zones (DS-PWA32-K) - KECH BUREAU","robots":{"index":"index","follow":"follow","max-snippet":"max-snippet:-1","max-image-preview":"max-image-preview:large","max-video-preview":"max-video-preview:-1"},"canonical":"https:\/\/kechbureau.ma\/?product=kit-alarme-anti-intrusion-sans-fil-hikvision","og_locale":"fr_FR","og_type":"article","og_title":"Kit alarme anti-intrusion sans fil HIKVISION 32 Zones (DS-PWA32-K) - KECH BUREAU","og_description":"Marque:\u00a0HIKVISION Le kit contient ce qui suit : Le panneau de contr\u00f4le WIFI DS-PWA32-H. Le d\u00e9tecteur WIFI DS-PD2-P10P-W. Le contact magn\u00e9tique WIFI DS-PD1-MC-WWS. La t\u00e9l\u00e9commande DS-19K00-Y.","og_url":"https:\/\/kechbureau.ma\/?product=kit-alarme-anti-intrusion-sans-fil-hikvision","og_site_name":"KECH BUREAU","article_modified_time":"2022-02-04T20:27:11+00:00","og_image":[{"width":2560,"height":2560,"url":"https:\/\/kechbureau.ma\/wp-content\/uploads\/2022\/02\/340-scaled.jpg","type":"image\/jpeg"}],"twitter_card":"summary_large_image","schema":{"@context":"https:\/\/schema.org","@graph":[{"@type":"WebPage","@id":"https:\/\/kechbureau.ma\/?product=kit-alarme-anti-intrusion-sans-fil-hikvision","url":"https:\/\/kechbureau.ma\/?product=kit-alarme-anti-intrusion-sans-fil-hikvision","name":"Kit alarme anti-intrusion sans fil HIKVISION 32 Zones (DS-PWA32-K) - KECH BUREAU","isPartOf":{"@id":"https:\/\/kechbureau.ma\/#website"},"primaryImageOfPage":{"@id":"https:\/\/kechbureau.ma\/?product=kit-alarme-anti-intrusion-sans-fil-hikvision#primaryimage"},"image":{"@id":"https:\/\/kechbureau.ma\/?product=kit-alarme-anti-intrusion-sans-fil-hikvision#primaryimage"},"thumbnailUrl":"https:\/\/kechbureau.ma\/wp-content\/uploads\/2022\/02\/340-scaled.jpg","datePublished":"2022-02-04T20:13:25+00:00","dateModified":"2022-02-04T20:27:11+00:00","breadcrumb":{"@id":"https:\/\/kechbureau.ma\/?product=kit-alarme-anti-intrusion-sans-fil-hikvision#breadcrumb"},"inLanguage":"fr-FR","potentialAction":[{"@type":"ReadAction","target":["https:\/\/kechbureau.ma\/?product=kit-alarme-anti-intrusion-sans-fil-hikvision"]}]},{"@type":"ImageObject","inLanguage":"fr-FR","@id":"https:\/\/kechbureau.ma\/?product=kit-alarme-anti-intrusion-sans-fil-hikvision#primaryimage","url":"https:\/\/kechbureau.ma\/wp-content\/uploads\/2022\/02\/340-scaled.jpg","contentUrl":"https:\/\/kechbureau.ma\/wp-content\/uploads\/2022\/02\/340-scaled.jpg","width":2560,"height":2560},{"@type":"BreadcrumbList","@id":"https:\/\/kechbureau.ma\/?product=kit-alarme-anti-intrusion-sans-fil-hikvision#breadcrumb","itemListElement":[{"@type":"ListItem","position":1,"name":"Accueil","item":"https:\/\/kechbureau.ma\/"},{"@type":"ListItem","position":2,"name":"Shop","item":"https:\/\/kechbureau.ma\/?page_id=3853"},{"@type":"ListItem","position":3,"name":"Kit alarme anti-intrusion sans fil HIKVISION 32 Zones (DS-PWA32-K)"}]},{"@type":"WebSite","@id":"https:\/\/kechbureau.ma\/#website","url":"https:\/\/kechbureau.ma\/","name":"KECH BUREAU","description":"MARRAKECH BUREAU","potentialAction":[{"@type":"SearchAction","target":{"@type":"EntryPoint","urlTemplate":"https:\/\/kechbureau.ma\/?s={search_term_string}"},"query-input":{"@type":"PropertyValueSpecification","valueRequired":true,"valueName":"search_term_string"}}],"inLanguage":"fr-FR"}]}},"_links":{"self":[{"href":"https:\/\/kechbureau.ma\/index.php?rest_route=\/wp\/v2\/product\/13307","targetHints":{"allow":["GET"]}}],"collection":[{"href":"https:\/\/kechbureau.ma\/index.php?rest_route=\/wp\/v2\/product"}],"about":[{"href":"https:\/\/kechbureau.ma\/index.php?rest_route=\/wp\/v2\/types\/product"}],"replies":[{"embeddable":true,"href":"https:\/\/kechbureau.ma\/index.php?rest_route=%2Fwp%2Fv2%2Fcomments&post=13307"}],"wp:featuredmedia":[{"embeddable":true,"href":"https:\/\/kechbureau.ma\/index.php?rest_route=\/wp\/v2\/media\/13311"}],"wp:attachment":[{"href":"https:\/\/kechbureau.ma\/index.php?rest_route=%2Fwp%2Fv2%2Fmedia&parent=13307"}],"wp:term":[{"taxonomy":"product_brand","embeddable":true,"href":"https:\/\/kechbureau.ma\/index.php?rest_route=%2Fwp%2Fv2%2Fproduct_brand&post=13307"},{"taxonomy":"product_cat","embeddable":true,"href":"https:\/\/kechbureau.ma\/index.php?rest_route=%2Fwp%2Fv2%2Fproduct_cat&post=13307"},{"taxonomy":"product_tag","embeddable":true,"href":"https:\/\/kechbureau.ma\/index.php?rest_route=%2Fwp%2Fv2%2Fproduct_tag&post=13307"}],"curies":[{"name":"wp","href":"https:\/\/api.w.org\/{rel}","templated":true}]}}