{"id":13290,"date":"2022-02-04T20:23:44","date_gmt":"2022-02-04T19:23:44","guid":{"rendered":"https:\/\/kechbureau.ma\/?post_type=product&#038;p=13290"},"modified":"2022-02-04T21:38:35","modified_gmt":"2022-02-04T20:38:35","slug":"onduleur-sps-700-one-salicru-produit-europeen","status":"publish","type":"product","link":"https:\/\/kechbureau.ma\/?product=onduleur-sps-700-one-salicru-produit-europeen","title":{"rendered":"ONDULEUR SPS 700va ONE SALICRU (PRODUIT EUROPEEN)"},"content":{"rendered":"<div class=\"modelo_cabecera_descripcion\">La s\u00e9rie\u00a0<strong>SPS ONE<\/strong>\u00a0de Salicru est un syst\u00e8me d\u2019alimentation ininterrompue (onduleur\/UPS) de technologie Line-interactive qui assure une alimentation de secours par batteries (\u00e0 sortie d\u2019onduleur pseudo-sinuso\u00efdale) et procure une protection contre les surcharges.<\/div>\n<div class=\"modelo_cabecera_descripcion\">En cas de coupure de l\u2019alimentation, les \u00e9quipements\u00a0<strong>SPS ONE<\/strong>\u00a0fournissent une alimentation de secours par batteries afin de pouvoir proc\u00e9der \u00e0 la mise \u00e0 l\u2019arr\u00eat correcte du syst\u00e8me informatique, pr\u00e9venir les pertes de donn\u00e9es et ne pas endommager les composants \u00e9lectroniques.<\/div>\n<div class=\"modelo_cabecera_codigos\">\n<p>Int\u00e8gre une interface de communication onduleur\/PC de type USB utilisant un protocole HID. Cela permet de configurer les param\u00e8tres de commande de l\u2019onduleur et la mise \u00e0 l\u2019arr\u00eat ou l\u2019hibernation de l\u2019ordinateur via le port USB. Compatible avec les syst\u00e8mes d&#8217;exploitation Windows, Linux et Mac. Logiciel de gestion et de surveillance de l\u2019onduleur pour la fermeture de fichiers\/applications ; disponible pour syst\u00e8mes Windows, Linux et Mac ; gratuit et t\u00e9l\u00e9chargeable sur le site www.salicru.com.<\/p>\n<p>La s\u00e9rie\u00a0<strong>SPS ONE<\/strong>\u00a0est disponible avec les puissances de 500, 700, 900, 1 100, 1 500 et 2 000 VA.<\/p>\n<\/div>\n","protected":false},"excerpt":{"rendered":"<p>La s\u00e9rie\u00a0SPS ONE\u00a0de Salicru est un syst\u00e8me d\u2019alimentation ininterrompue (onduleur\/UPS) de technologie Line-interactive qui assure une alimentation de secours par batteries (\u00e0 sortie d\u2019onduleur pseudo-sinuso\u00efdale) et procure une protection contre<\/p>\n","protected":false},"featured_media":13287,"comment_status":"open","ping_status":"closed","template":"","meta":{"kk_blocks_editor_width":"","_kiokenblocks_attr":"","_kiokenblocks_dimensions":""},"product_brand":[],"product_cat":[634,630],"product_tag":[],"class_list":{"0":"post-13290","1":"product","2":"type-product","3":"status-publish","4":"has-post-thumbnail","6":"product_cat-onduleurs","7":"product_cat-peripheriques","9":"first","10":"instock","11":"sale","12":"taxable","13":"shipping-taxable","14":"purchasable","15":"product-type-simple"},"yoast_head":"<!-- This site is optimized with the Yoast SEO plugin v27.4 - https:\/\/yoast.com\/product\/yoast-seo-wordpress\/ -->\n<title>ONDULEUR SPS 700va ONE SALICRU (PRODUIT EUROPEEN) - KECH BUREAU<\/title>\n<meta name=\"robots\" content=\"index, follow, max-snippet:-1, max-image-preview:large, max-video-preview:-1\" \/>\n<link rel=\"canonical\" href=\"https:\/\/kechbureau.ma\/?product=onduleur-sps-700-one-salicru-produit-europeen\" \/>\n<meta property=\"og:locale\" content=\"fr_FR\" \/>\n<meta property=\"og:type\" content=\"article\" \/>\n<meta property=\"og:title\" content=\"ONDULEUR SPS 700va ONE SALICRU (PRODUIT EUROPEEN) - KECH BUREAU\" \/>\n<meta property=\"og:description\" content=\"La s\u00e9rie\u00a0SPS ONE\u00a0de Salicru est un syst\u00e8me d\u2019alimentation ininterrompue (onduleur\/UPS) de technologie Line-interactive qui assure une alimentation de secours par batteries (\u00e0 sortie d\u2019onduleur pseudo-sinuso\u00efdale) et procure une protection contre\" \/>\n<meta property=\"og:url\" content=\"https:\/\/kechbureau.ma\/?product=onduleur-sps-700-one-salicru-produit-europeen\" \/>\n<meta property=\"og:site_name\" content=\"KECH BUREAU\" \/>\n<meta property=\"article:modified_time\" content=\"2022-02-04T20:38:35+00:00\" \/>\n<meta property=\"og:image\" content=\"https:\/\/kechbureau.ma\/wp-content\/uploads\/2022\/02\/1-PR1381BI2651_20029_SPS_ONE_SZ2.jpg\" \/>\n\t<meta property=\"og:image:width\" content=\"814\" \/>\n\t<meta property=\"og:image:height\" content=\"814\" \/>\n\t<meta property=\"og:image:type\" content=\"image\/jpeg\" \/>\n<meta name=\"twitter:card\" content=\"summary_large_image\" \/>\n<meta name=\"twitter:label1\" content=\"Dur\u00e9e de lecture estim\u00e9e\" \/>\n\t<meta name=\"twitter:data1\" content=\"1 minute\" \/>\n<script type=\"application\/ld+json\" class=\"yoast-schema-graph\">{\"@context\":\"https:\\\/\\\/schema.org\",\"@graph\":[{\"@type\":\"WebPage\",\"@id\":\"https:\\\/\\\/kechbureau.ma\\\/?product=onduleur-sps-700-one-salicru-produit-europeen\",\"url\":\"https:\\\/\\\/kechbureau.ma\\\/?product=onduleur-sps-700-one-salicru-produit-europeen\",\"name\":\"ONDULEUR SPS 700va ONE SALICRU (PRODUIT EUROPEEN) - KECH BUREAU\",\"isPartOf\":{\"@id\":\"https:\\\/\\\/kechbureau.ma\\\/#website\"},\"primaryImageOfPage\":{\"@id\":\"https:\\\/\\\/kechbureau.ma\\\/?product=onduleur-sps-700-one-salicru-produit-europeen#primaryimage\"},\"image\":{\"@id\":\"https:\\\/\\\/kechbureau.ma\\\/?product=onduleur-sps-700-one-salicru-produit-europeen#primaryimage\"},\"thumbnailUrl\":\"https:\\\/\\\/kechbureau.ma\\\/wp-content\\\/uploads\\\/2022\\\/02\\\/1-PR1381BI2651_20029_SPS_ONE_SZ2.jpg\",\"datePublished\":\"2022-02-04T19:23:44+00:00\",\"dateModified\":\"2022-02-04T20:38:35+00:00\",\"breadcrumb\":{\"@id\":\"https:\\\/\\\/kechbureau.ma\\\/?product=onduleur-sps-700-one-salicru-produit-europeen#breadcrumb\"},\"inLanguage\":\"fr-FR\",\"potentialAction\":[{\"@type\":\"ReadAction\",\"target\":[\"https:\\\/\\\/kechbureau.ma\\\/?product=onduleur-sps-700-one-salicru-produit-europeen\"]}]},{\"@type\":\"ImageObject\",\"inLanguage\":\"fr-FR\",\"@id\":\"https:\\\/\\\/kechbureau.ma\\\/?product=onduleur-sps-700-one-salicru-produit-europeen#primaryimage\",\"url\":\"https:\\\/\\\/kechbureau.ma\\\/wp-content\\\/uploads\\\/2022\\\/02\\\/1-PR1381BI2651_20029_SPS_ONE_SZ2.jpg\",\"contentUrl\":\"https:\\\/\\\/kechbureau.ma\\\/wp-content\\\/uploads\\\/2022\\\/02\\\/1-PR1381BI2651_20029_SPS_ONE_SZ2.jpg\",\"width\":814,\"height\":814},{\"@type\":\"BreadcrumbList\",\"@id\":\"https:\\\/\\\/kechbureau.ma\\\/?product=onduleur-sps-700-one-salicru-produit-europeen#breadcrumb\",\"itemListElement\":[{\"@type\":\"ListItem\",\"position\":1,\"name\":\"Accueil\",\"item\":\"https:\\\/\\\/kechbureau.ma\\\/\"},{\"@type\":\"ListItem\",\"position\":2,\"name\":\"Shop\",\"item\":\"https:\\\/\\\/kechbureau.ma\\\/?page_id=3853\"},{\"@type\":\"ListItem\",\"position\":3,\"name\":\"ONDULEUR SPS 700va ONE SALICRU (PRODUIT EUROPEEN)\"}]},{\"@type\":\"WebSite\",\"@id\":\"https:\\\/\\\/kechbureau.ma\\\/#website\",\"url\":\"https:\\\/\\\/kechbureau.ma\\\/\",\"name\":\"KECH BUREAU\",\"description\":\"MARRAKECH BUREAU\",\"potentialAction\":[{\"@type\":\"SearchAction\",\"target\":{\"@type\":\"EntryPoint\",\"urlTemplate\":\"https:\\\/\\\/kechbureau.ma\\\/?s={search_term_string}\"},\"query-input\":{\"@type\":\"PropertyValueSpecification\",\"valueRequired\":true,\"valueName\":\"search_term_string\"}}],\"inLanguage\":\"fr-FR\"}]}<\/script>\n<!-- \/ Yoast SEO plugin. -->","yoast_head_json":{"title":"ONDULEUR SPS 700va ONE SALICRU (PRODUIT EUROPEEN) - KECH BUREAU","robots":{"index":"index","follow":"follow","max-snippet":"max-snippet:-1","max-image-preview":"max-image-preview:large","max-video-preview":"max-video-preview:-1"},"canonical":"https:\/\/kechbureau.ma\/?product=onduleur-sps-700-one-salicru-produit-europeen","og_locale":"fr_FR","og_type":"article","og_title":"ONDULEUR SPS 700va ONE SALICRU (PRODUIT EUROPEEN) - KECH BUREAU","og_description":"La s\u00e9rie\u00a0SPS ONE\u00a0de Salicru est un syst\u00e8me d\u2019alimentation ininterrompue (onduleur\/UPS) de technologie Line-interactive qui assure une alimentation de secours par batteries (\u00e0 sortie d\u2019onduleur pseudo-sinuso\u00efdale) et procure une protection contre","og_url":"https:\/\/kechbureau.ma\/?product=onduleur-sps-700-one-salicru-produit-europeen","og_site_name":"KECH BUREAU","article_modified_time":"2022-02-04T20:38:35+00:00","og_image":[{"width":814,"height":814,"url":"https:\/\/kechbureau.ma\/wp-content\/uploads\/2022\/02\/1-PR1381BI2651_20029_SPS_ONE_SZ2.jpg","type":"image\/jpeg"}],"twitter_card":"summary_large_image","twitter_misc":{"Dur\u00e9e de lecture estim\u00e9e":"1 minute"},"schema":{"@context":"https:\/\/schema.org","@graph":[{"@type":"WebPage","@id":"https:\/\/kechbureau.ma\/?product=onduleur-sps-700-one-salicru-produit-europeen","url":"https:\/\/kechbureau.ma\/?product=onduleur-sps-700-one-salicru-produit-europeen","name":"ONDULEUR SPS 700va ONE SALICRU (PRODUIT EUROPEEN) - KECH BUREAU","isPartOf":{"@id":"https:\/\/kechbureau.ma\/#website"},"primaryImageOfPage":{"@id":"https:\/\/kechbureau.ma\/?product=onduleur-sps-700-one-salicru-produit-europeen#primaryimage"},"image":{"@id":"https:\/\/kechbureau.ma\/?product=onduleur-sps-700-one-salicru-produit-europeen#primaryimage"},"thumbnailUrl":"https:\/\/kechbureau.ma\/wp-content\/uploads\/2022\/02\/1-PR1381BI2651_20029_SPS_ONE_SZ2.jpg","datePublished":"2022-02-04T19:23:44+00:00","dateModified":"2022-02-04T20:38:35+00:00","breadcrumb":{"@id":"https:\/\/kechbureau.ma\/?product=onduleur-sps-700-one-salicru-produit-europeen#breadcrumb"},"inLanguage":"fr-FR","potentialAction":[{"@type":"ReadAction","target":["https:\/\/kechbureau.ma\/?product=onduleur-sps-700-one-salicru-produit-europeen"]}]},{"@type":"ImageObject","inLanguage":"fr-FR","@id":"https:\/\/kechbureau.ma\/?product=onduleur-sps-700-one-salicru-produit-europeen#primaryimage","url":"https:\/\/kechbureau.ma\/wp-content\/uploads\/2022\/02\/1-PR1381BI2651_20029_SPS_ONE_SZ2.jpg","contentUrl":"https:\/\/kechbureau.ma\/wp-content\/uploads\/2022\/02\/1-PR1381BI2651_20029_SPS_ONE_SZ2.jpg","width":814,"height":814},{"@type":"BreadcrumbList","@id":"https:\/\/kechbureau.ma\/?product=onduleur-sps-700-one-salicru-produit-europeen#breadcrumb","itemListElement":[{"@type":"ListItem","position":1,"name":"Accueil","item":"https:\/\/kechbureau.ma\/"},{"@type":"ListItem","position":2,"name":"Shop","item":"https:\/\/kechbureau.ma\/?page_id=3853"},{"@type":"ListItem","position":3,"name":"ONDULEUR SPS 700va ONE SALICRU (PRODUIT EUROPEEN)"}]},{"@type":"WebSite","@id":"https:\/\/kechbureau.ma\/#website","url":"https:\/\/kechbureau.ma\/","name":"KECH BUREAU","description":"MARRAKECH BUREAU","potentialAction":[{"@type":"SearchAction","target":{"@type":"EntryPoint","urlTemplate":"https:\/\/kechbureau.ma\/?s={search_term_string}"},"query-input":{"@type":"PropertyValueSpecification","valueRequired":true,"valueName":"search_term_string"}}],"inLanguage":"fr-FR"}]}},"_links":{"self":[{"href":"https:\/\/kechbureau.ma\/index.php?rest_route=\/wp\/v2\/product\/13290","targetHints":{"allow":["GET"]}}],"collection":[{"href":"https:\/\/kechbureau.ma\/index.php?rest_route=\/wp\/v2\/product"}],"about":[{"href":"https:\/\/kechbureau.ma\/index.php?rest_route=\/wp\/v2\/types\/product"}],"replies":[{"embeddable":true,"href":"https:\/\/kechbureau.ma\/index.php?rest_route=%2Fwp%2Fv2%2Fcomments&post=13290"}],"wp:featuredmedia":[{"embeddable":true,"href":"https:\/\/kechbureau.ma\/index.php?rest_route=\/wp\/v2\/media\/13287"}],"wp:attachment":[{"href":"https:\/\/kechbureau.ma\/index.php?rest_route=%2Fwp%2Fv2%2Fmedia&parent=13290"}],"wp:term":[{"taxonomy":"product_brand","embeddable":true,"href":"https:\/\/kechbureau.ma\/index.php?rest_route=%2Fwp%2Fv2%2Fproduct_brand&post=13290"},{"taxonomy":"product_cat","embeddable":true,"href":"https:\/\/kechbureau.ma\/index.php?rest_route=%2Fwp%2Fv2%2Fproduct_cat&post=13290"},{"taxonomy":"product_tag","embeddable":true,"href":"https:\/\/kechbureau.ma\/index.php?rest_route=%2Fwp%2Fv2%2Fproduct_tag&post=13290"}],"curies":[{"name":"wp","href":"https:\/\/api.w.org\/{rel}","templated":true}]}}