{"id":13281,"date":"2022-01-31T19:37:40","date_gmt":"2022-01-31T18:37:40","guid":{"rendered":"https:\/\/kechbureau.ma\/?post_type=product&#038;p=13281"},"modified":"2022-01-31T19:38:08","modified_gmt":"2022-01-31T18:38:08","slug":"onduleur-salicru-650valine-interactive-de-base-sps-650-link-m","status":"publish","type":"product","link":"https:\/\/kechbureau.ma\/?product=onduleur-salicru-650valine-interactive-de-base-sps-650-link-m","title":{"rendered":"Onduleur salicru 650va Line-interactive de base (SPS 650 LINK M)"},"content":{"rendered":"<div class=\"modelo_seccion_titulo\">Sp\u00e9cifications techniques<\/div>\n<div class=\"row\">\n<div class=\"col-xs-12\">\n<div class=\"modelo_especificaciones_titulo modelo_especificaciones_titulo_grupo\"><\/div>\n<\/div>\n<\/div>\n<div class=\"modelo_especificaciones_item\">\n<div class=\"row\">\n<div class=\"col-xs-6 col-sm-4 modelo_especificaciones_subtitulo\">TECHNOLOGIE<\/div>\n<div class=\"col-xs-6 col-sm-8 modelo_especificaciones_valor\">Line-interactive<\/div>\n<\/div>\n<\/div>\n<div class=\"modelo_especificaciones_item\">\n<div class=\"row\">\n<div class=\"col-xs-6 col-sm-4 modelo_especificaciones_subtitulo\">FORMAT<\/div>\n<div class=\"col-xs-6 col-sm-8 modelo_especificaciones_valor\">Tour<\/div>\n<\/div>\n<\/div>\n<div class=\"row\">\n<div class=\"col-xs-12\">\n<div class=\"modelo_especificaciones_titulo modelo_especificaciones_titulo_grupo\">ENTR\u00c9E<\/div>\n<\/div>\n<\/div>\n<div class=\"modelo_especificaciones_item\">\n<div class=\"row\">\n<div class=\"col-xs-6 col-sm-4 modelo_especificaciones_subtitulo\">Tension nominale<\/div>\n<div class=\"col-xs-6 col-sm-8 modelo_especificaciones_valor\">220 V \/ 230 V \/ 240 V AC<\/div>\n<\/div>\n<\/div>\n<div class=\"modelo_especificaciones_item\">\n<div class=\"row\">\n<div class=\"col-xs-6 col-sm-4 modelo_especificaciones_subtitulo\">Marge de tension<\/div>\n<div class=\"col-xs-6 col-sm-8 modelo_especificaciones_valor\">Jusqu\u2019\u00e0 162 V &#8211; 290 V<\/div>\n<\/div>\n<\/div>\n<div class=\"modelo_especificaciones_item\">\n<div class=\"row\">\n<div class=\"col-xs-6 col-sm-4 modelo_especificaciones_subtitulo\">Stabilisateur<\/div>\n<div class=\"col-xs-6 col-sm-8 modelo_especificaciones_valor\">AVR Buck \/ Boost<\/div>\n<\/div>\n<\/div>\n<div class=\"modelo_especificaciones_item\">\n<div class=\"row\">\n<div class=\"col-xs-6 col-sm-4 modelo_especificaciones_subtitulo\">Fr\u00e9quence nominale<\/div>\n<div class=\"col-xs-6 col-sm-8 modelo_especificaciones_valor\">50 \/ 60 Hz<\/div>\n<\/div>\n<\/div>\n<div class=\"modelo_especificaciones_item\">\n<div class=\"row\">\n<div class=\"col-xs-6 col-sm-4 modelo_especificaciones_subtitulo\">D\u00e9tection de fr\u00e9quence automatique<\/div>\n<div class=\"col-xs-6 col-sm-8 modelo_especificaciones_valor\">Oui<\/div>\n<\/div>\n<\/div>\n<div class=\"modelo_especificaciones_item\">\n<div class=\"row\">\n<div class=\"col-xs-6 col-sm-4 modelo_especificaciones_subtitulo\">Protection<\/div>\n<div class=\"col-xs-6 col-sm-8 modelo_especificaciones_valor\">Thermique \u00e0 r\u00e9armement ou fusible (cela depends du mod\u00e8le)<\/div>\n<\/div>\n<\/div>\n<div class=\"row\">\n<div class=\"col-xs-12\">\n<div class=\"modelo_especificaciones_titulo modelo_especificaciones_titulo_grupo\">SORTIE<\/div>\n<\/div>\n<\/div>\n<div class=\"modelo_especificaciones_item\">\n<div class=\"row\">\n<div class=\"col-xs-6 col-sm-4 modelo_especificaciones_subtitulo\">Tension nominale<\/div>\n<div class=\"col-xs-6 col-sm-8 modelo_especificaciones_valor\">220 V \/ 230 V \/ 240 V AC<\/div>\n<\/div>\n<\/div>\n<div class=\"modelo_especificaciones_item\">\n<div class=\"row\">\n<div class=\"col-xs-6 col-sm-4 modelo_especificaciones_subtitulo\">Pr\u00e9cision tension (mode batterie)<\/div>\n<div class=\"col-xs-6 col-sm-8 modelo_especificaciones_valor\">\u00b110%<\/div>\n<\/div>\n<\/div>\n<div class=\"modelo_especificaciones_item\">\n<div class=\"row\">\n<div class=\"col-xs-6 col-sm-4 modelo_especificaciones_subtitulo\">Forme d&#8217;onde (mode batterie)<\/div>\n<div class=\"col-xs-6 col-sm-8 modelo_especificaciones_valor\">Pseudo-sinuso\u00efdal<\/div>\n<\/div>\n<\/div>\n<div class=\"modelo_especificaciones_item\">\n<div class=\"row\">\n<div class=\"col-xs-6 col-sm-4 modelo_especificaciones_subtitulo\">Fr\u00e9quence<\/div>\n<div class=\"col-xs-6 col-sm-8 modelo_especificaciones_valor\">50 \/ 60 Hz \u00b1 1 Hz\u00a0<sup>(1)<\/sup><\/div>\n<\/div>\n<\/div>\n<div class=\"modelo_especificaciones_item\">\n<div class=\"row\">\n<div class=\"col-xs-6 col-sm-4 modelo_especificaciones_subtitulo\">Temps de transfert<\/div>\n<div class=\"col-xs-6 col-sm-8 modelo_especificaciones_valor\">2 \/ 6 ms<\/div>\n<\/div>\n<\/div>\n<div class=\"modelo_especificaciones_item\">\n<div class=\"row\">\n<div class=\"col-xs-6 col-sm-4 modelo_especificaciones_subtitulo\">Rendement eco-mode<\/div>\n<div class=\"col-xs-6 col-sm-8 modelo_especificaciones_valor\">&gt; 95%<\/div>\n<\/div>\n<\/div>\n<div class=\"modelo_especificaciones_item\">\n<div class=\"row\">\n<div class=\"col-xs-6 col-sm-4 modelo_especificaciones_subtitulo\">Type de prises<\/div>\n<div class=\"col-xs-6 col-sm-8 modelo_especificaciones_valor\">Schuko ou IEC<\/div>\n<\/div>\n<\/div>\n<div class=\"row\">\n<div class=\"col-xs-12\">\n<div class=\"modelo_especificaciones_titulo modelo_especificaciones_titulo_grupo\">BATTERIES<\/div>\n<\/div>\n<\/div>\n<div class=\"modelo_especificaciones_item\">\n<div class=\"row\">\n<div class=\"col-xs-6 col-sm-4 modelo_especificaciones_subtitulo\">Type de batterie<\/div>\n<div class=\"col-xs-6 col-sm-8 modelo_especificaciones_valor\">Batteries herm\u00e9tiques de plomb-calcium sans maintenance, scell\u00e9es, vie utile 3-5 ans<\/div>\n<\/div>\n<\/div>\n<div class=\"modelo_especificaciones_item\">\n<div class=\"row\">\n<div class=\"col-xs-6 col-sm-4 modelo_especificaciones_subtitulo\">Temps de recharge<\/div>\n<div class=\"col-xs-6 col-sm-8 modelo_especificaciones_valor\">4-6 heures jusqu\u2019\u00e0 90% de la capacit\u00e9<\/div>\n<\/div>\n<\/div>\n<div class=\"modelo_especificaciones_item\">\n<div class=\"row\">\n<div class=\"col-xs-6 col-sm-4 modelo_especificaciones_subtitulo\">Batterie rempla\u00e7able par l\u2019utilisateur<\/div>\n<div class=\"col-xs-6 col-sm-8 modelo_especificaciones_valor\">Oui<\/div>\n<\/div>\n<\/div>\n<div class=\"modelo_especificaciones_item\">\n<div class=\"row\">\n<div class=\"col-xs-6 col-sm-4 modelo_especificaciones_subtitulo\">Autonomie<\/div>\n<div class=\"col-xs-6 col-sm-8 modelo_especificaciones_valor\">Jusqu\u2019\u00e0 20 minutes<\/div>\n<\/div>\n<\/div>\n<div class=\"row\">\n<div class=\"col-xs-12\">\n<div class=\"modelo_especificaciones_titulo modelo_especificaciones_titulo_grupo\">COMMUNICATION<\/div>\n<\/div>\n<\/div>\n<div class=\"modelo_especificaciones_item\">\n<div class=\"row\">\n<div class=\"col-xs-6 col-sm-4 modelo_especificaciones_subtitulo\">Ports<\/div>\n<div class=\"col-xs-6 col-sm-8 modelo_especificaciones_valor\">USB HID<sup>(2)<\/sup><\/div>\n<\/div>\n<\/div>\n<div class=\"modelo_especificaciones_item\">\n<div class=\"row\">\n<div class=\"col-xs-6 col-sm-4 modelo_especificaciones_subtitulo\">Logiciel de surveillance<\/div>\n<div class=\"col-xs-6 col-sm-8 modelo_especificaciones_valor\">Supporte la famille Windows, Linux, Unix et Mac<\/div>\n<\/div>\n<\/div>\n<div class=\"modelo_especificaciones_item\">\n<div class=\"row\">\n<div class=\"col-xs-6 col-sm-4 modelo_especificaciones_subtitulo\">T\u00e9l\u00e9chargeable<\/div>\n<div class=\"col-xs-6 col-sm-8 modelo_especificaciones_valor\">support.salicru.com<\/div>\n<\/div>\n<\/div>\n<div class=\"row\">\n<div class=\"col-xs-12\">\n<div class=\"modelo_especificaciones_titulo modelo_especificaciones_titulo_grupo\">INDICATIONS<\/div>\n<\/div>\n<\/div>\n<div class=\"modelo_especificaciones_item\">\n<div class=\"row\">\n<div class=\"col-xs-6 col-sm-4 modelo_especificaciones_subtitulo\">Type<\/div>\n<div class=\"col-xs-6 col-sm-8 modelo_especificaciones_valor\">LED<\/div>\n<\/div>\n<\/div>\n<div class=\"modelo_especificaciones_item\">\n<div class=\"row\">\n<div class=\"col-xs-6 col-sm-4 modelo_especificaciones_subtitulo\">Modes de fonctionnement<\/div>\n<div class=\"col-xs-6 col-sm-8 modelo_especificaciones_valor\">Normal \/ Stabilisation (AVR) \/ Batterie \/ Panne<\/div>\n<\/div>\n<\/div>\n<div class=\"modelo_especificaciones_item\">\n<div class=\"row\">\n<div class=\"col-xs-6 col-sm-4 modelo_especificaciones_subtitulo\">Fonctionnement sur r\u00e9seau<\/div>\n<div class=\"col-xs-6 col-sm-8 modelo_especificaciones_valor\">LED verte<\/div>\n<\/div>\n<\/div>\n<div class=\"modelo_especificaciones_item\">\n<div class=\"row\">\n<div class=\"col-xs-6 col-sm-4 modelo_especificaciones_subtitulo\">Alarme<\/div>\n<div class=\"col-xs-6 col-sm-8 modelo_especificaciones_valor\">Sortie mode batterie, batterie basse (fin autonomie), d\u00e9faut chargeur et surcharge<\/div>\n<\/div>\n<\/div>\n<div class=\"modelo_especificaciones_item\">\n<div class=\"row\">\n<div class=\"col-xs-6 col-sm-4 modelo_especificaciones_subtitulo\">Acoustiques<\/div>\n<div class=\"col-xs-6 col-sm-8 modelo_especificaciones_valor\">Toutes les 10\u00a0s en fonctionnement avec batterie. Toutes les 1\u00a0s en cas de batterie d\u00e9charg\u00e9e. Toutes les 0,5\u00a0s en cas de surcharge. Continue en cas de d\u00e9faillance.<\/div>\n<\/div>\n<\/div>\n<div class=\"modelo_especificaciones_item\">\n<div class=\"row\">\n<div class=\"col-xs-6 col-sm-4 modelo_especificaciones_subtitulo\">D\u00e9faut<\/div>\n<div class=\"col-xs-6 col-sm-8 modelo_especificaciones_valor\">LED rouge<\/div>\n<\/div>\n<\/div>\n<div class=\"row\">\n<div class=\"col-xs-12\">\n<div class=\"modelo_especificaciones_titulo modelo_especificaciones_titulo_grupo\">AUTRES FONCTIONS<\/div>\n<\/div>\n<\/div>\n<div class=\"modelo_especificaciones_item\">\n<div class=\"row\">\n<div class=\"col-xs-6 col-sm-4 modelo_especificaciones_subtitulo\">Cold Start (d\u00e9marrage depuis les batteries)<\/div>\n<div class=\"col-xs-6 col-sm-8 modelo_especificaciones_valor\">Oui<\/div>\n<\/div>\n<\/div>\n<div class=\"modelo_especificaciones_item\">\n<div class=\"row\">\n<div class=\"col-xs-6 col-sm-4 modelo_especificaciones_subtitulo\">Red\u00e9marrage automatique<\/div>\n<div class=\"col-xs-6 col-sm-8 modelo_especificaciones_valor\">Oui, apr\u00e8s la fin de l\u2019autonomie et le retour du r\u00e9seau<\/div>\n<\/div>\n<\/div>\n<div class=\"row\">\n<div class=\"col-xs-12\">\n<div class=\"modelo_especificaciones_titulo modelo_especificaciones_titulo_grupo\">G\u00c9N\u00c9RALIT\u00c9S<\/div>\n<\/div>\n<\/div>\n<div class=\"modelo_especificaciones_item\">\n<div class=\"row\">\n<div class=\"col-xs-6 col-sm-4 modelo_especificaciones_subtitulo\">Temp\u00e9rature de travail<\/div>\n<div class=\"col-xs-6 col-sm-8 modelo_especificaciones_valor\">0\u00ba C \u00f7 + 40\u00ba C<\/div>\n<\/div>\n<\/div>\n<div class=\"modelo_especificaciones_item\">\n<div class=\"row\">\n<div class=\"col-xs-6 col-sm-4 modelo_especificaciones_subtitulo\">Humidit\u00e9 relative<\/div>\n<div class=\"col-xs-6 col-sm-8 modelo_especificaciones_valor\">Jusqu\u2019\u00e0 90%, sans condenser<\/div>\n<\/div>\n<\/div>\n<div class=\"modelo_especificaciones_item\">\n<div class=\"row\">\n<div class=\"col-xs-6 col-sm-4 modelo_especificaciones_subtitulo\">Altitude maximale de travail<\/div>\n<div class=\"col-xs-6 col-sm-8 modelo_especificaciones_valor\">2.400 m.s.n.m.<\/div>\n<\/div>\n<\/div>\n<div class=\"modelo_especificaciones_item\">\n<div class=\"row\">\n<div class=\"col-xs-6 col-sm-4 modelo_especificaciones_subtitulo\">Bruit acoustique \u00e0 1 m\u00e8tre<\/div>\n<div class=\"col-xs-6 col-sm-8 modelo_especificaciones_valor\">&lt; 40 dB<\/div>\n<\/div>\n<\/div>\n<div class=\"row\">\n<div class=\"col-xs-12\">\n<div class=\"modelo_especificaciones_titulo modelo_especificaciones_titulo_grupo\">NORMES<\/div>\n<\/div>\n<\/div>\n<div class=\"modelo_especificaciones_item\">\n<div class=\"row\">\n<div class=\"col-xs-6 col-sm-4 modelo_especificaciones_subtitulo\">S\u00e9curit\u00e9<\/div>\n<div class=\"col-xs-6 col-sm-8 modelo_especificaciones_valor\">EN-IEC 62040-1<\/div>\n<\/div>\n<\/div>\n<div class=\"modelo_especificaciones_item\">\n<div class=\"row\">\n<div class=\"col-xs-6 col-sm-4 modelo_especificaciones_subtitulo\">Compatibilit\u00e9 \u00e9lectromagn\u00e9tique (CEM)<\/div>\n<div class=\"col-xs-6 col-sm-8 modelo_especificaciones_valor\">EN-IEC 62040-2<\/div>\n<\/div>\n<\/div>\n<div class=\"modelo_especificaciones_item\">\n<div class=\"row\">\n<div class=\"col-xs-6 col-sm-4 modelo_especificaciones_subtitulo\">Fonctionnement<\/div>\n<div class=\"col-xs-6 col-sm-8 modelo_especificaciones_valor\">EN 62040<\/div>\n<\/div>\n<\/div>\n<div class=\"modelo_especificaciones_item\">\n<div class=\"row\">\n<div class=\"col-xs-6 col-sm-4 modelo_especificaciones_subtitulo\">Gestion de la Qualit\u00e9 et Environnementale<\/div>\n<div class=\"col-xs-6 col-sm-8 modelo_especificaciones_valor\">ISO 9001 &amp; ISO 14001<\/div>\n<\/div>\n<\/div>\n<div class=\"row\">\n<div class=\"col-xs-12\">\n<div class=\"modelo_especificaciones_titulo modelo_especificaciones_titulo_grupo\">DIMENSIONS<\/div>\n<\/div>\n<\/div>\n<div class=\"modelo_especificaciones_item\">\n<div class=\"row\">\n<div class=\"col-xs-6 col-sm-4 modelo_especificaciones_subtitulo\">Profondeur (mm)<\/div>\n<div class=\"col-xs-6 col-sm-8 modelo_especificaciones_valor\">300<\/div>\n<\/div>\n<\/div>\n<div class=\"modelo_especificaciones_item\">\n<div class=\"row\">\n<div class=\"col-xs-6 col-sm-4 modelo_especificaciones_subtitulo\">Largeur (mm)<\/div>\n<div class=\"col-xs-6 col-sm-8 modelo_especificaciones_valor\">101<\/div>\n<\/div>\n<\/div>\n<div class=\"modelo_especificaciones_item\">\n<div class=\"row\">\n<div class=\"col-xs-6 col-sm-4 modelo_especificaciones_subtitulo\">Hauteur (mm)<\/div>\n<div class=\"col-xs-6 col-sm-8 modelo_especificaciones_valor\">142<\/div>\n<\/div>\n<\/div>\n<div class=\"row\">\n<div class=\"col-xs-12\">\n<div class=\"modelo_especificaciones_titulo modelo_especificaciones_titulo_grupo\">POIDS<\/div>\n<\/div>\n<\/div>\n<div class=\"modelo_especificaciones_item\">\n<div class=\"row\">\n<div class=\"col-xs-6 col-sm-4 modelo_especificaciones_subtitulo\">Poids (kg)<\/div>\n<div class=\"col-xs-6 col-sm-8 modelo_especificaciones_valor\">4,45<\/div>\n<\/div>\n<\/div>\n","protected":false},"excerpt":{"rendered":"<p>Sp\u00e9cifications techniques TECHNOLOGIE Line-interactive FORMAT Tour ENTR\u00c9E Tension nominale 220 V \/ 230 V \/ 240 V AC Marge de tension Jusqu\u2019\u00e0 162 V &#8211; 290 V Stabilisateur AVR Buck<\/p>\n","protected":false},"featured_media":13282,"comment_status":"open","ping_status":"closed","template":"","meta":{"kk_blocks_editor_width":"","_kiokenblocks_attr":"","_kiokenblocks_dimensions":""},"product_brand":[],"product_cat":[634,630],"product_tag":[],"class_list":{"0":"post-13281","1":"product","2":"type-product","3":"status-publish","4":"has-post-thumbnail","6":"product_cat-onduleurs","7":"product_cat-peripheriques","9":"first","10":"instock","11":"sale","12":"taxable","13":"shipping-taxable","14":"purchasable","15":"product-type-simple"},"yoast_head":"<!-- This site is optimized with the Yoast SEO plugin v27.4 - https:\/\/yoast.com\/product\/yoast-seo-wordpress\/ -->\n<title>Onduleur salicru 650va Line-interactive de base (SPS 650 LINK M) - KECH BUREAU<\/title>\n<meta name=\"robots\" content=\"index, follow, max-snippet:-1, max-image-preview:large, max-video-preview:-1\" \/>\n<link rel=\"canonical\" href=\"https:\/\/kechbureau.ma\/?product=onduleur-salicru-650valine-interactive-de-base-sps-650-link-m\" \/>\n<meta property=\"og:locale\" content=\"fr_FR\" \/>\n<meta property=\"og:type\" content=\"article\" \/>\n<meta property=\"og:title\" content=\"Onduleur salicru 650va Line-interactive de base (SPS 650 LINK M) - KECH BUREAU\" \/>\n<meta property=\"og:description\" content=\"Sp\u00e9cifications techniques TECHNOLOGIE Line-interactive FORMAT Tour ENTR\u00c9E Tension nominale 220 V \/ 230 V \/ 240 V AC Marge de tension Jusqu\u2019\u00e0 162 V &#8211; 290 V Stabilisateur AVR Buck\" \/>\n<meta property=\"og:url\" content=\"https:\/\/kechbureau.ma\/?product=onduleur-salicru-650valine-interactive-de-base-sps-650-link-m\" \/>\n<meta property=\"og:site_name\" content=\"KECH BUREAU\" \/>\n<meta property=\"article:modified_time\" content=\"2022-01-31T18:38:08+00:00\" \/>\n<meta property=\"og:image\" content=\"https:\/\/kechbureau.ma\/wp-content\/uploads\/2022\/01\/onduleur2-650va.jpg\" \/>\n\t<meta property=\"og:image:width\" content=\"951\" \/>\n\t<meta property=\"og:image:height\" content=\"814\" \/>\n\t<meta property=\"og:image:type\" content=\"image\/jpeg\" \/>\n<meta name=\"twitter:card\" content=\"summary_large_image\" \/>\n<meta name=\"twitter:label1\" content=\"Dur\u00e9e de lecture estim\u00e9e\" \/>\n\t<meta name=\"twitter:data1\" content=\"1 minute\" \/>\n<script type=\"application\/ld+json\" class=\"yoast-schema-graph\">{\"@context\":\"https:\\\/\\\/schema.org\",\"@graph\":[{\"@type\":\"WebPage\",\"@id\":\"https:\\\/\\\/kechbureau.ma\\\/?product=onduleur-salicru-650valine-interactive-de-base-sps-650-link-m\",\"url\":\"https:\\\/\\\/kechbureau.ma\\\/?product=onduleur-salicru-650valine-interactive-de-base-sps-650-link-m\",\"name\":\"Onduleur salicru 650va Line-interactive de base (SPS 650 LINK M) - KECH BUREAU\",\"isPartOf\":{\"@id\":\"https:\\\/\\\/kechbureau.ma\\\/#website\"},\"primaryImageOfPage\":{\"@id\":\"https:\\\/\\\/kechbureau.ma\\\/?product=onduleur-salicru-650valine-interactive-de-base-sps-650-link-m#primaryimage\"},\"image\":{\"@id\":\"https:\\\/\\\/kechbureau.ma\\\/?product=onduleur-salicru-650valine-interactive-de-base-sps-650-link-m#primaryimage\"},\"thumbnailUrl\":\"https:\\\/\\\/kechbureau.ma\\\/wp-content\\\/uploads\\\/2022\\\/01\\\/onduleur2-650va.jpg\",\"datePublished\":\"2022-01-31T18:37:40+00:00\",\"dateModified\":\"2022-01-31T18:38:08+00:00\",\"breadcrumb\":{\"@id\":\"https:\\\/\\\/kechbureau.ma\\\/?product=onduleur-salicru-650valine-interactive-de-base-sps-650-link-m#breadcrumb\"},\"inLanguage\":\"fr-FR\",\"potentialAction\":[{\"@type\":\"ReadAction\",\"target\":[\"https:\\\/\\\/kechbureau.ma\\\/?product=onduleur-salicru-650valine-interactive-de-base-sps-650-link-m\"]}]},{\"@type\":\"ImageObject\",\"inLanguage\":\"fr-FR\",\"@id\":\"https:\\\/\\\/kechbureau.ma\\\/?product=onduleur-salicru-650valine-interactive-de-base-sps-650-link-m#primaryimage\",\"url\":\"https:\\\/\\\/kechbureau.ma\\\/wp-content\\\/uploads\\\/2022\\\/01\\\/onduleur2-650va.jpg\",\"contentUrl\":\"https:\\\/\\\/kechbureau.ma\\\/wp-content\\\/uploads\\\/2022\\\/01\\\/onduleur2-650va.jpg\",\"width\":951,\"height\":814,\"caption\":\"onduleur 650va\"},{\"@type\":\"BreadcrumbList\",\"@id\":\"https:\\\/\\\/kechbureau.ma\\\/?product=onduleur-salicru-650valine-interactive-de-base-sps-650-link-m#breadcrumb\",\"itemListElement\":[{\"@type\":\"ListItem\",\"position\":1,\"name\":\"Accueil\",\"item\":\"https:\\\/\\\/kechbureau.ma\\\/\"},{\"@type\":\"ListItem\",\"position\":2,\"name\":\"Shop\",\"item\":\"https:\\\/\\\/kechbureau.ma\\\/?page_id=3853\"},{\"@type\":\"ListItem\",\"position\":3,\"name\":\"Onduleur salicru 650va Line-interactive de base (SPS 650 LINK M)\"}]},{\"@type\":\"WebSite\",\"@id\":\"https:\\\/\\\/kechbureau.ma\\\/#website\",\"url\":\"https:\\\/\\\/kechbureau.ma\\\/\",\"name\":\"KECH BUREAU\",\"description\":\"MARRAKECH BUREAU\",\"potentialAction\":[{\"@type\":\"SearchAction\",\"target\":{\"@type\":\"EntryPoint\",\"urlTemplate\":\"https:\\\/\\\/kechbureau.ma\\\/?s={search_term_string}\"},\"query-input\":{\"@type\":\"PropertyValueSpecification\",\"valueRequired\":true,\"valueName\":\"search_term_string\"}}],\"inLanguage\":\"fr-FR\"}]}<\/script>\n<!-- \/ Yoast SEO plugin. -->","yoast_head_json":{"title":"Onduleur salicru 650va Line-interactive de base (SPS 650 LINK M) - KECH BUREAU","robots":{"index":"index","follow":"follow","max-snippet":"max-snippet:-1","max-image-preview":"max-image-preview:large","max-video-preview":"max-video-preview:-1"},"canonical":"https:\/\/kechbureau.ma\/?product=onduleur-salicru-650valine-interactive-de-base-sps-650-link-m","og_locale":"fr_FR","og_type":"article","og_title":"Onduleur salicru 650va Line-interactive de base (SPS 650 LINK M) - KECH BUREAU","og_description":"Sp\u00e9cifications techniques TECHNOLOGIE Line-interactive FORMAT Tour ENTR\u00c9E Tension nominale 220 V \/ 230 V \/ 240 V AC Marge de tension Jusqu\u2019\u00e0 162 V &#8211; 290 V Stabilisateur AVR Buck","og_url":"https:\/\/kechbureau.ma\/?product=onduleur-salicru-650valine-interactive-de-base-sps-650-link-m","og_site_name":"KECH BUREAU","article_modified_time":"2022-01-31T18:38:08+00:00","og_image":[{"width":951,"height":814,"url":"https:\/\/kechbureau.ma\/wp-content\/uploads\/2022\/01\/onduleur2-650va.jpg","type":"image\/jpeg"}],"twitter_card":"summary_large_image","twitter_misc":{"Dur\u00e9e de lecture estim\u00e9e":"1 minute"},"schema":{"@context":"https:\/\/schema.org","@graph":[{"@type":"WebPage","@id":"https:\/\/kechbureau.ma\/?product=onduleur-salicru-650valine-interactive-de-base-sps-650-link-m","url":"https:\/\/kechbureau.ma\/?product=onduleur-salicru-650valine-interactive-de-base-sps-650-link-m","name":"Onduleur salicru 650va Line-interactive de base (SPS 650 LINK M) - KECH BUREAU","isPartOf":{"@id":"https:\/\/kechbureau.ma\/#website"},"primaryImageOfPage":{"@id":"https:\/\/kechbureau.ma\/?product=onduleur-salicru-650valine-interactive-de-base-sps-650-link-m#primaryimage"},"image":{"@id":"https:\/\/kechbureau.ma\/?product=onduleur-salicru-650valine-interactive-de-base-sps-650-link-m#primaryimage"},"thumbnailUrl":"https:\/\/kechbureau.ma\/wp-content\/uploads\/2022\/01\/onduleur2-650va.jpg","datePublished":"2022-01-31T18:37:40+00:00","dateModified":"2022-01-31T18:38:08+00:00","breadcrumb":{"@id":"https:\/\/kechbureau.ma\/?product=onduleur-salicru-650valine-interactive-de-base-sps-650-link-m#breadcrumb"},"inLanguage":"fr-FR","potentialAction":[{"@type":"ReadAction","target":["https:\/\/kechbureau.ma\/?product=onduleur-salicru-650valine-interactive-de-base-sps-650-link-m"]}]},{"@type":"ImageObject","inLanguage":"fr-FR","@id":"https:\/\/kechbureau.ma\/?product=onduleur-salicru-650valine-interactive-de-base-sps-650-link-m#primaryimage","url":"https:\/\/kechbureau.ma\/wp-content\/uploads\/2022\/01\/onduleur2-650va.jpg","contentUrl":"https:\/\/kechbureau.ma\/wp-content\/uploads\/2022\/01\/onduleur2-650va.jpg","width":951,"height":814,"caption":"onduleur 650va"},{"@type":"BreadcrumbList","@id":"https:\/\/kechbureau.ma\/?product=onduleur-salicru-650valine-interactive-de-base-sps-650-link-m#breadcrumb","itemListElement":[{"@type":"ListItem","position":1,"name":"Accueil","item":"https:\/\/kechbureau.ma\/"},{"@type":"ListItem","position":2,"name":"Shop","item":"https:\/\/kechbureau.ma\/?page_id=3853"},{"@type":"ListItem","position":3,"name":"Onduleur salicru 650va Line-interactive de base (SPS 650 LINK M)"}]},{"@type":"WebSite","@id":"https:\/\/kechbureau.ma\/#website","url":"https:\/\/kechbureau.ma\/","name":"KECH BUREAU","description":"MARRAKECH BUREAU","potentialAction":[{"@type":"SearchAction","target":{"@type":"EntryPoint","urlTemplate":"https:\/\/kechbureau.ma\/?s={search_term_string}"},"query-input":{"@type":"PropertyValueSpecification","valueRequired":true,"valueName":"search_term_string"}}],"inLanguage":"fr-FR"}]}},"_links":{"self":[{"href":"https:\/\/kechbureau.ma\/index.php?rest_route=\/wp\/v2\/product\/13281","targetHints":{"allow":["GET"]}}],"collection":[{"href":"https:\/\/kechbureau.ma\/index.php?rest_route=\/wp\/v2\/product"}],"about":[{"href":"https:\/\/kechbureau.ma\/index.php?rest_route=\/wp\/v2\/types\/product"}],"replies":[{"embeddable":true,"href":"https:\/\/kechbureau.ma\/index.php?rest_route=%2Fwp%2Fv2%2Fcomments&post=13281"}],"wp:featuredmedia":[{"embeddable":true,"href":"https:\/\/kechbureau.ma\/index.php?rest_route=\/wp\/v2\/media\/13282"}],"wp:attachment":[{"href":"https:\/\/kechbureau.ma\/index.php?rest_route=%2Fwp%2Fv2%2Fmedia&parent=13281"}],"wp:term":[{"taxonomy":"product_brand","embeddable":true,"href":"https:\/\/kechbureau.ma\/index.php?rest_route=%2Fwp%2Fv2%2Fproduct_brand&post=13281"},{"taxonomy":"product_cat","embeddable":true,"href":"https:\/\/kechbureau.ma\/index.php?rest_route=%2Fwp%2Fv2%2Fproduct_cat&post=13281"},{"taxonomy":"product_tag","embeddable":true,"href":"https:\/\/kechbureau.ma\/index.php?rest_route=%2Fwp%2Fv2%2Fproduct_tag&post=13281"}],"curies":[{"name":"wp","href":"https:\/\/api.w.org\/{rel}","templated":true}]}}