{"id":13259,"date":"2022-01-29T23:22:57","date_gmt":"2022-01-29T22:22:57","guid":{"rendered":"https:\/\/kechbureau.ma\/?post_type=product&#038;p=13259"},"modified":"2022-01-29T23:22:58","modified_gmt":"2022-01-29T22:22:58","slug":"cudy-300-mbps-wi-fi-range-extender-re30","status":"publish","type":"product","link":"https:\/\/kechbureau.ma\/?product=cudy-300-mbps-wi-fi-range-extender-re30","title":{"rendered":"CUDY 300 MBPS WI-FI RANGE EXTENDER RE30"},"content":{"rendered":"<table id=\"productDetails_techSpec_section_1\" class=\"a-keyvalue prodDetTable\" role=\"presentation\">\n<tbody>\n<tr>\n<th class=\"a-color-secondary a-size-base prodDetSectionEntry\">Marque<\/th>\n<td class=\"a-size-base prodDetAttrValue\">\u200eCudy<\/td>\n<\/tr>\n<tr>\n<th class=\"a-color-secondary a-size-base prodDetSectionEntry\">Num\u00e9ro du mod\u00e8le de l&#8217;article<\/th>\n<td class=\"a-size-base prodDetAttrValue\">\u200eRE300<\/td>\n<\/tr>\n<tr>\n<th class=\"a-color-secondary a-size-base prodDetSectionEntry\">Couleur<\/th>\n<td class=\"a-size-base prodDetAttrValue\">\u200e300Mbit\/s Wlan Repeater<\/td>\n<\/tr>\n<tr>\n<th class=\"a-color-secondary a-size-base prodDetSectionEntry\">Type de technologie sans fil<\/th>\n<td class=\"a-size-base prodDetAttrValue\">\u200e802.11n, 802.11g<\/td>\n<\/tr>\n<tr>\n<th class=\"a-color-secondary a-size-base prodDetSectionEntry\">Interface du mat\u00e9riel informatique<\/th>\n<td class=\"a-size-base prodDetAttrValue\">\u200eInconnu<\/td>\n<\/tr>\n<tr>\n<th class=\"a-color-secondary a-size-base prodDetSectionEntry\">Type de connecteur<\/th>\n<td class=\"a-size-base prodDetAttrValue\">\u200eWi-Fi, Ethernet<\/td>\n<\/tr>\n<tr>\n<th class=\"a-color-secondary a-size-base prodDetSectionEntry\">Dimensions de l&#8217;article L x L x H<\/th>\n<td class=\"a-size-base prodDetAttrValue\">\u200e9.5 x 8.2 x 8 centim\u00e8tres<\/td>\n<\/tr>\n<tr>\n<th class=\"a-color-secondary a-size-base prodDetSectionEntry\">Poids du produit<\/th>\n<td class=\"a-size-base prodDetAttrValue\">\u200e99.8 Grammes<\/td>\n<\/tr>\n<tr>\n<th class=\"a-color-secondary a-size-base prodDetSectionEntry\">Disponibilit\u00e9 des pi\u00e8ces d\u00e9tach\u00e9es<\/th>\n<td class=\"a-size-base prodDetAttrValue\">\u200eInformation indisponible sur les pi\u00e8ces d\u00e9tach\u00e9es<\/td>\n<\/tr>\n<\/tbody>\n<\/table>\n","protected":false},"excerpt":{"rendered":"<p>Marque \u200eCudy Num\u00e9ro du mod\u00e8le de l&#8217;article \u200eRE300 Couleur \u200e300Mbit\/s Wlan Repeater Type de technologie sans fil \u200e802.11n, 802.11g Interface du mat\u00e9riel informatique \u200eInconnu Type de connecteur \u200eWi-Fi, Ethernet Dimensions<\/p>\n","protected":false},"featured_media":13266,"comment_status":"open","ping_status":"closed","template":"","meta":{"kk_blocks_editor_width":"","_kiokenblocks_attr":"","_kiokenblocks_dimensions":""},"product_brand":[],"product_cat":[627,432],"product_tag":[],"class_list":{"0":"post-13259","1":"product","2":"type-product","3":"status-publish","4":"has-post-thumbnail","6":"product_cat-point-acces","7":"product_cat-ruseaux","9":"first","10":"instock","11":"taxable","12":"shipping-taxable","13":"purchasable","14":"product-type-simple"},"yoast_head":"<!-- This site is optimized with the Yoast SEO plugin v27.5 - https:\/\/yoast.com\/product\/yoast-seo-wordpress\/ -->\n<title>CUDY 300 MBPS WI-FI RANGE EXTENDER RE30 - KECH BUREAU<\/title>\n<meta name=\"robots\" content=\"index, follow, max-snippet:-1, max-image-preview:large, max-video-preview:-1\" \/>\n<link rel=\"canonical\" href=\"https:\/\/kechbureau.ma\/?product=cudy-300-mbps-wi-fi-range-extender-re30\" \/>\n<meta property=\"og:locale\" content=\"fr_FR\" \/>\n<meta property=\"og:type\" content=\"article\" \/>\n<meta property=\"og:title\" content=\"CUDY 300 MBPS WI-FI RANGE EXTENDER RE30 - KECH BUREAU\" \/>\n<meta property=\"og:description\" content=\"Marque \u200eCudy Num\u00e9ro du mod\u00e8le de l&#8217;article \u200eRE300 Couleur \u200e300Mbit\/s Wlan Repeater Type de technologie sans fil \u200e802.11n, 802.11g Interface du mat\u00e9riel informatique \u200eInconnu Type de connecteur \u200eWi-Fi, Ethernet Dimensions\" \/>\n<meta property=\"og:url\" content=\"https:\/\/kechbureau.ma\/?product=cudy-300-mbps-wi-fi-range-extender-re30\" \/>\n<meta property=\"og:site_name\" content=\"KECH BUREAU\" \/>\n<meta property=\"article:modified_time\" content=\"2022-01-29T22:22:58+00:00\" \/>\n<meta property=\"og:image\" content=\"https:\/\/kechbureau.ma\/wp-content\/uploads\/2022\/01\/51Y9pnSjdmL._AC_SL1200_.jpg\" \/>\n\t<meta property=\"og:image:width\" content=\"1079\" \/>\n\t<meta property=\"og:image:height\" content=\"1161\" \/>\n\t<meta property=\"og:image:type\" content=\"image\/jpeg\" \/>\n<meta name=\"twitter:card\" content=\"summary_large_image\" \/>\n<script type=\"application\/ld+json\" class=\"yoast-schema-graph\">{\"@context\":\"https:\\\/\\\/schema.org\",\"@graph\":[{\"@type\":\"WebPage\",\"@id\":\"https:\\\/\\\/kechbureau.ma\\\/?product=cudy-300-mbps-wi-fi-range-extender-re30\",\"url\":\"https:\\\/\\\/kechbureau.ma\\\/?product=cudy-300-mbps-wi-fi-range-extender-re30\",\"name\":\"CUDY 300 MBPS WI-FI RANGE EXTENDER RE30 - KECH BUREAU\",\"isPartOf\":{\"@id\":\"https:\\\/\\\/kechbureau.ma\\\/#website\"},\"primaryImageOfPage\":{\"@id\":\"https:\\\/\\\/kechbureau.ma\\\/?product=cudy-300-mbps-wi-fi-range-extender-re30#primaryimage\"},\"image\":{\"@id\":\"https:\\\/\\\/kechbureau.ma\\\/?product=cudy-300-mbps-wi-fi-range-extender-re30#primaryimage\"},\"thumbnailUrl\":\"https:\\\/\\\/kechbureau.ma\\\/wp-content\\\/uploads\\\/2022\\\/01\\\/51Y9pnSjdmL._AC_SL1200_.jpg\",\"datePublished\":\"2022-01-29T22:22:57+00:00\",\"dateModified\":\"2022-01-29T22:22:58+00:00\",\"breadcrumb\":{\"@id\":\"https:\\\/\\\/kechbureau.ma\\\/?product=cudy-300-mbps-wi-fi-range-extender-re30#breadcrumb\"},\"inLanguage\":\"fr-FR\",\"potentialAction\":[{\"@type\":\"ReadAction\",\"target\":[\"https:\\\/\\\/kechbureau.ma\\\/?product=cudy-300-mbps-wi-fi-range-extender-re30\"]}]},{\"@type\":\"ImageObject\",\"inLanguage\":\"fr-FR\",\"@id\":\"https:\\\/\\\/kechbureau.ma\\\/?product=cudy-300-mbps-wi-fi-range-extender-re30#primaryimage\",\"url\":\"https:\\\/\\\/kechbureau.ma\\\/wp-content\\\/uploads\\\/2022\\\/01\\\/51Y9pnSjdmL._AC_SL1200_.jpg\",\"contentUrl\":\"https:\\\/\\\/kechbureau.ma\\\/wp-content\\\/uploads\\\/2022\\\/01\\\/51Y9pnSjdmL._AC_SL1200_.jpg\",\"width\":1079,\"height\":1161},{\"@type\":\"BreadcrumbList\",\"@id\":\"https:\\\/\\\/kechbureau.ma\\\/?product=cudy-300-mbps-wi-fi-range-extender-re30#breadcrumb\",\"itemListElement\":[{\"@type\":\"ListItem\",\"position\":1,\"name\":\"Accueil\",\"item\":\"https:\\\/\\\/kechbureau.ma\\\/\"},{\"@type\":\"ListItem\",\"position\":2,\"name\":\"Shop\",\"item\":\"https:\\\/\\\/kechbureau.ma\\\/?page_id=3853\"},{\"@type\":\"ListItem\",\"position\":3,\"name\":\"CUDY 300 MBPS WI-FI RANGE EXTENDER RE30\"}]},{\"@type\":\"WebSite\",\"@id\":\"https:\\\/\\\/kechbureau.ma\\\/#website\",\"url\":\"https:\\\/\\\/kechbureau.ma\\\/\",\"name\":\"KECH BUREAU\",\"description\":\"MARRAKECH BUREAU\",\"potentialAction\":[{\"@type\":\"SearchAction\",\"target\":{\"@type\":\"EntryPoint\",\"urlTemplate\":\"https:\\\/\\\/kechbureau.ma\\\/?s={search_term_string}\"},\"query-input\":{\"@type\":\"PropertyValueSpecification\",\"valueRequired\":true,\"valueName\":\"search_term_string\"}}],\"inLanguage\":\"fr-FR\"}]}<\/script>\n<!-- \/ Yoast SEO plugin. -->","yoast_head_json":{"title":"CUDY 300 MBPS WI-FI RANGE EXTENDER RE30 - KECH BUREAU","robots":{"index":"index","follow":"follow","max-snippet":"max-snippet:-1","max-image-preview":"max-image-preview:large","max-video-preview":"max-video-preview:-1"},"canonical":"https:\/\/kechbureau.ma\/?product=cudy-300-mbps-wi-fi-range-extender-re30","og_locale":"fr_FR","og_type":"article","og_title":"CUDY 300 MBPS WI-FI RANGE EXTENDER RE30 - KECH BUREAU","og_description":"Marque \u200eCudy Num\u00e9ro du mod\u00e8le de l&#8217;article \u200eRE300 Couleur \u200e300Mbit\/s Wlan Repeater Type de technologie sans fil \u200e802.11n, 802.11g Interface du mat\u00e9riel informatique \u200eInconnu Type de connecteur \u200eWi-Fi, Ethernet Dimensions","og_url":"https:\/\/kechbureau.ma\/?product=cudy-300-mbps-wi-fi-range-extender-re30","og_site_name":"KECH BUREAU","article_modified_time":"2022-01-29T22:22:58+00:00","og_image":[{"width":1079,"height":1161,"url":"https:\/\/kechbureau.ma\/wp-content\/uploads\/2022\/01\/51Y9pnSjdmL._AC_SL1200_.jpg","type":"image\/jpeg"}],"twitter_card":"summary_large_image","schema":{"@context":"https:\/\/schema.org","@graph":[{"@type":"WebPage","@id":"https:\/\/kechbureau.ma\/?product=cudy-300-mbps-wi-fi-range-extender-re30","url":"https:\/\/kechbureau.ma\/?product=cudy-300-mbps-wi-fi-range-extender-re30","name":"CUDY 300 MBPS WI-FI RANGE EXTENDER RE30 - KECH BUREAU","isPartOf":{"@id":"https:\/\/kechbureau.ma\/#website"},"primaryImageOfPage":{"@id":"https:\/\/kechbureau.ma\/?product=cudy-300-mbps-wi-fi-range-extender-re30#primaryimage"},"image":{"@id":"https:\/\/kechbureau.ma\/?product=cudy-300-mbps-wi-fi-range-extender-re30#primaryimage"},"thumbnailUrl":"https:\/\/kechbureau.ma\/wp-content\/uploads\/2022\/01\/51Y9pnSjdmL._AC_SL1200_.jpg","datePublished":"2022-01-29T22:22:57+00:00","dateModified":"2022-01-29T22:22:58+00:00","breadcrumb":{"@id":"https:\/\/kechbureau.ma\/?product=cudy-300-mbps-wi-fi-range-extender-re30#breadcrumb"},"inLanguage":"fr-FR","potentialAction":[{"@type":"ReadAction","target":["https:\/\/kechbureau.ma\/?product=cudy-300-mbps-wi-fi-range-extender-re30"]}]},{"@type":"ImageObject","inLanguage":"fr-FR","@id":"https:\/\/kechbureau.ma\/?product=cudy-300-mbps-wi-fi-range-extender-re30#primaryimage","url":"https:\/\/kechbureau.ma\/wp-content\/uploads\/2022\/01\/51Y9pnSjdmL._AC_SL1200_.jpg","contentUrl":"https:\/\/kechbureau.ma\/wp-content\/uploads\/2022\/01\/51Y9pnSjdmL._AC_SL1200_.jpg","width":1079,"height":1161},{"@type":"BreadcrumbList","@id":"https:\/\/kechbureau.ma\/?product=cudy-300-mbps-wi-fi-range-extender-re30#breadcrumb","itemListElement":[{"@type":"ListItem","position":1,"name":"Accueil","item":"https:\/\/kechbureau.ma\/"},{"@type":"ListItem","position":2,"name":"Shop","item":"https:\/\/kechbureau.ma\/?page_id=3853"},{"@type":"ListItem","position":3,"name":"CUDY 300 MBPS WI-FI RANGE EXTENDER RE30"}]},{"@type":"WebSite","@id":"https:\/\/kechbureau.ma\/#website","url":"https:\/\/kechbureau.ma\/","name":"KECH BUREAU","description":"MARRAKECH BUREAU","potentialAction":[{"@type":"SearchAction","target":{"@type":"EntryPoint","urlTemplate":"https:\/\/kechbureau.ma\/?s={search_term_string}"},"query-input":{"@type":"PropertyValueSpecification","valueRequired":true,"valueName":"search_term_string"}}],"inLanguage":"fr-FR"}]}},"_links":{"self":[{"href":"https:\/\/kechbureau.ma\/index.php?rest_route=\/wp\/v2\/product\/13259","targetHints":{"allow":["GET"]}}],"collection":[{"href":"https:\/\/kechbureau.ma\/index.php?rest_route=\/wp\/v2\/product"}],"about":[{"href":"https:\/\/kechbureau.ma\/index.php?rest_route=\/wp\/v2\/types\/product"}],"replies":[{"embeddable":true,"href":"https:\/\/kechbureau.ma\/index.php?rest_route=%2Fwp%2Fv2%2Fcomments&post=13259"}],"wp:featuredmedia":[{"embeddable":true,"href":"https:\/\/kechbureau.ma\/index.php?rest_route=\/wp\/v2\/media\/13266"}],"wp:attachment":[{"href":"https:\/\/kechbureau.ma\/index.php?rest_route=%2Fwp%2Fv2%2Fmedia&parent=13259"}],"wp:term":[{"taxonomy":"product_brand","embeddable":true,"href":"https:\/\/kechbureau.ma\/index.php?rest_route=%2Fwp%2Fv2%2Fproduct_brand&post=13259"},{"taxonomy":"product_cat","embeddable":true,"href":"https:\/\/kechbureau.ma\/index.php?rest_route=%2Fwp%2Fv2%2Fproduct_cat&post=13259"},{"taxonomy":"product_tag","embeddable":true,"href":"https:\/\/kechbureau.ma\/index.php?rest_route=%2Fwp%2Fv2%2Fproduct_tag&post=13259"}],"curies":[{"name":"wp","href":"https:\/\/api.w.org\/{rel}","templated":true}]}}