{"id":13221,"date":"2022-01-29T22:43:39","date_gmt":"2022-01-29T21:43:39","guid":{"rendered":"https:\/\/kechbureau.ma\/?post_type=product&#038;p=13221"},"modified":"2022-01-29T22:43:40","modified_gmt":"2022-01-29T21:43:40","slug":"telefunken-dect-phone-tb201-black","status":"publish","type":"product","link":"https:\/\/kechbureau.ma\/?product=telefunken-dect-phone-tb201-black","title":{"rendered":"TELEFUNKEN DECT PHONE TB201 BLACK"},"content":{"rendered":"<p><strong>Telefunken Peps TB201 T\u00e9l\u00e9phone sans fil DECT mains-libres avec combin\u00e9 suppl\u00e9mentaire<\/strong><\/p>\n<p style=\"font-weight: 400;\">Le t\u00e9l\u00e9phone Telefunken TB 201 Peps est un t\u00e9l\u00e9phone au design \u00e9l\u00e9gant. Sa finition brillante composent un ensemble r\u00e9solument contemporain.<\/p>\n<p>La forme arrondie du combin\u00e9 offre une parfaite prise en main.<\/p>\n<p>C\u00f4t\u00e9 fonctions, le TB 201 Peps poss\u00e8de un \u00e9cran r\u00e9tro \u00e9clair\u00e9 orange pour plus de lisibilit\u00e9, de la fonction mains-libres pour des appels en toute s\u00e9r\u00e9nit\u00e9, ainsi que d&#8217;un r\u00e9pertoire de 50 contacts.<\/p>\n<p>Les t\u00e9l\u00e9phones de la gamme Telefunken Peps sont \u00e9l\u00e9gants et sp\u00e9cialement \u00e9tudi\u00e9s pour vous apporter confort et simplicit\u00e9 d&#8217;utilisation.<\/p>\n<p><strong>Points forts :<\/strong><\/p>\n<ul style=\"font-weight: 400;\">\n<li>Design chicEcran r\u00e9tro-\u00e9clair\u00e9<\/li>\n<li>Fonction mains-libres<\/li>\n<li>Mode Eco: r\u00e9duction des ondes \u00e9mises<\/li>\n<li>Design chicT\u00e9l\u00e9phone sans fil<\/li>\n<li>Autonomie\u00a0 : Jusqu&#8217;\u00e0 720 minutes<\/li>\n<li>Horloge int\u00e9gr\u00e9e, Alarme, horodateur<\/li>\n<li>Ecran r\u00e9tro-\u00e9clair\u00e9<\/li>\n<li>Fonction mains-libres<\/li>\n<\/ul>\n<p><span style=\"font-weight: 400;\">Mode Eco: r\u00e9duction des ondes \u00e9mises<\/span><\/p>\n","protected":false},"excerpt":{"rendered":"<p>Telefunken Peps TB201 T\u00e9l\u00e9phone sans fil DECT mains-libres avec combin\u00e9 suppl\u00e9mentaire Le t\u00e9l\u00e9phone Telefunken TB 201 Peps est un t\u00e9l\u00e9phone au design \u00e9l\u00e9gant. Sa finition brillante composent un ensemble r\u00e9solument<\/p>\n","protected":false},"featured_media":13222,"comment_status":"open","ping_status":"closed","template":"","meta":{"kk_blocks_editor_width":"","_kiokenblocks_attr":"","_kiokenblocks_dimensions":""},"product_brand":[],"product_cat":[717],"product_tag":[],"class_list":{"0":"post-13221","1":"product","2":"type-product","3":"status-publish","4":"has-post-thumbnail","6":"product_cat-telephonie","8":"first","9":"instock","10":"taxable","11":"shipping-taxable","12":"purchasable","13":"product-type-simple"},"yoast_head":"<!-- This site is optimized with the Yoast SEO plugin v27.5 - https:\/\/yoast.com\/product\/yoast-seo-wordpress\/ -->\n<title>TELEFUNKEN DECT PHONE TB201 BLACK - KECH BUREAU<\/title>\n<meta name=\"robots\" content=\"index, follow, max-snippet:-1, max-image-preview:large, max-video-preview:-1\" \/>\n<link rel=\"canonical\" href=\"https:\/\/kechbureau.ma\/?product=telefunken-dect-phone-tb201-black\" \/>\n<meta property=\"og:locale\" content=\"fr_FR\" \/>\n<meta property=\"og:type\" content=\"article\" \/>\n<meta property=\"og:title\" content=\"TELEFUNKEN DECT PHONE TB201 BLACK - KECH BUREAU\" \/>\n<meta property=\"og:description\" content=\"Telefunken Peps TB201 T\u00e9l\u00e9phone sans fil DECT mains-libres avec combin\u00e9 suppl\u00e9mentaire Le t\u00e9l\u00e9phone Telefunken TB 201 Peps est un t\u00e9l\u00e9phone au design \u00e9l\u00e9gant. Sa finition brillante composent un ensemble r\u00e9solument\" \/>\n<meta property=\"og:url\" content=\"https:\/\/kechbureau.ma\/?product=telefunken-dect-phone-tb201-black\" \/>\n<meta property=\"og:site_name\" content=\"KECH BUREAU\" \/>\n<meta property=\"article:modified_time\" content=\"2022-01-29T21:43:40+00:00\" \/>\n<meta property=\"og:image\" content=\"https:\/\/kechbureau.ma\/wp-content\/uploads\/2022\/01\/1-1.jpg\" \/>\n\t<meta property=\"og:image:width\" content=\"500\" \/>\n\t<meta property=\"og:image:height\" content=\"500\" \/>\n\t<meta property=\"og:image:type\" content=\"image\/jpeg\" \/>\n<meta name=\"twitter:card\" content=\"summary_large_image\" \/>\n<meta name=\"twitter:label1\" content=\"Dur\u00e9e de lecture estim\u00e9e\" \/>\n\t<meta name=\"twitter:data1\" content=\"1 minute\" \/>\n<script type=\"application\/ld+json\" class=\"yoast-schema-graph\">{\"@context\":\"https:\\\/\\\/schema.org\",\"@graph\":[{\"@type\":\"WebPage\",\"@id\":\"https:\\\/\\\/kechbureau.ma\\\/?product=telefunken-dect-phone-tb201-black\",\"url\":\"https:\\\/\\\/kechbureau.ma\\\/?product=telefunken-dect-phone-tb201-black\",\"name\":\"TELEFUNKEN DECT PHONE TB201 BLACK - KECH BUREAU\",\"isPartOf\":{\"@id\":\"https:\\\/\\\/kechbureau.ma\\\/#website\"},\"primaryImageOfPage\":{\"@id\":\"https:\\\/\\\/kechbureau.ma\\\/?product=telefunken-dect-phone-tb201-black#primaryimage\"},\"image\":{\"@id\":\"https:\\\/\\\/kechbureau.ma\\\/?product=telefunken-dect-phone-tb201-black#primaryimage\"},\"thumbnailUrl\":\"https:\\\/\\\/kechbureau.ma\\\/wp-content\\\/uploads\\\/2022\\\/01\\\/1-1.jpg\",\"datePublished\":\"2022-01-29T21:43:39+00:00\",\"dateModified\":\"2022-01-29T21:43:40+00:00\",\"breadcrumb\":{\"@id\":\"https:\\\/\\\/kechbureau.ma\\\/?product=telefunken-dect-phone-tb201-black#breadcrumb\"},\"inLanguage\":\"fr-FR\",\"potentialAction\":[{\"@type\":\"ReadAction\",\"target\":[\"https:\\\/\\\/kechbureau.ma\\\/?product=telefunken-dect-phone-tb201-black\"]}]},{\"@type\":\"ImageObject\",\"inLanguage\":\"fr-FR\",\"@id\":\"https:\\\/\\\/kechbureau.ma\\\/?product=telefunken-dect-phone-tb201-black#primaryimage\",\"url\":\"https:\\\/\\\/kechbureau.ma\\\/wp-content\\\/uploads\\\/2022\\\/01\\\/1-1.jpg\",\"contentUrl\":\"https:\\\/\\\/kechbureau.ma\\\/wp-content\\\/uploads\\\/2022\\\/01\\\/1-1.jpg\",\"width\":500,\"height\":500},{\"@type\":\"BreadcrumbList\",\"@id\":\"https:\\\/\\\/kechbureau.ma\\\/?product=telefunken-dect-phone-tb201-black#breadcrumb\",\"itemListElement\":[{\"@type\":\"ListItem\",\"position\":1,\"name\":\"Accueil\",\"item\":\"https:\\\/\\\/kechbureau.ma\\\/\"},{\"@type\":\"ListItem\",\"position\":2,\"name\":\"Shop\",\"item\":\"https:\\\/\\\/kechbureau.ma\\\/?page_id=3853\"},{\"@type\":\"ListItem\",\"position\":3,\"name\":\"TELEFUNKEN DECT PHONE TB201 BLACK\"}]},{\"@type\":\"WebSite\",\"@id\":\"https:\\\/\\\/kechbureau.ma\\\/#website\",\"url\":\"https:\\\/\\\/kechbureau.ma\\\/\",\"name\":\"KECH BUREAU\",\"description\":\"MARRAKECH BUREAU\",\"potentialAction\":[{\"@type\":\"SearchAction\",\"target\":{\"@type\":\"EntryPoint\",\"urlTemplate\":\"https:\\\/\\\/kechbureau.ma\\\/?s={search_term_string}\"},\"query-input\":{\"@type\":\"PropertyValueSpecification\",\"valueRequired\":true,\"valueName\":\"search_term_string\"}}],\"inLanguage\":\"fr-FR\"}]}<\/script>\n<!-- \/ Yoast SEO plugin. -->","yoast_head_json":{"title":"TELEFUNKEN DECT PHONE TB201 BLACK - KECH BUREAU","robots":{"index":"index","follow":"follow","max-snippet":"max-snippet:-1","max-image-preview":"max-image-preview:large","max-video-preview":"max-video-preview:-1"},"canonical":"https:\/\/kechbureau.ma\/?product=telefunken-dect-phone-tb201-black","og_locale":"fr_FR","og_type":"article","og_title":"TELEFUNKEN DECT PHONE TB201 BLACK - KECH BUREAU","og_description":"Telefunken Peps TB201 T\u00e9l\u00e9phone sans fil DECT mains-libres avec combin\u00e9 suppl\u00e9mentaire Le t\u00e9l\u00e9phone Telefunken TB 201 Peps est un t\u00e9l\u00e9phone au design \u00e9l\u00e9gant. Sa finition brillante composent un ensemble r\u00e9solument","og_url":"https:\/\/kechbureau.ma\/?product=telefunken-dect-phone-tb201-black","og_site_name":"KECH BUREAU","article_modified_time":"2022-01-29T21:43:40+00:00","og_image":[{"width":500,"height":500,"url":"https:\/\/kechbureau.ma\/wp-content\/uploads\/2022\/01\/1-1.jpg","type":"image\/jpeg"}],"twitter_card":"summary_large_image","twitter_misc":{"Dur\u00e9e de lecture estim\u00e9e":"1 minute"},"schema":{"@context":"https:\/\/schema.org","@graph":[{"@type":"WebPage","@id":"https:\/\/kechbureau.ma\/?product=telefunken-dect-phone-tb201-black","url":"https:\/\/kechbureau.ma\/?product=telefunken-dect-phone-tb201-black","name":"TELEFUNKEN DECT PHONE TB201 BLACK - KECH BUREAU","isPartOf":{"@id":"https:\/\/kechbureau.ma\/#website"},"primaryImageOfPage":{"@id":"https:\/\/kechbureau.ma\/?product=telefunken-dect-phone-tb201-black#primaryimage"},"image":{"@id":"https:\/\/kechbureau.ma\/?product=telefunken-dect-phone-tb201-black#primaryimage"},"thumbnailUrl":"https:\/\/kechbureau.ma\/wp-content\/uploads\/2022\/01\/1-1.jpg","datePublished":"2022-01-29T21:43:39+00:00","dateModified":"2022-01-29T21:43:40+00:00","breadcrumb":{"@id":"https:\/\/kechbureau.ma\/?product=telefunken-dect-phone-tb201-black#breadcrumb"},"inLanguage":"fr-FR","potentialAction":[{"@type":"ReadAction","target":["https:\/\/kechbureau.ma\/?product=telefunken-dect-phone-tb201-black"]}]},{"@type":"ImageObject","inLanguage":"fr-FR","@id":"https:\/\/kechbureau.ma\/?product=telefunken-dect-phone-tb201-black#primaryimage","url":"https:\/\/kechbureau.ma\/wp-content\/uploads\/2022\/01\/1-1.jpg","contentUrl":"https:\/\/kechbureau.ma\/wp-content\/uploads\/2022\/01\/1-1.jpg","width":500,"height":500},{"@type":"BreadcrumbList","@id":"https:\/\/kechbureau.ma\/?product=telefunken-dect-phone-tb201-black#breadcrumb","itemListElement":[{"@type":"ListItem","position":1,"name":"Accueil","item":"https:\/\/kechbureau.ma\/"},{"@type":"ListItem","position":2,"name":"Shop","item":"https:\/\/kechbureau.ma\/?page_id=3853"},{"@type":"ListItem","position":3,"name":"TELEFUNKEN DECT PHONE TB201 BLACK"}]},{"@type":"WebSite","@id":"https:\/\/kechbureau.ma\/#website","url":"https:\/\/kechbureau.ma\/","name":"KECH BUREAU","description":"MARRAKECH BUREAU","potentialAction":[{"@type":"SearchAction","target":{"@type":"EntryPoint","urlTemplate":"https:\/\/kechbureau.ma\/?s={search_term_string}"},"query-input":{"@type":"PropertyValueSpecification","valueRequired":true,"valueName":"search_term_string"}}],"inLanguage":"fr-FR"}]}},"_links":{"self":[{"href":"https:\/\/kechbureau.ma\/index.php?rest_route=\/wp\/v2\/product\/13221","targetHints":{"allow":["GET"]}}],"collection":[{"href":"https:\/\/kechbureau.ma\/index.php?rest_route=\/wp\/v2\/product"}],"about":[{"href":"https:\/\/kechbureau.ma\/index.php?rest_route=\/wp\/v2\/types\/product"}],"replies":[{"embeddable":true,"href":"https:\/\/kechbureau.ma\/index.php?rest_route=%2Fwp%2Fv2%2Fcomments&post=13221"}],"wp:featuredmedia":[{"embeddable":true,"href":"https:\/\/kechbureau.ma\/index.php?rest_route=\/wp\/v2\/media\/13222"}],"wp:attachment":[{"href":"https:\/\/kechbureau.ma\/index.php?rest_route=%2Fwp%2Fv2%2Fmedia&parent=13221"}],"wp:term":[{"taxonomy":"product_brand","embeddable":true,"href":"https:\/\/kechbureau.ma\/index.php?rest_route=%2Fwp%2Fv2%2Fproduct_brand&post=13221"},{"taxonomy":"product_cat","embeddable":true,"href":"https:\/\/kechbureau.ma\/index.php?rest_route=%2Fwp%2Fv2%2Fproduct_cat&post=13221"},{"taxonomy":"product_tag","embeddable":true,"href":"https:\/\/kechbureau.ma\/index.php?rest_route=%2Fwp%2Fv2%2Fproduct_tag&post=13221"}],"curies":[{"name":"wp","href":"https:\/\/api.w.org\/{rel}","templated":true}]}}