{"id":13219,"date":"2022-01-29T22:42:14","date_gmt":"2022-01-29T21:42:14","guid":{"rendered":"https:\/\/kechbureau.ma\/?post_type=product&#038;p=13219"},"modified":"2022-01-29T22:42:14","modified_gmt":"2022-01-29T21:42:14","slug":"poste-telephonique-telefunken-tb301-b-w","status":"publish","type":"product","link":"https:\/\/kechbureau.ma\/?product=poste-telephonique-telefunken-tb301-b-w","title":{"rendered":"POSTE TELEPHONIQUE TELEFUNKEN TB301 B\/W"},"content":{"rendered":"<p>Le Telefunken TB301 est un t\u00e9l\u00e9phone filaire de base con\u00e7u pour les utilisateurs qui n&#8217;ont pas besoin de beaucoup de cloches et de sifflets.\u00a0Le Telefunken TB301\u00a0est un t\u00e9l\u00e9phone filaire fonctionnant sur une seule ligne. Il est compatible avec les appels en attente (n\u00e9cessite un abonnement) et ne n\u00e9cessite aucune batterie pour fonctionner.\u00a0Les commandes de volume du combin\u00e9 et de la sonnerie vous permettent d&#8217;ajuster les niveaux selon vos pr\u00e9f\u00e9rences, et vous pouvez basculer entre les modes de composition par tonalit\u00e9 et par impulsions.\u00a0Un bouton de recomposition vous permet de composer rapidement le dernier num\u00e9ro sortant, tandis que le bouton flash permet d&#8217;acc\u00e9der \u00e0 l&#8217;appel en attente.\u00a0Le Telefunken TB301\u00a0peut \u00eatre fix\u00e9 au mur, ce qui vous permet de le garder sur l&#8217;espace du comptoir et vous \u00e9vite ainsi les encombrements inutiles.<\/p>\n<p>Accrochez-le sur un mur pour lib\u00e9rer de l&#8217;espace de bureau<br \/>\nCe syst\u00e8me de t\u00e9l\u00e9phone peut \u00eatre accroch\u00e9 sur un mur pour lib\u00e9rer le bureau ou l&#8217;espace de comptoir.\u00a0Ceci est particuli\u00e8rement utile dans les cuisines ou les bureaux, o\u00f9 le bureau et le comptoir sont rares.<\/p>\n<p>Recomposition \u00e0 la pression d&#8217;un bouton<br \/>\nAvec la simple pression d&#8217;un bouton, vous pouvez facilement rappeler le dernier num\u00e9ro que vous avez recu ou emis<\/p>\n","protected":false},"excerpt":{"rendered":"<p>Le Telefunken TB301 est un t\u00e9l\u00e9phone filaire de base con\u00e7u pour les utilisateurs qui n&#8217;ont pas besoin de beaucoup de cloches et de sifflets.\u00a0Le Telefunken TB301\u00a0est un t\u00e9l\u00e9phone filaire fonctionnant<\/p>\n","protected":false},"featured_media":13220,"comment_status":"open","ping_status":"closed","template":"","meta":{"kk_blocks_editor_width":"","_kiokenblocks_attr":"","_kiokenblocks_dimensions":""},"product_brand":[],"product_cat":[717],"product_tag":[],"class_list":{"0":"post-13219","1":"product","2":"type-product","3":"status-publish","4":"has-post-thumbnail","6":"product_cat-telephonie","8":"first","9":"instock","10":"taxable","11":"shipping-taxable","12":"purchasable","13":"product-type-simple"},"yoast_head":"<!-- This site is optimized with the Yoast SEO plugin v27.5 - https:\/\/yoast.com\/product\/yoast-seo-wordpress\/ -->\n<title>POSTE TELEPHONIQUE TELEFUNKEN TB301 B\/W - KECH BUREAU<\/title>\n<meta name=\"robots\" content=\"index, follow, max-snippet:-1, max-image-preview:large, max-video-preview:-1\" \/>\n<link rel=\"canonical\" href=\"https:\/\/kechbureau.ma\/?product=poste-telephonique-telefunken-tb301-b-w\" \/>\n<meta property=\"og:locale\" content=\"fr_FR\" \/>\n<meta property=\"og:type\" content=\"article\" \/>\n<meta property=\"og:title\" content=\"POSTE TELEPHONIQUE TELEFUNKEN TB301 B\/W - KECH BUREAU\" \/>\n<meta property=\"og:description\" content=\"Le Telefunken TB301 est un t\u00e9l\u00e9phone filaire de base con\u00e7u pour les utilisateurs qui n&#8217;ont pas besoin de beaucoup de cloches et de sifflets.\u00a0Le Telefunken TB301\u00a0est un t\u00e9l\u00e9phone filaire fonctionnant\" \/>\n<meta property=\"og:url\" content=\"https:\/\/kechbureau.ma\/?product=poste-telephonique-telefunken-tb301-b-w\" \/>\n<meta property=\"og:site_name\" content=\"KECH BUREAU\" \/>\n<meta property=\"og:image\" content=\"https:\/\/kechbureau.ma\/wp-content\/uploads\/2022\/01\/1.jpg\" \/>\n\t<meta property=\"og:image:width\" content=\"680\" \/>\n\t<meta property=\"og:image:height\" content=\"680\" \/>\n\t<meta property=\"og:image:type\" content=\"image\/jpeg\" \/>\n<meta name=\"twitter:card\" content=\"summary_large_image\" \/>\n<meta name=\"twitter:label1\" content=\"Dur\u00e9e de lecture estim\u00e9e\" \/>\n\t<meta name=\"twitter:data1\" content=\"1 minute\" \/>\n<script type=\"application\/ld+json\" class=\"yoast-schema-graph\">{\"@context\":\"https:\\\/\\\/schema.org\",\"@graph\":[{\"@type\":\"WebPage\",\"@id\":\"https:\\\/\\\/kechbureau.ma\\\/?product=poste-telephonique-telefunken-tb301-b-w\",\"url\":\"https:\\\/\\\/kechbureau.ma\\\/?product=poste-telephonique-telefunken-tb301-b-w\",\"name\":\"POSTE TELEPHONIQUE TELEFUNKEN TB301 B\\\/W - KECH BUREAU\",\"isPartOf\":{\"@id\":\"https:\\\/\\\/kechbureau.ma\\\/#website\"},\"primaryImageOfPage\":{\"@id\":\"https:\\\/\\\/kechbureau.ma\\\/?product=poste-telephonique-telefunken-tb301-b-w#primaryimage\"},\"image\":{\"@id\":\"https:\\\/\\\/kechbureau.ma\\\/?product=poste-telephonique-telefunken-tb301-b-w#primaryimage\"},\"thumbnailUrl\":\"https:\\\/\\\/kechbureau.ma\\\/wp-content\\\/uploads\\\/2022\\\/01\\\/1.jpg\",\"datePublished\":\"2022-01-29T21:42:14+00:00\",\"breadcrumb\":{\"@id\":\"https:\\\/\\\/kechbureau.ma\\\/?product=poste-telephonique-telefunken-tb301-b-w#breadcrumb\"},\"inLanguage\":\"fr-FR\",\"potentialAction\":[{\"@type\":\"ReadAction\",\"target\":[\"https:\\\/\\\/kechbureau.ma\\\/?product=poste-telephonique-telefunken-tb301-b-w\"]}]},{\"@type\":\"ImageObject\",\"inLanguage\":\"fr-FR\",\"@id\":\"https:\\\/\\\/kechbureau.ma\\\/?product=poste-telephonique-telefunken-tb301-b-w#primaryimage\",\"url\":\"https:\\\/\\\/kechbureau.ma\\\/wp-content\\\/uploads\\\/2022\\\/01\\\/1.jpg\",\"contentUrl\":\"https:\\\/\\\/kechbureau.ma\\\/wp-content\\\/uploads\\\/2022\\\/01\\\/1.jpg\",\"width\":680,\"height\":680},{\"@type\":\"BreadcrumbList\",\"@id\":\"https:\\\/\\\/kechbureau.ma\\\/?product=poste-telephonique-telefunken-tb301-b-w#breadcrumb\",\"itemListElement\":[{\"@type\":\"ListItem\",\"position\":1,\"name\":\"Accueil\",\"item\":\"https:\\\/\\\/kechbureau.ma\\\/\"},{\"@type\":\"ListItem\",\"position\":2,\"name\":\"Shop\",\"item\":\"https:\\\/\\\/kechbureau.ma\\\/?page_id=3853\"},{\"@type\":\"ListItem\",\"position\":3,\"name\":\"POSTE TELEPHONIQUE TELEFUNKEN TB301 B\\\/W\"}]},{\"@type\":\"WebSite\",\"@id\":\"https:\\\/\\\/kechbureau.ma\\\/#website\",\"url\":\"https:\\\/\\\/kechbureau.ma\\\/\",\"name\":\"KECH BUREAU\",\"description\":\"MARRAKECH BUREAU\",\"potentialAction\":[{\"@type\":\"SearchAction\",\"target\":{\"@type\":\"EntryPoint\",\"urlTemplate\":\"https:\\\/\\\/kechbureau.ma\\\/?s={search_term_string}\"},\"query-input\":{\"@type\":\"PropertyValueSpecification\",\"valueRequired\":true,\"valueName\":\"search_term_string\"}}],\"inLanguage\":\"fr-FR\"}]}<\/script>\n<!-- \/ Yoast SEO plugin. -->","yoast_head_json":{"title":"POSTE TELEPHONIQUE TELEFUNKEN TB301 B\/W - KECH BUREAU","robots":{"index":"index","follow":"follow","max-snippet":"max-snippet:-1","max-image-preview":"max-image-preview:large","max-video-preview":"max-video-preview:-1"},"canonical":"https:\/\/kechbureau.ma\/?product=poste-telephonique-telefunken-tb301-b-w","og_locale":"fr_FR","og_type":"article","og_title":"POSTE TELEPHONIQUE TELEFUNKEN TB301 B\/W - KECH BUREAU","og_description":"Le Telefunken TB301 est un t\u00e9l\u00e9phone filaire de base con\u00e7u pour les utilisateurs qui n&#8217;ont pas besoin de beaucoup de cloches et de sifflets.\u00a0Le Telefunken TB301\u00a0est un t\u00e9l\u00e9phone filaire fonctionnant","og_url":"https:\/\/kechbureau.ma\/?product=poste-telephonique-telefunken-tb301-b-w","og_site_name":"KECH BUREAU","og_image":[{"width":680,"height":680,"url":"https:\/\/kechbureau.ma\/wp-content\/uploads\/2022\/01\/1.jpg","type":"image\/jpeg"}],"twitter_card":"summary_large_image","twitter_misc":{"Dur\u00e9e de lecture estim\u00e9e":"1 minute"},"schema":{"@context":"https:\/\/schema.org","@graph":[{"@type":"WebPage","@id":"https:\/\/kechbureau.ma\/?product=poste-telephonique-telefunken-tb301-b-w","url":"https:\/\/kechbureau.ma\/?product=poste-telephonique-telefunken-tb301-b-w","name":"POSTE TELEPHONIQUE TELEFUNKEN TB301 B\/W - KECH BUREAU","isPartOf":{"@id":"https:\/\/kechbureau.ma\/#website"},"primaryImageOfPage":{"@id":"https:\/\/kechbureau.ma\/?product=poste-telephonique-telefunken-tb301-b-w#primaryimage"},"image":{"@id":"https:\/\/kechbureau.ma\/?product=poste-telephonique-telefunken-tb301-b-w#primaryimage"},"thumbnailUrl":"https:\/\/kechbureau.ma\/wp-content\/uploads\/2022\/01\/1.jpg","datePublished":"2022-01-29T21:42:14+00:00","breadcrumb":{"@id":"https:\/\/kechbureau.ma\/?product=poste-telephonique-telefunken-tb301-b-w#breadcrumb"},"inLanguage":"fr-FR","potentialAction":[{"@type":"ReadAction","target":["https:\/\/kechbureau.ma\/?product=poste-telephonique-telefunken-tb301-b-w"]}]},{"@type":"ImageObject","inLanguage":"fr-FR","@id":"https:\/\/kechbureau.ma\/?product=poste-telephonique-telefunken-tb301-b-w#primaryimage","url":"https:\/\/kechbureau.ma\/wp-content\/uploads\/2022\/01\/1.jpg","contentUrl":"https:\/\/kechbureau.ma\/wp-content\/uploads\/2022\/01\/1.jpg","width":680,"height":680},{"@type":"BreadcrumbList","@id":"https:\/\/kechbureau.ma\/?product=poste-telephonique-telefunken-tb301-b-w#breadcrumb","itemListElement":[{"@type":"ListItem","position":1,"name":"Accueil","item":"https:\/\/kechbureau.ma\/"},{"@type":"ListItem","position":2,"name":"Shop","item":"https:\/\/kechbureau.ma\/?page_id=3853"},{"@type":"ListItem","position":3,"name":"POSTE TELEPHONIQUE TELEFUNKEN TB301 B\/W"}]},{"@type":"WebSite","@id":"https:\/\/kechbureau.ma\/#website","url":"https:\/\/kechbureau.ma\/","name":"KECH BUREAU","description":"MARRAKECH BUREAU","potentialAction":[{"@type":"SearchAction","target":{"@type":"EntryPoint","urlTemplate":"https:\/\/kechbureau.ma\/?s={search_term_string}"},"query-input":{"@type":"PropertyValueSpecification","valueRequired":true,"valueName":"search_term_string"}}],"inLanguage":"fr-FR"}]}},"_links":{"self":[{"href":"https:\/\/kechbureau.ma\/index.php?rest_route=\/wp\/v2\/product\/13219","targetHints":{"allow":["GET"]}}],"collection":[{"href":"https:\/\/kechbureau.ma\/index.php?rest_route=\/wp\/v2\/product"}],"about":[{"href":"https:\/\/kechbureau.ma\/index.php?rest_route=\/wp\/v2\/types\/product"}],"replies":[{"embeddable":true,"href":"https:\/\/kechbureau.ma\/index.php?rest_route=%2Fwp%2Fv2%2Fcomments&post=13219"}],"wp:featuredmedia":[{"embeddable":true,"href":"https:\/\/kechbureau.ma\/index.php?rest_route=\/wp\/v2\/media\/13220"}],"wp:attachment":[{"href":"https:\/\/kechbureau.ma\/index.php?rest_route=%2Fwp%2Fv2%2Fmedia&parent=13219"}],"wp:term":[{"taxonomy":"product_brand","embeddable":true,"href":"https:\/\/kechbureau.ma\/index.php?rest_route=%2Fwp%2Fv2%2Fproduct_brand&post=13219"},{"taxonomy":"product_cat","embeddable":true,"href":"https:\/\/kechbureau.ma\/index.php?rest_route=%2Fwp%2Fv2%2Fproduct_cat&post=13219"},{"taxonomy":"product_tag","embeddable":true,"href":"https:\/\/kechbureau.ma\/index.php?rest_route=%2Fwp%2Fv2%2Fproduct_tag&post=13219"}],"curies":[{"name":"wp","href":"https:\/\/api.w.org\/{rel}","templated":true}]}}