{"id":12916,"date":"2021-11-15T23:45:02","date_gmt":"2021-11-15T22:45:02","guid":{"rendered":"https:\/\/kechbureau.ma\/?post_type=product&#038;p=12916"},"modified":"2024-01-14T02:02:28","modified_gmt":"2024-01-14T01:02:28","slug":"imprimante-multifonction-laser-monochrome-hp-m28a","status":"publish","type":"product","link":"https:\/\/kechbureau.ma\/?product=imprimante-multifonction-laser-monochrome-hp-m28a","title":{"rendered":"Imprimante Multifonction Laser Monochrome HP M28a"},"content":{"rendered":"<p>Impression, copie, num\u00e9risation<br \/>\nVitesse d&#8217;impression noir: Jusqu&#8217;\u00e0 18 ppm<br \/>\nQualit\u00e9 d&#8217;impression noire: Jusqu&#8217;\u00e0 600 x 600 ppp<br \/>\nVolume de pages mensuel recommand\u00e9: 250 \u00e0 2 000 pages\/mois<br \/>\nImpression recto\/verso: Manuelle<br \/>\nFonctionne avec: 1 Cartouche de toner (noire)<br \/>\nConnectivit\u00e9: Port USB 2.0 haut d\u00e9bit<\/p>\n","protected":false},"excerpt":{"rendered":"<p>Impression, copie, num\u00e9risation Vitesse d&#8217;impression noir: Jusqu&#8217;\u00e0 18 ppm Qualit\u00e9 d&#8217;impression noire: Jusqu&#8217;\u00e0 600 x 600 ppp Volume de pages mensuel recommand\u00e9: 250 \u00e0 2 000 pages\/mois Impression recto\/verso: Manuelle<\/p>\n","protected":false},"featured_media":12957,"comment_status":"open","ping_status":"closed","template":"","meta":{"kk_blocks_editor_width":"","_kiokenblocks_attr":"","_kiokenblocks_dimensions":""},"product_brand":[],"product_cat":[420,500],"product_tag":[],"class_list":{"0":"post-12916","1":"product","2":"type-product","3":"status-publish","4":"has-post-thumbnail","6":"product_cat-printers-ink","7":"product_cat-printers-laser","9":"first","10":"outofstock","11":"taxable","12":"shipping-taxable","13":"purchasable","14":"product-type-simple"},"yoast_head":"<!-- This site is optimized with the Yoast SEO plugin v27.5 - https:\/\/yoast.com\/product\/yoast-seo-wordpress\/ -->\n<title>Imprimante Multifonction Laser Monochrome HP M28a - KECH BUREAU<\/title>\n<meta name=\"robots\" content=\"index, follow, max-snippet:-1, max-image-preview:large, max-video-preview:-1\" \/>\n<link rel=\"canonical\" href=\"https:\/\/kechbureau.ma\/?product=imprimante-multifonction-laser-monochrome-hp-m28a\" \/>\n<meta property=\"og:locale\" content=\"fr_FR\" \/>\n<meta property=\"og:type\" content=\"article\" \/>\n<meta property=\"og:title\" content=\"Imprimante Multifonction Laser Monochrome HP M28a - KECH BUREAU\" \/>\n<meta property=\"og:description\" content=\"Impression, copie, num\u00e9risation Vitesse d&#8217;impression noir: Jusqu&#8217;\u00e0 18 ppm Qualit\u00e9 d&#8217;impression noire: Jusqu&#8217;\u00e0 600 x 600 ppp Volume de pages mensuel recommand\u00e9: 250 \u00e0 2 000 pages\/mois Impression recto\/verso: Manuelle\" \/>\n<meta property=\"og:url\" content=\"https:\/\/kechbureau.ma\/?product=imprimante-multifonction-laser-monochrome-hp-m28a\" \/>\n<meta property=\"og:site_name\" content=\"KECH BUREAU\" \/>\n<meta property=\"article:modified_time\" content=\"2024-01-14T01:02:28+00:00\" \/>\n<meta property=\"og:image\" content=\"https:\/\/kechbureau.ma\/wp-content\/uploads\/2021\/11\/2-1-1.jpg\" \/>\n\t<meta property=\"og:image:width\" content=\"680\" \/>\n\t<meta property=\"og:image:height\" content=\"680\" \/>\n\t<meta property=\"og:image:type\" content=\"image\/jpeg\" \/>\n<meta name=\"twitter:card\" content=\"summary_large_image\" \/>\n<script type=\"application\/ld+json\" class=\"yoast-schema-graph\">{\"@context\":\"https:\\\/\\\/schema.org\",\"@graph\":[{\"@type\":\"WebPage\",\"@id\":\"https:\\\/\\\/kechbureau.ma\\\/?product=imprimante-multifonction-laser-monochrome-hp-m28a\",\"url\":\"https:\\\/\\\/kechbureau.ma\\\/?product=imprimante-multifonction-laser-monochrome-hp-m28a\",\"name\":\"Imprimante Multifonction Laser Monochrome HP M28a - KECH BUREAU\",\"isPartOf\":{\"@id\":\"https:\\\/\\\/kechbureau.ma\\\/#website\"},\"primaryImageOfPage\":{\"@id\":\"https:\\\/\\\/kechbureau.ma\\\/?product=imprimante-multifonction-laser-monochrome-hp-m28a#primaryimage\"},\"image\":{\"@id\":\"https:\\\/\\\/kechbureau.ma\\\/?product=imprimante-multifonction-laser-monochrome-hp-m28a#primaryimage\"},\"thumbnailUrl\":\"https:\\\/\\\/kechbureau.ma\\\/wp-content\\\/uploads\\\/2021\\\/11\\\/2-1-1.jpg\",\"datePublished\":\"2021-11-15T22:45:02+00:00\",\"dateModified\":\"2024-01-14T01:02:28+00:00\",\"breadcrumb\":{\"@id\":\"https:\\\/\\\/kechbureau.ma\\\/?product=imprimante-multifonction-laser-monochrome-hp-m28a#breadcrumb\"},\"inLanguage\":\"fr-FR\",\"potentialAction\":[{\"@type\":\"ReadAction\",\"target\":[\"https:\\\/\\\/kechbureau.ma\\\/?product=imprimante-multifonction-laser-monochrome-hp-m28a\"]}]},{\"@type\":\"ImageObject\",\"inLanguage\":\"fr-FR\",\"@id\":\"https:\\\/\\\/kechbureau.ma\\\/?product=imprimante-multifonction-laser-monochrome-hp-m28a#primaryimage\",\"url\":\"https:\\\/\\\/kechbureau.ma\\\/wp-content\\\/uploads\\\/2021\\\/11\\\/2-1-1.jpg\",\"contentUrl\":\"https:\\\/\\\/kechbureau.ma\\\/wp-content\\\/uploads\\\/2021\\\/11\\\/2-1-1.jpg\",\"width\":680,\"height\":680},{\"@type\":\"BreadcrumbList\",\"@id\":\"https:\\\/\\\/kechbureau.ma\\\/?product=imprimante-multifonction-laser-monochrome-hp-m28a#breadcrumb\",\"itemListElement\":[{\"@type\":\"ListItem\",\"position\":1,\"name\":\"Accueil\",\"item\":\"https:\\\/\\\/kechbureau.ma\\\/\"},{\"@type\":\"ListItem\",\"position\":2,\"name\":\"Shop\",\"item\":\"https:\\\/\\\/kechbureau.ma\\\/?page_id=3853\"},{\"@type\":\"ListItem\",\"position\":3,\"name\":\"Imprimante Multifonction Laser Monochrome HP M28a\"}]},{\"@type\":\"WebSite\",\"@id\":\"https:\\\/\\\/kechbureau.ma\\\/#website\",\"url\":\"https:\\\/\\\/kechbureau.ma\\\/\",\"name\":\"KECH BUREAU\",\"description\":\"MARRAKECH BUREAU\",\"potentialAction\":[{\"@type\":\"SearchAction\",\"target\":{\"@type\":\"EntryPoint\",\"urlTemplate\":\"https:\\\/\\\/kechbureau.ma\\\/?s={search_term_string}\"},\"query-input\":{\"@type\":\"PropertyValueSpecification\",\"valueRequired\":true,\"valueName\":\"search_term_string\"}}],\"inLanguage\":\"fr-FR\"}]}<\/script>\n<!-- \/ Yoast SEO plugin. -->","yoast_head_json":{"title":"Imprimante Multifonction Laser Monochrome HP M28a - KECH BUREAU","robots":{"index":"index","follow":"follow","max-snippet":"max-snippet:-1","max-image-preview":"max-image-preview:large","max-video-preview":"max-video-preview:-1"},"canonical":"https:\/\/kechbureau.ma\/?product=imprimante-multifonction-laser-monochrome-hp-m28a","og_locale":"fr_FR","og_type":"article","og_title":"Imprimante Multifonction Laser Monochrome HP M28a - KECH BUREAU","og_description":"Impression, copie, num\u00e9risation Vitesse d&#8217;impression noir: Jusqu&#8217;\u00e0 18 ppm Qualit\u00e9 d&#8217;impression noire: Jusqu&#8217;\u00e0 600 x 600 ppp Volume de pages mensuel recommand\u00e9: 250 \u00e0 2 000 pages\/mois Impression recto\/verso: Manuelle","og_url":"https:\/\/kechbureau.ma\/?product=imprimante-multifonction-laser-monochrome-hp-m28a","og_site_name":"KECH BUREAU","article_modified_time":"2024-01-14T01:02:28+00:00","og_image":[{"width":680,"height":680,"url":"https:\/\/kechbureau.ma\/wp-content\/uploads\/2021\/11\/2-1-1.jpg","type":"image\/jpeg"}],"twitter_card":"summary_large_image","schema":{"@context":"https:\/\/schema.org","@graph":[{"@type":"WebPage","@id":"https:\/\/kechbureau.ma\/?product=imprimante-multifonction-laser-monochrome-hp-m28a","url":"https:\/\/kechbureau.ma\/?product=imprimante-multifonction-laser-monochrome-hp-m28a","name":"Imprimante Multifonction Laser Monochrome HP M28a - KECH BUREAU","isPartOf":{"@id":"https:\/\/kechbureau.ma\/#website"},"primaryImageOfPage":{"@id":"https:\/\/kechbureau.ma\/?product=imprimante-multifonction-laser-monochrome-hp-m28a#primaryimage"},"image":{"@id":"https:\/\/kechbureau.ma\/?product=imprimante-multifonction-laser-monochrome-hp-m28a#primaryimage"},"thumbnailUrl":"https:\/\/kechbureau.ma\/wp-content\/uploads\/2021\/11\/2-1-1.jpg","datePublished":"2021-11-15T22:45:02+00:00","dateModified":"2024-01-14T01:02:28+00:00","breadcrumb":{"@id":"https:\/\/kechbureau.ma\/?product=imprimante-multifonction-laser-monochrome-hp-m28a#breadcrumb"},"inLanguage":"fr-FR","potentialAction":[{"@type":"ReadAction","target":["https:\/\/kechbureau.ma\/?product=imprimante-multifonction-laser-monochrome-hp-m28a"]}]},{"@type":"ImageObject","inLanguage":"fr-FR","@id":"https:\/\/kechbureau.ma\/?product=imprimante-multifonction-laser-monochrome-hp-m28a#primaryimage","url":"https:\/\/kechbureau.ma\/wp-content\/uploads\/2021\/11\/2-1-1.jpg","contentUrl":"https:\/\/kechbureau.ma\/wp-content\/uploads\/2021\/11\/2-1-1.jpg","width":680,"height":680},{"@type":"BreadcrumbList","@id":"https:\/\/kechbureau.ma\/?product=imprimante-multifonction-laser-monochrome-hp-m28a#breadcrumb","itemListElement":[{"@type":"ListItem","position":1,"name":"Accueil","item":"https:\/\/kechbureau.ma\/"},{"@type":"ListItem","position":2,"name":"Shop","item":"https:\/\/kechbureau.ma\/?page_id=3853"},{"@type":"ListItem","position":3,"name":"Imprimante Multifonction Laser Monochrome HP M28a"}]},{"@type":"WebSite","@id":"https:\/\/kechbureau.ma\/#website","url":"https:\/\/kechbureau.ma\/","name":"KECH BUREAU","description":"MARRAKECH BUREAU","potentialAction":[{"@type":"SearchAction","target":{"@type":"EntryPoint","urlTemplate":"https:\/\/kechbureau.ma\/?s={search_term_string}"},"query-input":{"@type":"PropertyValueSpecification","valueRequired":true,"valueName":"search_term_string"}}],"inLanguage":"fr-FR"}]}},"_links":{"self":[{"href":"https:\/\/kechbureau.ma\/index.php?rest_route=\/wp\/v2\/product\/12916","targetHints":{"allow":["GET"]}}],"collection":[{"href":"https:\/\/kechbureau.ma\/index.php?rest_route=\/wp\/v2\/product"}],"about":[{"href":"https:\/\/kechbureau.ma\/index.php?rest_route=\/wp\/v2\/types\/product"}],"replies":[{"embeddable":true,"href":"https:\/\/kechbureau.ma\/index.php?rest_route=%2Fwp%2Fv2%2Fcomments&post=12916"}],"wp:featuredmedia":[{"embeddable":true,"href":"https:\/\/kechbureau.ma\/index.php?rest_route=\/wp\/v2\/media\/12957"}],"wp:attachment":[{"href":"https:\/\/kechbureau.ma\/index.php?rest_route=%2Fwp%2Fv2%2Fmedia&parent=12916"}],"wp:term":[{"taxonomy":"product_brand","embeddable":true,"href":"https:\/\/kechbureau.ma\/index.php?rest_route=%2Fwp%2Fv2%2Fproduct_brand&post=12916"},{"taxonomy":"product_cat","embeddable":true,"href":"https:\/\/kechbureau.ma\/index.php?rest_route=%2Fwp%2Fv2%2Fproduct_cat&post=12916"},{"taxonomy":"product_tag","embeddable":true,"href":"https:\/\/kechbureau.ma\/index.php?rest_route=%2Fwp%2Fv2%2Fproduct_tag&post=12916"}],"curies":[{"name":"wp","href":"https:\/\/api.w.org\/{rel}","templated":true}]}}