{"id":12906,"date":"2021-11-13T13:03:43","date_gmt":"2021-11-13T12:03:43","guid":{"rendered":"https:\/\/kechbureau.ma\/?post_type=product&#038;p=12906"},"modified":"2022-01-29T21:03:01","modified_gmt":"2022-01-29T20:03:01","slug":"poste-telephone-gigaset-a170-sans-fil","status":"publish","type":"product","link":"https:\/\/kechbureau.ma\/?product=poste-telephone-gigaset-a170-sans-fil","title":{"rendered":"POSTE TELEPHONE GIGASET A170 SANS FIL"},"content":{"rendered":"<p>D\u00e9couvrez le Gigaset A170. C&#8217;est un t\u00e9l\u00e9phone sans fil simple et fiable fabriqu\u00e9 en Allemagne pour plus de qualit\u00e9. Ses touches ergonomiques permettent de num\u00e9roter sans erreur. Son grand \u00e9cran \u00e9clair\u00e9 facilite la lecture des noms et num\u00e9ros. Le combin\u00e9 \u00e9tant pr\u00e9 enregistr\u00e9 sur la base , la mise en route est imm\u00e9diate. Et vous n&#8217;aurez plus \u00e0 vous soucier des \u00e9missions d&#8217;ondes : le mode Eco Mode Plus en fait un t\u00e9l\u00e9phone \u00e9cologique.<\/p>\n<p>Liste d&#8217;appels jusqu&#8217;\u00e0 25 entr\u00e9es<\/p>\n<p>Affichage des 10 derniers num\u00e9ros<\/p>\n<p>Date, heure,\u00a0 fonction alarme<\/p>\n<p>Touches ergonomiques sensibles \u00e0 la pression<\/p>\n<p>Affichage du num\u00e9ro et du nom de l&#8217;appelant<\/p>\n<p>ECO DECT<\/p>\n<p>Ecran \u00e9clair\u00e9 (34 x 22 mm \/ 1,5 pouces)<\/p>\n<p>Autonomie en conversation\/en veille jusqu&#8217;\u00e0 18\/200 heures<\/p>\n<p>Carnet d&#8217;adresses jusqu&#8217;\u00e0 50 entr\u00e9es<\/p>\n<p>Installation tr\u00e8s facile : d\u00e9ballez, branchez et appelez (combin\u00e9 pr\u00e9 configur\u00e9 en usine)<\/p>\n","protected":false},"excerpt":{"rendered":"<p>D\u00e9couvrez le Gigaset A170. C&#8217;est un t\u00e9l\u00e9phone sans fil simple et fiable fabriqu\u00e9 en Allemagne pour plus de qualit\u00e9. Ses touches ergonomiques permettent de num\u00e9roter sans erreur. Son grand \u00e9cran<\/p>\n","protected":false},"featured_media":12907,"comment_status":"open","ping_status":"closed","template":"","meta":{"kk_blocks_editor_width":"","_kiokenblocks_attr":"","_kiokenblocks_dimensions":""},"product_brand":[],"product_cat":[717],"product_tag":[],"class_list":{"0":"post-12906","1":"product","2":"type-product","3":"status-publish","4":"has-post-thumbnail","6":"product_cat-telephonie","8":"first","9":"instock","10":"taxable","11":"shipping-taxable","12":"purchasable","13":"product-type-simple"},"yoast_head":"<!-- This site is optimized with the Yoast SEO plugin v27.5 - https:\/\/yoast.com\/product\/yoast-seo-wordpress\/ -->\n<title>POSTE TELEPHONE GIGASET A170 SANS FIL - KECH BUREAU<\/title>\n<meta name=\"robots\" content=\"index, follow, max-snippet:-1, max-image-preview:large, max-video-preview:-1\" \/>\n<link rel=\"canonical\" href=\"https:\/\/kechbureau.ma\/?product=poste-telephone-gigaset-a170-sans-fil\" \/>\n<meta property=\"og:locale\" content=\"fr_FR\" \/>\n<meta property=\"og:type\" content=\"article\" \/>\n<meta property=\"og:title\" content=\"POSTE TELEPHONE GIGASET A170 SANS FIL - KECH BUREAU\" \/>\n<meta property=\"og:description\" content=\"D\u00e9couvrez le Gigaset A170. C&#8217;est un t\u00e9l\u00e9phone sans fil simple et fiable fabriqu\u00e9 en Allemagne pour plus de qualit\u00e9. Ses touches ergonomiques permettent de num\u00e9roter sans erreur. Son grand \u00e9cran\" \/>\n<meta property=\"og:url\" content=\"https:\/\/kechbureau.ma\/?product=poste-telephone-gigaset-a170-sans-fil\" \/>\n<meta property=\"og:site_name\" content=\"KECH BUREAU\" \/>\n<meta property=\"article:modified_time\" content=\"2022-01-29T20:03:01+00:00\" \/>\n<meta property=\"og:image\" content=\"https:\/\/kechbureau.ma\/wp-content\/uploads\/2021\/11\/a170_black_fr_1_6.jpg\" \/>\n\t<meta property=\"og:image:width\" content=\"700\" \/>\n\t<meta property=\"og:image:height\" content=\"550\" \/>\n\t<meta property=\"og:image:type\" content=\"image\/jpeg\" \/>\n<meta name=\"twitter:card\" content=\"summary_large_image\" \/>\n<meta name=\"twitter:label1\" content=\"Dur\u00e9e de lecture estim\u00e9e\" \/>\n\t<meta name=\"twitter:data1\" content=\"1 minute\" \/>\n<script type=\"application\/ld+json\" class=\"yoast-schema-graph\">{\"@context\":\"https:\\\/\\\/schema.org\",\"@graph\":[{\"@type\":\"WebPage\",\"@id\":\"https:\\\/\\\/kechbureau.ma\\\/?product=poste-telephone-gigaset-a170-sans-fil\",\"url\":\"https:\\\/\\\/kechbureau.ma\\\/?product=poste-telephone-gigaset-a170-sans-fil\",\"name\":\"POSTE TELEPHONE GIGASET A170 SANS FIL - KECH BUREAU\",\"isPartOf\":{\"@id\":\"https:\\\/\\\/kechbureau.ma\\\/#website\"},\"primaryImageOfPage\":{\"@id\":\"https:\\\/\\\/kechbureau.ma\\\/?product=poste-telephone-gigaset-a170-sans-fil#primaryimage\"},\"image\":{\"@id\":\"https:\\\/\\\/kechbureau.ma\\\/?product=poste-telephone-gigaset-a170-sans-fil#primaryimage\"},\"thumbnailUrl\":\"https:\\\/\\\/kechbureau.ma\\\/wp-content\\\/uploads\\\/2021\\\/11\\\/a170_black_fr_1_6.jpg\",\"datePublished\":\"2021-11-13T12:03:43+00:00\",\"dateModified\":\"2022-01-29T20:03:01+00:00\",\"breadcrumb\":{\"@id\":\"https:\\\/\\\/kechbureau.ma\\\/?product=poste-telephone-gigaset-a170-sans-fil#breadcrumb\"},\"inLanguage\":\"fr-FR\",\"potentialAction\":[{\"@type\":\"ReadAction\",\"target\":[\"https:\\\/\\\/kechbureau.ma\\\/?product=poste-telephone-gigaset-a170-sans-fil\"]}]},{\"@type\":\"ImageObject\",\"inLanguage\":\"fr-FR\",\"@id\":\"https:\\\/\\\/kechbureau.ma\\\/?product=poste-telephone-gigaset-a170-sans-fil#primaryimage\",\"url\":\"https:\\\/\\\/kechbureau.ma\\\/wp-content\\\/uploads\\\/2021\\\/11\\\/a170_black_fr_1_6.jpg\",\"contentUrl\":\"https:\\\/\\\/kechbureau.ma\\\/wp-content\\\/uploads\\\/2021\\\/11\\\/a170_black_fr_1_6.jpg\",\"width\":700,\"height\":550},{\"@type\":\"BreadcrumbList\",\"@id\":\"https:\\\/\\\/kechbureau.ma\\\/?product=poste-telephone-gigaset-a170-sans-fil#breadcrumb\",\"itemListElement\":[{\"@type\":\"ListItem\",\"position\":1,\"name\":\"Accueil\",\"item\":\"https:\\\/\\\/kechbureau.ma\\\/\"},{\"@type\":\"ListItem\",\"position\":2,\"name\":\"Shop\",\"item\":\"https:\\\/\\\/kechbureau.ma\\\/?page_id=3853\"},{\"@type\":\"ListItem\",\"position\":3,\"name\":\"POSTE TELEPHONE GIGASET A170 SANS FIL\"}]},{\"@type\":\"WebSite\",\"@id\":\"https:\\\/\\\/kechbureau.ma\\\/#website\",\"url\":\"https:\\\/\\\/kechbureau.ma\\\/\",\"name\":\"KECH BUREAU\",\"description\":\"MARRAKECH BUREAU\",\"potentialAction\":[{\"@type\":\"SearchAction\",\"target\":{\"@type\":\"EntryPoint\",\"urlTemplate\":\"https:\\\/\\\/kechbureau.ma\\\/?s={search_term_string}\"},\"query-input\":{\"@type\":\"PropertyValueSpecification\",\"valueRequired\":true,\"valueName\":\"search_term_string\"}}],\"inLanguage\":\"fr-FR\"}]}<\/script>\n<!-- \/ Yoast SEO plugin. -->","yoast_head_json":{"title":"POSTE TELEPHONE GIGASET A170 SANS FIL - KECH BUREAU","robots":{"index":"index","follow":"follow","max-snippet":"max-snippet:-1","max-image-preview":"max-image-preview:large","max-video-preview":"max-video-preview:-1"},"canonical":"https:\/\/kechbureau.ma\/?product=poste-telephone-gigaset-a170-sans-fil","og_locale":"fr_FR","og_type":"article","og_title":"POSTE TELEPHONE GIGASET A170 SANS FIL - KECH BUREAU","og_description":"D\u00e9couvrez le Gigaset A170. C&#8217;est un t\u00e9l\u00e9phone sans fil simple et fiable fabriqu\u00e9 en Allemagne pour plus de qualit\u00e9. Ses touches ergonomiques permettent de num\u00e9roter sans erreur. Son grand \u00e9cran","og_url":"https:\/\/kechbureau.ma\/?product=poste-telephone-gigaset-a170-sans-fil","og_site_name":"KECH BUREAU","article_modified_time":"2022-01-29T20:03:01+00:00","og_image":[{"width":700,"height":550,"url":"https:\/\/kechbureau.ma\/wp-content\/uploads\/2021\/11\/a170_black_fr_1_6.jpg","type":"image\/jpeg"}],"twitter_card":"summary_large_image","twitter_misc":{"Dur\u00e9e de lecture estim\u00e9e":"1 minute"},"schema":{"@context":"https:\/\/schema.org","@graph":[{"@type":"WebPage","@id":"https:\/\/kechbureau.ma\/?product=poste-telephone-gigaset-a170-sans-fil","url":"https:\/\/kechbureau.ma\/?product=poste-telephone-gigaset-a170-sans-fil","name":"POSTE TELEPHONE GIGASET A170 SANS FIL - KECH BUREAU","isPartOf":{"@id":"https:\/\/kechbureau.ma\/#website"},"primaryImageOfPage":{"@id":"https:\/\/kechbureau.ma\/?product=poste-telephone-gigaset-a170-sans-fil#primaryimage"},"image":{"@id":"https:\/\/kechbureau.ma\/?product=poste-telephone-gigaset-a170-sans-fil#primaryimage"},"thumbnailUrl":"https:\/\/kechbureau.ma\/wp-content\/uploads\/2021\/11\/a170_black_fr_1_6.jpg","datePublished":"2021-11-13T12:03:43+00:00","dateModified":"2022-01-29T20:03:01+00:00","breadcrumb":{"@id":"https:\/\/kechbureau.ma\/?product=poste-telephone-gigaset-a170-sans-fil#breadcrumb"},"inLanguage":"fr-FR","potentialAction":[{"@type":"ReadAction","target":["https:\/\/kechbureau.ma\/?product=poste-telephone-gigaset-a170-sans-fil"]}]},{"@type":"ImageObject","inLanguage":"fr-FR","@id":"https:\/\/kechbureau.ma\/?product=poste-telephone-gigaset-a170-sans-fil#primaryimage","url":"https:\/\/kechbureau.ma\/wp-content\/uploads\/2021\/11\/a170_black_fr_1_6.jpg","contentUrl":"https:\/\/kechbureau.ma\/wp-content\/uploads\/2021\/11\/a170_black_fr_1_6.jpg","width":700,"height":550},{"@type":"BreadcrumbList","@id":"https:\/\/kechbureau.ma\/?product=poste-telephone-gigaset-a170-sans-fil#breadcrumb","itemListElement":[{"@type":"ListItem","position":1,"name":"Accueil","item":"https:\/\/kechbureau.ma\/"},{"@type":"ListItem","position":2,"name":"Shop","item":"https:\/\/kechbureau.ma\/?page_id=3853"},{"@type":"ListItem","position":3,"name":"POSTE TELEPHONE GIGASET A170 SANS FIL"}]},{"@type":"WebSite","@id":"https:\/\/kechbureau.ma\/#website","url":"https:\/\/kechbureau.ma\/","name":"KECH BUREAU","description":"MARRAKECH BUREAU","potentialAction":[{"@type":"SearchAction","target":{"@type":"EntryPoint","urlTemplate":"https:\/\/kechbureau.ma\/?s={search_term_string}"},"query-input":{"@type":"PropertyValueSpecification","valueRequired":true,"valueName":"search_term_string"}}],"inLanguage":"fr-FR"}]}},"_links":{"self":[{"href":"https:\/\/kechbureau.ma\/index.php?rest_route=\/wp\/v2\/product\/12906","targetHints":{"allow":["GET"]}}],"collection":[{"href":"https:\/\/kechbureau.ma\/index.php?rest_route=\/wp\/v2\/product"}],"about":[{"href":"https:\/\/kechbureau.ma\/index.php?rest_route=\/wp\/v2\/types\/product"}],"replies":[{"embeddable":true,"href":"https:\/\/kechbureau.ma\/index.php?rest_route=%2Fwp%2Fv2%2Fcomments&post=12906"}],"wp:featuredmedia":[{"embeddable":true,"href":"https:\/\/kechbureau.ma\/index.php?rest_route=\/wp\/v2\/media\/12907"}],"wp:attachment":[{"href":"https:\/\/kechbureau.ma\/index.php?rest_route=%2Fwp%2Fv2%2Fmedia&parent=12906"}],"wp:term":[{"taxonomy":"product_brand","embeddable":true,"href":"https:\/\/kechbureau.ma\/index.php?rest_route=%2Fwp%2Fv2%2Fproduct_brand&post=12906"},{"taxonomy":"product_cat","embeddable":true,"href":"https:\/\/kechbureau.ma\/index.php?rest_route=%2Fwp%2Fv2%2Fproduct_cat&post=12906"},{"taxonomy":"product_tag","embeddable":true,"href":"https:\/\/kechbureau.ma\/index.php?rest_route=%2Fwp%2Fv2%2Fproduct_tag&post=12906"}],"curies":[{"name":"wp","href":"https:\/\/api.w.org\/{rel}","templated":true}]}}