{"id":12877,"date":"2021-11-09T21:11:51","date_gmt":"2021-11-09T20:11:51","guid":{"rendered":"https:\/\/kechbureau.ma\/?post_type=product&#038;p=12877"},"modified":"2026-02-14T16:00:34","modified_gmt":"2026-02-14T15:00:34","slug":"16-ch-1080p-1u-h-265-dvr","status":"publish","type":"product","link":"https:\/\/kechbureau.ma\/?product=16-ch-1080p-1u-h-265-dvr","title":{"rendered":"DVR HIKVISION DS-7216-HQHI-K1 16PORTS (5MP ,4MP ,2MP)"},"content":{"rendered":"<ul class=\"product_description_item-list\">\n<li class=\" product_description_item\">16 channels and 1 HDD 1U DVR<\/li>\n<li class=\" product_description_item\">Efficient H.265 pro+ compression technology<\/li>\n<li class=\" product_description_item\">Encoding ability up to 1080p @ 15 fps<\/li>\n<li class=\" product_description_item\">5 signals input adaptively (HDTVI\/AHD\/CVI\/CVBS\/IP)<\/li>\n<li class=\" product_description_item\">Up to 24 network cameras can be connected<\/li>\n<li>\n<ul class=\"tech-specs-items-description\" data-target=\"Recording\">\n<li class=\"tech-specs-items-description-list\"><span class=\"tech-specs-items-description__title--heading\">Recording<\/span><\/li>\n<li class=\"tech-specs-items-description-list\"><span class=\"tech-specs-items-description__title\">Video Compression<\/span><span class=\"tech-specs-items-description__title-details\">H.265 Pro+\/H.265 Pro\/H.265\/H.264+\/H.264<\/span><\/li>\n<li class=\"tech-specs-items-description-list\"><span class=\"tech-specs-items-description__title\">Encoding Resolution<\/span><span class=\"tech-specs-items-description__title-details\">When 1080p lite mode is not enabled: ,4 MP lite\/3 MP\/1080p\/720p\/VGA\/WD1\/4CIF\/CIF,When 1080p Lite mode is enabled: ,4 MP lite\/3 MP\/1080p lite\/720p lite\/VGA\/WD1\/4CIF\/CIF,<\/span><\/li>\n<li class=\"tech-specs-items-description-list\"><span class=\"tech-specs-items-description__title\">Frame Rate<\/span><span class=\"tech-specs-items-description__title-details\">Main stream:,When 1080p Lite mode not enabled: ,For 4 MP stream access:,4 MP lite@15fps; 1080p lite\/720p\/WD1\/4CIF\/VGA\/CIF@25fps (P)\/30fps (N) ,For 3 MP stream access: 3 MP\/1080p\/720p\/VGA\/WD1\/4CIF\/CIF@15fps,For 1080p stream access: ,1080p\/720p@15fps; VGA\/WD1\/4CIF\/CIF@25fps (P)\/30fps (N),For 720p stream access: 720p\/VGA\/WD1\/4CIF\/CIF@25fps (P)\/30fps (N),When 1080p Lite mode enabled: ,4 MP lite\/3 MP@15fps; 1080p lite\/720p lite\/VGA\/WD1\/4CIF\/CIF@25fps (P)\/30fps (N),Sub-stream: ,WD1\/4CIF@12fps; CIF@25fps (P)\/30fps (N),Sub-stream: ,WD1\/4CIF@12fps; CIF@25fps (P)\/30fps (N),<\/span><\/li>\n<li class=\"tech-specs-items-description-list\"><span class=\"tech-specs-items-description__title\">Video Bit Rate<\/span><span class=\"tech-specs-items-description__title-details\">32 Kbps to 6 Mbps<\/span><\/li>\n<li class=\"tech-specs-items-description-list\"><span class=\"tech-specs-items-description__title\">Dual Stream<\/span><span class=\"tech-specs-items-description__title-details\">Support<\/span><\/li>\n<li class=\"tech-specs-items-description-list\"><span class=\"tech-specs-items-description__title\">Stream Type<\/span><span class=\"tech-specs-items-description__title-details\">Video, Video &amp; Audio<\/span><\/li>\n<li class=\"tech-specs-items-description-list\"><span class=\"tech-specs-items-description__title\">Audio Compression<\/span><span class=\"tech-specs-items-description__title-details\">G.711u<\/span><\/li>\n<li class=\"tech-specs-items-description-list\"><span class=\"tech-specs-items-description__title\">Audio Bit Rate<\/span><span class=\"tech-specs-items-description__title-details\">64 Kbps<\/span><\/li>\n<\/ul>\n<ul class=\"tech-specs-items-description\" data-target=\"Video and Audio\">\n<li class=\"tech-specs-items-description-list\"><span class=\"tech-specs-items-description__title--heading\">Video And Audio<\/span><\/li>\n<li class=\"tech-specs-items-description-list\"><span class=\"tech-specs-items-description__title\">IP Video Input<\/span><span class=\"tech-specs-items-description__title-details\">8-ch (up to 24-ch) Up to 6 MP resolution Support H.265+\/H.265\/H.264+\/H.264 IP cameras<\/span><\/li>\n<li class=\"tech-specs-items-description-list\"><span class=\"tech-specs-items-description__title\">Analog Video Input<\/span><span class=\"tech-specs-items-description__title-details\">16-ch BNC interface (1.0 Vp-p, 75 \u03a9), supporting coaxitron connection<\/span><\/li>\n<li class=\"tech-specs-items-description-list\"><span class=\"tech-specs-items-description__title\">AHD Input<\/span><span class=\"tech-specs-items-description__title-details\">4 MP, 1080p25, 1080p30, 720p25, 720p30<\/span><\/li>\n<li class=\"tech-specs-items-description-list\"><span class=\"tech-specs-items-description__title\">HDCVI Input<\/span><span class=\"tech-specs-items-description__title-details\">1080p25, 1080p30, 720p25, 720p30<\/span><\/li>\n<li class=\"tech-specs-items-description-list\"><span class=\"tech-specs-items-description__title\">CVBS Input<\/span><span class=\"tech-specs-items-description__title-details\">PAL\/NTSC<\/span><\/li>\n<li class=\"tech-specs-items-description-list\"><span class=\"tech-specs-items-description__title\">Audio Input<\/span><span class=\"tech-specs-items-description__title-details\">1-ch, RCA (2.0 Vp-p, 1 K\u03a9)<\/span><\/li>\n<li class=\"tech-specs-items-description-list\"><span class=\"tech-specs-items-description__title\">Audio Output<\/span><span class=\"tech-specs-items-description__title-details\">1-ch, RCA (Linear, 1 K\u03a9)<\/span><\/li>\n<li class=\"tech-specs-items-description-list\"><span class=\"tech-specs-items-description__title\">Two-Way Audio<\/span><span class=\"tech-specs-items-description__title-details\">1-ch, RCA (2.0 Vp-p, 1 K\u03a9) (using the first audio input)<\/span><\/li>\n<li class=\"tech-specs-items-description-list\"><span class=\"tech-specs-items-description__title\">Synchronous Playback<\/span><span class=\"tech-specs-items-description__title-details\">16-ch<\/span><\/li>\n<li class=\"tech-specs-items-description-list\"><span class=\"tech-specs-items-description__title\">HDTVI Input<\/span><span class=\"tech-specs-items-description__title-details\">4 MP, 3 MP, 1080p30, 1080p25, 720p60, 720p50, 720p30, 720p25,*: The 3 MP signal input is only available for channel 1 of DS-7204HQHI-K1, for channel 1\/2 of DS-7208HQHI-K1, and for channel 1\/2\/3\/4 of DS-7216HQHI-K1.,<\/span><\/li>\n<li class=\"tech-specs-items-description-list\"><span class=\"tech-specs-items-description__title\">VGA\/HDMI Output<\/span><span class=\"tech-specs-items-description__title-details\">VGA: 1-ch, ,1920 \u00d7 1080\/60Hz, 1280 \u00d7 1024\/60Hz, ,1280 \u00d7 720\/60Hz, 1024 \u00d7 768\/60Hz,HDMI: 1-ch, ,4K (3840 \u00d7 2160)\/30Hz, 2K (2560 \u00d7 1440)\/60Hz, 1920 \u00d7 1080\/60Hz, 1280 \u00d7 1024\/60Hz, ,1280 \u00d7 720\/60Hz, 1024 \u00d7 768\/60Hz,<\/span><\/li>\n<li class=\"tech-specs-items-description-list\"><span class=\"tech-specs-items-description__title\">CVBS Output<\/span><span class=\"tech-specs-items-description__title-details\">1-ch, BNC (1.0 Vp-p, 75 \u03a9), resolution: PAL: 704 \u00d7 576, NTSC: 704 \u00d7 480<\/span><\/li>\n<\/ul>\n<ul class=\"tech-specs-items-description\" data-target=\"Network\">\n<li class=\"tech-specs-items-description-list\"><span class=\"tech-specs-items-description__title--heading\">Network<\/span><\/li>\n<li class=\"tech-specs-items-description-list\"><span class=\"tech-specs-items-description__title\">Remote Connections<\/span><span class=\"tech-specs-items-description__title-details\">128<\/span><\/li>\n<li class=\"tech-specs-items-description-list\"><span class=\"tech-specs-items-description__title\">Network Protocols<\/span><span class=\"tech-specs-items-description__title-details\">TCP\/IP, PPPoE, DHCP, Hik-Connect, DNS, DDNS, NTP, SADP, NFS, iSCSI, UPnP\u2122, HTTPS, ONVIF<\/span><\/li>\n<li class=\"tech-specs-items-description-list\"><span class=\"tech-specs-items-description__title\">Network Interface<\/span><span class=\"tech-specs-items-description__title-details\">1,,RJ45 10M\/100M\/1000M ,self-adaptive ,Ethernet interface,<\/span><\/li>\n<\/ul>\n<ul class=\"tech-specs-items-description\" data-target=\"Auxiliary interface\">\n<li class=\"tech-specs-items-description-list\"><span class=\"tech-specs-items-description__title--heading\">Auxiliary Interface<\/span><\/li>\n<li class=\"tech-specs-items-description-list\"><span class=\"tech-specs-items-description__title\">SATA<\/span><span class=\"tech-specs-items-description__title-details\">1 SATA interface<\/span><\/li>\n<li class=\"tech-specs-items-description-list\"><span class=\"tech-specs-items-description__title\">Capacity<\/span><span class=\"tech-specs-items-description__title-details\">Up to 10 TB capacity for each disk<\/span><\/li>\n<li class=\"tech-specs-items-description-list\"><span class=\"tech-specs-items-description__title\">Alarm In\/Out<\/span><span class=\"tech-specs-items-description__title-details\">N\/A<\/span><\/li>\n<li class=\"tech-specs-items-description-list\"><span class=\"tech-specs-items-description__title\">USB Interface<\/span><span class=\"tech-specs-items-description__title-details\">Front panel: 1 \u00d7 USB 2.0 Rear panel: 1 \u00d7 USB 3.0<\/span><\/li>\n<li class=\"tech-specs-items-description-list\"><span class=\"tech-specs-items-description__title\">Serial Interface<\/span><span class=\"tech-specs-items-description__title-details\">RS-485 (half-duplex)<\/span><\/li>\n<\/ul>\n<ul class=\"tech-specs-items-description\" data-target=\"General\">\n<li class=\"tech-specs-items-description-list\"><span class=\"tech-specs-items-description__title--heading\">General<\/span><\/li>\n<li class=\"tech-specs-items-description-list\"><span class=\"tech-specs-items-description__title\">Power Supply<\/span><span class=\"tech-specs-items-description__title-details\">12 VDC<\/span><\/li>\n<li class=\"tech-specs-items-description-list\"><span class=\"tech-specs-items-description__title\">Working Temperature<\/span><span class=\"tech-specs-items-description__title-details\">-10 \u00b0C to +55 \u00b0C (+14 \u00b0F to +131 \u00b0F)<\/span><\/li>\n<li class=\"tech-specs-items-description-list\"><span class=\"tech-specs-items-description__title\">Working Humidity<\/span><span class=\"tech-specs-items-description__title-details\">10% to 90%<\/span><\/li>\n<li class=\"tech-specs-items-description-list\"><span class=\"tech-specs-items-description__title\">Dimensions (W \u00d7 D \u00d7 H)<\/span><span class=\"tech-specs-items-description__title-details\">315 \u00d7 242 \u00d7 45 mm (12.4 \u00d7 9.5 \u00d7 1.8 inch)<\/span><\/li>\n<li class=\"tech-specs-items-description-list\"><span class=\"tech-specs-items-description__title\">Weights (Without HDD)<\/span><span class=\"tech-specs-items-description__title-details\">\u2264 2 kg (4.4 lb)<\/span><\/li>\n<li class=\"tech-specs-items-description-list\"><span class=\"tech-specs-items-description__title\">Consumption (Without HDD)<\/span><span class=\"tech-specs-items-description__title-details\">\u2264 25 W<\/span><\/li>\n<\/ul>\n<\/li>\n<\/ul>\n","protected":false},"excerpt":{"rendered":"<p>16 channels and 1 HDD 1U DVR Efficient H.265 pro+ compression technology Encoding ability up to 1080p @ 15 fps 5 signals input adaptively (HDTVI\/AHD\/CVI\/CVBS\/IP) Up to 24 network cameras<\/p>\n","protected":false},"featured_media":12878,"comment_status":"open","ping_status":"closed","template":"","meta":{"kk_blocks_editor_width":"","_kiokenblocks_attr":"","_kiokenblocks_dimensions":""},"product_brand":[],"product_cat":[532,533],"product_tag":[],"class_list":{"0":"post-12877","1":"product","2":"type-product","3":"status-publish","4":"has-post-thumbnail","6":"product_cat-video-surveillance","7":"product_cat-xvr-nvr","9":"first","10":"outofstock","11":"taxable","12":"shipping-taxable","13":"purchasable","14":"product-type-simple"},"yoast_head":"<!-- This site is optimized with the Yoast SEO plugin v27.4 - https:\/\/yoast.com\/product\/yoast-seo-wordpress\/ -->\n<title>DVR HIKVISION DS-7216-HQHI-K1 16PORTS (5MP ,4MP ,2MP) - KECH BUREAU<\/title>\n<meta name=\"robots\" content=\"index, follow, max-snippet:-1, max-image-preview:large, max-video-preview:-1\" \/>\n<link rel=\"canonical\" href=\"https:\/\/kechbureau.ma\/?product=16-ch-1080p-1u-h-265-dvr\" \/>\n<meta property=\"og:locale\" content=\"fr_FR\" \/>\n<meta property=\"og:type\" content=\"article\" \/>\n<meta property=\"og:title\" content=\"DVR HIKVISION DS-7216-HQHI-K1 16PORTS (5MP ,4MP ,2MP) - KECH BUREAU\" \/>\n<meta property=\"og:description\" content=\"16 channels and 1 HDD 1U DVR Efficient H.265 pro+ compression technology Encoding ability up to 1080p @ 15 fps 5 signals input adaptively (HDTVI\/AHD\/CVI\/CVBS\/IP) Up to 24 network cameras\" \/>\n<meta property=\"og:url\" content=\"https:\/\/kechbureau.ma\/?product=16-ch-1080p-1u-h-265-dvr\" \/>\n<meta property=\"og:site_name\" content=\"KECH BUREAU\" \/>\n<meta property=\"article:modified_time\" content=\"2026-02-14T15:00:34+00:00\" \/>\n<meta property=\"og:image\" content=\"https:\/\/kechbureau.ma\/wp-content\/uploads\/2021\/11\/hkv-ds-7216hqhi-k2.jpg\" \/>\n\t<meta property=\"og:image:width\" content=\"1000\" \/>\n\t<meta property=\"og:image:height\" content=\"1000\" \/>\n\t<meta property=\"og:image:type\" content=\"image\/jpeg\" \/>\n<meta name=\"twitter:card\" content=\"summary_large_image\" \/>\n<meta name=\"twitter:label1\" content=\"Dur\u00e9e de lecture estim\u00e9e\" \/>\n\t<meta name=\"twitter:data1\" content=\"2 minutes\" \/>\n<script type=\"application\/ld+json\" class=\"yoast-schema-graph\">{\"@context\":\"https:\\\/\\\/schema.org\",\"@graph\":[{\"@type\":\"WebPage\",\"@id\":\"https:\\\/\\\/kechbureau.ma\\\/?product=16-ch-1080p-1u-h-265-dvr\",\"url\":\"https:\\\/\\\/kechbureau.ma\\\/?product=16-ch-1080p-1u-h-265-dvr\",\"name\":\"DVR HIKVISION DS-7216-HQHI-K1 16PORTS (5MP ,4MP ,2MP) - KECH BUREAU\",\"isPartOf\":{\"@id\":\"https:\\\/\\\/kechbureau.ma\\\/#website\"},\"primaryImageOfPage\":{\"@id\":\"https:\\\/\\\/kechbureau.ma\\\/?product=16-ch-1080p-1u-h-265-dvr#primaryimage\"},\"image\":{\"@id\":\"https:\\\/\\\/kechbureau.ma\\\/?product=16-ch-1080p-1u-h-265-dvr#primaryimage\"},\"thumbnailUrl\":\"https:\\\/\\\/kechbureau.ma\\\/wp-content\\\/uploads\\\/2021\\\/11\\\/hkv-ds-7216hqhi-k2.jpg\",\"datePublished\":\"2021-11-09T20:11:51+00:00\",\"dateModified\":\"2026-02-14T15:00:34+00:00\",\"breadcrumb\":{\"@id\":\"https:\\\/\\\/kechbureau.ma\\\/?product=16-ch-1080p-1u-h-265-dvr#breadcrumb\"},\"inLanguage\":\"fr-FR\",\"potentialAction\":[{\"@type\":\"ReadAction\",\"target\":[\"https:\\\/\\\/kechbureau.ma\\\/?product=16-ch-1080p-1u-h-265-dvr\"]}]},{\"@type\":\"ImageObject\",\"inLanguage\":\"fr-FR\",\"@id\":\"https:\\\/\\\/kechbureau.ma\\\/?product=16-ch-1080p-1u-h-265-dvr#primaryimage\",\"url\":\"https:\\\/\\\/kechbureau.ma\\\/wp-content\\\/uploads\\\/2021\\\/11\\\/hkv-ds-7216hqhi-k2.jpg\",\"contentUrl\":\"https:\\\/\\\/kechbureau.ma\\\/wp-content\\\/uploads\\\/2021\\\/11\\\/hkv-ds-7216hqhi-k2.jpg\",\"width\":1000,\"height\":1000},{\"@type\":\"BreadcrumbList\",\"@id\":\"https:\\\/\\\/kechbureau.ma\\\/?product=16-ch-1080p-1u-h-265-dvr#breadcrumb\",\"itemListElement\":[{\"@type\":\"ListItem\",\"position\":1,\"name\":\"Accueil\",\"item\":\"https:\\\/\\\/kechbureau.ma\\\/\"},{\"@type\":\"ListItem\",\"position\":2,\"name\":\"Shop\",\"item\":\"https:\\\/\\\/kechbureau.ma\\\/?page_id=3853\"},{\"@type\":\"ListItem\",\"position\":3,\"name\":\"DVR HIKVISION DS-7216-HQHI-K1 16PORTS (5MP ,4MP ,2MP)\"}]},{\"@type\":\"WebSite\",\"@id\":\"https:\\\/\\\/kechbureau.ma\\\/#website\",\"url\":\"https:\\\/\\\/kechbureau.ma\\\/\",\"name\":\"KECH BUREAU\",\"description\":\"MARRAKECH BUREAU\",\"potentialAction\":[{\"@type\":\"SearchAction\",\"target\":{\"@type\":\"EntryPoint\",\"urlTemplate\":\"https:\\\/\\\/kechbureau.ma\\\/?s={search_term_string}\"},\"query-input\":{\"@type\":\"PropertyValueSpecification\",\"valueRequired\":true,\"valueName\":\"search_term_string\"}}],\"inLanguage\":\"fr-FR\"}]}<\/script>\n<!-- \/ Yoast SEO plugin. -->","yoast_head_json":{"title":"DVR HIKVISION DS-7216-HQHI-K1 16PORTS (5MP ,4MP ,2MP) - KECH BUREAU","robots":{"index":"index","follow":"follow","max-snippet":"max-snippet:-1","max-image-preview":"max-image-preview:large","max-video-preview":"max-video-preview:-1"},"canonical":"https:\/\/kechbureau.ma\/?product=16-ch-1080p-1u-h-265-dvr","og_locale":"fr_FR","og_type":"article","og_title":"DVR HIKVISION DS-7216-HQHI-K1 16PORTS (5MP ,4MP ,2MP) - KECH BUREAU","og_description":"16 channels and 1 HDD 1U DVR Efficient H.265 pro+ compression technology Encoding ability up to 1080p @ 15 fps 5 signals input adaptively (HDTVI\/AHD\/CVI\/CVBS\/IP) Up to 24 network cameras","og_url":"https:\/\/kechbureau.ma\/?product=16-ch-1080p-1u-h-265-dvr","og_site_name":"KECH BUREAU","article_modified_time":"2026-02-14T15:00:34+00:00","og_image":[{"width":1000,"height":1000,"url":"https:\/\/kechbureau.ma\/wp-content\/uploads\/2021\/11\/hkv-ds-7216hqhi-k2.jpg","type":"image\/jpeg"}],"twitter_card":"summary_large_image","twitter_misc":{"Dur\u00e9e de lecture estim\u00e9e":"2 minutes"},"schema":{"@context":"https:\/\/schema.org","@graph":[{"@type":"WebPage","@id":"https:\/\/kechbureau.ma\/?product=16-ch-1080p-1u-h-265-dvr","url":"https:\/\/kechbureau.ma\/?product=16-ch-1080p-1u-h-265-dvr","name":"DVR HIKVISION DS-7216-HQHI-K1 16PORTS (5MP ,4MP ,2MP) - KECH BUREAU","isPartOf":{"@id":"https:\/\/kechbureau.ma\/#website"},"primaryImageOfPage":{"@id":"https:\/\/kechbureau.ma\/?product=16-ch-1080p-1u-h-265-dvr#primaryimage"},"image":{"@id":"https:\/\/kechbureau.ma\/?product=16-ch-1080p-1u-h-265-dvr#primaryimage"},"thumbnailUrl":"https:\/\/kechbureau.ma\/wp-content\/uploads\/2021\/11\/hkv-ds-7216hqhi-k2.jpg","datePublished":"2021-11-09T20:11:51+00:00","dateModified":"2026-02-14T15:00:34+00:00","breadcrumb":{"@id":"https:\/\/kechbureau.ma\/?product=16-ch-1080p-1u-h-265-dvr#breadcrumb"},"inLanguage":"fr-FR","potentialAction":[{"@type":"ReadAction","target":["https:\/\/kechbureau.ma\/?product=16-ch-1080p-1u-h-265-dvr"]}]},{"@type":"ImageObject","inLanguage":"fr-FR","@id":"https:\/\/kechbureau.ma\/?product=16-ch-1080p-1u-h-265-dvr#primaryimage","url":"https:\/\/kechbureau.ma\/wp-content\/uploads\/2021\/11\/hkv-ds-7216hqhi-k2.jpg","contentUrl":"https:\/\/kechbureau.ma\/wp-content\/uploads\/2021\/11\/hkv-ds-7216hqhi-k2.jpg","width":1000,"height":1000},{"@type":"BreadcrumbList","@id":"https:\/\/kechbureau.ma\/?product=16-ch-1080p-1u-h-265-dvr#breadcrumb","itemListElement":[{"@type":"ListItem","position":1,"name":"Accueil","item":"https:\/\/kechbureau.ma\/"},{"@type":"ListItem","position":2,"name":"Shop","item":"https:\/\/kechbureau.ma\/?page_id=3853"},{"@type":"ListItem","position":3,"name":"DVR HIKVISION DS-7216-HQHI-K1 16PORTS (5MP ,4MP ,2MP)"}]},{"@type":"WebSite","@id":"https:\/\/kechbureau.ma\/#website","url":"https:\/\/kechbureau.ma\/","name":"KECH BUREAU","description":"MARRAKECH BUREAU","potentialAction":[{"@type":"SearchAction","target":{"@type":"EntryPoint","urlTemplate":"https:\/\/kechbureau.ma\/?s={search_term_string}"},"query-input":{"@type":"PropertyValueSpecification","valueRequired":true,"valueName":"search_term_string"}}],"inLanguage":"fr-FR"}]}},"_links":{"self":[{"href":"https:\/\/kechbureau.ma\/index.php?rest_route=\/wp\/v2\/product\/12877","targetHints":{"allow":["GET"]}}],"collection":[{"href":"https:\/\/kechbureau.ma\/index.php?rest_route=\/wp\/v2\/product"}],"about":[{"href":"https:\/\/kechbureau.ma\/index.php?rest_route=\/wp\/v2\/types\/product"}],"replies":[{"embeddable":true,"href":"https:\/\/kechbureau.ma\/index.php?rest_route=%2Fwp%2Fv2%2Fcomments&post=12877"}],"wp:featuredmedia":[{"embeddable":true,"href":"https:\/\/kechbureau.ma\/index.php?rest_route=\/wp\/v2\/media\/12878"}],"wp:attachment":[{"href":"https:\/\/kechbureau.ma\/index.php?rest_route=%2Fwp%2Fv2%2Fmedia&parent=12877"}],"wp:term":[{"taxonomy":"product_brand","embeddable":true,"href":"https:\/\/kechbureau.ma\/index.php?rest_route=%2Fwp%2Fv2%2Fproduct_brand&post=12877"},{"taxonomy":"product_cat","embeddable":true,"href":"https:\/\/kechbureau.ma\/index.php?rest_route=%2Fwp%2Fv2%2Fproduct_cat&post=12877"},{"taxonomy":"product_tag","embeddable":true,"href":"https:\/\/kechbureau.ma\/index.php?rest_route=%2Fwp%2Fv2%2Fproduct_tag&post=12877"}],"curies":[{"name":"wp","href":"https:\/\/api.w.org\/{rel}","templated":true}]}}