{"id":12859,"date":"2021-11-08T17:06:11","date_gmt":"2021-11-08T16:06:11","guid":{"rendered":"https:\/\/kechbureau.ma\/?post_type=product&#038;p=12859"},"modified":"2023-12-07T15:45:55","modified_gmt":"2023-12-07T14:45:55","slug":"dell-inspiron-13-5000-i7-10th-8gb-512ssd","status":"publish","type":"product","link":"https:\/\/kechbureau.ma\/?product=dell-inspiron-13-5000-i7-10th-8gb-512ssd","title":{"rendered":"DELL INSPIRON 13 5000 I7 10th 8GB 512SSD"},"content":{"rendered":"<div class=\"tabFeature inlineContent\">\n<div class=\"topImgContainer\">\n<div class=\"topImg \"><img decoding=\"async\" title=\"Totalement immersif, r\u00e9ellement impressionnant\" src=\"https:\/\/i.dell.com\/is\/image\/DellContent\/\/content\/dam\/global-site-design\/product_images\/dell_client_products\/notebooks\/inspiron_notebooks\/inspiron_13_5370\/pdp\/laptops-inspiron-13-5000-intel-pdd-mod1.jpg?fmt=png-alpha\" alt=\"Totalement immersif, r\u00e9ellement impressionnant\" \/><\/div>\n<h2>Totalement immersif, r\u00e9ellement impressionnant<\/h2>\n<div class=\"bottomContent inlineContent\"><strong>Une clart\u00e9 exceptionnelle\u00a0:<\/strong>\u00a0appr\u00e9ciez les d\u00e9tails nets et pr\u00e9cis de l\u2019\u00e9cran\u00a0Full\u00a0HD\u00a013\u201d avec technologie\u00a0IPS offrant des couleurs exactes et homog\u00e8nes, m\u00eame sur un grand angle d\u2019affichage. La finition antireflet garantit le confort visuel m\u00eame dans un environnement tr\u00e8s \u00e9clair\u00e9 ou en ext\u00e9rieur, sans reflets g\u00eanants.<\/p>\n<p><strong>Syst\u00e8me d&#8217;exploitation:\u00a0<\/strong>Windows 10 Professionnel.<\/p>\n<p><strong>Une diffusion transparente\u00a0:<\/strong>\u00a0la technologie\u00a0SmartByte privil\u00e9gie la diffusion de contenu par rapport autres applications pour garantir une lecture fluide.<br \/>\n<strong><br \/>\nUne exp\u00e9rience audio sensationnelle\u00a0:<\/strong>\u00a0la technologie Waves\u00a0MaxxAudio\u00ae\u00a0Pro vous permet d\u2019\u00e9couter vos concerts, vos bandes originales de film et les dialogues des personnages avec un son riche et retentissant.<\/div>\n<\/div>\n<\/div>\n<div class=\"tabFeature inlineContent\">\n<div class=\"leftImgContainer\"><img decoding=\"async\" title=\"Une nouvelle r\u00e9f\u00e9rence en mati\u00e8re de style\" src=\"https:\/\/i.dell.com\/is\/image\/DellContent\/\/content\/dam\/global-site-design\/product_images\/dell_client_products\/notebooks\/inspiron_notebooks\/inspiron_13_5370\/pdp\/laptops-inspiron-13-5000-intel-pdd-mod2.jpg?fmt=png-alpha\" alt=\"Une nouvelle r\u00e9f\u00e9rence en mati\u00e8re de style\" \/><\/p>\n<div class=\"rightContent inlineContent\">\n<h2>Une nouvelle r\u00e9f\u00e9rence en mati\u00e8re de style<\/h2>\n<p><strong>Il s\u2019adapte partout et va avec tout\u00a0:<\/strong>\u00a0une conception plus fine et plus l\u00e9g\u00e8re am\u00e9liore sa mobilit\u00e9, et l\u2019aluminium anodis\u00e9 r\u00e9sistant, auquel le repose-poignets est assorti, se fond parfaitement dans le d\u00e9cor, que vous soyez \u00e0 la maison ou en d\u00e9placement.<\/p>\n<p><strong>Une couleur pour signature\u00a0:<\/strong>\u00a0faites votre choix entre deux\u00a0options brillantes sophistiqu\u00e9es, \u00e0 savoir l\u2019argent platine classique ou le rose champagne tendance.<\/div>\n<div class=\"allPurposeClear\"><\/div>\n<\/div>\n<\/div>\n<div class=\"tabFeature inlineContent\">\n<div class=\"rightImgContainer\"><img decoding=\"async\" title=\"Des performances r\u00e9actives dans un format compact\" src=\"https:\/\/i.dell.com\/is\/image\/DellContent\/\/content\/dam\/global-site-design\/product_images\/dell_client_products\/notebooks\/inspiron_notebooks\/inspiron_13_5370\/pdp\/laptops-inspiron-13-5000-intel-pdd-mod3.jpg?fmt=png-alpha\" alt=\"Des performances r\u00e9actives dans un format compact\" \/><\/p>\n<div class=\"leftContent inlineContent\">\n<h2>Des performances r\u00e9actives dans un format compact<\/h2>\n<p><strong>La puissance d\u2019ex\u00e9cution\u00a0:<\/strong>\u00a0le dernier processeur Intel\u00ae\u00a0Core\u2122\u00a0i fournit une puissance incroyable dans un ordinateur portable au format compact.<\/p>\n<p><strong>Davantage de m\u00e9moire\u00a0:<\/strong>\u00a0des performances accrues, une bande passante sup\u00e9rieure et une efficacit\u00e9 \u00e9nerg\u00e9tique exceptionnelle avec jusqu\u2019\u00e0 8\u00a0Go de m\u00e9moire\u00a0DDR4, voil\u00e0 qui vous permettra d\u2019ex\u00e9cuter toutes vos applications et vos fonctions multit\u00e2ches comme un professionnel, en un rien de temps.<\/p>\n<p><strong>Des capacit\u00e9s graphiques spectaculaires\u00a0:<\/strong>\u00a0avec une carte graphique s\u00e9par\u00e9e en option, offrant jusqu\u2019\u00e0 4\u00a0Go de m\u00e9moire\u00a0GDDR5, c\u2019est-\u00e0-dire de la puissance suppl\u00e9mentaire et des performances optimales au quotidien, profitez d\u2019une exp\u00e9rience visuelle plus fluide que jamais.<\/p>\n<p><strong>Rapidit\u00e9 et r\u00e9activit\u00e9\u00a0:<\/strong> avec un disque SSD NVMe PCIe pouvant atteindre jusqu\u2019\u00e0 512 Go, les d\u00e9marrages sont plus rapides et les chargements plus courts.<\/div>\n<div class=\"allPurposeClear\"><\/div>\n<\/div>\n<\/div>\n<div class=\"tabFeature inlineContent\">\n<div class=\"topImgContainer\">\n<div class=\"topImg \"><img decoding=\"async\" title=\"Des fonctionnalit\u00e9s adapt\u00e9es au plus grand nombre\" src=\"https:\/\/i.dell.com\/is\/image\/DellContent\/\/content\/dam\/global-site-design\/product_images\/dell_client_products\/notebooks\/inspiron_notebooks\/inspiron_13_5370\/pdp\/laptops-inspiron-13-5000-intel-pdd-mod4.jpg?fmt=png-alpha\" alt=\"Des fonctionnalit\u00e9s adapt\u00e9es au plus grand nombre\" \/><\/div>\n<h2>Des fonctionnalit\u00e9s adapt\u00e9es au plus grand nombre<\/h2>\n<div class=\"bottomContent inlineContent\"><strong>Connectivit\u00e9 universelle\u00a0:<\/strong>\u00a0le port\u00a0USB\u00a03.1\u00a0Type-C charge votre appareil, offre une connexion\u00a0Ethernet et prend en charge les sorties audio et vid\u00e9o pour des connexions rapides et simples.<\/p>\n<p><strong>Affranchissez-vous des mots de passe\u00a0:<\/strong>\u00a0Windows\u00a0Hello et le lecteur d\u2019empreintes digitales pr\u00e9sent sur le bouton de mise en marche rendent les connexions s\u00e9curis\u00e9es aussi simples que possible.<\/div>\n<\/div>\n<\/div>\n<div class=\"tabFeature inlineContent\">\n<div class=\"leftImgContainer\"><img decoding=\"async\" title=\"Restez autonome plus longtemps\" src=\"https:\/\/i.dell.com\/is\/image\/DellContent\/\/content\/dam\/global-site-design\/product_images\/dell_client_products\/notebooks\/inspiron_notebooks\/inspiron_13_5370\/pdp\/laptops-inspiron-13-5000-intel-pdd-mod5.jpg?fmt=png-alpha\" alt=\"Restez autonome plus longtemps\" \/><\/p>\n<div class=\"rightContent inlineContent\">\n<h2>Restez autonome plus longtemps<\/h2>\n<p>Tirez parti d\u2019une\u00a0batterie longue dur\u00e9e avec votre ordinateur portable\u00a0Inspiron. Nous \u00e9valuons l\u2019autonomie de nos produits en utilisant les tests\u00a0MobileMark\u00a02014, qui sont la r\u00e9f\u00e9rence du secteur. L\u2019autonomie r\u00e9elle varie en fonction de la configuration du produit, des logiciels, de l\u2019utilisation et des param\u00e8tres.<\/p><\/div>\n<div class=\"allPurposeClear\"><\/div>\n<\/div>\n<\/div>\n<div class=\"tabFeature inlineContent\">\n<div class=\"topImgContainer\">\n<div class=\"topImg \"><img decoding=\"async\" title=\"Ports et emplacements\" src=\"https:\/\/i.dell.com\/is\/image\/DellContent\/\/content\/dam\/global-site-design\/product_images\/dell_client_products\/notebooks\/inspiron_notebooks\/inspiron_13_5370\/pdp\/laptops-inspiron-13-5000-intel-pdd-mod6.jpg?fmt=png-alpha\" alt=\"Ports et emplacements\" \/><\/div>\n<h2>Ports et emplacements<\/h2>\n<div class=\"bottomContent inlineContent\">1. Lecteur de carte Micro-SD 3-en-1\u00a0|\u00a02. Port USB\u00a03.1 Gen\u00a01 Type-A\u00a0|\u00a03. Port USB\u00a03.1 Gen\u00a01 Type-A\u00a0|\u00a04. Emplacement pour c\u00e2ble de s\u00e9curit\u00e9\u00a0|\u00a05. Alimentation\u00a0|\u00a06. Port USB\u00a03.1 Gen\u00a01 Type-C\u00a0|\u00a07. HDMI\u00a0|\u00a08. Prise jack audio<\/div>\n<\/div>\n<\/div>\n<div class=\"tabFeature inlineContent\">\n<div class=\"topImgContainer\">\n<div class=\"topImg \"><img decoding=\"async\" title=\"Dimensions et poids\" src=\"https:\/\/i.dell.com\/is\/image\/DellContent\/\/content\/dam\/global-site-design\/product_images\/dell_client_products\/notebooks\/inspiron_notebooks\/inspiron_13_5370\/pdp\/laptops-inspiron-13-5000-intel-pdd-mod7.jpg?fmt=png-alpha\" alt=\"Dimensions et poids\" \/><\/div>\n<h2>Dimensions et poids<\/h2>\n<div class=\"bottomContent inlineContent\">1. Hauteur\u00a0: 15,81\u00a0mm (0,62\u201d)\u00a0|\u00a02. Largeur\u00a0: 323,9\u00a0mm (12,75\u201d)\u00a0|\u00a03. Profondeur\u00a0: 219,9\u00a0mm (8,66\u201d) | Poids de d\u00e9part\u00a0: 1,396\u00a0kg (3,08\u00a0livres)<a class=\"technote microcontent\" href=\"https:\/\/www.dell.com\/mc.ashx?id=technotes:weight-varies&amp;c=lu&amp;l=fr&amp;s=biz&amp;modalwidth=400&amp;modalHeight=150&amp;ovropac=0&amp;modalscroll=yes&amp;modaltarget=div&amp;modaltype=tooltip&amp;position=bottom&amp;title=D%C3%A9tails%20importants&amp;flip=false&amp;eventType=rollover\" rel=\"technotes:weight-varies\" name=\"modalPopup\"><sup>1<\/sup><\/a><\/div>\n<\/div>\n<\/div>\n<div class=\"tabFeature inlineContent\">\n<div class=\"leftImgContainer\"><img decoding=\"async\" title=\"R\u00e9unissez vos p\u00e9riph\u00e9riques avec Dell Mobile Connect\" src=\"https:\/\/i.dell.com\/is\/image\/DellContent\/\/content\/dam\/global-site-design\/product_images\/esupport\/notebook-dell-mobile-connect-pdp-left.jpg?fmt=jpg\" alt=\"R\u00e9unissez vos p\u00e9riph\u00e9riques avec Dell Mobile Connect\" \/><\/p>\n<div class=\"rightContent inlineContent\">\n<h2>R\u00e9unissez vos p\u00e9riph\u00e9riques avec Dell Mobile Connect.<\/h2>\n<p><strong>Int\u00e9gration PC\/smartphone sans faille :<\/strong>\u00a0acc\u00e9dez \u00e0 plusieurs appareils sans r\u00e9duire votre attention : Dell Mobile Connect couple votre smartphone Android ou iOS avec votre ordinateur portable.<\/p>\n<p><strong>Interruptions de service limit\u00e9es :<\/strong>\u00a0avec Dell Mobile Connect, vous avez la possibilit\u00e9 d\u2019acheminer les notifications d\u2019appels t\u00e9l\u00e9phoniques, de SMS, de messagerie instantan\u00e9e ainsi que d\u2019autres applications directement sur votre ordinateur portable. Restez concentr\u00e9 sur un seul \u00e9cran et ne r\u00e9pondez que lorsque cela vous convient.<\/p>\n<p><strong>Vie priv\u00e9e pr\u00e9serv\u00e9e :<\/strong>\u00a0votre t\u00e9l\u00e9phone se connecte \u00e0 votre ordinateur via la connexion s\u00e9curis\u00e9e point \u00e0 point de Dell Mobile Connect. Ainsi, vos donn\u00e9es ne sont jamais expos\u00e9es via des connexions Internet non s\u00e9curis\u00e9es.<\/div>\n<\/div>\n<\/div>\n","protected":false},"excerpt":{"rendered":"<p>Totalement immersif, r\u00e9ellement impressionnant Une clart\u00e9 exceptionnelle\u00a0:\u00a0appr\u00e9ciez les d\u00e9tails nets et pr\u00e9cis de l\u2019\u00e9cran\u00a0Full\u00a0HD\u00a013\u201d avec technologie\u00a0IPS offrant des couleurs exactes et homog\u00e8nes, m\u00eame sur un grand angle d\u2019affichage. La finition<\/p>\n","protected":false},"featured_media":12861,"comment_status":"open","ping_status":"closed","template":"","meta":{"kk_blocks_editor_width":"","_kiokenblocks_attr":"","_kiokenblocks_dimensions":""},"product_brand":[],"product_cat":[492,488],"product_tag":[],"class_list":{"0":"post-12859","1":"product","2":"type-product","3":"status-publish","4":"has-post-thumbnail","6":"product_cat-pc-portable-neuf","7":"product_cat-pc-portable-occas","9":"first","10":"outofstock","11":"sale","12":"taxable","13":"shipping-taxable","14":"purchasable","15":"product-type-simple"},"yoast_head":"<!-- This site is optimized with the Yoast SEO plugin v27.5 - https:\/\/yoast.com\/product\/yoast-seo-wordpress\/ -->\n<title>DELL INSPIRON 13 5000 I7 10th 8GB 512SSD - KECH BUREAU<\/title>\n<meta name=\"robots\" content=\"index, follow, max-snippet:-1, max-image-preview:large, max-video-preview:-1\" \/>\n<link rel=\"canonical\" href=\"https:\/\/kechbureau.ma\/?product=dell-inspiron-13-5000-i7-10th-8gb-512ssd\" \/>\n<meta property=\"og:locale\" content=\"fr_FR\" \/>\n<meta property=\"og:type\" content=\"article\" \/>\n<meta property=\"og:title\" content=\"DELL INSPIRON 13 5000 I7 10th 8GB 512SSD - KECH BUREAU\" \/>\n<meta property=\"og:description\" content=\"Totalement immersif, r\u00e9ellement impressionnant Une clart\u00e9 exceptionnelle\u00a0:\u00a0appr\u00e9ciez les d\u00e9tails nets et pr\u00e9cis de l\u2019\u00e9cran\u00a0Full\u00a0HD\u00a013\u201d avec technologie\u00a0IPS offrant des couleurs exactes et homog\u00e8nes, m\u00eame sur un grand angle d\u2019affichage. La finition\" \/>\n<meta property=\"og:url\" content=\"https:\/\/kechbureau.ma\/?product=dell-inspiron-13-5000-i7-10th-8gb-512ssd\" \/>\n<meta property=\"og:site_name\" content=\"KECH BUREAU\" \/>\n<meta property=\"article:modified_time\" content=\"2023-12-07T14:45:55+00:00\" \/>\n<meta property=\"og:image\" content=\"https:\/\/kechbureau.ma\/wp-content\/uploads\/2021\/11\/laptops-inspiron-13-5000-intel-pdd-mod4.webp\" \/>\n\t<meta property=\"og:image:width\" content=\"965\" \/>\n\t<meta property=\"og:image:height\" content=\"482\" \/>\n\t<meta property=\"og:image:type\" content=\"image\/webp\" \/>\n<meta name=\"twitter:card\" content=\"summary_large_image\" \/>\n<meta name=\"twitter:label1\" content=\"Dur\u00e9e de lecture estim\u00e9e\" \/>\n\t<meta name=\"twitter:data1\" content=\"3 minutes\" \/>\n<script type=\"application\/ld+json\" class=\"yoast-schema-graph\">{\"@context\":\"https:\\\/\\\/schema.org\",\"@graph\":[{\"@type\":\"WebPage\",\"@id\":\"https:\\\/\\\/kechbureau.ma\\\/?product=dell-inspiron-13-5000-i7-10th-8gb-512ssd\",\"url\":\"https:\\\/\\\/kechbureau.ma\\\/?product=dell-inspiron-13-5000-i7-10th-8gb-512ssd\",\"name\":\"DELL INSPIRON 13 5000 I7 10th 8GB 512SSD - KECH BUREAU\",\"isPartOf\":{\"@id\":\"https:\\\/\\\/kechbureau.ma\\\/#website\"},\"primaryImageOfPage\":{\"@id\":\"https:\\\/\\\/kechbureau.ma\\\/?product=dell-inspiron-13-5000-i7-10th-8gb-512ssd#primaryimage\"},\"image\":{\"@id\":\"https:\\\/\\\/kechbureau.ma\\\/?product=dell-inspiron-13-5000-i7-10th-8gb-512ssd#primaryimage\"},\"thumbnailUrl\":\"https:\\\/\\\/kechbureau.ma\\\/wp-content\\\/uploads\\\/2021\\\/11\\\/laptops-inspiron-13-5000-intel-pdd-mod4.webp\",\"datePublished\":\"2021-11-08T16:06:11+00:00\",\"dateModified\":\"2023-12-07T14:45:55+00:00\",\"breadcrumb\":{\"@id\":\"https:\\\/\\\/kechbureau.ma\\\/?product=dell-inspiron-13-5000-i7-10th-8gb-512ssd#breadcrumb\"},\"inLanguage\":\"fr-FR\",\"potentialAction\":[{\"@type\":\"ReadAction\",\"target\":[\"https:\\\/\\\/kechbureau.ma\\\/?product=dell-inspiron-13-5000-i7-10th-8gb-512ssd\"]}]},{\"@type\":\"ImageObject\",\"inLanguage\":\"fr-FR\",\"@id\":\"https:\\\/\\\/kechbureau.ma\\\/?product=dell-inspiron-13-5000-i7-10th-8gb-512ssd#primaryimage\",\"url\":\"https:\\\/\\\/kechbureau.ma\\\/wp-content\\\/uploads\\\/2021\\\/11\\\/laptops-inspiron-13-5000-intel-pdd-mod4.webp\",\"contentUrl\":\"https:\\\/\\\/kechbureau.ma\\\/wp-content\\\/uploads\\\/2021\\\/11\\\/laptops-inspiron-13-5000-intel-pdd-mod4.webp\",\"width\":965,\"height\":482},{\"@type\":\"BreadcrumbList\",\"@id\":\"https:\\\/\\\/kechbureau.ma\\\/?product=dell-inspiron-13-5000-i7-10th-8gb-512ssd#breadcrumb\",\"itemListElement\":[{\"@type\":\"ListItem\",\"position\":1,\"name\":\"Accueil\",\"item\":\"https:\\\/\\\/kechbureau.ma\\\/\"},{\"@type\":\"ListItem\",\"position\":2,\"name\":\"Shop\",\"item\":\"https:\\\/\\\/kechbureau.ma\\\/?page_id=3853\"},{\"@type\":\"ListItem\",\"position\":3,\"name\":\"DELL INSPIRON 13 5000 I7 10th 8GB 512SSD\"}]},{\"@type\":\"WebSite\",\"@id\":\"https:\\\/\\\/kechbureau.ma\\\/#website\",\"url\":\"https:\\\/\\\/kechbureau.ma\\\/\",\"name\":\"KECH BUREAU\",\"description\":\"MARRAKECH BUREAU\",\"potentialAction\":[{\"@type\":\"SearchAction\",\"target\":{\"@type\":\"EntryPoint\",\"urlTemplate\":\"https:\\\/\\\/kechbureau.ma\\\/?s={search_term_string}\"},\"query-input\":{\"@type\":\"PropertyValueSpecification\",\"valueRequired\":true,\"valueName\":\"search_term_string\"}}],\"inLanguage\":\"fr-FR\"}]}<\/script>\n<!-- \/ Yoast SEO plugin. -->","yoast_head_json":{"title":"DELL INSPIRON 13 5000 I7 10th 8GB 512SSD - KECH BUREAU","robots":{"index":"index","follow":"follow","max-snippet":"max-snippet:-1","max-image-preview":"max-image-preview:large","max-video-preview":"max-video-preview:-1"},"canonical":"https:\/\/kechbureau.ma\/?product=dell-inspiron-13-5000-i7-10th-8gb-512ssd","og_locale":"fr_FR","og_type":"article","og_title":"DELL INSPIRON 13 5000 I7 10th 8GB 512SSD - KECH BUREAU","og_description":"Totalement immersif, r\u00e9ellement impressionnant Une clart\u00e9 exceptionnelle\u00a0:\u00a0appr\u00e9ciez les d\u00e9tails nets et pr\u00e9cis de l\u2019\u00e9cran\u00a0Full\u00a0HD\u00a013\u201d avec technologie\u00a0IPS offrant des couleurs exactes et homog\u00e8nes, m\u00eame sur un grand angle d\u2019affichage. La finition","og_url":"https:\/\/kechbureau.ma\/?product=dell-inspiron-13-5000-i7-10th-8gb-512ssd","og_site_name":"KECH BUREAU","article_modified_time":"2023-12-07T14:45:55+00:00","og_image":[{"width":965,"height":482,"url":"https:\/\/kechbureau.ma\/wp-content\/uploads\/2021\/11\/laptops-inspiron-13-5000-intel-pdd-mod4.webp","type":"image\/webp"}],"twitter_card":"summary_large_image","twitter_misc":{"Dur\u00e9e de lecture estim\u00e9e":"3 minutes"},"schema":{"@context":"https:\/\/schema.org","@graph":[{"@type":"WebPage","@id":"https:\/\/kechbureau.ma\/?product=dell-inspiron-13-5000-i7-10th-8gb-512ssd","url":"https:\/\/kechbureau.ma\/?product=dell-inspiron-13-5000-i7-10th-8gb-512ssd","name":"DELL INSPIRON 13 5000 I7 10th 8GB 512SSD - KECH BUREAU","isPartOf":{"@id":"https:\/\/kechbureau.ma\/#website"},"primaryImageOfPage":{"@id":"https:\/\/kechbureau.ma\/?product=dell-inspiron-13-5000-i7-10th-8gb-512ssd#primaryimage"},"image":{"@id":"https:\/\/kechbureau.ma\/?product=dell-inspiron-13-5000-i7-10th-8gb-512ssd#primaryimage"},"thumbnailUrl":"https:\/\/kechbureau.ma\/wp-content\/uploads\/2021\/11\/laptops-inspiron-13-5000-intel-pdd-mod4.webp","datePublished":"2021-11-08T16:06:11+00:00","dateModified":"2023-12-07T14:45:55+00:00","breadcrumb":{"@id":"https:\/\/kechbureau.ma\/?product=dell-inspiron-13-5000-i7-10th-8gb-512ssd#breadcrumb"},"inLanguage":"fr-FR","potentialAction":[{"@type":"ReadAction","target":["https:\/\/kechbureau.ma\/?product=dell-inspiron-13-5000-i7-10th-8gb-512ssd"]}]},{"@type":"ImageObject","inLanguage":"fr-FR","@id":"https:\/\/kechbureau.ma\/?product=dell-inspiron-13-5000-i7-10th-8gb-512ssd#primaryimage","url":"https:\/\/kechbureau.ma\/wp-content\/uploads\/2021\/11\/laptops-inspiron-13-5000-intel-pdd-mod4.webp","contentUrl":"https:\/\/kechbureau.ma\/wp-content\/uploads\/2021\/11\/laptops-inspiron-13-5000-intel-pdd-mod4.webp","width":965,"height":482},{"@type":"BreadcrumbList","@id":"https:\/\/kechbureau.ma\/?product=dell-inspiron-13-5000-i7-10th-8gb-512ssd#breadcrumb","itemListElement":[{"@type":"ListItem","position":1,"name":"Accueil","item":"https:\/\/kechbureau.ma\/"},{"@type":"ListItem","position":2,"name":"Shop","item":"https:\/\/kechbureau.ma\/?page_id=3853"},{"@type":"ListItem","position":3,"name":"DELL INSPIRON 13 5000 I7 10th 8GB 512SSD"}]},{"@type":"WebSite","@id":"https:\/\/kechbureau.ma\/#website","url":"https:\/\/kechbureau.ma\/","name":"KECH BUREAU","description":"MARRAKECH BUREAU","potentialAction":[{"@type":"SearchAction","target":{"@type":"EntryPoint","urlTemplate":"https:\/\/kechbureau.ma\/?s={search_term_string}"},"query-input":{"@type":"PropertyValueSpecification","valueRequired":true,"valueName":"search_term_string"}}],"inLanguage":"fr-FR"}]}},"_links":{"self":[{"href":"https:\/\/kechbureau.ma\/index.php?rest_route=\/wp\/v2\/product\/12859","targetHints":{"allow":["GET"]}}],"collection":[{"href":"https:\/\/kechbureau.ma\/index.php?rest_route=\/wp\/v2\/product"}],"about":[{"href":"https:\/\/kechbureau.ma\/index.php?rest_route=\/wp\/v2\/types\/product"}],"replies":[{"embeddable":true,"href":"https:\/\/kechbureau.ma\/index.php?rest_route=%2Fwp%2Fv2%2Fcomments&post=12859"}],"wp:featuredmedia":[{"embeddable":true,"href":"https:\/\/kechbureau.ma\/index.php?rest_route=\/wp\/v2\/media\/12861"}],"wp:attachment":[{"href":"https:\/\/kechbureau.ma\/index.php?rest_route=%2Fwp%2Fv2%2Fmedia&parent=12859"}],"wp:term":[{"taxonomy":"product_brand","embeddable":true,"href":"https:\/\/kechbureau.ma\/index.php?rest_route=%2Fwp%2Fv2%2Fproduct_brand&post=12859"},{"taxonomy":"product_cat","embeddable":true,"href":"https:\/\/kechbureau.ma\/index.php?rest_route=%2Fwp%2Fv2%2Fproduct_cat&post=12859"},{"taxonomy":"product_tag","embeddable":true,"href":"https:\/\/kechbureau.ma\/index.php?rest_route=%2Fwp%2Fv2%2Fproduct_tag&post=12859"}],"curies":[{"name":"wp","href":"https:\/\/api.w.org\/{rel}","templated":true}]}}