{"id":12827,"date":"2021-11-08T15:31:58","date_gmt":"2021-11-08T14:31:58","guid":{"rendered":"https:\/\/kechbureau.ma\/?post_type=product&#038;p=12827"},"modified":"2021-11-08T15:31:59","modified_gmt":"2021-11-08T14:31:59","slug":"ezviz-c3n-camera-surveillance-wifi-exterieure-blanche-1080p","status":"publish","type":"product","link":"https:\/\/kechbureau.ma\/?product=ezviz-c3n-camera-surveillance-wifi-exterieure-blanche-1080p","title":{"rendered":"Ezviz C3N Cam\u00e9ra Surveillance WiFi Ext\u00e9rieure Blanche 1080P"},"content":{"rendered":"<p><strong>Fiche technique :<\/strong><\/p>\n<ul>\n<li>Capteur d&#8217;image CMOS \u00e0 balayage progressif 1\/2,7&#8243;<\/li>\n<li>Vitesse d&#8217;obturation Obturateur auto-adaptatif<\/li>\n<li>Lentille 2,8 mm @ F2.0, angle de vue : 104\u00b0 (Horizontal), 125\u00b0 (Diagonale) 4 mm @ F2.0, angle de vue : 86\u00b0 (Horizontal), 102\u00b0 (Diagonale)<\/li>\n<li>Monture de lentilles M12<\/li>\n<li>Jour Nuit Filtre anti-IR avec commutation automatique<\/li>\n<li>MRN DNR 3D<\/li>\n<li>WDR WDR num\u00e9rique<\/li>\n<\/ul>\n","protected":false},"excerpt":{"rendered":"<p>Fiche technique : Capteur d&#8217;image CMOS \u00e0 balayage progressif 1\/2,7&#8243; Vitesse d&#8217;obturation Obturateur auto-adaptatif Lentille 2,8 mm @ F2.0, angle de vue : 104\u00b0 (Horizontal), 125\u00b0 (Diagonale) 4 mm @<\/p>\n","protected":false},"featured_media":12828,"comment_status":"open","ping_status":"closed","template":"","meta":{"kk_blocks_editor_width":"","_kiokenblocks_attr":"","_kiokenblocks_dimensions":""},"product_brand":[],"product_cat":[695,532],"product_tag":[],"class_list":{"0":"post-12827","1":"product","2":"type-product","3":"status-publish","4":"has-post-thumbnail","6":"product_cat-camera-sans-fil","7":"product_cat-video-surveillance","9":"first","10":"instock","11":"taxable","12":"shipping-taxable","13":"purchasable","14":"product-type-simple"},"yoast_head":"<!-- This site is optimized with the Yoast SEO plugin v27.4 - https:\/\/yoast.com\/product\/yoast-seo-wordpress\/ -->\n<title>Ezviz C3N Cam\u00e9ra Surveillance WiFi Ext\u00e9rieure Blanche 1080P - KECH BUREAU<\/title>\n<meta name=\"robots\" content=\"index, follow, max-snippet:-1, max-image-preview:large, max-video-preview:-1\" \/>\n<link rel=\"canonical\" href=\"https:\/\/kechbureau.ma\/?product=ezviz-c3n-camera-surveillance-wifi-exterieure-blanche-1080p\" \/>\n<meta property=\"og:locale\" content=\"fr_FR\" \/>\n<meta property=\"og:type\" content=\"article\" \/>\n<meta property=\"og:title\" content=\"Ezviz C3N Cam\u00e9ra Surveillance WiFi Ext\u00e9rieure Blanche 1080P - KECH BUREAU\" \/>\n<meta property=\"og:description\" content=\"Fiche technique : Capteur d&#8217;image CMOS \u00e0 balayage progressif 1\/2,7&#8243; Vitesse d&#8217;obturation Obturateur auto-adaptatif Lentille 2,8 mm @ F2.0, angle de vue : 104\u00b0 (Horizontal), 125\u00b0 (Diagonale) 4 mm @\" \/>\n<meta property=\"og:url\" content=\"https:\/\/kechbureau.ma\/?product=ezviz-c3n-camera-surveillance-wifi-exterieure-blanche-1080p\" \/>\n<meta property=\"og:site_name\" content=\"KECH BUREAU\" \/>\n<meta property=\"article:modified_time\" content=\"2021-11-08T14:31:59+00:00\" \/>\n<meta property=\"og:image\" content=\"https:\/\/kechbureau.ma\/wp-content\/uploads\/2021\/11\/1-3.jpg\" \/>\n\t<meta property=\"og:image:width\" content=\"680\" \/>\n\t<meta property=\"og:image:height\" content=\"680\" \/>\n\t<meta property=\"og:image:type\" content=\"image\/jpeg\" \/>\n<meta name=\"twitter:card\" content=\"summary_large_image\" \/>\n<script type=\"application\/ld+json\" class=\"yoast-schema-graph\">{\"@context\":\"https:\\\/\\\/schema.org\",\"@graph\":[{\"@type\":\"WebPage\",\"@id\":\"https:\\\/\\\/kechbureau.ma\\\/?product=ezviz-c3n-camera-surveillance-wifi-exterieure-blanche-1080p\",\"url\":\"https:\\\/\\\/kechbureau.ma\\\/?product=ezviz-c3n-camera-surveillance-wifi-exterieure-blanche-1080p\",\"name\":\"Ezviz C3N Cam\u00e9ra Surveillance WiFi Ext\u00e9rieure Blanche 1080P - KECH BUREAU\",\"isPartOf\":{\"@id\":\"https:\\\/\\\/kechbureau.ma\\\/#website\"},\"primaryImageOfPage\":{\"@id\":\"https:\\\/\\\/kechbureau.ma\\\/?product=ezviz-c3n-camera-surveillance-wifi-exterieure-blanche-1080p#primaryimage\"},\"image\":{\"@id\":\"https:\\\/\\\/kechbureau.ma\\\/?product=ezviz-c3n-camera-surveillance-wifi-exterieure-blanche-1080p#primaryimage\"},\"thumbnailUrl\":\"https:\\\/\\\/kechbureau.ma\\\/wp-content\\\/uploads\\\/2021\\\/11\\\/1-3.jpg\",\"datePublished\":\"2021-11-08T14:31:58+00:00\",\"dateModified\":\"2021-11-08T14:31:59+00:00\",\"breadcrumb\":{\"@id\":\"https:\\\/\\\/kechbureau.ma\\\/?product=ezviz-c3n-camera-surveillance-wifi-exterieure-blanche-1080p#breadcrumb\"},\"inLanguage\":\"fr-FR\",\"potentialAction\":[{\"@type\":\"ReadAction\",\"target\":[\"https:\\\/\\\/kechbureau.ma\\\/?product=ezviz-c3n-camera-surveillance-wifi-exterieure-blanche-1080p\"]}]},{\"@type\":\"ImageObject\",\"inLanguage\":\"fr-FR\",\"@id\":\"https:\\\/\\\/kechbureau.ma\\\/?product=ezviz-c3n-camera-surveillance-wifi-exterieure-blanche-1080p#primaryimage\",\"url\":\"https:\\\/\\\/kechbureau.ma\\\/wp-content\\\/uploads\\\/2021\\\/11\\\/1-3.jpg\",\"contentUrl\":\"https:\\\/\\\/kechbureau.ma\\\/wp-content\\\/uploads\\\/2021\\\/11\\\/1-3.jpg\",\"width\":680,\"height\":680},{\"@type\":\"BreadcrumbList\",\"@id\":\"https:\\\/\\\/kechbureau.ma\\\/?product=ezviz-c3n-camera-surveillance-wifi-exterieure-blanche-1080p#breadcrumb\",\"itemListElement\":[{\"@type\":\"ListItem\",\"position\":1,\"name\":\"Accueil\",\"item\":\"https:\\\/\\\/kechbureau.ma\\\/\"},{\"@type\":\"ListItem\",\"position\":2,\"name\":\"Shop\",\"item\":\"https:\\\/\\\/kechbureau.ma\\\/?page_id=3853\"},{\"@type\":\"ListItem\",\"position\":3,\"name\":\"Ezviz C3N Cam\u00e9ra Surveillance WiFi Ext\u00e9rieure Blanche 1080P\"}]},{\"@type\":\"WebSite\",\"@id\":\"https:\\\/\\\/kechbureau.ma\\\/#website\",\"url\":\"https:\\\/\\\/kechbureau.ma\\\/\",\"name\":\"KECH BUREAU\",\"description\":\"MARRAKECH BUREAU\",\"potentialAction\":[{\"@type\":\"SearchAction\",\"target\":{\"@type\":\"EntryPoint\",\"urlTemplate\":\"https:\\\/\\\/kechbureau.ma\\\/?s={search_term_string}\"},\"query-input\":{\"@type\":\"PropertyValueSpecification\",\"valueRequired\":true,\"valueName\":\"search_term_string\"}}],\"inLanguage\":\"fr-FR\"}]}<\/script>\n<!-- \/ Yoast SEO plugin. -->","yoast_head_json":{"title":"Ezviz C3N Cam\u00e9ra Surveillance WiFi Ext\u00e9rieure Blanche 1080P - KECH BUREAU","robots":{"index":"index","follow":"follow","max-snippet":"max-snippet:-1","max-image-preview":"max-image-preview:large","max-video-preview":"max-video-preview:-1"},"canonical":"https:\/\/kechbureau.ma\/?product=ezviz-c3n-camera-surveillance-wifi-exterieure-blanche-1080p","og_locale":"fr_FR","og_type":"article","og_title":"Ezviz C3N Cam\u00e9ra Surveillance WiFi Ext\u00e9rieure Blanche 1080P - KECH BUREAU","og_description":"Fiche technique : Capteur d&#8217;image CMOS \u00e0 balayage progressif 1\/2,7&#8243; Vitesse d&#8217;obturation Obturateur auto-adaptatif Lentille 2,8 mm @ F2.0, angle de vue : 104\u00b0 (Horizontal), 125\u00b0 (Diagonale) 4 mm @","og_url":"https:\/\/kechbureau.ma\/?product=ezviz-c3n-camera-surveillance-wifi-exterieure-blanche-1080p","og_site_name":"KECH BUREAU","article_modified_time":"2021-11-08T14:31:59+00:00","og_image":[{"width":680,"height":680,"url":"https:\/\/kechbureau.ma\/wp-content\/uploads\/2021\/11\/1-3.jpg","type":"image\/jpeg"}],"twitter_card":"summary_large_image","schema":{"@context":"https:\/\/schema.org","@graph":[{"@type":"WebPage","@id":"https:\/\/kechbureau.ma\/?product=ezviz-c3n-camera-surveillance-wifi-exterieure-blanche-1080p","url":"https:\/\/kechbureau.ma\/?product=ezviz-c3n-camera-surveillance-wifi-exterieure-blanche-1080p","name":"Ezviz C3N Cam\u00e9ra Surveillance WiFi Ext\u00e9rieure Blanche 1080P - KECH BUREAU","isPartOf":{"@id":"https:\/\/kechbureau.ma\/#website"},"primaryImageOfPage":{"@id":"https:\/\/kechbureau.ma\/?product=ezviz-c3n-camera-surveillance-wifi-exterieure-blanche-1080p#primaryimage"},"image":{"@id":"https:\/\/kechbureau.ma\/?product=ezviz-c3n-camera-surveillance-wifi-exterieure-blanche-1080p#primaryimage"},"thumbnailUrl":"https:\/\/kechbureau.ma\/wp-content\/uploads\/2021\/11\/1-3.jpg","datePublished":"2021-11-08T14:31:58+00:00","dateModified":"2021-11-08T14:31:59+00:00","breadcrumb":{"@id":"https:\/\/kechbureau.ma\/?product=ezviz-c3n-camera-surveillance-wifi-exterieure-blanche-1080p#breadcrumb"},"inLanguage":"fr-FR","potentialAction":[{"@type":"ReadAction","target":["https:\/\/kechbureau.ma\/?product=ezviz-c3n-camera-surveillance-wifi-exterieure-blanche-1080p"]}]},{"@type":"ImageObject","inLanguage":"fr-FR","@id":"https:\/\/kechbureau.ma\/?product=ezviz-c3n-camera-surveillance-wifi-exterieure-blanche-1080p#primaryimage","url":"https:\/\/kechbureau.ma\/wp-content\/uploads\/2021\/11\/1-3.jpg","contentUrl":"https:\/\/kechbureau.ma\/wp-content\/uploads\/2021\/11\/1-3.jpg","width":680,"height":680},{"@type":"BreadcrumbList","@id":"https:\/\/kechbureau.ma\/?product=ezviz-c3n-camera-surveillance-wifi-exterieure-blanche-1080p#breadcrumb","itemListElement":[{"@type":"ListItem","position":1,"name":"Accueil","item":"https:\/\/kechbureau.ma\/"},{"@type":"ListItem","position":2,"name":"Shop","item":"https:\/\/kechbureau.ma\/?page_id=3853"},{"@type":"ListItem","position":3,"name":"Ezviz C3N Cam\u00e9ra Surveillance WiFi Ext\u00e9rieure Blanche 1080P"}]},{"@type":"WebSite","@id":"https:\/\/kechbureau.ma\/#website","url":"https:\/\/kechbureau.ma\/","name":"KECH BUREAU","description":"MARRAKECH BUREAU","potentialAction":[{"@type":"SearchAction","target":{"@type":"EntryPoint","urlTemplate":"https:\/\/kechbureau.ma\/?s={search_term_string}"},"query-input":{"@type":"PropertyValueSpecification","valueRequired":true,"valueName":"search_term_string"}}],"inLanguage":"fr-FR"}]}},"_links":{"self":[{"href":"https:\/\/kechbureau.ma\/index.php?rest_route=\/wp\/v2\/product\/12827","targetHints":{"allow":["GET"]}}],"collection":[{"href":"https:\/\/kechbureau.ma\/index.php?rest_route=\/wp\/v2\/product"}],"about":[{"href":"https:\/\/kechbureau.ma\/index.php?rest_route=\/wp\/v2\/types\/product"}],"replies":[{"embeddable":true,"href":"https:\/\/kechbureau.ma\/index.php?rest_route=%2Fwp%2Fv2%2Fcomments&post=12827"}],"wp:featuredmedia":[{"embeddable":true,"href":"https:\/\/kechbureau.ma\/index.php?rest_route=\/wp\/v2\/media\/12828"}],"wp:attachment":[{"href":"https:\/\/kechbureau.ma\/index.php?rest_route=%2Fwp%2Fv2%2Fmedia&parent=12827"}],"wp:term":[{"taxonomy":"product_brand","embeddable":true,"href":"https:\/\/kechbureau.ma\/index.php?rest_route=%2Fwp%2Fv2%2Fproduct_brand&post=12827"},{"taxonomy":"product_cat","embeddable":true,"href":"https:\/\/kechbureau.ma\/index.php?rest_route=%2Fwp%2Fv2%2Fproduct_cat&post=12827"},{"taxonomy":"product_tag","embeddable":true,"href":"https:\/\/kechbureau.ma\/index.php?rest_route=%2Fwp%2Fv2%2Fproduct_tag&post=12827"}],"curies":[{"name":"wp","href":"https:\/\/api.w.org\/{rel}","templated":true}]}}