{"id":12808,"date":"2021-11-08T15:25:56","date_gmt":"2021-11-08T14:25:56","guid":{"rendered":"https:\/\/kechbureau.ma\/?post_type=product&#038;p=12808"},"modified":"2021-11-08T15:25:57","modified_gmt":"2021-11-08T14:25:57","slug":"ezviz-c8c-smart-camera-de-surveillance-wifi-exterieure-motorise-1080p-camera-ip-360-vision-nocturne","status":"publish","type":"product","link":"https:\/\/kechbureau.ma\/?product=ezviz-c8c-smart-camera-de-surveillance-wifi-exterieure-motorise-1080p-camera-ip-360-vision-nocturne","title":{"rendered":"Ezviz C8C Smart Camera de Surveillance WiFi Ext\u00e9rieure Motoris\u00e9 1080P , Cam\u00e9ra IP 360\u00b0 Vision Nocturne"},"content":{"rendered":"<h1 class=\"a-size-large a-spacing-none\">EZVIZ C8C Camera Surveillance WiFi Ext\u00e9rieure 1080P avec Vision Nocturne en Couleur, D\u00f4me Cam\u00e9ra IP 360\u00b0 Etanche IP65 Alerte de D\u00e9tection de Mouvement par IA H.265<\/h1>\n<h1 class=\"a-size-large a-spacing-none\">L&#8217;objectif d&#8217;EZVIZ est d&#8217;offrir aux clients de nombreux produits de haute qualit\u00e9 et de satisfaire les besoins de tous les clients. Pour y parvenir, EZVIZ passera plus de temps sur l&#8217;utilisation et la conception des produits. Vous pouvez trouver de plus en plus de produits classiques, \u00e0 la mode et amusants dans notre magasin. REMARQUE: la cam\u00e9ra ne prend en charge que le Wi-Fi 2,4 Ghz, pas le Wi-Fi 5 Ghz. L&#8217;environnement Wi-Fi impacte la connexion Wi-Fi. La vitesse Internet recommand\u00e9e est de 2MP\/s. Antivirus ou anti pub qui peut aussi perturber la configuration de la cam\u00e9ra. le produit ne prend pas en charge le suivi automatique.<\/h1>\n","protected":false},"excerpt":{"rendered":"<p>EZVIZ C8C Camera Surveillance WiFi Ext\u00e9rieure 1080P avec Vision Nocturne en Couleur, D\u00f4me Cam\u00e9ra IP 360\u00b0 Etanche IP65 Alerte de D\u00e9tection de Mouvement par IA H.265 L&#8217;objectif d&#8217;EZVIZ est d&#8217;offrir<\/p>\n","protected":false},"featured_media":12809,"comment_status":"open","ping_status":"closed","template":"","meta":{"kk_blocks_editor_width":"","_kiokenblocks_attr":"","_kiokenblocks_dimensions":""},"product_brand":[],"product_cat":[695,532],"product_tag":[],"class_list":{"0":"post-12808","1":"product","2":"type-product","3":"status-publish","4":"has-post-thumbnail","6":"product_cat-camera-sans-fil","7":"product_cat-video-surveillance","9":"first","10":"instock","11":"taxable","12":"shipping-taxable","13":"purchasable","14":"product-type-simple"},"yoast_head":"<!-- This site is optimized with the Yoast SEO plugin v27.3 - https:\/\/yoast.com\/product\/yoast-seo-wordpress\/ -->\n<title>Ezviz C8C Smart Camera de Surveillance WiFi Ext\u00e9rieure Motoris\u00e9 1080P , Cam\u00e9ra IP 360\u00b0 Vision Nocturne - KECH BUREAU<\/title>\n<meta name=\"robots\" content=\"index, follow, max-snippet:-1, max-image-preview:large, max-video-preview:-1\" \/>\n<link rel=\"canonical\" href=\"https:\/\/kechbureau.ma\/?product=ezviz-c8c-smart-camera-de-surveillance-wifi-exterieure-motorise-1080p-camera-ip-360-vision-nocturne\" \/>\n<meta property=\"og:locale\" content=\"fr_FR\" \/>\n<meta property=\"og:type\" content=\"article\" \/>\n<meta property=\"og:title\" content=\"Ezviz C8C Smart Camera de Surveillance WiFi Ext\u00e9rieure Motoris\u00e9 1080P , Cam\u00e9ra IP 360\u00b0 Vision Nocturne - KECH BUREAU\" \/>\n<meta property=\"og:description\" content=\"EZVIZ C8C Camera Surveillance WiFi Ext\u00e9rieure 1080P avec Vision Nocturne en Couleur, D\u00f4me Cam\u00e9ra IP 360\u00b0 Etanche IP65 Alerte de D\u00e9tection de Mouvement par IA H.265 L&#8217;objectif d&#8217;EZVIZ est d&#8217;offrir\" \/>\n<meta property=\"og:url\" content=\"https:\/\/kechbureau.ma\/?product=ezviz-c8c-smart-camera-de-surveillance-wifi-exterieure-motorise-1080p-camera-ip-360-vision-nocturne\" \/>\n<meta property=\"og:site_name\" content=\"KECH BUREAU\" \/>\n<meta property=\"article:modified_time\" content=\"2021-11-08T14:25:57+00:00\" \/>\n<meta property=\"og:image\" content=\"https:\/\/kechbureau.ma\/wp-content\/uploads\/2021\/11\/1.jpg\" \/>\n\t<meta property=\"og:image:width\" content=\"680\" \/>\n\t<meta property=\"og:image:height\" content=\"680\" \/>\n\t<meta property=\"og:image:type\" content=\"image\/jpeg\" \/>\n<meta name=\"twitter:card\" content=\"summary_large_image\" \/>\n<meta name=\"twitter:label1\" content=\"Dur\u00e9e de lecture estim\u00e9e\" \/>\n\t<meta name=\"twitter:data1\" content=\"1 minute\" \/>\n<script type=\"application\/ld+json\" class=\"yoast-schema-graph\">{\"@context\":\"https:\\\/\\\/schema.org\",\"@graph\":[{\"@type\":\"WebPage\",\"@id\":\"https:\\\/\\\/kechbureau.ma\\\/?product=ezviz-c8c-smart-camera-de-surveillance-wifi-exterieure-motorise-1080p-camera-ip-360-vision-nocturne\",\"url\":\"https:\\\/\\\/kechbureau.ma\\\/?product=ezviz-c8c-smart-camera-de-surveillance-wifi-exterieure-motorise-1080p-camera-ip-360-vision-nocturne\",\"name\":\"Ezviz C8C Smart Camera de Surveillance WiFi Ext\u00e9rieure Motoris\u00e9 1080P , Cam\u00e9ra IP 360\u00b0 Vision Nocturne - KECH BUREAU\",\"isPartOf\":{\"@id\":\"https:\\\/\\\/kechbureau.ma\\\/#website\"},\"primaryImageOfPage\":{\"@id\":\"https:\\\/\\\/kechbureau.ma\\\/?product=ezviz-c8c-smart-camera-de-surveillance-wifi-exterieure-motorise-1080p-camera-ip-360-vision-nocturne#primaryimage\"},\"image\":{\"@id\":\"https:\\\/\\\/kechbureau.ma\\\/?product=ezviz-c8c-smart-camera-de-surveillance-wifi-exterieure-motorise-1080p-camera-ip-360-vision-nocturne#primaryimage\"},\"thumbnailUrl\":\"https:\\\/\\\/kechbureau.ma\\\/wp-content\\\/uploads\\\/2021\\\/11\\\/1.jpg\",\"datePublished\":\"2021-11-08T14:25:56+00:00\",\"dateModified\":\"2021-11-08T14:25:57+00:00\",\"breadcrumb\":{\"@id\":\"https:\\\/\\\/kechbureau.ma\\\/?product=ezviz-c8c-smart-camera-de-surveillance-wifi-exterieure-motorise-1080p-camera-ip-360-vision-nocturne#breadcrumb\"},\"inLanguage\":\"fr-FR\",\"potentialAction\":[{\"@type\":\"ReadAction\",\"target\":[\"https:\\\/\\\/kechbureau.ma\\\/?product=ezviz-c8c-smart-camera-de-surveillance-wifi-exterieure-motorise-1080p-camera-ip-360-vision-nocturne\"]}]},{\"@type\":\"ImageObject\",\"inLanguage\":\"fr-FR\",\"@id\":\"https:\\\/\\\/kechbureau.ma\\\/?product=ezviz-c8c-smart-camera-de-surveillance-wifi-exterieure-motorise-1080p-camera-ip-360-vision-nocturne#primaryimage\",\"url\":\"https:\\\/\\\/kechbureau.ma\\\/wp-content\\\/uploads\\\/2021\\\/11\\\/1.jpg\",\"contentUrl\":\"https:\\\/\\\/kechbureau.ma\\\/wp-content\\\/uploads\\\/2021\\\/11\\\/1.jpg\",\"width\":680,\"height\":680},{\"@type\":\"BreadcrumbList\",\"@id\":\"https:\\\/\\\/kechbureau.ma\\\/?product=ezviz-c8c-smart-camera-de-surveillance-wifi-exterieure-motorise-1080p-camera-ip-360-vision-nocturne#breadcrumb\",\"itemListElement\":[{\"@type\":\"ListItem\",\"position\":1,\"name\":\"Accueil\",\"item\":\"https:\\\/\\\/kechbureau.ma\\\/\"},{\"@type\":\"ListItem\",\"position\":2,\"name\":\"Shop\",\"item\":\"https:\\\/\\\/kechbureau.ma\\\/?page_id=3853\"},{\"@type\":\"ListItem\",\"position\":3,\"name\":\"Ezviz C8C Smart Camera de Surveillance WiFi Ext\u00e9rieure Motoris\u00e9 1080P , Cam\u00e9ra IP 360\u00b0 Vision Nocturne\"}]},{\"@type\":\"WebSite\",\"@id\":\"https:\\\/\\\/kechbureau.ma\\\/#website\",\"url\":\"https:\\\/\\\/kechbureau.ma\\\/\",\"name\":\"KECH BUREAU\",\"description\":\"MARRAKECH BUREAU\",\"potentialAction\":[{\"@type\":\"SearchAction\",\"target\":{\"@type\":\"EntryPoint\",\"urlTemplate\":\"https:\\\/\\\/kechbureau.ma\\\/?s={search_term_string}\"},\"query-input\":{\"@type\":\"PropertyValueSpecification\",\"valueRequired\":true,\"valueName\":\"search_term_string\"}}],\"inLanguage\":\"fr-FR\"}]}<\/script>\n<!-- \/ Yoast SEO plugin. -->","yoast_head_json":{"title":"Ezviz C8C Smart Camera de Surveillance WiFi Ext\u00e9rieure Motoris\u00e9 1080P , Cam\u00e9ra IP 360\u00b0 Vision Nocturne - KECH BUREAU","robots":{"index":"index","follow":"follow","max-snippet":"max-snippet:-1","max-image-preview":"max-image-preview:large","max-video-preview":"max-video-preview:-1"},"canonical":"https:\/\/kechbureau.ma\/?product=ezviz-c8c-smart-camera-de-surveillance-wifi-exterieure-motorise-1080p-camera-ip-360-vision-nocturne","og_locale":"fr_FR","og_type":"article","og_title":"Ezviz C8C Smart Camera de Surveillance WiFi Ext\u00e9rieure Motoris\u00e9 1080P , Cam\u00e9ra IP 360\u00b0 Vision Nocturne - KECH BUREAU","og_description":"EZVIZ C8C Camera Surveillance WiFi Ext\u00e9rieure 1080P avec Vision Nocturne en Couleur, D\u00f4me Cam\u00e9ra IP 360\u00b0 Etanche IP65 Alerte de D\u00e9tection de Mouvement par IA H.265 L&#8217;objectif d&#8217;EZVIZ est d&#8217;offrir","og_url":"https:\/\/kechbureau.ma\/?product=ezviz-c8c-smart-camera-de-surveillance-wifi-exterieure-motorise-1080p-camera-ip-360-vision-nocturne","og_site_name":"KECH BUREAU","article_modified_time":"2021-11-08T14:25:57+00:00","og_image":[{"width":680,"height":680,"url":"https:\/\/kechbureau.ma\/wp-content\/uploads\/2021\/11\/1.jpg","type":"image\/jpeg"}],"twitter_card":"summary_large_image","twitter_misc":{"Dur\u00e9e de lecture estim\u00e9e":"1 minute"},"schema":{"@context":"https:\/\/schema.org","@graph":[{"@type":"WebPage","@id":"https:\/\/kechbureau.ma\/?product=ezviz-c8c-smart-camera-de-surveillance-wifi-exterieure-motorise-1080p-camera-ip-360-vision-nocturne","url":"https:\/\/kechbureau.ma\/?product=ezviz-c8c-smart-camera-de-surveillance-wifi-exterieure-motorise-1080p-camera-ip-360-vision-nocturne","name":"Ezviz C8C Smart Camera de Surveillance WiFi Ext\u00e9rieure Motoris\u00e9 1080P , Cam\u00e9ra IP 360\u00b0 Vision Nocturne - KECH BUREAU","isPartOf":{"@id":"https:\/\/kechbureau.ma\/#website"},"primaryImageOfPage":{"@id":"https:\/\/kechbureau.ma\/?product=ezviz-c8c-smart-camera-de-surveillance-wifi-exterieure-motorise-1080p-camera-ip-360-vision-nocturne#primaryimage"},"image":{"@id":"https:\/\/kechbureau.ma\/?product=ezviz-c8c-smart-camera-de-surveillance-wifi-exterieure-motorise-1080p-camera-ip-360-vision-nocturne#primaryimage"},"thumbnailUrl":"https:\/\/kechbureau.ma\/wp-content\/uploads\/2021\/11\/1.jpg","datePublished":"2021-11-08T14:25:56+00:00","dateModified":"2021-11-08T14:25:57+00:00","breadcrumb":{"@id":"https:\/\/kechbureau.ma\/?product=ezviz-c8c-smart-camera-de-surveillance-wifi-exterieure-motorise-1080p-camera-ip-360-vision-nocturne#breadcrumb"},"inLanguage":"fr-FR","potentialAction":[{"@type":"ReadAction","target":["https:\/\/kechbureau.ma\/?product=ezviz-c8c-smart-camera-de-surveillance-wifi-exterieure-motorise-1080p-camera-ip-360-vision-nocturne"]}]},{"@type":"ImageObject","inLanguage":"fr-FR","@id":"https:\/\/kechbureau.ma\/?product=ezviz-c8c-smart-camera-de-surveillance-wifi-exterieure-motorise-1080p-camera-ip-360-vision-nocturne#primaryimage","url":"https:\/\/kechbureau.ma\/wp-content\/uploads\/2021\/11\/1.jpg","contentUrl":"https:\/\/kechbureau.ma\/wp-content\/uploads\/2021\/11\/1.jpg","width":680,"height":680},{"@type":"BreadcrumbList","@id":"https:\/\/kechbureau.ma\/?product=ezviz-c8c-smart-camera-de-surveillance-wifi-exterieure-motorise-1080p-camera-ip-360-vision-nocturne#breadcrumb","itemListElement":[{"@type":"ListItem","position":1,"name":"Accueil","item":"https:\/\/kechbureau.ma\/"},{"@type":"ListItem","position":2,"name":"Shop","item":"https:\/\/kechbureau.ma\/?page_id=3853"},{"@type":"ListItem","position":3,"name":"Ezviz C8C Smart Camera de Surveillance WiFi Ext\u00e9rieure Motoris\u00e9 1080P , Cam\u00e9ra IP 360\u00b0 Vision Nocturne"}]},{"@type":"WebSite","@id":"https:\/\/kechbureau.ma\/#website","url":"https:\/\/kechbureau.ma\/","name":"KECH BUREAU","description":"MARRAKECH BUREAU","potentialAction":[{"@type":"SearchAction","target":{"@type":"EntryPoint","urlTemplate":"https:\/\/kechbureau.ma\/?s={search_term_string}"},"query-input":{"@type":"PropertyValueSpecification","valueRequired":true,"valueName":"search_term_string"}}],"inLanguage":"fr-FR"}]}},"_links":{"self":[{"href":"https:\/\/kechbureau.ma\/index.php?rest_route=\/wp\/v2\/product\/12808","targetHints":{"allow":["GET"]}}],"collection":[{"href":"https:\/\/kechbureau.ma\/index.php?rest_route=\/wp\/v2\/product"}],"about":[{"href":"https:\/\/kechbureau.ma\/index.php?rest_route=\/wp\/v2\/types\/product"}],"replies":[{"embeddable":true,"href":"https:\/\/kechbureau.ma\/index.php?rest_route=%2Fwp%2Fv2%2Fcomments&post=12808"}],"wp:featuredmedia":[{"embeddable":true,"href":"https:\/\/kechbureau.ma\/index.php?rest_route=\/wp\/v2\/media\/12809"}],"wp:attachment":[{"href":"https:\/\/kechbureau.ma\/index.php?rest_route=%2Fwp%2Fv2%2Fmedia&parent=12808"}],"wp:term":[{"taxonomy":"product_brand","embeddable":true,"href":"https:\/\/kechbureau.ma\/index.php?rest_route=%2Fwp%2Fv2%2Fproduct_brand&post=12808"},{"taxonomy":"product_cat","embeddable":true,"href":"https:\/\/kechbureau.ma\/index.php?rest_route=%2Fwp%2Fv2%2Fproduct_cat&post=12808"},{"taxonomy":"product_tag","embeddable":true,"href":"https:\/\/kechbureau.ma\/index.php?rest_route=%2Fwp%2Fv2%2Fproduct_tag&post=12808"}],"curies":[{"name":"wp","href":"https:\/\/api.w.org\/{rel}","templated":true}]}}