{"id":12721,"date":"2021-07-07T00:23:42","date_gmt":"2021-07-06T22:23:42","guid":{"rendered":"https:\/\/kechbureau.ma\/?post_type=product&#038;p=12721"},"modified":"2021-07-07T00:23:42","modified_gmt":"2021-07-06T22:23:42","slug":"hikvision-ax-pro-wireless-pir-camera-detector","status":"publish","type":"product","link":"https:\/\/kechbureau.ma\/?product=hikvision-ax-pro-wireless-pir-camera-detector","title":{"rendered":"Hikvision AX PRO Wireless PIR-Camera Detector"},"content":{"rendered":"<h3>Product description<\/h3>\n<p>DS-PDPC12P-EG2-WE is a wireless\u00a0<b>PIR detector<\/b>\u00a0with an integrated camera from the AX PRO series from Hikvision. The range of the PIR detector is at a distance of\u00a0<b>to 12 m<\/b>\u00a0with an angle of\u00a0<b>85.9\u00b0<\/b>. The camera has an angle of view of 88\u00b0, IR illumination up to a distance of 12 m and a camera resolution of 160 \u00d7 120 px, 320 \u00d7 240 px or 640 \u00d7 480 px. The detector communicates wirelessly in two-way communication with the control panel at a frequency of 868 MHz with AES-128 encryption,\u00a0<b>up to a distance of 800 m\u00a0<\/b>in open space. The detector is powered by 3\u00d7 CR123A batteries with\u00a0<b>up to 6 years<\/b>.<\/p>\n<h4>Important features<\/h4>\n<ul>\n<li>Compatible with AX PRO only<\/li>\n<li>868 MHz bidirectional communication, Tri-X communication protocol<\/li>\n<li>PIR detection: 12 m\/85.9\u00b0<\/li>\n<li>Immunity of an animal up to 30 kg<\/li>\n<li>Light filter: 6 500 lux<\/li>\n<li>SEC &#8211; Special technology using advanced signal processing and 3D optics to increase detection reliability<\/li>\n<li>Installation height: 1.8 to 2.4 m<\/li>\n<li>52 detection zones<\/li>\n<li>Camera resolution: 160 \u00d7 120 px \/ 320 \u00d7 240 px \/ 640 \u00d7 480 px<\/li>\n<li>IR illumination: 12 m<\/li>\n<li>Camera angle (H\/V): 88\u00b0\/68\u00b0<\/li>\n<li>Signal range up to 800 m in open space<\/li>\n<li>Tamper-proof front and back panel<\/li>\n<\/ul>\n","protected":false},"excerpt":{"rendered":"<p>Product description DS-PDPC12P-EG2-WE is a wireless\u00a0PIR detector\u00a0with an integrated camera from the AX PRO series from Hikvision. The range of the PIR detector is at a distance of\u00a0to 12 m\u00a0with<\/p>\n","protected":false},"featured_media":12722,"comment_status":"open","ping_status":"closed","template":"","meta":{"kk_blocks_editor_width":"","_kiokenblocks_attr":"","_kiokenblocks_dimensions":""},"product_brand":[],"product_cat":[540,532],"product_tag":[],"class_list":{"0":"post-12721","1":"product","2":"type-product","3":"status-publish","4":"has-post-thumbnail","6":"product_cat-alarme-incendie","7":"product_cat-video-surveillance","9":"first","10":"instock","11":"taxable","12":"shipping-taxable","13":"purchasable","14":"product-type-simple"},"yoast_head":"<!-- This site is optimized with the Yoast SEO plugin v27.5 - https:\/\/yoast.com\/product\/yoast-seo-wordpress\/ -->\n<title>Hikvision AX PRO Wireless PIR-Camera Detector - KECH BUREAU<\/title>\n<meta name=\"robots\" content=\"index, follow, max-snippet:-1, max-image-preview:large, max-video-preview:-1\" \/>\n<link rel=\"canonical\" href=\"https:\/\/kechbureau.ma\/?product=hikvision-ax-pro-wireless-pir-camera-detector\" \/>\n<meta property=\"og:locale\" content=\"fr_FR\" \/>\n<meta property=\"og:type\" content=\"article\" \/>\n<meta property=\"og:title\" content=\"Hikvision AX PRO Wireless PIR-Camera Detector - KECH BUREAU\" \/>\n<meta property=\"og:description\" content=\"Product description DS-PDPC12P-EG2-WE is a wireless\u00a0PIR detector\u00a0with an integrated camera from the AX PRO series from Hikvision. The range of the PIR detector is at a distance of\u00a0to 12 m\u00a0with\" \/>\n<meta property=\"og:url\" content=\"https:\/\/kechbureau.ma\/?product=hikvision-ax-pro-wireless-pir-camera-detector\" \/>\n<meta property=\"og:site_name\" content=\"KECH BUREAU\" \/>\n<meta property=\"og:image\" content=\"https:\/\/kechbureau.ma\/wp-content\/uploads\/2021\/07\/hikvision-ax-pro-wireless-pir-camera-detector_ie3105353.jpg\" \/>\n\t<meta property=\"og:image:width\" content=\"284\" \/>\n\t<meta property=\"og:image:height\" content=\"426\" \/>\n\t<meta property=\"og:image:type\" content=\"image\/jpeg\" \/>\n<meta name=\"twitter:card\" content=\"summary_large_image\" \/>\n<meta name=\"twitter:label1\" content=\"Dur\u00e9e de lecture estim\u00e9e\" \/>\n\t<meta name=\"twitter:data1\" content=\"1 minute\" \/>\n<script type=\"application\/ld+json\" class=\"yoast-schema-graph\">{\"@context\":\"https:\\\/\\\/schema.org\",\"@graph\":[{\"@type\":\"WebPage\",\"@id\":\"https:\\\/\\\/kechbureau.ma\\\/?product=hikvision-ax-pro-wireless-pir-camera-detector\",\"url\":\"https:\\\/\\\/kechbureau.ma\\\/?product=hikvision-ax-pro-wireless-pir-camera-detector\",\"name\":\"Hikvision AX PRO Wireless PIR-Camera Detector - KECH BUREAU\",\"isPartOf\":{\"@id\":\"https:\\\/\\\/kechbureau.ma\\\/#website\"},\"primaryImageOfPage\":{\"@id\":\"https:\\\/\\\/kechbureau.ma\\\/?product=hikvision-ax-pro-wireless-pir-camera-detector#primaryimage\"},\"image\":{\"@id\":\"https:\\\/\\\/kechbureau.ma\\\/?product=hikvision-ax-pro-wireless-pir-camera-detector#primaryimage\"},\"thumbnailUrl\":\"https:\\\/\\\/kechbureau.ma\\\/wp-content\\\/uploads\\\/2021\\\/07\\\/hikvision-ax-pro-wireless-pir-camera-detector_ie3105353.jpg\",\"datePublished\":\"2021-07-06T22:23:42+00:00\",\"breadcrumb\":{\"@id\":\"https:\\\/\\\/kechbureau.ma\\\/?product=hikvision-ax-pro-wireless-pir-camera-detector#breadcrumb\"},\"inLanguage\":\"fr-FR\",\"potentialAction\":[{\"@type\":\"ReadAction\",\"target\":[\"https:\\\/\\\/kechbureau.ma\\\/?product=hikvision-ax-pro-wireless-pir-camera-detector\"]}]},{\"@type\":\"ImageObject\",\"inLanguage\":\"fr-FR\",\"@id\":\"https:\\\/\\\/kechbureau.ma\\\/?product=hikvision-ax-pro-wireless-pir-camera-detector#primaryimage\",\"url\":\"https:\\\/\\\/kechbureau.ma\\\/wp-content\\\/uploads\\\/2021\\\/07\\\/hikvision-ax-pro-wireless-pir-camera-detector_ie3105353.jpg\",\"contentUrl\":\"https:\\\/\\\/kechbureau.ma\\\/wp-content\\\/uploads\\\/2021\\\/07\\\/hikvision-ax-pro-wireless-pir-camera-detector_ie3105353.jpg\",\"width\":284,\"height\":426},{\"@type\":\"BreadcrumbList\",\"@id\":\"https:\\\/\\\/kechbureau.ma\\\/?product=hikvision-ax-pro-wireless-pir-camera-detector#breadcrumb\",\"itemListElement\":[{\"@type\":\"ListItem\",\"position\":1,\"name\":\"Accueil\",\"item\":\"https:\\\/\\\/kechbureau.ma\\\/\"},{\"@type\":\"ListItem\",\"position\":2,\"name\":\"Shop\",\"item\":\"https:\\\/\\\/kechbureau.ma\\\/?page_id=3853\"},{\"@type\":\"ListItem\",\"position\":3,\"name\":\"Hikvision AX PRO Wireless PIR-Camera Detector\"}]},{\"@type\":\"WebSite\",\"@id\":\"https:\\\/\\\/kechbureau.ma\\\/#website\",\"url\":\"https:\\\/\\\/kechbureau.ma\\\/\",\"name\":\"KECH BUREAU\",\"description\":\"MARRAKECH BUREAU\",\"potentialAction\":[{\"@type\":\"SearchAction\",\"target\":{\"@type\":\"EntryPoint\",\"urlTemplate\":\"https:\\\/\\\/kechbureau.ma\\\/?s={search_term_string}\"},\"query-input\":{\"@type\":\"PropertyValueSpecification\",\"valueRequired\":true,\"valueName\":\"search_term_string\"}}],\"inLanguage\":\"fr-FR\"}]}<\/script>\n<!-- \/ Yoast SEO plugin. -->","yoast_head_json":{"title":"Hikvision AX PRO Wireless PIR-Camera Detector - KECH BUREAU","robots":{"index":"index","follow":"follow","max-snippet":"max-snippet:-1","max-image-preview":"max-image-preview:large","max-video-preview":"max-video-preview:-1"},"canonical":"https:\/\/kechbureau.ma\/?product=hikvision-ax-pro-wireless-pir-camera-detector","og_locale":"fr_FR","og_type":"article","og_title":"Hikvision AX PRO Wireless PIR-Camera Detector - KECH BUREAU","og_description":"Product description DS-PDPC12P-EG2-WE is a wireless\u00a0PIR detector\u00a0with an integrated camera from the AX PRO series from Hikvision. The range of the PIR detector is at a distance of\u00a0to 12 m\u00a0with","og_url":"https:\/\/kechbureau.ma\/?product=hikvision-ax-pro-wireless-pir-camera-detector","og_site_name":"KECH BUREAU","og_image":[{"width":284,"height":426,"url":"https:\/\/kechbureau.ma\/wp-content\/uploads\/2021\/07\/hikvision-ax-pro-wireless-pir-camera-detector_ie3105353.jpg","type":"image\/jpeg"}],"twitter_card":"summary_large_image","twitter_misc":{"Dur\u00e9e de lecture estim\u00e9e":"1 minute"},"schema":{"@context":"https:\/\/schema.org","@graph":[{"@type":"WebPage","@id":"https:\/\/kechbureau.ma\/?product=hikvision-ax-pro-wireless-pir-camera-detector","url":"https:\/\/kechbureau.ma\/?product=hikvision-ax-pro-wireless-pir-camera-detector","name":"Hikvision AX PRO Wireless PIR-Camera Detector - KECH BUREAU","isPartOf":{"@id":"https:\/\/kechbureau.ma\/#website"},"primaryImageOfPage":{"@id":"https:\/\/kechbureau.ma\/?product=hikvision-ax-pro-wireless-pir-camera-detector#primaryimage"},"image":{"@id":"https:\/\/kechbureau.ma\/?product=hikvision-ax-pro-wireless-pir-camera-detector#primaryimage"},"thumbnailUrl":"https:\/\/kechbureau.ma\/wp-content\/uploads\/2021\/07\/hikvision-ax-pro-wireless-pir-camera-detector_ie3105353.jpg","datePublished":"2021-07-06T22:23:42+00:00","breadcrumb":{"@id":"https:\/\/kechbureau.ma\/?product=hikvision-ax-pro-wireless-pir-camera-detector#breadcrumb"},"inLanguage":"fr-FR","potentialAction":[{"@type":"ReadAction","target":["https:\/\/kechbureau.ma\/?product=hikvision-ax-pro-wireless-pir-camera-detector"]}]},{"@type":"ImageObject","inLanguage":"fr-FR","@id":"https:\/\/kechbureau.ma\/?product=hikvision-ax-pro-wireless-pir-camera-detector#primaryimage","url":"https:\/\/kechbureau.ma\/wp-content\/uploads\/2021\/07\/hikvision-ax-pro-wireless-pir-camera-detector_ie3105353.jpg","contentUrl":"https:\/\/kechbureau.ma\/wp-content\/uploads\/2021\/07\/hikvision-ax-pro-wireless-pir-camera-detector_ie3105353.jpg","width":284,"height":426},{"@type":"BreadcrumbList","@id":"https:\/\/kechbureau.ma\/?product=hikvision-ax-pro-wireless-pir-camera-detector#breadcrumb","itemListElement":[{"@type":"ListItem","position":1,"name":"Accueil","item":"https:\/\/kechbureau.ma\/"},{"@type":"ListItem","position":2,"name":"Shop","item":"https:\/\/kechbureau.ma\/?page_id=3853"},{"@type":"ListItem","position":3,"name":"Hikvision AX PRO Wireless PIR-Camera Detector"}]},{"@type":"WebSite","@id":"https:\/\/kechbureau.ma\/#website","url":"https:\/\/kechbureau.ma\/","name":"KECH BUREAU","description":"MARRAKECH BUREAU","potentialAction":[{"@type":"SearchAction","target":{"@type":"EntryPoint","urlTemplate":"https:\/\/kechbureau.ma\/?s={search_term_string}"},"query-input":{"@type":"PropertyValueSpecification","valueRequired":true,"valueName":"search_term_string"}}],"inLanguage":"fr-FR"}]}},"_links":{"self":[{"href":"https:\/\/kechbureau.ma\/index.php?rest_route=\/wp\/v2\/product\/12721","targetHints":{"allow":["GET"]}}],"collection":[{"href":"https:\/\/kechbureau.ma\/index.php?rest_route=\/wp\/v2\/product"}],"about":[{"href":"https:\/\/kechbureau.ma\/index.php?rest_route=\/wp\/v2\/types\/product"}],"replies":[{"embeddable":true,"href":"https:\/\/kechbureau.ma\/index.php?rest_route=%2Fwp%2Fv2%2Fcomments&post=12721"}],"wp:featuredmedia":[{"embeddable":true,"href":"https:\/\/kechbureau.ma\/index.php?rest_route=\/wp\/v2\/media\/12722"}],"wp:attachment":[{"href":"https:\/\/kechbureau.ma\/index.php?rest_route=%2Fwp%2Fv2%2Fmedia&parent=12721"}],"wp:term":[{"taxonomy":"product_brand","embeddable":true,"href":"https:\/\/kechbureau.ma\/index.php?rest_route=%2Fwp%2Fv2%2Fproduct_brand&post=12721"},{"taxonomy":"product_cat","embeddable":true,"href":"https:\/\/kechbureau.ma\/index.php?rest_route=%2Fwp%2Fv2%2Fproduct_cat&post=12721"},{"taxonomy":"product_tag","embeddable":true,"href":"https:\/\/kechbureau.ma\/index.php?rest_route=%2Fwp%2Fv2%2Fproduct_tag&post=12721"}],"curies":[{"name":"wp","href":"https:\/\/api.w.org\/{rel}","templated":true}]}}