{"id":12689,"date":"2021-06-28T19:26:58","date_gmt":"2021-06-28T17:26:58","guid":{"rendered":"https:\/\/kechbureau.ma\/?post_type=product&#038;p=12689"},"modified":"2022-04-04T19:45:35","modified_gmt":"2022-04-04T17:45:35","slug":"canon-i-sensys-lbp6030w","status":"publish","type":"product","link":"https:\/\/kechbureau.ma\/?product=canon-i-sensys-lbp6030w","title":{"rendered":"Canon i-SENSYS LBP6030w"},"content":{"rendered":"<p class=\"rte align_justify\" align=\"left\">Imprimante IMPRIMANTE CANON LBP 6030W<\/p>\n<div class=\"title\">De\u0301tails du produit<\/div>\n<ul>\n<li>Vitesse d&#8217;impression noir: Jusqu&#8217;\u00e0 18 ppm (A4)<\/li>\n<li>Qualit\u00e9 d&#8217;impression noire: Jusqu&#8217;\u00e0 2400 \u00d7 600 DPI (ppp)<\/li>\n<li>Impression recto\/verso: Manuelle<\/li>\n<li>Fonctionne avec: 1 Cartouche de toner (noir)<\/li>\n<li>Connectivit\u00e9: 1 port USB 2.0, Wi-Figes<\/li>\n<\/ul>\n","protected":false},"excerpt":{"rendered":"<p>Imprimante IMPRIMANTE CANON LBP 6030W De\u0301tails du produit Vitesse d&#8217;impression noir: Jusqu&#8217;\u00e0 18 ppm (A4) Qualit\u00e9 d&#8217;impression noire: Jusqu&#8217;\u00e0 2400 \u00d7 600 DPI (ppp) Impression recto\/verso: Manuelle Fonctionne avec: 1<\/p>\n","protected":false},"featured_media":12690,"comment_status":"open","ping_status":"closed","template":"","meta":{"kk_blocks_editor_width":"","_kiokenblocks_attr":"","_kiokenblocks_dimensions":""},"product_brand":[],"product_cat":[643,420,500],"product_tag":[673,674,672,650,678,679,677,676,675,652,653],"class_list":{"0":"post-12689","1":"product","2":"type-product","3":"status-publish","4":"has-post-thumbnail","6":"product_cat-canon","7":"product_cat-printers-ink","8":"product_cat-printers-laser","9":"product_tag-673","10":"product_tag-6030w","11":"product_tag-85a","12":"product_tag-canon","13":"product_tag-consomable","14":"product_tag-economie","15":"product_tag-impremante","16":"product_tag-imprimante-laser","17":"product_tag-laser","18":"product_tag-toner","19":"product_tag-toner-85a","21":"first","22":"outofstock","23":"taxable","24":"shipping-taxable","25":"purchasable","26":"product-type-simple"},"yoast_head":"<!-- This site is optimized with the Yoast SEO plugin v27.5 - https:\/\/yoast.com\/product\/yoast-seo-wordpress\/ -->\n<title>Canon i-SENSYS LBP6030w - KECH BUREAU<\/title>\n<meta name=\"robots\" content=\"index, follow, max-snippet:-1, max-image-preview:large, max-video-preview:-1\" \/>\n<link rel=\"canonical\" href=\"https:\/\/kechbureau.ma\/?product=canon-i-sensys-lbp6030w\" \/>\n<meta property=\"og:locale\" content=\"fr_FR\" \/>\n<meta property=\"og:type\" content=\"article\" \/>\n<meta property=\"og:title\" content=\"Canon i-SENSYS LBP6030w - KECH BUREAU\" \/>\n<meta property=\"og:description\" content=\"Imprimante IMPRIMANTE CANON LBP 6030W De\u0301tails du produit Vitesse d&#8217;impression noir: Jusqu&#8217;\u00e0 18 ppm (A4) Qualit\u00e9 d&#8217;impression noire: Jusqu&#8217;\u00e0 2400 \u00d7 600 DPI (ppp) Impression recto\/verso: Manuelle Fonctionne avec: 1\" \/>\n<meta property=\"og:url\" content=\"https:\/\/kechbureau.ma\/?product=canon-i-sensys-lbp6030w\" \/>\n<meta property=\"og:site_name\" content=\"KECH BUREAU\" \/>\n<meta property=\"article:modified_time\" content=\"2022-04-04T17:45:35+00:00\" \/>\n<meta property=\"og:image\" content=\"https:\/\/kechbureau.ma\/wp-content\/uploads\/2021\/06\/6030W-228x228-1.jpg\" \/>\n\t<meta property=\"og:image:width\" content=\"228\" \/>\n\t<meta property=\"og:image:height\" content=\"228\" \/>\n\t<meta property=\"og:image:type\" content=\"image\/jpeg\" \/>\n<meta name=\"twitter:card\" content=\"summary_large_image\" \/>\n<script type=\"application\/ld+json\" class=\"yoast-schema-graph\">{\"@context\":\"https:\\\/\\\/schema.org\",\"@graph\":[{\"@type\":\"WebPage\",\"@id\":\"https:\\\/\\\/kechbureau.ma\\\/?product=canon-i-sensys-lbp6030w\",\"url\":\"https:\\\/\\\/kechbureau.ma\\\/?product=canon-i-sensys-lbp6030w\",\"name\":\"Canon i-SENSYS LBP6030w - KECH BUREAU\",\"isPartOf\":{\"@id\":\"https:\\\/\\\/kechbureau.ma\\\/#website\"},\"primaryImageOfPage\":{\"@id\":\"https:\\\/\\\/kechbureau.ma\\\/?product=canon-i-sensys-lbp6030w#primaryimage\"},\"image\":{\"@id\":\"https:\\\/\\\/kechbureau.ma\\\/?product=canon-i-sensys-lbp6030w#primaryimage\"},\"thumbnailUrl\":\"https:\\\/\\\/kechbureau.ma\\\/wp-content\\\/uploads\\\/2021\\\/06\\\/6030W-228x228-1.jpg\",\"datePublished\":\"2021-06-28T17:26:58+00:00\",\"dateModified\":\"2022-04-04T17:45:35+00:00\",\"breadcrumb\":{\"@id\":\"https:\\\/\\\/kechbureau.ma\\\/?product=canon-i-sensys-lbp6030w#breadcrumb\"},\"inLanguage\":\"fr-FR\",\"potentialAction\":[{\"@type\":\"ReadAction\",\"target\":[\"https:\\\/\\\/kechbureau.ma\\\/?product=canon-i-sensys-lbp6030w\"]}]},{\"@type\":\"ImageObject\",\"inLanguage\":\"fr-FR\",\"@id\":\"https:\\\/\\\/kechbureau.ma\\\/?product=canon-i-sensys-lbp6030w#primaryimage\",\"url\":\"https:\\\/\\\/kechbureau.ma\\\/wp-content\\\/uploads\\\/2021\\\/06\\\/6030W-228x228-1.jpg\",\"contentUrl\":\"https:\\\/\\\/kechbureau.ma\\\/wp-content\\\/uploads\\\/2021\\\/06\\\/6030W-228x228-1.jpg\",\"width\":228,\"height\":228},{\"@type\":\"BreadcrumbList\",\"@id\":\"https:\\\/\\\/kechbureau.ma\\\/?product=canon-i-sensys-lbp6030w#breadcrumb\",\"itemListElement\":[{\"@type\":\"ListItem\",\"position\":1,\"name\":\"Accueil\",\"item\":\"https:\\\/\\\/kechbureau.ma\\\/\"},{\"@type\":\"ListItem\",\"position\":2,\"name\":\"Shop\",\"item\":\"https:\\\/\\\/kechbureau.ma\\\/?page_id=3853\"},{\"@type\":\"ListItem\",\"position\":3,\"name\":\"Canon i-SENSYS LBP6030w\"}]},{\"@type\":\"WebSite\",\"@id\":\"https:\\\/\\\/kechbureau.ma\\\/#website\",\"url\":\"https:\\\/\\\/kechbureau.ma\\\/\",\"name\":\"KECH BUREAU\",\"description\":\"MARRAKECH BUREAU\",\"potentialAction\":[{\"@type\":\"SearchAction\",\"target\":{\"@type\":\"EntryPoint\",\"urlTemplate\":\"https:\\\/\\\/kechbureau.ma\\\/?s={search_term_string}\"},\"query-input\":{\"@type\":\"PropertyValueSpecification\",\"valueRequired\":true,\"valueName\":\"search_term_string\"}}],\"inLanguage\":\"fr-FR\"}]}<\/script>\n<!-- \/ Yoast SEO plugin. -->","yoast_head_json":{"title":"Canon i-SENSYS LBP6030w - KECH BUREAU","robots":{"index":"index","follow":"follow","max-snippet":"max-snippet:-1","max-image-preview":"max-image-preview:large","max-video-preview":"max-video-preview:-1"},"canonical":"https:\/\/kechbureau.ma\/?product=canon-i-sensys-lbp6030w","og_locale":"fr_FR","og_type":"article","og_title":"Canon i-SENSYS LBP6030w - KECH BUREAU","og_description":"Imprimante IMPRIMANTE CANON LBP 6030W De\u0301tails du produit Vitesse d&#8217;impression noir: Jusqu&#8217;\u00e0 18 ppm (A4) Qualit\u00e9 d&#8217;impression noire: Jusqu&#8217;\u00e0 2400 \u00d7 600 DPI (ppp) Impression recto\/verso: Manuelle Fonctionne avec: 1","og_url":"https:\/\/kechbureau.ma\/?product=canon-i-sensys-lbp6030w","og_site_name":"KECH BUREAU","article_modified_time":"2022-04-04T17:45:35+00:00","og_image":[{"width":228,"height":228,"url":"https:\/\/kechbureau.ma\/wp-content\/uploads\/2021\/06\/6030W-228x228-1.jpg","type":"image\/jpeg"}],"twitter_card":"summary_large_image","schema":{"@context":"https:\/\/schema.org","@graph":[{"@type":"WebPage","@id":"https:\/\/kechbureau.ma\/?product=canon-i-sensys-lbp6030w","url":"https:\/\/kechbureau.ma\/?product=canon-i-sensys-lbp6030w","name":"Canon i-SENSYS LBP6030w - KECH BUREAU","isPartOf":{"@id":"https:\/\/kechbureau.ma\/#website"},"primaryImageOfPage":{"@id":"https:\/\/kechbureau.ma\/?product=canon-i-sensys-lbp6030w#primaryimage"},"image":{"@id":"https:\/\/kechbureau.ma\/?product=canon-i-sensys-lbp6030w#primaryimage"},"thumbnailUrl":"https:\/\/kechbureau.ma\/wp-content\/uploads\/2021\/06\/6030W-228x228-1.jpg","datePublished":"2021-06-28T17:26:58+00:00","dateModified":"2022-04-04T17:45:35+00:00","breadcrumb":{"@id":"https:\/\/kechbureau.ma\/?product=canon-i-sensys-lbp6030w#breadcrumb"},"inLanguage":"fr-FR","potentialAction":[{"@type":"ReadAction","target":["https:\/\/kechbureau.ma\/?product=canon-i-sensys-lbp6030w"]}]},{"@type":"ImageObject","inLanguage":"fr-FR","@id":"https:\/\/kechbureau.ma\/?product=canon-i-sensys-lbp6030w#primaryimage","url":"https:\/\/kechbureau.ma\/wp-content\/uploads\/2021\/06\/6030W-228x228-1.jpg","contentUrl":"https:\/\/kechbureau.ma\/wp-content\/uploads\/2021\/06\/6030W-228x228-1.jpg","width":228,"height":228},{"@type":"BreadcrumbList","@id":"https:\/\/kechbureau.ma\/?product=canon-i-sensys-lbp6030w#breadcrumb","itemListElement":[{"@type":"ListItem","position":1,"name":"Accueil","item":"https:\/\/kechbureau.ma\/"},{"@type":"ListItem","position":2,"name":"Shop","item":"https:\/\/kechbureau.ma\/?page_id=3853"},{"@type":"ListItem","position":3,"name":"Canon i-SENSYS LBP6030w"}]},{"@type":"WebSite","@id":"https:\/\/kechbureau.ma\/#website","url":"https:\/\/kechbureau.ma\/","name":"KECH BUREAU","description":"MARRAKECH BUREAU","potentialAction":[{"@type":"SearchAction","target":{"@type":"EntryPoint","urlTemplate":"https:\/\/kechbureau.ma\/?s={search_term_string}"},"query-input":{"@type":"PropertyValueSpecification","valueRequired":true,"valueName":"search_term_string"}}],"inLanguage":"fr-FR"}]}},"_links":{"self":[{"href":"https:\/\/kechbureau.ma\/index.php?rest_route=\/wp\/v2\/product\/12689","targetHints":{"allow":["GET"]}}],"collection":[{"href":"https:\/\/kechbureau.ma\/index.php?rest_route=\/wp\/v2\/product"}],"about":[{"href":"https:\/\/kechbureau.ma\/index.php?rest_route=\/wp\/v2\/types\/product"}],"replies":[{"embeddable":true,"href":"https:\/\/kechbureau.ma\/index.php?rest_route=%2Fwp%2Fv2%2Fcomments&post=12689"}],"wp:featuredmedia":[{"embeddable":true,"href":"https:\/\/kechbureau.ma\/index.php?rest_route=\/wp\/v2\/media\/12690"}],"wp:attachment":[{"href":"https:\/\/kechbureau.ma\/index.php?rest_route=%2Fwp%2Fv2%2Fmedia&parent=12689"}],"wp:term":[{"taxonomy":"product_brand","embeddable":true,"href":"https:\/\/kechbureau.ma\/index.php?rest_route=%2Fwp%2Fv2%2Fproduct_brand&post=12689"},{"taxonomy":"product_cat","embeddable":true,"href":"https:\/\/kechbureau.ma\/index.php?rest_route=%2Fwp%2Fv2%2Fproduct_cat&post=12689"},{"taxonomy":"product_tag","embeddable":true,"href":"https:\/\/kechbureau.ma\/index.php?rest_route=%2Fwp%2Fv2%2Fproduct_tag&post=12689"}],"curies":[{"name":"wp","href":"https:\/\/api.w.org\/{rel}","templated":true}]}}