{"id":12672,"date":"2021-06-22T17:54:50","date_gmt":"2021-06-22T15:54:50","guid":{"rendered":"https:\/\/kechbureau.ma\/?post_type=product&#038;p=12672"},"modified":"2021-06-22T17:54:50","modified_gmt":"2021-06-22T15:54:50","slug":"hp-designjet-t630-format-a0-5hb11a","status":"publish","type":"product","link":"https:\/\/kechbureau.ma\/?product=hp-designjet-t630-format-a0-5hb11a","title":{"rendered":"HP DesignJet T630 Format A0 5HB11A"},"content":{"rendered":"<p><strong>Le HP DesignJet T630<\/strong>,\u00a0<strong>traceur A0+<\/strong>\u00a0le plus \u00e9conomique pour l&#8217;<strong>impression grand format<\/strong>. Obtenez des r\u00e9sultats rapides et professionnels avec le\u00a0<strong>HP<\/strong>\u00a0<strong>T630 A0\u00a0<\/strong>grand format riche en fonctionnalit\u00e9s plus performantes que le HP DesignJet T525 A0. Le traceur\u00a0<strong>HP DesignJet T630\u00a0<\/strong>vous offrira des couleurs riches, des lignes nettes et de la finesse dans les d\u00e9tails pour des r\u00e9sultats professionnels parfait. Profitez d&#8217;une impression simple et pratique gr\u00e2ce \u00e0 la\u00a0<strong>HP-T630<\/strong>\u00a0<strong>A0<\/strong>.<\/p>\n<p>&nbsp;<\/p>\n<p class=\"line-height-150 cke-line-height\">\nLes avantages cl\u00e9s du\u00a0<strong>traceur HP DesignJet T630\u00a0<\/strong><strong>A0\u00a0<\/strong>:<\/p>\n<ul>\n<li>1 Jeu de cartouches d&#8217;encre encreur fourni<\/li>\n<li>Langage\u00a0<b>HP-GL\/2<\/b>\u00a0int\u00e9gr\u00e9 avec\u00a0<strong>1Go\u00a0<\/strong>de\u00a0<strong>m\u00e9moire interne<\/strong><\/li>\n<li>Encombrement minimum avec ses\u00a0<strong>dimensions r\u00e9duites<\/strong><\/li>\n<li>Compatibilit\u00e9 avec les logiciels de Dessin sans faille (notamment\u00a0<strong>AutoCad<\/strong>)<\/li>\n<li>Vitesse d&#8217;impression :\u00a0<strong>30s\/A1<\/strong><\/li>\n<li>Qualit\u00e9 d&#8217;impression &#8211; Finesse du trait, haute r\u00e9solution et couleurs vives<\/li>\n<li>Id\u00e9al pour le\u00a0<strong>plan<\/strong>, l&#8217;<strong>affiche promotionelle<\/strong>, la\u00a0<strong>carto<\/strong>\u00a0etc.<\/li>\n<li>Connectivit\u00e9 maximale :\u00a0\u00a0<strong>Wi-Fi<\/strong>\u00a0<b>int\u00e9gr\u00e9<\/b>\u00a0+\u00a0<strong>Carte r\u00e9seau<\/strong>\u00a0+\u00a0<strong>USB<\/strong><\/li>\n<li>Traceur compos\u00e9 de 30% de plastique recycl\u00e9<\/li>\n<li>Garantie sur site\u00a0<strong>1 an<\/strong><\/li>\n<\/ul>\n","protected":false},"excerpt":{"rendered":"<p>Le HP DesignJet T630,\u00a0traceur A0+\u00a0le plus \u00e9conomique pour l&#8217;impression grand format. Obtenez des r\u00e9sultats rapides et professionnels avec le\u00a0HP\u00a0T630 A0\u00a0grand format riche en fonctionnalit\u00e9s plus performantes que le HP DesignJet<\/p>\n","protected":false},"featured_media":12673,"comment_status":"open","ping_status":"closed","template":"","meta":{"kk_blocks_editor_width":"","_kiokenblocks_attr":"","_kiokenblocks_dimensions":""},"product_brand":[],"product_cat":[544],"product_tag":[],"class_list":{"0":"post-12672","1":"product","2":"type-product","3":"status-publish","4":"has-post-thumbnail","6":"product_cat-traceurs","8":"first","9":"instock","10":"taxable","11":"shipping-taxable","12":"product-type-simple"},"yoast_head":"<!-- This site is optimized with the Yoast SEO plugin v27.4 - https:\/\/yoast.com\/product\/yoast-seo-wordpress\/ -->\n<title>HP DesignJet T630 Format A0 5HB11A - KECH BUREAU<\/title>\n<meta name=\"robots\" content=\"index, follow, max-snippet:-1, max-image-preview:large, max-video-preview:-1\" \/>\n<link rel=\"canonical\" href=\"https:\/\/kechbureau.ma\/?product=hp-designjet-t630-format-a0-5hb11a\" \/>\n<meta property=\"og:locale\" content=\"fr_FR\" \/>\n<meta property=\"og:type\" content=\"article\" \/>\n<meta property=\"og:title\" content=\"HP DesignJet T630 Format A0 5HB11A - KECH BUREAU\" \/>\n<meta property=\"og:description\" content=\"Le HP DesignJet T630,\u00a0traceur A0+\u00a0le plus \u00e9conomique pour l&#8217;impression grand format. Obtenez des r\u00e9sultats rapides et professionnels avec le\u00a0HP\u00a0T630 A0\u00a0grand format riche en fonctionnalit\u00e9s plus performantes que le HP DesignJet\" \/>\n<meta property=\"og:url\" content=\"https:\/\/kechbureau.ma\/?product=hp-designjet-t630-format-a0-5hb11a\" \/>\n<meta property=\"og:site_name\" content=\"KECH BUREAU\" \/>\n<meta property=\"og:image\" content=\"https:\/\/kechbureau.ma\/wp-content\/uploads\/2021\/06\/traceur-hp-designjet-t230-24-a1-0610m.jpg\" \/>\n\t<meta property=\"og:image:width\" content=\"768\" \/>\n\t<meta property=\"og:image:height\" content=\"768\" \/>\n\t<meta property=\"og:image:type\" content=\"image\/jpeg\" \/>\n<meta name=\"twitter:card\" content=\"summary_large_image\" \/>\n<meta name=\"twitter:label1\" content=\"Dur\u00e9e de lecture estim\u00e9e\" \/>\n\t<meta name=\"twitter:data1\" content=\"1 minute\" \/>\n<script type=\"application\/ld+json\" class=\"yoast-schema-graph\">{\"@context\":\"https:\\\/\\\/schema.org\",\"@graph\":[{\"@type\":\"WebPage\",\"@id\":\"https:\\\/\\\/kechbureau.ma\\\/?product=hp-designjet-t630-format-a0-5hb11a\",\"url\":\"https:\\\/\\\/kechbureau.ma\\\/?product=hp-designjet-t630-format-a0-5hb11a\",\"name\":\"HP DesignJet T630 Format A0 5HB11A - KECH BUREAU\",\"isPartOf\":{\"@id\":\"https:\\\/\\\/kechbureau.ma\\\/#website\"},\"primaryImageOfPage\":{\"@id\":\"https:\\\/\\\/kechbureau.ma\\\/?product=hp-designjet-t630-format-a0-5hb11a#primaryimage\"},\"image\":{\"@id\":\"https:\\\/\\\/kechbureau.ma\\\/?product=hp-designjet-t630-format-a0-5hb11a#primaryimage\"},\"thumbnailUrl\":\"https:\\\/\\\/kechbureau.ma\\\/wp-content\\\/uploads\\\/2021\\\/06\\\/traceur-hp-designjet-t230-24-a1-0610m.jpg\",\"datePublished\":\"2021-06-22T15:54:50+00:00\",\"breadcrumb\":{\"@id\":\"https:\\\/\\\/kechbureau.ma\\\/?product=hp-designjet-t630-format-a0-5hb11a#breadcrumb\"},\"inLanguage\":\"fr-FR\",\"potentialAction\":[{\"@type\":\"ReadAction\",\"target\":[\"https:\\\/\\\/kechbureau.ma\\\/?product=hp-designjet-t630-format-a0-5hb11a\"]}]},{\"@type\":\"ImageObject\",\"inLanguage\":\"fr-FR\",\"@id\":\"https:\\\/\\\/kechbureau.ma\\\/?product=hp-designjet-t630-format-a0-5hb11a#primaryimage\",\"url\":\"https:\\\/\\\/kechbureau.ma\\\/wp-content\\\/uploads\\\/2021\\\/06\\\/traceur-hp-designjet-t230-24-a1-0610m.jpg\",\"contentUrl\":\"https:\\\/\\\/kechbureau.ma\\\/wp-content\\\/uploads\\\/2021\\\/06\\\/traceur-hp-designjet-t230-24-a1-0610m.jpg\",\"width\":768,\"height\":768},{\"@type\":\"BreadcrumbList\",\"@id\":\"https:\\\/\\\/kechbureau.ma\\\/?product=hp-designjet-t630-format-a0-5hb11a#breadcrumb\",\"itemListElement\":[{\"@type\":\"ListItem\",\"position\":1,\"name\":\"Accueil\",\"item\":\"https:\\\/\\\/kechbureau.ma\\\/\"},{\"@type\":\"ListItem\",\"position\":2,\"name\":\"Shop\",\"item\":\"https:\\\/\\\/kechbureau.ma\\\/?page_id=3853\"},{\"@type\":\"ListItem\",\"position\":3,\"name\":\"HP DesignJet T630 Format A0 5HB11A\"}]},{\"@type\":\"WebSite\",\"@id\":\"https:\\\/\\\/kechbureau.ma\\\/#website\",\"url\":\"https:\\\/\\\/kechbureau.ma\\\/\",\"name\":\"KECH BUREAU\",\"description\":\"MARRAKECH BUREAU\",\"potentialAction\":[{\"@type\":\"SearchAction\",\"target\":{\"@type\":\"EntryPoint\",\"urlTemplate\":\"https:\\\/\\\/kechbureau.ma\\\/?s={search_term_string}\"},\"query-input\":{\"@type\":\"PropertyValueSpecification\",\"valueRequired\":true,\"valueName\":\"search_term_string\"}}],\"inLanguage\":\"fr-FR\"}]}<\/script>\n<!-- \/ Yoast SEO plugin. -->","yoast_head_json":{"title":"HP DesignJet T630 Format A0 5HB11A - KECH BUREAU","robots":{"index":"index","follow":"follow","max-snippet":"max-snippet:-1","max-image-preview":"max-image-preview:large","max-video-preview":"max-video-preview:-1"},"canonical":"https:\/\/kechbureau.ma\/?product=hp-designjet-t630-format-a0-5hb11a","og_locale":"fr_FR","og_type":"article","og_title":"HP DesignJet T630 Format A0 5HB11A - KECH BUREAU","og_description":"Le HP DesignJet T630,\u00a0traceur A0+\u00a0le plus \u00e9conomique pour l&#8217;impression grand format. Obtenez des r\u00e9sultats rapides et professionnels avec le\u00a0HP\u00a0T630 A0\u00a0grand format riche en fonctionnalit\u00e9s plus performantes que le HP DesignJet","og_url":"https:\/\/kechbureau.ma\/?product=hp-designjet-t630-format-a0-5hb11a","og_site_name":"KECH BUREAU","og_image":[{"width":768,"height":768,"url":"https:\/\/kechbureau.ma\/wp-content\/uploads\/2021\/06\/traceur-hp-designjet-t230-24-a1-0610m.jpg","type":"image\/jpeg"}],"twitter_card":"summary_large_image","twitter_misc":{"Dur\u00e9e de lecture estim\u00e9e":"1 minute"},"schema":{"@context":"https:\/\/schema.org","@graph":[{"@type":"WebPage","@id":"https:\/\/kechbureau.ma\/?product=hp-designjet-t630-format-a0-5hb11a","url":"https:\/\/kechbureau.ma\/?product=hp-designjet-t630-format-a0-5hb11a","name":"HP DesignJet T630 Format A0 5HB11A - KECH BUREAU","isPartOf":{"@id":"https:\/\/kechbureau.ma\/#website"},"primaryImageOfPage":{"@id":"https:\/\/kechbureau.ma\/?product=hp-designjet-t630-format-a0-5hb11a#primaryimage"},"image":{"@id":"https:\/\/kechbureau.ma\/?product=hp-designjet-t630-format-a0-5hb11a#primaryimage"},"thumbnailUrl":"https:\/\/kechbureau.ma\/wp-content\/uploads\/2021\/06\/traceur-hp-designjet-t230-24-a1-0610m.jpg","datePublished":"2021-06-22T15:54:50+00:00","breadcrumb":{"@id":"https:\/\/kechbureau.ma\/?product=hp-designjet-t630-format-a0-5hb11a#breadcrumb"},"inLanguage":"fr-FR","potentialAction":[{"@type":"ReadAction","target":["https:\/\/kechbureau.ma\/?product=hp-designjet-t630-format-a0-5hb11a"]}]},{"@type":"ImageObject","inLanguage":"fr-FR","@id":"https:\/\/kechbureau.ma\/?product=hp-designjet-t630-format-a0-5hb11a#primaryimage","url":"https:\/\/kechbureau.ma\/wp-content\/uploads\/2021\/06\/traceur-hp-designjet-t230-24-a1-0610m.jpg","contentUrl":"https:\/\/kechbureau.ma\/wp-content\/uploads\/2021\/06\/traceur-hp-designjet-t230-24-a1-0610m.jpg","width":768,"height":768},{"@type":"BreadcrumbList","@id":"https:\/\/kechbureau.ma\/?product=hp-designjet-t630-format-a0-5hb11a#breadcrumb","itemListElement":[{"@type":"ListItem","position":1,"name":"Accueil","item":"https:\/\/kechbureau.ma\/"},{"@type":"ListItem","position":2,"name":"Shop","item":"https:\/\/kechbureau.ma\/?page_id=3853"},{"@type":"ListItem","position":3,"name":"HP DesignJet T630 Format A0 5HB11A"}]},{"@type":"WebSite","@id":"https:\/\/kechbureau.ma\/#website","url":"https:\/\/kechbureau.ma\/","name":"KECH BUREAU","description":"MARRAKECH BUREAU","potentialAction":[{"@type":"SearchAction","target":{"@type":"EntryPoint","urlTemplate":"https:\/\/kechbureau.ma\/?s={search_term_string}"},"query-input":{"@type":"PropertyValueSpecification","valueRequired":true,"valueName":"search_term_string"}}],"inLanguage":"fr-FR"}]}},"_links":{"self":[{"href":"https:\/\/kechbureau.ma\/index.php?rest_route=\/wp\/v2\/product\/12672","targetHints":{"allow":["GET"]}}],"collection":[{"href":"https:\/\/kechbureau.ma\/index.php?rest_route=\/wp\/v2\/product"}],"about":[{"href":"https:\/\/kechbureau.ma\/index.php?rest_route=\/wp\/v2\/types\/product"}],"replies":[{"embeddable":true,"href":"https:\/\/kechbureau.ma\/index.php?rest_route=%2Fwp%2Fv2%2Fcomments&post=12672"}],"wp:featuredmedia":[{"embeddable":true,"href":"https:\/\/kechbureau.ma\/index.php?rest_route=\/wp\/v2\/media\/12673"}],"wp:attachment":[{"href":"https:\/\/kechbureau.ma\/index.php?rest_route=%2Fwp%2Fv2%2Fmedia&parent=12672"}],"wp:term":[{"taxonomy":"product_brand","embeddable":true,"href":"https:\/\/kechbureau.ma\/index.php?rest_route=%2Fwp%2Fv2%2Fproduct_brand&post=12672"},{"taxonomy":"product_cat","embeddable":true,"href":"https:\/\/kechbureau.ma\/index.php?rest_route=%2Fwp%2Fv2%2Fproduct_cat&post=12672"},{"taxonomy":"product_tag","embeddable":true,"href":"https:\/\/kechbureau.ma\/index.php?rest_route=%2Fwp%2Fv2%2Fproduct_tag&post=12672"}],"curies":[{"name":"wp","href":"https:\/\/api.w.org\/{rel}","templated":true}]}}