{"id":12668,"date":"2021-06-22T17:48:58","date_gmt":"2021-06-22T15:48:58","guid":{"rendered":"https:\/\/kechbureau.ma\/?post_type=product&#038;p=12668"},"modified":"2021-06-22T17:48:59","modified_gmt":"2021-06-22T15:48:59","slug":"konica-minolta-bizhub-454e","status":"publish","type":"product","link":"https:\/\/kechbureau.ma\/?product=konica-minolta-bizhub-454e","title":{"rendered":"Konica Minolta bizhub 454e"},"content":{"rendered":"<h2 class=\"g6568y-0 ewmJpA\">Description<\/h2>\n<p class=\"ij98yj-0 jvMHNW\" dir=\"auto\">photocopieuses 454 N&amp;B professionnel occasion , importer d\u2019europe, bonne \u00e9tat ,teste ,presque neuf avec toner original;<\/p>\n<h3>Caract\u00e9ristiques Copieur<\/h3>\n<p>R\u00e9solution des copies600x600 dpi<\/p>\n<p>Niveaux de gris jusqu\u2019\u00e0256 niveaux de gris<\/p>\n<p>Copie multiple1-9\u2019999<\/p>\n<p>Format originalA5\u2013A3<\/p>\n<p>Zoom25\u2013400%<\/p>\n<h4>Caract\u00e9ristiques du syst\u00e8me<\/h4>\n<p>impression copiage vitesse A4 : jusqu\u2019\u00e0 45pages min NB (bizhub454)<\/p>\n<p>NB (bizhub454) vitesse A3: 33pages min N-B<\/p>\n<p>Vitesse duplex jusqu\u2019\u00e0 45pages min NB<\/p>\n<p>Premi\u00e8re copie apr\u00e8s env 3,7secondes<\/p>\n<p>Temps de r\u00e9chauffage env 22sec<\/p>\n<p>M\u00e9moire 2,048MO<\/p>\n<p>Disque dur 320GO (250GO)<\/p>\n<p>Types de Frame Ethernet802,2; Ethernet802,3; Ethernet II; Ethernet SNAP<\/p>\n<p>Dimensions (LxPxH) 650\u00d7799 x1155mm<\/p>\n<p>Poids env 201kg<\/p>\n<h4>IMPRESSION<\/h4>\n<p>R\u00e9solution de 1800\u00d7600 dpi (standard)1200\u00d71200 dpi<\/p>\n<p>Langue de description PCL 6c (PCL 5c + XL3,0)<\/p>\n<p>Syst\u00e8mes d\u2019exploitation Windows2000,Windows XP VISTA Server2000,Unix, Linux, Citrix<\/p>\n<p>Fonctions d\u2019impression Impression directe de PCL, PS, TIFF, XPS, PDF et PDF crypt\u00e9,<\/p>\n<h4>Caract\u00e9ristiques Scanner<\/h4>\n<p>Vitesse de scannage jusqu\u2019\u00e090 originaux min \u00e0 300dpi via<\/p>\n<p>(couleur et NB) jusqu\u2019\u00e0 180images min \u00e0 300dpi via ADF<\/p>\n<p>R\u00e9solution de scannage Max:600x600dpi<\/p>\n<p>Fonctions de scannage Network TWAIN scan<\/p>\n<p>Scan-to-E-Mail (scan-to-Me),Scan-to-FTP,Scan-to-SMB (scan-to-Home),Scan-to-Box,Scan-to-USB,Scan-to-WebDAV,Scan-to-DPWS<\/p>\n<p>Formats de fichier JPEG,TIFF,PDF,PDF compact,PDF crypt\u00e9<\/p>\n<p>XPS;<\/p>\n<p>Traitement des m\u00e9dias<\/p>\n<p>Automatique jusqu\u2019\u00e0150 originaux, DIN A6 \u00e0 DIN A3,35\u2013210gm2<\/p>\n<p>la pile des feuilles, banni\u00e8re max297x1200mm<\/p>\n<p>Grammages52 \u2013 300gm2<\/p>\n<p>Capacit\u00e9 de papier Standard 3650feuilles, max 6650feuilles*<\/p>\n","protected":false},"excerpt":{"rendered":"<p>Description photocopieuses 454 N&amp;B professionnel occasion , importer d\u2019europe, bonne \u00e9tat ,teste ,presque neuf avec toner original; Caract\u00e9ristiques Copieur R\u00e9solution des copies600x600 dpi Niveaux de gris jusqu\u2019\u00e0256 niveaux de gris<\/p>\n","protected":false},"featured_media":12669,"comment_status":"open","ping_status":"closed","template":"","meta":{"kk_blocks_editor_width":"","_kiokenblocks_attr":"","_kiokenblocks_dimensions":""},"product_brand":[],"product_cat":[541,420],"product_tag":[],"class_list":{"0":"post-12668","1":"product","2":"type-product","3":"status-publish","4":"has-post-thumbnail","6":"product_cat-copieur","7":"product_cat-printers-ink","9":"first","10":"instock","11":"taxable","12":"shipping-taxable","13":"product-type-simple"},"yoast_head":"<!-- This site is optimized with the Yoast SEO plugin v27.5 - https:\/\/yoast.com\/product\/yoast-seo-wordpress\/ -->\n<title>Konica Minolta bizhub 454e - KECH BUREAU<\/title>\n<meta name=\"robots\" content=\"index, follow, max-snippet:-1, max-image-preview:large, max-video-preview:-1\" \/>\n<link rel=\"canonical\" href=\"https:\/\/kechbureau.ma\/?product=konica-minolta-bizhub-454e\" \/>\n<meta property=\"og:locale\" content=\"fr_FR\" \/>\n<meta property=\"og:type\" content=\"article\" \/>\n<meta property=\"og:title\" content=\"Konica Minolta bizhub 454e - KECH BUREAU\" \/>\n<meta property=\"og:description\" content=\"Description photocopieuses 454 N&amp;B professionnel occasion , importer d\u2019europe, bonne \u00e9tat ,teste ,presque neuf avec toner original; Caract\u00e9ristiques Copieur R\u00e9solution des copies600x600 dpi Niveaux de gris jusqu\u2019\u00e0256 niveaux de gris\" \/>\n<meta property=\"og:url\" content=\"https:\/\/kechbureau.ma\/?product=konica-minolta-bizhub-454e\" \/>\n<meta property=\"og:site_name\" content=\"KECH BUREAU\" \/>\n<meta property=\"article:modified_time\" content=\"2021-06-22T15:48:59+00:00\" \/>\n<meta property=\"og:image\" content=\"https:\/\/kechbureau.ma\/wp-content\/uploads\/2021\/06\/454e_large.png\" \/>\n\t<meta property=\"og:image:width\" content=\"525\" \/>\n\t<meta property=\"og:image:height\" content=\"450\" \/>\n\t<meta property=\"og:image:type\" content=\"image\/png\" \/>\n<meta name=\"twitter:card\" content=\"summary_large_image\" \/>\n<meta name=\"twitter:label1\" content=\"Dur\u00e9e de lecture estim\u00e9e\" \/>\n\t<meta name=\"twitter:data1\" content=\"1 minute\" \/>\n<script type=\"application\/ld+json\" class=\"yoast-schema-graph\">{\"@context\":\"https:\\\/\\\/schema.org\",\"@graph\":[{\"@type\":\"WebPage\",\"@id\":\"https:\\\/\\\/kechbureau.ma\\\/?product=konica-minolta-bizhub-454e\",\"url\":\"https:\\\/\\\/kechbureau.ma\\\/?product=konica-minolta-bizhub-454e\",\"name\":\"Konica Minolta bizhub 454e - KECH BUREAU\",\"isPartOf\":{\"@id\":\"https:\\\/\\\/kechbureau.ma\\\/#website\"},\"primaryImageOfPage\":{\"@id\":\"https:\\\/\\\/kechbureau.ma\\\/?product=konica-minolta-bizhub-454e#primaryimage\"},\"image\":{\"@id\":\"https:\\\/\\\/kechbureau.ma\\\/?product=konica-minolta-bizhub-454e#primaryimage\"},\"thumbnailUrl\":\"https:\\\/\\\/kechbureau.ma\\\/wp-content\\\/uploads\\\/2021\\\/06\\\/454e_large.png\",\"datePublished\":\"2021-06-22T15:48:58+00:00\",\"dateModified\":\"2021-06-22T15:48:59+00:00\",\"breadcrumb\":{\"@id\":\"https:\\\/\\\/kechbureau.ma\\\/?product=konica-minolta-bizhub-454e#breadcrumb\"},\"inLanguage\":\"fr-FR\",\"potentialAction\":[{\"@type\":\"ReadAction\",\"target\":[\"https:\\\/\\\/kechbureau.ma\\\/?product=konica-minolta-bizhub-454e\"]}]},{\"@type\":\"ImageObject\",\"inLanguage\":\"fr-FR\",\"@id\":\"https:\\\/\\\/kechbureau.ma\\\/?product=konica-minolta-bizhub-454e#primaryimage\",\"url\":\"https:\\\/\\\/kechbureau.ma\\\/wp-content\\\/uploads\\\/2021\\\/06\\\/454e_large.png\",\"contentUrl\":\"https:\\\/\\\/kechbureau.ma\\\/wp-content\\\/uploads\\\/2021\\\/06\\\/454e_large.png\",\"width\":525,\"height\":450},{\"@type\":\"BreadcrumbList\",\"@id\":\"https:\\\/\\\/kechbureau.ma\\\/?product=konica-minolta-bizhub-454e#breadcrumb\",\"itemListElement\":[{\"@type\":\"ListItem\",\"position\":1,\"name\":\"Accueil\",\"item\":\"https:\\\/\\\/kechbureau.ma\\\/\"},{\"@type\":\"ListItem\",\"position\":2,\"name\":\"Shop\",\"item\":\"https:\\\/\\\/kechbureau.ma\\\/?page_id=3853\"},{\"@type\":\"ListItem\",\"position\":3,\"name\":\"Konica Minolta bizhub 454e\"}]},{\"@type\":\"WebSite\",\"@id\":\"https:\\\/\\\/kechbureau.ma\\\/#website\",\"url\":\"https:\\\/\\\/kechbureau.ma\\\/\",\"name\":\"KECH BUREAU\",\"description\":\"MARRAKECH BUREAU\",\"potentialAction\":[{\"@type\":\"SearchAction\",\"target\":{\"@type\":\"EntryPoint\",\"urlTemplate\":\"https:\\\/\\\/kechbureau.ma\\\/?s={search_term_string}\"},\"query-input\":{\"@type\":\"PropertyValueSpecification\",\"valueRequired\":true,\"valueName\":\"search_term_string\"}}],\"inLanguage\":\"fr-FR\"}]}<\/script>\n<!-- \/ Yoast SEO plugin. -->","yoast_head_json":{"title":"Konica Minolta bizhub 454e - KECH BUREAU","robots":{"index":"index","follow":"follow","max-snippet":"max-snippet:-1","max-image-preview":"max-image-preview:large","max-video-preview":"max-video-preview:-1"},"canonical":"https:\/\/kechbureau.ma\/?product=konica-minolta-bizhub-454e","og_locale":"fr_FR","og_type":"article","og_title":"Konica Minolta bizhub 454e - KECH BUREAU","og_description":"Description photocopieuses 454 N&amp;B professionnel occasion , importer d\u2019europe, bonne \u00e9tat ,teste ,presque neuf avec toner original; Caract\u00e9ristiques Copieur R\u00e9solution des copies600x600 dpi Niveaux de gris jusqu\u2019\u00e0256 niveaux de gris","og_url":"https:\/\/kechbureau.ma\/?product=konica-minolta-bizhub-454e","og_site_name":"KECH BUREAU","article_modified_time":"2021-06-22T15:48:59+00:00","og_image":[{"width":525,"height":450,"url":"https:\/\/kechbureau.ma\/wp-content\/uploads\/2021\/06\/454e_large.png","type":"image\/png"}],"twitter_card":"summary_large_image","twitter_misc":{"Dur\u00e9e de lecture estim\u00e9e":"1 minute"},"schema":{"@context":"https:\/\/schema.org","@graph":[{"@type":"WebPage","@id":"https:\/\/kechbureau.ma\/?product=konica-minolta-bizhub-454e","url":"https:\/\/kechbureau.ma\/?product=konica-minolta-bizhub-454e","name":"Konica Minolta bizhub 454e - KECH BUREAU","isPartOf":{"@id":"https:\/\/kechbureau.ma\/#website"},"primaryImageOfPage":{"@id":"https:\/\/kechbureau.ma\/?product=konica-minolta-bizhub-454e#primaryimage"},"image":{"@id":"https:\/\/kechbureau.ma\/?product=konica-minolta-bizhub-454e#primaryimage"},"thumbnailUrl":"https:\/\/kechbureau.ma\/wp-content\/uploads\/2021\/06\/454e_large.png","datePublished":"2021-06-22T15:48:58+00:00","dateModified":"2021-06-22T15:48:59+00:00","breadcrumb":{"@id":"https:\/\/kechbureau.ma\/?product=konica-minolta-bizhub-454e#breadcrumb"},"inLanguage":"fr-FR","potentialAction":[{"@type":"ReadAction","target":["https:\/\/kechbureau.ma\/?product=konica-minolta-bizhub-454e"]}]},{"@type":"ImageObject","inLanguage":"fr-FR","@id":"https:\/\/kechbureau.ma\/?product=konica-minolta-bizhub-454e#primaryimage","url":"https:\/\/kechbureau.ma\/wp-content\/uploads\/2021\/06\/454e_large.png","contentUrl":"https:\/\/kechbureau.ma\/wp-content\/uploads\/2021\/06\/454e_large.png","width":525,"height":450},{"@type":"BreadcrumbList","@id":"https:\/\/kechbureau.ma\/?product=konica-minolta-bizhub-454e#breadcrumb","itemListElement":[{"@type":"ListItem","position":1,"name":"Accueil","item":"https:\/\/kechbureau.ma\/"},{"@type":"ListItem","position":2,"name":"Shop","item":"https:\/\/kechbureau.ma\/?page_id=3853"},{"@type":"ListItem","position":3,"name":"Konica Minolta bizhub 454e"}]},{"@type":"WebSite","@id":"https:\/\/kechbureau.ma\/#website","url":"https:\/\/kechbureau.ma\/","name":"KECH BUREAU","description":"MARRAKECH BUREAU","potentialAction":[{"@type":"SearchAction","target":{"@type":"EntryPoint","urlTemplate":"https:\/\/kechbureau.ma\/?s={search_term_string}"},"query-input":{"@type":"PropertyValueSpecification","valueRequired":true,"valueName":"search_term_string"}}],"inLanguage":"fr-FR"}]}},"_links":{"self":[{"href":"https:\/\/kechbureau.ma\/index.php?rest_route=\/wp\/v2\/product\/12668","targetHints":{"allow":["GET"]}}],"collection":[{"href":"https:\/\/kechbureau.ma\/index.php?rest_route=\/wp\/v2\/product"}],"about":[{"href":"https:\/\/kechbureau.ma\/index.php?rest_route=\/wp\/v2\/types\/product"}],"replies":[{"embeddable":true,"href":"https:\/\/kechbureau.ma\/index.php?rest_route=%2Fwp%2Fv2%2Fcomments&post=12668"}],"wp:featuredmedia":[{"embeddable":true,"href":"https:\/\/kechbureau.ma\/index.php?rest_route=\/wp\/v2\/media\/12669"}],"wp:attachment":[{"href":"https:\/\/kechbureau.ma\/index.php?rest_route=%2Fwp%2Fv2%2Fmedia&parent=12668"}],"wp:term":[{"taxonomy":"product_brand","embeddable":true,"href":"https:\/\/kechbureau.ma\/index.php?rest_route=%2Fwp%2Fv2%2Fproduct_brand&post=12668"},{"taxonomy":"product_cat","embeddable":true,"href":"https:\/\/kechbureau.ma\/index.php?rest_route=%2Fwp%2Fv2%2Fproduct_cat&post=12668"},{"taxonomy":"product_tag","embeddable":true,"href":"https:\/\/kechbureau.ma\/index.php?rest_route=%2Fwp%2Fv2%2Fproduct_tag&post=12668"}],"curies":[{"name":"wp","href":"https:\/\/api.w.org\/{rel}","templated":true}]}}