{"id":12663,"date":"2021-06-22T17:44:57","date_gmt":"2021-06-22T15:44:57","guid":{"rendered":"https:\/\/kechbureau.ma\/?post_type=product&#038;p=12663"},"modified":"2021-06-22T17:45:46","modified_gmt":"2021-06-22T15:45:46","slug":"konica-minolta-bizhub-c360","status":"publish","type":"product","link":"https:\/\/kechbureau.ma\/?product=konica-minolta-bizhub-c360","title":{"rendered":"Konica Minolta bizhub C360"},"content":{"rendered":"<h2 class=\"g6568y-0 ewmJpA\">Description<\/h2>\n<p class=\"ij98yj-0 jvMHNW\" dir=\"auto\">vente des photocopieurs couleur d\u2019occasion professionnel Konica Minolta bizhub C360, importer d\u2019europe, bonne \u00e9tat ,teste ,presque neuf avec toner original<\/p>\n<h4>Caract\u00e9ristiques Copieur<\/h4>\n<p>Vitesse de copie\/impression A4 (N&amp;B\/couleur)<\/p>\n<p>Jusqu\u2019\u00e0 36\/36 ppm<\/p>\n<p>Vitesse de copie\/impression A3 (N&amp;B\/couleur)<\/p>\n<p>Jusqu\u2019\u00e0 17\/17 ppm<\/p>\n<p>Vitesse recto-verso A4 (N&amp;B\/couleur) Jusqu\u2019\u00e0 36\/36 ppm<\/p>\n<p>Temps de sortie 1\u00e8re copie(N&amp;B\/couleur) 5.8\/7.7 sec.<\/p>\n<p>Pr\u00e9chauffage : Environ 45 sec.<\/p>\n<p>R\u00e9solution Copie :600 x 600 ppp<\/p>\n<p>Format des originaux: A6-A5 -A4- A3<\/p>\n<p>Taux de zoom :25 \u2013 400 % par pas de 0,1 %, Zoom Auto<\/p>\n<p>Processeur MPC8533 1 GHz (C280\/C360)<\/p>\n<p>MPC8533 667 MHz (C220) 32 d\u2019impression:PCL6c (PCL 5c + XL3.0)<\/p>\n<p>PostScript 3 (CSPI 3017)<\/p>\n<p>Syst\u00e8mes d\u2019exploitation Windows 2000 \/ XP \/ XP64<\/p>\n<p>Windows VISTA 32 \/ 64 Support Windows DPWS<\/p>\n<p>Macintosh 9.x \/ 10.x Server 2000 \/ 2003 \/ 2003\u00d764 \/ 2008 \/ 2008\u00d764 Unix \/ Linux \/ Citrix<\/p>\n<p>Fonctionnalit\u00e9s d\u2019impression<\/p>\n<p>Impression directe de fichiers PCL, PS, TIFF, XPS, PDF et PDF crypt\u00e9s Mixmedia et Mixplex Programmes Surimpression<\/p>\n<h4>Caract\u00e9ristiques Scanner<\/h4>\n<p>Vitesse de num\u00e9risation Jusqu\u2019\u00e0 70 opm (300 ppp via chargeur couleur\/N&amp;B)<\/p>\n<p>Jusqu\u2019\u00e0 42 opm (600 ppp via chargeur, couleur\/N&amp;B)<\/p>\n<p>R\u00e9solution Max.: 600 x 600 ppp<\/p>\n<p>Modes de num\u00e9risation Scan TWAIN R\u00e9seau,Scan to du Syst\u00e8me<\/p>\n<p>M\u00e9moire syst\u00e8me : 2048 Mo<\/p>\n<p>Disque dur :250 Go<\/p>\n<p>Interfaces: Ethernet 10 Base-T\/100 Base-T\/1000 Base-T<\/p>\n<p>USB 2.0<\/p>\n<p>Protocoles r\u00e9seau:TCP\/IP (IPv4 \/ IPv6) IPX\/SPX NetBEUI<\/p>\n<p>Types de trame:Ethernet 802.2 ,Ethernet 802.3,Ethernet II<\/p>\n<p>Ethernet SNAP<\/p>\n<p>Chargeur automatique de documents:Jusqu\u2019\u00e0 100<\/p>\n<p>originaux (A6 \u2013 A3 ;35 \u2013 210 g\/m\u00b2)<\/p>\n<p>Surface d\u2019impression A6 \u2013 A3 pleine page<\/p>\n<p>Formats personnalis\u00e9s :Banni\u00e8re (max.1 200 x 297 mm)<\/p>\n<p>Grammage :60 \u2013 271 g\/m\u00b2<\/p>\n<p>capacit\u00e9 de toner : 29000 copies , prix 2600dhs original \/ 4 couleurs<\/p>\n","protected":false},"excerpt":{"rendered":"<p>Description vente des photocopieurs couleur d\u2019occasion professionnel Konica Minolta bizhub C360, importer d\u2019europe, bonne \u00e9tat ,teste ,presque neuf avec toner original Caract\u00e9ristiques Copieur Vitesse de copie\/impression A4 (N&amp;B\/couleur) Jusqu\u2019\u00e0 36\/36<\/p>\n","protected":false},"featured_media":12665,"comment_status":"open","ping_status":"closed","template":"","meta":{"kk_blocks_editor_width":"","_kiokenblocks_attr":"","_kiokenblocks_dimensions":""},"product_brand":[],"product_cat":[541,420],"product_tag":[],"class_list":{"0":"post-12663","1":"product","2":"type-product","3":"status-publish","4":"has-post-thumbnail","6":"product_cat-copieur","7":"product_cat-printers-ink","9":"first","10":"instock","11":"taxable","12":"shipping-taxable","13":"product-type-simple"},"yoast_head":"<!-- This site is optimized with the Yoast SEO plugin v27.5 - https:\/\/yoast.com\/product\/yoast-seo-wordpress\/ -->\n<title>Konica Minolta bizhub C360 - KECH BUREAU<\/title>\n<meta name=\"robots\" content=\"index, follow, max-snippet:-1, max-image-preview:large, max-video-preview:-1\" \/>\n<link rel=\"canonical\" href=\"https:\/\/kechbureau.ma\/?product=konica-minolta-bizhub-c360\" \/>\n<meta property=\"og:locale\" content=\"fr_FR\" \/>\n<meta property=\"og:type\" content=\"article\" \/>\n<meta property=\"og:title\" content=\"Konica Minolta bizhub C360 - KECH BUREAU\" \/>\n<meta property=\"og:description\" content=\"Description vente des photocopieurs couleur d\u2019occasion professionnel Konica Minolta bizhub C360, importer d\u2019europe, bonne \u00e9tat ,teste ,presque neuf avec toner original Caract\u00e9ristiques Copieur Vitesse de copie\/impression A4 (N&amp;B\/couleur) Jusqu\u2019\u00e0 36\/36\" \/>\n<meta property=\"og:url\" content=\"https:\/\/kechbureau.ma\/?product=konica-minolta-bizhub-c360\" \/>\n<meta property=\"og:site_name\" content=\"KECH BUREAU\" \/>\n<meta property=\"article:modified_time\" content=\"2021-06-22T15:45:46+00:00\" \/>\n<meta property=\"og:image\" content=\"https:\/\/kechbureau.ma\/wp-content\/uploads\/2021\/06\/Refurbished-Copier-Konica-Minolta-Bizhub-C360-C280-C220-Color-Multifunction-Printer.jpg\" \/>\n\t<meta property=\"og:image:width\" content=\"550\" \/>\n\t<meta property=\"og:image:height\" content=\"550\" \/>\n\t<meta property=\"og:image:type\" content=\"image\/jpeg\" \/>\n<meta name=\"twitter:card\" content=\"summary_large_image\" \/>\n<meta name=\"twitter:label1\" content=\"Dur\u00e9e de lecture estim\u00e9e\" \/>\n\t<meta name=\"twitter:data1\" content=\"1 minute\" \/>\n<script type=\"application\/ld+json\" class=\"yoast-schema-graph\">{\"@context\":\"https:\\\/\\\/schema.org\",\"@graph\":[{\"@type\":\"WebPage\",\"@id\":\"https:\\\/\\\/kechbureau.ma\\\/?product=konica-minolta-bizhub-c360\",\"url\":\"https:\\\/\\\/kechbureau.ma\\\/?product=konica-minolta-bizhub-c360\",\"name\":\"Konica Minolta bizhub C360 - KECH BUREAU\",\"isPartOf\":{\"@id\":\"https:\\\/\\\/kechbureau.ma\\\/#website\"},\"primaryImageOfPage\":{\"@id\":\"https:\\\/\\\/kechbureau.ma\\\/?product=konica-minolta-bizhub-c360#primaryimage\"},\"image\":{\"@id\":\"https:\\\/\\\/kechbureau.ma\\\/?product=konica-minolta-bizhub-c360#primaryimage\"},\"thumbnailUrl\":\"https:\\\/\\\/kechbureau.ma\\\/wp-content\\\/uploads\\\/2021\\\/06\\\/Refurbished-Copier-Konica-Minolta-Bizhub-C360-C280-C220-Color-Multifunction-Printer.jpg\",\"datePublished\":\"2021-06-22T15:44:57+00:00\",\"dateModified\":\"2021-06-22T15:45:46+00:00\",\"breadcrumb\":{\"@id\":\"https:\\\/\\\/kechbureau.ma\\\/?product=konica-minolta-bizhub-c360#breadcrumb\"},\"inLanguage\":\"fr-FR\",\"potentialAction\":[{\"@type\":\"ReadAction\",\"target\":[\"https:\\\/\\\/kechbureau.ma\\\/?product=konica-minolta-bizhub-c360\"]}]},{\"@type\":\"ImageObject\",\"inLanguage\":\"fr-FR\",\"@id\":\"https:\\\/\\\/kechbureau.ma\\\/?product=konica-minolta-bizhub-c360#primaryimage\",\"url\":\"https:\\\/\\\/kechbureau.ma\\\/wp-content\\\/uploads\\\/2021\\\/06\\\/Refurbished-Copier-Konica-Minolta-Bizhub-C360-C280-C220-Color-Multifunction-Printer.jpg\",\"contentUrl\":\"https:\\\/\\\/kechbureau.ma\\\/wp-content\\\/uploads\\\/2021\\\/06\\\/Refurbished-Copier-Konica-Minolta-Bizhub-C360-C280-C220-Color-Multifunction-Printer.jpg\",\"width\":550,\"height\":550},{\"@type\":\"BreadcrumbList\",\"@id\":\"https:\\\/\\\/kechbureau.ma\\\/?product=konica-minolta-bizhub-c360#breadcrumb\",\"itemListElement\":[{\"@type\":\"ListItem\",\"position\":1,\"name\":\"Accueil\",\"item\":\"https:\\\/\\\/kechbureau.ma\\\/\"},{\"@type\":\"ListItem\",\"position\":2,\"name\":\"Shop\",\"item\":\"https:\\\/\\\/kechbureau.ma\\\/?page_id=3853\"},{\"@type\":\"ListItem\",\"position\":3,\"name\":\"Konica Minolta bizhub C360\"}]},{\"@type\":\"WebSite\",\"@id\":\"https:\\\/\\\/kechbureau.ma\\\/#website\",\"url\":\"https:\\\/\\\/kechbureau.ma\\\/\",\"name\":\"KECH BUREAU\",\"description\":\"MARRAKECH BUREAU\",\"potentialAction\":[{\"@type\":\"SearchAction\",\"target\":{\"@type\":\"EntryPoint\",\"urlTemplate\":\"https:\\\/\\\/kechbureau.ma\\\/?s={search_term_string}\"},\"query-input\":{\"@type\":\"PropertyValueSpecification\",\"valueRequired\":true,\"valueName\":\"search_term_string\"}}],\"inLanguage\":\"fr-FR\"}]}<\/script>\n<!-- \/ Yoast SEO plugin. -->","yoast_head_json":{"title":"Konica Minolta bizhub C360 - KECH BUREAU","robots":{"index":"index","follow":"follow","max-snippet":"max-snippet:-1","max-image-preview":"max-image-preview:large","max-video-preview":"max-video-preview:-1"},"canonical":"https:\/\/kechbureau.ma\/?product=konica-minolta-bizhub-c360","og_locale":"fr_FR","og_type":"article","og_title":"Konica Minolta bizhub C360 - KECH BUREAU","og_description":"Description vente des photocopieurs couleur d\u2019occasion professionnel Konica Minolta bizhub C360, importer d\u2019europe, bonne \u00e9tat ,teste ,presque neuf avec toner original Caract\u00e9ristiques Copieur Vitesse de copie\/impression A4 (N&amp;B\/couleur) Jusqu\u2019\u00e0 36\/36","og_url":"https:\/\/kechbureau.ma\/?product=konica-minolta-bizhub-c360","og_site_name":"KECH BUREAU","article_modified_time":"2021-06-22T15:45:46+00:00","og_image":[{"width":550,"height":550,"url":"https:\/\/kechbureau.ma\/wp-content\/uploads\/2021\/06\/Refurbished-Copier-Konica-Minolta-Bizhub-C360-C280-C220-Color-Multifunction-Printer.jpg","type":"image\/jpeg"}],"twitter_card":"summary_large_image","twitter_misc":{"Dur\u00e9e de lecture estim\u00e9e":"1 minute"},"schema":{"@context":"https:\/\/schema.org","@graph":[{"@type":"WebPage","@id":"https:\/\/kechbureau.ma\/?product=konica-minolta-bizhub-c360","url":"https:\/\/kechbureau.ma\/?product=konica-minolta-bizhub-c360","name":"Konica Minolta bizhub C360 - KECH BUREAU","isPartOf":{"@id":"https:\/\/kechbureau.ma\/#website"},"primaryImageOfPage":{"@id":"https:\/\/kechbureau.ma\/?product=konica-minolta-bizhub-c360#primaryimage"},"image":{"@id":"https:\/\/kechbureau.ma\/?product=konica-minolta-bizhub-c360#primaryimage"},"thumbnailUrl":"https:\/\/kechbureau.ma\/wp-content\/uploads\/2021\/06\/Refurbished-Copier-Konica-Minolta-Bizhub-C360-C280-C220-Color-Multifunction-Printer.jpg","datePublished":"2021-06-22T15:44:57+00:00","dateModified":"2021-06-22T15:45:46+00:00","breadcrumb":{"@id":"https:\/\/kechbureau.ma\/?product=konica-minolta-bizhub-c360#breadcrumb"},"inLanguage":"fr-FR","potentialAction":[{"@type":"ReadAction","target":["https:\/\/kechbureau.ma\/?product=konica-minolta-bizhub-c360"]}]},{"@type":"ImageObject","inLanguage":"fr-FR","@id":"https:\/\/kechbureau.ma\/?product=konica-minolta-bizhub-c360#primaryimage","url":"https:\/\/kechbureau.ma\/wp-content\/uploads\/2021\/06\/Refurbished-Copier-Konica-Minolta-Bizhub-C360-C280-C220-Color-Multifunction-Printer.jpg","contentUrl":"https:\/\/kechbureau.ma\/wp-content\/uploads\/2021\/06\/Refurbished-Copier-Konica-Minolta-Bizhub-C360-C280-C220-Color-Multifunction-Printer.jpg","width":550,"height":550},{"@type":"BreadcrumbList","@id":"https:\/\/kechbureau.ma\/?product=konica-minolta-bizhub-c360#breadcrumb","itemListElement":[{"@type":"ListItem","position":1,"name":"Accueil","item":"https:\/\/kechbureau.ma\/"},{"@type":"ListItem","position":2,"name":"Shop","item":"https:\/\/kechbureau.ma\/?page_id=3853"},{"@type":"ListItem","position":3,"name":"Konica Minolta bizhub C360"}]},{"@type":"WebSite","@id":"https:\/\/kechbureau.ma\/#website","url":"https:\/\/kechbureau.ma\/","name":"KECH BUREAU","description":"MARRAKECH BUREAU","potentialAction":[{"@type":"SearchAction","target":{"@type":"EntryPoint","urlTemplate":"https:\/\/kechbureau.ma\/?s={search_term_string}"},"query-input":{"@type":"PropertyValueSpecification","valueRequired":true,"valueName":"search_term_string"}}],"inLanguage":"fr-FR"}]}},"_links":{"self":[{"href":"https:\/\/kechbureau.ma\/index.php?rest_route=\/wp\/v2\/product\/12663","targetHints":{"allow":["GET"]}}],"collection":[{"href":"https:\/\/kechbureau.ma\/index.php?rest_route=\/wp\/v2\/product"}],"about":[{"href":"https:\/\/kechbureau.ma\/index.php?rest_route=\/wp\/v2\/types\/product"}],"replies":[{"embeddable":true,"href":"https:\/\/kechbureau.ma\/index.php?rest_route=%2Fwp%2Fv2%2Fcomments&post=12663"}],"wp:featuredmedia":[{"embeddable":true,"href":"https:\/\/kechbureau.ma\/index.php?rest_route=\/wp\/v2\/media\/12665"}],"wp:attachment":[{"href":"https:\/\/kechbureau.ma\/index.php?rest_route=%2Fwp%2Fv2%2Fmedia&parent=12663"}],"wp:term":[{"taxonomy":"product_brand","embeddable":true,"href":"https:\/\/kechbureau.ma\/index.php?rest_route=%2Fwp%2Fv2%2Fproduct_brand&post=12663"},{"taxonomy":"product_cat","embeddable":true,"href":"https:\/\/kechbureau.ma\/index.php?rest_route=%2Fwp%2Fv2%2Fproduct_cat&post=12663"},{"taxonomy":"product_tag","embeddable":true,"href":"https:\/\/kechbureau.ma\/index.php?rest_route=%2Fwp%2Fv2%2Fproduct_tag&post=12663"}],"curies":[{"name":"wp","href":"https:\/\/api.w.org\/{rel}","templated":true}]}}