{"id":12461,"date":"2021-06-06T13:37:32","date_gmt":"2021-06-06T11:37:32","guid":{"rendered":"https:\/\/kechbureau.ma\/?post_type=product&#038;p=12461"},"modified":"2021-06-06T13:37:33","modified_gmt":"2021-06-06T11:37:33","slug":"oraimo-ecouteurs-intra-auriculaires-filaires-pure-bass-et-son-hd-avec-microphone","status":"publish","type":"product","link":"https:\/\/kechbureau.ma\/?product=oraimo-ecouteurs-intra-auriculaires-filaires-pure-bass-et-son-hd-avec-microphone","title":{"rendered":"Oraimo \u00c9couteurs intra-auriculaires filaires Pure Bass et son HD avec microphone"},"content":{"rendered":"<ul>\n<li>Pure Bass &amp; HD Sound<\/li>\n<li>Embouts auriculaires confortables<\/li>\n<li>Contr\u00f4le \u00e0 bouton unique<\/li>\n<li>Marque: Oraimo<\/li>\n<li>Mod\u00e8le: OEP-E10<\/li>\n<li>La couleur noire<\/li>\n<li>Type: Intra-auriculaire<\/li>\n<\/ul>\n","protected":false},"excerpt":{"rendered":"<p>Pure Bass &amp; HD Sound Embouts auriculaires confortables Contr\u00f4le \u00e0 bouton unique Marque: Oraimo Mod\u00e8le: OEP-E10 La couleur noire Type: Intra-auriculaire<\/p>\n","protected":false},"featured_media":12462,"comment_status":"open","ping_status":"closed","template":"","meta":{"kk_blocks_editor_width":"","_kiokenblocks_attr":"","_kiokenblocks_dimensions":""},"product_brand":[],"product_cat":[667],"product_tag":[],"class_list":{"0":"post-12461","1":"product","2":"type-product","3":"status-publish","4":"has-post-thumbnail","6":"product_cat-accessoiremobile","8":"first","9":"instock","10":"taxable","11":"shipping-taxable","12":"purchasable","13":"product-type-simple"},"yoast_head":"<!-- This site is optimized with the Yoast SEO plugin v27.5 - https:\/\/yoast.com\/product\/yoast-seo-wordpress\/ -->\n<title>Oraimo \u00c9couteurs intra-auriculaires filaires Pure Bass et son HD avec microphone - KECH BUREAU<\/title>\n<meta name=\"robots\" content=\"index, follow, max-snippet:-1, max-image-preview:large, max-video-preview:-1\" \/>\n<link rel=\"canonical\" href=\"https:\/\/kechbureau.ma\/?product=oraimo-ecouteurs-intra-auriculaires-filaires-pure-bass-et-son-hd-avec-microphone\" \/>\n<meta property=\"og:locale\" content=\"fr_FR\" \/>\n<meta property=\"og:type\" content=\"article\" \/>\n<meta property=\"og:title\" content=\"Oraimo \u00c9couteurs intra-auriculaires filaires Pure Bass et son HD avec microphone - KECH BUREAU\" \/>\n<meta property=\"og:description\" content=\"Pure Bass &amp; HD Sound Embouts auriculaires confortables Contr\u00f4le \u00e0 bouton unique Marque: Oraimo Mod\u00e8le: OEP-E10 La couleur noire Type: Intra-auriculaire\" \/>\n<meta property=\"og:url\" content=\"https:\/\/kechbureau.ma\/?product=oraimo-ecouteurs-intra-auriculaires-filaires-pure-bass-et-son-hd-avec-microphone\" \/>\n<meta property=\"og:site_name\" content=\"KECH BUREAU\" \/>\n<meta property=\"article:modified_time\" content=\"2021-06-06T11:37:33+00:00\" \/>\n<meta property=\"og:image\" content=\"https:\/\/kechbureau.ma\/wp-content\/uploads\/2021\/06\/1-41.jpg\" \/>\n\t<meta property=\"og:image:width\" content=\"500\" \/>\n\t<meta property=\"og:image:height\" content=\"500\" \/>\n\t<meta property=\"og:image:type\" content=\"image\/jpeg\" \/>\n<meta name=\"twitter:card\" content=\"summary_large_image\" \/>\n<script type=\"application\/ld+json\" class=\"yoast-schema-graph\">{\"@context\":\"https:\\\/\\\/schema.org\",\"@graph\":[{\"@type\":\"WebPage\",\"@id\":\"https:\\\/\\\/kechbureau.ma\\\/?product=oraimo-ecouteurs-intra-auriculaires-filaires-pure-bass-et-son-hd-avec-microphone\",\"url\":\"https:\\\/\\\/kechbureau.ma\\\/?product=oraimo-ecouteurs-intra-auriculaires-filaires-pure-bass-et-son-hd-avec-microphone\",\"name\":\"Oraimo \u00c9couteurs intra-auriculaires filaires Pure Bass et son HD avec microphone - KECH BUREAU\",\"isPartOf\":{\"@id\":\"https:\\\/\\\/kechbureau.ma\\\/#website\"},\"primaryImageOfPage\":{\"@id\":\"https:\\\/\\\/kechbureau.ma\\\/?product=oraimo-ecouteurs-intra-auriculaires-filaires-pure-bass-et-son-hd-avec-microphone#primaryimage\"},\"image\":{\"@id\":\"https:\\\/\\\/kechbureau.ma\\\/?product=oraimo-ecouteurs-intra-auriculaires-filaires-pure-bass-et-son-hd-avec-microphone#primaryimage\"},\"thumbnailUrl\":\"https:\\\/\\\/kechbureau.ma\\\/wp-content\\\/uploads\\\/2021\\\/06\\\/1-41.jpg\",\"datePublished\":\"2021-06-06T11:37:32+00:00\",\"dateModified\":\"2021-06-06T11:37:33+00:00\",\"breadcrumb\":{\"@id\":\"https:\\\/\\\/kechbureau.ma\\\/?product=oraimo-ecouteurs-intra-auriculaires-filaires-pure-bass-et-son-hd-avec-microphone#breadcrumb\"},\"inLanguage\":\"fr-FR\",\"potentialAction\":[{\"@type\":\"ReadAction\",\"target\":[\"https:\\\/\\\/kechbureau.ma\\\/?product=oraimo-ecouteurs-intra-auriculaires-filaires-pure-bass-et-son-hd-avec-microphone\"]}]},{\"@type\":\"ImageObject\",\"inLanguage\":\"fr-FR\",\"@id\":\"https:\\\/\\\/kechbureau.ma\\\/?product=oraimo-ecouteurs-intra-auriculaires-filaires-pure-bass-et-son-hd-avec-microphone#primaryimage\",\"url\":\"https:\\\/\\\/kechbureau.ma\\\/wp-content\\\/uploads\\\/2021\\\/06\\\/1-41.jpg\",\"contentUrl\":\"https:\\\/\\\/kechbureau.ma\\\/wp-content\\\/uploads\\\/2021\\\/06\\\/1-41.jpg\",\"width\":500,\"height\":500},{\"@type\":\"BreadcrumbList\",\"@id\":\"https:\\\/\\\/kechbureau.ma\\\/?product=oraimo-ecouteurs-intra-auriculaires-filaires-pure-bass-et-son-hd-avec-microphone#breadcrumb\",\"itemListElement\":[{\"@type\":\"ListItem\",\"position\":1,\"name\":\"Accueil\",\"item\":\"https:\\\/\\\/kechbureau.ma\\\/\"},{\"@type\":\"ListItem\",\"position\":2,\"name\":\"Shop\",\"item\":\"https:\\\/\\\/kechbureau.ma\\\/?page_id=3853\"},{\"@type\":\"ListItem\",\"position\":3,\"name\":\"Oraimo \u00c9couteurs intra-auriculaires filaires Pure Bass et son HD avec microphone\"}]},{\"@type\":\"WebSite\",\"@id\":\"https:\\\/\\\/kechbureau.ma\\\/#website\",\"url\":\"https:\\\/\\\/kechbureau.ma\\\/\",\"name\":\"KECH BUREAU\",\"description\":\"MARRAKECH BUREAU\",\"potentialAction\":[{\"@type\":\"SearchAction\",\"target\":{\"@type\":\"EntryPoint\",\"urlTemplate\":\"https:\\\/\\\/kechbureau.ma\\\/?s={search_term_string}\"},\"query-input\":{\"@type\":\"PropertyValueSpecification\",\"valueRequired\":true,\"valueName\":\"search_term_string\"}}],\"inLanguage\":\"fr-FR\"}]}<\/script>\n<!-- \/ Yoast SEO plugin. -->","yoast_head_json":{"title":"Oraimo \u00c9couteurs intra-auriculaires filaires Pure Bass et son HD avec microphone - KECH BUREAU","robots":{"index":"index","follow":"follow","max-snippet":"max-snippet:-1","max-image-preview":"max-image-preview:large","max-video-preview":"max-video-preview:-1"},"canonical":"https:\/\/kechbureau.ma\/?product=oraimo-ecouteurs-intra-auriculaires-filaires-pure-bass-et-son-hd-avec-microphone","og_locale":"fr_FR","og_type":"article","og_title":"Oraimo \u00c9couteurs intra-auriculaires filaires Pure Bass et son HD avec microphone - KECH BUREAU","og_description":"Pure Bass &amp; HD Sound Embouts auriculaires confortables Contr\u00f4le \u00e0 bouton unique Marque: Oraimo Mod\u00e8le: OEP-E10 La couleur noire Type: Intra-auriculaire","og_url":"https:\/\/kechbureau.ma\/?product=oraimo-ecouteurs-intra-auriculaires-filaires-pure-bass-et-son-hd-avec-microphone","og_site_name":"KECH BUREAU","article_modified_time":"2021-06-06T11:37:33+00:00","og_image":[{"width":500,"height":500,"url":"https:\/\/kechbureau.ma\/wp-content\/uploads\/2021\/06\/1-41.jpg","type":"image\/jpeg"}],"twitter_card":"summary_large_image","schema":{"@context":"https:\/\/schema.org","@graph":[{"@type":"WebPage","@id":"https:\/\/kechbureau.ma\/?product=oraimo-ecouteurs-intra-auriculaires-filaires-pure-bass-et-son-hd-avec-microphone","url":"https:\/\/kechbureau.ma\/?product=oraimo-ecouteurs-intra-auriculaires-filaires-pure-bass-et-son-hd-avec-microphone","name":"Oraimo \u00c9couteurs intra-auriculaires filaires Pure Bass et son HD avec microphone - KECH BUREAU","isPartOf":{"@id":"https:\/\/kechbureau.ma\/#website"},"primaryImageOfPage":{"@id":"https:\/\/kechbureau.ma\/?product=oraimo-ecouteurs-intra-auriculaires-filaires-pure-bass-et-son-hd-avec-microphone#primaryimage"},"image":{"@id":"https:\/\/kechbureau.ma\/?product=oraimo-ecouteurs-intra-auriculaires-filaires-pure-bass-et-son-hd-avec-microphone#primaryimage"},"thumbnailUrl":"https:\/\/kechbureau.ma\/wp-content\/uploads\/2021\/06\/1-41.jpg","datePublished":"2021-06-06T11:37:32+00:00","dateModified":"2021-06-06T11:37:33+00:00","breadcrumb":{"@id":"https:\/\/kechbureau.ma\/?product=oraimo-ecouteurs-intra-auriculaires-filaires-pure-bass-et-son-hd-avec-microphone#breadcrumb"},"inLanguage":"fr-FR","potentialAction":[{"@type":"ReadAction","target":["https:\/\/kechbureau.ma\/?product=oraimo-ecouteurs-intra-auriculaires-filaires-pure-bass-et-son-hd-avec-microphone"]}]},{"@type":"ImageObject","inLanguage":"fr-FR","@id":"https:\/\/kechbureau.ma\/?product=oraimo-ecouteurs-intra-auriculaires-filaires-pure-bass-et-son-hd-avec-microphone#primaryimage","url":"https:\/\/kechbureau.ma\/wp-content\/uploads\/2021\/06\/1-41.jpg","contentUrl":"https:\/\/kechbureau.ma\/wp-content\/uploads\/2021\/06\/1-41.jpg","width":500,"height":500},{"@type":"BreadcrumbList","@id":"https:\/\/kechbureau.ma\/?product=oraimo-ecouteurs-intra-auriculaires-filaires-pure-bass-et-son-hd-avec-microphone#breadcrumb","itemListElement":[{"@type":"ListItem","position":1,"name":"Accueil","item":"https:\/\/kechbureau.ma\/"},{"@type":"ListItem","position":2,"name":"Shop","item":"https:\/\/kechbureau.ma\/?page_id=3853"},{"@type":"ListItem","position":3,"name":"Oraimo \u00c9couteurs intra-auriculaires filaires Pure Bass et son HD avec microphone"}]},{"@type":"WebSite","@id":"https:\/\/kechbureau.ma\/#website","url":"https:\/\/kechbureau.ma\/","name":"KECH BUREAU","description":"MARRAKECH BUREAU","potentialAction":[{"@type":"SearchAction","target":{"@type":"EntryPoint","urlTemplate":"https:\/\/kechbureau.ma\/?s={search_term_string}"},"query-input":{"@type":"PropertyValueSpecification","valueRequired":true,"valueName":"search_term_string"}}],"inLanguage":"fr-FR"}]}},"_links":{"self":[{"href":"https:\/\/kechbureau.ma\/index.php?rest_route=\/wp\/v2\/product\/12461","targetHints":{"allow":["GET"]}}],"collection":[{"href":"https:\/\/kechbureau.ma\/index.php?rest_route=\/wp\/v2\/product"}],"about":[{"href":"https:\/\/kechbureau.ma\/index.php?rest_route=\/wp\/v2\/types\/product"}],"replies":[{"embeddable":true,"href":"https:\/\/kechbureau.ma\/index.php?rest_route=%2Fwp%2Fv2%2Fcomments&post=12461"}],"wp:featuredmedia":[{"embeddable":true,"href":"https:\/\/kechbureau.ma\/index.php?rest_route=\/wp\/v2\/media\/12462"}],"wp:attachment":[{"href":"https:\/\/kechbureau.ma\/index.php?rest_route=%2Fwp%2Fv2%2Fmedia&parent=12461"}],"wp:term":[{"taxonomy":"product_brand","embeddable":true,"href":"https:\/\/kechbureau.ma\/index.php?rest_route=%2Fwp%2Fv2%2Fproduct_brand&post=12461"},{"taxonomy":"product_cat","embeddable":true,"href":"https:\/\/kechbureau.ma\/index.php?rest_route=%2Fwp%2Fv2%2Fproduct_cat&post=12461"},{"taxonomy":"product_tag","embeddable":true,"href":"https:\/\/kechbureau.ma\/index.php?rest_route=%2Fwp%2Fv2%2Fproduct_tag&post=12461"}],"curies":[{"name":"wp","href":"https:\/\/api.w.org\/{rel}","templated":true}]}}