{"id":12424,"date":"2021-06-06T13:26:19","date_gmt":"2021-06-06T11:26:19","guid":{"rendered":"https:\/\/kechbureau.ma\/?post_type=product&#038;p=12424"},"modified":"2021-06-06T13:26:20","modified_gmt":"2021-06-06T11:26:20","slug":"oraimo-allume-cigare-dual-usb-ultra-compact-chargeur-automobile","status":"publish","type":"product","link":"https:\/\/kechbureau.ma\/?product=oraimo-allume-cigare-dual-usb-ultra-compact-chargeur-automobile","title":{"rendered":"Oraimo Allume cigare &#8211; dual usb ultra compact chargeur automobile"},"content":{"rendered":"<p>oraimo d\u00e9veloppe des accessoires intelligents cool et cr\u00e9atifs pour les jeunes du monde entier, leur permettant d&#8217;explorer plus d&#8217;excitation.Double sortie avec v\u00e9ritable technologie de charge rapide 2.1A: compatible avec une entr\u00e9e 24 \/ 12V et fournit une sortie de charge haute vitesse 5.0V \/ 2.1A Max pour t\u00e9l\u00e9phones et tablettes. La technologie de charge intelligente exclusive garantit la charge la plus rapide<\/p>\n","protected":false},"excerpt":{"rendered":"<p>oraimo d\u00e9veloppe des accessoires intelligents cool et cr\u00e9atifs pour les jeunes du monde entier, leur permettant d&#8217;explorer plus d&#8217;excitation.Double sortie avec v\u00e9ritable technologie de charge rapide 2.1A: compatible avec une<\/p>\n","protected":false},"featured_media":12426,"comment_status":"open","ping_status":"closed","template":"","meta":{"kk_blocks_editor_width":"","_kiokenblocks_attr":"","_kiokenblocks_dimensions":""},"product_brand":[],"product_cat":[667],"product_tag":[],"class_list":{"0":"post-12424","1":"product","2":"type-product","3":"status-publish","4":"has-post-thumbnail","6":"product_cat-accessoiremobile","8":"first","9":"instock","10":"taxable","11":"shipping-taxable","12":"purchasable","13":"product-type-simple"},"yoast_head":"<!-- This site is optimized with the Yoast SEO plugin v27.5 - https:\/\/yoast.com\/product\/yoast-seo-wordpress\/ -->\n<title>Oraimo Allume cigare - dual usb ultra compact chargeur automobile - KECH BUREAU<\/title>\n<meta name=\"robots\" content=\"index, follow, max-snippet:-1, max-image-preview:large, max-video-preview:-1\" \/>\n<link rel=\"canonical\" href=\"https:\/\/kechbureau.ma\/?product=oraimo-allume-cigare-dual-usb-ultra-compact-chargeur-automobile\" \/>\n<meta property=\"og:locale\" content=\"fr_FR\" \/>\n<meta property=\"og:type\" content=\"article\" \/>\n<meta property=\"og:title\" content=\"Oraimo Allume cigare - dual usb ultra compact chargeur automobile - KECH BUREAU\" \/>\n<meta property=\"og:description\" content=\"oraimo d\u00e9veloppe des accessoires intelligents cool et cr\u00e9atifs pour les jeunes du monde entier, leur permettant d&#8217;explorer plus d&#8217;excitation.Double sortie avec v\u00e9ritable technologie de charge rapide 2.1A: compatible avec une\" \/>\n<meta property=\"og:url\" content=\"https:\/\/kechbureau.ma\/?product=oraimo-allume-cigare-dual-usb-ultra-compact-chargeur-automobile\" \/>\n<meta property=\"og:site_name\" content=\"KECH BUREAU\" \/>\n<meta property=\"article:modified_time\" content=\"2021-06-06T11:26:20+00:00\" \/>\n<meta property=\"og:image\" content=\"https:\/\/kechbureau.ma\/wp-content\/uploads\/2021\/06\/1-32.jpg\" \/>\n\t<meta property=\"og:image:width\" content=\"500\" \/>\n\t<meta property=\"og:image:height\" content=\"500\" \/>\n\t<meta property=\"og:image:type\" content=\"image\/jpeg\" \/>\n<meta name=\"twitter:card\" content=\"summary_large_image\" \/>\n<script type=\"application\/ld+json\" class=\"yoast-schema-graph\">{\"@context\":\"https:\\\/\\\/schema.org\",\"@graph\":[{\"@type\":\"WebPage\",\"@id\":\"https:\\\/\\\/kechbureau.ma\\\/?product=oraimo-allume-cigare-dual-usb-ultra-compact-chargeur-automobile\",\"url\":\"https:\\\/\\\/kechbureau.ma\\\/?product=oraimo-allume-cigare-dual-usb-ultra-compact-chargeur-automobile\",\"name\":\"Oraimo Allume cigare - dual usb ultra compact chargeur automobile - KECH BUREAU\",\"isPartOf\":{\"@id\":\"https:\\\/\\\/kechbureau.ma\\\/#website\"},\"primaryImageOfPage\":{\"@id\":\"https:\\\/\\\/kechbureau.ma\\\/?product=oraimo-allume-cigare-dual-usb-ultra-compact-chargeur-automobile#primaryimage\"},\"image\":{\"@id\":\"https:\\\/\\\/kechbureau.ma\\\/?product=oraimo-allume-cigare-dual-usb-ultra-compact-chargeur-automobile#primaryimage\"},\"thumbnailUrl\":\"https:\\\/\\\/kechbureau.ma\\\/wp-content\\\/uploads\\\/2021\\\/06\\\/1-32.jpg\",\"datePublished\":\"2021-06-06T11:26:19+00:00\",\"dateModified\":\"2021-06-06T11:26:20+00:00\",\"breadcrumb\":{\"@id\":\"https:\\\/\\\/kechbureau.ma\\\/?product=oraimo-allume-cigare-dual-usb-ultra-compact-chargeur-automobile#breadcrumb\"},\"inLanguage\":\"fr-FR\",\"potentialAction\":[{\"@type\":\"ReadAction\",\"target\":[\"https:\\\/\\\/kechbureau.ma\\\/?product=oraimo-allume-cigare-dual-usb-ultra-compact-chargeur-automobile\"]}]},{\"@type\":\"ImageObject\",\"inLanguage\":\"fr-FR\",\"@id\":\"https:\\\/\\\/kechbureau.ma\\\/?product=oraimo-allume-cigare-dual-usb-ultra-compact-chargeur-automobile#primaryimage\",\"url\":\"https:\\\/\\\/kechbureau.ma\\\/wp-content\\\/uploads\\\/2021\\\/06\\\/1-32.jpg\",\"contentUrl\":\"https:\\\/\\\/kechbureau.ma\\\/wp-content\\\/uploads\\\/2021\\\/06\\\/1-32.jpg\",\"width\":500,\"height\":500},{\"@type\":\"BreadcrumbList\",\"@id\":\"https:\\\/\\\/kechbureau.ma\\\/?product=oraimo-allume-cigare-dual-usb-ultra-compact-chargeur-automobile#breadcrumb\",\"itemListElement\":[{\"@type\":\"ListItem\",\"position\":1,\"name\":\"Accueil\",\"item\":\"https:\\\/\\\/kechbureau.ma\\\/\"},{\"@type\":\"ListItem\",\"position\":2,\"name\":\"Shop\",\"item\":\"https:\\\/\\\/kechbureau.ma\\\/?page_id=3853\"},{\"@type\":\"ListItem\",\"position\":3,\"name\":\"Oraimo Allume cigare &#8211; dual usb ultra compact chargeur automobile\"}]},{\"@type\":\"WebSite\",\"@id\":\"https:\\\/\\\/kechbureau.ma\\\/#website\",\"url\":\"https:\\\/\\\/kechbureau.ma\\\/\",\"name\":\"KECH BUREAU\",\"description\":\"MARRAKECH BUREAU\",\"potentialAction\":[{\"@type\":\"SearchAction\",\"target\":{\"@type\":\"EntryPoint\",\"urlTemplate\":\"https:\\\/\\\/kechbureau.ma\\\/?s={search_term_string}\"},\"query-input\":{\"@type\":\"PropertyValueSpecification\",\"valueRequired\":true,\"valueName\":\"search_term_string\"}}],\"inLanguage\":\"fr-FR\"}]}<\/script>\n<!-- \/ Yoast SEO plugin. -->","yoast_head_json":{"title":"Oraimo Allume cigare - dual usb ultra compact chargeur automobile - KECH BUREAU","robots":{"index":"index","follow":"follow","max-snippet":"max-snippet:-1","max-image-preview":"max-image-preview:large","max-video-preview":"max-video-preview:-1"},"canonical":"https:\/\/kechbureau.ma\/?product=oraimo-allume-cigare-dual-usb-ultra-compact-chargeur-automobile","og_locale":"fr_FR","og_type":"article","og_title":"Oraimo Allume cigare - dual usb ultra compact chargeur automobile - KECH BUREAU","og_description":"oraimo d\u00e9veloppe des accessoires intelligents cool et cr\u00e9atifs pour les jeunes du monde entier, leur permettant d&#8217;explorer plus d&#8217;excitation.Double sortie avec v\u00e9ritable technologie de charge rapide 2.1A: compatible avec une","og_url":"https:\/\/kechbureau.ma\/?product=oraimo-allume-cigare-dual-usb-ultra-compact-chargeur-automobile","og_site_name":"KECH BUREAU","article_modified_time":"2021-06-06T11:26:20+00:00","og_image":[{"width":500,"height":500,"url":"https:\/\/kechbureau.ma\/wp-content\/uploads\/2021\/06\/1-32.jpg","type":"image\/jpeg"}],"twitter_card":"summary_large_image","schema":{"@context":"https:\/\/schema.org","@graph":[{"@type":"WebPage","@id":"https:\/\/kechbureau.ma\/?product=oraimo-allume-cigare-dual-usb-ultra-compact-chargeur-automobile","url":"https:\/\/kechbureau.ma\/?product=oraimo-allume-cigare-dual-usb-ultra-compact-chargeur-automobile","name":"Oraimo Allume cigare - dual usb ultra compact chargeur automobile - KECH BUREAU","isPartOf":{"@id":"https:\/\/kechbureau.ma\/#website"},"primaryImageOfPage":{"@id":"https:\/\/kechbureau.ma\/?product=oraimo-allume-cigare-dual-usb-ultra-compact-chargeur-automobile#primaryimage"},"image":{"@id":"https:\/\/kechbureau.ma\/?product=oraimo-allume-cigare-dual-usb-ultra-compact-chargeur-automobile#primaryimage"},"thumbnailUrl":"https:\/\/kechbureau.ma\/wp-content\/uploads\/2021\/06\/1-32.jpg","datePublished":"2021-06-06T11:26:19+00:00","dateModified":"2021-06-06T11:26:20+00:00","breadcrumb":{"@id":"https:\/\/kechbureau.ma\/?product=oraimo-allume-cigare-dual-usb-ultra-compact-chargeur-automobile#breadcrumb"},"inLanguage":"fr-FR","potentialAction":[{"@type":"ReadAction","target":["https:\/\/kechbureau.ma\/?product=oraimo-allume-cigare-dual-usb-ultra-compact-chargeur-automobile"]}]},{"@type":"ImageObject","inLanguage":"fr-FR","@id":"https:\/\/kechbureau.ma\/?product=oraimo-allume-cigare-dual-usb-ultra-compact-chargeur-automobile#primaryimage","url":"https:\/\/kechbureau.ma\/wp-content\/uploads\/2021\/06\/1-32.jpg","contentUrl":"https:\/\/kechbureau.ma\/wp-content\/uploads\/2021\/06\/1-32.jpg","width":500,"height":500},{"@type":"BreadcrumbList","@id":"https:\/\/kechbureau.ma\/?product=oraimo-allume-cigare-dual-usb-ultra-compact-chargeur-automobile#breadcrumb","itemListElement":[{"@type":"ListItem","position":1,"name":"Accueil","item":"https:\/\/kechbureau.ma\/"},{"@type":"ListItem","position":2,"name":"Shop","item":"https:\/\/kechbureau.ma\/?page_id=3853"},{"@type":"ListItem","position":3,"name":"Oraimo Allume cigare &#8211; dual usb ultra compact chargeur automobile"}]},{"@type":"WebSite","@id":"https:\/\/kechbureau.ma\/#website","url":"https:\/\/kechbureau.ma\/","name":"KECH BUREAU","description":"MARRAKECH BUREAU","potentialAction":[{"@type":"SearchAction","target":{"@type":"EntryPoint","urlTemplate":"https:\/\/kechbureau.ma\/?s={search_term_string}"},"query-input":{"@type":"PropertyValueSpecification","valueRequired":true,"valueName":"search_term_string"}}],"inLanguage":"fr-FR"}]}},"_links":{"self":[{"href":"https:\/\/kechbureau.ma\/index.php?rest_route=\/wp\/v2\/product\/12424","targetHints":{"allow":["GET"]}}],"collection":[{"href":"https:\/\/kechbureau.ma\/index.php?rest_route=\/wp\/v2\/product"}],"about":[{"href":"https:\/\/kechbureau.ma\/index.php?rest_route=\/wp\/v2\/types\/product"}],"replies":[{"embeddable":true,"href":"https:\/\/kechbureau.ma\/index.php?rest_route=%2Fwp%2Fv2%2Fcomments&post=12424"}],"wp:featuredmedia":[{"embeddable":true,"href":"https:\/\/kechbureau.ma\/index.php?rest_route=\/wp\/v2\/media\/12426"}],"wp:attachment":[{"href":"https:\/\/kechbureau.ma\/index.php?rest_route=%2Fwp%2Fv2%2Fmedia&parent=12424"}],"wp:term":[{"taxonomy":"product_brand","embeddable":true,"href":"https:\/\/kechbureau.ma\/index.php?rest_route=%2Fwp%2Fv2%2Fproduct_brand&post=12424"},{"taxonomy":"product_cat","embeddable":true,"href":"https:\/\/kechbureau.ma\/index.php?rest_route=%2Fwp%2Fv2%2Fproduct_cat&post=12424"},{"taxonomy":"product_tag","embeddable":true,"href":"https:\/\/kechbureau.ma\/index.php?rest_route=%2Fwp%2Fv2%2Fproduct_tag&post=12424"}],"curies":[{"name":"wp","href":"https:\/\/api.w.org\/{rel}","templated":true}]}}