{"id":12396,"date":"2021-06-06T13:06:25","date_gmt":"2021-06-06T11:06:25","guid":{"rendered":"https:\/\/kechbureau.ma\/?post_type=product&#038;p=12396"},"modified":"2021-06-06T13:06:25","modified_gmt":"2021-06-06T11:06:25","slug":"dml-pack-clavier-souris-de-jeu-gaming-lumiere-reglable-retro-eclaire-led-dl-gk550cm","status":"publish","type":"product","link":"https:\/\/kechbureau.ma\/?product=dml-pack-clavier-souris-de-jeu-gaming-lumiere-reglable-retro-eclaire-led-dl-gk550cm","title":{"rendered":"Dml Pack Clavier Souris de jeu Gaming Lumiere Reglable R\u00e9tro-Eclair\u00e9 LED DL-GK550CM"},"content":{"rendered":"<p>Pack Clavier Souris de jeu Gaming Lumiere Reglable R\u00e9tro-Eclair\u00e9 LED Caract\u00e9ristiques\u00a0 ( DL-GK550CM )<br \/>\nD\u00e9couvrez la derni\u00e8re solution de jeu pour clavier et souris de DML, le DL-GK550CM . Il dispose de trois couleurs (bleu, rouge et violet) avec chacune trois niveaux d\u2019intensit\u00e9. Son design robuste et novateur compl\u00e8te ce magnifique clavier qui a \u00e9t\u00e9 d\u00e9velopp\u00e9 pour offrir style, confort et qualit\u00e9 aux joueurs les plus exigeants. Ce combo Gamer comprend un clavier multim\u00e9dia et une souris optique qui vous permettront d\u2019appr\u00e9cier vos t\u00e2ches et de longues heures de jeu. Il comporte dix touches de raccourci pour les fonctions multim\u00e9dia et Internet. La souris a 4 niveaux de vitesse, 800\/1200\/1600\/2400 Dpi, intervention simple en cas d&#8217;urgence. Connecteur USB, 7 lumi\u00e8res color\u00e9es qui brillent dans le noir.<br \/>\nGarantie pour dommages ou d\u00e9fauts d\u2019usine.<br \/>\n<b>Sp\u00e9cifications du clavier<\/b><br \/>\nConception ergonomique pour \u00e9viter les mauvaises postures lors de l&#8217;utilisation du PCConfort et fra\u00eecheur pour les longues journ\u00e9es de jeuAucune installation requiseSyst\u00e8me d&#8217;impression sp\u00e9cial sur chaque touche garantissant la durabilit\u00e9 de l&#8217;encreUltra l\u00e9gerLongueur de c\u00e2ble: 1,5 m\u00e8tres10 touches multim\u00e9diaCompatible Windows et MACNombre de cl\u00e9s: 114Il a trois couleurs (bleu, rouge et violet)Mesure du produit: 21x4x49.5cm<b>Sp\u00e9cifications de la souris<\/b><br \/>\nConception ergonomique afin d&#8217;\u00e9viter le probl\u00e8me du canal carpienConfort et fra\u00eecheur pour les longues journ\u00e9es de jeuAucune installation requiseConnexion USB 2.0Longueur de c\u00e2ble: 150cmDPI ajustable: 800\/1200\/1600\/24006 boutons7 lumi\u00e8res color\u00e9esMesure du produit: 7.5&#215;3.5x11cm<\/p>\n","protected":false},"excerpt":{"rendered":"<p>Pack Clavier Souris de jeu Gaming Lumiere Reglable R\u00e9tro-Eclair\u00e9 LED Caract\u00e9ristiques\u00a0 ( DL-GK550CM ) D\u00e9couvrez la derni\u00e8re solution de jeu pour clavier et souris de DML, le DL-GK550CM . Il<\/p>\n","protected":false},"featured_media":12397,"comment_status":"open","ping_status":"closed","template":"","meta":{"kk_blocks_editor_width":"","_kiokenblocks_attr":"","_kiokenblocks_dimensions":""},"product_brand":[],"product_cat":[632,630],"product_tag":[],"class_list":{"0":"post-12396","1":"product","2":"type-product","3":"status-publish","4":"has-post-thumbnail","6":"product_cat-claviers-souris","7":"product_cat-peripheriques","9":"first","10":"instock","11":"taxable","12":"shipping-taxable","13":"purchasable","14":"product-type-simple"},"yoast_head":"<!-- This site is optimized with the Yoast SEO plugin v27.5 - https:\/\/yoast.com\/product\/yoast-seo-wordpress\/ -->\n<title>Dml Pack Clavier Souris de jeu Gaming Lumiere Reglable R\u00e9tro-Eclair\u00e9 LED DL-GK550CM - KECH BUREAU<\/title>\n<meta name=\"robots\" content=\"index, follow, max-snippet:-1, max-image-preview:large, max-video-preview:-1\" \/>\n<link rel=\"canonical\" href=\"https:\/\/kechbureau.ma\/?product=dml-pack-clavier-souris-de-jeu-gaming-lumiere-reglable-retro-eclaire-led-dl-gk550cm\" \/>\n<meta property=\"og:locale\" content=\"fr_FR\" \/>\n<meta property=\"og:type\" content=\"article\" \/>\n<meta property=\"og:title\" content=\"Dml Pack Clavier Souris de jeu Gaming Lumiere Reglable R\u00e9tro-Eclair\u00e9 LED DL-GK550CM - KECH BUREAU\" \/>\n<meta property=\"og:description\" content=\"Pack Clavier Souris de jeu Gaming Lumiere Reglable R\u00e9tro-Eclair\u00e9 LED Caract\u00e9ristiques\u00a0 ( DL-GK550CM ) D\u00e9couvrez la derni\u00e8re solution de jeu pour clavier et souris de DML, le DL-GK550CM . Il\" \/>\n<meta property=\"og:url\" content=\"https:\/\/kechbureau.ma\/?product=dml-pack-clavier-souris-de-jeu-gaming-lumiere-reglable-retro-eclaire-led-dl-gk550cm\" \/>\n<meta property=\"og:site_name\" content=\"KECH BUREAU\" \/>\n<meta property=\"og:image\" content=\"https:\/\/kechbureau.ma\/wp-content\/uploads\/2021\/06\/1-28.jpg\" \/>\n\t<meta property=\"og:image:width\" content=\"500\" \/>\n\t<meta property=\"og:image:height\" content=\"500\" \/>\n\t<meta property=\"og:image:type\" content=\"image\/jpeg\" \/>\n<meta name=\"twitter:card\" content=\"summary_large_image\" \/>\n<meta name=\"twitter:label1\" content=\"Dur\u00e9e de lecture estim\u00e9e\" \/>\n\t<meta name=\"twitter:data1\" content=\"1 minute\" \/>\n<script type=\"application\/ld+json\" class=\"yoast-schema-graph\">{\"@context\":\"https:\\\/\\\/schema.org\",\"@graph\":[{\"@type\":\"WebPage\",\"@id\":\"https:\\\/\\\/kechbureau.ma\\\/?product=dml-pack-clavier-souris-de-jeu-gaming-lumiere-reglable-retro-eclaire-led-dl-gk550cm\",\"url\":\"https:\\\/\\\/kechbureau.ma\\\/?product=dml-pack-clavier-souris-de-jeu-gaming-lumiere-reglable-retro-eclaire-led-dl-gk550cm\",\"name\":\"Dml Pack Clavier Souris de jeu Gaming Lumiere Reglable R\u00e9tro-Eclair\u00e9 LED DL-GK550CM - KECH BUREAU\",\"isPartOf\":{\"@id\":\"https:\\\/\\\/kechbureau.ma\\\/#website\"},\"primaryImageOfPage\":{\"@id\":\"https:\\\/\\\/kechbureau.ma\\\/?product=dml-pack-clavier-souris-de-jeu-gaming-lumiere-reglable-retro-eclaire-led-dl-gk550cm#primaryimage\"},\"image\":{\"@id\":\"https:\\\/\\\/kechbureau.ma\\\/?product=dml-pack-clavier-souris-de-jeu-gaming-lumiere-reglable-retro-eclaire-led-dl-gk550cm#primaryimage\"},\"thumbnailUrl\":\"https:\\\/\\\/kechbureau.ma\\\/wp-content\\\/uploads\\\/2021\\\/06\\\/1-28.jpg\",\"datePublished\":\"2021-06-06T11:06:25+00:00\",\"breadcrumb\":{\"@id\":\"https:\\\/\\\/kechbureau.ma\\\/?product=dml-pack-clavier-souris-de-jeu-gaming-lumiere-reglable-retro-eclaire-led-dl-gk550cm#breadcrumb\"},\"inLanguage\":\"fr-FR\",\"potentialAction\":[{\"@type\":\"ReadAction\",\"target\":[\"https:\\\/\\\/kechbureau.ma\\\/?product=dml-pack-clavier-souris-de-jeu-gaming-lumiere-reglable-retro-eclaire-led-dl-gk550cm\"]}]},{\"@type\":\"ImageObject\",\"inLanguage\":\"fr-FR\",\"@id\":\"https:\\\/\\\/kechbureau.ma\\\/?product=dml-pack-clavier-souris-de-jeu-gaming-lumiere-reglable-retro-eclaire-led-dl-gk550cm#primaryimage\",\"url\":\"https:\\\/\\\/kechbureau.ma\\\/wp-content\\\/uploads\\\/2021\\\/06\\\/1-28.jpg\",\"contentUrl\":\"https:\\\/\\\/kechbureau.ma\\\/wp-content\\\/uploads\\\/2021\\\/06\\\/1-28.jpg\",\"width\":500,\"height\":500},{\"@type\":\"BreadcrumbList\",\"@id\":\"https:\\\/\\\/kechbureau.ma\\\/?product=dml-pack-clavier-souris-de-jeu-gaming-lumiere-reglable-retro-eclaire-led-dl-gk550cm#breadcrumb\",\"itemListElement\":[{\"@type\":\"ListItem\",\"position\":1,\"name\":\"Accueil\",\"item\":\"https:\\\/\\\/kechbureau.ma\\\/\"},{\"@type\":\"ListItem\",\"position\":2,\"name\":\"Shop\",\"item\":\"https:\\\/\\\/kechbureau.ma\\\/?page_id=3853\"},{\"@type\":\"ListItem\",\"position\":3,\"name\":\"Dml Pack Clavier Souris de jeu Gaming Lumiere Reglable R\u00e9tro-Eclair\u00e9 LED DL-GK550CM\"}]},{\"@type\":\"WebSite\",\"@id\":\"https:\\\/\\\/kechbureau.ma\\\/#website\",\"url\":\"https:\\\/\\\/kechbureau.ma\\\/\",\"name\":\"KECH BUREAU\",\"description\":\"MARRAKECH BUREAU\",\"potentialAction\":[{\"@type\":\"SearchAction\",\"target\":{\"@type\":\"EntryPoint\",\"urlTemplate\":\"https:\\\/\\\/kechbureau.ma\\\/?s={search_term_string}\"},\"query-input\":{\"@type\":\"PropertyValueSpecification\",\"valueRequired\":true,\"valueName\":\"search_term_string\"}}],\"inLanguage\":\"fr-FR\"}]}<\/script>\n<!-- \/ Yoast SEO plugin. -->","yoast_head_json":{"title":"Dml Pack Clavier Souris de jeu Gaming Lumiere Reglable R\u00e9tro-Eclair\u00e9 LED DL-GK550CM - KECH BUREAU","robots":{"index":"index","follow":"follow","max-snippet":"max-snippet:-1","max-image-preview":"max-image-preview:large","max-video-preview":"max-video-preview:-1"},"canonical":"https:\/\/kechbureau.ma\/?product=dml-pack-clavier-souris-de-jeu-gaming-lumiere-reglable-retro-eclaire-led-dl-gk550cm","og_locale":"fr_FR","og_type":"article","og_title":"Dml Pack Clavier Souris de jeu Gaming Lumiere Reglable R\u00e9tro-Eclair\u00e9 LED DL-GK550CM - KECH BUREAU","og_description":"Pack Clavier Souris de jeu Gaming Lumiere Reglable R\u00e9tro-Eclair\u00e9 LED Caract\u00e9ristiques\u00a0 ( DL-GK550CM ) D\u00e9couvrez la derni\u00e8re solution de jeu pour clavier et souris de DML, le DL-GK550CM . Il","og_url":"https:\/\/kechbureau.ma\/?product=dml-pack-clavier-souris-de-jeu-gaming-lumiere-reglable-retro-eclaire-led-dl-gk550cm","og_site_name":"KECH BUREAU","og_image":[{"width":500,"height":500,"url":"https:\/\/kechbureau.ma\/wp-content\/uploads\/2021\/06\/1-28.jpg","type":"image\/jpeg"}],"twitter_card":"summary_large_image","twitter_misc":{"Dur\u00e9e de lecture estim\u00e9e":"1 minute"},"schema":{"@context":"https:\/\/schema.org","@graph":[{"@type":"WebPage","@id":"https:\/\/kechbureau.ma\/?product=dml-pack-clavier-souris-de-jeu-gaming-lumiere-reglable-retro-eclaire-led-dl-gk550cm","url":"https:\/\/kechbureau.ma\/?product=dml-pack-clavier-souris-de-jeu-gaming-lumiere-reglable-retro-eclaire-led-dl-gk550cm","name":"Dml Pack Clavier Souris de jeu Gaming Lumiere Reglable R\u00e9tro-Eclair\u00e9 LED DL-GK550CM - KECH BUREAU","isPartOf":{"@id":"https:\/\/kechbureau.ma\/#website"},"primaryImageOfPage":{"@id":"https:\/\/kechbureau.ma\/?product=dml-pack-clavier-souris-de-jeu-gaming-lumiere-reglable-retro-eclaire-led-dl-gk550cm#primaryimage"},"image":{"@id":"https:\/\/kechbureau.ma\/?product=dml-pack-clavier-souris-de-jeu-gaming-lumiere-reglable-retro-eclaire-led-dl-gk550cm#primaryimage"},"thumbnailUrl":"https:\/\/kechbureau.ma\/wp-content\/uploads\/2021\/06\/1-28.jpg","datePublished":"2021-06-06T11:06:25+00:00","breadcrumb":{"@id":"https:\/\/kechbureau.ma\/?product=dml-pack-clavier-souris-de-jeu-gaming-lumiere-reglable-retro-eclaire-led-dl-gk550cm#breadcrumb"},"inLanguage":"fr-FR","potentialAction":[{"@type":"ReadAction","target":["https:\/\/kechbureau.ma\/?product=dml-pack-clavier-souris-de-jeu-gaming-lumiere-reglable-retro-eclaire-led-dl-gk550cm"]}]},{"@type":"ImageObject","inLanguage":"fr-FR","@id":"https:\/\/kechbureau.ma\/?product=dml-pack-clavier-souris-de-jeu-gaming-lumiere-reglable-retro-eclaire-led-dl-gk550cm#primaryimage","url":"https:\/\/kechbureau.ma\/wp-content\/uploads\/2021\/06\/1-28.jpg","contentUrl":"https:\/\/kechbureau.ma\/wp-content\/uploads\/2021\/06\/1-28.jpg","width":500,"height":500},{"@type":"BreadcrumbList","@id":"https:\/\/kechbureau.ma\/?product=dml-pack-clavier-souris-de-jeu-gaming-lumiere-reglable-retro-eclaire-led-dl-gk550cm#breadcrumb","itemListElement":[{"@type":"ListItem","position":1,"name":"Accueil","item":"https:\/\/kechbureau.ma\/"},{"@type":"ListItem","position":2,"name":"Shop","item":"https:\/\/kechbureau.ma\/?page_id=3853"},{"@type":"ListItem","position":3,"name":"Dml Pack Clavier Souris de jeu Gaming Lumiere Reglable R\u00e9tro-Eclair\u00e9 LED DL-GK550CM"}]},{"@type":"WebSite","@id":"https:\/\/kechbureau.ma\/#website","url":"https:\/\/kechbureau.ma\/","name":"KECH BUREAU","description":"MARRAKECH BUREAU","potentialAction":[{"@type":"SearchAction","target":{"@type":"EntryPoint","urlTemplate":"https:\/\/kechbureau.ma\/?s={search_term_string}"},"query-input":{"@type":"PropertyValueSpecification","valueRequired":true,"valueName":"search_term_string"}}],"inLanguage":"fr-FR"}]}},"_links":{"self":[{"href":"https:\/\/kechbureau.ma\/index.php?rest_route=\/wp\/v2\/product\/12396","targetHints":{"allow":["GET"]}}],"collection":[{"href":"https:\/\/kechbureau.ma\/index.php?rest_route=\/wp\/v2\/product"}],"about":[{"href":"https:\/\/kechbureau.ma\/index.php?rest_route=\/wp\/v2\/types\/product"}],"replies":[{"embeddable":true,"href":"https:\/\/kechbureau.ma\/index.php?rest_route=%2Fwp%2Fv2%2Fcomments&post=12396"}],"wp:featuredmedia":[{"embeddable":true,"href":"https:\/\/kechbureau.ma\/index.php?rest_route=\/wp\/v2\/media\/12397"}],"wp:attachment":[{"href":"https:\/\/kechbureau.ma\/index.php?rest_route=%2Fwp%2Fv2%2Fmedia&parent=12396"}],"wp:term":[{"taxonomy":"product_brand","embeddable":true,"href":"https:\/\/kechbureau.ma\/index.php?rest_route=%2Fwp%2Fv2%2Fproduct_brand&post=12396"},{"taxonomy":"product_cat","embeddable":true,"href":"https:\/\/kechbureau.ma\/index.php?rest_route=%2Fwp%2Fv2%2Fproduct_cat&post=12396"},{"taxonomy":"product_tag","embeddable":true,"href":"https:\/\/kechbureau.ma\/index.php?rest_route=%2Fwp%2Fv2%2Fproduct_tag&post=12396"}],"curies":[{"name":"wp","href":"https:\/\/api.w.org\/{rel}","templated":true}]}}