{"id":12381,"date":"2021-06-06T12:54:41","date_gmt":"2021-06-06T10:54:41","guid":{"rendered":"https:\/\/kechbureau.ma\/?post_type=product&#038;p=12381"},"modified":"2022-01-31T19:42:51","modified_gmt":"2022-01-31T18:42:51","slug":"eaton-5e-650va-usb-230v","status":"publish","type":"product","link":"https:\/\/kechbureau.ma\/?product=eaton-5e-650va-usb-230v","title":{"rendered":"Onduleur Eaton 5E 650VA USB 230V"},"content":{"rendered":"<table class=\"dataTable mainSKUTable\">\n<tbody>\n<tr>\n<td><\/td>\n<\/tr>\n<tr>\n<td class=\"TableHead\" colspan=\"2\">G\u00e9n\u00e9ralit\u00e9s<\/td>\n<\/tr>\n<tr>\n<td>Topologie<\/td>\n<td>Line interactive avec AVR (R\u00e9gulation de tension automatique)<\/td>\n<\/tr>\n<tr>\n<td>Configuration<\/td>\n<td>Tour<\/td>\n<\/tr>\n<tr>\n<td>Num\u00e9ro du mod\u00e8le<\/td>\n<td>5E650iUSB<\/td>\n<\/tr>\n<tr>\n<td>R\u00e9f\u00e9rences Commerciales<\/td>\n<td>5E650iUSB<\/td>\n<\/tr>\n<tr>\n<td>Puissance (VA\/Watts)<\/td>\n<td>650VA\/360W<\/td>\n<\/tr>\n<tr>\n<td>Dimensions H x l x P, mm<\/td>\n<td>288 x 148 x 100<\/td>\n<\/tr>\n<tr>\n<td>Poids kg<\/td>\n<td>4.64<\/td>\n<\/tr>\n<tr>\n<td>Garantie<\/td>\n<td>2 ans<\/td>\n<\/tr>\n<tr>\n<td><\/td>\n<\/tr>\n<tr>\n<td class=\"TableHead\" colspan=\"2\">Entr\u00e9e<\/td>\n<\/tr>\n<tr>\n<td>Connexion d\u2019entr\u00e9e<\/td>\n<td>\n<div class=\"techImgWrapper\">\n<div>(1) IEC-320-C14<\/div>\n<p><img decoding=\"async\" src=\"http:\/\/powerquality.eaton.com\/\/images\/product-images\/plugs\/IEC-320-C14.gif\" alt=\"IEC C14\" width=\"75\" height=\"75\" \/><\/div>\n<\/td>\n<\/tr>\n<tr>\n<td>Gamme de tension<\/td>\n<td>170-280V<\/td>\n<\/tr>\n<tr>\n<td>Tension nominale<\/td>\n<td>230 V<\/td>\n<\/tr>\n<tr>\n<td>Fr\u00e9quence de fonctionnement<\/td>\n<td>50\/60Hz<\/td>\n<\/tr>\n<tr>\n<td><\/td>\n<\/tr>\n<tr>\n<td class=\"TableHead\" colspan=\"2\">Sortie<\/td>\n<\/tr>\n<tr>\n<td>Tension de sortie nominale<\/td>\n<td>230V<\/td>\n<\/tr>\n<tr>\n<td>Prises de sortie<\/td>\n<td>\n<div class=\"techImgWrapper\">\n<div>(4) IEC-320-C13<\/div>\n<p><img decoding=\"async\" src=\"http:\/\/powerquality.eaton.com\/\/images\/product-images\/plugs\/IEC-320-C13.gif\" alt=\"IEC C13\" width=\"75\" height=\"75\" \/><\/div>\n<\/td>\n<\/tr>\n<tr>\n<td><\/td>\n<\/tr>\n<tr>\n<td class=\"TableHead\" colspan=\"2\">Batterie<\/td>\n<\/tr>\n<tr>\n<td colspan=\"2\">\n<div>\n<div>\n<div id=\"yaxisLabel\">Autonomie<br \/>\n(Minutes)<\/div>\n<div id=\"placeholder\"><canvas class=\"base\" width=\"450\" height=\"350\"><\/canvas><canvas class=\"overlay\" width=\"450\" height=\"350\"><\/canvas><\/p>\n<div class=\"tickLabels\">\n<div class=\"xAxis x1Axis\">\n<div class=\"tickLabel\">50<\/div>\n<div class=\"tickLabel\">100<\/div>\n<div class=\"tickLabel\">150<\/div>\n<div class=\"tickLabel\">200<\/div>\n<div class=\"tickLabel\">250<\/div>\n<\/div>\n<div class=\"yAxis y1Axis\">\n<div class=\"tickLabel\">0<\/div>\n<div class=\"tickLabel\">5<\/div>\n<div class=\"tickLabel\">10<\/div>\n<div class=\"tickLabel\">15<\/div>\n<div class=\"tickLabel\">20<\/div>\n<div class=\"tickLabel\">25<\/div>\n<div class=\"tickLabel\">30<\/div>\n<div class=\"tickLabel\">35<\/div>\n<div class=\"tickLabel\">40<\/div>\n<div class=\"tickLabel\">45<\/div>\n<div class=\"tickLabel\">50<\/div>\n<div class=\"tickLabel\">55<\/div>\n<\/div>\n<\/div>\n<div class=\"legend\">\n<div><\/div>\n<table>\n<tbody>\n<tr>\n<td class=\"legendColorBox\">\n<div>\n<div><\/div>\n<\/div>\n<\/td>\n<td class=\"legendLabel\">Autonomie<br \/>\ntypique<\/td>\n<\/tr>\n<\/tbody>\n<\/table>\n<\/div>\n<\/div>\n<div>Charge (Watts)<\/div>\n<div>L\u2019autonomie d\u2019une batterie est approximative et peut varier selon l\u2019\u00e9quipement, l\u2019\u00e2ge de la batterie, la temp\u00e9rature, etc. L&#8217;autonomie indiqu\u00e9e peut varier de plus ou moins 15% selon les valeurs typiques.<\/div>\n<\/div>\n<div>\n<div id=\"hoverdata\">Charge (Watts):\u00a0<strong>188<\/strong><br \/>\nAutonomie<br \/>\ntypique:\u00a0<strong>7<\/strong><\/div>\n<\/div>\n<div><\/div>\n<\/div>\n<\/td>\n<\/tr>\n<tr>\n<td>Gestion des batteries<\/td>\n<td>Recharge batterie permanente, d\u00e9marrage \u00e0 froid<\/td>\n<\/tr>\n<tr>\n<td><\/td>\n<\/tr>\n<tr>\n<td class=\"TableHead\" colspan=\"2\">Communications<\/td>\n<\/tr>\n<tr>\n<td>Ports de communication standards<\/td>\n<td>1 port USB<\/td>\n<\/tr>\n<tr>\n<td>Logiciel de gestion de l&#8217;alimentation<\/td>\n<td>Logiciel Eaton UPS Companion<\/td>\n<\/tr>\n<tr>\n<td><\/td>\n<\/tr>\n<tr>\n<td class=\"TableHead\" colspan=\"2\">Environnement et s\u00e9curit\u00e9<\/td>\n<\/tr>\n<tr>\n<td>Bruit audible<\/td>\n<td>&lt;40dB<\/td>\n<\/tr>\n<tr>\n<td>Temp\u00e9rature de fonctionnement<\/td>\n<td>0 \u00e0 40\u00b0<\/td>\n<\/tr>\n<tr>\n<td>Performance &#8211; S\u00e9curit\u00e9 &#8211; CEM<\/td>\n<td>IEC\/EN 62040-2<\/td>\n<\/tr>\n<tr>\n<td>Marquage S\u00e9curit\u00e9<\/td>\n<td>IEC\/EN 62040-1<\/td>\n<\/tr>\n<tr>\n<td>Certifications<\/td>\n<td>CE, CB report (TUV)<\/td>\n<\/tr>\n<tr>\n<td>Protection lignes de donn\u00e9es<\/td>\n<td>Internet\/Tel\/Fax<\/td>\n<\/tr>\n<\/tbody>\n<\/table>\n","protected":false},"excerpt":{"rendered":"<p>G\u00e9n\u00e9ralit\u00e9s Topologie Line interactive avec AVR (R\u00e9gulation de tension automatique) Configuration Tour Num\u00e9ro du mod\u00e8le 5E650iUSB R\u00e9f\u00e9rences Commerciales 5E650iUSB Puissance (VA\/Watts) 650VA\/360W Dimensions H x l x P, mm 288<\/p>\n","protected":false},"featured_media":12383,"comment_status":"open","ping_status":"closed","template":"","meta":{"kk_blocks_editor_width":"","_kiokenblocks_attr":"","_kiokenblocks_dimensions":""},"product_brand":[],"product_cat":[634],"product_tag":[],"class_list":{"0":"post-12381","1":"product","2":"type-product","3":"status-publish","4":"has-post-thumbnail","6":"product_cat-onduleurs","8":"first","9":"instock","10":"taxable","11":"shipping-taxable","12":"purchasable","13":"product-type-simple"},"yoast_head":"<!-- This site is optimized with the Yoast SEO plugin v27.5 - https:\/\/yoast.com\/product\/yoast-seo-wordpress\/ -->\n<title>Onduleur Eaton 5E 650VA USB 230V - KECH BUREAU<\/title>\n<meta name=\"robots\" content=\"index, follow, max-snippet:-1, max-image-preview:large, max-video-preview:-1\" \/>\n<link rel=\"canonical\" href=\"https:\/\/kechbureau.ma\/?product=eaton-5e-650va-usb-230v\" \/>\n<meta property=\"og:locale\" content=\"fr_FR\" \/>\n<meta property=\"og:type\" content=\"article\" \/>\n<meta property=\"og:title\" content=\"Onduleur Eaton 5E 650VA USB 230V - KECH BUREAU\" \/>\n<meta property=\"og:description\" content=\"G\u00e9n\u00e9ralit\u00e9s Topologie Line interactive avec AVR (R\u00e9gulation de tension automatique) Configuration Tour Num\u00e9ro du mod\u00e8le 5E650iUSB R\u00e9f\u00e9rences Commerciales 5E650iUSB Puissance (VA\/Watts) 650VA\/360W Dimensions H x l x P, mm 288\" \/>\n<meta property=\"og:url\" content=\"https:\/\/kechbureau.ma\/?product=eaton-5e-650va-usb-230v\" \/>\n<meta property=\"og:site_name\" content=\"KECH BUREAU\" \/>\n<meta property=\"article:modified_time\" content=\"2022-01-31T18:42:51+00:00\" \/>\n<meta property=\"og:image\" content=\"https:\/\/kechbureau.ma\/wp-content\/uploads\/2021\/06\/eaton-onduleur-5e-650va-230v-5e650i.jpg\" \/>\n\t<meta property=\"og:image:width\" content=\"800\" \/>\n\t<meta property=\"og:image:height\" content=\"926\" \/>\n\t<meta property=\"og:image:type\" content=\"image\/jpeg\" \/>\n<meta name=\"twitter:card\" content=\"summary_large_image\" \/>\n<meta name=\"twitter:label1\" content=\"Dur\u00e9e de lecture estim\u00e9e\" \/>\n\t<meta name=\"twitter:data1\" content=\"1 minute\" \/>\n<script type=\"application\/ld+json\" class=\"yoast-schema-graph\">{\"@context\":\"https:\\\/\\\/schema.org\",\"@graph\":[{\"@type\":\"WebPage\",\"@id\":\"https:\\\/\\\/kechbureau.ma\\\/?product=eaton-5e-650va-usb-230v\",\"url\":\"https:\\\/\\\/kechbureau.ma\\\/?product=eaton-5e-650va-usb-230v\",\"name\":\"Onduleur Eaton 5E 650VA USB 230V - KECH BUREAU\",\"isPartOf\":{\"@id\":\"https:\\\/\\\/kechbureau.ma\\\/#website\"},\"primaryImageOfPage\":{\"@id\":\"https:\\\/\\\/kechbureau.ma\\\/?product=eaton-5e-650va-usb-230v#primaryimage\"},\"image\":{\"@id\":\"https:\\\/\\\/kechbureau.ma\\\/?product=eaton-5e-650va-usb-230v#primaryimage\"},\"thumbnailUrl\":\"https:\\\/\\\/kechbureau.ma\\\/wp-content\\\/uploads\\\/2021\\\/06\\\/eaton-onduleur-5e-650va-230v-5e650i.jpg\",\"datePublished\":\"2021-06-06T10:54:41+00:00\",\"dateModified\":\"2022-01-31T18:42:51+00:00\",\"breadcrumb\":{\"@id\":\"https:\\\/\\\/kechbureau.ma\\\/?product=eaton-5e-650va-usb-230v#breadcrumb\"},\"inLanguage\":\"fr-FR\",\"potentialAction\":[{\"@type\":\"ReadAction\",\"target\":[\"https:\\\/\\\/kechbureau.ma\\\/?product=eaton-5e-650va-usb-230v\"]}]},{\"@type\":\"ImageObject\",\"inLanguage\":\"fr-FR\",\"@id\":\"https:\\\/\\\/kechbureau.ma\\\/?product=eaton-5e-650va-usb-230v#primaryimage\",\"url\":\"https:\\\/\\\/kechbureau.ma\\\/wp-content\\\/uploads\\\/2021\\\/06\\\/eaton-onduleur-5e-650va-230v-5e650i.jpg\",\"contentUrl\":\"https:\\\/\\\/kechbureau.ma\\\/wp-content\\\/uploads\\\/2021\\\/06\\\/eaton-onduleur-5e-650va-230v-5e650i.jpg\",\"width\":800,\"height\":926},{\"@type\":\"BreadcrumbList\",\"@id\":\"https:\\\/\\\/kechbureau.ma\\\/?product=eaton-5e-650va-usb-230v#breadcrumb\",\"itemListElement\":[{\"@type\":\"ListItem\",\"position\":1,\"name\":\"Accueil\",\"item\":\"https:\\\/\\\/kechbureau.ma\\\/\"},{\"@type\":\"ListItem\",\"position\":2,\"name\":\"Shop\",\"item\":\"https:\\\/\\\/kechbureau.ma\\\/?page_id=3853\"},{\"@type\":\"ListItem\",\"position\":3,\"name\":\"Onduleur Eaton 5E 650VA USB 230V\"}]},{\"@type\":\"WebSite\",\"@id\":\"https:\\\/\\\/kechbureau.ma\\\/#website\",\"url\":\"https:\\\/\\\/kechbureau.ma\\\/\",\"name\":\"KECH BUREAU\",\"description\":\"MARRAKECH BUREAU\",\"potentialAction\":[{\"@type\":\"SearchAction\",\"target\":{\"@type\":\"EntryPoint\",\"urlTemplate\":\"https:\\\/\\\/kechbureau.ma\\\/?s={search_term_string}\"},\"query-input\":{\"@type\":\"PropertyValueSpecification\",\"valueRequired\":true,\"valueName\":\"search_term_string\"}}],\"inLanguage\":\"fr-FR\"}]}<\/script>\n<!-- \/ Yoast SEO plugin. -->","yoast_head_json":{"title":"Onduleur Eaton 5E 650VA USB 230V - KECH BUREAU","robots":{"index":"index","follow":"follow","max-snippet":"max-snippet:-1","max-image-preview":"max-image-preview:large","max-video-preview":"max-video-preview:-1"},"canonical":"https:\/\/kechbureau.ma\/?product=eaton-5e-650va-usb-230v","og_locale":"fr_FR","og_type":"article","og_title":"Onduleur Eaton 5E 650VA USB 230V - KECH BUREAU","og_description":"G\u00e9n\u00e9ralit\u00e9s Topologie Line interactive avec AVR (R\u00e9gulation de tension automatique) Configuration Tour Num\u00e9ro du mod\u00e8le 5E650iUSB R\u00e9f\u00e9rences Commerciales 5E650iUSB Puissance (VA\/Watts) 650VA\/360W Dimensions H x l x P, mm 288","og_url":"https:\/\/kechbureau.ma\/?product=eaton-5e-650va-usb-230v","og_site_name":"KECH BUREAU","article_modified_time":"2022-01-31T18:42:51+00:00","og_image":[{"width":800,"height":926,"url":"https:\/\/kechbureau.ma\/wp-content\/uploads\/2021\/06\/eaton-onduleur-5e-650va-230v-5e650i.jpg","type":"image\/jpeg"}],"twitter_card":"summary_large_image","twitter_misc":{"Dur\u00e9e de lecture estim\u00e9e":"1 minute"},"schema":{"@context":"https:\/\/schema.org","@graph":[{"@type":"WebPage","@id":"https:\/\/kechbureau.ma\/?product=eaton-5e-650va-usb-230v","url":"https:\/\/kechbureau.ma\/?product=eaton-5e-650va-usb-230v","name":"Onduleur Eaton 5E 650VA USB 230V - KECH BUREAU","isPartOf":{"@id":"https:\/\/kechbureau.ma\/#website"},"primaryImageOfPage":{"@id":"https:\/\/kechbureau.ma\/?product=eaton-5e-650va-usb-230v#primaryimage"},"image":{"@id":"https:\/\/kechbureau.ma\/?product=eaton-5e-650va-usb-230v#primaryimage"},"thumbnailUrl":"https:\/\/kechbureau.ma\/wp-content\/uploads\/2021\/06\/eaton-onduleur-5e-650va-230v-5e650i.jpg","datePublished":"2021-06-06T10:54:41+00:00","dateModified":"2022-01-31T18:42:51+00:00","breadcrumb":{"@id":"https:\/\/kechbureau.ma\/?product=eaton-5e-650va-usb-230v#breadcrumb"},"inLanguage":"fr-FR","potentialAction":[{"@type":"ReadAction","target":["https:\/\/kechbureau.ma\/?product=eaton-5e-650va-usb-230v"]}]},{"@type":"ImageObject","inLanguage":"fr-FR","@id":"https:\/\/kechbureau.ma\/?product=eaton-5e-650va-usb-230v#primaryimage","url":"https:\/\/kechbureau.ma\/wp-content\/uploads\/2021\/06\/eaton-onduleur-5e-650va-230v-5e650i.jpg","contentUrl":"https:\/\/kechbureau.ma\/wp-content\/uploads\/2021\/06\/eaton-onduleur-5e-650va-230v-5e650i.jpg","width":800,"height":926},{"@type":"BreadcrumbList","@id":"https:\/\/kechbureau.ma\/?product=eaton-5e-650va-usb-230v#breadcrumb","itemListElement":[{"@type":"ListItem","position":1,"name":"Accueil","item":"https:\/\/kechbureau.ma\/"},{"@type":"ListItem","position":2,"name":"Shop","item":"https:\/\/kechbureau.ma\/?page_id=3853"},{"@type":"ListItem","position":3,"name":"Onduleur Eaton 5E 650VA USB 230V"}]},{"@type":"WebSite","@id":"https:\/\/kechbureau.ma\/#website","url":"https:\/\/kechbureau.ma\/","name":"KECH BUREAU","description":"MARRAKECH BUREAU","potentialAction":[{"@type":"SearchAction","target":{"@type":"EntryPoint","urlTemplate":"https:\/\/kechbureau.ma\/?s={search_term_string}"},"query-input":{"@type":"PropertyValueSpecification","valueRequired":true,"valueName":"search_term_string"}}],"inLanguage":"fr-FR"}]}},"_links":{"self":[{"href":"https:\/\/kechbureau.ma\/index.php?rest_route=\/wp\/v2\/product\/12381","targetHints":{"allow":["GET"]}}],"collection":[{"href":"https:\/\/kechbureau.ma\/index.php?rest_route=\/wp\/v2\/product"}],"about":[{"href":"https:\/\/kechbureau.ma\/index.php?rest_route=\/wp\/v2\/types\/product"}],"replies":[{"embeddable":true,"href":"https:\/\/kechbureau.ma\/index.php?rest_route=%2Fwp%2Fv2%2Fcomments&post=12381"}],"wp:featuredmedia":[{"embeddable":true,"href":"https:\/\/kechbureau.ma\/index.php?rest_route=\/wp\/v2\/media\/12383"}],"wp:attachment":[{"href":"https:\/\/kechbureau.ma\/index.php?rest_route=%2Fwp%2Fv2%2Fmedia&parent=12381"}],"wp:term":[{"taxonomy":"product_brand","embeddable":true,"href":"https:\/\/kechbureau.ma\/index.php?rest_route=%2Fwp%2Fv2%2Fproduct_brand&post=12381"},{"taxonomy":"product_cat","embeddable":true,"href":"https:\/\/kechbureau.ma\/index.php?rest_route=%2Fwp%2Fv2%2Fproduct_cat&post=12381"},{"taxonomy":"product_tag","embeddable":true,"href":"https:\/\/kechbureau.ma\/index.php?rest_route=%2Fwp%2Fv2%2Fproduct_tag&post=12381"}],"curies":[{"name":"wp","href":"https:\/\/api.w.org\/{rel}","templated":true}]}}