{"id":12375,"date":"2021-06-06T12:50:47","date_gmt":"2021-06-06T10:50:47","guid":{"rendered":"https:\/\/kechbureau.ma\/?post_type=product&#038;p=12375"},"modified":"2021-06-06T12:50:47","modified_gmt":"2021-06-06T10:50:47","slug":"ecran-dell-27-p2719h","status":"publish","type":"product","link":"https:\/\/kechbureau.ma\/?product=ecran-dell-27-p2719h","title":{"rendered":"\u00c9cran Dell 27 : P2719H"},"content":{"rendered":"<div class=\"bottom-offset-30 row\">\n<div class=\"six columns\">\n<div class=\"tech-spec-title\">Type de p\u00e9riph\u00e9rique<\/div>\n<p>\u00c9cran LCD \u00e0 r\u00e9tro\u00e9clairage LED &#8211; 27&#8243;<\/p><\/div>\n<div class=\"six columns\">\n<div class=\"tech-spec-title\">Classe \u00e9nerg\u00e9tique<\/div>\n<p>Classe D<\/p><\/div>\n<\/div>\n<div class=\"bottom-offset-30 row\">\n<div class=\"six columns\">\n<div class=\"tech-spec-title\">Consommation d&#8217;\u00e9nergie annuelle<\/div>\n<p>27 kWh<\/p><\/div>\n<div class=\"six columns\">\n<div class=\"tech-spec-title\">Consommation \u00e9lectrique en mode marche<\/div>\n<p>15.1 Watt<\/p><\/div>\n<\/div>\n<div class=\"bottom-offset-30 row\">\n<div class=\"six columns\">\n<div class=\"tech-spec-title\">Caract\u00e9ristiques<\/div>\n<p>Concentrateur USB 3.0<\/p><\/div>\n<div class=\"six columns\">\n<div class=\"tech-spec-title\">Type de panneau<\/div>\n<p>IPS<\/p><\/div>\n<\/div>\n<div class=\"bottom-offset-30 row\">\n<div class=\"six columns\">\n<div class=\"tech-spec-title\">Facteur de forme<\/div>\n<p>16:9<\/p><\/div>\n<div class=\"six columns\">\n<div class=\"tech-spec-title\">R\u00e9solution native<\/div>\n<p>Full HD (1080p) 1920 x 1080 \u00e0 60 Hz<\/p><\/div>\n<\/div>\n<div class=\"bottom-offset-30 row\">\n<div class=\"six columns\">\n<div class=\"tech-spec-title\">Densit\u00e9 par pixel<\/div>\n<p>0.311 mm<\/p><\/div>\n<div class=\"six columns\">\n<div class=\"tech-spec-title\">Luminosit\u00e9<\/div>\n<p>300 cd\/m\u00b2<\/p><\/div>\n<\/div>\n<div class=\"bottom-offset-30 row\">\n<div class=\"six columns\">\n<div class=\"tech-spec-title\">Rapport de contraste<\/div>\n<p>1000:1<\/p><\/div>\n<div class=\"six columns\">\n<div class=\"tech-spec-title\">Temps de r\u00e9ponse<\/div>\n<p>8 ms (normal); 5 ms (rapide)<\/p><\/div>\n<\/div>\n<div class=\"bottom-offset-30 row\">\n<div class=\"six columns\">\n<div class=\"tech-spec-title\">Prise en charge des couleurs<\/div>\n<p>16,7 millions de couleurs<\/p><\/div>\n<div class=\"six columns\">\n<div class=\"tech-spec-title\">Connecteurs d&#8217;entr\u00e9e<\/div>\n<p>HDMI, VGA, DisplayPort<\/p><\/div>\n<\/div>\n<div class=\"bottom-offset-30 row\">\n<div class=\"six columns\">\n<div class=\"tech-spec-title\">R\u00e9glages de la position de l&#8217;\u00e9cran<\/div>\n<p>Hauteur, pivot (rotation), pivotant, inclinaison<\/p><\/div>\n<div class=\"six columns\">\n<div class=\"tech-spec-title\">Rev\u00eatement de l&#8217;\u00e9cran<\/div>\n<p>Anti-\u00e9blouissement, 3H Hard Coating<\/p><\/div>\n<\/div>\n<div class=\"bottom-offset-30 row\">\n<div class=\"six columns\">\n<div class=\"tech-spec-title\">Dimensions (LxPxH) &#8211; avec support<\/div>\n<p>60.99 cm x 18.5 cm x 39.43 cm<\/p><\/div>\n<div class=\"six columns\">\n<div class=\"tech-spec-title\">Poids<\/div>\n<p>6.28 kg<\/p><\/div>\n<\/div>\n<div class=\"bottom-offset-30 row\">\n<div class=\"six columns\">\n<div class=\"tech-spec-title\">Normes environnementales<\/div>\n<p>TCO Certified Displays 8, ENERGY STAR<\/p><\/div>\n<div class=\"six columns\">\n<div class=\"tech-spec-title\">Normes de conformit\u00e9<\/div>\n<p>Plug and Play, DDC\/CI, RoHS, compatible EDID, DisplayPort 1.2<\/p><\/div>\n<\/div>\n<div class=\"bottom-offset-30 row\">\n<div class=\"six columns\">\n<div class=\"tech-spec-title\">Services inclus<\/div>\n<p>3 ans de Advanced Exchange Service et Premium Panel Guarantee<\/p><\/div>\n<div class=\"six columns\">\n<div class=\"tech-spec-title\">Consommation \u00e9lectrique en veille<\/div>\n<p>0.2 Watt<\/p><\/div>\n<\/div>\n","protected":false},"excerpt":{"rendered":"<p>Type de p\u00e9riph\u00e9rique \u00c9cran LCD \u00e0 r\u00e9tro\u00e9clairage LED &#8211; 27&#8243; Classe \u00e9nerg\u00e9tique Classe D Consommation d&#8217;\u00e9nergie annuelle 27 kWh Consommation \u00e9lectrique en mode marche 15.1 Watt Caract\u00e9ristiques Concentrateur USB 3.0<\/p>\n","protected":false},"featured_media":12376,"comment_status":"open","ping_status":"closed","template":"","meta":{"kk_blocks_editor_width":"","_kiokenblocks_attr":"","_kiokenblocks_dimensions":""},"product_brand":[],"product_cat":[633],"product_tag":[],"class_list":{"0":"post-12375","1":"product","2":"type-product","3":"status-publish","4":"has-post-thumbnail","6":"product_cat-moniteurs","8":"first","9":"instock","10":"taxable","11":"shipping-taxable","12":"product-type-simple"},"yoast_head":"<!-- This site is optimized with the Yoast SEO plugin v27.3 - https:\/\/yoast.com\/product\/yoast-seo-wordpress\/ -->\n<title>\u00c9cran Dell 27 : P2719H - KECH BUREAU<\/title>\n<meta name=\"robots\" content=\"index, follow, max-snippet:-1, max-image-preview:large, max-video-preview:-1\" \/>\n<link rel=\"canonical\" href=\"https:\/\/kechbureau.ma\/?product=ecran-dell-27-p2719h\" \/>\n<meta property=\"og:locale\" content=\"fr_FR\" \/>\n<meta property=\"og:type\" content=\"article\" \/>\n<meta property=\"og:title\" content=\"\u00c9cran Dell 27 : P2719H - KECH BUREAU\" \/>\n<meta property=\"og:description\" content=\"Type de p\u00e9riph\u00e9rique \u00c9cran LCD \u00e0 r\u00e9tro\u00e9clairage LED &#8211; 27&#8243; Classe \u00e9nerg\u00e9tique Classe D Consommation d&#8217;\u00e9nergie annuelle 27 kWh Consommation \u00e9lectrique en mode marche 15.1 Watt Caract\u00e9ristiques Concentrateur USB 3.0\" \/>\n<meta property=\"og:url\" content=\"https:\/\/kechbureau.ma\/?product=ecran-dell-27-p2719h\" \/>\n<meta property=\"og:site_name\" content=\"KECH BUREAU\" \/>\n<meta property=\"og:image\" content=\"https:\/\/kechbureau.ma\/wp-content\/uploads\/2021\/06\/moniteur-dell-ecran-p2719h-led-27-p2719h-3y.jpg\" \/>\n\t<meta property=\"og:image:width\" content=\"1500\" \/>\n\t<meta property=\"og:image:height\" content=\"1163\" \/>\n\t<meta property=\"og:image:type\" content=\"image\/jpeg\" \/>\n<meta name=\"twitter:card\" content=\"summary_large_image\" \/>\n<meta name=\"twitter:label1\" content=\"Dur\u00e9e de lecture estim\u00e9e\" \/>\n\t<meta name=\"twitter:data1\" content=\"1 minute\" \/>\n<script type=\"application\/ld+json\" class=\"yoast-schema-graph\">{\"@context\":\"https:\\\/\\\/schema.org\",\"@graph\":[{\"@type\":\"WebPage\",\"@id\":\"https:\\\/\\\/kechbureau.ma\\\/?product=ecran-dell-27-p2719h\",\"url\":\"https:\\\/\\\/kechbureau.ma\\\/?product=ecran-dell-27-p2719h\",\"name\":\"\u00c9cran Dell 27 : P2719H - KECH BUREAU\",\"isPartOf\":{\"@id\":\"https:\\\/\\\/kechbureau.ma\\\/#website\"},\"primaryImageOfPage\":{\"@id\":\"https:\\\/\\\/kechbureau.ma\\\/?product=ecran-dell-27-p2719h#primaryimage\"},\"image\":{\"@id\":\"https:\\\/\\\/kechbureau.ma\\\/?product=ecran-dell-27-p2719h#primaryimage\"},\"thumbnailUrl\":\"https:\\\/\\\/kechbureau.ma\\\/wp-content\\\/uploads\\\/2021\\\/06\\\/moniteur-dell-ecran-p2719h-led-27-p2719h-3y.jpg\",\"datePublished\":\"2021-06-06T10:50:47+00:00\",\"breadcrumb\":{\"@id\":\"https:\\\/\\\/kechbureau.ma\\\/?product=ecran-dell-27-p2719h#breadcrumb\"},\"inLanguage\":\"fr-FR\",\"potentialAction\":[{\"@type\":\"ReadAction\",\"target\":[\"https:\\\/\\\/kechbureau.ma\\\/?product=ecran-dell-27-p2719h\"]}]},{\"@type\":\"ImageObject\",\"inLanguage\":\"fr-FR\",\"@id\":\"https:\\\/\\\/kechbureau.ma\\\/?product=ecran-dell-27-p2719h#primaryimage\",\"url\":\"https:\\\/\\\/kechbureau.ma\\\/wp-content\\\/uploads\\\/2021\\\/06\\\/moniteur-dell-ecran-p2719h-led-27-p2719h-3y.jpg\",\"contentUrl\":\"https:\\\/\\\/kechbureau.ma\\\/wp-content\\\/uploads\\\/2021\\\/06\\\/moniteur-dell-ecran-p2719h-led-27-p2719h-3y.jpg\",\"width\":1500,\"height\":1163},{\"@type\":\"BreadcrumbList\",\"@id\":\"https:\\\/\\\/kechbureau.ma\\\/?product=ecran-dell-27-p2719h#breadcrumb\",\"itemListElement\":[{\"@type\":\"ListItem\",\"position\":1,\"name\":\"Accueil\",\"item\":\"https:\\\/\\\/kechbureau.ma\\\/\"},{\"@type\":\"ListItem\",\"position\":2,\"name\":\"Shop\",\"item\":\"https:\\\/\\\/kechbureau.ma\\\/?page_id=3853\"},{\"@type\":\"ListItem\",\"position\":3,\"name\":\"\u00c9cran Dell 27 : P2719H\"}]},{\"@type\":\"WebSite\",\"@id\":\"https:\\\/\\\/kechbureau.ma\\\/#website\",\"url\":\"https:\\\/\\\/kechbureau.ma\\\/\",\"name\":\"KECH BUREAU\",\"description\":\"MARRAKECH BUREAU\",\"potentialAction\":[{\"@type\":\"SearchAction\",\"target\":{\"@type\":\"EntryPoint\",\"urlTemplate\":\"https:\\\/\\\/kechbureau.ma\\\/?s={search_term_string}\"},\"query-input\":{\"@type\":\"PropertyValueSpecification\",\"valueRequired\":true,\"valueName\":\"search_term_string\"}}],\"inLanguage\":\"fr-FR\"}]}<\/script>\n<!-- \/ Yoast SEO plugin. -->","yoast_head_json":{"title":"\u00c9cran Dell 27 : P2719H - KECH BUREAU","robots":{"index":"index","follow":"follow","max-snippet":"max-snippet:-1","max-image-preview":"max-image-preview:large","max-video-preview":"max-video-preview:-1"},"canonical":"https:\/\/kechbureau.ma\/?product=ecran-dell-27-p2719h","og_locale":"fr_FR","og_type":"article","og_title":"\u00c9cran Dell 27 : P2719H - KECH BUREAU","og_description":"Type de p\u00e9riph\u00e9rique \u00c9cran LCD \u00e0 r\u00e9tro\u00e9clairage LED &#8211; 27&#8243; Classe \u00e9nerg\u00e9tique Classe D Consommation d&#8217;\u00e9nergie annuelle 27 kWh Consommation \u00e9lectrique en mode marche 15.1 Watt Caract\u00e9ristiques Concentrateur USB 3.0","og_url":"https:\/\/kechbureau.ma\/?product=ecran-dell-27-p2719h","og_site_name":"KECH BUREAU","og_image":[{"width":1500,"height":1163,"url":"https:\/\/kechbureau.ma\/wp-content\/uploads\/2021\/06\/moniteur-dell-ecran-p2719h-led-27-p2719h-3y.jpg","type":"image\/jpeg"}],"twitter_card":"summary_large_image","twitter_misc":{"Dur\u00e9e de lecture estim\u00e9e":"1 minute"},"schema":{"@context":"https:\/\/schema.org","@graph":[{"@type":"WebPage","@id":"https:\/\/kechbureau.ma\/?product=ecran-dell-27-p2719h","url":"https:\/\/kechbureau.ma\/?product=ecran-dell-27-p2719h","name":"\u00c9cran Dell 27 : P2719H - KECH BUREAU","isPartOf":{"@id":"https:\/\/kechbureau.ma\/#website"},"primaryImageOfPage":{"@id":"https:\/\/kechbureau.ma\/?product=ecran-dell-27-p2719h#primaryimage"},"image":{"@id":"https:\/\/kechbureau.ma\/?product=ecran-dell-27-p2719h#primaryimage"},"thumbnailUrl":"https:\/\/kechbureau.ma\/wp-content\/uploads\/2021\/06\/moniteur-dell-ecran-p2719h-led-27-p2719h-3y.jpg","datePublished":"2021-06-06T10:50:47+00:00","breadcrumb":{"@id":"https:\/\/kechbureau.ma\/?product=ecran-dell-27-p2719h#breadcrumb"},"inLanguage":"fr-FR","potentialAction":[{"@type":"ReadAction","target":["https:\/\/kechbureau.ma\/?product=ecran-dell-27-p2719h"]}]},{"@type":"ImageObject","inLanguage":"fr-FR","@id":"https:\/\/kechbureau.ma\/?product=ecran-dell-27-p2719h#primaryimage","url":"https:\/\/kechbureau.ma\/wp-content\/uploads\/2021\/06\/moniteur-dell-ecran-p2719h-led-27-p2719h-3y.jpg","contentUrl":"https:\/\/kechbureau.ma\/wp-content\/uploads\/2021\/06\/moniteur-dell-ecran-p2719h-led-27-p2719h-3y.jpg","width":1500,"height":1163},{"@type":"BreadcrumbList","@id":"https:\/\/kechbureau.ma\/?product=ecran-dell-27-p2719h#breadcrumb","itemListElement":[{"@type":"ListItem","position":1,"name":"Accueil","item":"https:\/\/kechbureau.ma\/"},{"@type":"ListItem","position":2,"name":"Shop","item":"https:\/\/kechbureau.ma\/?page_id=3853"},{"@type":"ListItem","position":3,"name":"\u00c9cran Dell 27 : P2719H"}]},{"@type":"WebSite","@id":"https:\/\/kechbureau.ma\/#website","url":"https:\/\/kechbureau.ma\/","name":"KECH BUREAU","description":"MARRAKECH BUREAU","potentialAction":[{"@type":"SearchAction","target":{"@type":"EntryPoint","urlTemplate":"https:\/\/kechbureau.ma\/?s={search_term_string}"},"query-input":{"@type":"PropertyValueSpecification","valueRequired":true,"valueName":"search_term_string"}}],"inLanguage":"fr-FR"}]}},"_links":{"self":[{"href":"https:\/\/kechbureau.ma\/index.php?rest_route=\/wp\/v2\/product\/12375","targetHints":{"allow":["GET"]}}],"collection":[{"href":"https:\/\/kechbureau.ma\/index.php?rest_route=\/wp\/v2\/product"}],"about":[{"href":"https:\/\/kechbureau.ma\/index.php?rest_route=\/wp\/v2\/types\/product"}],"replies":[{"embeddable":true,"href":"https:\/\/kechbureau.ma\/index.php?rest_route=%2Fwp%2Fv2%2Fcomments&post=12375"}],"wp:featuredmedia":[{"embeddable":true,"href":"https:\/\/kechbureau.ma\/index.php?rest_route=\/wp\/v2\/media\/12376"}],"wp:attachment":[{"href":"https:\/\/kechbureau.ma\/index.php?rest_route=%2Fwp%2Fv2%2Fmedia&parent=12375"}],"wp:term":[{"taxonomy":"product_brand","embeddable":true,"href":"https:\/\/kechbureau.ma\/index.php?rest_route=%2Fwp%2Fv2%2Fproduct_brand&post=12375"},{"taxonomy":"product_cat","embeddable":true,"href":"https:\/\/kechbureau.ma\/index.php?rest_route=%2Fwp%2Fv2%2Fproduct_cat&post=12375"},{"taxonomy":"product_tag","embeddable":true,"href":"https:\/\/kechbureau.ma\/index.php?rest_route=%2Fwp%2Fv2%2Fproduct_tag&post=12375"}],"curies":[{"name":"wp","href":"https:\/\/api.w.org\/{rel}","templated":true}]}}