{"id":12343,"date":"2021-06-06T01:23:27","date_gmt":"2021-06-05T23:23:27","guid":{"rendered":"https:\/\/kechbureau.ma\/?post_type=product&#038;p=12343"},"modified":"2021-06-06T01:23:28","modified_gmt":"2021-06-05T23:23:28","slug":"deli-baton-de-colle-stick-ea20310-36g","status":"publish","type":"product","link":"https:\/\/kechbureau.ma\/?product=deli-baton-de-colle-stick-ea20310-36g","title":{"rendered":"Deli BATON DE COLLE STICK EA20310 36G"},"content":{"rendered":"<p>Texture de colle facile, b\u00e2ton lisse, pas de g\u00e2chis, ne provoque pas de froissement du papier. Le bouchon \u00e0 vis est scell\u00e9. Pas de probl\u00e8me de retrait de colle Sans toxique, sans danger et sans odeur. Id\u00e9al pour coller sur du papier g\u00e9n\u00e9ral, des images et autres objets artisanaux.<\/p>\n","protected":false},"excerpt":{"rendered":"<p>Texture de colle facile, b\u00e2ton lisse, pas de g\u00e2chis, ne provoque pas de froissement du papier. Le bouchon \u00e0 vis est scell\u00e9. Pas de probl\u00e8me de retrait de colle Sans<\/p>\n","protected":false},"featured_media":12344,"comment_status":"open","ping_status":"closed","template":"","meta":{"kk_blocks_editor_width":"","_kiokenblocks_attr":"","_kiokenblocks_dimensions":""},"product_brand":[],"product_cat":[445],"product_tag":[],"class_list":{"0":"post-12343","1":"product","2":"type-product","3":"status-publish","4":"has-post-thumbnail","6":"product_cat-bureautique","8":"first","9":"instock","10":"taxable","11":"shipping-taxable","12":"purchasable","13":"product-type-simple"},"yoast_head":"<!-- This site is optimized with the Yoast SEO plugin v27.6 - https:\/\/yoast.com\/product\/yoast-seo-wordpress\/ -->\n<title>Deli BATON DE COLLE STICK EA20310 36G - KECH BUREAU<\/title>\n<meta name=\"robots\" content=\"index, follow, max-snippet:-1, max-image-preview:large, max-video-preview:-1\" \/>\n<link rel=\"canonical\" href=\"https:\/\/kechbureau.ma\/?product=deli-baton-de-colle-stick-ea20310-36g\" \/>\n<meta property=\"og:locale\" content=\"fr_FR\" \/>\n<meta property=\"og:type\" content=\"article\" \/>\n<meta property=\"og:title\" content=\"Deli BATON DE COLLE STICK EA20310 36G - KECH BUREAU\" \/>\n<meta property=\"og:description\" content=\"Texture de colle facile, b\u00e2ton lisse, pas de g\u00e2chis, ne provoque pas de froissement du papier. Le bouchon \u00e0 vis est scell\u00e9. Pas de probl\u00e8me de retrait de colle Sans\" \/>\n<meta property=\"og:url\" content=\"https:\/\/kechbureau.ma\/?product=deli-baton-de-colle-stick-ea20310-36g\" \/>\n<meta property=\"og:site_name\" content=\"KECH BUREAU\" \/>\n<meta property=\"article:modified_time\" content=\"2021-06-05T23:23:28+00:00\" \/>\n<meta property=\"og:image\" content=\"https:\/\/kechbureau.ma\/wp-content\/uploads\/2021\/06\/1-16.jpg\" \/>\n\t<meta property=\"og:image:width\" content=\"500\" \/>\n\t<meta property=\"og:image:height\" content=\"500\" \/>\n\t<meta property=\"og:image:type\" content=\"image\/jpeg\" \/>\n<meta name=\"twitter:card\" content=\"summary_large_image\" \/>\n<script type=\"application\/ld+json\" class=\"yoast-schema-graph\">{\"@context\":\"https:\\\/\\\/schema.org\",\"@graph\":[{\"@type\":\"WebPage\",\"@id\":\"https:\\\/\\\/kechbureau.ma\\\/?product=deli-baton-de-colle-stick-ea20310-36g\",\"url\":\"https:\\\/\\\/kechbureau.ma\\\/?product=deli-baton-de-colle-stick-ea20310-36g\",\"name\":\"Deli BATON DE COLLE STICK EA20310 36G - KECH BUREAU\",\"isPartOf\":{\"@id\":\"https:\\\/\\\/kechbureau.ma\\\/#website\"},\"primaryImageOfPage\":{\"@id\":\"https:\\\/\\\/kechbureau.ma\\\/?product=deli-baton-de-colle-stick-ea20310-36g#primaryimage\"},\"image\":{\"@id\":\"https:\\\/\\\/kechbureau.ma\\\/?product=deli-baton-de-colle-stick-ea20310-36g#primaryimage\"},\"thumbnailUrl\":\"https:\\\/\\\/kechbureau.ma\\\/wp-content\\\/uploads\\\/2021\\\/06\\\/1-16.jpg\",\"datePublished\":\"2021-06-05T23:23:27+00:00\",\"dateModified\":\"2021-06-05T23:23:28+00:00\",\"breadcrumb\":{\"@id\":\"https:\\\/\\\/kechbureau.ma\\\/?product=deli-baton-de-colle-stick-ea20310-36g#breadcrumb\"},\"inLanguage\":\"fr-FR\",\"potentialAction\":[{\"@type\":\"ReadAction\",\"target\":[\"https:\\\/\\\/kechbureau.ma\\\/?product=deli-baton-de-colle-stick-ea20310-36g\"]}]},{\"@type\":\"ImageObject\",\"inLanguage\":\"fr-FR\",\"@id\":\"https:\\\/\\\/kechbureau.ma\\\/?product=deli-baton-de-colle-stick-ea20310-36g#primaryimage\",\"url\":\"https:\\\/\\\/kechbureau.ma\\\/wp-content\\\/uploads\\\/2021\\\/06\\\/1-16.jpg\",\"contentUrl\":\"https:\\\/\\\/kechbureau.ma\\\/wp-content\\\/uploads\\\/2021\\\/06\\\/1-16.jpg\",\"width\":500,\"height\":500},{\"@type\":\"BreadcrumbList\",\"@id\":\"https:\\\/\\\/kechbureau.ma\\\/?product=deli-baton-de-colle-stick-ea20310-36g#breadcrumb\",\"itemListElement\":[{\"@type\":\"ListItem\",\"position\":1,\"name\":\"Accueil\",\"item\":\"https:\\\/\\\/kechbureau.ma\\\/\"},{\"@type\":\"ListItem\",\"position\":2,\"name\":\"Shop\",\"item\":\"https:\\\/\\\/kechbureau.ma\\\/?page_id=3853\"},{\"@type\":\"ListItem\",\"position\":3,\"name\":\"Deli BATON DE COLLE STICK EA20310 36G\"}]},{\"@type\":\"WebSite\",\"@id\":\"https:\\\/\\\/kechbureau.ma\\\/#website\",\"url\":\"https:\\\/\\\/kechbureau.ma\\\/\",\"name\":\"KECH BUREAU\",\"description\":\"MARRAKECH BUREAU\",\"potentialAction\":[{\"@type\":\"SearchAction\",\"target\":{\"@type\":\"EntryPoint\",\"urlTemplate\":\"https:\\\/\\\/kechbureau.ma\\\/?s={search_term_string}\"},\"query-input\":{\"@type\":\"PropertyValueSpecification\",\"valueRequired\":true,\"valueName\":\"search_term_string\"}}],\"inLanguage\":\"fr-FR\"}]}<\/script>\n<!-- \/ Yoast SEO plugin. -->","yoast_head_json":{"title":"Deli BATON DE COLLE STICK EA20310 36G - KECH BUREAU","robots":{"index":"index","follow":"follow","max-snippet":"max-snippet:-1","max-image-preview":"max-image-preview:large","max-video-preview":"max-video-preview:-1"},"canonical":"https:\/\/kechbureau.ma\/?product=deli-baton-de-colle-stick-ea20310-36g","og_locale":"fr_FR","og_type":"article","og_title":"Deli BATON DE COLLE STICK EA20310 36G - KECH BUREAU","og_description":"Texture de colle facile, b\u00e2ton lisse, pas de g\u00e2chis, ne provoque pas de froissement du papier. Le bouchon \u00e0 vis est scell\u00e9. Pas de probl\u00e8me de retrait de colle Sans","og_url":"https:\/\/kechbureau.ma\/?product=deli-baton-de-colle-stick-ea20310-36g","og_site_name":"KECH BUREAU","article_modified_time":"2021-06-05T23:23:28+00:00","og_image":[{"width":500,"height":500,"url":"https:\/\/kechbureau.ma\/wp-content\/uploads\/2021\/06\/1-16.jpg","type":"image\/jpeg"}],"twitter_card":"summary_large_image","schema":{"@context":"https:\/\/schema.org","@graph":[{"@type":"WebPage","@id":"https:\/\/kechbureau.ma\/?product=deli-baton-de-colle-stick-ea20310-36g","url":"https:\/\/kechbureau.ma\/?product=deli-baton-de-colle-stick-ea20310-36g","name":"Deli BATON DE COLLE STICK EA20310 36G - KECH BUREAU","isPartOf":{"@id":"https:\/\/kechbureau.ma\/#website"},"primaryImageOfPage":{"@id":"https:\/\/kechbureau.ma\/?product=deli-baton-de-colle-stick-ea20310-36g#primaryimage"},"image":{"@id":"https:\/\/kechbureau.ma\/?product=deli-baton-de-colle-stick-ea20310-36g#primaryimage"},"thumbnailUrl":"https:\/\/kechbureau.ma\/wp-content\/uploads\/2021\/06\/1-16.jpg","datePublished":"2021-06-05T23:23:27+00:00","dateModified":"2021-06-05T23:23:28+00:00","breadcrumb":{"@id":"https:\/\/kechbureau.ma\/?product=deli-baton-de-colle-stick-ea20310-36g#breadcrumb"},"inLanguage":"fr-FR","potentialAction":[{"@type":"ReadAction","target":["https:\/\/kechbureau.ma\/?product=deli-baton-de-colle-stick-ea20310-36g"]}]},{"@type":"ImageObject","inLanguage":"fr-FR","@id":"https:\/\/kechbureau.ma\/?product=deli-baton-de-colle-stick-ea20310-36g#primaryimage","url":"https:\/\/kechbureau.ma\/wp-content\/uploads\/2021\/06\/1-16.jpg","contentUrl":"https:\/\/kechbureau.ma\/wp-content\/uploads\/2021\/06\/1-16.jpg","width":500,"height":500},{"@type":"BreadcrumbList","@id":"https:\/\/kechbureau.ma\/?product=deli-baton-de-colle-stick-ea20310-36g#breadcrumb","itemListElement":[{"@type":"ListItem","position":1,"name":"Accueil","item":"https:\/\/kechbureau.ma\/"},{"@type":"ListItem","position":2,"name":"Shop","item":"https:\/\/kechbureau.ma\/?page_id=3853"},{"@type":"ListItem","position":3,"name":"Deli BATON DE COLLE STICK EA20310 36G"}]},{"@type":"WebSite","@id":"https:\/\/kechbureau.ma\/#website","url":"https:\/\/kechbureau.ma\/","name":"KECH BUREAU","description":"MARRAKECH BUREAU","potentialAction":[{"@type":"SearchAction","target":{"@type":"EntryPoint","urlTemplate":"https:\/\/kechbureau.ma\/?s={search_term_string}"},"query-input":{"@type":"PropertyValueSpecification","valueRequired":true,"valueName":"search_term_string"}}],"inLanguage":"fr-FR"}]}},"_links":{"self":[{"href":"https:\/\/kechbureau.ma\/index.php?rest_route=\/wp\/v2\/product\/12343","targetHints":{"allow":["GET"]}}],"collection":[{"href":"https:\/\/kechbureau.ma\/index.php?rest_route=\/wp\/v2\/product"}],"about":[{"href":"https:\/\/kechbureau.ma\/index.php?rest_route=\/wp\/v2\/types\/product"}],"replies":[{"embeddable":true,"href":"https:\/\/kechbureau.ma\/index.php?rest_route=%2Fwp%2Fv2%2Fcomments&post=12343"}],"wp:featuredmedia":[{"embeddable":true,"href":"https:\/\/kechbureau.ma\/index.php?rest_route=\/wp\/v2\/media\/12344"}],"wp:attachment":[{"href":"https:\/\/kechbureau.ma\/index.php?rest_route=%2Fwp%2Fv2%2Fmedia&parent=12343"}],"wp:term":[{"taxonomy":"product_brand","embeddable":true,"href":"https:\/\/kechbureau.ma\/index.php?rest_route=%2Fwp%2Fv2%2Fproduct_brand&post=12343"},{"taxonomy":"product_cat","embeddable":true,"href":"https:\/\/kechbureau.ma\/index.php?rest_route=%2Fwp%2Fv2%2Fproduct_cat&post=12343"},{"taxonomy":"product_tag","embeddable":true,"href":"https:\/\/kechbureau.ma\/index.php?rest_route=%2Fwp%2Fv2%2Fproduct_tag&post=12343"}],"curies":[{"name":"wp","href":"https:\/\/api.w.org\/{rel}","templated":true}]}}