{"id":12288,"date":"2021-06-05T09:19:06","date_gmt":"2021-06-05T07:19:06","guid":{"rendered":"https:\/\/kechbureau.ma\/?post_type=product&#038;p=12288"},"modified":"2021-06-05T09:19:06","modified_gmt":"2021-06-05T07:19:06","slug":"fiche-bnc-male-a-sertir","status":"publish","type":"product","link":"https:\/\/kechbureau.ma\/?product=fiche-bnc-male-a-sertir","title":{"rendered":"FICHE BNC MALE A SERTIR"},"content":{"rendered":"<p>Le\u00a0<b>BNC<\/b>\u00a0est un connecteur de type A SERTIR\u00a0<b>BNC S1<\/b>\u00a0permettant une connexion et une d\u00e9connexion rapides avec un m\u00e9canisme de verrouillage positif. L&#8217;accouplement est r\u00e9alis\u00e9 avec seulement un quart de tour de l&#8217;\u00e9crou d&#8217;accouplement.<\/p>\n","protected":false},"excerpt":{"rendered":"<p>Le\u00a0BNC\u00a0est un connecteur de type A SERTIR\u00a0BNC S1\u00a0permettant une connexion et une d\u00e9connexion rapides avec un m\u00e9canisme de verrouillage positif. L&#8217;accouplement est r\u00e9alis\u00e9 avec seulement un quart de tour de<\/p>\n","protected":false},"featured_media":12290,"comment_status":"open","ping_status":"closed","template":"","meta":{"kk_blocks_editor_width":"","_kiokenblocks_attr":"","_kiokenblocks_dimensions":""},"product_brand":[],"product_cat":[537,532],"product_tag":[],"class_list":{"0":"post-12288","1":"product","2":"type-product","3":"status-publish","4":"has-post-thumbnail","6":"product_cat-accessories-camera","7":"product_cat-video-surveillance","9":"first","10":"instock","11":"taxable","12":"shipping-taxable","13":"purchasable","14":"product-type-simple"},"yoast_head":"<!-- This site is optimized with the Yoast SEO plugin v27.5 - https:\/\/yoast.com\/product\/yoast-seo-wordpress\/ -->\n<title>FICHE BNC MALE A SERTIR - KECH BUREAU<\/title>\n<meta name=\"robots\" content=\"index, follow, max-snippet:-1, max-image-preview:large, max-video-preview:-1\" \/>\n<link rel=\"canonical\" href=\"https:\/\/kechbureau.ma\/?product=fiche-bnc-male-a-sertir\" \/>\n<meta property=\"og:locale\" content=\"fr_FR\" \/>\n<meta property=\"og:type\" content=\"article\" \/>\n<meta property=\"og:title\" content=\"FICHE BNC MALE A SERTIR - KECH BUREAU\" \/>\n<meta property=\"og:description\" content=\"Le\u00a0BNC\u00a0est un connecteur de type A SERTIR\u00a0BNC S1\u00a0permettant une connexion et une d\u00e9connexion rapides avec un m\u00e9canisme de verrouillage positif. L&#8217;accouplement est r\u00e9alis\u00e9 avec seulement un quart de tour de\" \/>\n<meta property=\"og:url\" content=\"https:\/\/kechbureau.ma\/?product=fiche-bnc-male-a-sertir\" \/>\n<meta property=\"og:site_name\" content=\"KECH BUREAU\" \/>\n<meta property=\"og:image\" content=\"https:\/\/kechbureau.ma\/wp-content\/uploads\/2021\/06\/connecteur-bnc-male-a-sertir.jpg\" \/>\n\t<meta property=\"og:image:width\" content=\"728\" \/>\n\t<meta property=\"og:image:height\" content=\"800\" \/>\n\t<meta property=\"og:image:type\" content=\"image\/jpeg\" \/>\n<meta name=\"twitter:card\" content=\"summary_large_image\" \/>\n<script type=\"application\/ld+json\" class=\"yoast-schema-graph\">{\"@context\":\"https:\\\/\\\/schema.org\",\"@graph\":[{\"@type\":\"WebPage\",\"@id\":\"https:\\\/\\\/kechbureau.ma\\\/?product=fiche-bnc-male-a-sertir\",\"url\":\"https:\\\/\\\/kechbureau.ma\\\/?product=fiche-bnc-male-a-sertir\",\"name\":\"FICHE BNC MALE A SERTIR - KECH BUREAU\",\"isPartOf\":{\"@id\":\"https:\\\/\\\/kechbureau.ma\\\/#website\"},\"primaryImageOfPage\":{\"@id\":\"https:\\\/\\\/kechbureau.ma\\\/?product=fiche-bnc-male-a-sertir#primaryimage\"},\"image\":{\"@id\":\"https:\\\/\\\/kechbureau.ma\\\/?product=fiche-bnc-male-a-sertir#primaryimage\"},\"thumbnailUrl\":\"https:\\\/\\\/kechbureau.ma\\\/wp-content\\\/uploads\\\/2021\\\/06\\\/connecteur-bnc-male-a-sertir.jpg\",\"datePublished\":\"2021-06-05T07:19:06+00:00\",\"breadcrumb\":{\"@id\":\"https:\\\/\\\/kechbureau.ma\\\/?product=fiche-bnc-male-a-sertir#breadcrumb\"},\"inLanguage\":\"fr-FR\",\"potentialAction\":[{\"@type\":\"ReadAction\",\"target\":[\"https:\\\/\\\/kechbureau.ma\\\/?product=fiche-bnc-male-a-sertir\"]}]},{\"@type\":\"ImageObject\",\"inLanguage\":\"fr-FR\",\"@id\":\"https:\\\/\\\/kechbureau.ma\\\/?product=fiche-bnc-male-a-sertir#primaryimage\",\"url\":\"https:\\\/\\\/kechbureau.ma\\\/wp-content\\\/uploads\\\/2021\\\/06\\\/connecteur-bnc-male-a-sertir.jpg\",\"contentUrl\":\"https:\\\/\\\/kechbureau.ma\\\/wp-content\\\/uploads\\\/2021\\\/06\\\/connecteur-bnc-male-a-sertir.jpg\",\"width\":728,\"height\":800},{\"@type\":\"BreadcrumbList\",\"@id\":\"https:\\\/\\\/kechbureau.ma\\\/?product=fiche-bnc-male-a-sertir#breadcrumb\",\"itemListElement\":[{\"@type\":\"ListItem\",\"position\":1,\"name\":\"Accueil\",\"item\":\"https:\\\/\\\/kechbureau.ma\\\/\"},{\"@type\":\"ListItem\",\"position\":2,\"name\":\"Shop\",\"item\":\"https:\\\/\\\/kechbureau.ma\\\/?page_id=3853\"},{\"@type\":\"ListItem\",\"position\":3,\"name\":\"FICHE BNC MALE A SERTIR\"}]},{\"@type\":\"WebSite\",\"@id\":\"https:\\\/\\\/kechbureau.ma\\\/#website\",\"url\":\"https:\\\/\\\/kechbureau.ma\\\/\",\"name\":\"KECH BUREAU\",\"description\":\"MARRAKECH BUREAU\",\"potentialAction\":[{\"@type\":\"SearchAction\",\"target\":{\"@type\":\"EntryPoint\",\"urlTemplate\":\"https:\\\/\\\/kechbureau.ma\\\/?s={search_term_string}\"},\"query-input\":{\"@type\":\"PropertyValueSpecification\",\"valueRequired\":true,\"valueName\":\"search_term_string\"}}],\"inLanguage\":\"fr-FR\"}]}<\/script>\n<!-- \/ Yoast SEO plugin. -->","yoast_head_json":{"title":"FICHE BNC MALE A SERTIR - KECH BUREAU","robots":{"index":"index","follow":"follow","max-snippet":"max-snippet:-1","max-image-preview":"max-image-preview:large","max-video-preview":"max-video-preview:-1"},"canonical":"https:\/\/kechbureau.ma\/?product=fiche-bnc-male-a-sertir","og_locale":"fr_FR","og_type":"article","og_title":"FICHE BNC MALE A SERTIR - KECH BUREAU","og_description":"Le\u00a0BNC\u00a0est un connecteur de type A SERTIR\u00a0BNC S1\u00a0permettant une connexion et une d\u00e9connexion rapides avec un m\u00e9canisme de verrouillage positif. L&#8217;accouplement est r\u00e9alis\u00e9 avec seulement un quart de tour de","og_url":"https:\/\/kechbureau.ma\/?product=fiche-bnc-male-a-sertir","og_site_name":"KECH BUREAU","og_image":[{"width":728,"height":800,"url":"https:\/\/kechbureau.ma\/wp-content\/uploads\/2021\/06\/connecteur-bnc-male-a-sertir.jpg","type":"image\/jpeg"}],"twitter_card":"summary_large_image","schema":{"@context":"https:\/\/schema.org","@graph":[{"@type":"WebPage","@id":"https:\/\/kechbureau.ma\/?product=fiche-bnc-male-a-sertir","url":"https:\/\/kechbureau.ma\/?product=fiche-bnc-male-a-sertir","name":"FICHE BNC MALE A SERTIR - KECH BUREAU","isPartOf":{"@id":"https:\/\/kechbureau.ma\/#website"},"primaryImageOfPage":{"@id":"https:\/\/kechbureau.ma\/?product=fiche-bnc-male-a-sertir#primaryimage"},"image":{"@id":"https:\/\/kechbureau.ma\/?product=fiche-bnc-male-a-sertir#primaryimage"},"thumbnailUrl":"https:\/\/kechbureau.ma\/wp-content\/uploads\/2021\/06\/connecteur-bnc-male-a-sertir.jpg","datePublished":"2021-06-05T07:19:06+00:00","breadcrumb":{"@id":"https:\/\/kechbureau.ma\/?product=fiche-bnc-male-a-sertir#breadcrumb"},"inLanguage":"fr-FR","potentialAction":[{"@type":"ReadAction","target":["https:\/\/kechbureau.ma\/?product=fiche-bnc-male-a-sertir"]}]},{"@type":"ImageObject","inLanguage":"fr-FR","@id":"https:\/\/kechbureau.ma\/?product=fiche-bnc-male-a-sertir#primaryimage","url":"https:\/\/kechbureau.ma\/wp-content\/uploads\/2021\/06\/connecteur-bnc-male-a-sertir.jpg","contentUrl":"https:\/\/kechbureau.ma\/wp-content\/uploads\/2021\/06\/connecteur-bnc-male-a-sertir.jpg","width":728,"height":800},{"@type":"BreadcrumbList","@id":"https:\/\/kechbureau.ma\/?product=fiche-bnc-male-a-sertir#breadcrumb","itemListElement":[{"@type":"ListItem","position":1,"name":"Accueil","item":"https:\/\/kechbureau.ma\/"},{"@type":"ListItem","position":2,"name":"Shop","item":"https:\/\/kechbureau.ma\/?page_id=3853"},{"@type":"ListItem","position":3,"name":"FICHE BNC MALE A SERTIR"}]},{"@type":"WebSite","@id":"https:\/\/kechbureau.ma\/#website","url":"https:\/\/kechbureau.ma\/","name":"KECH BUREAU","description":"MARRAKECH BUREAU","potentialAction":[{"@type":"SearchAction","target":{"@type":"EntryPoint","urlTemplate":"https:\/\/kechbureau.ma\/?s={search_term_string}"},"query-input":{"@type":"PropertyValueSpecification","valueRequired":true,"valueName":"search_term_string"}}],"inLanguage":"fr-FR"}]}},"_links":{"self":[{"href":"https:\/\/kechbureau.ma\/index.php?rest_route=\/wp\/v2\/product\/12288","targetHints":{"allow":["GET"]}}],"collection":[{"href":"https:\/\/kechbureau.ma\/index.php?rest_route=\/wp\/v2\/product"}],"about":[{"href":"https:\/\/kechbureau.ma\/index.php?rest_route=\/wp\/v2\/types\/product"}],"replies":[{"embeddable":true,"href":"https:\/\/kechbureau.ma\/index.php?rest_route=%2Fwp%2Fv2%2Fcomments&post=12288"}],"wp:featuredmedia":[{"embeddable":true,"href":"https:\/\/kechbureau.ma\/index.php?rest_route=\/wp\/v2\/media\/12290"}],"wp:attachment":[{"href":"https:\/\/kechbureau.ma\/index.php?rest_route=%2Fwp%2Fv2%2Fmedia&parent=12288"}],"wp:term":[{"taxonomy":"product_brand","embeddable":true,"href":"https:\/\/kechbureau.ma\/index.php?rest_route=%2Fwp%2Fv2%2Fproduct_brand&post=12288"},{"taxonomy":"product_cat","embeddable":true,"href":"https:\/\/kechbureau.ma\/index.php?rest_route=%2Fwp%2Fv2%2Fproduct_cat&post=12288"},{"taxonomy":"product_tag","embeddable":true,"href":"https:\/\/kechbureau.ma\/index.php?rest_route=%2Fwp%2Fv2%2Fproduct_tag&post=12288"}],"curies":[{"name":"wp","href":"https:\/\/api.w.org\/{rel}","templated":true}]}}