{"id":12278,"date":"2021-06-05T08:53:47","date_gmt":"2021-06-05T06:53:47","guid":{"rendered":"https:\/\/kechbureau.ma\/?post_type=product&#038;p=12278"},"modified":"2025-07-12T21:03:57","modified_gmt":"2025-07-12T19:03:57","slug":"mac-mini-fin-2012-i5-4gb-500hdd-reconditionne","status":"publish","type":"product","link":"https:\/\/kechbureau.ma\/?product=mac-mini-fin-2012-i5-4gb-500hdd-reconditionne","title":{"rendered":"Mac mini fin 2012 i5 \/4gb\/500hdd -RECONDITIONNE"},"content":{"rendered":"<h3>Dimensions et poids<\/h3>\n<ul>\n<li><em>Hauteur : 3,6 cm<\/em><\/li>\n<li><em>Largeur : 19,7 cm<\/em><\/li>\n<li><em>Profondeur : 19,7 cm<\/em><\/li>\n<li><em>Poids :\u00a0<\/em>1,22 kg<sup>1<\/sup><\/li>\n<\/ul>\n<h3>Processeur<\/h3>\n<ul>\n<li><b>2,5 GHz<\/b><br \/>\nProcesseur bic\u0153ur Intel Core i5 cadenc\u00e9 \u00e0 2,5 GHz (Turbo Boost jusqu\u2019\u00e0 3,1 GHz) avec 3 Mo de cache N3<\/li>\n<\/ul>\n<h3>Stockage<\/h3>\n<ul>\n<li><b>2,5 GHz<\/b><br \/>\nDisque dur de 500 Go<sup>2<\/sup>\u00a0\u00e0 5 400 tr\/min<\/li>\n<li>\n<ul>\n<li>Configurable avec disque SSD de 256 Go ou Fusion Drive de 1 To.<\/li>\n<\/ul>\n<\/li>\n<\/ul>\n<h3>Graphismes<\/h3>\n<ul>\n<li>Processeur graphique Intel HD 4000<\/li>\n<\/ul>\n<h3>M\u00e9moire<\/h3>\n<ul>\n<li><b>4 Go (2 x 2 Go) de m\u00e9moire DDR3 \u00e0 1 600 MHz<\/b><br \/>\nConfigurable \u00e0 8 Go ou 16 Go.<\/li>\n<\/ul>\n<h3>Prise en charge des formats vid\u00e9o<\/h3>\n<p>Prise en charge de deux \u00e9crans d\u2019une r\u00e9solution de 2 560 x 1 600 pixels, tous deux en millions de couleurs.<\/p>\n<p><b>Sortie vid\u00e9o num\u00e9rique Thunderbolt<\/b><\/p>\n<ul>\n<li>Sortie Mini DisplayPort native<\/li>\n<li>Sortie DVI avec adaptateur Mini DisplayPort vers DVI (vendu s\u00e9par\u00e9ment)<\/li>\n<li>Sortie VGA avec adaptateur Mini DisplayPort vers VGA (vendu s\u00e9par\u00e9ment)<\/li>\n<li>Sortie DVI double liaison avec adaptateur Mini DisplayPort vers DVI double liaison (vendu s\u00e9par\u00e9ment)<\/li>\n<\/ul>\n<p><b>Sortie vid\u00e9o HDMI<\/b><\/p>\n<ul>\n<li>Prise en charge de la r\u00e9solution 1080p jusqu\u2019\u00e0 60 Hz<\/li>\n<\/ul>\n<p>Sortie DVI avec adaptateur HDMI vers DVI (vendu s\u00e9par\u00e9ment)<\/p>\n<h3>Audio<\/h3>\n<ul>\n<li>Prise mini-jack d\u2019entr\u00e9e ligne audio (num\u00e9rique\/analogique)<\/li>\n<li>Prise mini-jack casque\/sortie ligne audio (num\u00e9rique\/analogique)<\/li>\n<li>Port HDMI prenant en charge les sorties audio multicanal<\/li>\n<li>Prise en charge des \u00e9couteurs Apple iPhone avec micro<\/li>\n<li>Haut-parleur int\u00e9gr\u00e9<\/li>\n<\/ul>\n<p><img decoding=\"async\" src=\"https:\/\/support.apple.com\/library\/APPLE\/APPLECARE_ALLGEOS\/SP659\/sp659_mac_mini-late2012-connections-fr.jpg\" alt=\"\" data-hires=\"true\" data-hires-status=\"replaced\" \/><\/p>\n<h3>Connexions et extension<\/h3>\n<ul>\n<li>Port Thunderbolt (jusqu\u2019\u00e0 10 Gbit\/s)<\/li>\n<li>Port FireWire 800 (jusqu\u2019\u00e0 800 Mbit\/s)<\/li>\n<li>Quatre ports USB 3 (jusqu\u2019\u00e0 5 Gbit\/s)<\/li>\n<li>Port HDMI<\/li>\n<li>Lecteur de carte SDXC<\/li>\n<li>Port Gigabit Ethernet<\/li>\n<li>Entr\u00e9e\/sortie audio<\/li>\n<li>R\u00e9cepteur infrarouge<\/li>\n<\/ul>\n<h3>Communications<\/h3>\n<ul>\n<li><b>Wi-Fi<\/b><br \/>\nConnectivit\u00e9 sans fil Wi-Fi 802.11n<sup>3<\/sup>\u00a0; compatible avec la norme IEEE 802.11a\/b\/g<\/li>\n<li><b>Bluetooth<\/b><br \/>\nTechnologie sans fil Bluetooth 4.0<\/li>\n<li><b>Ethernet<\/b><br \/>\nEthernet 10\/100\/1000BASE-T int\u00e9gr\u00e9 (connecteur RJ-45)<\/li>\n<\/ul>\n<h3>Alimentation et conditions ambiantes<\/h3>\n<ul>\n<li>Tension : 100 \u00e0 240 V CA<\/li>\n<li>Fr\u00e9quence : 50 \u00e0 60 Hz, monophas\u00e9<\/li>\n<li>Consommation maximale en continu : 85 W<\/li>\n<li>Temp\u00e9rature d\u2019utilisation : de 10 \u00e0 35 \u00b0C<\/li>\n<li>Temp\u00e9rature de stockage : de -40 \u00e0 47 \u00b0C<\/li>\n<li>Humidit\u00e9 relative : de 5 \u00e0 95 % sans condensation<\/li>\n<li>Altitude d\u2019utilisation : test\u00e9 jusqu\u2019\u00e0 3 000 m<\/li>\n<li>Performances acoustiques, niveau de pression acoustique (position de l\u2019op\u00e9rateur)<sup>4<\/sup>\u00a0:\n<ul>\n<li>Mod\u00e8le bic\u0153ur : 12 dBA au repos<\/li>\n<li>Mod\u00e8le quadric\u0153ur : 15 dBA au repos<\/li>\n<\/ul>\n<\/li>\n<\/ul>\n<h3><\/h3>\n","protected":false},"excerpt":{"rendered":"<p>Dimensions et poids Hauteur : 3,6 cm Largeur : 19,7 cm Profondeur : 19,7 cm Poids :\u00a01,22 kg1 Processeur 2,5 GHz Processeur bic\u0153ur Intel Core i5 cadenc\u00e9 \u00e0 2,5 GHz<\/p>\n","protected":false},"featured_media":12280,"comment_status":"open","ping_status":"closed","template":"","meta":{"kk_blocks_editor_width":"","_kiokenblocks_attr":"","_kiokenblocks_dimensions":""},"product_brand":[],"product_cat":[447,396,463],"product_tag":[],"class_list":{"0":"post-12278","1":"product","2":"type-product","3":"status-publish","4":"has-post-thumbnail","6":"product_cat-imac-laptops-computers","7":"product_cat-laptops-computers","8":"product_cat-unites-centrales-reconditionnees","10":"first","11":"outofstock","12":"sale","13":"taxable","14":"shipping-taxable","15":"purchasable","16":"product-type-simple"},"yoast_head":"<!-- This site is optimized with the Yoast SEO plugin v27.5 - https:\/\/yoast.com\/product\/yoast-seo-wordpress\/ -->\n<title>Mac mini fin 2012 i5 \/4gb\/500hdd -RECONDITIONNE - KECH BUREAU<\/title>\n<meta name=\"robots\" content=\"index, follow, max-snippet:-1, max-image-preview:large, max-video-preview:-1\" \/>\n<link rel=\"canonical\" href=\"https:\/\/kechbureau.ma\/?product=mac-mini-fin-2012-i5-4gb-500hdd-reconditionne\" \/>\n<meta property=\"og:locale\" content=\"fr_FR\" \/>\n<meta property=\"og:type\" content=\"article\" \/>\n<meta property=\"og:title\" content=\"Mac mini fin 2012 i5 \/4gb\/500hdd -RECONDITIONNE - KECH BUREAU\" \/>\n<meta property=\"og:description\" content=\"Dimensions et poids Hauteur : 3,6 cm Largeur : 19,7 cm Profondeur : 19,7 cm Poids :\u00a01,22 kg1 Processeur 2,5 GHz Processeur bic\u0153ur Intel Core i5 cadenc\u00e9 \u00e0 2,5 GHz\" \/>\n<meta property=\"og:url\" content=\"https:\/\/kechbureau.ma\/?product=mac-mini-fin-2012-i5-4gb-500hdd-reconditionne\" \/>\n<meta property=\"og:site_name\" content=\"KECH BUREAU\" \/>\n<meta property=\"article:modified_time\" content=\"2025-07-12T19:03:57+00:00\" \/>\n<meta property=\"og:image\" content=\"https:\/\/kechbureau.ma\/wp-content\/uploads\/2021\/06\/Macmini.jpg\" \/>\n\t<meta property=\"og:image:width\" content=\"1000\" \/>\n\t<meta property=\"og:image:height\" content=\"1000\" \/>\n\t<meta property=\"og:image:type\" content=\"image\/jpeg\" \/>\n<meta name=\"twitter:card\" content=\"summary_large_image\" \/>\n<meta name=\"twitter:label1\" content=\"Dur\u00e9e de lecture estim\u00e9e\" \/>\n\t<meta name=\"twitter:data1\" content=\"2 minutes\" \/>\n<script type=\"application\/ld+json\" class=\"yoast-schema-graph\">{\"@context\":\"https:\\\/\\\/schema.org\",\"@graph\":[{\"@type\":\"WebPage\",\"@id\":\"https:\\\/\\\/kechbureau.ma\\\/?product=mac-mini-fin-2012-i5-4gb-500hdd-reconditionne\",\"url\":\"https:\\\/\\\/kechbureau.ma\\\/?product=mac-mini-fin-2012-i5-4gb-500hdd-reconditionne\",\"name\":\"Mac mini fin 2012 i5 \\\/4gb\\\/500hdd -RECONDITIONNE - KECH BUREAU\",\"isPartOf\":{\"@id\":\"https:\\\/\\\/kechbureau.ma\\\/#website\"},\"primaryImageOfPage\":{\"@id\":\"https:\\\/\\\/kechbureau.ma\\\/?product=mac-mini-fin-2012-i5-4gb-500hdd-reconditionne#primaryimage\"},\"image\":{\"@id\":\"https:\\\/\\\/kechbureau.ma\\\/?product=mac-mini-fin-2012-i5-4gb-500hdd-reconditionne#primaryimage\"},\"thumbnailUrl\":\"https:\\\/\\\/kechbureau.ma\\\/wp-content\\\/uploads\\\/2021\\\/06\\\/Macmini.jpg\",\"datePublished\":\"2021-06-05T06:53:47+00:00\",\"dateModified\":\"2025-07-12T19:03:57+00:00\",\"breadcrumb\":{\"@id\":\"https:\\\/\\\/kechbureau.ma\\\/?product=mac-mini-fin-2012-i5-4gb-500hdd-reconditionne#breadcrumb\"},\"inLanguage\":\"fr-FR\",\"potentialAction\":[{\"@type\":\"ReadAction\",\"target\":[\"https:\\\/\\\/kechbureau.ma\\\/?product=mac-mini-fin-2012-i5-4gb-500hdd-reconditionne\"]}]},{\"@type\":\"ImageObject\",\"inLanguage\":\"fr-FR\",\"@id\":\"https:\\\/\\\/kechbureau.ma\\\/?product=mac-mini-fin-2012-i5-4gb-500hdd-reconditionne#primaryimage\",\"url\":\"https:\\\/\\\/kechbureau.ma\\\/wp-content\\\/uploads\\\/2021\\\/06\\\/Macmini.jpg\",\"contentUrl\":\"https:\\\/\\\/kechbureau.ma\\\/wp-content\\\/uploads\\\/2021\\\/06\\\/Macmini.jpg\",\"width\":1000,\"height\":1000},{\"@type\":\"BreadcrumbList\",\"@id\":\"https:\\\/\\\/kechbureau.ma\\\/?product=mac-mini-fin-2012-i5-4gb-500hdd-reconditionne#breadcrumb\",\"itemListElement\":[{\"@type\":\"ListItem\",\"position\":1,\"name\":\"Accueil\",\"item\":\"https:\\\/\\\/kechbureau.ma\\\/\"},{\"@type\":\"ListItem\",\"position\":2,\"name\":\"Shop\",\"item\":\"https:\\\/\\\/kechbureau.ma\\\/?page_id=3853\"},{\"@type\":\"ListItem\",\"position\":3,\"name\":\"Mac mini fin 2012 i5 \\\/4gb\\\/500hdd -RECONDITIONNE\"}]},{\"@type\":\"WebSite\",\"@id\":\"https:\\\/\\\/kechbureau.ma\\\/#website\",\"url\":\"https:\\\/\\\/kechbureau.ma\\\/\",\"name\":\"KECH BUREAU\",\"description\":\"MARRAKECH BUREAU\",\"potentialAction\":[{\"@type\":\"SearchAction\",\"target\":{\"@type\":\"EntryPoint\",\"urlTemplate\":\"https:\\\/\\\/kechbureau.ma\\\/?s={search_term_string}\"},\"query-input\":{\"@type\":\"PropertyValueSpecification\",\"valueRequired\":true,\"valueName\":\"search_term_string\"}}],\"inLanguage\":\"fr-FR\"}]}<\/script>\n<!-- \/ Yoast SEO plugin. -->","yoast_head_json":{"title":"Mac mini fin 2012 i5 \/4gb\/500hdd -RECONDITIONNE - KECH BUREAU","robots":{"index":"index","follow":"follow","max-snippet":"max-snippet:-1","max-image-preview":"max-image-preview:large","max-video-preview":"max-video-preview:-1"},"canonical":"https:\/\/kechbureau.ma\/?product=mac-mini-fin-2012-i5-4gb-500hdd-reconditionne","og_locale":"fr_FR","og_type":"article","og_title":"Mac mini fin 2012 i5 \/4gb\/500hdd -RECONDITIONNE - KECH BUREAU","og_description":"Dimensions et poids Hauteur : 3,6 cm Largeur : 19,7 cm Profondeur : 19,7 cm Poids :\u00a01,22 kg1 Processeur 2,5 GHz Processeur bic\u0153ur Intel Core i5 cadenc\u00e9 \u00e0 2,5 GHz","og_url":"https:\/\/kechbureau.ma\/?product=mac-mini-fin-2012-i5-4gb-500hdd-reconditionne","og_site_name":"KECH BUREAU","article_modified_time":"2025-07-12T19:03:57+00:00","og_image":[{"width":1000,"height":1000,"url":"https:\/\/kechbureau.ma\/wp-content\/uploads\/2021\/06\/Macmini.jpg","type":"image\/jpeg"}],"twitter_card":"summary_large_image","twitter_misc":{"Dur\u00e9e de lecture estim\u00e9e":"2 minutes"},"schema":{"@context":"https:\/\/schema.org","@graph":[{"@type":"WebPage","@id":"https:\/\/kechbureau.ma\/?product=mac-mini-fin-2012-i5-4gb-500hdd-reconditionne","url":"https:\/\/kechbureau.ma\/?product=mac-mini-fin-2012-i5-4gb-500hdd-reconditionne","name":"Mac mini fin 2012 i5 \/4gb\/500hdd -RECONDITIONNE - KECH BUREAU","isPartOf":{"@id":"https:\/\/kechbureau.ma\/#website"},"primaryImageOfPage":{"@id":"https:\/\/kechbureau.ma\/?product=mac-mini-fin-2012-i5-4gb-500hdd-reconditionne#primaryimage"},"image":{"@id":"https:\/\/kechbureau.ma\/?product=mac-mini-fin-2012-i5-4gb-500hdd-reconditionne#primaryimage"},"thumbnailUrl":"https:\/\/kechbureau.ma\/wp-content\/uploads\/2021\/06\/Macmini.jpg","datePublished":"2021-06-05T06:53:47+00:00","dateModified":"2025-07-12T19:03:57+00:00","breadcrumb":{"@id":"https:\/\/kechbureau.ma\/?product=mac-mini-fin-2012-i5-4gb-500hdd-reconditionne#breadcrumb"},"inLanguage":"fr-FR","potentialAction":[{"@type":"ReadAction","target":["https:\/\/kechbureau.ma\/?product=mac-mini-fin-2012-i5-4gb-500hdd-reconditionne"]}]},{"@type":"ImageObject","inLanguage":"fr-FR","@id":"https:\/\/kechbureau.ma\/?product=mac-mini-fin-2012-i5-4gb-500hdd-reconditionne#primaryimage","url":"https:\/\/kechbureau.ma\/wp-content\/uploads\/2021\/06\/Macmini.jpg","contentUrl":"https:\/\/kechbureau.ma\/wp-content\/uploads\/2021\/06\/Macmini.jpg","width":1000,"height":1000},{"@type":"BreadcrumbList","@id":"https:\/\/kechbureau.ma\/?product=mac-mini-fin-2012-i5-4gb-500hdd-reconditionne#breadcrumb","itemListElement":[{"@type":"ListItem","position":1,"name":"Accueil","item":"https:\/\/kechbureau.ma\/"},{"@type":"ListItem","position":2,"name":"Shop","item":"https:\/\/kechbureau.ma\/?page_id=3853"},{"@type":"ListItem","position":3,"name":"Mac mini fin 2012 i5 \/4gb\/500hdd -RECONDITIONNE"}]},{"@type":"WebSite","@id":"https:\/\/kechbureau.ma\/#website","url":"https:\/\/kechbureau.ma\/","name":"KECH BUREAU","description":"MARRAKECH BUREAU","potentialAction":[{"@type":"SearchAction","target":{"@type":"EntryPoint","urlTemplate":"https:\/\/kechbureau.ma\/?s={search_term_string}"},"query-input":{"@type":"PropertyValueSpecification","valueRequired":true,"valueName":"search_term_string"}}],"inLanguage":"fr-FR"}]}},"_links":{"self":[{"href":"https:\/\/kechbureau.ma\/index.php?rest_route=\/wp\/v2\/product\/12278","targetHints":{"allow":["GET"]}}],"collection":[{"href":"https:\/\/kechbureau.ma\/index.php?rest_route=\/wp\/v2\/product"}],"about":[{"href":"https:\/\/kechbureau.ma\/index.php?rest_route=\/wp\/v2\/types\/product"}],"replies":[{"embeddable":true,"href":"https:\/\/kechbureau.ma\/index.php?rest_route=%2Fwp%2Fv2%2Fcomments&post=12278"}],"wp:featuredmedia":[{"embeddable":true,"href":"https:\/\/kechbureau.ma\/index.php?rest_route=\/wp\/v2\/media\/12280"}],"wp:attachment":[{"href":"https:\/\/kechbureau.ma\/index.php?rest_route=%2Fwp%2Fv2%2Fmedia&parent=12278"}],"wp:term":[{"taxonomy":"product_brand","embeddable":true,"href":"https:\/\/kechbureau.ma\/index.php?rest_route=%2Fwp%2Fv2%2Fproduct_brand&post=12278"},{"taxonomy":"product_cat","embeddable":true,"href":"https:\/\/kechbureau.ma\/index.php?rest_route=%2Fwp%2Fv2%2Fproduct_cat&post=12278"},{"taxonomy":"product_tag","embeddable":true,"href":"https:\/\/kechbureau.ma\/index.php?rest_route=%2Fwp%2Fv2%2Fproduct_tag&post=12278"}],"curies":[{"name":"wp","href":"https:\/\/api.w.org\/{rel}","templated":true}]}}