{"id":12223,"date":"2021-06-05T06:14:06","date_gmt":"2021-06-05T04:14:06","guid":{"rendered":"https:\/\/kechbureau.ma\/?post_type=product&#038;p=12223"},"modified":"2025-07-12T20:55:01","modified_gmt":"2025-07-12T18:55:01","slug":"serrure-intelligente-imou-smart-lock-k2","status":"publish","type":"product","link":"https:\/\/kechbureau.ma\/?product=serrure-intelligente-imou-smart-lock-k2","title":{"rendered":"Serrure Intelligente IMOU \u2013 Smart Lock K2"},"content":{"rendered":"<p><strong>Serrure Intelligente IMOU \u2013 Smart Lock<\/strong><\/p>\n<ul>\n<li>Serrure de porte intelligente et plus s\u00fbre conforme \u00e0 la norme europ\u00e9enne (GA701-2007).<\/li>\n<li>Surface et poign\u00e9e en alliage de zinc, solides et robustes.<\/li>\n<li>Plus pratique avec 5 modes de d\u00e9verrouillage: application Imou, carte Mifare, empreinte digitale, mot de passe, cl\u00e9 m\u00e9canique traditionnelle.<\/li>\n<li>Identifiez la carte \u00e0 une distance &lt;2 Cm, lisez le code de la carte en &lt;0,5s, la m\u00e9moire peut stocker jusqu\u2019\u00e0 50 cartes.<\/li>\n<li>D\u00e9verrouiller l\u2019empreinte digitale avec capteur capacitif, taux erron\u00e9 &lt;0,0002%, m\u00e9moire de stockage: 50 empreintes digitales.<\/li>\n<li>Ouverture du mot de passe: enregistrez 50 mots de passe<\/li>\n<li>Plus s\u00e9curis\u00e9 avec le verrouillage du syst\u00e8me pendant 3 minutes lorsque vous saisissez un mot de passe incorrect 3 fois ou une carte invalide 5 fois de suite.<\/li>\n<li>Utilis\u00e9 pour l\u2019\u00e9paisseur de la porte: 42 mm ~ 95 mm.<\/li>\n<\/ul>\n","protected":false},"excerpt":{"rendered":"<p>Serrure Intelligente IMOU \u2013 Smart Lock Serrure de porte intelligente et plus s\u00fbre conforme \u00e0 la norme europ\u00e9enne (GA701-2007). Surface et poign\u00e9e en alliage de zinc, solides et robustes. Plus<\/p>\n","protected":false},"featured_media":12224,"comment_status":"open","ping_status":"closed","template":"","meta":{"kk_blocks_editor_width":"","_kiokenblocks_attr":"","_kiokenblocks_dimensions":""},"product_brand":[],"product_cat":[777],"product_tag":[],"class_list":{"0":"post-12223","1":"product","2":"type-product","3":"status-publish","4":"has-post-thumbnail","6":"product_cat-serrure-intelligente","8":"first","9":"outofstock","10":"taxable","11":"shipping-taxable","12":"purchasable","13":"product-type-simple"},"yoast_head":"<!-- This site is optimized with the Yoast SEO plugin v27.5 - https:\/\/yoast.com\/product\/yoast-seo-wordpress\/ -->\n<title>Serrure Intelligente IMOU \u2013 Smart Lock K2 - KECH BUREAU<\/title>\n<meta name=\"robots\" content=\"index, follow, max-snippet:-1, max-image-preview:large, max-video-preview:-1\" \/>\n<link rel=\"canonical\" href=\"https:\/\/kechbureau.ma\/?product=serrure-intelligente-imou-smart-lock-k2\" \/>\n<meta property=\"og:locale\" content=\"fr_FR\" \/>\n<meta property=\"og:type\" content=\"article\" \/>\n<meta property=\"og:title\" content=\"Serrure Intelligente IMOU \u2013 Smart Lock K2 - KECH BUREAU\" \/>\n<meta property=\"og:description\" content=\"Serrure Intelligente IMOU \u2013 Smart Lock Serrure de porte intelligente et plus s\u00fbre conforme \u00e0 la norme europ\u00e9enne (GA701-2007). Surface et poign\u00e9e en alliage de zinc, solides et robustes. Plus\" \/>\n<meta property=\"og:url\" content=\"https:\/\/kechbureau.ma\/?product=serrure-intelligente-imou-smart-lock-k2\" \/>\n<meta property=\"og:site_name\" content=\"KECH BUREAU\" \/>\n<meta property=\"article:modified_time\" content=\"2025-07-12T18:55:01+00:00\" \/>\n<meta property=\"og:image\" content=\"https:\/\/kechbureau.ma\/wp-content\/uploads\/2021\/06\/496906216847.jpg\" \/>\n\t<meta property=\"og:image:width\" content=\"700\" \/>\n\t<meta property=\"og:image:height\" content=\"700\" \/>\n\t<meta property=\"og:image:type\" content=\"image\/jpeg\" \/>\n<meta name=\"twitter:card\" content=\"summary_large_image\" \/>\n<meta name=\"twitter:label1\" content=\"Dur\u00e9e de lecture estim\u00e9e\" \/>\n\t<meta name=\"twitter:data1\" content=\"1 minute\" \/>\n<script type=\"application\/ld+json\" class=\"yoast-schema-graph\">{\"@context\":\"https:\\\/\\\/schema.org\",\"@graph\":[{\"@type\":\"WebPage\",\"@id\":\"https:\\\/\\\/kechbureau.ma\\\/?product=serrure-intelligente-imou-smart-lock-k2\",\"url\":\"https:\\\/\\\/kechbureau.ma\\\/?product=serrure-intelligente-imou-smart-lock-k2\",\"name\":\"Serrure Intelligente IMOU \u2013 Smart Lock K2 - KECH BUREAU\",\"isPartOf\":{\"@id\":\"https:\\\/\\\/kechbureau.ma\\\/#website\"},\"primaryImageOfPage\":{\"@id\":\"https:\\\/\\\/kechbureau.ma\\\/?product=serrure-intelligente-imou-smart-lock-k2#primaryimage\"},\"image\":{\"@id\":\"https:\\\/\\\/kechbureau.ma\\\/?product=serrure-intelligente-imou-smart-lock-k2#primaryimage\"},\"thumbnailUrl\":\"https:\\\/\\\/kechbureau.ma\\\/wp-content\\\/uploads\\\/2021\\\/06\\\/496906216847.jpg\",\"datePublished\":\"2021-06-05T04:14:06+00:00\",\"dateModified\":\"2025-07-12T18:55:01+00:00\",\"breadcrumb\":{\"@id\":\"https:\\\/\\\/kechbureau.ma\\\/?product=serrure-intelligente-imou-smart-lock-k2#breadcrumb\"},\"inLanguage\":\"fr-FR\",\"potentialAction\":[{\"@type\":\"ReadAction\",\"target\":[\"https:\\\/\\\/kechbureau.ma\\\/?product=serrure-intelligente-imou-smart-lock-k2\"]}]},{\"@type\":\"ImageObject\",\"inLanguage\":\"fr-FR\",\"@id\":\"https:\\\/\\\/kechbureau.ma\\\/?product=serrure-intelligente-imou-smart-lock-k2#primaryimage\",\"url\":\"https:\\\/\\\/kechbureau.ma\\\/wp-content\\\/uploads\\\/2021\\\/06\\\/496906216847.jpg\",\"contentUrl\":\"https:\\\/\\\/kechbureau.ma\\\/wp-content\\\/uploads\\\/2021\\\/06\\\/496906216847.jpg\",\"width\":700,\"height\":700},{\"@type\":\"BreadcrumbList\",\"@id\":\"https:\\\/\\\/kechbureau.ma\\\/?product=serrure-intelligente-imou-smart-lock-k2#breadcrumb\",\"itemListElement\":[{\"@type\":\"ListItem\",\"position\":1,\"name\":\"Accueil\",\"item\":\"https:\\\/\\\/kechbureau.ma\\\/\"},{\"@type\":\"ListItem\",\"position\":2,\"name\":\"Shop\",\"item\":\"https:\\\/\\\/kechbureau.ma\\\/?page_id=3853\"},{\"@type\":\"ListItem\",\"position\":3,\"name\":\"Serrure Intelligente IMOU \u2013 Smart Lock K2\"}]},{\"@type\":\"WebSite\",\"@id\":\"https:\\\/\\\/kechbureau.ma\\\/#website\",\"url\":\"https:\\\/\\\/kechbureau.ma\\\/\",\"name\":\"KECH BUREAU\",\"description\":\"MARRAKECH BUREAU\",\"potentialAction\":[{\"@type\":\"SearchAction\",\"target\":{\"@type\":\"EntryPoint\",\"urlTemplate\":\"https:\\\/\\\/kechbureau.ma\\\/?s={search_term_string}\"},\"query-input\":{\"@type\":\"PropertyValueSpecification\",\"valueRequired\":true,\"valueName\":\"search_term_string\"}}],\"inLanguage\":\"fr-FR\"}]}<\/script>\n<!-- \/ Yoast SEO plugin. -->","yoast_head_json":{"title":"Serrure Intelligente IMOU \u2013 Smart Lock K2 - KECH BUREAU","robots":{"index":"index","follow":"follow","max-snippet":"max-snippet:-1","max-image-preview":"max-image-preview:large","max-video-preview":"max-video-preview:-1"},"canonical":"https:\/\/kechbureau.ma\/?product=serrure-intelligente-imou-smart-lock-k2","og_locale":"fr_FR","og_type":"article","og_title":"Serrure Intelligente IMOU \u2013 Smart Lock K2 - KECH BUREAU","og_description":"Serrure Intelligente IMOU \u2013 Smart Lock Serrure de porte intelligente et plus s\u00fbre conforme \u00e0 la norme europ\u00e9enne (GA701-2007). Surface et poign\u00e9e en alliage de zinc, solides et robustes. Plus","og_url":"https:\/\/kechbureau.ma\/?product=serrure-intelligente-imou-smart-lock-k2","og_site_name":"KECH BUREAU","article_modified_time":"2025-07-12T18:55:01+00:00","og_image":[{"width":700,"height":700,"url":"https:\/\/kechbureau.ma\/wp-content\/uploads\/2021\/06\/496906216847.jpg","type":"image\/jpeg"}],"twitter_card":"summary_large_image","twitter_misc":{"Dur\u00e9e de lecture estim\u00e9e":"1 minute"},"schema":{"@context":"https:\/\/schema.org","@graph":[{"@type":"WebPage","@id":"https:\/\/kechbureau.ma\/?product=serrure-intelligente-imou-smart-lock-k2","url":"https:\/\/kechbureau.ma\/?product=serrure-intelligente-imou-smart-lock-k2","name":"Serrure Intelligente IMOU \u2013 Smart Lock K2 - KECH BUREAU","isPartOf":{"@id":"https:\/\/kechbureau.ma\/#website"},"primaryImageOfPage":{"@id":"https:\/\/kechbureau.ma\/?product=serrure-intelligente-imou-smart-lock-k2#primaryimage"},"image":{"@id":"https:\/\/kechbureau.ma\/?product=serrure-intelligente-imou-smart-lock-k2#primaryimage"},"thumbnailUrl":"https:\/\/kechbureau.ma\/wp-content\/uploads\/2021\/06\/496906216847.jpg","datePublished":"2021-06-05T04:14:06+00:00","dateModified":"2025-07-12T18:55:01+00:00","breadcrumb":{"@id":"https:\/\/kechbureau.ma\/?product=serrure-intelligente-imou-smart-lock-k2#breadcrumb"},"inLanguage":"fr-FR","potentialAction":[{"@type":"ReadAction","target":["https:\/\/kechbureau.ma\/?product=serrure-intelligente-imou-smart-lock-k2"]}]},{"@type":"ImageObject","inLanguage":"fr-FR","@id":"https:\/\/kechbureau.ma\/?product=serrure-intelligente-imou-smart-lock-k2#primaryimage","url":"https:\/\/kechbureau.ma\/wp-content\/uploads\/2021\/06\/496906216847.jpg","contentUrl":"https:\/\/kechbureau.ma\/wp-content\/uploads\/2021\/06\/496906216847.jpg","width":700,"height":700},{"@type":"BreadcrumbList","@id":"https:\/\/kechbureau.ma\/?product=serrure-intelligente-imou-smart-lock-k2#breadcrumb","itemListElement":[{"@type":"ListItem","position":1,"name":"Accueil","item":"https:\/\/kechbureau.ma\/"},{"@type":"ListItem","position":2,"name":"Shop","item":"https:\/\/kechbureau.ma\/?page_id=3853"},{"@type":"ListItem","position":3,"name":"Serrure Intelligente IMOU \u2013 Smart Lock K2"}]},{"@type":"WebSite","@id":"https:\/\/kechbureau.ma\/#website","url":"https:\/\/kechbureau.ma\/","name":"KECH BUREAU","description":"MARRAKECH BUREAU","potentialAction":[{"@type":"SearchAction","target":{"@type":"EntryPoint","urlTemplate":"https:\/\/kechbureau.ma\/?s={search_term_string}"},"query-input":{"@type":"PropertyValueSpecification","valueRequired":true,"valueName":"search_term_string"}}],"inLanguage":"fr-FR"}]}},"_links":{"self":[{"href":"https:\/\/kechbureau.ma\/index.php?rest_route=\/wp\/v2\/product\/12223","targetHints":{"allow":["GET"]}}],"collection":[{"href":"https:\/\/kechbureau.ma\/index.php?rest_route=\/wp\/v2\/product"}],"about":[{"href":"https:\/\/kechbureau.ma\/index.php?rest_route=\/wp\/v2\/types\/product"}],"replies":[{"embeddable":true,"href":"https:\/\/kechbureau.ma\/index.php?rest_route=%2Fwp%2Fv2%2Fcomments&post=12223"}],"wp:featuredmedia":[{"embeddable":true,"href":"https:\/\/kechbureau.ma\/index.php?rest_route=\/wp\/v2\/media\/12224"}],"wp:attachment":[{"href":"https:\/\/kechbureau.ma\/index.php?rest_route=%2Fwp%2Fv2%2Fmedia&parent=12223"}],"wp:term":[{"taxonomy":"product_brand","embeddable":true,"href":"https:\/\/kechbureau.ma\/index.php?rest_route=%2Fwp%2Fv2%2Fproduct_brand&post=12223"},{"taxonomy":"product_cat","embeddable":true,"href":"https:\/\/kechbureau.ma\/index.php?rest_route=%2Fwp%2Fv2%2Fproduct_cat&post=12223"},{"taxonomy":"product_tag","embeddable":true,"href":"https:\/\/kechbureau.ma\/index.php?rest_route=%2Fwp%2Fv2%2Fproduct_tag&post=12223"}],"curies":[{"name":"wp","href":"https:\/\/api.w.org\/{rel}","templated":true}]}}