{"id":12199,"date":"2021-06-05T05:16:55","date_gmt":"2021-06-05T03:16:55","guid":{"rendered":"https:\/\/kechbureau.ma\/?post_type=product&#038;p=12199"},"modified":"2021-06-05T05:16:55","modified_gmt":"2021-06-05T03:16:55","slug":"cordon-cat6-utp-patch-de-30m","status":"publish","type":"product","link":"https:\/\/kechbureau.ma\/?product=cordon-cat6-utp-patch-de-30m","title":{"rendered":"CORDON CAT6 UTP Patch de 30m"},"content":{"rendered":"<p>&nbsp;<\/p>\n<p style=\"font-weight: 400;\"><b><strong><em>CORDON<\/em><\/strong><\/b><em>\u00a0<b><strong>R\u00e9seau CAT6 UTP e<\/strong><\/b>st un c\u00e2ble permettant de transmettre des donn\u00e9es\u00a0<b><strong>Informatiques<\/strong><\/b>.<\/em><\/p>\n<p style=\"font-weight: 400;\"><em>\u00a0<\/em><\/p>\n<p style=\"font-weight: 400;\"><em>Afin de b\u00e9n\u00e9ficier d&#8217;un c\u00e2ble RJ45 performant, certains \u00e9lectriciens optent pour Ce c\u00e2ble blind\u00e9 de Notre Marque<b><strong> .<\/strong><\/b><\/em><\/p>\n<p style=\"font-weight: 400;\"><em>\u00a0<\/em><\/p>\n<p style=\"font-weight: 400;\"><em>Rouleau de 30m.<\/em><\/p>\n","protected":false},"excerpt":{"rendered":"<p>&nbsp; CORDON\u00a0R\u00e9seau CAT6 UTP est un c\u00e2ble permettant de transmettre des donn\u00e9es\u00a0Informatiques. \u00a0 Afin de b\u00e9n\u00e9ficier d&#8217;un c\u00e2ble RJ45 performant, certains \u00e9lectriciens optent pour Ce c\u00e2ble blind\u00e9 de Notre Marque<\/p>\n","protected":false},"featured_media":12200,"comment_status":"open","ping_status":"closed","template":"","meta":{"kk_blocks_editor_width":"","_kiokenblocks_attr":"","_kiokenblocks_dimensions":""},"product_brand":[],"product_cat":[536,432],"product_tag":[],"class_list":{"0":"post-12199","1":"product","2":"type-product","3":"status-publish","4":"has-post-thumbnail","6":"product_cat-cables","7":"product_cat-ruseaux","9":"first","10":"instock","11":"taxable","12":"shipping-taxable","13":"purchasable","14":"product-type-simple"},"yoast_head":"<!-- This site is optimized with the Yoast SEO plugin v27.5 - https:\/\/yoast.com\/product\/yoast-seo-wordpress\/ -->\n<title>CORDON CAT6 UTP Patch de 30m - KECH BUREAU<\/title>\n<meta name=\"robots\" content=\"index, follow, max-snippet:-1, max-image-preview:large, max-video-preview:-1\" \/>\n<link rel=\"canonical\" href=\"https:\/\/kechbureau.ma\/?product=cordon-cat6-utp-patch-de-30m\" \/>\n<meta property=\"og:locale\" content=\"fr_FR\" \/>\n<meta property=\"og:type\" content=\"article\" \/>\n<meta property=\"og:title\" content=\"CORDON CAT6 UTP Patch de 30m - KECH BUREAU\" \/>\n<meta property=\"og:description\" content=\"&nbsp; CORDON\u00a0R\u00e9seau CAT6 UTP est un c\u00e2ble permettant de transmettre des donn\u00e9es\u00a0Informatiques. \u00a0 Afin de b\u00e9n\u00e9ficier d&#8217;un c\u00e2ble RJ45 performant, certains \u00e9lectriciens optent pour Ce c\u00e2ble blind\u00e9 de Notre Marque\" \/>\n<meta property=\"og:url\" content=\"https:\/\/kechbureau.ma\/?product=cordon-cat6-utp-patch-de-30m\" \/>\n<meta property=\"og:site_name\" content=\"KECH BUREAU\" \/>\n<meta property=\"og:image\" content=\"https:\/\/kechbureau.ma\/wp-content\/uploads\/2021\/06\/30m.jpg\" \/>\n\t<meta property=\"og:image:width\" content=\"680\" \/>\n\t<meta property=\"og:image:height\" content=\"680\" \/>\n\t<meta property=\"og:image:type\" content=\"image\/jpeg\" \/>\n<meta name=\"twitter:card\" content=\"summary_large_image\" \/>\n<script type=\"application\/ld+json\" class=\"yoast-schema-graph\">{\"@context\":\"https:\\\/\\\/schema.org\",\"@graph\":[{\"@type\":\"WebPage\",\"@id\":\"https:\\\/\\\/kechbureau.ma\\\/?product=cordon-cat6-utp-patch-de-30m\",\"url\":\"https:\\\/\\\/kechbureau.ma\\\/?product=cordon-cat6-utp-patch-de-30m\",\"name\":\"CORDON CAT6 UTP Patch de 30m - KECH BUREAU\",\"isPartOf\":{\"@id\":\"https:\\\/\\\/kechbureau.ma\\\/#website\"},\"primaryImageOfPage\":{\"@id\":\"https:\\\/\\\/kechbureau.ma\\\/?product=cordon-cat6-utp-patch-de-30m#primaryimage\"},\"image\":{\"@id\":\"https:\\\/\\\/kechbureau.ma\\\/?product=cordon-cat6-utp-patch-de-30m#primaryimage\"},\"thumbnailUrl\":\"https:\\\/\\\/kechbureau.ma\\\/wp-content\\\/uploads\\\/2021\\\/06\\\/30m.jpg\",\"datePublished\":\"2021-06-05T03:16:55+00:00\",\"breadcrumb\":{\"@id\":\"https:\\\/\\\/kechbureau.ma\\\/?product=cordon-cat6-utp-patch-de-30m#breadcrumb\"},\"inLanguage\":\"fr-FR\",\"potentialAction\":[{\"@type\":\"ReadAction\",\"target\":[\"https:\\\/\\\/kechbureau.ma\\\/?product=cordon-cat6-utp-patch-de-30m\"]}]},{\"@type\":\"ImageObject\",\"inLanguage\":\"fr-FR\",\"@id\":\"https:\\\/\\\/kechbureau.ma\\\/?product=cordon-cat6-utp-patch-de-30m#primaryimage\",\"url\":\"https:\\\/\\\/kechbureau.ma\\\/wp-content\\\/uploads\\\/2021\\\/06\\\/30m.jpg\",\"contentUrl\":\"https:\\\/\\\/kechbureau.ma\\\/wp-content\\\/uploads\\\/2021\\\/06\\\/30m.jpg\",\"width\":680,\"height\":680},{\"@type\":\"BreadcrumbList\",\"@id\":\"https:\\\/\\\/kechbureau.ma\\\/?product=cordon-cat6-utp-patch-de-30m#breadcrumb\",\"itemListElement\":[{\"@type\":\"ListItem\",\"position\":1,\"name\":\"Accueil\",\"item\":\"https:\\\/\\\/kechbureau.ma\\\/\"},{\"@type\":\"ListItem\",\"position\":2,\"name\":\"Shop\",\"item\":\"https:\\\/\\\/kechbureau.ma\\\/?page_id=3853\"},{\"@type\":\"ListItem\",\"position\":3,\"name\":\"CORDON CAT6 UTP Patch de 30m\"}]},{\"@type\":\"WebSite\",\"@id\":\"https:\\\/\\\/kechbureau.ma\\\/#website\",\"url\":\"https:\\\/\\\/kechbureau.ma\\\/\",\"name\":\"KECH BUREAU\",\"description\":\"MARRAKECH BUREAU\",\"potentialAction\":[{\"@type\":\"SearchAction\",\"target\":{\"@type\":\"EntryPoint\",\"urlTemplate\":\"https:\\\/\\\/kechbureau.ma\\\/?s={search_term_string}\"},\"query-input\":{\"@type\":\"PropertyValueSpecification\",\"valueRequired\":true,\"valueName\":\"search_term_string\"}}],\"inLanguage\":\"fr-FR\"}]}<\/script>\n<!-- \/ Yoast SEO plugin. -->","yoast_head_json":{"title":"CORDON CAT6 UTP Patch de 30m - KECH BUREAU","robots":{"index":"index","follow":"follow","max-snippet":"max-snippet:-1","max-image-preview":"max-image-preview:large","max-video-preview":"max-video-preview:-1"},"canonical":"https:\/\/kechbureau.ma\/?product=cordon-cat6-utp-patch-de-30m","og_locale":"fr_FR","og_type":"article","og_title":"CORDON CAT6 UTP Patch de 30m - KECH BUREAU","og_description":"&nbsp; CORDON\u00a0R\u00e9seau CAT6 UTP est un c\u00e2ble permettant de transmettre des donn\u00e9es\u00a0Informatiques. \u00a0 Afin de b\u00e9n\u00e9ficier d&#8217;un c\u00e2ble RJ45 performant, certains \u00e9lectriciens optent pour Ce c\u00e2ble blind\u00e9 de Notre Marque","og_url":"https:\/\/kechbureau.ma\/?product=cordon-cat6-utp-patch-de-30m","og_site_name":"KECH BUREAU","og_image":[{"width":680,"height":680,"url":"https:\/\/kechbureau.ma\/wp-content\/uploads\/2021\/06\/30m.jpg","type":"image\/jpeg"}],"twitter_card":"summary_large_image","schema":{"@context":"https:\/\/schema.org","@graph":[{"@type":"WebPage","@id":"https:\/\/kechbureau.ma\/?product=cordon-cat6-utp-patch-de-30m","url":"https:\/\/kechbureau.ma\/?product=cordon-cat6-utp-patch-de-30m","name":"CORDON CAT6 UTP Patch de 30m - KECH BUREAU","isPartOf":{"@id":"https:\/\/kechbureau.ma\/#website"},"primaryImageOfPage":{"@id":"https:\/\/kechbureau.ma\/?product=cordon-cat6-utp-patch-de-30m#primaryimage"},"image":{"@id":"https:\/\/kechbureau.ma\/?product=cordon-cat6-utp-patch-de-30m#primaryimage"},"thumbnailUrl":"https:\/\/kechbureau.ma\/wp-content\/uploads\/2021\/06\/30m.jpg","datePublished":"2021-06-05T03:16:55+00:00","breadcrumb":{"@id":"https:\/\/kechbureau.ma\/?product=cordon-cat6-utp-patch-de-30m#breadcrumb"},"inLanguage":"fr-FR","potentialAction":[{"@type":"ReadAction","target":["https:\/\/kechbureau.ma\/?product=cordon-cat6-utp-patch-de-30m"]}]},{"@type":"ImageObject","inLanguage":"fr-FR","@id":"https:\/\/kechbureau.ma\/?product=cordon-cat6-utp-patch-de-30m#primaryimage","url":"https:\/\/kechbureau.ma\/wp-content\/uploads\/2021\/06\/30m.jpg","contentUrl":"https:\/\/kechbureau.ma\/wp-content\/uploads\/2021\/06\/30m.jpg","width":680,"height":680},{"@type":"BreadcrumbList","@id":"https:\/\/kechbureau.ma\/?product=cordon-cat6-utp-patch-de-30m#breadcrumb","itemListElement":[{"@type":"ListItem","position":1,"name":"Accueil","item":"https:\/\/kechbureau.ma\/"},{"@type":"ListItem","position":2,"name":"Shop","item":"https:\/\/kechbureau.ma\/?page_id=3853"},{"@type":"ListItem","position":3,"name":"CORDON CAT6 UTP Patch de 30m"}]},{"@type":"WebSite","@id":"https:\/\/kechbureau.ma\/#website","url":"https:\/\/kechbureau.ma\/","name":"KECH BUREAU","description":"MARRAKECH BUREAU","potentialAction":[{"@type":"SearchAction","target":{"@type":"EntryPoint","urlTemplate":"https:\/\/kechbureau.ma\/?s={search_term_string}"},"query-input":{"@type":"PropertyValueSpecification","valueRequired":true,"valueName":"search_term_string"}}],"inLanguage":"fr-FR"}]}},"_links":{"self":[{"href":"https:\/\/kechbureau.ma\/index.php?rest_route=\/wp\/v2\/product\/12199","targetHints":{"allow":["GET"]}}],"collection":[{"href":"https:\/\/kechbureau.ma\/index.php?rest_route=\/wp\/v2\/product"}],"about":[{"href":"https:\/\/kechbureau.ma\/index.php?rest_route=\/wp\/v2\/types\/product"}],"replies":[{"embeddable":true,"href":"https:\/\/kechbureau.ma\/index.php?rest_route=%2Fwp%2Fv2%2Fcomments&post=12199"}],"wp:featuredmedia":[{"embeddable":true,"href":"https:\/\/kechbureau.ma\/index.php?rest_route=\/wp\/v2\/media\/12200"}],"wp:attachment":[{"href":"https:\/\/kechbureau.ma\/index.php?rest_route=%2Fwp%2Fv2%2Fmedia&parent=12199"}],"wp:term":[{"taxonomy":"product_brand","embeddable":true,"href":"https:\/\/kechbureau.ma\/index.php?rest_route=%2Fwp%2Fv2%2Fproduct_brand&post=12199"},{"taxonomy":"product_cat","embeddable":true,"href":"https:\/\/kechbureau.ma\/index.php?rest_route=%2Fwp%2Fv2%2Fproduct_cat&post=12199"},{"taxonomy":"product_tag","embeddable":true,"href":"https:\/\/kechbureau.ma\/index.php?rest_route=%2Fwp%2Fv2%2Fproduct_tag&post=12199"}],"curies":[{"name":"wp","href":"https:\/\/api.w.org\/{rel}","templated":true}]}}