{"id":12181,"date":"2021-06-05T04:49:13","date_gmt":"2021-06-05T02:49:13","guid":{"rendered":"https:\/\/kechbureau.ma\/?post_type=product&#038;p=12181"},"modified":"2021-06-05T04:49:13","modified_gmt":"2021-06-05T02:49:13","slug":"prise-de-courant-pdu","status":"publish","type":"product","link":"https:\/\/kechbureau.ma\/?product=prise-de-courant-pdu","title":{"rendered":"Prise De Courant (PDU)"},"content":{"rendered":"<p style=\"font-weight: 400;\"><b><strong>Prise de courant<\/strong><\/b> (PDU)\u00a0: Unit\u00e9 de distribution d&#8217;alimentation 8 prises\u00a0\u00a0avec interrupteur lumineux r\u00e9tro-\u00e9clair\u00e9 rouge. Tension de sortie : 220\/250 V. Courant de sortie : 16 A. Certificats : CE et NM 06.6.090.<\/p>\n<p style=\"font-weight: 400;\">\n<p style=\"font-weight: 400;\">Prises\u00a0\u00a0avec double prise de terre. Fiche \u00e0 angle de 45\u00b0. 2 fixations m\u00e9talliques pour montage sur\u00a0<b><strong>armoires<\/strong><\/b>\u00a0de 19&#8243;. Longueur du c\u00e2ble : 2 m.<\/p>\n<p style=\"font-weight: 400;\">\n<p style=\"font-weight: 400;\">Il dispose d&#8217;un capot de protection pose sur l&#8217;interrupteur afin d&#8217;\u00e9viter les coupures maladroites et non souhait\u00e9es.<\/p>\n","protected":false},"excerpt":{"rendered":"<p>Prise de courant (PDU)\u00a0: Unit\u00e9 de distribution d&#8217;alimentation 8 prises\u00a0\u00a0avec interrupteur lumineux r\u00e9tro-\u00e9clair\u00e9 rouge. Tension de sortie : 220\/250 V. Courant de sortie : 16 A. Certificats : CE et<\/p>\n","protected":false},"featured_media":12182,"comment_status":"open","ping_status":"closed","template":"","meta":{"kk_blocks_editor_width":"","_kiokenblocks_attr":"","_kiokenblocks_dimensions":""},"product_brand":[],"product_cat":[537,628,432,532],"product_tag":[],"class_list":{"0":"post-12181","1":"product","2":"type-product","3":"status-publish","4":"has-post-thumbnail","6":"product_cat-accessories-camera","7":"product_cat-coffret-informatique","8":"product_cat-ruseaux","9":"product_cat-video-surveillance","11":"first","12":"instock","13":"taxable","14":"shipping-taxable","15":"purchasable","16":"product-type-simple"},"yoast_head":"<!-- This site is optimized with the Yoast SEO plugin v27.5 - https:\/\/yoast.com\/product\/yoast-seo-wordpress\/ -->\n<title>Prise De Courant (PDU) - KECH BUREAU<\/title>\n<meta name=\"robots\" content=\"index, follow, max-snippet:-1, max-image-preview:large, max-video-preview:-1\" \/>\n<link rel=\"canonical\" href=\"https:\/\/kechbureau.ma\/?product=prise-de-courant-pdu\" \/>\n<meta property=\"og:locale\" content=\"fr_FR\" \/>\n<meta property=\"og:type\" content=\"article\" \/>\n<meta property=\"og:title\" content=\"Prise De Courant (PDU) - KECH BUREAU\" \/>\n<meta property=\"og:description\" content=\"Prise de courant (PDU)\u00a0: Unit\u00e9 de distribution d&#8217;alimentation 8 prises\u00a0\u00a0avec interrupteur lumineux r\u00e9tro-\u00e9clair\u00e9 rouge. Tension de sortie : 220\/250 V. Courant de sortie : 16 A. Certificats : CE et\" \/>\n<meta property=\"og:url\" content=\"https:\/\/kechbureau.ma\/?product=prise-de-courant-pdu\" \/>\n<meta property=\"og:site_name\" content=\"KECH BUREAU\" \/>\n<meta property=\"og:image\" content=\"https:\/\/kechbureau.ma\/wp-content\/uploads\/2021\/06\/prise-de-courant-pdu-w-d-link.jpg\" \/>\n\t<meta property=\"og:image:width\" content=\"728\" \/>\n\t<meta property=\"og:image:height\" content=\"800\" \/>\n\t<meta property=\"og:image:type\" content=\"image\/jpeg\" \/>\n<meta name=\"twitter:card\" content=\"summary_large_image\" \/>\n<script type=\"application\/ld+json\" class=\"yoast-schema-graph\">{\"@context\":\"https:\\\/\\\/schema.org\",\"@graph\":[{\"@type\":\"WebPage\",\"@id\":\"https:\\\/\\\/kechbureau.ma\\\/?product=prise-de-courant-pdu\",\"url\":\"https:\\\/\\\/kechbureau.ma\\\/?product=prise-de-courant-pdu\",\"name\":\"Prise De Courant (PDU) - KECH BUREAU\",\"isPartOf\":{\"@id\":\"https:\\\/\\\/kechbureau.ma\\\/#website\"},\"primaryImageOfPage\":{\"@id\":\"https:\\\/\\\/kechbureau.ma\\\/?product=prise-de-courant-pdu#primaryimage\"},\"image\":{\"@id\":\"https:\\\/\\\/kechbureau.ma\\\/?product=prise-de-courant-pdu#primaryimage\"},\"thumbnailUrl\":\"https:\\\/\\\/kechbureau.ma\\\/wp-content\\\/uploads\\\/2021\\\/06\\\/prise-de-courant-pdu-w-d-link.jpg\",\"datePublished\":\"2021-06-05T02:49:13+00:00\",\"breadcrumb\":{\"@id\":\"https:\\\/\\\/kechbureau.ma\\\/?product=prise-de-courant-pdu#breadcrumb\"},\"inLanguage\":\"fr-FR\",\"potentialAction\":[{\"@type\":\"ReadAction\",\"target\":[\"https:\\\/\\\/kechbureau.ma\\\/?product=prise-de-courant-pdu\"]}]},{\"@type\":\"ImageObject\",\"inLanguage\":\"fr-FR\",\"@id\":\"https:\\\/\\\/kechbureau.ma\\\/?product=prise-de-courant-pdu#primaryimage\",\"url\":\"https:\\\/\\\/kechbureau.ma\\\/wp-content\\\/uploads\\\/2021\\\/06\\\/prise-de-courant-pdu-w-d-link.jpg\",\"contentUrl\":\"https:\\\/\\\/kechbureau.ma\\\/wp-content\\\/uploads\\\/2021\\\/06\\\/prise-de-courant-pdu-w-d-link.jpg\",\"width\":728,\"height\":800},{\"@type\":\"BreadcrumbList\",\"@id\":\"https:\\\/\\\/kechbureau.ma\\\/?product=prise-de-courant-pdu#breadcrumb\",\"itemListElement\":[{\"@type\":\"ListItem\",\"position\":1,\"name\":\"Accueil\",\"item\":\"https:\\\/\\\/kechbureau.ma\\\/\"},{\"@type\":\"ListItem\",\"position\":2,\"name\":\"Shop\",\"item\":\"https:\\\/\\\/kechbureau.ma\\\/?page_id=3853\"},{\"@type\":\"ListItem\",\"position\":3,\"name\":\"Prise De Courant (PDU)\"}]},{\"@type\":\"WebSite\",\"@id\":\"https:\\\/\\\/kechbureau.ma\\\/#website\",\"url\":\"https:\\\/\\\/kechbureau.ma\\\/\",\"name\":\"KECH BUREAU\",\"description\":\"MARRAKECH BUREAU\",\"potentialAction\":[{\"@type\":\"SearchAction\",\"target\":{\"@type\":\"EntryPoint\",\"urlTemplate\":\"https:\\\/\\\/kechbureau.ma\\\/?s={search_term_string}\"},\"query-input\":{\"@type\":\"PropertyValueSpecification\",\"valueRequired\":true,\"valueName\":\"search_term_string\"}}],\"inLanguage\":\"fr-FR\"}]}<\/script>\n<!-- \/ Yoast SEO plugin. -->","yoast_head_json":{"title":"Prise De Courant (PDU) - KECH BUREAU","robots":{"index":"index","follow":"follow","max-snippet":"max-snippet:-1","max-image-preview":"max-image-preview:large","max-video-preview":"max-video-preview:-1"},"canonical":"https:\/\/kechbureau.ma\/?product=prise-de-courant-pdu","og_locale":"fr_FR","og_type":"article","og_title":"Prise De Courant (PDU) - KECH BUREAU","og_description":"Prise de courant (PDU)\u00a0: Unit\u00e9 de distribution d&#8217;alimentation 8 prises\u00a0\u00a0avec interrupteur lumineux r\u00e9tro-\u00e9clair\u00e9 rouge. Tension de sortie : 220\/250 V. Courant de sortie : 16 A. Certificats : CE et","og_url":"https:\/\/kechbureau.ma\/?product=prise-de-courant-pdu","og_site_name":"KECH BUREAU","og_image":[{"width":728,"height":800,"url":"https:\/\/kechbureau.ma\/wp-content\/uploads\/2021\/06\/prise-de-courant-pdu-w-d-link.jpg","type":"image\/jpeg"}],"twitter_card":"summary_large_image","schema":{"@context":"https:\/\/schema.org","@graph":[{"@type":"WebPage","@id":"https:\/\/kechbureau.ma\/?product=prise-de-courant-pdu","url":"https:\/\/kechbureau.ma\/?product=prise-de-courant-pdu","name":"Prise De Courant (PDU) - KECH BUREAU","isPartOf":{"@id":"https:\/\/kechbureau.ma\/#website"},"primaryImageOfPage":{"@id":"https:\/\/kechbureau.ma\/?product=prise-de-courant-pdu#primaryimage"},"image":{"@id":"https:\/\/kechbureau.ma\/?product=prise-de-courant-pdu#primaryimage"},"thumbnailUrl":"https:\/\/kechbureau.ma\/wp-content\/uploads\/2021\/06\/prise-de-courant-pdu-w-d-link.jpg","datePublished":"2021-06-05T02:49:13+00:00","breadcrumb":{"@id":"https:\/\/kechbureau.ma\/?product=prise-de-courant-pdu#breadcrumb"},"inLanguage":"fr-FR","potentialAction":[{"@type":"ReadAction","target":["https:\/\/kechbureau.ma\/?product=prise-de-courant-pdu"]}]},{"@type":"ImageObject","inLanguage":"fr-FR","@id":"https:\/\/kechbureau.ma\/?product=prise-de-courant-pdu#primaryimage","url":"https:\/\/kechbureau.ma\/wp-content\/uploads\/2021\/06\/prise-de-courant-pdu-w-d-link.jpg","contentUrl":"https:\/\/kechbureau.ma\/wp-content\/uploads\/2021\/06\/prise-de-courant-pdu-w-d-link.jpg","width":728,"height":800},{"@type":"BreadcrumbList","@id":"https:\/\/kechbureau.ma\/?product=prise-de-courant-pdu#breadcrumb","itemListElement":[{"@type":"ListItem","position":1,"name":"Accueil","item":"https:\/\/kechbureau.ma\/"},{"@type":"ListItem","position":2,"name":"Shop","item":"https:\/\/kechbureau.ma\/?page_id=3853"},{"@type":"ListItem","position":3,"name":"Prise De Courant (PDU)"}]},{"@type":"WebSite","@id":"https:\/\/kechbureau.ma\/#website","url":"https:\/\/kechbureau.ma\/","name":"KECH BUREAU","description":"MARRAKECH BUREAU","potentialAction":[{"@type":"SearchAction","target":{"@type":"EntryPoint","urlTemplate":"https:\/\/kechbureau.ma\/?s={search_term_string}"},"query-input":{"@type":"PropertyValueSpecification","valueRequired":true,"valueName":"search_term_string"}}],"inLanguage":"fr-FR"}]}},"_links":{"self":[{"href":"https:\/\/kechbureau.ma\/index.php?rest_route=\/wp\/v2\/product\/12181","targetHints":{"allow":["GET"]}}],"collection":[{"href":"https:\/\/kechbureau.ma\/index.php?rest_route=\/wp\/v2\/product"}],"about":[{"href":"https:\/\/kechbureau.ma\/index.php?rest_route=\/wp\/v2\/types\/product"}],"replies":[{"embeddable":true,"href":"https:\/\/kechbureau.ma\/index.php?rest_route=%2Fwp%2Fv2%2Fcomments&post=12181"}],"wp:featuredmedia":[{"embeddable":true,"href":"https:\/\/kechbureau.ma\/index.php?rest_route=\/wp\/v2\/media\/12182"}],"wp:attachment":[{"href":"https:\/\/kechbureau.ma\/index.php?rest_route=%2Fwp%2Fv2%2Fmedia&parent=12181"}],"wp:term":[{"taxonomy":"product_brand","embeddable":true,"href":"https:\/\/kechbureau.ma\/index.php?rest_route=%2Fwp%2Fv2%2Fproduct_brand&post=12181"},{"taxonomy":"product_cat","embeddable":true,"href":"https:\/\/kechbureau.ma\/index.php?rest_route=%2Fwp%2Fv2%2Fproduct_cat&post=12181"},{"taxonomy":"product_tag","embeddable":true,"href":"https:\/\/kechbureau.ma\/index.php?rest_route=%2Fwp%2Fv2%2Fproduct_tag&post=12181"}],"curies":[{"name":"wp","href":"https:\/\/api.w.org\/{rel}","templated":true}]}}