{"id":12113,"date":"2021-06-05T02:30:49","date_gmt":"2021-06-05T00:30:49","guid":{"rendered":"https:\/\/kechbureau.ma\/?post_type=product&#038;p=12113"},"modified":"2021-06-05T02:30:49","modified_gmt":"2021-06-05T00:30:49","slug":"toner-compatible-pour-hp-ce255a-ce-255a-pour-hp-laserjet-pro-500-m-521-dn-noir","status":"publish","type":"product","link":"https:\/\/kechbureau.ma\/?product=toner-compatible-pour-hp-ce255a-ce-255a-pour-hp-laserjet-pro-500-m-521-dn-noir","title":{"rendered":"Toner compatible pour HP CE255A CE 255A pour HP laserjet pro 500 m 521 DN-noir"},"content":{"rendered":"<p><b>Toner Compatible pour<\/b>\u202f:\u00a0 HP Laserjet P3010<br \/>\n<b>\u00a0Remplace<\/b>\u202f\u00a0 \u00a0 \u00a0 \u00a0 \u00a0 \u00a0 \u00a0 \u00a0 \u00a0 \u00a0 \u00a0 :\u00a0 ce-255-a BK<\/p>\n<p>. Notre produit est le remplacement COMPATIBLE Le mod\u00e8le OEM. Cartouches Toner et encre. Ils sont fabriqu\u00e9s avec les plus hauts standards de qualit\u00e9, de fiabilit\u00e9 et de compatibilit\u00e9. Respect des normes ISO 9001\u00a0&amp; ISO 14001. producimos nos produits avec 100% de nouveaux composants. Lui informamos de que ce produit est un mod\u00e8le compatible non d&#8217;origine\u00a0&#8211;\u00a0non OEM.<br \/>\nToner HP Toner HP Toner compatible avec hP toner compatible hP cartouches de toner laser, toner laser compatible cartouches de toner toner laser HP Cartouches d&#8217;encre et toner, cartouche toner HP Toner Laser HP Toner ce-255-a Toner ce-255-a, cartouche d&#8217;imprimante cartouches d&#8217;imprimante cartouches compatibles cartouche compatible pour Cartouche compatible de cartouches compatibles pour Prestige Cartridge cartridges Prestige Cartridge Prestige cartridges Cartouche de Toner Laser Cartouche de Toner Laser Cartouche de Toner Laser Cartouche de Toner Imprimante Cartouche D&#8217;encre et encre et toner Cartouche de toner, Compatible Toner encre encres Toners compatibles laser Pack Pack original multifonction imprimante imprimantes Cartouche cartouches pour multicolore \u00e9quivalent \u00e9quivalentes recycl\u00e9s recycl\u00e9 copie semblable R\u00e9plique replicas similaires Copies Consommable consommables informatiques papeleria ce 255\u00a0a ce 255-a ce 255\u00a0a CE-255\u00a0A ce-255-a ce-255\u00a0a cE255\u00a0A ce255-a CE255\u00a0A P 3010\u00a0p 3010- p 3010\u00a0p-3010\u00a0p-3010- p-3010\u00a0P3010\u00a0p3010- P3010<\/p>\n","protected":false},"excerpt":{"rendered":"<p>Toner Compatible pour\u202f:\u00a0 HP Laserjet P3010 \u00a0Remplace\u202f\u00a0 \u00a0 \u00a0 \u00a0 \u00a0 \u00a0 \u00a0 \u00a0 \u00a0 \u00a0 \u00a0 :\u00a0 ce-255-a BK . Notre produit est le remplacement COMPATIBLE Le mod\u00e8le OEM.<\/p>\n","protected":false},"featured_media":12114,"comment_status":"open","ping_status":"closed","template":"","meta":{"kk_blocks_editor_width":"","_kiokenblocks_attr":"","_kiokenblocks_dimensions":""},"product_brand":[],"product_cat":[543,642],"product_tag":[],"class_list":{"0":"post-12113","1":"product","2":"type-product","3":"status-publish","4":"has-post-thumbnail","6":"product_cat-consommable","7":"product_cat-hp","9":"first","10":"instock","11":"taxable","12":"shipping-taxable","13":"purchasable","14":"product-type-simple"},"yoast_head":"<!-- This site is optimized with the Yoast SEO plugin v27.4 - https:\/\/yoast.com\/product\/yoast-seo-wordpress\/ -->\n<title>Toner compatible pour HP CE255A CE 255A pour HP laserjet pro 500 m 521 DN-noir - KECH BUREAU<\/title>\n<meta name=\"robots\" content=\"index, follow, max-snippet:-1, max-image-preview:large, max-video-preview:-1\" \/>\n<link rel=\"canonical\" href=\"https:\/\/kechbureau.ma\/?product=toner-compatible-pour-hp-ce255a-ce-255a-pour-hp-laserjet-pro-500-m-521-dn-noir\" \/>\n<meta property=\"og:locale\" content=\"fr_FR\" \/>\n<meta property=\"og:type\" content=\"article\" \/>\n<meta property=\"og:title\" content=\"Toner compatible pour HP CE255A CE 255A pour HP laserjet pro 500 m 521 DN-noir - KECH BUREAU\" \/>\n<meta property=\"og:description\" content=\"Toner Compatible pour\u202f:\u00a0 HP Laserjet P3010 \u00a0Remplace\u202f\u00a0 \u00a0 \u00a0 \u00a0 \u00a0 \u00a0 \u00a0 \u00a0 \u00a0 \u00a0 \u00a0 :\u00a0 ce-255-a BK . Notre produit est le remplacement COMPATIBLE Le mod\u00e8le OEM.\" \/>\n<meta property=\"og:url\" content=\"https:\/\/kechbureau.ma\/?product=toner-compatible-pour-hp-ce255a-ce-255a-pour-hp-laserjet-pro-500-m-521-dn-noir\" \/>\n<meta property=\"og:site_name\" content=\"KECH BUREAU\" \/>\n<meta property=\"og:image\" content=\"https:\/\/kechbureau.ma\/wp-content\/uploads\/2021\/06\/255a.jpg\" \/>\n\t<meta property=\"og:image:width\" content=\"500\" \/>\n\t<meta property=\"og:image:height\" content=\"500\" \/>\n\t<meta property=\"og:image:type\" content=\"image\/jpeg\" \/>\n<meta name=\"twitter:card\" content=\"summary_large_image\" \/>\n<meta name=\"twitter:label1\" content=\"Dur\u00e9e de lecture estim\u00e9e\" \/>\n\t<meta name=\"twitter:data1\" content=\"1 minute\" \/>\n<script type=\"application\/ld+json\" class=\"yoast-schema-graph\">{\"@context\":\"https:\\\/\\\/schema.org\",\"@graph\":[{\"@type\":\"WebPage\",\"@id\":\"https:\\\/\\\/kechbureau.ma\\\/?product=toner-compatible-pour-hp-ce255a-ce-255a-pour-hp-laserjet-pro-500-m-521-dn-noir\",\"url\":\"https:\\\/\\\/kechbureau.ma\\\/?product=toner-compatible-pour-hp-ce255a-ce-255a-pour-hp-laserjet-pro-500-m-521-dn-noir\",\"name\":\"Toner compatible pour HP CE255A CE 255A pour HP laserjet pro 500 m 521 DN-noir - KECH BUREAU\",\"isPartOf\":{\"@id\":\"https:\\\/\\\/kechbureau.ma\\\/#website\"},\"primaryImageOfPage\":{\"@id\":\"https:\\\/\\\/kechbureau.ma\\\/?product=toner-compatible-pour-hp-ce255a-ce-255a-pour-hp-laserjet-pro-500-m-521-dn-noir#primaryimage\"},\"image\":{\"@id\":\"https:\\\/\\\/kechbureau.ma\\\/?product=toner-compatible-pour-hp-ce255a-ce-255a-pour-hp-laserjet-pro-500-m-521-dn-noir#primaryimage\"},\"thumbnailUrl\":\"https:\\\/\\\/kechbureau.ma\\\/wp-content\\\/uploads\\\/2021\\\/06\\\/255a.jpg\",\"datePublished\":\"2021-06-05T00:30:49+00:00\",\"breadcrumb\":{\"@id\":\"https:\\\/\\\/kechbureau.ma\\\/?product=toner-compatible-pour-hp-ce255a-ce-255a-pour-hp-laserjet-pro-500-m-521-dn-noir#breadcrumb\"},\"inLanguage\":\"fr-FR\",\"potentialAction\":[{\"@type\":\"ReadAction\",\"target\":[\"https:\\\/\\\/kechbureau.ma\\\/?product=toner-compatible-pour-hp-ce255a-ce-255a-pour-hp-laserjet-pro-500-m-521-dn-noir\"]}]},{\"@type\":\"ImageObject\",\"inLanguage\":\"fr-FR\",\"@id\":\"https:\\\/\\\/kechbureau.ma\\\/?product=toner-compatible-pour-hp-ce255a-ce-255a-pour-hp-laserjet-pro-500-m-521-dn-noir#primaryimage\",\"url\":\"https:\\\/\\\/kechbureau.ma\\\/wp-content\\\/uploads\\\/2021\\\/06\\\/255a.jpg\",\"contentUrl\":\"https:\\\/\\\/kechbureau.ma\\\/wp-content\\\/uploads\\\/2021\\\/06\\\/255a.jpg\",\"width\":500,\"height\":500},{\"@type\":\"BreadcrumbList\",\"@id\":\"https:\\\/\\\/kechbureau.ma\\\/?product=toner-compatible-pour-hp-ce255a-ce-255a-pour-hp-laserjet-pro-500-m-521-dn-noir#breadcrumb\",\"itemListElement\":[{\"@type\":\"ListItem\",\"position\":1,\"name\":\"Accueil\",\"item\":\"https:\\\/\\\/kechbureau.ma\\\/\"},{\"@type\":\"ListItem\",\"position\":2,\"name\":\"Shop\",\"item\":\"https:\\\/\\\/kechbureau.ma\\\/?page_id=3853\"},{\"@type\":\"ListItem\",\"position\":3,\"name\":\"Toner compatible pour HP CE255A CE 255A pour HP laserjet pro 500 m 521 DN-noir\"}]},{\"@type\":\"WebSite\",\"@id\":\"https:\\\/\\\/kechbureau.ma\\\/#website\",\"url\":\"https:\\\/\\\/kechbureau.ma\\\/\",\"name\":\"KECH BUREAU\",\"description\":\"MARRAKECH BUREAU\",\"potentialAction\":[{\"@type\":\"SearchAction\",\"target\":{\"@type\":\"EntryPoint\",\"urlTemplate\":\"https:\\\/\\\/kechbureau.ma\\\/?s={search_term_string}\"},\"query-input\":{\"@type\":\"PropertyValueSpecification\",\"valueRequired\":true,\"valueName\":\"search_term_string\"}}],\"inLanguage\":\"fr-FR\"}]}<\/script>\n<!-- \/ Yoast SEO plugin. -->","yoast_head_json":{"title":"Toner compatible pour HP CE255A CE 255A pour HP laserjet pro 500 m 521 DN-noir - KECH BUREAU","robots":{"index":"index","follow":"follow","max-snippet":"max-snippet:-1","max-image-preview":"max-image-preview:large","max-video-preview":"max-video-preview:-1"},"canonical":"https:\/\/kechbureau.ma\/?product=toner-compatible-pour-hp-ce255a-ce-255a-pour-hp-laserjet-pro-500-m-521-dn-noir","og_locale":"fr_FR","og_type":"article","og_title":"Toner compatible pour HP CE255A CE 255A pour HP laserjet pro 500 m 521 DN-noir - KECH BUREAU","og_description":"Toner Compatible pour\u202f:\u00a0 HP Laserjet P3010 \u00a0Remplace\u202f\u00a0 \u00a0 \u00a0 \u00a0 \u00a0 \u00a0 \u00a0 \u00a0 \u00a0 \u00a0 \u00a0 :\u00a0 ce-255-a BK . Notre produit est le remplacement COMPATIBLE Le mod\u00e8le OEM.","og_url":"https:\/\/kechbureau.ma\/?product=toner-compatible-pour-hp-ce255a-ce-255a-pour-hp-laserjet-pro-500-m-521-dn-noir","og_site_name":"KECH BUREAU","og_image":[{"width":500,"height":500,"url":"https:\/\/kechbureau.ma\/wp-content\/uploads\/2021\/06\/255a.jpg","type":"image\/jpeg"}],"twitter_card":"summary_large_image","twitter_misc":{"Dur\u00e9e de lecture estim\u00e9e":"1 minute"},"schema":{"@context":"https:\/\/schema.org","@graph":[{"@type":"WebPage","@id":"https:\/\/kechbureau.ma\/?product=toner-compatible-pour-hp-ce255a-ce-255a-pour-hp-laserjet-pro-500-m-521-dn-noir","url":"https:\/\/kechbureau.ma\/?product=toner-compatible-pour-hp-ce255a-ce-255a-pour-hp-laserjet-pro-500-m-521-dn-noir","name":"Toner compatible pour HP CE255A CE 255A pour HP laserjet pro 500 m 521 DN-noir - KECH BUREAU","isPartOf":{"@id":"https:\/\/kechbureau.ma\/#website"},"primaryImageOfPage":{"@id":"https:\/\/kechbureau.ma\/?product=toner-compatible-pour-hp-ce255a-ce-255a-pour-hp-laserjet-pro-500-m-521-dn-noir#primaryimage"},"image":{"@id":"https:\/\/kechbureau.ma\/?product=toner-compatible-pour-hp-ce255a-ce-255a-pour-hp-laserjet-pro-500-m-521-dn-noir#primaryimage"},"thumbnailUrl":"https:\/\/kechbureau.ma\/wp-content\/uploads\/2021\/06\/255a.jpg","datePublished":"2021-06-05T00:30:49+00:00","breadcrumb":{"@id":"https:\/\/kechbureau.ma\/?product=toner-compatible-pour-hp-ce255a-ce-255a-pour-hp-laserjet-pro-500-m-521-dn-noir#breadcrumb"},"inLanguage":"fr-FR","potentialAction":[{"@type":"ReadAction","target":["https:\/\/kechbureau.ma\/?product=toner-compatible-pour-hp-ce255a-ce-255a-pour-hp-laserjet-pro-500-m-521-dn-noir"]}]},{"@type":"ImageObject","inLanguage":"fr-FR","@id":"https:\/\/kechbureau.ma\/?product=toner-compatible-pour-hp-ce255a-ce-255a-pour-hp-laserjet-pro-500-m-521-dn-noir#primaryimage","url":"https:\/\/kechbureau.ma\/wp-content\/uploads\/2021\/06\/255a.jpg","contentUrl":"https:\/\/kechbureau.ma\/wp-content\/uploads\/2021\/06\/255a.jpg","width":500,"height":500},{"@type":"BreadcrumbList","@id":"https:\/\/kechbureau.ma\/?product=toner-compatible-pour-hp-ce255a-ce-255a-pour-hp-laserjet-pro-500-m-521-dn-noir#breadcrumb","itemListElement":[{"@type":"ListItem","position":1,"name":"Accueil","item":"https:\/\/kechbureau.ma\/"},{"@type":"ListItem","position":2,"name":"Shop","item":"https:\/\/kechbureau.ma\/?page_id=3853"},{"@type":"ListItem","position":3,"name":"Toner compatible pour HP CE255A CE 255A pour HP laserjet pro 500 m 521 DN-noir"}]},{"@type":"WebSite","@id":"https:\/\/kechbureau.ma\/#website","url":"https:\/\/kechbureau.ma\/","name":"KECH BUREAU","description":"MARRAKECH BUREAU","potentialAction":[{"@type":"SearchAction","target":{"@type":"EntryPoint","urlTemplate":"https:\/\/kechbureau.ma\/?s={search_term_string}"},"query-input":{"@type":"PropertyValueSpecification","valueRequired":true,"valueName":"search_term_string"}}],"inLanguage":"fr-FR"}]}},"_links":{"self":[{"href":"https:\/\/kechbureau.ma\/index.php?rest_route=\/wp\/v2\/product\/12113","targetHints":{"allow":["GET"]}}],"collection":[{"href":"https:\/\/kechbureau.ma\/index.php?rest_route=\/wp\/v2\/product"}],"about":[{"href":"https:\/\/kechbureau.ma\/index.php?rest_route=\/wp\/v2\/types\/product"}],"replies":[{"embeddable":true,"href":"https:\/\/kechbureau.ma\/index.php?rest_route=%2Fwp%2Fv2%2Fcomments&post=12113"}],"wp:featuredmedia":[{"embeddable":true,"href":"https:\/\/kechbureau.ma\/index.php?rest_route=\/wp\/v2\/media\/12114"}],"wp:attachment":[{"href":"https:\/\/kechbureau.ma\/index.php?rest_route=%2Fwp%2Fv2%2Fmedia&parent=12113"}],"wp:term":[{"taxonomy":"product_brand","embeddable":true,"href":"https:\/\/kechbureau.ma\/index.php?rest_route=%2Fwp%2Fv2%2Fproduct_brand&post=12113"},{"taxonomy":"product_cat","embeddable":true,"href":"https:\/\/kechbureau.ma\/index.php?rest_route=%2Fwp%2Fv2%2Fproduct_cat&post=12113"},{"taxonomy":"product_tag","embeddable":true,"href":"https:\/\/kechbureau.ma\/index.php?rest_route=%2Fwp%2Fv2%2Fproduct_tag&post=12113"}],"curies":[{"name":"wp","href":"https:\/\/api.w.org\/{rel}","templated":true}]}}