{"id":12024,"date":"2021-06-03T05:58:06","date_gmt":"2021-06-03T03:58:06","guid":{"rendered":"https:\/\/kechbureau.ma\/?post_type=product&#038;p=12024"},"modified":"2021-06-03T05:58:07","modified_gmt":"2021-06-03T03:58:07","slug":"ssd-240-go-m-2-2280-serial-ata-6gb-s","status":"publish","type":"product","link":"https:\/\/kechbureau.ma\/?product=ssd-240-go-m-2-2280-serial-ata-6gb-s","title":{"rendered":"SSD 240 Go M.2 2280 Serial ATA 6Gb\/s"},"content":{"rendered":"<p>Le\u00a0<strong>SSD A400 240 Go <\/strong>\u00a0am\u00e9liore consid\u00e9rablement la r\u00e9activit\u00e9 de votre syst\u00e8me actuel avec des vitesses de d\u00e9marrage, de chargement et de transfert par rapport aux disques durs classiques. Anim\u00e9 par un contr\u00f4leur de la derni\u00e8re g\u00e9n\u00e9ration offrant des vitesses de lecture et d&#8217;\u00e9criture allant jusqu&#8217;\u00e0 500 Mo\/s et 350 Mo\/s, ce SSD est dix fois plus rapide qu&#8217;un disque dur traditionnel et offre des performances plus \u00e9lev\u00e9es, une gestion multi-t\u00e2ches ultra r\u00e9active, et acc\u00e9l\u00e8re l&#8217;ensemble du syst\u00e8me.<\/p>\n<p>Plus fiable et plus durable qu&#8217;un disque dur, le disque\u00a0<strong>A400<\/strong>\u00a0est uniquement construit avec des composants Flash. Ne contenant aucune pi\u00e8ce mobile, il est moins expos\u00e9 aux risques de panne qu&#8217;un disque dur classique. Plus silencieux et plus froid, il est aussi plus r\u00e9sistant aux vibrations et aux chocs, ce qui en fait une solution id\u00e9ale pour les ordinateurs portables et autres syst\u00e8mes informatiques mobiles.<\/p>\n","protected":false},"excerpt":{"rendered":"<p>Le\u00a0SSD A400 240 Go \u00a0am\u00e9liore consid\u00e9rablement la r\u00e9activit\u00e9 de votre syst\u00e8me actuel avec des vitesses de d\u00e9marrage, de chargement et de transfert par rapport aux disques durs classiques. Anim\u00e9 par<\/p>\n","protected":false},"featured_media":12025,"comment_status":"open","ping_status":"closed","template":"","meta":{"kk_blocks_editor_width":"","_kiokenblocks_attr":"","_kiokenblocks_dimensions":""},"product_brand":[],"product_cat":[631],"product_tag":[],"class_list":{"0":"post-12024","1":"product","2":"type-product","3":"status-publish","4":"has-post-thumbnail","6":"product_cat-stockage","8":"first","9":"instock","10":"sale","11":"taxable","12":"shipping-taxable","13":"purchasable","14":"product-type-simple"},"yoast_head":"<!-- This site is optimized with the Yoast SEO plugin v27.5 - https:\/\/yoast.com\/product\/yoast-seo-wordpress\/ -->\n<title>SSD 240 Go M.2 2280 Serial ATA 6Gb\/s - KECH BUREAU<\/title>\n<meta name=\"robots\" content=\"index, follow, max-snippet:-1, max-image-preview:large, max-video-preview:-1\" \/>\n<link rel=\"canonical\" href=\"https:\/\/kechbureau.ma\/?product=ssd-240-go-m-2-2280-serial-ata-6gb-s\" \/>\n<meta property=\"og:locale\" content=\"fr_FR\" \/>\n<meta property=\"og:type\" content=\"article\" \/>\n<meta property=\"og:title\" content=\"SSD 240 Go M.2 2280 Serial ATA 6Gb\/s - KECH BUREAU\" \/>\n<meta property=\"og:description\" content=\"Le\u00a0SSD A400 240 Go \u00a0am\u00e9liore consid\u00e9rablement la r\u00e9activit\u00e9 de votre syst\u00e8me actuel avec des vitesses de d\u00e9marrage, de chargement et de transfert par rapport aux disques durs classiques. Anim\u00e9 par\" \/>\n<meta property=\"og:url\" content=\"https:\/\/kechbureau.ma\/?product=ssd-240-go-m-2-2280-serial-ata-6gb-s\" \/>\n<meta property=\"og:site_name\" content=\"KECH BUREAU\" \/>\n<meta property=\"article:modified_time\" content=\"2021-06-03T03:58:07+00:00\" \/>\n<meta property=\"og:image\" content=\"https:\/\/kechbureau.ma\/wp-content\/uploads\/2021\/06\/LD0005570038_2.jpg\" \/>\n\t<meta property=\"og:image:width\" content=\"1600\" \/>\n\t<meta property=\"og:image:height\" content=\"1600\" \/>\n\t<meta property=\"og:image:type\" content=\"image\/jpeg\" \/>\n<meta name=\"twitter:card\" content=\"summary_large_image\" \/>\n<meta name=\"twitter:label1\" content=\"Dur\u00e9e de lecture estim\u00e9e\" \/>\n\t<meta name=\"twitter:data1\" content=\"1 minute\" \/>\n<script type=\"application\/ld+json\" class=\"yoast-schema-graph\">{\"@context\":\"https:\\\/\\\/schema.org\",\"@graph\":[{\"@type\":\"WebPage\",\"@id\":\"https:\\\/\\\/kechbureau.ma\\\/?product=ssd-240-go-m-2-2280-serial-ata-6gb-s\",\"url\":\"https:\\\/\\\/kechbureau.ma\\\/?product=ssd-240-go-m-2-2280-serial-ata-6gb-s\",\"name\":\"SSD 240 Go M.2 2280 Serial ATA 6Gb\\\/s - KECH BUREAU\",\"isPartOf\":{\"@id\":\"https:\\\/\\\/kechbureau.ma\\\/#website\"},\"primaryImageOfPage\":{\"@id\":\"https:\\\/\\\/kechbureau.ma\\\/?product=ssd-240-go-m-2-2280-serial-ata-6gb-s#primaryimage\"},\"image\":{\"@id\":\"https:\\\/\\\/kechbureau.ma\\\/?product=ssd-240-go-m-2-2280-serial-ata-6gb-s#primaryimage\"},\"thumbnailUrl\":\"https:\\\/\\\/kechbureau.ma\\\/wp-content\\\/uploads\\\/2021\\\/06\\\/LD0005570038_2.jpg\",\"datePublished\":\"2021-06-03T03:58:06+00:00\",\"dateModified\":\"2021-06-03T03:58:07+00:00\",\"breadcrumb\":{\"@id\":\"https:\\\/\\\/kechbureau.ma\\\/?product=ssd-240-go-m-2-2280-serial-ata-6gb-s#breadcrumb\"},\"inLanguage\":\"fr-FR\",\"potentialAction\":[{\"@type\":\"ReadAction\",\"target\":[\"https:\\\/\\\/kechbureau.ma\\\/?product=ssd-240-go-m-2-2280-serial-ata-6gb-s\"]}]},{\"@type\":\"ImageObject\",\"inLanguage\":\"fr-FR\",\"@id\":\"https:\\\/\\\/kechbureau.ma\\\/?product=ssd-240-go-m-2-2280-serial-ata-6gb-s#primaryimage\",\"url\":\"https:\\\/\\\/kechbureau.ma\\\/wp-content\\\/uploads\\\/2021\\\/06\\\/LD0005570038_2.jpg\",\"contentUrl\":\"https:\\\/\\\/kechbureau.ma\\\/wp-content\\\/uploads\\\/2021\\\/06\\\/LD0005570038_2.jpg\",\"width\":1600,\"height\":1600},{\"@type\":\"BreadcrumbList\",\"@id\":\"https:\\\/\\\/kechbureau.ma\\\/?product=ssd-240-go-m-2-2280-serial-ata-6gb-s#breadcrumb\",\"itemListElement\":[{\"@type\":\"ListItem\",\"position\":1,\"name\":\"Accueil\",\"item\":\"https:\\\/\\\/kechbureau.ma\\\/\"},{\"@type\":\"ListItem\",\"position\":2,\"name\":\"Shop\",\"item\":\"https:\\\/\\\/kechbureau.ma\\\/?page_id=3853\"},{\"@type\":\"ListItem\",\"position\":3,\"name\":\"SSD 240 Go M.2 2280 Serial ATA 6Gb\\\/s\"}]},{\"@type\":\"WebSite\",\"@id\":\"https:\\\/\\\/kechbureau.ma\\\/#website\",\"url\":\"https:\\\/\\\/kechbureau.ma\\\/\",\"name\":\"KECH BUREAU\",\"description\":\"MARRAKECH BUREAU\",\"potentialAction\":[{\"@type\":\"SearchAction\",\"target\":{\"@type\":\"EntryPoint\",\"urlTemplate\":\"https:\\\/\\\/kechbureau.ma\\\/?s={search_term_string}\"},\"query-input\":{\"@type\":\"PropertyValueSpecification\",\"valueRequired\":true,\"valueName\":\"search_term_string\"}}],\"inLanguage\":\"fr-FR\"}]}<\/script>\n<!-- \/ Yoast SEO plugin. -->","yoast_head_json":{"title":"SSD 240 Go M.2 2280 Serial ATA 6Gb\/s - KECH BUREAU","robots":{"index":"index","follow":"follow","max-snippet":"max-snippet:-1","max-image-preview":"max-image-preview:large","max-video-preview":"max-video-preview:-1"},"canonical":"https:\/\/kechbureau.ma\/?product=ssd-240-go-m-2-2280-serial-ata-6gb-s","og_locale":"fr_FR","og_type":"article","og_title":"SSD 240 Go M.2 2280 Serial ATA 6Gb\/s - KECH BUREAU","og_description":"Le\u00a0SSD A400 240 Go \u00a0am\u00e9liore consid\u00e9rablement la r\u00e9activit\u00e9 de votre syst\u00e8me actuel avec des vitesses de d\u00e9marrage, de chargement et de transfert par rapport aux disques durs classiques. Anim\u00e9 par","og_url":"https:\/\/kechbureau.ma\/?product=ssd-240-go-m-2-2280-serial-ata-6gb-s","og_site_name":"KECH BUREAU","article_modified_time":"2021-06-03T03:58:07+00:00","og_image":[{"width":1600,"height":1600,"url":"https:\/\/kechbureau.ma\/wp-content\/uploads\/2021\/06\/LD0005570038_2.jpg","type":"image\/jpeg"}],"twitter_card":"summary_large_image","twitter_misc":{"Dur\u00e9e de lecture estim\u00e9e":"1 minute"},"schema":{"@context":"https:\/\/schema.org","@graph":[{"@type":"WebPage","@id":"https:\/\/kechbureau.ma\/?product=ssd-240-go-m-2-2280-serial-ata-6gb-s","url":"https:\/\/kechbureau.ma\/?product=ssd-240-go-m-2-2280-serial-ata-6gb-s","name":"SSD 240 Go M.2 2280 Serial ATA 6Gb\/s - KECH BUREAU","isPartOf":{"@id":"https:\/\/kechbureau.ma\/#website"},"primaryImageOfPage":{"@id":"https:\/\/kechbureau.ma\/?product=ssd-240-go-m-2-2280-serial-ata-6gb-s#primaryimage"},"image":{"@id":"https:\/\/kechbureau.ma\/?product=ssd-240-go-m-2-2280-serial-ata-6gb-s#primaryimage"},"thumbnailUrl":"https:\/\/kechbureau.ma\/wp-content\/uploads\/2021\/06\/LD0005570038_2.jpg","datePublished":"2021-06-03T03:58:06+00:00","dateModified":"2021-06-03T03:58:07+00:00","breadcrumb":{"@id":"https:\/\/kechbureau.ma\/?product=ssd-240-go-m-2-2280-serial-ata-6gb-s#breadcrumb"},"inLanguage":"fr-FR","potentialAction":[{"@type":"ReadAction","target":["https:\/\/kechbureau.ma\/?product=ssd-240-go-m-2-2280-serial-ata-6gb-s"]}]},{"@type":"ImageObject","inLanguage":"fr-FR","@id":"https:\/\/kechbureau.ma\/?product=ssd-240-go-m-2-2280-serial-ata-6gb-s#primaryimage","url":"https:\/\/kechbureau.ma\/wp-content\/uploads\/2021\/06\/LD0005570038_2.jpg","contentUrl":"https:\/\/kechbureau.ma\/wp-content\/uploads\/2021\/06\/LD0005570038_2.jpg","width":1600,"height":1600},{"@type":"BreadcrumbList","@id":"https:\/\/kechbureau.ma\/?product=ssd-240-go-m-2-2280-serial-ata-6gb-s#breadcrumb","itemListElement":[{"@type":"ListItem","position":1,"name":"Accueil","item":"https:\/\/kechbureau.ma\/"},{"@type":"ListItem","position":2,"name":"Shop","item":"https:\/\/kechbureau.ma\/?page_id=3853"},{"@type":"ListItem","position":3,"name":"SSD 240 Go M.2 2280 Serial ATA 6Gb\/s"}]},{"@type":"WebSite","@id":"https:\/\/kechbureau.ma\/#website","url":"https:\/\/kechbureau.ma\/","name":"KECH BUREAU","description":"MARRAKECH BUREAU","potentialAction":[{"@type":"SearchAction","target":{"@type":"EntryPoint","urlTemplate":"https:\/\/kechbureau.ma\/?s={search_term_string}"},"query-input":{"@type":"PropertyValueSpecification","valueRequired":true,"valueName":"search_term_string"}}],"inLanguage":"fr-FR"}]}},"_links":{"self":[{"href":"https:\/\/kechbureau.ma\/index.php?rest_route=\/wp\/v2\/product\/12024","targetHints":{"allow":["GET"]}}],"collection":[{"href":"https:\/\/kechbureau.ma\/index.php?rest_route=\/wp\/v2\/product"}],"about":[{"href":"https:\/\/kechbureau.ma\/index.php?rest_route=\/wp\/v2\/types\/product"}],"replies":[{"embeddable":true,"href":"https:\/\/kechbureau.ma\/index.php?rest_route=%2Fwp%2Fv2%2Fcomments&post=12024"}],"wp:featuredmedia":[{"embeddable":true,"href":"https:\/\/kechbureau.ma\/index.php?rest_route=\/wp\/v2\/media\/12025"}],"wp:attachment":[{"href":"https:\/\/kechbureau.ma\/index.php?rest_route=%2Fwp%2Fv2%2Fmedia&parent=12024"}],"wp:term":[{"taxonomy":"product_brand","embeddable":true,"href":"https:\/\/kechbureau.ma\/index.php?rest_route=%2Fwp%2Fv2%2Fproduct_brand&post=12024"},{"taxonomy":"product_cat","embeddable":true,"href":"https:\/\/kechbureau.ma\/index.php?rest_route=%2Fwp%2Fv2%2Fproduct_cat&post=12024"},{"taxonomy":"product_tag","embeddable":true,"href":"https:\/\/kechbureau.ma\/index.php?rest_route=%2Fwp%2Fv2%2Fproduct_tag&post=12024"}],"curies":[{"name":"wp","href":"https:\/\/api.w.org\/{rel}","templated":true}]}}