{"id":11976,"date":"2021-06-03T04:06:28","date_gmt":"2021-06-03T02:06:28","guid":{"rendered":"https:\/\/kechbureau.ma\/?post_type=product&#038;p=11976"},"modified":"2021-06-03T04:06:28","modified_gmt":"2021-06-03T02:06:28","slug":"tp-link-point-dacces-archer-c6-tp-link-routeur-wifi-ac-1200-mbps-avec-5-ports-gigabit","status":"publish","type":"product","link":"https:\/\/kechbureau.ma\/?product=tp-link-point-dacces-archer-c6-tp-link-routeur-wifi-ac-1200-mbps-avec-5-ports-gigabit","title":{"rendered":"TP-Link Point d&#8217;acc\u00e8s Archer C6 TP LINK ,Routeur WiFi AC 1200 Mbps avec 5 ports Gigabit"},"content":{"rendered":"<ul>\n<li>Prend en charge de la norme WiFi 802.11ac<\/li>\n<li>Connexions simultan\u00e9es de\u00a0300 Mbps en 2,4 GHz et de 867 Mbps en 5 GHz, pour une bande passante totale de 1200 Mbps<\/li>\n<li>4 antennes externes et une antenne interne assurent des connexions sans fil stables et une couverture optimale<\/li>\n<li>Administration r\u00e9seau facile et \u00e0 port\u00e9e de main avec TP-Link Tether<\/li>\n<li>MU-MIMO atteint am\u00e9liore la connexion avec les appareils en permettant une communication vers 2 appareils \u00e0 la fois<\/li>\n<li>Prise\u00a0en charge du mode Point d&#8217;acc\u00e8s pour cr\u00e9er un nouveau point d&#8217;acc\u00e8s WiFi<\/li>\n<li>Compatible avec toutes les box du march\u00e9<\/li>\n<li>Garantie 3 ans<\/li>\n<\/ul>\n","protected":false},"excerpt":{"rendered":"<p>Prend en charge de la norme WiFi 802.11ac Connexions simultan\u00e9es de\u00a0300 Mbps en 2,4 GHz et de 867 Mbps en 5 GHz, pour une bande passante totale de 1200 Mbps<\/p>\n","protected":false},"featured_media":11977,"comment_status":"open","ping_status":"closed","template":"","meta":{"kk_blocks_editor_width":"","_kiokenblocks_attr":"","_kiokenblocks_dimensions":""},"product_brand":[],"product_cat":[627],"product_tag":[],"class_list":{"0":"post-11976","1":"product","2":"type-product","3":"status-publish","4":"has-post-thumbnail","6":"product_cat-point-acces","8":"first","9":"instock","10":"sale","11":"taxable","12":"shipping-taxable","13":"purchasable","14":"product-type-simple"},"yoast_head":"<!-- This site is optimized with the Yoast SEO plugin v27.3 - https:\/\/yoast.com\/product\/yoast-seo-wordpress\/ -->\n<title>TP-Link Point d&#039;acc\u00e8s Archer C6 TP LINK ,Routeur WiFi AC 1200 Mbps avec 5 ports Gigabit - KECH BUREAU<\/title>\n<meta name=\"robots\" content=\"index, follow, max-snippet:-1, max-image-preview:large, max-video-preview:-1\" \/>\n<link rel=\"canonical\" href=\"https:\/\/kechbureau.ma\/?product=tp-link-point-dacces-archer-c6-tp-link-routeur-wifi-ac-1200-mbps-avec-5-ports-gigabit\" \/>\n<meta property=\"og:locale\" content=\"fr_FR\" \/>\n<meta property=\"og:type\" content=\"article\" \/>\n<meta property=\"og:title\" content=\"TP-Link Point d&#039;acc\u00e8s Archer C6 TP LINK ,Routeur WiFi AC 1200 Mbps avec 5 ports Gigabit - KECH BUREAU\" \/>\n<meta property=\"og:description\" content=\"Prend en charge de la norme WiFi 802.11ac Connexions simultan\u00e9es de\u00a0300 Mbps en 2,4 GHz et de 867 Mbps en 5 GHz, pour une bande passante totale de 1200 Mbps\" \/>\n<meta property=\"og:url\" content=\"https:\/\/kechbureau.ma\/?product=tp-link-point-dacces-archer-c6-tp-link-routeur-wifi-ac-1200-mbps-avec-5-ports-gigabit\" \/>\n<meta property=\"og:site_name\" content=\"KECH BUREAU\" \/>\n<meta property=\"og:image\" content=\"https:\/\/kechbureau.ma\/wp-content\/uploads\/2021\/06\/1-3-1.jpg\" \/>\n\t<meta property=\"og:image:width\" content=\"680\" \/>\n\t<meta property=\"og:image:height\" content=\"680\" \/>\n\t<meta property=\"og:image:type\" content=\"image\/jpeg\" \/>\n<meta name=\"twitter:card\" content=\"summary_large_image\" \/>\n<script type=\"application\/ld+json\" class=\"yoast-schema-graph\">{\"@context\":\"https:\\\/\\\/schema.org\",\"@graph\":[{\"@type\":\"WebPage\",\"@id\":\"https:\\\/\\\/kechbureau.ma\\\/?product=tp-link-point-dacces-archer-c6-tp-link-routeur-wifi-ac-1200-mbps-avec-5-ports-gigabit\",\"url\":\"https:\\\/\\\/kechbureau.ma\\\/?product=tp-link-point-dacces-archer-c6-tp-link-routeur-wifi-ac-1200-mbps-avec-5-ports-gigabit\",\"name\":\"TP-Link Point d'acc\u00e8s Archer C6 TP LINK ,Routeur WiFi AC 1200 Mbps avec 5 ports Gigabit - KECH BUREAU\",\"isPartOf\":{\"@id\":\"https:\\\/\\\/kechbureau.ma\\\/#website\"},\"primaryImageOfPage\":{\"@id\":\"https:\\\/\\\/kechbureau.ma\\\/?product=tp-link-point-dacces-archer-c6-tp-link-routeur-wifi-ac-1200-mbps-avec-5-ports-gigabit#primaryimage\"},\"image\":{\"@id\":\"https:\\\/\\\/kechbureau.ma\\\/?product=tp-link-point-dacces-archer-c6-tp-link-routeur-wifi-ac-1200-mbps-avec-5-ports-gigabit#primaryimage\"},\"thumbnailUrl\":\"https:\\\/\\\/kechbureau.ma\\\/wp-content\\\/uploads\\\/2021\\\/06\\\/1-3-1.jpg\",\"datePublished\":\"2021-06-03T02:06:28+00:00\",\"breadcrumb\":{\"@id\":\"https:\\\/\\\/kechbureau.ma\\\/?product=tp-link-point-dacces-archer-c6-tp-link-routeur-wifi-ac-1200-mbps-avec-5-ports-gigabit#breadcrumb\"},\"inLanguage\":\"fr-FR\",\"potentialAction\":[{\"@type\":\"ReadAction\",\"target\":[\"https:\\\/\\\/kechbureau.ma\\\/?product=tp-link-point-dacces-archer-c6-tp-link-routeur-wifi-ac-1200-mbps-avec-5-ports-gigabit\"]}]},{\"@type\":\"ImageObject\",\"inLanguage\":\"fr-FR\",\"@id\":\"https:\\\/\\\/kechbureau.ma\\\/?product=tp-link-point-dacces-archer-c6-tp-link-routeur-wifi-ac-1200-mbps-avec-5-ports-gigabit#primaryimage\",\"url\":\"https:\\\/\\\/kechbureau.ma\\\/wp-content\\\/uploads\\\/2021\\\/06\\\/1-3-1.jpg\",\"contentUrl\":\"https:\\\/\\\/kechbureau.ma\\\/wp-content\\\/uploads\\\/2021\\\/06\\\/1-3-1.jpg\",\"width\":680,\"height\":680},{\"@type\":\"BreadcrumbList\",\"@id\":\"https:\\\/\\\/kechbureau.ma\\\/?product=tp-link-point-dacces-archer-c6-tp-link-routeur-wifi-ac-1200-mbps-avec-5-ports-gigabit#breadcrumb\",\"itemListElement\":[{\"@type\":\"ListItem\",\"position\":1,\"name\":\"Accueil\",\"item\":\"https:\\\/\\\/kechbureau.ma\\\/\"},{\"@type\":\"ListItem\",\"position\":2,\"name\":\"Shop\",\"item\":\"https:\\\/\\\/kechbureau.ma\\\/?page_id=3853\"},{\"@type\":\"ListItem\",\"position\":3,\"name\":\"TP-Link Point d&#8217;acc\u00e8s Archer C6 TP LINK ,Routeur WiFi AC 1200 Mbps avec 5 ports Gigabit\"}]},{\"@type\":\"WebSite\",\"@id\":\"https:\\\/\\\/kechbureau.ma\\\/#website\",\"url\":\"https:\\\/\\\/kechbureau.ma\\\/\",\"name\":\"KECH BUREAU\",\"description\":\"MARRAKECH BUREAU\",\"potentialAction\":[{\"@type\":\"SearchAction\",\"target\":{\"@type\":\"EntryPoint\",\"urlTemplate\":\"https:\\\/\\\/kechbureau.ma\\\/?s={search_term_string}\"},\"query-input\":{\"@type\":\"PropertyValueSpecification\",\"valueRequired\":true,\"valueName\":\"search_term_string\"}}],\"inLanguage\":\"fr-FR\"}]}<\/script>\n<!-- \/ Yoast SEO plugin. -->","yoast_head_json":{"title":"TP-Link Point d'acc\u00e8s Archer C6 TP LINK ,Routeur WiFi AC 1200 Mbps avec 5 ports Gigabit - KECH BUREAU","robots":{"index":"index","follow":"follow","max-snippet":"max-snippet:-1","max-image-preview":"max-image-preview:large","max-video-preview":"max-video-preview:-1"},"canonical":"https:\/\/kechbureau.ma\/?product=tp-link-point-dacces-archer-c6-tp-link-routeur-wifi-ac-1200-mbps-avec-5-ports-gigabit","og_locale":"fr_FR","og_type":"article","og_title":"TP-Link Point d'acc\u00e8s Archer C6 TP LINK ,Routeur WiFi AC 1200 Mbps avec 5 ports Gigabit - KECH BUREAU","og_description":"Prend en charge de la norme WiFi 802.11ac Connexions simultan\u00e9es de\u00a0300 Mbps en 2,4 GHz et de 867 Mbps en 5 GHz, pour une bande passante totale de 1200 Mbps","og_url":"https:\/\/kechbureau.ma\/?product=tp-link-point-dacces-archer-c6-tp-link-routeur-wifi-ac-1200-mbps-avec-5-ports-gigabit","og_site_name":"KECH BUREAU","og_image":[{"width":680,"height":680,"url":"https:\/\/kechbureau.ma\/wp-content\/uploads\/2021\/06\/1-3-1.jpg","type":"image\/jpeg"}],"twitter_card":"summary_large_image","schema":{"@context":"https:\/\/schema.org","@graph":[{"@type":"WebPage","@id":"https:\/\/kechbureau.ma\/?product=tp-link-point-dacces-archer-c6-tp-link-routeur-wifi-ac-1200-mbps-avec-5-ports-gigabit","url":"https:\/\/kechbureau.ma\/?product=tp-link-point-dacces-archer-c6-tp-link-routeur-wifi-ac-1200-mbps-avec-5-ports-gigabit","name":"TP-Link Point d'acc\u00e8s Archer C6 TP LINK ,Routeur WiFi AC 1200 Mbps avec 5 ports Gigabit - KECH BUREAU","isPartOf":{"@id":"https:\/\/kechbureau.ma\/#website"},"primaryImageOfPage":{"@id":"https:\/\/kechbureau.ma\/?product=tp-link-point-dacces-archer-c6-tp-link-routeur-wifi-ac-1200-mbps-avec-5-ports-gigabit#primaryimage"},"image":{"@id":"https:\/\/kechbureau.ma\/?product=tp-link-point-dacces-archer-c6-tp-link-routeur-wifi-ac-1200-mbps-avec-5-ports-gigabit#primaryimage"},"thumbnailUrl":"https:\/\/kechbureau.ma\/wp-content\/uploads\/2021\/06\/1-3-1.jpg","datePublished":"2021-06-03T02:06:28+00:00","breadcrumb":{"@id":"https:\/\/kechbureau.ma\/?product=tp-link-point-dacces-archer-c6-tp-link-routeur-wifi-ac-1200-mbps-avec-5-ports-gigabit#breadcrumb"},"inLanguage":"fr-FR","potentialAction":[{"@type":"ReadAction","target":["https:\/\/kechbureau.ma\/?product=tp-link-point-dacces-archer-c6-tp-link-routeur-wifi-ac-1200-mbps-avec-5-ports-gigabit"]}]},{"@type":"ImageObject","inLanguage":"fr-FR","@id":"https:\/\/kechbureau.ma\/?product=tp-link-point-dacces-archer-c6-tp-link-routeur-wifi-ac-1200-mbps-avec-5-ports-gigabit#primaryimage","url":"https:\/\/kechbureau.ma\/wp-content\/uploads\/2021\/06\/1-3-1.jpg","contentUrl":"https:\/\/kechbureau.ma\/wp-content\/uploads\/2021\/06\/1-3-1.jpg","width":680,"height":680},{"@type":"BreadcrumbList","@id":"https:\/\/kechbureau.ma\/?product=tp-link-point-dacces-archer-c6-tp-link-routeur-wifi-ac-1200-mbps-avec-5-ports-gigabit#breadcrumb","itemListElement":[{"@type":"ListItem","position":1,"name":"Accueil","item":"https:\/\/kechbureau.ma\/"},{"@type":"ListItem","position":2,"name":"Shop","item":"https:\/\/kechbureau.ma\/?page_id=3853"},{"@type":"ListItem","position":3,"name":"TP-Link Point d&#8217;acc\u00e8s Archer C6 TP LINK ,Routeur WiFi AC 1200 Mbps avec 5 ports Gigabit"}]},{"@type":"WebSite","@id":"https:\/\/kechbureau.ma\/#website","url":"https:\/\/kechbureau.ma\/","name":"KECH BUREAU","description":"MARRAKECH BUREAU","potentialAction":[{"@type":"SearchAction","target":{"@type":"EntryPoint","urlTemplate":"https:\/\/kechbureau.ma\/?s={search_term_string}"},"query-input":{"@type":"PropertyValueSpecification","valueRequired":true,"valueName":"search_term_string"}}],"inLanguage":"fr-FR"}]}},"_links":{"self":[{"href":"https:\/\/kechbureau.ma\/index.php?rest_route=\/wp\/v2\/product\/11976","targetHints":{"allow":["GET"]}}],"collection":[{"href":"https:\/\/kechbureau.ma\/index.php?rest_route=\/wp\/v2\/product"}],"about":[{"href":"https:\/\/kechbureau.ma\/index.php?rest_route=\/wp\/v2\/types\/product"}],"replies":[{"embeddable":true,"href":"https:\/\/kechbureau.ma\/index.php?rest_route=%2Fwp%2Fv2%2Fcomments&post=11976"}],"wp:featuredmedia":[{"embeddable":true,"href":"https:\/\/kechbureau.ma\/index.php?rest_route=\/wp\/v2\/media\/11977"}],"wp:attachment":[{"href":"https:\/\/kechbureau.ma\/index.php?rest_route=%2Fwp%2Fv2%2Fmedia&parent=11976"}],"wp:term":[{"taxonomy":"product_brand","embeddable":true,"href":"https:\/\/kechbureau.ma\/index.php?rest_route=%2Fwp%2Fv2%2Fproduct_brand&post=11976"},{"taxonomy":"product_cat","embeddable":true,"href":"https:\/\/kechbureau.ma\/index.php?rest_route=%2Fwp%2Fv2%2Fproduct_cat&post=11976"},{"taxonomy":"product_tag","embeddable":true,"href":"https:\/\/kechbureau.ma\/index.php?rest_route=%2Fwp%2Fv2%2Fproduct_tag&post=11976"}],"curies":[{"name":"wp","href":"https:\/\/api.w.org\/{rel}","templated":true}]}}