{"id":11974,"date":"2021-06-03T04:01:54","date_gmt":"2021-06-03T02:01:54","guid":{"rendered":"https:\/\/kechbureau.ma\/?post_type=product&#038;p=11974"},"modified":"2021-06-03T04:03:24","modified_gmt":"2021-06-03T02:03:24","slug":"tp-link-archer-c60-avec-5-antennes-externes-wi-fi-double-bande-ac1350","status":"publish","type":"product","link":"https:\/\/kechbureau.ma\/?product=tp-link-archer-c60-avec-5-antennes-externes-wi-fi-double-bande-ac1350","title":{"rendered":"TP LINK Archer C60 Avec 5 antennes externes WI-FI double-BANDE AC1350"},"content":{"rendered":"<div class=\"card aim -mtm\">\n<div class=\"markup -mhm -pvl -oxa -sc\">\n<h2>Meilleur Point d\u2019Acc\u00e8s de TP LINK Archer C60 WI-FI double-BANDE AC1350\u00a0 Avec 5 antennes externes<\/h2>\n<h2>Le nouveau standard WiFi pour une exp\u00e9rience en ligne avanc\u00e9e<\/h2>\n<p>L&#8217;Archer C60 est livr\u00e9 avec la derni\u00e8re norme sans fil &#8211; 802.11ac. Ce WiFi avanc\u00e9 est con\u00e7u pour les activit\u00e9s en ligne \u00e0 fort trafic et peut vous aider \u00e0 ex\u00e9cuter des applications trois fois plus vite que la norme 802.11n pr\u00e9c\u00e9dente. Le r\u00e9sultat: un WiFi plus rapide, plus puissant et plus performant pour lib\u00e9rer tous vos appareils sans fil.<\/p>\n<h2>WiFi bi-bande rapide et simultan\u00e9<\/h2>\n<p>L&#8217;Archer C60 vous fournit des connexions Wi-Fi bi-bande simultan\u00e9es.<br \/>\nBande 2,4 GHz: 3 \u00d7 3 MIMO cr\u00e9e un WiFi rapide et stable \u00e0 une vitesse de 450 Mbps, le rendant id\u00e9al pour les applications quotidiennes telles que l&#8217;envoi d&#8217;e-mails, la navigation sur le Web ou l&#8217;\u00e9coute de musique.<br \/>\nBande 5 GHz: fournit une connectivit\u00e9 Wi-Fi allant jusqu&#8217;\u00e0 867 Mbit \/ s pour les divertissements sensibles \u00e0 la latence, ce qui vous permet de diffuser des vid\u00e9os HD, de jouer \u00e0 des jeux en ligne et de tenir des conversations vid\u00e9o en m\u00eame temps, sans d\u00e9lai.<\/p>\n<h2>Couverture arrang\u00e9e, stabilit\u00e9 am\u00e9lior\u00e9e<\/h2>\n<p>La conception innovante de l\u2019Archer C60 comprend cinq antennes, trois \u00e0 2,4 GHz et deux \u00e0 5 GHz. Celles-ci ont \u00e9t\u00e9 organis\u00e9es en alternance pour optimiser le WiFi 802.11ac bibande, cr\u00e9ant ainsi une transmission avec une couverture maximis\u00e9e et des interf\u00e9rences minimis\u00e9es.<\/p>\n<h2>Contr\u00f4le Parental Facile<\/h2>\n<p>Supervisez les enfants et le personnel ayant un acc\u00e8s responsable, contr\u00f4l\u00e9 par les parents ou les administrateurs. Utilisez le blocage d\u2019URL pour configurer facilement une liste noire ou blanche et limiter le niveau d\u2019acc\u00e8s au Web.<\/p>\n<h2>R\u00e9seau Invit\u00e9s<\/h2>\n<p>Autorisez les invit\u00e9s \u00e0 rejoindre votre r\u00e9seau Wi-Fi, tout en prot\u00e9geant votre vie priv\u00e9e. Rendre le partage facile, maintenir la s\u00e9curit\u00e9.<\/p>\n<h2>Design Epur\u00e9<\/h2>\n<p>Pour correspondre \u00e0 ses fonctionnalit\u00e9s avanc\u00e9es, l\u2019Archer C60 introduit un \u00e9l\u00e9gant<br \/>\ntexture et la couleur pour correspondre \u00e0 la d\u00e9coration \u00e9l\u00e9gante de votre maison.<\/p>\n<h2>Installation et admnistration simplifi\u00e9es<\/h2>\n<p>Configurez l\u2019Archer C60 en quelques minutes gr\u00e2ce \u00e0 son interface Web intuitive. La configuration est \u00e9galement \u00e0 port\u00e9e de main avec la puissante application TP-Link, Tether, le moyen le plus simple d\u2019acc\u00e9der \u00e0 votre routeur et de le g\u00e9rer via votre smartphone.<\/p>\n<\/div>\n<\/div>\n<section class=\"card aim -mtm -fs16\">\n<div id=\"specifications\" class=\"hook\"><\/div>\n<header class=\"-pvs -bb\">\n<h2 class=\"-fs20 -m -phm -pvxs\">Fiche technique<\/h2>\n<\/header>\n<div class=\"row -pas\">\n<article class=\"col8 -pvs\">\n<div class=\"card-b -fh\">\n<h2 class=\"hdr -upp -fs14 -m -pam\">PRINCIPALES CARACT\u00c9RISTIQUES<\/h2>\n<div class=\"markup -pam\">\n<ul>\n<li>Cr\u00e9ez une couverture Wi-Fi \u00e9tendue et sup\u00e9rieure avec trois antennes de 2,4 GHz et deux antennes de 5 GHz.<\/li>\n<li>Obtenez rapidement une connexion WiFi \u00e0 la fois sur la bande de 2.4 GHz (450 Mbps*) et en 5 GHz (867 Mbps*)<\/li>\n<li><\/li>\n<li>Fonctions logicielles avanc\u00e9es telles que le contr\u00f4le parental et le r\u00e9seau invit\u00e9.<\/li>\n<li>Configurez et ajustez les param\u00e8tres Wi-Fi m\u00eame lorsque vous n&#8217;\u00eates pas chez vous \u00e0 l&#8217;aide de l&#8217;application Tether (Android, iOS).<\/li>\n<li>Garantie de 2 ans et assistance technique 24h \/ 24 et 7j \/ 7 \u00e0 la pointe de l&#8217;industrie.<\/li>\n<li>La technologie Beamforming offre une connexion sans fil tr\u00e8s efficace, MAC OS, NetWare, UNIX ou Linux sous Microsoft Windows XP \/ Vista \/ 7\/8 \/ 8.1 \/ 10.<\/li>\n<li>Le WiFi AC lib\u00e8re les performances de votre r\u00e9seau WiFi<\/li>\n<li>Cinq antennes 2.4 GHz et deux antennes de 5 GHz cr\u00e9e une couverture Wi-Fi optimale<\/li>\n<li>Des fonctionnalit\u00e9s logicielles avanc\u00e9es comme le contr\u00f4le parental et le r\u00e9seau invit\u00e9<\/li>\n<li>Compatible avec toutes les box du march\u00e9<\/li>\n<\/ul>\n<\/div>\n<\/div>\n<\/article>\n<\/div>\n<\/section>\n","protected":false},"excerpt":{"rendered":"<p>Meilleur Point d\u2019Acc\u00e8s de TP LINK Archer C60 WI-FI double-BANDE AC1350\u00a0 Avec 5 antennes externes Le nouveau standard WiFi pour une exp\u00e9rience en ligne avanc\u00e9e L&#8217;Archer C60 est livr\u00e9 avec<\/p>\n","protected":false},"featured_media":11975,"comment_status":"open","ping_status":"closed","template":"","meta":{"kk_blocks_editor_width":"","_kiokenblocks_attr":"","_kiokenblocks_dimensions":""},"product_brand":[],"product_cat":[627],"product_tag":[],"class_list":{"0":"post-11974","1":"product","2":"type-product","3":"status-publish","4":"has-post-thumbnail","6":"product_cat-point-acces","8":"first","9":"instock","10":"sale","11":"taxable","12":"shipping-taxable","13":"purchasable","14":"product-type-simple"},"yoast_head":"<!-- This site is optimized with the Yoast SEO plugin v27.3 - https:\/\/yoast.com\/product\/yoast-seo-wordpress\/ -->\n<title>TP LINK Archer C60 Avec 5 antennes externes WI-FI double-BANDE AC1350 - KECH BUREAU<\/title>\n<meta name=\"robots\" content=\"index, follow, max-snippet:-1, max-image-preview:large, max-video-preview:-1\" \/>\n<link rel=\"canonical\" href=\"https:\/\/kechbureau.ma\/?product=tp-link-archer-c60-avec-5-antennes-externes-wi-fi-double-bande-ac1350\" \/>\n<meta property=\"og:locale\" content=\"fr_FR\" \/>\n<meta property=\"og:type\" content=\"article\" \/>\n<meta property=\"og:title\" content=\"TP LINK Archer C60 Avec 5 antennes externes WI-FI double-BANDE AC1350 - KECH BUREAU\" \/>\n<meta property=\"og:description\" content=\"Meilleur Point d\u2019Acc\u00e8s de TP LINK Archer C60 WI-FI double-BANDE AC1350\u00a0 Avec 5 antennes externes Le nouveau standard WiFi pour une exp\u00e9rience en ligne avanc\u00e9e L&#8217;Archer C60 est livr\u00e9 avec\" \/>\n<meta property=\"og:url\" content=\"https:\/\/kechbureau.ma\/?product=tp-link-archer-c60-avec-5-antennes-externes-wi-fi-double-bande-ac1350\" \/>\n<meta property=\"og:site_name\" content=\"KECH BUREAU\" \/>\n<meta property=\"article:modified_time\" content=\"2021-06-03T02:03:24+00:00\" \/>\n<meta property=\"og:image\" content=\"https:\/\/kechbureau.ma\/wp-content\/uploads\/2021\/06\/1-2-1.jpg\" \/>\n\t<meta property=\"og:image:width\" content=\"680\" \/>\n\t<meta property=\"og:image:height\" content=\"680\" \/>\n\t<meta property=\"og:image:type\" content=\"image\/jpeg\" \/>\n<meta name=\"twitter:card\" content=\"summary_large_image\" \/>\n<meta name=\"twitter:label1\" content=\"Dur\u00e9e de lecture estim\u00e9e\" \/>\n\t<meta name=\"twitter:data1\" content=\"3 minutes\" \/>\n<script type=\"application\/ld+json\" class=\"yoast-schema-graph\">{\"@context\":\"https:\\\/\\\/schema.org\",\"@graph\":[{\"@type\":\"WebPage\",\"@id\":\"https:\\\/\\\/kechbureau.ma\\\/?product=tp-link-archer-c60-avec-5-antennes-externes-wi-fi-double-bande-ac1350\",\"url\":\"https:\\\/\\\/kechbureau.ma\\\/?product=tp-link-archer-c60-avec-5-antennes-externes-wi-fi-double-bande-ac1350\",\"name\":\"TP LINK Archer C60 Avec 5 antennes externes WI-FI double-BANDE AC1350 - KECH BUREAU\",\"isPartOf\":{\"@id\":\"https:\\\/\\\/kechbureau.ma\\\/#website\"},\"primaryImageOfPage\":{\"@id\":\"https:\\\/\\\/kechbureau.ma\\\/?product=tp-link-archer-c60-avec-5-antennes-externes-wi-fi-double-bande-ac1350#primaryimage\"},\"image\":{\"@id\":\"https:\\\/\\\/kechbureau.ma\\\/?product=tp-link-archer-c60-avec-5-antennes-externes-wi-fi-double-bande-ac1350#primaryimage\"},\"thumbnailUrl\":\"https:\\\/\\\/kechbureau.ma\\\/wp-content\\\/uploads\\\/2021\\\/06\\\/1-2-1.jpg\",\"datePublished\":\"2021-06-03T02:01:54+00:00\",\"dateModified\":\"2021-06-03T02:03:24+00:00\",\"breadcrumb\":{\"@id\":\"https:\\\/\\\/kechbureau.ma\\\/?product=tp-link-archer-c60-avec-5-antennes-externes-wi-fi-double-bande-ac1350#breadcrumb\"},\"inLanguage\":\"fr-FR\",\"potentialAction\":[{\"@type\":\"ReadAction\",\"target\":[\"https:\\\/\\\/kechbureau.ma\\\/?product=tp-link-archer-c60-avec-5-antennes-externes-wi-fi-double-bande-ac1350\"]}]},{\"@type\":\"ImageObject\",\"inLanguage\":\"fr-FR\",\"@id\":\"https:\\\/\\\/kechbureau.ma\\\/?product=tp-link-archer-c60-avec-5-antennes-externes-wi-fi-double-bande-ac1350#primaryimage\",\"url\":\"https:\\\/\\\/kechbureau.ma\\\/wp-content\\\/uploads\\\/2021\\\/06\\\/1-2-1.jpg\",\"contentUrl\":\"https:\\\/\\\/kechbureau.ma\\\/wp-content\\\/uploads\\\/2021\\\/06\\\/1-2-1.jpg\",\"width\":680,\"height\":680},{\"@type\":\"BreadcrumbList\",\"@id\":\"https:\\\/\\\/kechbureau.ma\\\/?product=tp-link-archer-c60-avec-5-antennes-externes-wi-fi-double-bande-ac1350#breadcrumb\",\"itemListElement\":[{\"@type\":\"ListItem\",\"position\":1,\"name\":\"Accueil\",\"item\":\"https:\\\/\\\/kechbureau.ma\\\/\"},{\"@type\":\"ListItem\",\"position\":2,\"name\":\"Shop\",\"item\":\"https:\\\/\\\/kechbureau.ma\\\/?page_id=3853\"},{\"@type\":\"ListItem\",\"position\":3,\"name\":\"TP LINK Archer C60 Avec 5 antennes externes WI-FI double-BANDE AC1350\"}]},{\"@type\":\"WebSite\",\"@id\":\"https:\\\/\\\/kechbureau.ma\\\/#website\",\"url\":\"https:\\\/\\\/kechbureau.ma\\\/\",\"name\":\"KECH BUREAU\",\"description\":\"MARRAKECH BUREAU\",\"potentialAction\":[{\"@type\":\"SearchAction\",\"target\":{\"@type\":\"EntryPoint\",\"urlTemplate\":\"https:\\\/\\\/kechbureau.ma\\\/?s={search_term_string}\"},\"query-input\":{\"@type\":\"PropertyValueSpecification\",\"valueRequired\":true,\"valueName\":\"search_term_string\"}}],\"inLanguage\":\"fr-FR\"}]}<\/script>\n<!-- \/ Yoast SEO plugin. -->","yoast_head_json":{"title":"TP LINK Archer C60 Avec 5 antennes externes WI-FI double-BANDE AC1350 - KECH BUREAU","robots":{"index":"index","follow":"follow","max-snippet":"max-snippet:-1","max-image-preview":"max-image-preview:large","max-video-preview":"max-video-preview:-1"},"canonical":"https:\/\/kechbureau.ma\/?product=tp-link-archer-c60-avec-5-antennes-externes-wi-fi-double-bande-ac1350","og_locale":"fr_FR","og_type":"article","og_title":"TP LINK Archer C60 Avec 5 antennes externes WI-FI double-BANDE AC1350 - KECH BUREAU","og_description":"Meilleur Point d\u2019Acc\u00e8s de TP LINK Archer C60 WI-FI double-BANDE AC1350\u00a0 Avec 5 antennes externes Le nouveau standard WiFi pour une exp\u00e9rience en ligne avanc\u00e9e L&#8217;Archer C60 est livr\u00e9 avec","og_url":"https:\/\/kechbureau.ma\/?product=tp-link-archer-c60-avec-5-antennes-externes-wi-fi-double-bande-ac1350","og_site_name":"KECH BUREAU","article_modified_time":"2021-06-03T02:03:24+00:00","og_image":[{"width":680,"height":680,"url":"https:\/\/kechbureau.ma\/wp-content\/uploads\/2021\/06\/1-2-1.jpg","type":"image\/jpeg"}],"twitter_card":"summary_large_image","twitter_misc":{"Dur\u00e9e de lecture estim\u00e9e":"3 minutes"},"schema":{"@context":"https:\/\/schema.org","@graph":[{"@type":"WebPage","@id":"https:\/\/kechbureau.ma\/?product=tp-link-archer-c60-avec-5-antennes-externes-wi-fi-double-bande-ac1350","url":"https:\/\/kechbureau.ma\/?product=tp-link-archer-c60-avec-5-antennes-externes-wi-fi-double-bande-ac1350","name":"TP LINK Archer C60 Avec 5 antennes externes WI-FI double-BANDE AC1350 - KECH BUREAU","isPartOf":{"@id":"https:\/\/kechbureau.ma\/#website"},"primaryImageOfPage":{"@id":"https:\/\/kechbureau.ma\/?product=tp-link-archer-c60-avec-5-antennes-externes-wi-fi-double-bande-ac1350#primaryimage"},"image":{"@id":"https:\/\/kechbureau.ma\/?product=tp-link-archer-c60-avec-5-antennes-externes-wi-fi-double-bande-ac1350#primaryimage"},"thumbnailUrl":"https:\/\/kechbureau.ma\/wp-content\/uploads\/2021\/06\/1-2-1.jpg","datePublished":"2021-06-03T02:01:54+00:00","dateModified":"2021-06-03T02:03:24+00:00","breadcrumb":{"@id":"https:\/\/kechbureau.ma\/?product=tp-link-archer-c60-avec-5-antennes-externes-wi-fi-double-bande-ac1350#breadcrumb"},"inLanguage":"fr-FR","potentialAction":[{"@type":"ReadAction","target":["https:\/\/kechbureau.ma\/?product=tp-link-archer-c60-avec-5-antennes-externes-wi-fi-double-bande-ac1350"]}]},{"@type":"ImageObject","inLanguage":"fr-FR","@id":"https:\/\/kechbureau.ma\/?product=tp-link-archer-c60-avec-5-antennes-externes-wi-fi-double-bande-ac1350#primaryimage","url":"https:\/\/kechbureau.ma\/wp-content\/uploads\/2021\/06\/1-2-1.jpg","contentUrl":"https:\/\/kechbureau.ma\/wp-content\/uploads\/2021\/06\/1-2-1.jpg","width":680,"height":680},{"@type":"BreadcrumbList","@id":"https:\/\/kechbureau.ma\/?product=tp-link-archer-c60-avec-5-antennes-externes-wi-fi-double-bande-ac1350#breadcrumb","itemListElement":[{"@type":"ListItem","position":1,"name":"Accueil","item":"https:\/\/kechbureau.ma\/"},{"@type":"ListItem","position":2,"name":"Shop","item":"https:\/\/kechbureau.ma\/?page_id=3853"},{"@type":"ListItem","position":3,"name":"TP LINK Archer C60 Avec 5 antennes externes WI-FI double-BANDE AC1350"}]},{"@type":"WebSite","@id":"https:\/\/kechbureau.ma\/#website","url":"https:\/\/kechbureau.ma\/","name":"KECH BUREAU","description":"MARRAKECH BUREAU","potentialAction":[{"@type":"SearchAction","target":{"@type":"EntryPoint","urlTemplate":"https:\/\/kechbureau.ma\/?s={search_term_string}"},"query-input":{"@type":"PropertyValueSpecification","valueRequired":true,"valueName":"search_term_string"}}],"inLanguage":"fr-FR"}]}},"_links":{"self":[{"href":"https:\/\/kechbureau.ma\/index.php?rest_route=\/wp\/v2\/product\/11974","targetHints":{"allow":["GET"]}}],"collection":[{"href":"https:\/\/kechbureau.ma\/index.php?rest_route=\/wp\/v2\/product"}],"about":[{"href":"https:\/\/kechbureau.ma\/index.php?rest_route=\/wp\/v2\/types\/product"}],"replies":[{"embeddable":true,"href":"https:\/\/kechbureau.ma\/index.php?rest_route=%2Fwp%2Fv2%2Fcomments&post=11974"}],"wp:featuredmedia":[{"embeddable":true,"href":"https:\/\/kechbureau.ma\/index.php?rest_route=\/wp\/v2\/media\/11975"}],"wp:attachment":[{"href":"https:\/\/kechbureau.ma\/index.php?rest_route=%2Fwp%2Fv2%2Fmedia&parent=11974"}],"wp:term":[{"taxonomy":"product_brand","embeddable":true,"href":"https:\/\/kechbureau.ma\/index.php?rest_route=%2Fwp%2Fv2%2Fproduct_brand&post=11974"},{"taxonomy":"product_cat","embeddable":true,"href":"https:\/\/kechbureau.ma\/index.php?rest_route=%2Fwp%2Fv2%2Fproduct_cat&post=11974"},{"taxonomy":"product_tag","embeddable":true,"href":"https:\/\/kechbureau.ma\/index.php?rest_route=%2Fwp%2Fv2%2Fproduct_tag&post=11974"}],"curies":[{"name":"wp","href":"https:\/\/api.w.org\/{rel}","templated":true}]}}