{"id":11944,"date":"2021-06-03T03:10:33","date_gmt":"2021-06-03T01:10:33","guid":{"rendered":"https:\/\/kechbureau.ma\/?post_type=product&#038;p=11944"},"modified":"2021-06-03T03:10:33","modified_gmt":"2021-06-03T01:10:33","slug":"cle-wifi-n-ac450-300mbs-5ghz","status":"publish","type":"product","link":"https:\/\/kechbureau.ma\/?product=cle-wifi-n-ac450-300mbs-5ghz","title":{"rendered":"cl\u00e9 WiFi N AC450 300MBS 5GHz"},"content":{"rendered":"<div class=\"box title\">\n<h1>Nano adaptateur USB Wi-Fi N AC450<\/h1>\n<\/div>\n<div class=\"box highlights\">\n<ul>\n<li>Design compact miniature pour \u00eatre brancher sur un port USB et y \u00eatre laisser.<\/li>\n<li>Vitesse Wi-Fi de \u00a0433Mbps id\u00e9ale pour le flux vid\u00e9o HD, flux voix et les jeux en ligne<\/li>\n<li>Transmet sur la bande 5GHz exclusivement pour \u00e9viter les interf\u00e9rences de la bande 2.4GHz traditionnelle<\/li>\n<li>Utilise le standard Wi-Fi 802.11ac qui est r\u00e9tro compatible avec le standard 802.11a\/n<\/li>\n<li>Prise en charge des s\u00e9curit\u00e9s 64\/128 WEP, WPA \/WPA2, WPA-PSK\/WPA2-PSK(TKIP\/AES)<\/li>\n<li>Mode SoftAP &#8211; Transformez une connexion Internet c\u00e2bl\u00e9 \u00e0 un ordinateur en un hot spot Wi-Fi<\/li>\n<\/ul>\n<\/div>\n","protected":false},"excerpt":{"rendered":"<p>Nano adaptateur USB Wi-Fi N AC450 Design compact miniature pour \u00eatre brancher sur un port USB et y \u00eatre laisser. Vitesse Wi-Fi de \u00a0433Mbps id\u00e9ale pour le flux vid\u00e9o HD,<\/p>\n","protected":false},"featured_media":11945,"comment_status":"open","ping_status":"closed","template":"","meta":{"kk_blocks_editor_width":"","_kiokenblocks_attr":"","_kiokenblocks_dimensions":""},"product_brand":[],"product_cat":[629],"product_tag":[],"class_list":{"0":"post-11944","1":"product","2":"type-product","3":"status-publish","4":"has-post-thumbnail","6":"product_cat-cle-wifi","8":"first","9":"instock","10":"sale","11":"taxable","12":"shipping-taxable","13":"purchasable","14":"product-type-simple"},"yoast_head":"<!-- This site is optimized with the Yoast SEO plugin v27.5 - https:\/\/yoast.com\/product\/yoast-seo-wordpress\/ -->\n<title>cl\u00e9 WiFi N AC450 300MBS 5GHz - KECH BUREAU<\/title>\n<meta name=\"robots\" content=\"index, follow, max-snippet:-1, max-image-preview:large, max-video-preview:-1\" \/>\n<link rel=\"canonical\" href=\"https:\/\/kechbureau.ma\/?product=cle-wifi-n-ac450-300mbs-5ghz\" \/>\n<meta property=\"og:locale\" content=\"fr_FR\" \/>\n<meta property=\"og:type\" content=\"article\" \/>\n<meta property=\"og:title\" content=\"cl\u00e9 WiFi N AC450 300MBS 5GHz - KECH BUREAU\" \/>\n<meta property=\"og:description\" content=\"Nano adaptateur USB Wi-Fi N AC450 Design compact miniature pour \u00eatre brancher sur un port USB et y \u00eatre laisser. Vitesse Wi-Fi de \u00a0433Mbps id\u00e9ale pour le flux vid\u00e9o HD,\" \/>\n<meta property=\"og:url\" content=\"https:\/\/kechbureau.ma\/?product=cle-wifi-n-ac450-300mbs-5ghz\" \/>\n<meta property=\"og:site_name\" content=\"KECH BUREAU\" \/>\n<meta property=\"og:image\" content=\"https:\/\/kechbureau.ma\/wp-content\/uploads\/2021\/06\/Archer_T1UUN2.0-3_large_1506307095921s.jpg\" \/>\n\t<meta property=\"og:image:width\" content=\"1000\" \/>\n\t<meta property=\"og:image:height\" content=\"1000\" \/>\n\t<meta property=\"og:image:type\" content=\"image\/jpeg\" \/>\n<meta name=\"twitter:card\" content=\"summary_large_image\" \/>\n<meta name=\"twitter:label1\" content=\"Dur\u00e9e de lecture estim\u00e9e\" \/>\n\t<meta name=\"twitter:data1\" content=\"1 minute\" \/>\n<script type=\"application\/ld+json\" class=\"yoast-schema-graph\">{\"@context\":\"https:\\\/\\\/schema.org\",\"@graph\":[{\"@type\":\"WebPage\",\"@id\":\"https:\\\/\\\/kechbureau.ma\\\/?product=cle-wifi-n-ac450-300mbs-5ghz\",\"url\":\"https:\\\/\\\/kechbureau.ma\\\/?product=cle-wifi-n-ac450-300mbs-5ghz\",\"name\":\"cl\u00e9 WiFi N AC450 300MBS 5GHz - KECH BUREAU\",\"isPartOf\":{\"@id\":\"https:\\\/\\\/kechbureau.ma\\\/#website\"},\"primaryImageOfPage\":{\"@id\":\"https:\\\/\\\/kechbureau.ma\\\/?product=cle-wifi-n-ac450-300mbs-5ghz#primaryimage\"},\"image\":{\"@id\":\"https:\\\/\\\/kechbureau.ma\\\/?product=cle-wifi-n-ac450-300mbs-5ghz#primaryimage\"},\"thumbnailUrl\":\"https:\\\/\\\/kechbureau.ma\\\/wp-content\\\/uploads\\\/2021\\\/06\\\/Archer_T1UUN2.0-3_large_1506307095921s.jpg\",\"datePublished\":\"2021-06-03T01:10:33+00:00\",\"breadcrumb\":{\"@id\":\"https:\\\/\\\/kechbureau.ma\\\/?product=cle-wifi-n-ac450-300mbs-5ghz#breadcrumb\"},\"inLanguage\":\"fr-FR\",\"potentialAction\":[{\"@type\":\"ReadAction\",\"target\":[\"https:\\\/\\\/kechbureau.ma\\\/?product=cle-wifi-n-ac450-300mbs-5ghz\"]}]},{\"@type\":\"ImageObject\",\"inLanguage\":\"fr-FR\",\"@id\":\"https:\\\/\\\/kechbureau.ma\\\/?product=cle-wifi-n-ac450-300mbs-5ghz#primaryimage\",\"url\":\"https:\\\/\\\/kechbureau.ma\\\/wp-content\\\/uploads\\\/2021\\\/06\\\/Archer_T1UUN2.0-3_large_1506307095921s.jpg\",\"contentUrl\":\"https:\\\/\\\/kechbureau.ma\\\/wp-content\\\/uploads\\\/2021\\\/06\\\/Archer_T1UUN2.0-3_large_1506307095921s.jpg\",\"width\":1000,\"height\":1000},{\"@type\":\"BreadcrumbList\",\"@id\":\"https:\\\/\\\/kechbureau.ma\\\/?product=cle-wifi-n-ac450-300mbs-5ghz#breadcrumb\",\"itemListElement\":[{\"@type\":\"ListItem\",\"position\":1,\"name\":\"Accueil\",\"item\":\"https:\\\/\\\/kechbureau.ma\\\/\"},{\"@type\":\"ListItem\",\"position\":2,\"name\":\"Shop\",\"item\":\"https:\\\/\\\/kechbureau.ma\\\/?page_id=3853\"},{\"@type\":\"ListItem\",\"position\":3,\"name\":\"cl\u00e9 WiFi N AC450 300MBS 5GHz\"}]},{\"@type\":\"WebSite\",\"@id\":\"https:\\\/\\\/kechbureau.ma\\\/#website\",\"url\":\"https:\\\/\\\/kechbureau.ma\\\/\",\"name\":\"KECH BUREAU\",\"description\":\"MARRAKECH BUREAU\",\"potentialAction\":[{\"@type\":\"SearchAction\",\"target\":{\"@type\":\"EntryPoint\",\"urlTemplate\":\"https:\\\/\\\/kechbureau.ma\\\/?s={search_term_string}\"},\"query-input\":{\"@type\":\"PropertyValueSpecification\",\"valueRequired\":true,\"valueName\":\"search_term_string\"}}],\"inLanguage\":\"fr-FR\"}]}<\/script>\n<!-- \/ Yoast SEO plugin. -->","yoast_head_json":{"title":"cl\u00e9 WiFi N AC450 300MBS 5GHz - KECH BUREAU","robots":{"index":"index","follow":"follow","max-snippet":"max-snippet:-1","max-image-preview":"max-image-preview:large","max-video-preview":"max-video-preview:-1"},"canonical":"https:\/\/kechbureau.ma\/?product=cle-wifi-n-ac450-300mbs-5ghz","og_locale":"fr_FR","og_type":"article","og_title":"cl\u00e9 WiFi N AC450 300MBS 5GHz - KECH BUREAU","og_description":"Nano adaptateur USB Wi-Fi N AC450 Design compact miniature pour \u00eatre brancher sur un port USB et y \u00eatre laisser. Vitesse Wi-Fi de \u00a0433Mbps id\u00e9ale pour le flux vid\u00e9o HD,","og_url":"https:\/\/kechbureau.ma\/?product=cle-wifi-n-ac450-300mbs-5ghz","og_site_name":"KECH BUREAU","og_image":[{"width":1000,"height":1000,"url":"https:\/\/kechbureau.ma\/wp-content\/uploads\/2021\/06\/Archer_T1UUN2.0-3_large_1506307095921s.jpg","type":"image\/jpeg"}],"twitter_card":"summary_large_image","twitter_misc":{"Dur\u00e9e de lecture estim\u00e9e":"1 minute"},"schema":{"@context":"https:\/\/schema.org","@graph":[{"@type":"WebPage","@id":"https:\/\/kechbureau.ma\/?product=cle-wifi-n-ac450-300mbs-5ghz","url":"https:\/\/kechbureau.ma\/?product=cle-wifi-n-ac450-300mbs-5ghz","name":"cl\u00e9 WiFi N AC450 300MBS 5GHz - KECH BUREAU","isPartOf":{"@id":"https:\/\/kechbureau.ma\/#website"},"primaryImageOfPage":{"@id":"https:\/\/kechbureau.ma\/?product=cle-wifi-n-ac450-300mbs-5ghz#primaryimage"},"image":{"@id":"https:\/\/kechbureau.ma\/?product=cle-wifi-n-ac450-300mbs-5ghz#primaryimage"},"thumbnailUrl":"https:\/\/kechbureau.ma\/wp-content\/uploads\/2021\/06\/Archer_T1UUN2.0-3_large_1506307095921s.jpg","datePublished":"2021-06-03T01:10:33+00:00","breadcrumb":{"@id":"https:\/\/kechbureau.ma\/?product=cle-wifi-n-ac450-300mbs-5ghz#breadcrumb"},"inLanguage":"fr-FR","potentialAction":[{"@type":"ReadAction","target":["https:\/\/kechbureau.ma\/?product=cle-wifi-n-ac450-300mbs-5ghz"]}]},{"@type":"ImageObject","inLanguage":"fr-FR","@id":"https:\/\/kechbureau.ma\/?product=cle-wifi-n-ac450-300mbs-5ghz#primaryimage","url":"https:\/\/kechbureau.ma\/wp-content\/uploads\/2021\/06\/Archer_T1UUN2.0-3_large_1506307095921s.jpg","contentUrl":"https:\/\/kechbureau.ma\/wp-content\/uploads\/2021\/06\/Archer_T1UUN2.0-3_large_1506307095921s.jpg","width":1000,"height":1000},{"@type":"BreadcrumbList","@id":"https:\/\/kechbureau.ma\/?product=cle-wifi-n-ac450-300mbs-5ghz#breadcrumb","itemListElement":[{"@type":"ListItem","position":1,"name":"Accueil","item":"https:\/\/kechbureau.ma\/"},{"@type":"ListItem","position":2,"name":"Shop","item":"https:\/\/kechbureau.ma\/?page_id=3853"},{"@type":"ListItem","position":3,"name":"cl\u00e9 WiFi N AC450 300MBS 5GHz"}]},{"@type":"WebSite","@id":"https:\/\/kechbureau.ma\/#website","url":"https:\/\/kechbureau.ma\/","name":"KECH BUREAU","description":"MARRAKECH BUREAU","potentialAction":[{"@type":"SearchAction","target":{"@type":"EntryPoint","urlTemplate":"https:\/\/kechbureau.ma\/?s={search_term_string}"},"query-input":{"@type":"PropertyValueSpecification","valueRequired":true,"valueName":"search_term_string"}}],"inLanguage":"fr-FR"}]}},"_links":{"self":[{"href":"https:\/\/kechbureau.ma\/index.php?rest_route=\/wp\/v2\/product\/11944","targetHints":{"allow":["GET"]}}],"collection":[{"href":"https:\/\/kechbureau.ma\/index.php?rest_route=\/wp\/v2\/product"}],"about":[{"href":"https:\/\/kechbureau.ma\/index.php?rest_route=\/wp\/v2\/types\/product"}],"replies":[{"embeddable":true,"href":"https:\/\/kechbureau.ma\/index.php?rest_route=%2Fwp%2Fv2%2Fcomments&post=11944"}],"wp:featuredmedia":[{"embeddable":true,"href":"https:\/\/kechbureau.ma\/index.php?rest_route=\/wp\/v2\/media\/11945"}],"wp:attachment":[{"href":"https:\/\/kechbureau.ma\/index.php?rest_route=%2Fwp%2Fv2%2Fmedia&parent=11944"}],"wp:term":[{"taxonomy":"product_brand","embeddable":true,"href":"https:\/\/kechbureau.ma\/index.php?rest_route=%2Fwp%2Fv2%2Fproduct_brand&post=11944"},{"taxonomy":"product_cat","embeddable":true,"href":"https:\/\/kechbureau.ma\/index.php?rest_route=%2Fwp%2Fv2%2Fproduct_cat&post=11944"},{"taxonomy":"product_tag","embeddable":true,"href":"https:\/\/kechbureau.ma\/index.php?rest_route=%2Fwp%2Fv2%2Fproduct_tag&post=11944"}],"curies":[{"name":"wp","href":"https:\/\/api.w.org\/{rel}","templated":true}]}}