{"id":11933,"date":"2021-06-03T02:39:32","date_gmt":"2021-06-03T00:39:32","guid":{"rendered":"https:\/\/kechbureau.ma\/?post_type=product&#038;p=11933"},"modified":"2021-11-26T15:30:07","modified_gmt":"2021-11-26T14:30:07","slug":"hp-laserjet-pro-mfp-m130a-scan-copie-print","status":"publish","type":"product","link":"https:\/\/kechbureau.ma\/?product=hp-laserjet-pro-mfp-m130a-scan-copie-print","title":{"rendered":"Hp LaserJet Pro MFP M130A &#8211; Scan-Copie-Print"},"content":{"rendered":"<div class=\"card aim -mtm\">\n<header class=\"-pvs -bb\">\n<h2 class=\"-fs20 -m -phm -pvxs\">D\u00e9tails<\/h2>\n<\/header>\n<div class=\"markup -mhm -pvl -oxa -sc\">Travaillez en toute simplicit\u00e9 avec l&#8217;imprimante multifonction LaserJet la plus petite de HP\u2013 optimis\u00e9e par des toners JetIntelligence. Imprimez des documents de qualit\u00e9 professionnelle et num\u00e9risez, copiez et \u00e9conomisez de l\u2019\u00e9nergie gr\u00e2ce \u00e0 une imprimante multifonction compacte con\u00e7ue pour une efficacit\u00e9 optimale.<\/div>\n<\/div>\n<section class=\"card aim -mtm -fs16\">\n<div id=\"specifications\" class=\"hook\"><\/div>\n<header class=\"-pvs -bb\">\n<h2 class=\"-fs20 -m -phm -pvxs\">Fiche technique<\/h2>\n<\/header>\n<div class=\"row -pas\">\n<article class=\"col8 -pvs\">\n<div class=\"card-b -fh\">\n<h2 class=\"hdr -upp -fs14 -m -pam\">PRINCIPALES CARACT\u00c9RISTIQUES<\/h2>\n<div class=\"markup -pam\">\n<ul>\n<li>Impression, copie, num\u00e9risation<\/li>\n<li>A4\u00a0 ; A5\u00a0 ; A6\u00a0 ; B5 (JIS)<\/li>\n<li>Port USB 2.0 haut d\u00e9bit (p\u00e9riph\u00e9rique)<\/li>\n<li>Jusqu&#8217;\u00e0 10 000 pages<\/li>\n<li>Garantie d&#8217;un an<\/li>\n<\/ul>\n<\/div>\n<\/div>\n<\/article>\n<article class=\"col8 -pvs\">\n<div class=\"card-b -fh\">\n<h2 class=\"hdr -upp -fs14 -m -pam\">GENERAL<\/h2>\n<ul class=\"-pvs -mvxs -phm -lsn\">\n<li class=\"-pvxs\"><span class=\"-b\">SKU<\/span>: HP017EL1FB0VONAFAMZ<\/li>\n<li class=\"-pvxs\"><span class=\"-b\">Couleur<\/span>: BLANC<\/li>\n<\/ul>\n<\/div>\n<\/article>\n<\/div>\n<\/section>\n","protected":false},"excerpt":{"rendered":"<p>D\u00e9tails Travaillez en toute simplicit\u00e9 avec l&#8217;imprimante multifonction LaserJet la plus petite de HP\u2013 optimis\u00e9e par des toners JetIntelligence. Imprimez des documents de qualit\u00e9 professionnelle et num\u00e9risez, copiez et \u00e9conomisez<\/p>\n","protected":false},"featured_media":11934,"comment_status":"open","ping_status":"closed","template":"","meta":{"kk_blocks_editor_width":"","_kiokenblocks_attr":"","_kiokenblocks_dimensions":""},"product_brand":[],"product_cat":[500,15],"product_tag":[],"class_list":{"0":"post-11933","1":"product","2":"type-product","3":"status-publish","4":"has-post-thumbnail","6":"product_cat-printers-laser","7":"product_cat-uncategorized","9":"first","10":"outofstock","11":"sale","12":"taxable","13":"shipping-taxable","14":"purchasable","15":"product-type-simple"},"yoast_head":"<!-- This site is optimized with the Yoast SEO plugin v27.5 - https:\/\/yoast.com\/product\/yoast-seo-wordpress\/ -->\n<title>Hp LaserJet Pro MFP M130A - Scan-Copie-Print - KECH BUREAU<\/title>\n<meta name=\"robots\" content=\"index, follow, max-snippet:-1, max-image-preview:large, max-video-preview:-1\" \/>\n<link rel=\"canonical\" href=\"https:\/\/kechbureau.ma\/?product=hp-laserjet-pro-mfp-m130a-scan-copie-print\" \/>\n<meta property=\"og:locale\" content=\"fr_FR\" \/>\n<meta property=\"og:type\" content=\"article\" \/>\n<meta property=\"og:title\" content=\"Hp LaserJet Pro MFP M130A - Scan-Copie-Print - KECH BUREAU\" \/>\n<meta property=\"og:description\" content=\"D\u00e9tails Travaillez en toute simplicit\u00e9 avec l&#8217;imprimante multifonction LaserJet la plus petite de HP\u2013 optimis\u00e9e par des toners JetIntelligence. Imprimez des documents de qualit\u00e9 professionnelle et num\u00e9risez, copiez et \u00e9conomisez\" \/>\n<meta property=\"og:url\" content=\"https:\/\/kechbureau.ma\/?product=hp-laserjet-pro-mfp-m130a-scan-copie-print\" \/>\n<meta property=\"og:site_name\" content=\"KECH BUREAU\" \/>\n<meta property=\"article:modified_time\" content=\"2021-11-26T14:30:07+00:00\" \/>\n<meta property=\"og:image\" content=\"https:\/\/kechbureau.ma\/wp-content\/uploads\/2021\/06\/130a.jpg\" \/>\n\t<meta property=\"og:image:width\" content=\"680\" \/>\n\t<meta property=\"og:image:height\" content=\"680\" \/>\n\t<meta property=\"og:image:type\" content=\"image\/jpeg\" \/>\n<meta name=\"twitter:card\" content=\"summary_large_image\" \/>\n<script type=\"application\/ld+json\" class=\"yoast-schema-graph\">{\"@context\":\"https:\\\/\\\/schema.org\",\"@graph\":[{\"@type\":\"WebPage\",\"@id\":\"https:\\\/\\\/kechbureau.ma\\\/?product=hp-laserjet-pro-mfp-m130a-scan-copie-print\",\"url\":\"https:\\\/\\\/kechbureau.ma\\\/?product=hp-laserjet-pro-mfp-m130a-scan-copie-print\",\"name\":\"Hp LaserJet Pro MFP M130A - Scan-Copie-Print - KECH BUREAU\",\"isPartOf\":{\"@id\":\"https:\\\/\\\/kechbureau.ma\\\/#website\"},\"primaryImageOfPage\":{\"@id\":\"https:\\\/\\\/kechbureau.ma\\\/?product=hp-laserjet-pro-mfp-m130a-scan-copie-print#primaryimage\"},\"image\":{\"@id\":\"https:\\\/\\\/kechbureau.ma\\\/?product=hp-laserjet-pro-mfp-m130a-scan-copie-print#primaryimage\"},\"thumbnailUrl\":\"https:\\\/\\\/kechbureau.ma\\\/wp-content\\\/uploads\\\/2021\\\/06\\\/130a.jpg\",\"datePublished\":\"2021-06-03T00:39:32+00:00\",\"dateModified\":\"2021-11-26T14:30:07+00:00\",\"breadcrumb\":{\"@id\":\"https:\\\/\\\/kechbureau.ma\\\/?product=hp-laserjet-pro-mfp-m130a-scan-copie-print#breadcrumb\"},\"inLanguage\":\"fr-FR\",\"potentialAction\":[{\"@type\":\"ReadAction\",\"target\":[\"https:\\\/\\\/kechbureau.ma\\\/?product=hp-laserjet-pro-mfp-m130a-scan-copie-print\"]}]},{\"@type\":\"ImageObject\",\"inLanguage\":\"fr-FR\",\"@id\":\"https:\\\/\\\/kechbureau.ma\\\/?product=hp-laserjet-pro-mfp-m130a-scan-copie-print#primaryimage\",\"url\":\"https:\\\/\\\/kechbureau.ma\\\/wp-content\\\/uploads\\\/2021\\\/06\\\/130a.jpg\",\"contentUrl\":\"https:\\\/\\\/kechbureau.ma\\\/wp-content\\\/uploads\\\/2021\\\/06\\\/130a.jpg\",\"width\":680,\"height\":680},{\"@type\":\"BreadcrumbList\",\"@id\":\"https:\\\/\\\/kechbureau.ma\\\/?product=hp-laserjet-pro-mfp-m130a-scan-copie-print#breadcrumb\",\"itemListElement\":[{\"@type\":\"ListItem\",\"position\":1,\"name\":\"Accueil\",\"item\":\"https:\\\/\\\/kechbureau.ma\\\/\"},{\"@type\":\"ListItem\",\"position\":2,\"name\":\"Shop\",\"item\":\"https:\\\/\\\/kechbureau.ma\\\/?page_id=3853\"},{\"@type\":\"ListItem\",\"position\":3,\"name\":\"Hp LaserJet Pro MFP M130A &#8211; Scan-Copie-Print\"}]},{\"@type\":\"WebSite\",\"@id\":\"https:\\\/\\\/kechbureau.ma\\\/#website\",\"url\":\"https:\\\/\\\/kechbureau.ma\\\/\",\"name\":\"KECH BUREAU\",\"description\":\"MARRAKECH BUREAU\",\"potentialAction\":[{\"@type\":\"SearchAction\",\"target\":{\"@type\":\"EntryPoint\",\"urlTemplate\":\"https:\\\/\\\/kechbureau.ma\\\/?s={search_term_string}\"},\"query-input\":{\"@type\":\"PropertyValueSpecification\",\"valueRequired\":true,\"valueName\":\"search_term_string\"}}],\"inLanguage\":\"fr-FR\"}]}<\/script>\n<!-- \/ Yoast SEO plugin. -->","yoast_head_json":{"title":"Hp LaserJet Pro MFP M130A - Scan-Copie-Print - KECH BUREAU","robots":{"index":"index","follow":"follow","max-snippet":"max-snippet:-1","max-image-preview":"max-image-preview:large","max-video-preview":"max-video-preview:-1"},"canonical":"https:\/\/kechbureau.ma\/?product=hp-laserjet-pro-mfp-m130a-scan-copie-print","og_locale":"fr_FR","og_type":"article","og_title":"Hp LaserJet Pro MFP M130A - Scan-Copie-Print - KECH BUREAU","og_description":"D\u00e9tails Travaillez en toute simplicit\u00e9 avec l&#8217;imprimante multifonction LaserJet la plus petite de HP\u2013 optimis\u00e9e par des toners JetIntelligence. Imprimez des documents de qualit\u00e9 professionnelle et num\u00e9risez, copiez et \u00e9conomisez","og_url":"https:\/\/kechbureau.ma\/?product=hp-laserjet-pro-mfp-m130a-scan-copie-print","og_site_name":"KECH BUREAU","article_modified_time":"2021-11-26T14:30:07+00:00","og_image":[{"width":680,"height":680,"url":"https:\/\/kechbureau.ma\/wp-content\/uploads\/2021\/06\/130a.jpg","type":"image\/jpeg"}],"twitter_card":"summary_large_image","schema":{"@context":"https:\/\/schema.org","@graph":[{"@type":"WebPage","@id":"https:\/\/kechbureau.ma\/?product=hp-laserjet-pro-mfp-m130a-scan-copie-print","url":"https:\/\/kechbureau.ma\/?product=hp-laserjet-pro-mfp-m130a-scan-copie-print","name":"Hp LaserJet Pro MFP M130A - Scan-Copie-Print - KECH BUREAU","isPartOf":{"@id":"https:\/\/kechbureau.ma\/#website"},"primaryImageOfPage":{"@id":"https:\/\/kechbureau.ma\/?product=hp-laserjet-pro-mfp-m130a-scan-copie-print#primaryimage"},"image":{"@id":"https:\/\/kechbureau.ma\/?product=hp-laserjet-pro-mfp-m130a-scan-copie-print#primaryimage"},"thumbnailUrl":"https:\/\/kechbureau.ma\/wp-content\/uploads\/2021\/06\/130a.jpg","datePublished":"2021-06-03T00:39:32+00:00","dateModified":"2021-11-26T14:30:07+00:00","breadcrumb":{"@id":"https:\/\/kechbureau.ma\/?product=hp-laserjet-pro-mfp-m130a-scan-copie-print#breadcrumb"},"inLanguage":"fr-FR","potentialAction":[{"@type":"ReadAction","target":["https:\/\/kechbureau.ma\/?product=hp-laserjet-pro-mfp-m130a-scan-copie-print"]}]},{"@type":"ImageObject","inLanguage":"fr-FR","@id":"https:\/\/kechbureau.ma\/?product=hp-laserjet-pro-mfp-m130a-scan-copie-print#primaryimage","url":"https:\/\/kechbureau.ma\/wp-content\/uploads\/2021\/06\/130a.jpg","contentUrl":"https:\/\/kechbureau.ma\/wp-content\/uploads\/2021\/06\/130a.jpg","width":680,"height":680},{"@type":"BreadcrumbList","@id":"https:\/\/kechbureau.ma\/?product=hp-laserjet-pro-mfp-m130a-scan-copie-print#breadcrumb","itemListElement":[{"@type":"ListItem","position":1,"name":"Accueil","item":"https:\/\/kechbureau.ma\/"},{"@type":"ListItem","position":2,"name":"Shop","item":"https:\/\/kechbureau.ma\/?page_id=3853"},{"@type":"ListItem","position":3,"name":"Hp LaserJet Pro MFP M130A &#8211; Scan-Copie-Print"}]},{"@type":"WebSite","@id":"https:\/\/kechbureau.ma\/#website","url":"https:\/\/kechbureau.ma\/","name":"KECH BUREAU","description":"MARRAKECH BUREAU","potentialAction":[{"@type":"SearchAction","target":{"@type":"EntryPoint","urlTemplate":"https:\/\/kechbureau.ma\/?s={search_term_string}"},"query-input":{"@type":"PropertyValueSpecification","valueRequired":true,"valueName":"search_term_string"}}],"inLanguage":"fr-FR"}]}},"_links":{"self":[{"href":"https:\/\/kechbureau.ma\/index.php?rest_route=\/wp\/v2\/product\/11933","targetHints":{"allow":["GET"]}}],"collection":[{"href":"https:\/\/kechbureau.ma\/index.php?rest_route=\/wp\/v2\/product"}],"about":[{"href":"https:\/\/kechbureau.ma\/index.php?rest_route=\/wp\/v2\/types\/product"}],"replies":[{"embeddable":true,"href":"https:\/\/kechbureau.ma\/index.php?rest_route=%2Fwp%2Fv2%2Fcomments&post=11933"}],"wp:featuredmedia":[{"embeddable":true,"href":"https:\/\/kechbureau.ma\/index.php?rest_route=\/wp\/v2\/media\/11934"}],"wp:attachment":[{"href":"https:\/\/kechbureau.ma\/index.php?rest_route=%2Fwp%2Fv2%2Fmedia&parent=11933"}],"wp:term":[{"taxonomy":"product_brand","embeddable":true,"href":"https:\/\/kechbureau.ma\/index.php?rest_route=%2Fwp%2Fv2%2Fproduct_brand&post=11933"},{"taxonomy":"product_cat","embeddable":true,"href":"https:\/\/kechbureau.ma\/index.php?rest_route=%2Fwp%2Fv2%2Fproduct_cat&post=11933"},{"taxonomy":"product_tag","embeddable":true,"href":"https:\/\/kechbureau.ma\/index.php?rest_route=%2Fwp%2Fv2%2Fproduct_tag&post=11933"}],"curies":[{"name":"wp","href":"https:\/\/api.w.org\/{rel}","templated":true}]}}