{"id":11931,"date":"2021-06-03T02:33:59","date_gmt":"2021-06-03T00:33:59","guid":{"rendered":"https:\/\/kechbureau.ma\/?post_type=product&#038;p=11931"},"modified":"2022-05-31T14:34:56","modified_gmt":"2022-05-31T12:34:56","slug":"kyocera-pro-fs-1040-20-ppm","status":"publish","type":"product","link":"https:\/\/kechbureau.ma\/?product=kyocera-pro-fs-1040-20-ppm","title":{"rendered":"Kyocera Pro FS-1040 &#8211; 20 PPM"},"content":{"rendered":"<p>Compacte, efficace et tr\u00e8s \u00e9conomique, la FS-1040 est l\u2019imprimante id\u00e9ale pour votre bureau gr\u00e2ce au mode silencieux qui r\u00e9duit consid\u00e9rablement le bruit. Elle est \u00e9galement rapide, imprimant la premi\u00e8re page en seulement 8,5 secondes apr\u00e8s l\u2019envoi de la t\u00e2che. Robuste et fiable, gr\u00e2ce aux composants renforc\u00e9s de KYOCERA, c\u2019est une imprimante sur laquelle vous pouvez compter.<\/p>\n<ul>\n<li>Jusqu\u2019\u00e0 20 pages par minute en A4<\/li>\n<li>Magasin papier standard de 250 feuilles<\/li>\n<li>Qualit\u00e9 1 200 dpi (1 800 x 600)<\/li>\n<li>Design compact \u00e0 faible encombrement, il ne prend pas de place<\/li>\n<li>sur le bureau<\/li>\n<li>Faible niveau sonore avec la fonction en mode silencieux<\/li>\n<li>Tr\u00e8s fiable gr\u00e2ce aux composants \u00e0 longue dur\u00e9e de vie<\/li>\n<li>Co\u00fbt d\u2019impression exceptionnellement bas<\/li>\n<\/ul>\n","protected":false},"excerpt":{"rendered":"<p>Compacte, efficace et tr\u00e8s \u00e9conomique, la FS-1040 est l\u2019imprimante id\u00e9ale pour votre bureau gr\u00e2ce au mode silencieux qui r\u00e9duit consid\u00e9rablement le bruit. Elle est \u00e9galement rapide, imprimant la premi\u00e8re page<\/p>\n","protected":false},"featured_media":11932,"comment_status":"open","ping_status":"closed","template":"","meta":{"kk_blocks_editor_width":"","_kiokenblocks_attr":"","_kiokenblocks_dimensions":""},"product_brand":[],"product_cat":[500],"product_tag":[],"class_list":{"0":"post-11931","1":"product","2":"type-product","3":"status-publish","4":"has-post-thumbnail","6":"product_cat-printers-laser","8":"first","9":"instock","10":"sale","11":"taxable","12":"shipping-taxable","13":"purchasable","14":"product-type-simple"},"yoast_head":"<!-- This site is optimized with the Yoast SEO plugin v27.5 - https:\/\/yoast.com\/product\/yoast-seo-wordpress\/ -->\n<title>Kyocera Pro FS-1040 - 20 PPM - KECH BUREAU<\/title>\n<meta name=\"robots\" content=\"index, follow, max-snippet:-1, max-image-preview:large, max-video-preview:-1\" \/>\n<link rel=\"canonical\" href=\"https:\/\/kechbureau.ma\/?product=kyocera-pro-fs-1040-20-ppm\" \/>\n<meta property=\"og:locale\" content=\"fr_FR\" \/>\n<meta property=\"og:type\" content=\"article\" \/>\n<meta property=\"og:title\" content=\"Kyocera Pro FS-1040 - 20 PPM - KECH BUREAU\" \/>\n<meta property=\"og:description\" content=\"Compacte, efficace et tr\u00e8s \u00e9conomique, la FS-1040 est l\u2019imprimante id\u00e9ale pour votre bureau gr\u00e2ce au mode silencieux qui r\u00e9duit consid\u00e9rablement le bruit. Elle est \u00e9galement rapide, imprimant la premi\u00e8re page\" \/>\n<meta property=\"og:url\" content=\"https:\/\/kechbureau.ma\/?product=kyocera-pro-fs-1040-20-ppm\" \/>\n<meta property=\"og:site_name\" content=\"KECH BUREAU\" \/>\n<meta property=\"article:modified_time\" content=\"2022-05-31T12:34:56+00:00\" \/>\n<meta property=\"og:image\" content=\"https:\/\/kechbureau.ma\/wp-content\/uploads\/2021\/06\/1040-kyoccera.jpg\" \/>\n\t<meta property=\"og:image:width\" content=\"680\" \/>\n\t<meta property=\"og:image:height\" content=\"680\" \/>\n\t<meta property=\"og:image:type\" content=\"image\/jpeg\" \/>\n<meta name=\"twitter:card\" content=\"summary_large_image\" \/>\n<meta name=\"twitter:label1\" content=\"Dur\u00e9e de lecture estim\u00e9e\" \/>\n\t<meta name=\"twitter:data1\" content=\"1 minute\" \/>\n<script type=\"application\/ld+json\" class=\"yoast-schema-graph\">{\"@context\":\"https:\\\/\\\/schema.org\",\"@graph\":[{\"@type\":\"WebPage\",\"@id\":\"https:\\\/\\\/kechbureau.ma\\\/?product=kyocera-pro-fs-1040-20-ppm\",\"url\":\"https:\\\/\\\/kechbureau.ma\\\/?product=kyocera-pro-fs-1040-20-ppm\",\"name\":\"Kyocera Pro FS-1040 - 20 PPM - KECH BUREAU\",\"isPartOf\":{\"@id\":\"https:\\\/\\\/kechbureau.ma\\\/#website\"},\"primaryImageOfPage\":{\"@id\":\"https:\\\/\\\/kechbureau.ma\\\/?product=kyocera-pro-fs-1040-20-ppm#primaryimage\"},\"image\":{\"@id\":\"https:\\\/\\\/kechbureau.ma\\\/?product=kyocera-pro-fs-1040-20-ppm#primaryimage\"},\"thumbnailUrl\":\"https:\\\/\\\/kechbureau.ma\\\/wp-content\\\/uploads\\\/2021\\\/06\\\/1040-kyoccera.jpg\",\"datePublished\":\"2021-06-03T00:33:59+00:00\",\"dateModified\":\"2022-05-31T12:34:56+00:00\",\"breadcrumb\":{\"@id\":\"https:\\\/\\\/kechbureau.ma\\\/?product=kyocera-pro-fs-1040-20-ppm#breadcrumb\"},\"inLanguage\":\"fr-FR\",\"potentialAction\":[{\"@type\":\"ReadAction\",\"target\":[\"https:\\\/\\\/kechbureau.ma\\\/?product=kyocera-pro-fs-1040-20-ppm\"]}]},{\"@type\":\"ImageObject\",\"inLanguage\":\"fr-FR\",\"@id\":\"https:\\\/\\\/kechbureau.ma\\\/?product=kyocera-pro-fs-1040-20-ppm#primaryimage\",\"url\":\"https:\\\/\\\/kechbureau.ma\\\/wp-content\\\/uploads\\\/2021\\\/06\\\/1040-kyoccera.jpg\",\"contentUrl\":\"https:\\\/\\\/kechbureau.ma\\\/wp-content\\\/uploads\\\/2021\\\/06\\\/1040-kyoccera.jpg\",\"width\":680,\"height\":680},{\"@type\":\"BreadcrumbList\",\"@id\":\"https:\\\/\\\/kechbureau.ma\\\/?product=kyocera-pro-fs-1040-20-ppm#breadcrumb\",\"itemListElement\":[{\"@type\":\"ListItem\",\"position\":1,\"name\":\"Accueil\",\"item\":\"https:\\\/\\\/kechbureau.ma\\\/\"},{\"@type\":\"ListItem\",\"position\":2,\"name\":\"Shop\",\"item\":\"https:\\\/\\\/kechbureau.ma\\\/?page_id=3853\"},{\"@type\":\"ListItem\",\"position\":3,\"name\":\"Kyocera Pro FS-1040 &#8211; 20 PPM\"}]},{\"@type\":\"WebSite\",\"@id\":\"https:\\\/\\\/kechbureau.ma\\\/#website\",\"url\":\"https:\\\/\\\/kechbureau.ma\\\/\",\"name\":\"KECH BUREAU\",\"description\":\"MARRAKECH BUREAU\",\"potentialAction\":[{\"@type\":\"SearchAction\",\"target\":{\"@type\":\"EntryPoint\",\"urlTemplate\":\"https:\\\/\\\/kechbureau.ma\\\/?s={search_term_string}\"},\"query-input\":{\"@type\":\"PropertyValueSpecification\",\"valueRequired\":true,\"valueName\":\"search_term_string\"}}],\"inLanguage\":\"fr-FR\"}]}<\/script>\n<!-- \/ Yoast SEO plugin. -->","yoast_head_json":{"title":"Kyocera Pro FS-1040 - 20 PPM - KECH BUREAU","robots":{"index":"index","follow":"follow","max-snippet":"max-snippet:-1","max-image-preview":"max-image-preview:large","max-video-preview":"max-video-preview:-1"},"canonical":"https:\/\/kechbureau.ma\/?product=kyocera-pro-fs-1040-20-ppm","og_locale":"fr_FR","og_type":"article","og_title":"Kyocera Pro FS-1040 - 20 PPM - KECH BUREAU","og_description":"Compacte, efficace et tr\u00e8s \u00e9conomique, la FS-1040 est l\u2019imprimante id\u00e9ale pour votre bureau gr\u00e2ce au mode silencieux qui r\u00e9duit consid\u00e9rablement le bruit. Elle est \u00e9galement rapide, imprimant la premi\u00e8re page","og_url":"https:\/\/kechbureau.ma\/?product=kyocera-pro-fs-1040-20-ppm","og_site_name":"KECH BUREAU","article_modified_time":"2022-05-31T12:34:56+00:00","og_image":[{"width":680,"height":680,"url":"https:\/\/kechbureau.ma\/wp-content\/uploads\/2021\/06\/1040-kyoccera.jpg","type":"image\/jpeg"}],"twitter_card":"summary_large_image","twitter_misc":{"Dur\u00e9e de lecture estim\u00e9e":"1 minute"},"schema":{"@context":"https:\/\/schema.org","@graph":[{"@type":"WebPage","@id":"https:\/\/kechbureau.ma\/?product=kyocera-pro-fs-1040-20-ppm","url":"https:\/\/kechbureau.ma\/?product=kyocera-pro-fs-1040-20-ppm","name":"Kyocera Pro FS-1040 - 20 PPM - KECH BUREAU","isPartOf":{"@id":"https:\/\/kechbureau.ma\/#website"},"primaryImageOfPage":{"@id":"https:\/\/kechbureau.ma\/?product=kyocera-pro-fs-1040-20-ppm#primaryimage"},"image":{"@id":"https:\/\/kechbureau.ma\/?product=kyocera-pro-fs-1040-20-ppm#primaryimage"},"thumbnailUrl":"https:\/\/kechbureau.ma\/wp-content\/uploads\/2021\/06\/1040-kyoccera.jpg","datePublished":"2021-06-03T00:33:59+00:00","dateModified":"2022-05-31T12:34:56+00:00","breadcrumb":{"@id":"https:\/\/kechbureau.ma\/?product=kyocera-pro-fs-1040-20-ppm#breadcrumb"},"inLanguage":"fr-FR","potentialAction":[{"@type":"ReadAction","target":["https:\/\/kechbureau.ma\/?product=kyocera-pro-fs-1040-20-ppm"]}]},{"@type":"ImageObject","inLanguage":"fr-FR","@id":"https:\/\/kechbureau.ma\/?product=kyocera-pro-fs-1040-20-ppm#primaryimage","url":"https:\/\/kechbureau.ma\/wp-content\/uploads\/2021\/06\/1040-kyoccera.jpg","contentUrl":"https:\/\/kechbureau.ma\/wp-content\/uploads\/2021\/06\/1040-kyoccera.jpg","width":680,"height":680},{"@type":"BreadcrumbList","@id":"https:\/\/kechbureau.ma\/?product=kyocera-pro-fs-1040-20-ppm#breadcrumb","itemListElement":[{"@type":"ListItem","position":1,"name":"Accueil","item":"https:\/\/kechbureau.ma\/"},{"@type":"ListItem","position":2,"name":"Shop","item":"https:\/\/kechbureau.ma\/?page_id=3853"},{"@type":"ListItem","position":3,"name":"Kyocera Pro FS-1040 &#8211; 20 PPM"}]},{"@type":"WebSite","@id":"https:\/\/kechbureau.ma\/#website","url":"https:\/\/kechbureau.ma\/","name":"KECH BUREAU","description":"MARRAKECH BUREAU","potentialAction":[{"@type":"SearchAction","target":{"@type":"EntryPoint","urlTemplate":"https:\/\/kechbureau.ma\/?s={search_term_string}"},"query-input":{"@type":"PropertyValueSpecification","valueRequired":true,"valueName":"search_term_string"}}],"inLanguage":"fr-FR"}]}},"_links":{"self":[{"href":"https:\/\/kechbureau.ma\/index.php?rest_route=\/wp\/v2\/product\/11931","targetHints":{"allow":["GET"]}}],"collection":[{"href":"https:\/\/kechbureau.ma\/index.php?rest_route=\/wp\/v2\/product"}],"about":[{"href":"https:\/\/kechbureau.ma\/index.php?rest_route=\/wp\/v2\/types\/product"}],"replies":[{"embeddable":true,"href":"https:\/\/kechbureau.ma\/index.php?rest_route=%2Fwp%2Fv2%2Fcomments&post=11931"}],"wp:featuredmedia":[{"embeddable":true,"href":"https:\/\/kechbureau.ma\/index.php?rest_route=\/wp\/v2\/media\/11932"}],"wp:attachment":[{"href":"https:\/\/kechbureau.ma\/index.php?rest_route=%2Fwp%2Fv2%2Fmedia&parent=11931"}],"wp:term":[{"taxonomy":"product_brand","embeddable":true,"href":"https:\/\/kechbureau.ma\/index.php?rest_route=%2Fwp%2Fv2%2Fproduct_brand&post=11931"},{"taxonomy":"product_cat","embeddable":true,"href":"https:\/\/kechbureau.ma\/index.php?rest_route=%2Fwp%2Fv2%2Fproduct_cat&post=11931"},{"taxonomy":"product_tag","embeddable":true,"href":"https:\/\/kechbureau.ma\/index.php?rest_route=%2Fwp%2Fv2%2Fproduct_tag&post=11931"}],"curies":[{"name":"wp","href":"https:\/\/api.w.org\/{rel}","templated":true}]}}